{"id":5107,"date":"2026-01-19T15:36:21","date_gmt":"2026-01-19T15:36:21","guid":{"rendered":"https:\/\/isimarkets.com\/?p=5107"},"modified":"2026-03-25T18:14:54","modified_gmt":"2026-03-25T18:14:54","slug":"compania-es","status":"publish","type":"page","link":"https:\/\/isimarkets.com\/es\/compania-es\/","title":{"rendered":"Empresa"},"content":{"rendered":"","protected":false},"excerpt":{"rendered":"","protected":false},"author":1,"featured_media":0,"parent":0,"menu_order":3,"comment_status":"closed","ping_status":"closed","template":"template-blank-4.php","meta":{"content-type":"","cpa_authors":[],"cpa_override_default":false,"footnotes":""},"class_list":["post-5107","page","type-page","status-publish","hentry","no-post-thumbnail"],"yoast_head":"<!-- This site is optimized with the Yoast SEO plugin v27.4 - https:\/\/yoast.com\/product\/yoast-seo-wordpress\/ -->\n<title>Acerca de ISI Markets | +30 a\u00f1os de Inteligencia de Mercados Global<\/title>\n<meta name=\"description\" content=\"Conoce ISI Markets, un proveedor global de inteligencia de mercados y datos financieros. Descubre nuestra misi\u00f3n, nuestras soluciones y m\u00e1s de 30 a\u00f1os de experiencia en mercados estrat\u00e9gicos.\" \/>\n<meta name=\"robots\" content=\"index, follow, max-snippet:-1, max-image-preview:large, max-video-preview:-1\" \/>\n<link rel=\"canonical\" href=\"https:\/\/isimarkets.com\/es\/compania-es\/\" \/>\n<meta property=\"og:locale\" content=\"es_ES\" \/>\n<meta property=\"og:type\" content=\"article\" \/>\n<meta property=\"og:title\" content=\"Acerca de ISI Markets | +30 a\u00f1os de Inteligencia de Mercados Global\" \/>\n<meta property=\"og:description\" content=\"Conoce ISI Markets, un proveedor global de inteligencia de mercados y datos financieros. Descubre nuestra misi\u00f3n, nuestras soluciones y m\u00e1s de 30 a\u00f1os de experiencia en mercados estrat\u00e9gicos.\" \/>\n<meta property=\"og:url\" content=\"https:\/\/isimarkets.com\/es\/compania-es\/\" \/>\n<meta property=\"og:site_name\" content=\"ISI\" \/>\n<meta property=\"article:modified_time\" content=\"2026-03-25T18:14:54+00:00\" \/>\n<meta name=\"twitter:card\" content=\"summary_large_image\" \/>\n<script type=\"application\/ld+json\" class=\"yoast-schema-graph\">{\"@context\":\"https:\\\/\\\/schema.org\",\"@graph\":[{\"@type\":\"WebPage\",\"@id\":\"https:\\\/\\\/isimarkets.com\\\/es\\\/compania-es\\\/\",\"url\":\"https:\\\/\\\/isimarkets.com\\\/es\\\/compania-es\\\/\",\"name\":\"Acerca de ISI Markets | +30 a\u00f1os de Inteligencia de Mercados Global\",\"isPartOf\":{\"@id\":\"https:\\\/\\\/isimarkets.com\\\/es\\\/#website\"},\"datePublished\":\"2026-01-19T15:36:21+00:00\",\"dateModified\":\"2026-03-25T18:14:54+00:00\",\"description\":\"Conoce ISI Markets, un proveedor global de inteligencia de mercados y datos financieros. Descubre nuestra misi\u00f3n, nuestras soluciones y m\u00e1s de 30 a\u00f1os de experiencia en mercados estrat\u00e9gicos.\",\"breadcrumb\":{\"@id\":\"https:\\\/\\\/isimarkets.com\\\/es\\\/compania-es\\\/#breadcrumb\"},\"inLanguage\":\"es\",\"potentialAction\":[{\"@type\":\"ReadAction\",\"target\":[\"https:\\\/\\\/isimarkets.com\\\/es\\\/compania-es\\\/\"]}]},{\"@type\":\"BreadcrumbList\",\"@id\":\"https:\\\/\\\/isimarkets.com\\\/es\\\/compania-es\\\/#breadcrumb\",\"itemListElement\":[{\"@type\":\"ListItem\",\"position\":1,\"name\":\"Home\",\"item\":\"https:\\\/\\\/isimarkets.com\\\/es\\\/hogar-es\\\/\"},{\"@type\":\"ListItem\",\"position\":2,\"name\":\"Empresa\"}]},{\"@type\":\"WebSite\",\"@id\":\"https:\\\/\\\/isimarkets.com\\\/es\\\/#website\",\"url\":\"https:\\\/\\\/isimarkets.com\\\/es\\\/\",\"name\":\"ISI\",\"description\":\"Global Market Intelligence Platform\",\"potentialAction\":[{\"@type\":\"SearchAction\",\"target\":{\"@type\":\"EntryPoint\",\"urlTemplate\":\"https:\\\/\\\/isimarkets.com\\\/es\\\/?s={search_term_string}\"},\"query-input\":{\"@type\":\"PropertyValueSpecification\",\"valueRequired\":true,\"valueName\":\"search_term_string\"}}],\"inLanguage\":\"es\"}]}<\/script>\n<!-- \/ Yoast SEO plugin. -->","yoast_head_json":{"title":"Acerca de ISI Markets | +30 a\u00f1os de Inteligencia de Mercados Global","description":"Conoce ISI Markets, un proveedor global de inteligencia de mercados y datos financieros. Descubre nuestra misi\u00f3n, nuestras soluciones y m\u00e1s de 30 a\u00f1os de experiencia en mercados estrat\u00e9gicos.","robots":{"index":"index","follow":"follow","max-snippet":"max-snippet:-1","max-image-preview":"max-image-preview:large","max-video-preview":"max-video-preview:-1"},"canonical":"https:\/\/isimarkets.com\/es\/compania-es\/","og_locale":"es_ES","og_type":"article","og_title":"Acerca de ISI Markets | +30 a\u00f1os de Inteligencia de Mercados Global","og_description":"Conoce ISI Markets, un proveedor global de inteligencia de mercados y datos financieros. Descubre nuestra misi\u00f3n, nuestras soluciones y m\u00e1s de 30 a\u00f1os de experiencia en mercados estrat\u00e9gicos.","og_url":"https:\/\/isimarkets.com\/es\/compania-es\/","og_site_name":"ISI","article_modified_time":"2026-03-25T18:14:54+00:00","twitter_card":"summary_large_image","schema":{"@context":"https:\/\/schema.org","@graph":[{"@type":"WebPage","@id":"https:\/\/isimarkets.com\/es\/compania-es\/","url":"https:\/\/isimarkets.com\/es\/compania-es\/","name":"Acerca de ISI Markets | +30 a\u00f1os de Inteligencia de Mercados Global","isPartOf":{"@id":"https:\/\/isimarkets.com\/es\/#website"},"datePublished":"2026-01-19T15:36:21+00:00","dateModified":"2026-03-25T18:14:54+00:00","description":"Conoce ISI Markets, un proveedor global de inteligencia de mercados y datos financieros. Descubre nuestra misi\u00f3n, nuestras soluciones y m\u00e1s de 30 a\u00f1os de experiencia en mercados estrat\u00e9gicos.","breadcrumb":{"@id":"https:\/\/isimarkets.com\/es\/compania-es\/#breadcrumb"},"inLanguage":"es","potentialAction":[{"@type":"ReadAction","target":["https:\/\/isimarkets.com\/es\/compania-es\/"]}]},{"@type":"BreadcrumbList","@id":"https:\/\/isimarkets.com\/es\/compania-es\/#breadcrumb","itemListElement":[{"@type":"ListItem","position":1,"name":"Home","item":"https:\/\/isimarkets.com\/es\/hogar-es\/"},{"@type":"ListItem","position":2,"name":"Empresa"}]},{"@type":"WebSite","@id":"https:\/\/isimarkets.com\/es\/#website","url":"https:\/\/isimarkets.com\/es\/","name":"ISI","description":"Global Market Intelligence Platform","potentialAction":[{"@type":"SearchAction","target":{"@type":"EntryPoint","urlTemplate":"https:\/\/isimarkets.com\/es\/?s={search_term_string}"},"query-input":{"@type":"PropertyValueSpecification","valueRequired":true,"valueName":"search_term_string"}}],"inLanguage":"es"}]}},"_links":{"self":[{"href":"https:\/\/isimarkets.com\/es\/wp-json\/wp\/v2\/pages\/5107","targetHints":{"allow":["GET"]}}],"collection":[{"href":"https:\/\/isimarkets.com\/es\/wp-json\/wp\/v2\/pages"}],"about":[{"href":"https:\/\/isimarkets.com\/es\/wp-json\/wp\/v2\/types\/page"}],"author":[{"embeddable":true,"href":"https:\/\/isimarkets.com\/es\/wp-json\/wp\/v2\/users\/1"}],"replies":[{"embeddable":true,"href":"https:\/\/isimarkets.com\/es\/wp-json\/wp\/v2\/comments?post=5107"}],"version-history":[{"count":1,"href":"https:\/\/isimarkets.com\/es\/wp-json\/wp\/v2\/pages\/5107\/revisions"}],"predecessor-version":[{"id":5620,"href":"https:\/\/isimarkets.com\/es\/wp-json\/wp\/v2\/pages\/5107\/revisions\/5620"}],"wp:attachment":[{"href":"https:\/\/isimarkets.com\/es\/wp-json\/wp\/v2\/media?parent=5107"}],"curies":[{"name":"wp","href":"https:\/\/api.w.org\/{rel}","templated":true}]}}