{"id":5125,"date":"2026-01-19T15:39:16","date_gmt":"2026-01-19T15:39:16","guid":{"rendered":"https:\/\/isimarkets.com\/?p=5125"},"modified":"2026-04-08T15:53:15","modified_gmt":"2026-04-08T14:53:15","slug":"esg-y-rsc-es","status":"publish","type":"page","link":"https:\/\/isimarkets.com\/es\/compania-es\/esg-y-rsc-es\/","title":{"rendered":"ESG y RSC"},"content":{"rendered":"<div id=\"cs-content\" class=\"cs-content\"><div class=\"cs-content x-global-block x-global-block-4951 e5125-e1\"><div class=\"x-section e4951-e2 m3tj-0 breadcrumbs\" id=\"breadcrumbs\"><div class=\"x-row x-container max width e4951-e3 m3tj-1 m3tj-2\"><div class=\"x-row-inner\"><div class=\"x-col e4951-e4 m3tj-3\"><nav class=\"x-crumbs e4951-e5 m3tj-4\" role=\"navigation\"><ol class=\"x-crumbs-list\" itemscope=\"\" itemtype=\"http:\/\/schema.org\/BreadcrumbList\" aria-label=\"Breadcrumb Navigation\"><li class=\"x-crumbs-list-item\" itemprop=\"itemListElement\" itemscope itemtype=\"http:\/\/schema.org\/ListItem\"><a class=\"x-crumbs-current x-crumbs-link\" itemtype=\"http:\/\/schema.org\/Thing\" itemprop=\"item\" href=\"https:\/\/isimarkets.com\/es\/\" title=\"You Are Here\"><span itemprop=\"name\">Home<\/span><\/a><meta itemprop=\"position\" content=\"1\"><\/li><\/ol><\/nav><\/div><\/div><\/div><\/div><\/div><div class=\"x-section e5125-e2 m3yd-0 hero title\" id=\"title\"><div class=\"x-row x-container max width e5125-e3 m3yd-1 m3yd-2 m3yd-3 m3yd-8 m3yd-9\"><div class=\"x-row-inner\"><div class=\"x-col e5125-e4 m3yd-j\"><span class=\"x-image e5125-e5 m3yd-k m3yd-l\"><img decoding=\"async\" src=\"https:\/\/isimarkets.com\/wp-content\/uploads\/ESG-Banner-scaled.webp\" width=\"1280\" height=\"519\" alt=\"Arrozales en terrazas se extienden por colinas verdes y frondosas bajo un cielo brumoso. Peque\u00f1as caba\u00f1as salpican el paisaje, transmitiendo una escena rural serena y pintoresca.\" loading=\"lazy\"><\/span><\/div><\/div><\/div><div class=\"x-row x-container max width e5125-e6 m3yd-1 m3yd-2 m3yd-3 m3yd-8 m3yd-a\"><div class=\"x-row-inner\"><div class=\"x-col e5125-e7 m3yd-j\"><div class=\"x-text x-content e5125-e8 m3yd-m m3yd-n\"><h1>ESG y RSC<\/h1>\n<h2><mark>Informaci\u00f3n responsable,Inteligencia responsable, principios claros<\/mark><\/h2><\/div><\/div><\/div><\/div><div class=\"x-row x-container max width e5125-e9 m3yd-1 m3yd-2 m3yd-3 m3yd-8 m3yd-b\"><div class=\"x-row-inner\"><div class=\"x-col e5125-e10 m3yd-j\"><div class=\"x-text x-content e5125-e11 m3yd-m m3yd-n\">Operamos con integridad y disciplina, ofreci\u00e9ndote informaci\u00f3n basada en ESG en los mercados emergentes mediante datos y an\u00e1lisis confiables.<\/div><\/div><\/div><\/div><\/div><section class=\"x-section e5125-e12 m3yd-0 text-image\" id=\"commitment\"><div class=\"x-row x-container max width e5125-e13 m3yd-1 m3yd-4 m3yd-5 m3yd-c m3yd-d\" id=\"timelines\"><div class=\"x-row-inner\"><div class=\"x-col e5125-e14 m3yd-j\"><div class=\"x-text x-content e5125-e15 m3yd-m m3yd-n\"><h2>Nuestro compromiso con ESG y RSC<\/h2>\n<p>En ISI estamos comprometidos con operar de manera responsable, actuar con integridad y construir un negocio que contribuya a resultados sostenibles. Nuestro enfoque en las prioridades ambientales, sociales y de gobernanza (ESG), as\u00ed como nuestro compromiso con la responsabilidad social corporativa (CSR), se reflejan tanto en nuestros est\u00e1ndares internos como en las expectativas que nuestros clientes depositan en nuestros datos. Este compromiso se materializa en los insights que entregamos a trav\u00e9s de nuestras plataformas:  <\/p>\n\n<ul>\n \t<li>CEIC proporciona informaci\u00f3n ESG verificada a nivel macro, siguiendo el progreso de los pa\u00edses en indicadores clave<\/li>\n \t<li>EMIS ofrece visibilidad a nivel de empresa sobre conducta \u00e9tica, riesgo y eventos relevantes en los mercados.<\/li>\n \t<li>REDD ofrece an\u00e1lisis especializado sobre finanzas sostenibles, bonos vinculados a ESG y desarrollos regulatorios que influyen en la inversi\u00f3n responsable<\/li>\n<\/ul><\/div><\/div><div class=\"x-col e5125-e16 m3yd-j\"><span class=\"x-image e5125-e17 m3yd-k\"><img decoding=\"async\" src=\"https:\/\/isimarkets.com\/wp-content\/uploads\/Our-Commitment-to-ESG-and-CSR.webp\" width=\"1300\" height=\"1300\" alt=\"Un camino de hormig\u00f3n serpentea por un humedal frondoso con nen\u00fafares y hierbas altas. Al fondo, se alzan modernos rascacielos bajo un cielo azul, combinando elementos urbanos y naturales.\" loading=\"lazy\"><\/span><\/div><\/div><\/div><div class=\"x-row x-container max width e5125-e18 m3yd-1 m3yd-4 m3yd-6 m3yd-c m3yd-e\" id=\"unique-coverage\"><div class=\"x-row-inner\"><div class=\"x-col e5125-e19 m3yd-j\"><span class=\"x-image e5125-e20 m3yd-k\"><img decoding=\"async\" src=\"https:\/\/isimarkets.com\/wp-content\/uploads\/Sustainability.webp\" width=\"1300\" height=\"1300\" alt=\"Un hombre con mo\u00f1o y jersey amarillo conversa con dos compa\u00f1eros en una mesa, sosteniendo papeles y un cuaderno, lo que sugiere trabajo en equipo en un entorno de oficina.\" loading=\"lazy\"><\/span><\/div><div class=\"x-col e5125-e21 m3yd-j\"><div class=\"x-text x-content e5125-e22 m3yd-m m3yd-n\"><h2>Sostenibilidad<\/h2>\n<p>Nuestro enfoque de sostenibilidad se alinea con los Objetivos de Desarrollo Sostenible de las Naciones Unidas, en concreto, el Objetivo 12: Producci\u00f3n y consumo responsables, y el Objetivo 13: Acci\u00f3n por el clima. Desde el almacenamiento de datos y la infraestructura, hasta los viajes y las relaciones con proveedores, asumimos la responsabilidad de c\u00f3mo se utilizan los recursos en toda nuestra empresa. <\/p>\n<p>Actualmente nos encontramos en el proceso de establecer una l\u00ednea base de nuestra huella de carbono, con el objetivo de contar con una visi\u00f3n clara y medible de nuestras emisiones.<br>Este trabajo respalda nuestra intenci\u00f3n de presentar un Science Based Target para la reducci\u00f3n de emisiones. Al definir esta l\u00ednea base, fortalecemos la rendici\u00f3n de cuentas y construimos un marco pr\u00e1ctico y medible para avanzar en la acci\u00f3n clim\u00e1tica a lo largo del tiempo.  <\/p>\n<p>A trav\u00e9s de CEIC, realizamos el seguimiento de la exposici\u00f3n clim\u00e1tica y de la inversi\u00f3n en tecnolog\u00edas verdes en distintos pa\u00edses. Esto permite comparaciones estructuradas y evaluaciones s\u00f3lidas de los riesgos y oportunidades ambientales a largo plazo. <\/p><\/div><\/div><\/div><\/div><\/section><section class=\"x-section e5125-e23 m3yd-0 text-image\" id=\"social\"><div class=\"x-row x-container max width e5125-e24 m3yd-1 m3yd-4 m3yd-5 m3yd-c m3yd-f\"><div class=\"x-row-inner\"><div class=\"x-col e5125-e25 m3yd-j\"><div class=\"x-text x-content e5125-e26 m3yd-m m3yd-n\"><h2>Social<\/h2>\n<p>Las personas son fundamentales en nuestra forma de operar y en la informaci\u00f3n que ofrecemos. Por ello, nuestras pr\u00e1cticas sociales se alinean con el Objetivo 3: Salud y bienestar, el Objetivo 5: Igualdad de g\u00e9nero, el Objetivo 8: Trabajo decente y crecimiento econ\u00f3mico, y el Objetivo 10: Reducci\u00f3n de las desigualdades. <\/p>\n<p>Promovemos la salud y el bienestar mediante pr\u00e1cticas laborales de apoyo, pol\u00edticas claras y acceso a recursos. Invertimos en aprendizaje y desarrollo para impulsar la progresi\u00f3n profesional y crear empleo sostenible. <\/p>\n<p>Nos enorgullece que el 50% de nuestros compa\u00f1eros sean mujeres. La igualdad de g\u00e9nero y la reducci\u00f3n de las desigualdades se abordan mediante programas inclusivos de selecci\u00f3n y formaci\u00f3n. Con equipos ubicados en m\u00faltiples regiones, valoramos la diversidad de or\u00edgen, experiencias y perspectivas. Al apoyar el trabajo decente, fortalecemos ISI y contribuimos positivamente a las econom\u00edas y comunidades en las que operamos.   <\/p><\/div><\/div><div class=\"x-col e5125-e27 m3yd-j\"><span class=\"x-image e5125-e28 m3yd-k\"><img decoding=\"async\" src=\"https:\/\/isimarkets.com\/wp-content\/uploads\/Social.webp\" width=\"1300\" height=\"1300\" alt=\"Tres personas est\u00e1n sentadas alrededor de una mesa en una oficina bien iluminada. Una mujer con gafas y una camiseta sin mangas mira con atenci\u00f3n. Otras dos personas se ven parcialmente.\" loading=\"lazy\"><\/span><\/div><\/div><\/div><div class=\"x-row x-container max width e5125-e29 m3yd-1 m3yd-4 m3yd-6 m3yd-c m3yd-g\"><div class=\"x-row-inner\"><div class=\"x-col e5125-e30 m3yd-j\"><span class=\"x-image e5125-e31 m3yd-k\"><img decoding=\"async\" src=\"https:\/\/isimarkets.com\/wp-content\/uploads\/Governance.webp\" width=\"1300\" height=\"1300\" alt=\"Edificio hist\u00f3rico ornamentado con columnas cl\u00e1sicas y piedra decorativa, ba\u00f1ado por una luz c\u00e1lida bajo un cielo azul vibrante, que transmite elegancia y grandeza.\" loading=\"lazy\"><\/span><\/div><div class=\"x-col e5125-e32 m3yd-j\"><div class=\"x-text x-content e5125-e33 m3yd-m m3yd-n\"><h2>Gobernanza<\/h2>\n<p>Una gobernanza s\u00f3lida es esencial para ganarnos tu confianza. En consecuencia, nuestro enfoque se alinea con el Objetivo 16: Paz, justicia e instituciones s\u00f3lidas y el Objetivo 17: Alianzas para lograr los objetivos. <\/p>\n<p>Operamos conforme a las leyes locales y los requisitos regulatorios, aplicando estos est\u00e1ndares en los mercados en los que trabajamos. Impartimos programas de formaci\u00f3n para todo el personal con el fin de reforzar la conducta \u00e9tica, la concienciaci\u00f3n regulatoria y la toma de decisiones responsable. Estos est\u00e1ndares tambi\u00e9n se extienden a c\u00f3mo trabajamos con socios y proveedores, fomentando una colaboraci\u00f3n responsable en toda nuestra cadena de valor.  <\/p>\n<p>Al integrar la gobernanza y las alianzas responsables en nuestra operaci\u00f3n, apoyamos instituciones estables y una participaci\u00f3n cre\u00edble en los mercados.<\/p><\/div><\/div><\/div><\/div><\/section><section class=\"x-section e5125-e34 m3yd-0 text-image\" id=\"ethics\"><div class=\"x-row x-container max width e5125-e35 m3yd-1 m3yd-4 m3yd-5 m3yd-c m3yd-h\"><div class=\"x-row-inner\"><div class=\"x-col e5125-e36 m3yd-j\"><div class=\"x-text x-content e5125-e37 m3yd-m m3yd-n\"><h2>\u00c9tica<\/h2>\n<p>Actuamos con integridad en todas nuestras relaciones comerciales y mantenemos sistemas que respaldan la toma de decisiones responsable.<\/p>\n<p>Nos comprometemos a prevenir la esclavitud moderna y la trata de personas en todas nuestras operaciones y cadenas de suministro. Este compromiso refleja nuestra responsabilidad de defender los derechos humanos y operar con altos est\u00e1ndares \u00e9ticos, independientemente de la geograf\u00eda. <\/p>\n<p>Nuestro enfoque se recoge en nuestra Declaraci\u00f3n sobre esclavitud moderna y trata de personas, que explica las medidas que adoptamos para identificar riesgos y promover pr\u00e1cticas \u00e9ticas en toda nuestra empresa.<\/p>\n<p><a href=\"\/wp-content\/uploads\/2026\/04\/ISI-Modern-Slavery-Statement-April-2026-Final.pdf\" target=\"_blank\" rel=\"noopener\">Lee nuestra Declaraci\u00f3n sobre esclavitud moderna y trata de personas<\/a><\/p><\/div><\/div><div class=\"x-col e5125-e38 m3yd-j\"><span class=\"x-image e5125-e39 m3yd-k\"><img decoding=\"async\" src=\"https:\/\/isimarkets.com\/wp-content\/uploads\/Ethics.webp\" width=\"1300\" height=\"1300\" alt=\"Un grupo diverso de cuatro profesionales participa en una conversaci\u00f3n, con documentos en la mano. Parecen concentrados y colaborativos en un entorno de oficina luminoso.\" loading=\"lazy\"><\/span><\/div><\/div><\/div><\/section><div class=\"cs-content x-global-block x-global-block-4999 e5125-e46\"><section class=\"x-section e4999-e2 m3uv-0 cta accent\" id=\"cta\"><div class=\"x-row x-container max width e4999-e3 m3uv-1 m3uv-2\"><div class=\"x-row-inner\"><div class=\"x-col e4999-e4 m3uv-3\"><div class=\"x-text x-content e4999-e5 m3uv-4\"><h2>Request Demo<\/h2>\n<p class=\"highlight\"><mark>Turn complexity into clarity<\/mark><\/p>\n<p class=\"cta\"><a class=\"button request-demo\" href=\"\/demo\/\">Request Demo<\/a><\/p><\/div><\/div><div class=\"x-col e4999-e6 m3uv-3\"><div class=\"x-text x-content e4999-e7 m3uv-4\"><div class=\"x-image\"><img loading=\"lazy\" decoding=\"async\" src=\"https:\/\/isimarkets.com\/wp-content\/uploads\/Demo-04.webp\" alt=\"\" width=\"2000\" height=\"2000\" class=\"alignnone size-full wp-image-4822\" srcset=\"https:\/\/isimarkets.com\/wp-content\/uploads\/Demo-04.webp 2000w, https:\/\/isimarkets.com\/wp-content\/uploads\/Demo-04-300x300.webp 300w, https:\/\/isimarkets.com\/wp-content\/uploads\/Demo-04-1024x1024.webp 1024w, https:\/\/isimarkets.com\/wp-content\/uploads\/Demo-04-150x150.webp 150w, https:\/\/isimarkets.com\/wp-content\/uploads\/Demo-04-768x768.webp 768w, https:\/\/isimarkets.com\/wp-content\/uploads\/Demo-04-1536x1536.webp 1536w\" sizes=\"auto, (max-width: 2000px) 100vw, 2000px\" \/><\/div><\/div><\/div><\/div><\/div><\/section><\/div><\/div>","protected":false},"excerpt":{"rendered":"<p>HomeESG y RSC Informaci\u00f3n responsable,Inteligencia responsable, principios clarosOperamos con integridad y disciplina, ofreci\u00e9ndote informaci\u00f3n basada en ESG en los mercados emergentes mediante datos y an\u00e1lisis confiables.Nuestro compromiso con ESG y RSC En ISI estamos comprometidos con operar de manera responsable, actuar con integridad y construir un negocio que contribuya a resultados sostenibles. Nuestro enfoque en las prioridades ambientales, sociales y&hellip;<\/p>\n","protected":false},"author":1,"featured_media":0,"parent":5107,"menu_order":3,"comment_status":"closed","ping_status":"closed","template":"template-blank-4.php","meta":{"content-type":"","cpa_authors":[],"cpa_override_default":false,"footnotes":""},"class_list":["post-5125","page","type-page","status-publish","hentry","no-post-thumbnail"],"yoast_head":"<!-- This site is optimized with the Yoast SEO plugin v27.4 - https:\/\/yoast.com\/product\/yoast-seo-wordpress\/ -->\n<title>ESG y RSC en mercados emergentes | ISI Markets<\/title>\n<meta name=\"description\" content=\"Descubre las iniciativas de ESG y RSC de ISI Markets centradas en la sostenibilidad, las pr\u00e1cticas responsables de datos y el impacto en los mercados emergentes.\" \/>\n<meta name=\"robots\" content=\"index, follow, max-snippet:-1, max-image-preview:large, max-video-preview:-1\" \/>\n<link rel=\"canonical\" href=\"https:\/\/isimarkets.com\/es\/compania-es\/esg-y-rsc-es\/\" \/>\n<meta property=\"og:locale\" content=\"es_ES\" \/>\n<meta property=\"og:type\" content=\"article\" \/>\n<meta property=\"og:title\" content=\"ESG y RSC en mercados emergentes | ISI Markets\" \/>\n<meta property=\"og:description\" content=\"Descubre las iniciativas de ESG y RSC de ISI Markets centradas en la sostenibilidad, las pr\u00e1cticas responsables de datos y el impacto en los mercados emergentes.\" \/>\n<meta property=\"og:url\" content=\"https:\/\/isimarkets.com\/es\/compania-es\/esg-y-rsc-es\/\" \/>\n<meta property=\"og:site_name\" content=\"ISI\" \/>\n<meta property=\"article:modified_time\" content=\"2026-04-08T14:53:15+00:00\" \/>\n<meta property=\"og:image\" content=\"https:\/\/isimarkets.com\/wp-content\/uploads\/ESG-Banner-scaled.webp\" \/>\n<meta name=\"twitter:card\" content=\"summary_large_image\" \/>\n<meta name=\"twitter:label1\" content=\"Tiempo de lectura\" \/>\n\t<meta name=\"twitter:data1\" content=\"3 minutos\" \/>\n<script type=\"application\/ld+json\" class=\"yoast-schema-graph\">{\"@context\":\"https:\\\/\\\/schema.org\",\"@graph\":[{\"@type\":\"WebPage\",\"@id\":\"https:\\\/\\\/isimarkets.com\\\/es\\\/compania-es\\\/esg-y-rsc-es\\\/\",\"url\":\"https:\\\/\\\/isimarkets.com\\\/es\\\/compania-es\\\/esg-y-rsc-es\\\/\",\"name\":\"ESG y RSC en mercados emergentes | ISI Markets\",\"isPartOf\":{\"@id\":\"https:\\\/\\\/isimarkets.com\\\/es\\\/#website\"},\"primaryImageOfPage\":{\"@id\":\"https:\\\/\\\/isimarkets.com\\\/es\\\/compania-es\\\/esg-y-rsc-es\\\/#primaryimage\"},\"image\":{\"@id\":\"https:\\\/\\\/isimarkets.com\\\/es\\\/compania-es\\\/esg-y-rsc-es\\\/#primaryimage\"},\"thumbnailUrl\":\"https:\\\/\\\/isimarkets.com\\\/wp-content\\\/uploads\\\/ESG-Banner-scaled.webp\",\"datePublished\":\"2026-01-19T15:39:16+00:00\",\"dateModified\":\"2026-04-08T14:53:15+00:00\",\"description\":\"Descubre las iniciativas de ESG y RSC de ISI Markets centradas en la sostenibilidad, las pr\u00e1cticas responsables de datos y el impacto en los mercados emergentes.\",\"breadcrumb\":{\"@id\":\"https:\\\/\\\/isimarkets.com\\\/es\\\/compania-es\\\/esg-y-rsc-es\\\/#breadcrumb\"},\"inLanguage\":\"es\",\"potentialAction\":[{\"@type\":\"ReadAction\",\"target\":[\"https:\\\/\\\/isimarkets.com\\\/es\\\/compania-es\\\/esg-y-rsc-es\\\/\"]}]},{\"@type\":\"ImageObject\",\"inLanguage\":\"es\",\"@id\":\"https:\\\/\\\/isimarkets.com\\\/es\\\/compania-es\\\/esg-y-rsc-es\\\/#primaryimage\",\"url\":\"https:\\\/\\\/isimarkets.com\\\/wp-content\\\/uploads\\\/ESG-Banner-scaled.webp\",\"contentUrl\":\"https:\\\/\\\/isimarkets.com\\\/wp-content\\\/uploads\\\/ESG-Banner-scaled.webp\"},{\"@type\":\"BreadcrumbList\",\"@id\":\"https:\\\/\\\/isimarkets.com\\\/es\\\/compania-es\\\/esg-y-rsc-es\\\/#breadcrumb\",\"itemListElement\":[{\"@type\":\"ListItem\",\"position\":1,\"name\":\"Home\",\"item\":\"https:\\\/\\\/isimarkets.com\\\/es\\\/hogar-es\\\/\"},{\"@type\":\"ListItem\",\"position\":2,\"name\":\"Empresa\",\"item\":\"https:\\\/\\\/isimarkets.com\\\/es\\\/compania-es\\\/\"},{\"@type\":\"ListItem\",\"position\":3,\"name\":\"ESG y RSC\"}]},{\"@type\":\"WebSite\",\"@id\":\"https:\\\/\\\/isimarkets.com\\\/es\\\/#website\",\"url\":\"https:\\\/\\\/isimarkets.com\\\/es\\\/\",\"name\":\"ISI\",\"description\":\"Global Market Intelligence Platform\",\"potentialAction\":[{\"@type\":\"SearchAction\",\"target\":{\"@type\":\"EntryPoint\",\"urlTemplate\":\"https:\\\/\\\/isimarkets.com\\\/es\\\/?s={search_term_string}\"},\"query-input\":{\"@type\":\"PropertyValueSpecification\",\"valueRequired\":true,\"valueName\":\"search_term_string\"}}],\"inLanguage\":\"es\"}]}<\/script>\n<!-- \/ Yoast SEO plugin. -->","yoast_head_json":{"title":"ESG y RSC en mercados emergentes | ISI Markets","description":"Descubre las iniciativas de ESG y RSC de ISI Markets centradas en la sostenibilidad, las pr\u00e1cticas responsables de datos y el impacto en los mercados emergentes.","robots":{"index":"index","follow":"follow","max-snippet":"max-snippet:-1","max-image-preview":"max-image-preview:large","max-video-preview":"max-video-preview:-1"},"canonical":"https:\/\/isimarkets.com\/es\/compania-es\/esg-y-rsc-es\/","og_locale":"es_ES","og_type":"article","og_title":"ESG y RSC en mercados emergentes | ISI Markets","og_description":"Descubre las iniciativas de ESG y RSC de ISI Markets centradas en la sostenibilidad, las pr\u00e1cticas responsables de datos y el impacto en los mercados emergentes.","og_url":"https:\/\/isimarkets.com\/es\/compania-es\/esg-y-rsc-es\/","og_site_name":"ISI","article_modified_time":"2026-04-08T14:53:15+00:00","og_image":[{"url":"https:\/\/isimarkets.com\/wp-content\/uploads\/ESG-Banner-scaled.webp","type":"","width":"","height":""}],"twitter_card":"summary_large_image","twitter_misc":{"Tiempo de lectura":"3 minutos"},"schema":{"@context":"https:\/\/schema.org","@graph":[{"@type":"WebPage","@id":"https:\/\/isimarkets.com\/es\/compania-es\/esg-y-rsc-es\/","url":"https:\/\/isimarkets.com\/es\/compania-es\/esg-y-rsc-es\/","name":"ESG y RSC en mercados emergentes | ISI Markets","isPartOf":{"@id":"https:\/\/isimarkets.com\/es\/#website"},"primaryImageOfPage":{"@id":"https:\/\/isimarkets.com\/es\/compania-es\/esg-y-rsc-es\/#primaryimage"},"image":{"@id":"https:\/\/isimarkets.com\/es\/compania-es\/esg-y-rsc-es\/#primaryimage"},"thumbnailUrl":"https:\/\/isimarkets.com\/wp-content\/uploads\/ESG-Banner-scaled.webp","datePublished":"2026-01-19T15:39:16+00:00","dateModified":"2026-04-08T14:53:15+00:00","description":"Descubre las iniciativas de ESG y RSC de ISI Markets centradas en la sostenibilidad, las pr\u00e1cticas responsables de datos y el impacto en los mercados emergentes.","breadcrumb":{"@id":"https:\/\/isimarkets.com\/es\/compania-es\/esg-y-rsc-es\/#breadcrumb"},"inLanguage":"es","potentialAction":[{"@type":"ReadAction","target":["https:\/\/isimarkets.com\/es\/compania-es\/esg-y-rsc-es\/"]}]},{"@type":"ImageObject","inLanguage":"es","@id":"https:\/\/isimarkets.com\/es\/compania-es\/esg-y-rsc-es\/#primaryimage","url":"https:\/\/isimarkets.com\/wp-content\/uploads\/ESG-Banner-scaled.webp","contentUrl":"https:\/\/isimarkets.com\/wp-content\/uploads\/ESG-Banner-scaled.webp"},{"@type":"BreadcrumbList","@id":"https:\/\/isimarkets.com\/es\/compania-es\/esg-y-rsc-es\/#breadcrumb","itemListElement":[{"@type":"ListItem","position":1,"name":"Home","item":"https:\/\/isimarkets.com\/es\/hogar-es\/"},{"@type":"ListItem","position":2,"name":"Empresa","item":"https:\/\/isimarkets.com\/es\/compania-es\/"},{"@type":"ListItem","position":3,"name":"ESG y RSC"}]},{"@type":"WebSite","@id":"https:\/\/isimarkets.com\/es\/#website","url":"https:\/\/isimarkets.com\/es\/","name":"ISI","description":"Global Market Intelligence Platform","potentialAction":[{"@type":"SearchAction","target":{"@type":"EntryPoint","urlTemplate":"https:\/\/isimarkets.com\/es\/?s={search_term_string}"},"query-input":{"@type":"PropertyValueSpecification","valueRequired":true,"valueName":"search_term_string"}}],"inLanguage":"es"}]}},"_links":{"self":[{"href":"https:\/\/isimarkets.com\/es\/wp-json\/wp\/v2\/pages\/5125","targetHints":{"allow":["GET"]}}],"collection":[{"href":"https:\/\/isimarkets.com\/es\/wp-json\/wp\/v2\/pages"}],"about":[{"href":"https:\/\/isimarkets.com\/es\/wp-json\/wp\/v2\/types\/page"}],"author":[{"embeddable":true,"href":"https:\/\/isimarkets.com\/es\/wp-json\/wp\/v2\/users\/1"}],"replies":[{"embeddable":true,"href":"https:\/\/isimarkets.com\/es\/wp-json\/wp\/v2\/comments?post=5125"}],"version-history":[{"count":6,"href":"https:\/\/isimarkets.com\/es\/wp-json\/wp\/v2\/pages\/5125\/revisions"}],"predecessor-version":[{"id":6614,"href":"https:\/\/isimarkets.com\/es\/wp-json\/wp\/v2\/pages\/5125\/revisions\/6614"}],"up":[{"embeddable":true,"href":"https:\/\/isimarkets.com\/es\/wp-json\/wp\/v2\/pages\/5107"}],"wp:attachment":[{"href":"https:\/\/isimarkets.com\/es\/wp-json\/wp\/v2\/media?parent=5125"}],"curies":[{"name":"wp","href":"https:\/\/api.w.org\/{rel}","templated":true}]}}