{"id":5131,"date":"2026-01-19T15:39:45","date_gmt":"2026-01-19T15:39:45","guid":{"rendered":"https:\/\/isimarkets.com\/?p=5131"},"modified":"2026-04-01T23:04:56","modified_gmt":"2026-04-01T22:04:56","slug":"carreras-profesionales-es","status":"publish","type":"page","link":"https:\/\/isimarkets.com\/es\/compania-es\/carreras-profesionales-es\/","title":{"rendered":"Empleo"},"content":{"rendered":"<div id=\"cs-content\" class=\"cs-content\"><div class=\"cs-content x-global-block x-global-block-4951 e5131-e1\"><div class=\"x-section e4951-e2 m3tj-0 breadcrumbs\" id=\"breadcrumbs\"><div class=\"x-row x-container max width e4951-e3 m3tj-1 m3tj-2\"><div class=\"x-row-inner\"><div class=\"x-col e4951-e4 m3tj-3\"><nav class=\"x-crumbs e4951-e5 m3tj-4\" role=\"navigation\"><ol class=\"x-crumbs-list\" itemscope=\"\" itemtype=\"http:\/\/schema.org\/BreadcrumbList\" aria-label=\"Breadcrumb Navigation\"><li class=\"x-crumbs-list-item\" itemprop=\"itemListElement\" itemscope itemtype=\"http:\/\/schema.org\/ListItem\"><a class=\"x-crumbs-current x-crumbs-link\" itemtype=\"http:\/\/schema.org\/Thing\" itemprop=\"item\" href=\"https:\/\/isimarkets.com\/es\/\" title=\"You Are Here\"><span itemprop=\"name\">Home<\/span><\/a><meta itemprop=\"position\" content=\"1\"><\/li><\/ol><\/nav><\/div><\/div><\/div><\/div><\/div><div class=\"x-section e5131-e2 m3yj-0 m3yj-1 hero title\" id=\"title\"><div class=\"x-row x-container max width e5131-e3 m3yj-3 m3yj-4 m3yj-5 m3yj-a m3yj-b\"><div class=\"x-row-inner\"><div class=\"x-col e5131-e4 m3yj-j\"><span class=\"x-image e5131-e5 m3yj-k m3yj-l\"><img decoding=\"async\" src=\"https:\/\/isimarkets.com\/wp-content\/uploads\/Careers-Banner-scaled.webp\" width=\"1280\" height=\"519\" alt=\"Hombre sonriente con pelo canoso y barba, vestido con un jersey beige sobre una camisa azul, sentado a una mesa, transmitiendo un ambiente amable y relajado.\" loading=\"lazy\"><\/span><\/div><\/div><\/div><div class=\"x-row x-container max width e5131-e6 m3yj-3 m3yj-4 m3yj-5 m3yj-a m3yj-c\"><div class=\"x-row-inner\"><div class=\"x-col e5131-e7 m3yj-j\"><div class=\"x-text x-content e5131-e8 m3yj-m\"><h1>Empleo<\/h1>\n<h2><mark>Construye una carrera con impacto global<\/mark><\/h2><\/div><\/div><\/div><\/div><div class=\"x-row x-container max width e5131-e9 m3yj-3 m3yj-4 m3yj-5 m3yj-a m3yj-d\"><div class=\"x-row-inner\"><div class=\"x-col e5131-e10 m3yj-j\"><div class=\"x-text x-content e5131-e11 m3yj-m\"><p>En ISI, estamos definiendo el futuro de la inteligencia econ\u00f3mica y financiera en los diferentes mercados. Si sientes curiosidad por el mundo, te motiva un prop\u00f3sito y deseas realizar un trabajo que realmente importe, aqu\u00ed te sentir\u00e1s como en casa.<\/p>\n<p><a href=\"https:\/\/isimarkets.bamboohr.com\/careers\" class=\"button\" target=\"_blank\" rel=\"noopener\">Busca nuestras vacantes actuales<\/a><\/p><\/div><\/div><\/div><\/div><\/div><section class=\"x-section e5131-e12 m3yj-0 m3yj-2 features beige\" id=\"features\"><div class=\"x-row x-container max width e5131-e13 m3yj-3 m3yj-4 m3yj-6 m3yj-7 m3yj-e m3yj-f\"><div class=\"x-row-inner\"><div class=\"x-col e5131-e14 m3yj-j\"><div class=\"x-text x-content e5131-e15 m3yj-m\"><h2>\u00bfPor qu\u00e9 unirte a nosotros?<\/h2>\n<p>Si tienes una mentalidad global, curiosidad intelectual y te entusiasman el crecimiento y el cambio, ISI es el lugar donde puedes dejar tu huella.<\/p><\/div><\/div><div class=\"x-col e5131-e16 m3yj-j\"><div class=\"x-text x-content e5131-e17 m3yj-m\"><ul>\n \t<li>\n<h3>Forma parte de algo significativo<\/h3>\n<p>Durante m\u00e1s de 30 a\u00f1os, hemos ayudado a dar visibilidad sobre mercados emergentes. Hoy en d\u00eda, unos 800 compa\u00f1eros en todo el mundo contribuyen a esa misi\u00f3n. <\/p>\n<\/li>\n \t<li>\n<h3>Desarrolla tu carrera m\u00e1s all\u00e1 de tu rol.<\/h3>\n<p>Creamos espacio para que las personas con talento den lo mejor de s\u00ed mismas. Eso significa una responsabilidad real, oportunidades para superarte y el apoyo necesario para convertir la ambici\u00f3n en logros. Muchos de nuestros compa\u00f1eros describen su paso por ISI como un cap\u00edtulo decisivo en sus carreras.  <\/p>\n<\/li>\n \t<li>\n<h3>Trabaja con el mundo, no solo en \u00e9l<\/h3>\n<p>Nuestros equipos se extienden por Am\u00e9rica Latina, EE. UU., Reino Unido, Europa Central y Oriental, ASEAN, India, China y el norte de Asia. La colaboraci\u00f3n transfronteriza forma parte del d\u00eda a d\u00eda en ISI, uniendo diversas perspectivas para ofrecer mejores resultados a nuestros clientes y experiencias m\u00e1s enriquecedoras a nuestra gente. <\/p>\n<\/li>\n<\/ul><\/div><\/div><\/div><\/div><\/section><span class=\"x-image e5131-e18 m3yj-k m3yj-l\"><img decoding=\"async\" src=\"https:\/\/isimarkets.com\/wp-content\/uploads\/Careers-Full-Width-Image-scaled.webp\" width=\"1280\" height=\"480\" alt=\"Edificio de oficinas moderno con grandes ventanales de cristal que muestran a personas conversando en su interior. Las plantas de interior y la iluminaci\u00f3n c\u00e1lida crean un ambiente acogedor.\" loading=\"lazy\"><\/span><section class=\"x-section e5131-e19 m3yj-0 m3yj-2 features beige\"><div class=\"x-row x-container max width e5131-e20 m3yj-3 m3yj-4 m3yj-6 m3yj-7 m3yj-e m3yj-g\"><div class=\"x-row-inner\"><div class=\"x-col e5131-e21 m3yj-j\"><div class=\"x-text x-content e5131-e22 m3yj-m\"><h2>Nuestros valores<\/h2>\n<p>Nuestros valores gu\u00edan la forma en que trabajamos juntos y c\u00f3mo crecemos, tanto individualmente como empresa.<\/p><\/div><\/div><div class=\"x-col e5131-e23 m3yj-j\"><div class=\"x-text x-content e5131-e24 m3yj-m\"><ul>\n \t<li>\n  \t<h3>M\u00e1s fuertes juntos<\/h3>\n  \t<p>Creemos que los mejores resultados provienen de la colaboraci\u00f3n. Combinamos la ambici\u00f3n con la humildad, sabiendo que nuestras fortalezas colectivas nos llevan m\u00e1s lejos que el esfuerzo individual por s\u00ed solo. <\/p>\n  <\/li>\n  <li>\n  \t<h3>Satisfacer a nuestros clientes<\/h3>\n  \t<p>Nuestros clientes est\u00e1n en el centro de todo lo que hacemos. Nos enorgullecemos de ser receptivos, detallistas e implacables a la hora de ofrecer un servicio excepcional, apoy\u00e1ndonos mutuamente para dar siempre un paso m\u00e1s. <\/p>\n  <\/li>\n \t<li>\n  \t<h3>Innovaci\u00f3n sin miedo<\/h3>\n  \t<p>Somos curiosos, nos cuestionamos las cosas y siempre buscamos mejores formas de hacerlas. Animamos a la gente a expresarse, a cuestionar las suposiciones y a ayudar a que el negocio avance. <\/p>\n  <\/li>\n  <li>\n  \t<h3>Hacer lo correcto<\/h3>\n  \t<p>La integridad sustenta nuestra cultura. Actuamos con justicia, respeto y responsabilidad, creando un entorno inclusivo donde todos se sienten valorados y capaces de contribuir al m\u00e1ximo. <\/p>\n  <\/li>\n  <li>\n  \t<h3>Todas las voces son bienvenidas<\/h3>\n  \t<p>Aceptamos solicitudes de todos los candidatos cualificados, independientemente de su g\u00e9nero, raza o etnia, religi\u00f3n o creencias, orientaci\u00f3n sexual, discapacidad o edad. Con compa\u00f1eros que representan a m\u00e1s de 30 nacionalidades y un equilibrio de g\u00e9nero equitativo, estamos comprometidos con pr\u00e1cticas de contrataci\u00f3n justas, inclusivas e imparciales. <\/p>\n  <\/li>\n<\/ul><\/div><\/div><\/div><\/div><\/section><section class=\"x-section e5131-e25 m3yj-0 m3yj-2 text-image\"><div class=\"x-row x-container max width e5131-e26 m3yj-3 m3yj-6 m3yj-7 m3yj-8 m3yj-e m3yj-h\" id=\"timelines\"><div class=\"x-row-inner\"><div class=\"x-col e5131-e27 m3yj-j\"><div class=\"x-text x-content e5131-e28 m3yj-m\"><h2>Un lugar de trabajo dise\u00f1ado para el futuro<\/h2>\n<p>Nuestro enfoque de trabajo se basa en la flexibilidad y la colaboraci\u00f3n. Sabemos que nuestra gente valora la autonom\u00eda, pero tambi\u00e9n la energ\u00eda que surge de pasar tiempo juntos. <\/p>\n\n<ul>\n \t<li>Trabaja desde cualquier lugar dos d\u00edas a la semana<\/li>\n \t<li>Trabaja desde otra ubicaci\u00f3n (en casa o en el extranjero) hasta cuatro semanas al a\u00f1o<\/li>\n  <li>Una cultura que conf\u00eda en ti para que tomes las decisiones correctas para ti, tu equipo y tu trabajo<\/li>\n<\/ul>\n\n<p>Este equilibrio ha sido especialmente significativo para los padres trabajadores y nuestros equipos distribuidos globalmente, ayudando a que todos prosperen sin comprometer el impacto ni la conexi\u00f3n.<\/p><\/div><\/div><div class=\"x-col e5131-e29 m3yj-j\"><span class=\"x-image e5131-e30 m3yj-k\"><img decoding=\"async\" src=\"https:\/\/isimarkets.com\/wp-content\/uploads\/A-Workplace-Designed-for-the-Future.webp\" width=\"1300\" height=\"1300\" alt=\"Dos mujeres entablan una conversaci\u00f3n en una mesa, una de ellas gesticulando con las manos. El entorno es informal, con un enfoque en la colaboraci\u00f3n y la comunicaci\u00f3n.\" loading=\"lazy\"><\/span><\/div><\/div><\/div><\/section><div class=\"cs-content x-global-block x-global-block-5017 e5131-e31\"><section class=\"x-section e5017-e2 m3vd-0 testimonials testimonials-product\" id=\"testimonials\"><div class=\"x-row x-container max width e5017-e3 m3vd-1 m3vd-2\"><div class=\"x-row-inner\"><div class=\"x-col e5017-e4 m3vd-3\"><div class=\"x-text x-content e5017-e5 m3vd-4\"><h2>What Our Colleagues Say<\/h2>\n<div class=\"testimonial-enclosure\"><!-- No post context for testimonials --><\/div><\/div><\/div><\/div><\/div><\/section><\/div><section class=\"x-section e5131-e32 m3yj-0 m3yj-2 text-image\"><div class=\"x-row x-container max width e5131-e33 m3yj-3 m3yj-7 m3yj-8 m3yj-9 m3yj-e m3yj-i\" id=\"unique-coverage\"><div class=\"x-row-inner\"><div class=\"x-col e5131-e34 m3yj-j\"><span class=\"x-image e5131-e35 m3yj-k\"><img decoding=\"async\" src=\"https:\/\/isimarkets.com\/wp-content\/uploads\/Ready-To-Explore-Your-Next-Move.webp\" width=\"1300\" height=\"1300\" alt=\"Una mujer con el pelo largo y rubio sonr\u00ede pensativa, apoyando la barbilla en la mano. Dos figuras desenfocadas al fondo crean una atm\u00f3sfera serena y reflexiva.\" loading=\"lazy\"><\/span><\/div><div class=\"x-col e5131-e36 m3yj-j\"><div class=\"x-text x-content e5131-e37 m3yj-m\"><h2>\u00bfListo para explorar tu pr\u00f3ximo paso?<\/h2>\n<p>Insights profundos sobre emisores e instrumentos que no encontrar\u00e1s en ning\u00fan otro lugar.<\/p>\n<p>Si hoy no ves el puesto adecuado, vuelve a consultar pronto: estamos creciendo y surgen nuevas oportunidades regularmente.<\/p>\n<p><a href=\"https:\/\/isimarkets.bamboohr.com\/careers\" class=\"button\" target=\"_blank\" rel=\"noopener\">Busca nuestras vacantes actuales<\/a><\/p><\/div><\/div><\/div><\/div><\/section><\/div>","protected":false},"excerpt":{"rendered":"<p>HomeEmpleo Construye una carrera con impacto globalEn ISI, estamos definiendo el futuro de la inteligencia econ\u00f3mica y financiera en los diferentes mercados. Si sientes curiosidad por el mundo, te motiva un prop\u00f3sito y deseas realizar un trabajo que realmente importe, aqu\u00ed te sentir\u00e1s como en casa. Busca nuestras vacantes actuales\u00bfPor qu\u00e9 unirte a nosotros? Si tienes una mentalidad global, curiosidad&hellip;<\/p>\n","protected":false},"author":1,"featured_media":0,"parent":5107,"menu_order":4,"comment_status":"closed","ping_status":"closed","template":"template-blank-4.php","meta":{"content-type":"","cpa_authors":[],"cpa_override_default":false,"footnotes":""},"class_list":["post-5131","page","type-page","status-publish","hentry","no-post-thumbnail"],"yoast_head":"<!-- This site is optimized with the Yoast SEO plugin v27.4 - https:\/\/yoast.com\/product\/yoast-seo-wordpress\/ -->\n<title>Trabaja en ISI Markets | \u00danete a nuestro equipo global de inteligencia de mercados<\/title>\n<meta name=\"description\" content=\"Desarrolla tu carrera en ISI Markets y trabaja en soluciones globales de inteligencia de mercados. Explora vacantes, mejora tus habilidades y genera un impacto en todo el mundo.\" \/>\n<meta name=\"robots\" content=\"index, follow, max-snippet:-1, max-image-preview:large, max-video-preview:-1\" \/>\n<link rel=\"canonical\" href=\"https:\/\/isimarkets.com\/es\/compania-es\/carreras-profesionales-es\/\" \/>\n<meta property=\"og:locale\" content=\"es_ES\" \/>\n<meta property=\"og:type\" content=\"article\" \/>\n<meta property=\"og:title\" content=\"Trabaja en ISI Markets | \u00danete a nuestro equipo global de inteligencia de mercados\" \/>\n<meta property=\"og:description\" content=\"Desarrolla tu carrera en ISI Markets y trabaja en soluciones globales de inteligencia de mercados. Explora vacantes, mejora tus habilidades y genera un impacto en todo el mundo.\" \/>\n<meta property=\"og:url\" content=\"https:\/\/isimarkets.com\/es\/compania-es\/carreras-profesionales-es\/\" \/>\n<meta property=\"og:site_name\" content=\"ISI\" \/>\n<meta property=\"article:modified_time\" content=\"2026-04-01T22:04:56+00:00\" \/>\n<meta property=\"og:image\" content=\"https:\/\/isimarkets.com\/wp-content\/uploads\/Careers-Banner-scaled.webp\" \/>\n<meta name=\"twitter:card\" content=\"summary_large_image\" \/>\n<meta name=\"twitter:label1\" content=\"Tiempo de lectura\" \/>\n\t<meta name=\"twitter:data1\" content=\"3 minutos\" \/>\n<script type=\"application\/ld+json\" class=\"yoast-schema-graph\">{\"@context\":\"https:\\\/\\\/schema.org\",\"@graph\":[{\"@type\":\"WebPage\",\"@id\":\"https:\\\/\\\/isimarkets.com\\\/es\\\/compania-es\\\/carreras-profesionales-es\\\/\",\"url\":\"https:\\\/\\\/isimarkets.com\\\/es\\\/compania-es\\\/carreras-profesionales-es\\\/\",\"name\":\"Trabaja en ISI Markets | \u00danete a nuestro equipo global de inteligencia de mercados\",\"isPartOf\":{\"@id\":\"https:\\\/\\\/isimarkets.com\\\/es\\\/#website\"},\"primaryImageOfPage\":{\"@id\":\"https:\\\/\\\/isimarkets.com\\\/es\\\/compania-es\\\/carreras-profesionales-es\\\/#primaryimage\"},\"image\":{\"@id\":\"https:\\\/\\\/isimarkets.com\\\/es\\\/compania-es\\\/carreras-profesionales-es\\\/#primaryimage\"},\"thumbnailUrl\":\"https:\\\/\\\/isimarkets.com\\\/wp-content\\\/uploads\\\/Careers-Banner-scaled.webp\",\"datePublished\":\"2026-01-19T15:39:45+00:00\",\"dateModified\":\"2026-04-01T22:04:56+00:00\",\"description\":\"Desarrolla tu carrera en ISI Markets y trabaja en soluciones globales de inteligencia de mercados. Explora vacantes, mejora tus habilidades y genera un impacto en todo el mundo.\",\"breadcrumb\":{\"@id\":\"https:\\\/\\\/isimarkets.com\\\/es\\\/compania-es\\\/carreras-profesionales-es\\\/#breadcrumb\"},\"inLanguage\":\"es\",\"potentialAction\":[{\"@type\":\"ReadAction\",\"target\":[\"https:\\\/\\\/isimarkets.com\\\/es\\\/compania-es\\\/carreras-profesionales-es\\\/\"]}]},{\"@type\":\"ImageObject\",\"inLanguage\":\"es\",\"@id\":\"https:\\\/\\\/isimarkets.com\\\/es\\\/compania-es\\\/carreras-profesionales-es\\\/#primaryimage\",\"url\":\"https:\\\/\\\/isimarkets.com\\\/wp-content\\\/uploads\\\/Careers-Banner-scaled.webp\",\"contentUrl\":\"https:\\\/\\\/isimarkets.com\\\/wp-content\\\/uploads\\\/Careers-Banner-scaled.webp\"},{\"@type\":\"BreadcrumbList\",\"@id\":\"https:\\\/\\\/isimarkets.com\\\/es\\\/compania-es\\\/carreras-profesionales-es\\\/#breadcrumb\",\"itemListElement\":[{\"@type\":\"ListItem\",\"position\":1,\"name\":\"Home\",\"item\":\"https:\\\/\\\/isimarkets.com\\\/es\\\/hogar-es\\\/\"},{\"@type\":\"ListItem\",\"position\":2,\"name\":\"Empresa\",\"item\":\"https:\\\/\\\/isimarkets.com\\\/es\\\/compania-es\\\/\"},{\"@type\":\"ListItem\",\"position\":3,\"name\":\"Empleo\"}]},{\"@type\":\"WebSite\",\"@id\":\"https:\\\/\\\/isimarkets.com\\\/es\\\/#website\",\"url\":\"https:\\\/\\\/isimarkets.com\\\/es\\\/\",\"name\":\"ISI\",\"description\":\"Global Market Intelligence Platform\",\"potentialAction\":[{\"@type\":\"SearchAction\",\"target\":{\"@type\":\"EntryPoint\",\"urlTemplate\":\"https:\\\/\\\/isimarkets.com\\\/es\\\/?s={search_term_string}\"},\"query-input\":{\"@type\":\"PropertyValueSpecification\",\"valueRequired\":true,\"valueName\":\"search_term_string\"}}],\"inLanguage\":\"es\"}]}<\/script>\n<!-- \/ Yoast SEO plugin. -->","yoast_head_json":{"title":"Trabaja en ISI Markets | \u00danete a nuestro equipo global de inteligencia de mercados","description":"Desarrolla tu carrera en ISI Markets y trabaja en soluciones globales de inteligencia de mercados. Explora vacantes, mejora tus habilidades y genera un impacto en todo el mundo.","robots":{"index":"index","follow":"follow","max-snippet":"max-snippet:-1","max-image-preview":"max-image-preview:large","max-video-preview":"max-video-preview:-1"},"canonical":"https:\/\/isimarkets.com\/es\/compania-es\/carreras-profesionales-es\/","og_locale":"es_ES","og_type":"article","og_title":"Trabaja en ISI Markets | \u00danete a nuestro equipo global de inteligencia de mercados","og_description":"Desarrolla tu carrera en ISI Markets y trabaja en soluciones globales de inteligencia de mercados. Explora vacantes, mejora tus habilidades y genera un impacto en todo el mundo.","og_url":"https:\/\/isimarkets.com\/es\/compania-es\/carreras-profesionales-es\/","og_site_name":"ISI","article_modified_time":"2026-04-01T22:04:56+00:00","og_image":[{"url":"https:\/\/isimarkets.com\/wp-content\/uploads\/Careers-Banner-scaled.webp","type":"","width":"","height":""}],"twitter_card":"summary_large_image","twitter_misc":{"Tiempo de lectura":"3 minutos"},"schema":{"@context":"https:\/\/schema.org","@graph":[{"@type":"WebPage","@id":"https:\/\/isimarkets.com\/es\/compania-es\/carreras-profesionales-es\/","url":"https:\/\/isimarkets.com\/es\/compania-es\/carreras-profesionales-es\/","name":"Trabaja en ISI Markets | \u00danete a nuestro equipo global de inteligencia de mercados","isPartOf":{"@id":"https:\/\/isimarkets.com\/es\/#website"},"primaryImageOfPage":{"@id":"https:\/\/isimarkets.com\/es\/compania-es\/carreras-profesionales-es\/#primaryimage"},"image":{"@id":"https:\/\/isimarkets.com\/es\/compania-es\/carreras-profesionales-es\/#primaryimage"},"thumbnailUrl":"https:\/\/isimarkets.com\/wp-content\/uploads\/Careers-Banner-scaled.webp","datePublished":"2026-01-19T15:39:45+00:00","dateModified":"2026-04-01T22:04:56+00:00","description":"Desarrolla tu carrera en ISI Markets y trabaja en soluciones globales de inteligencia de mercados. Explora vacantes, mejora tus habilidades y genera un impacto en todo el mundo.","breadcrumb":{"@id":"https:\/\/isimarkets.com\/es\/compania-es\/carreras-profesionales-es\/#breadcrumb"},"inLanguage":"es","potentialAction":[{"@type":"ReadAction","target":["https:\/\/isimarkets.com\/es\/compania-es\/carreras-profesionales-es\/"]}]},{"@type":"ImageObject","inLanguage":"es","@id":"https:\/\/isimarkets.com\/es\/compania-es\/carreras-profesionales-es\/#primaryimage","url":"https:\/\/isimarkets.com\/wp-content\/uploads\/Careers-Banner-scaled.webp","contentUrl":"https:\/\/isimarkets.com\/wp-content\/uploads\/Careers-Banner-scaled.webp"},{"@type":"BreadcrumbList","@id":"https:\/\/isimarkets.com\/es\/compania-es\/carreras-profesionales-es\/#breadcrumb","itemListElement":[{"@type":"ListItem","position":1,"name":"Home","item":"https:\/\/isimarkets.com\/es\/hogar-es\/"},{"@type":"ListItem","position":2,"name":"Empresa","item":"https:\/\/isimarkets.com\/es\/compania-es\/"},{"@type":"ListItem","position":3,"name":"Empleo"}]},{"@type":"WebSite","@id":"https:\/\/isimarkets.com\/es\/#website","url":"https:\/\/isimarkets.com\/es\/","name":"ISI","description":"Global Market Intelligence Platform","potentialAction":[{"@type":"SearchAction","target":{"@type":"EntryPoint","urlTemplate":"https:\/\/isimarkets.com\/es\/?s={search_term_string}"},"query-input":{"@type":"PropertyValueSpecification","valueRequired":true,"valueName":"search_term_string"}}],"inLanguage":"es"}]}},"_links":{"self":[{"href":"https:\/\/isimarkets.com\/es\/wp-json\/wp\/v2\/pages\/5131","targetHints":{"allow":["GET"]}}],"collection":[{"href":"https:\/\/isimarkets.com\/es\/wp-json\/wp\/v2\/pages"}],"about":[{"href":"https:\/\/isimarkets.com\/es\/wp-json\/wp\/v2\/types\/page"}],"author":[{"embeddable":true,"href":"https:\/\/isimarkets.com\/es\/wp-json\/wp\/v2\/users\/1"}],"replies":[{"embeddable":true,"href":"https:\/\/isimarkets.com\/es\/wp-json\/wp\/v2\/comments?post=5131"}],"version-history":[{"count":4,"href":"https:\/\/isimarkets.com\/es\/wp-json\/wp\/v2\/pages\/5131\/revisions"}],"predecessor-version":[{"id":6138,"href":"https:\/\/isimarkets.com\/es\/wp-json\/wp\/v2\/pages\/5131\/revisions\/6138"}],"up":[{"embeddable":true,"href":"https:\/\/isimarkets.com\/es\/wp-json\/wp\/v2\/pages\/5107"}],"wp:attachment":[{"href":"https:\/\/isimarkets.com\/es\/wp-json\/wp\/v2\/media?parent=5131"}],"curies":[{"name":"wp","href":"https:\/\/api.w.org\/{rel}","templated":true}]}}