{"id":5137,"date":"2026-01-19T15:40:13","date_gmt":"2026-01-19T15:40:13","guid":{"rendered":"https:\/\/isimarkets.com\/?p=5137"},"modified":"2026-03-30T19:23:01","modified_gmt":"2026-03-30T18:23:01","slug":"contacto-es","status":"publish","type":"page","link":"https:\/\/isimarkets.com\/es\/compania-es\/contacto-es\/","title":{"rendered":"Contacto"},"content":{"rendered":"<div id=\"cs-content\" class=\"cs-content\"><div class=\"x-section e5137-e1 m3yp-0 m3yp-1 breadcrumbs\" id=\"breadcrumbs\"><div class=\"x-row x-container max width e5137-e2 m3yp-4 m3yp-5 m3yp-8\"><div class=\"x-row-inner\"><div class=\"x-col e5137-e3 m3yp-e\"><nav class=\"x-crumbs e5137-e4 m3yp-f\" role=\"navigation\"><ol class=\"x-crumbs-list\" itemscope=\"\" itemtype=\"http:\/\/schema.org\/BreadcrumbList\" aria-label=\"Breadcrumb Navigation\"><li class=\"x-crumbs-list-item\" itemprop=\"itemListElement\" itemscope itemtype=\"http:\/\/schema.org\/ListItem\"><a class=\"x-crumbs-current x-crumbs-link\" itemtype=\"http:\/\/schema.org\/Thing\" itemprop=\"item\" href=\"https:\/\/isimarkets.com\/es\/\" title=\"You Are Here\"><span itemprop=\"name\">Home<\/span><\/a><meta itemprop=\"position\" content=\"1\"><\/li><\/ol><\/nav><\/div><\/div><\/div><\/div><section class=\"x-section e5137-e5 m3yp-0 m3yp-2 title simple\" id=\"title\"><div class=\"x-row x-container max width e5137-e6 m3yp-4 m3yp-6 m3yp-9 m3yp-a\"><div class=\"x-row-inner\"><div class=\"x-col e5137-e7 m3yp-e\"><div class=\"x-text x-content e5137-e8 m3yp-g\"><h1>Consultas Generales<\/h1><\/div><\/div><\/div><\/div><div class=\"x-row x-container max width e5137-e9 m3yp-4 m3yp-6 m3yp-9 m3yp-b\"><div class=\"x-row-inner\"><div class=\"x-col e5137-e10 m3yp-e\"><div class=\"x-text x-content e5137-e11 m3yp-g\">Cu\u00e9ntanos cu\u00e1les son tus necesidades de informaci\u00f3n y nos pondremos en contacto contigo.<\/div><\/div><\/div><\/div><\/section><section class=\"x-section e5137-e12 m3yp-0 m3yp-3 form\" id=\"form\"><div class=\"x-row x-container max width e5137-e13 m3yp-4 m3yp-6 m3yp-9 m3yp-c\"><div class=\"x-row-inner\"><div class=\"x-col e5137-e14 m3yp-e\"><div class=\"form-area\"><div id=\"hubspot-form-69e92f49bc971\" class=\"hubspot-form-auto\" data-region=\"na1\" data-portal-id=\"145094632\" data-form-id=\"483e19c9-0bcd-4bdf-9ffa-11d0bd05986a\"><\/div><\/div><\/div><\/div><\/div><\/section><section class=\"x-section e5137-e16 m3yp-0 m3yp-1 features beige\" id=\"features\"><div class=\"x-row x-container max width e5137-e17 m3yp-4 m3yp-7 m3yp-d\"><div class=\"x-row-inner\"><div class=\"x-col e5137-e18 m3yp-e\"><div class=\"x-text x-content e5137-e19 m3yp-g\"><h2>Oficinas<\/h2><\/div><\/div><div class=\"x-col e5137-e20 m3yp-e\"><div class=\"x-text x-content e5137-e21 m3yp-g\"><ul>\n \t<li>\n<h3>Europa<\/h3>\n<p>BlueFin Building Level 1<br>110 Southwark Street<br>Londres, SE1 0SU<br>Reino Unido<\/p>\n<p>Consultas generales: <a href=\"tel:+442081429141\">+44 20 8142 9141<\/a><br>Consultas de ventas: <a href=\"tel:+442081424389\">+44 20 8142 4389<\/a><\/li>\n \t<li>\n<h3>Asia<\/h3>\n<p>48-101, 46\/F,<br>Lee Garden One<br>33 Hysan Avenue<br>Causeway Bay,<br>Hong Kong RAE de China<\/p>\n<p><a href=\"tel:+85225913379\">+852 2591 3379<\/a><\/p>\n<\/li>\n \t<li>\n<h3>Am\u00e9ricas<\/h3>\n<p>575 Lexington Avenue<br>17th Floor<br>Nueva York,<br>Nueva York 10022<br>Estados Unidos<\/p>\n<p><a href=\"tel:+12126102900\">+1 212 610 2900<\/a><\/p>\n<\/li>\n<\/ul><\/div><\/div><\/div><\/div><\/section><div class=\"cs-content x-global-block x-global-block-4963 e5137-e22\"><section class=\"x-section e4963-e2 m3tv-0 cta solution-cta accent\" id=\"cta\"><div class=\"x-row x-container max width e4963-e3 m3tv-1 m3tv-2\"><div class=\"x-row-inner\"><div class=\"x-col e4963-e4 m3tv-3\"><div class=\"x-text x-content e4963-e5 m3tv-4\"><h2>Request Demo<\/h2>\n<p class=\"highlight\"><mark>Turn complexity into clarity<\/mark><\/p>\n<p class=\"cta\"><a class=\"button request-demo\" href=\"\/demo\/\">Request Demo<\/a><\/p><\/div><\/div><div class=\"x-col e4963-e6 m3tv-3\"><div class=\"x-text x-content e4963-e7 m3tv-4\"><div class=\"x-image\"><img loading=\"lazy\" decoding=\"async\" src=\"https:\/\/isimarkets.com\/wp-content\/uploads\/Demo-04.webp\" alt=\"\" width=\"2000\" height=\"2000\" class=\"alignnone size-full wp-image-4822\" srcset=\"https:\/\/isimarkets.com\/wp-content\/uploads\/Demo-04.webp 2000w, https:\/\/isimarkets.com\/wp-content\/uploads\/Demo-04-300x300.webp 300w, https:\/\/isimarkets.com\/wp-content\/uploads\/Demo-04-1024x1024.webp 1024w, https:\/\/isimarkets.com\/wp-content\/uploads\/Demo-04-150x150.webp 150w, https:\/\/isimarkets.com\/wp-content\/uploads\/Demo-04-768x768.webp 768w, https:\/\/isimarkets.com\/wp-content\/uploads\/Demo-04-1536x1536.webp 1536w\" sizes=\"auto, (max-width: 2000px) 100vw, 2000px\" \/><\/div><\/div><\/div><\/div><\/div><\/section><\/div><\/div>","protected":false},"excerpt":{"rendered":"<p>HomeConsultas GeneralesCu\u00e9ntanos cu\u00e1les son tus necesidades de informaci\u00f3n y nos pondremos en contacto contigo.Oficinas Europa BlueFin Building Level 1110 Southwark StreetLondres, SE1 0SUReino Unido Consultas generales: +44 20 8142 9141Consultas de ventas: +44 20 8142 4389 Asia 48-101, 46\/F,Lee Garden One33 Hysan AvenueCauseway Bay,Hong Kong RAE de China +852 2591 3379 Am\u00e9ricas 575 Lexington Avenue17th FloorNueva York,Nueva York 10022Estados Unidos&hellip;<\/p>\n","protected":false},"author":1,"featured_media":0,"parent":5107,"menu_order":5,"comment_status":"closed","ping_status":"closed","template":"template-blank-4.php","meta":{"content-type":"","cpa_authors":[],"cpa_override_default":false,"footnotes":""},"class_list":["post-5137","page","type-page","status-publish","hentry","no-post-thumbnail"],"yoast_head":"<!-- This site is optimized with the Yoast SEO plugin v27.4 - https:\/\/yoast.com\/product\/yoast-seo-wordpress\/ -->\n<title>Cont\u00e1ctanos ISI Markets | Consultas y soporte<\/title>\n<meta name=\"description\" content=\"Contacta a ISI Markets para consultas sobre datos financieros, plataformas de informaci\u00f3n de mercados e informaci\u00f3n sobre mercados. Env\u00eda tu consulta y recibe soporte de expertos.\" \/>\n<meta name=\"robots\" content=\"index, follow, max-snippet:-1, max-image-preview:large, max-video-preview:-1\" \/>\n<link rel=\"canonical\" href=\"https:\/\/isimarkets.com\/es\/compania-es\/contacto-es\/\" \/>\n<meta property=\"og:locale\" content=\"es_ES\" \/>\n<meta property=\"og:type\" content=\"article\" \/>\n<meta property=\"og:title\" content=\"Cont\u00e1ctanos ISI Markets | Consultas y soporte\" \/>\n<meta property=\"og:description\" content=\"Contacta a ISI Markets para consultas sobre datos financieros, plataformas de informaci\u00f3n de mercados e informaci\u00f3n sobre mercados. Env\u00eda tu consulta y recibe soporte de expertos.\" \/>\n<meta property=\"og:url\" content=\"https:\/\/isimarkets.com\/es\/compania-es\/contacto-es\/\" \/>\n<meta property=\"og:site_name\" content=\"ISI\" \/>\n<meta property=\"article:modified_time\" content=\"2026-03-30T18:23:01+00:00\" \/>\n<meta property=\"og:image\" content=\"https:\/\/isimarkets.com\/wp-content\/uploads\/Demo-08.webp\" \/>\n<meta name=\"twitter:card\" content=\"summary_large_image\" \/>\n<script type=\"application\/ld+json\" class=\"yoast-schema-graph\">{\"@context\":\"https:\\\/\\\/schema.org\",\"@graph\":[{\"@type\":\"WebPage\",\"@id\":\"https:\\\/\\\/isimarkets.com\\\/es\\\/compania-es\\\/contacto-es\\\/\",\"url\":\"https:\\\/\\\/isimarkets.com\\\/es\\\/compania-es\\\/contacto-es\\\/\",\"name\":\"Cont\u00e1ctanos ISI Markets | Consultas y soporte\",\"isPartOf\":{\"@id\":\"https:\\\/\\\/isimarkets.com\\\/es\\\/#website\"},\"primaryImageOfPage\":{\"@id\":\"https:\\\/\\\/isimarkets.com\\\/es\\\/compania-es\\\/contacto-es\\\/#primaryimage\"},\"image\":{\"@id\":\"https:\\\/\\\/isimarkets.com\\\/es\\\/compania-es\\\/contacto-es\\\/#primaryimage\"},\"thumbnailUrl\":\"https:\\\/\\\/isimarkets.com\\\/wp-content\\\/uploads\\\/Demo-08.webp\",\"datePublished\":\"2026-01-19T15:40:13+00:00\",\"dateModified\":\"2026-03-30T18:23:01+00:00\",\"description\":\"Contacta a ISI Markets para consultas sobre datos financieros, plataformas de informaci\u00f3n de mercados e informaci\u00f3n sobre mercados. Env\u00eda tu consulta y recibe soporte de expertos.\",\"breadcrumb\":{\"@id\":\"https:\\\/\\\/isimarkets.com\\\/es\\\/compania-es\\\/contacto-es\\\/#breadcrumb\"},\"inLanguage\":\"es\",\"potentialAction\":[{\"@type\":\"ReadAction\",\"target\":[\"https:\\\/\\\/isimarkets.com\\\/es\\\/compania-es\\\/contacto-es\\\/\"]}]},{\"@type\":\"ImageObject\",\"inLanguage\":\"es\",\"@id\":\"https:\\\/\\\/isimarkets.com\\\/es\\\/compania-es\\\/contacto-es\\\/#primaryimage\",\"url\":\"https:\\\/\\\/isimarkets.com\\\/wp-content\\\/uploads\\\/Demo-08.webp\",\"contentUrl\":\"https:\\\/\\\/isimarkets.com\\\/wp-content\\\/uploads\\\/Demo-08.webp\"},{\"@type\":\"BreadcrumbList\",\"@id\":\"https:\\\/\\\/isimarkets.com\\\/es\\\/compania-es\\\/contacto-es\\\/#breadcrumb\",\"itemListElement\":[{\"@type\":\"ListItem\",\"position\":1,\"name\":\"Home\",\"item\":\"https:\\\/\\\/isimarkets.com\\\/es\\\/hogar-es\\\/\"},{\"@type\":\"ListItem\",\"position\":2,\"name\":\"Empresa\",\"item\":\"https:\\\/\\\/isimarkets.com\\\/es\\\/compania-es\\\/\"},{\"@type\":\"ListItem\",\"position\":3,\"name\":\"Contacto\"}]},{\"@type\":\"WebSite\",\"@id\":\"https:\\\/\\\/isimarkets.com\\\/es\\\/#website\",\"url\":\"https:\\\/\\\/isimarkets.com\\\/es\\\/\",\"name\":\"ISI\",\"description\":\"Global Market Intelligence Platform\",\"potentialAction\":[{\"@type\":\"SearchAction\",\"target\":{\"@type\":\"EntryPoint\",\"urlTemplate\":\"https:\\\/\\\/isimarkets.com\\\/es\\\/?s={search_term_string}\"},\"query-input\":{\"@type\":\"PropertyValueSpecification\",\"valueRequired\":true,\"valueName\":\"search_term_string\"}}],\"inLanguage\":\"es\"}]}<\/script>\n<!-- \/ Yoast SEO plugin. -->","yoast_head_json":{"title":"Cont\u00e1ctanos ISI Markets | Consultas y soporte","description":"Contacta a ISI Markets para consultas sobre datos financieros, plataformas de informaci\u00f3n de mercados e informaci\u00f3n sobre mercados. Env\u00eda tu consulta y recibe soporte de expertos.","robots":{"index":"index","follow":"follow","max-snippet":"max-snippet:-1","max-image-preview":"max-image-preview:large","max-video-preview":"max-video-preview:-1"},"canonical":"https:\/\/isimarkets.com\/es\/compania-es\/contacto-es\/","og_locale":"es_ES","og_type":"article","og_title":"Cont\u00e1ctanos ISI Markets | Consultas y soporte","og_description":"Contacta a ISI Markets para consultas sobre datos financieros, plataformas de informaci\u00f3n de mercados e informaci\u00f3n sobre mercados. Env\u00eda tu consulta y recibe soporte de expertos.","og_url":"https:\/\/isimarkets.com\/es\/compania-es\/contacto-es\/","og_site_name":"ISI","article_modified_time":"2026-03-30T18:23:01+00:00","og_image":[{"url":"https:\/\/isimarkets.com\/wp-content\/uploads\/Demo-08.webp","type":"","width":"","height":""}],"twitter_card":"summary_large_image","schema":{"@context":"https:\/\/schema.org","@graph":[{"@type":"WebPage","@id":"https:\/\/isimarkets.com\/es\/compania-es\/contacto-es\/","url":"https:\/\/isimarkets.com\/es\/compania-es\/contacto-es\/","name":"Cont\u00e1ctanos ISI Markets | Consultas y soporte","isPartOf":{"@id":"https:\/\/isimarkets.com\/es\/#website"},"primaryImageOfPage":{"@id":"https:\/\/isimarkets.com\/es\/compania-es\/contacto-es\/#primaryimage"},"image":{"@id":"https:\/\/isimarkets.com\/es\/compania-es\/contacto-es\/#primaryimage"},"thumbnailUrl":"https:\/\/isimarkets.com\/wp-content\/uploads\/Demo-08.webp","datePublished":"2026-01-19T15:40:13+00:00","dateModified":"2026-03-30T18:23:01+00:00","description":"Contacta a ISI Markets para consultas sobre datos financieros, plataformas de informaci\u00f3n de mercados e informaci\u00f3n sobre mercados. Env\u00eda tu consulta y recibe soporte de expertos.","breadcrumb":{"@id":"https:\/\/isimarkets.com\/es\/compania-es\/contacto-es\/#breadcrumb"},"inLanguage":"es","potentialAction":[{"@type":"ReadAction","target":["https:\/\/isimarkets.com\/es\/compania-es\/contacto-es\/"]}]},{"@type":"ImageObject","inLanguage":"es","@id":"https:\/\/isimarkets.com\/es\/compania-es\/contacto-es\/#primaryimage","url":"https:\/\/isimarkets.com\/wp-content\/uploads\/Demo-08.webp","contentUrl":"https:\/\/isimarkets.com\/wp-content\/uploads\/Demo-08.webp"},{"@type":"BreadcrumbList","@id":"https:\/\/isimarkets.com\/es\/compania-es\/contacto-es\/#breadcrumb","itemListElement":[{"@type":"ListItem","position":1,"name":"Home","item":"https:\/\/isimarkets.com\/es\/hogar-es\/"},{"@type":"ListItem","position":2,"name":"Empresa","item":"https:\/\/isimarkets.com\/es\/compania-es\/"},{"@type":"ListItem","position":3,"name":"Contacto"}]},{"@type":"WebSite","@id":"https:\/\/isimarkets.com\/es\/#website","url":"https:\/\/isimarkets.com\/es\/","name":"ISI","description":"Global Market Intelligence Platform","potentialAction":[{"@type":"SearchAction","target":{"@type":"EntryPoint","urlTemplate":"https:\/\/isimarkets.com\/es\/?s={search_term_string}"},"query-input":{"@type":"PropertyValueSpecification","valueRequired":true,"valueName":"search_term_string"}}],"inLanguage":"es"}]}},"_links":{"self":[{"href":"https:\/\/isimarkets.com\/es\/wp-json\/wp\/v2\/pages\/5137","targetHints":{"allow":["GET"]}}],"collection":[{"href":"https:\/\/isimarkets.com\/es\/wp-json\/wp\/v2\/pages"}],"about":[{"href":"https:\/\/isimarkets.com\/es\/wp-json\/wp\/v2\/types\/page"}],"author":[{"embeddable":true,"href":"https:\/\/isimarkets.com\/es\/wp-json\/wp\/v2\/users\/1"}],"replies":[{"embeddable":true,"href":"https:\/\/isimarkets.com\/es\/wp-json\/wp\/v2\/comments?post=5137"}],"version-history":[{"count":6,"href":"https:\/\/isimarkets.com\/es\/wp-json\/wp\/v2\/pages\/5137\/revisions"}],"predecessor-version":[{"id":6013,"href":"https:\/\/isimarkets.com\/es\/wp-json\/wp\/v2\/pages\/5137\/revisions\/6013"}],"up":[{"embeddable":true,"href":"https:\/\/isimarkets.com\/es\/wp-json\/wp\/v2\/pages\/5107"}],"wp:attachment":[{"href":"https:\/\/isimarkets.com\/es\/wp-json\/wp\/v2\/media?parent=5137"}],"curies":[{"name":"wp","href":"https:\/\/api.w.org\/{rel}","templated":true}]}}