{"id":5149,"date":"2026-01-19T15:42:13","date_gmt":"2026-01-19T15:42:13","guid":{"rendered":"https:\/\/isimarkets.com\/?p=5149"},"modified":"2026-03-30T22:02:50","modified_gmt":"2026-03-30T21:02:50","slug":"entrega-de-datos-es","status":"publish","type":"page","link":"https:\/\/isimarkets.com\/es\/acercarse-es\/entrega-de-datos-es\/","title":{"rendered":"Acceso a los datos"},"content":{"rendered":"<div id=\"cs-content\" class=\"cs-content\"><div class=\"x-section e5149-e1 m3z1-0 breadcrumbs\" id=\"breadcrumbs\"><div class=\"x-row x-container max width e5149-e2 m3z1-1 m3z1-2 m3z1-3 m3z1-4 m3z1-9\"><div class=\"x-row-inner\"><div class=\"x-col e5149-e3 m3z1-k\"><nav class=\"x-crumbs e5149-e4 m3z1-l\" role=\"navigation\"><ol class=\"x-crumbs-list\" itemscope=\"\" itemtype=\"http:\/\/schema.org\/BreadcrumbList\" aria-label=\"Breadcrumb Navigation\"><li class=\"x-crumbs-list-item\" itemprop=\"itemListElement\" itemscope itemtype=\"http:\/\/schema.org\/ListItem\"><a class=\"x-crumbs-current x-crumbs-link\" itemtype=\"http:\/\/schema.org\/Thing\" itemprop=\"item\" href=\"https:\/\/isimarkets.com\/es\/\" title=\"You Are Here\"><span itemprop=\"name\">Home<\/span><\/a><meta itemprop=\"position\" content=\"1\"><\/li><\/ol><\/nav><\/div><\/div><\/div><\/div><div class=\"x-section e5149-e5 m3z1-0 hero title\" id=\"title\"><div class=\"x-row x-container max width e5149-e6 m3z1-1 m3z1-2 m3z1-5 m3z1-a m3z1-b\"><div class=\"x-row-inner\"><div class=\"x-col e5149-e7 m3z1-k\"><span class=\"x-image e5149-e8 m3z1-m m3z1-n\"><img decoding=\"async\" src=\"https:\/\/isimarkets.com\/wp-content\/uploads\/Data-Delivery-Banner-scaled.webp\" width=\"1280\" height=\"519\" alt=\"Vista a\u00e9rea de un patio de carga con contenedores de colores y camiones rojos sobre una superficie de hormig\u00f3n gris, que transmite una atm\u00f3sfera organizada e industrial.\" loading=\"lazy\"><\/span><\/div><\/div><\/div><div class=\"x-row x-container max width e5149-e9 m3z1-1 m3z1-2 m3z1-5 m3z1-a m3z1-c\"><div class=\"x-row-inner\"><div class=\"x-col e5149-e10 m3z1-k\"><div class=\"x-text x-content e5149-e11 m3z1-o\"><h1>Acceso a los datos<\/h1>\n<h2><mark>Modalidades de acceso flexibles<\/mark><\/h2><\/div><\/div><\/div><\/div><div class=\"x-row x-container max width e5149-e12 m3z1-1 m3z1-2 m3z1-5 m3z1-a m3z1-d\"><div class=\"x-row-inner\"><div class=\"x-col e5149-e13 m3z1-k\"><div class=\"x-text x-content e5149-e14 m3z1-o\">ISI pone a disposici\u00f3n informaci\u00f3n global a trav\u00e9s de plataformas propias, facilitando el acceso mediante interfaz web, API y data feeds, y marketplaces.<\/div><\/div><\/div><\/div><\/div><section class=\"x-section e5149-e15 m3z1-0 text-image\"><div class=\"x-row x-container max width e5149-e16 m3z1-1 m3z1-6 m3z1-7 m3z1-8 m3z1-e m3z1-f\" id=\"timelines\"><div class=\"x-row-inner\"><div class=\"x-col e5149-e17 m3z1-k\"><div class=\"x-text x-content e5149-e18 m3z1-o\"><h2>Plataformas web<\/h2>\n<p>Accede a nuestros datos, contenido e informaci\u00f3n a trav\u00e9s de plataformas web. Los clientes pueden iniciar sesi\u00f3n desde cualquier navegador, ordenador y ubicaci\u00f3n, siempre que tengan conexi\u00f3n a internet. <\/p>\n<p>Nuestras plataformas incorporan capacidades de b\u00fasqueda y filtrado que ahorran tiempo, as\u00ed como opciones pr\u00e1cticas de descarga y exportaci\u00f3n, integr\u00e1ndose f\u00e1cilmente en los flujos de trabajo de nuestros clientes.<\/p><\/div><\/div><div class=\"x-col e5149-e19 m3z1-k\"><span class=\"x-image e5149-e20 m3z1-m\"><img decoding=\"async\" src=\"https:\/\/isimarkets.com\/wp-content\/uploads\/Web-based-platforms.webp\" width=\"1300\" height=\"1300\" alt=\"Una mujer y un hombre sentados a una mesa concentrados en un documento. La mujer viste una blusa gris; el hombre, desenfocado, lleva gafas y una americana beige, creando un tono profesional.\" loading=\"lazy\"><\/span><\/div><\/div><\/div><div class=\"x-row x-container max width e5149-e21 m3z1-1 m3z1-3 m3z1-6 m3z1-8 m3z1-e m3z1-g\" id=\"unique-coverage\"><div class=\"x-row-inner\"><div class=\"x-col e5149-e22 m3z1-k\"><span class=\"x-image e5149-e23 m3z1-m\"><img decoding=\"async\" src=\"https:\/\/isimarkets.com\/wp-content\/uploads\/API-data-feeds.webp\" width=\"1300\" height=\"1300\" alt=\"Cables de fibra \u00f3ptica conectados en un rack de servidores.\" loading=\"lazy\"><\/span><\/div><div class=\"x-col e5149-e24 m3z1-k\"><div class=\"x-text x-content e5149-e25 m3z1-o\"><h2>API y feeds de datos<\/h2>\n<p>Reconocemos lo importante que es para nuestros clientes acceder al contenido adecuado en el momento oportuno e integrarlo directamente en sus sistemas. Por ello, ponemos nuestro contenido a disposici\u00f3n a trav\u00e9s de soluciones de API y Data Feeds probadas y confiables.<\/p>\n<p>Con el respaldo de nuestro equipo especializado en APIs, nuestras soluciones de API y Data Feeds permiten realizar b\u00fasquedas din\u00e1micas y extraer informaci\u00f3n directamente desde nuestras bases de datos, as\u00ed como configurar feeds seguros y personalizados con conjuntos de datos definidos por el cliente.<\/p><\/div><\/div><\/div><\/div><div class=\"x-row x-container max width e5149-e26 m3z1-1 m3z1-6 m3z1-7 m3z1-8 m3z1-e m3z1-h\"><div class=\"x-row-inner\"><div class=\"x-col e5149-e27 m3z1-k\"><div class=\"x-text x-content e5149-e28 m3z1-o\"><h2>Snowflake<\/h2>\n<p>Los extensos conjuntos de datos globales de CEIC se actualizan de forma autom\u00e1tica y est\u00e1n disponibles v\u00eda Snowflake, evitando descargas adicionales o procesos de actualizaci\u00f3n manual.<\/p>\n<p>Al aprovechar la compartici\u00f3n segura de datos de Snowflake, los equipos cuantitativos pueden consultar directamente los datos de CEIC sin necesidad de mantener m\u00faltiples copias en sistemas aislados. Esta integraci\u00f3n permite una recalibraci\u00f3n de modelos m\u00e1s r\u00e1pida y precisa, as\u00ed como su posterior publicaci\u00f3n en un entorno centralizado. Los modelos de ejecuci\u00f3n que impulsan el rebalanceo y la generaci\u00f3n de operaciones pueden acceder al mismo entorno, lo que reduce errores y agiliza el proceso de inversi\u00f3n, contribuyendo finalmente a mejorar los retornos de inversi\u00f3n.  <\/p>\n<p>El entorno de datos unificado y en la nube que ofrece Snowflake reduce significativamente el tiempo dedicado a la preparaci\u00f3n de datos, evita errores costosos y mejora la eficiencia operativa, permitiendo que los equipos de inversi\u00f3n se concentren en optimizar el desempe\u00f1o de sus estrategias de inversi\u00f3n.<\/p>\n<p><a class=\"button\" href=\"https:\/\/info.isimarkets.com\/ceic\/snowflake-request-a-demo\">M\u00e1s informaci\u00f3n<\/a><\/p><\/div><\/div><div class=\"x-col e5149-e29 m3z1-k\"><span class=\"x-image e5149-e30 m3z1-m\"><img decoding=\"async\" src=\"https:\/\/isimarkets.com\/wp-content\/uploads\/Snowflake.webp\" width=\"1300\" height=\"1300\" alt=\"Un grupo diverso de profesionales en una reuni\u00f3n. Una mujer con blusa rosa habla con expresividad, mientras un hombre escucha con atenci\u00f3n. Atm\u00f3sfera de colaboraci\u00f3n.\" loading=\"lazy\"><\/span><\/div><\/div><\/div><\/section><section class=\"x-section e5149-e31 m3z1-0 features beige\" id=\"features\"><div class=\"x-row x-container max width e5149-e32 m3z1-1 m3z1-2 m3z1-7 m3z1-8 m3z1-e m3z1-i\"><div class=\"x-row-inner\"><div class=\"x-col e5149-e33 m3z1-k\"><div class=\"x-text x-content e5149-e34 m3z1-o\"><h2>Caracter\u00edsticas clave e integraci\u00f3n con Snowflake<\/h2><\/div><\/div><div class=\"x-col e5149-e35 m3z1-k\"><div class=\"x-text x-content e5149-e36 m3z1-o\"><ul>\n \t<li>\n<h3>Arquitectura de datos dise\u00f1ada nativamente para la nube<\/h3>\n<p>El modelo desacoplado de c\u00f3mputo y almacenamiento de Snowflake permite una escalabilidad bajo demanda y un procesamiento de datos eficiente en costos, lo que lo hace ideal para gestionar los amplios conjuntos de datos de CEIC.<\/p>\n<\/li>\n \t<li>\n<h3>Datos en tiempo real, listos para consultar<\/h3>\n<p>Elimina las demoras de los procesos tradicionales de ETL. Los datos de CEIC se entregan en tiempo real dentro de Snowflake, garantizando que tus modelos de inversi\u00f3n est\u00e9n siempre basados en la informaci\u00f3n de mercado m\u00e1s actual. <\/p>\n<\/li>\n \t<li>\n<h3>Entorno de datos unificado<\/h3>\n<p>Consolida fuentes de datos dispersas en una \u00fanica plataforma segura. Con los datos de CEIC disponibles en Snowflake, accede a una vista unificada que respalda tanto el an\u00e1lisis de tendencias hist\u00f3ricas como la toma de decisiones en tiempo real. <\/p>\n<\/li>\n \t<li>\n<h3>Integraci\u00f3n sin fricciones<\/h3>\n<p>Aprovecha el amplio ecosistema de conectores y APIs de Snowflake para integrar los datos de CEIC en tus herramientas y plataformas existentes, potenciando el an\u00e1lisis avanzado, la gesti\u00f3n de riesgos y la optimizaci\u00f3n de portafolios.<\/p>\n<\/li>\n<\/ul><\/div><\/div><\/div><\/div><\/section><div class=\"cs-content x-global-block x-global-block-4999 e5149-e43\"><section class=\"x-section e4999-e2 m3uv-0 cta accent\" id=\"cta\"><div class=\"x-row x-container max width e4999-e3 m3uv-1 m3uv-2\"><div class=\"x-row-inner\"><div class=\"x-col e4999-e4 m3uv-3\"><div class=\"x-text x-content e4999-e5 m3uv-4\"><h2>Request Demo<\/h2>\n<p class=\"highlight\"><mark>Turn complexity into clarity<\/mark><\/p>\n<p class=\"cta\"><a class=\"button request-demo\" href=\"\/demo\/\">Request Demo<\/a><\/p><\/div><\/div><div class=\"x-col e4999-e6 m3uv-3\"><div class=\"x-text x-content e4999-e7 m3uv-4\"><div class=\"x-image\"><img loading=\"lazy\" decoding=\"async\" src=\"https:\/\/isimarkets.com\/wp-content\/uploads\/Demo-04.webp\" alt=\"\" width=\"2000\" height=\"2000\" class=\"alignnone size-full wp-image-4822\" srcset=\"https:\/\/isimarkets.com\/wp-content\/uploads\/Demo-04.webp 2000w, https:\/\/isimarkets.com\/wp-content\/uploads\/Demo-04-300x300.webp 300w, https:\/\/isimarkets.com\/wp-content\/uploads\/Demo-04-1024x1024.webp 1024w, https:\/\/isimarkets.com\/wp-content\/uploads\/Demo-04-150x150.webp 150w, https:\/\/isimarkets.com\/wp-content\/uploads\/Demo-04-768x768.webp 768w, https:\/\/isimarkets.com\/wp-content\/uploads\/Demo-04-1536x1536.webp 1536w\" sizes=\"auto, (max-width: 2000px) 100vw, 2000px\" \/><\/div><\/div><\/div><\/div><\/div><\/section><\/div><\/div>","protected":false},"excerpt":{"rendered":"<p>HomeAcceso a los datos Modalidades de acceso flexiblesISI pone a disposici\u00f3n informaci\u00f3n global a trav\u00e9s de plataformas propias, facilitando el acceso mediante interfaz web, API y data feeds, y marketplaces.Plataformas web Accede a nuestros datos, contenido e informaci\u00f3n a trav\u00e9s de plataformas web. Los clientes pueden iniciar sesi\u00f3n desde cualquier navegador, ordenador y ubicaci\u00f3n, siempre que tengan conexi\u00f3n a internet.&hellip;<\/p>\n","protected":false},"author":1,"featured_media":0,"parent":5143,"menu_order":1,"comment_status":"closed","ping_status":"closed","template":"template-blank-4.php","meta":{"content-type":"","cpa_authors":[],"cpa_override_default":false,"footnotes":""},"class_list":["post-5149","page","type-page","status-publish","hentry","no-post-thumbnail"],"yoast_head":"<!-- This site is optimized with the Yoast SEO plugin v27.4 - https:\/\/yoast.com\/product\/yoast-seo-wordpress\/ -->\n<title>Entrega de datos flexible: API, feeds y UI web | ISI Markets<\/title>\n<meta name=\"description\" content=\"Accede a la inteligencia de ISI Markets a trav\u00e9s de plataformas web, API y feeds de datos, o integraciones de marketplace. Entrega de datos flexible dise\u00f1ada para tus flujos de trabajo.\" \/>\n<meta name=\"robots\" content=\"index, follow, max-snippet:-1, max-image-preview:large, max-video-preview:-1\" \/>\n<link rel=\"canonical\" href=\"https:\/\/isimarkets.com\/es\/acercarse-es\/entrega-de-datos-es\/\" \/>\n<meta property=\"og:locale\" content=\"es_ES\" \/>\n<meta property=\"og:type\" content=\"article\" \/>\n<meta property=\"og:title\" content=\"Entrega de datos flexible: API, feeds y UI web | ISI Markets\" \/>\n<meta property=\"og:description\" content=\"Accede a la inteligencia de ISI Markets a trav\u00e9s de plataformas web, API y feeds de datos, o integraciones de marketplace. Entrega de datos flexible dise\u00f1ada para tus flujos de trabajo.\" \/>\n<meta property=\"og:url\" content=\"https:\/\/isimarkets.com\/es\/acercarse-es\/entrega-de-datos-es\/\" \/>\n<meta property=\"og:site_name\" content=\"ISI\" \/>\n<meta property=\"article:modified_time\" content=\"2026-03-30T21:02:50+00:00\" \/>\n<meta property=\"og:image\" content=\"https:\/\/isimarkets.com\/wp-content\/uploads\/Data-Delivery-Banner-scaled.webp\" \/>\n<meta name=\"twitter:card\" content=\"summary_large_image\" \/>\n<meta name=\"twitter:label1\" content=\"Tiempo de lectura\" \/>\n\t<meta name=\"twitter:data1\" content=\"2 minutos\" \/>\n<script type=\"application\/ld+json\" class=\"yoast-schema-graph\">{\"@context\":\"https:\\\/\\\/schema.org\",\"@graph\":[{\"@type\":\"WebPage\",\"@id\":\"https:\\\/\\\/isimarkets.com\\\/es\\\/acercarse-es\\\/entrega-de-datos-es\\\/\",\"url\":\"https:\\\/\\\/isimarkets.com\\\/es\\\/acercarse-es\\\/entrega-de-datos-es\\\/\",\"name\":\"Entrega de datos flexible: API, feeds y UI web | ISI Markets\",\"isPartOf\":{\"@id\":\"https:\\\/\\\/isimarkets.com\\\/es\\\/#website\"},\"primaryImageOfPage\":{\"@id\":\"https:\\\/\\\/isimarkets.com\\\/es\\\/acercarse-es\\\/entrega-de-datos-es\\\/#primaryimage\"},\"image\":{\"@id\":\"https:\\\/\\\/isimarkets.com\\\/es\\\/acercarse-es\\\/entrega-de-datos-es\\\/#primaryimage\"},\"thumbnailUrl\":\"https:\\\/\\\/isimarkets.com\\\/wp-content\\\/uploads\\\/Data-Delivery-Banner-scaled.webp\",\"datePublished\":\"2026-01-19T15:42:13+00:00\",\"dateModified\":\"2026-03-30T21:02:50+00:00\",\"description\":\"Accede a la inteligencia de ISI Markets a trav\u00e9s de plataformas web, API y feeds de datos, o integraciones de marketplace. Entrega de datos flexible dise\u00f1ada para tus flujos de trabajo.\",\"breadcrumb\":{\"@id\":\"https:\\\/\\\/isimarkets.com\\\/es\\\/acercarse-es\\\/entrega-de-datos-es\\\/#breadcrumb\"},\"inLanguage\":\"es\",\"potentialAction\":[{\"@type\":\"ReadAction\",\"target\":[\"https:\\\/\\\/isimarkets.com\\\/es\\\/acercarse-es\\\/entrega-de-datos-es\\\/\"]}]},{\"@type\":\"ImageObject\",\"inLanguage\":\"es\",\"@id\":\"https:\\\/\\\/isimarkets.com\\\/es\\\/acercarse-es\\\/entrega-de-datos-es\\\/#primaryimage\",\"url\":\"https:\\\/\\\/isimarkets.com\\\/wp-content\\\/uploads\\\/Data-Delivery-Banner-scaled.webp\",\"contentUrl\":\"https:\\\/\\\/isimarkets.com\\\/wp-content\\\/uploads\\\/Data-Delivery-Banner-scaled.webp\"},{\"@type\":\"BreadcrumbList\",\"@id\":\"https:\\\/\\\/isimarkets.com\\\/es\\\/acercarse-es\\\/entrega-de-datos-es\\\/#breadcrumb\",\"itemListElement\":[{\"@type\":\"ListItem\",\"position\":1,\"name\":\"Home\",\"item\":\"https:\\\/\\\/isimarkets.com\\\/es\\\/hogar-es\\\/\"},{\"@type\":\"ListItem\",\"position\":2,\"name\":\"Acercarse\",\"item\":\"https:\\\/\\\/isimarkets.com\\\/es\\\/approach\\\/\"},{\"@type\":\"ListItem\",\"position\":3,\"name\":\"Acceso a los datos\"}]},{\"@type\":\"WebSite\",\"@id\":\"https:\\\/\\\/isimarkets.com\\\/es\\\/#website\",\"url\":\"https:\\\/\\\/isimarkets.com\\\/es\\\/\",\"name\":\"ISI\",\"description\":\"Global Market Intelligence Platform\",\"potentialAction\":[{\"@type\":\"SearchAction\",\"target\":{\"@type\":\"EntryPoint\",\"urlTemplate\":\"https:\\\/\\\/isimarkets.com\\\/es\\\/?s={search_term_string}\"},\"query-input\":{\"@type\":\"PropertyValueSpecification\",\"valueRequired\":true,\"valueName\":\"search_term_string\"}}],\"inLanguage\":\"es\"}]}<\/script>\n<!-- \/ Yoast SEO plugin. -->","yoast_head_json":{"title":"Entrega de datos flexible: API, feeds y UI web | ISI Markets","description":"Accede a la inteligencia de ISI Markets a trav\u00e9s de plataformas web, API y feeds de datos, o integraciones de marketplace. Entrega de datos flexible dise\u00f1ada para tus flujos de trabajo.","robots":{"index":"index","follow":"follow","max-snippet":"max-snippet:-1","max-image-preview":"max-image-preview:large","max-video-preview":"max-video-preview:-1"},"canonical":"https:\/\/isimarkets.com\/es\/acercarse-es\/entrega-de-datos-es\/","og_locale":"es_ES","og_type":"article","og_title":"Entrega de datos flexible: API, feeds y UI web | ISI Markets","og_description":"Accede a la inteligencia de ISI Markets a trav\u00e9s de plataformas web, API y feeds de datos, o integraciones de marketplace. Entrega de datos flexible dise\u00f1ada para tus flujos de trabajo.","og_url":"https:\/\/isimarkets.com\/es\/acercarse-es\/entrega-de-datos-es\/","og_site_name":"ISI","article_modified_time":"2026-03-30T21:02:50+00:00","og_image":[{"url":"https:\/\/isimarkets.com\/wp-content\/uploads\/Data-Delivery-Banner-scaled.webp","type":"","width":"","height":""}],"twitter_card":"summary_large_image","twitter_misc":{"Tiempo de lectura":"2 minutos"},"schema":{"@context":"https:\/\/schema.org","@graph":[{"@type":"WebPage","@id":"https:\/\/isimarkets.com\/es\/acercarse-es\/entrega-de-datos-es\/","url":"https:\/\/isimarkets.com\/es\/acercarse-es\/entrega-de-datos-es\/","name":"Entrega de datos flexible: API, feeds y UI web | ISI Markets","isPartOf":{"@id":"https:\/\/isimarkets.com\/es\/#website"},"primaryImageOfPage":{"@id":"https:\/\/isimarkets.com\/es\/acercarse-es\/entrega-de-datos-es\/#primaryimage"},"image":{"@id":"https:\/\/isimarkets.com\/es\/acercarse-es\/entrega-de-datos-es\/#primaryimage"},"thumbnailUrl":"https:\/\/isimarkets.com\/wp-content\/uploads\/Data-Delivery-Banner-scaled.webp","datePublished":"2026-01-19T15:42:13+00:00","dateModified":"2026-03-30T21:02:50+00:00","description":"Accede a la inteligencia de ISI Markets a trav\u00e9s de plataformas web, API y feeds de datos, o integraciones de marketplace. Entrega de datos flexible dise\u00f1ada para tus flujos de trabajo.","breadcrumb":{"@id":"https:\/\/isimarkets.com\/es\/acercarse-es\/entrega-de-datos-es\/#breadcrumb"},"inLanguage":"es","potentialAction":[{"@type":"ReadAction","target":["https:\/\/isimarkets.com\/es\/acercarse-es\/entrega-de-datos-es\/"]}]},{"@type":"ImageObject","inLanguage":"es","@id":"https:\/\/isimarkets.com\/es\/acercarse-es\/entrega-de-datos-es\/#primaryimage","url":"https:\/\/isimarkets.com\/wp-content\/uploads\/Data-Delivery-Banner-scaled.webp","contentUrl":"https:\/\/isimarkets.com\/wp-content\/uploads\/Data-Delivery-Banner-scaled.webp"},{"@type":"BreadcrumbList","@id":"https:\/\/isimarkets.com\/es\/acercarse-es\/entrega-de-datos-es\/#breadcrumb","itemListElement":[{"@type":"ListItem","position":1,"name":"Home","item":"https:\/\/isimarkets.com\/es\/hogar-es\/"},{"@type":"ListItem","position":2,"name":"Acercarse","item":"https:\/\/isimarkets.com\/es\/approach\/"},{"@type":"ListItem","position":3,"name":"Acceso a los datos"}]},{"@type":"WebSite","@id":"https:\/\/isimarkets.com\/es\/#website","url":"https:\/\/isimarkets.com\/es\/","name":"ISI","description":"Global Market Intelligence Platform","potentialAction":[{"@type":"SearchAction","target":{"@type":"EntryPoint","urlTemplate":"https:\/\/isimarkets.com\/es\/?s={search_term_string}"},"query-input":{"@type":"PropertyValueSpecification","valueRequired":true,"valueName":"search_term_string"}}],"inLanguage":"es"}]}},"_links":{"self":[{"href":"https:\/\/isimarkets.com\/es\/wp-json\/wp\/v2\/pages\/5149","targetHints":{"allow":["GET"]}}],"collection":[{"href":"https:\/\/isimarkets.com\/es\/wp-json\/wp\/v2\/pages"}],"about":[{"href":"https:\/\/isimarkets.com\/es\/wp-json\/wp\/v2\/types\/page"}],"author":[{"embeddable":true,"href":"https:\/\/isimarkets.com\/es\/wp-json\/wp\/v2\/users\/1"}],"replies":[{"embeddable":true,"href":"https:\/\/isimarkets.com\/es\/wp-json\/wp\/v2\/comments?post=5149"}],"version-history":[{"count":6,"href":"https:\/\/isimarkets.com\/es\/wp-json\/wp\/v2\/pages\/5149\/revisions"}],"predecessor-version":[{"id":6029,"href":"https:\/\/isimarkets.com\/es\/wp-json\/wp\/v2\/pages\/5149\/revisions\/6029"}],"up":[{"embeddable":true,"href":"https:\/\/isimarkets.com\/es\/wp-json\/wp\/v2\/pages\/5143"}],"wp:attachment":[{"href":"https:\/\/isimarkets.com\/es\/wp-json\/wp\/v2\/media?parent=5149"}],"curies":[{"name":"wp","href":"https:\/\/api.w.org\/{rel}","templated":true}]}}