{"id":5155,"date":"2026-01-19T15:42:41","date_gmt":"2026-01-19T15:42:41","guid":{"rendered":"https:\/\/isimarkets.com\/?p=5155"},"modified":"2026-03-31T01:06:30","modified_gmt":"2026-03-31T00:06:30","slug":"como-aplicamos-la-ia-es","status":"publish","type":"page","link":"https:\/\/isimarkets.com\/es\/acercarse-es\/como-aplicamos-la-ia-es\/","title":{"rendered":"C\u00f3mo aplicamos la IA"},"content":{"rendered":"<div id=\"cs-content\" class=\"cs-content\"><div class=\"x-section e5155-e1 m3z7-0 breadcrumbs\" id=\"breadcrumbs\"><div class=\"x-row x-container max width e5155-e2 m3z7-1 m3z7-2 m3z7-3 m3z7-4 m3z7-5 m3z7-b\"><div class=\"x-row-inner\"><div class=\"x-col e5155-e3 m3z7-t\"><nav class=\"x-crumbs e5155-e4 m3z7-v\" role=\"navigation\"><ol class=\"x-crumbs-list\" itemscope=\"\" itemtype=\"http:\/\/schema.org\/BreadcrumbList\" aria-label=\"Breadcrumb Navigation\"><li class=\"x-crumbs-list-item\" itemprop=\"itemListElement\" itemscope itemtype=\"http:\/\/schema.org\/ListItem\"><a class=\"x-crumbs-current x-crumbs-link\" itemtype=\"http:\/\/schema.org\/Thing\" itemprop=\"item\" href=\"https:\/\/isimarkets.com\/es\/\" title=\"You Are Here\"><span itemprop=\"name\">Home<\/span><\/a><meta itemprop=\"position\" content=\"1\"><\/li><\/ol><\/nav><\/div><\/div><\/div><\/div><div class=\"x-section e5155-e5 m3z7-0 hero title\" id=\"title\"><div class=\"x-row x-container max width e5155-e6 m3z7-1 m3z7-2 m3z7-3 m3z7-6 m3z7-c m3z7-d\"><div class=\"x-row-inner\"><div class=\"x-col e5155-e7 m3z7-t\"><span class=\"x-image e5155-e8 m3z7-w m3z7-x\"><img decoding=\"async\" src=\"https:\/\/isimarkets.com\/wp-content\/uploads\/How-We-Apply-AI-Banner-scaled.webp\" width=\"1280\" height=\"519\" alt=\"Sala de servidores futurista con elegantes paredes de cristal, paneles de luz verticales de color naranja brillante y filas de servidores de alta tecnolog\u00eda que emiten una luz azul fr\u00eda.\" loading=\"lazy\"><\/span><\/div><\/div><\/div><div class=\"x-row x-container max width e5155-e9 m3z7-1 m3z7-2 m3z7-3 m3z7-6 m3z7-c m3z7-e\"><div class=\"x-row-inner\"><div class=\"x-col e5155-e10 m3z7-t\"><div class=\"x-text x-content e5155-e11 m3z7-y m3z7-z\"><h1>C\u00f3mo aplicamos la IA<\/h1>\n<h2><mark>Aprovechamos la IA para transformar contenidos y datos en insights<\/mark><\/h2><\/div><\/div><\/div><\/div><div class=\"x-row x-container max width e5155-e12 m3z7-1 m3z7-2 m3z7-3 m3z7-6 m3z7-c m3z7-f\"><div class=\"x-row-inner\"><div class=\"x-col e5155-e13 m3z7-t\"><div class=\"x-text x-content e5155-e14 m3z7-y m3z7-z\">En ISI ayudamos a nuestros clientes a superar desaf\u00edos cr\u00edticos, como reducir el riesgo de pasar por alto datos clave, extraer insights relevantes a partir de grandes vol\u00famenes de informaci\u00f3n y acelerar la identificaci\u00f3n, el procesamiento y el intercambio de contenidos.<\/div><\/div><\/div><\/div><\/div><section class=\"x-section e5155-e15 m3z7-0\"><div class=\"x-row x-container max width e5155-e16 m3z7-1 m3z7-3 m3z7-6 m3z7-7 m3z7-c m3z7-g\"><div class=\"x-row-inner\"><div class=\"x-col e5155-e17 m3z7-t m3z7-u\"><div class=\"x-text x-content e5155-e18 m3z7-y m3z7-10\"><p>Empoderamos a nuestros clientes con informaci\u00f3n accionable, impulsada por capacidades avanzadas de inteligencia artificial y machine learning.<\/p>\n<p>Nuestra tecnolog\u00eda permite identificar tendencias y problem\u00e1ticas que de otro modo podr\u00edan pasar desapercibidas dentro de un amplio repositorio de contenidos multiling\u00fces y de m\u00faltiples fuentes, y transformar grandes vol\u00famenes de datos de alta frecuencia y datos alternativos en insights macro oportunos y accionables.<\/p><\/div><\/div><\/div><\/div><\/section><section class=\"x-section e5155-e19 m3z7-0 text-image\"><div class=\"x-row x-container max width e5155-e20 m3z7-1 m3z7-2 m3z7-8 m3z7-9 m3z7-a m3z7-h m3z7-i\" id=\"timelines\"><div class=\"x-row-inner\"><div class=\"x-col e5155-e21 m3z7-t\"><div class=\"x-text x-content e5155-e22 m3z7-y m3z7-z\"><h2>Descubre datos de forma m\u00e1s r\u00e1pida y eficiente<\/h2>\n<p>La soluci\u00f3n de b\u00fasqueda de ISI, impulsada por machine learning, facilita el descubrimiento de datos al ofrecer a los usuarios resultados de b\u00fasqueda completos y precisos. Nuestro motor de b\u00fasqueda comprende las consultas de los usuarios, analiza su intenci\u00f3n y propone sugerencias relevantes, asegurando que puedan encontrar la informaci\u00f3n que necesitan, incluso al trabajar con conjuntos de datos amplios y complejos. <\/p><\/div><\/div><div class=\"x-col e5155-e23 m3z7-t\"><span class=\"x-image e5155-e24 m3z7-w\"><img decoding=\"async\" src=\"https:\/\/isimarkets.com\/wp-content\/uploads\/Faster-and-better-data-discovery.webp\" width=\"1300\" height=\"1300\" alt=\"Filas de servidores dentro de un centro de datos.\" loading=\"lazy\"><\/span><\/div><\/div><\/div><div class=\"x-row x-container max width e5155-e25 m3z7-1 m3z7-2 m3z7-4 m3z7-8 m3z7-a m3z7-h m3z7-j\" id=\"unique-coverage\"><div class=\"x-row-inner\"><div class=\"x-col e5155-e26 m3z7-t\"><span class=\"x-image e5155-e27 m3z7-w\"><img decoding=\"async\" src=\"https:\/\/isimarkets.com\/wp-content\/uploads\/Transforming-market-intelligence-into-user-advantage.webp\" width=\"1300\" height=\"1300\" alt=\"Dos personas sentadas juntas, concentradas y analizando algo en la pantalla de un ordenador. El ambiente es colaborativo y profesional.\" loading=\"lazy\"><\/span><\/div><div class=\"x-col e5155-e28 m3z7-t\"><div class=\"x-text x-content e5155-e29 m3z7-y m3z7-z\"><h2>Transformamos la inteligencia de mercados en ventaja para el usuario<\/h2>\n<p>Mediante el uso de inteligencia artificial en EMIS y REDD, replicamos procesos de razonamiento y s\u00edntesis propios de analistas especializados, optimizando la productividad y los flujos de investigaci\u00f3n. AskEMIS y AskREDD facilitan el acceso, an\u00e1lisis y generaci\u00f3n de insights dentro de las plataformas. <\/p><\/div><\/div><\/div><\/div><div class=\"x-row x-container max width e5155-e30 m3z7-1 m3z7-2 m3z7-8 m3z7-9 m3z7-a m3z7-h m3z7-k\"><div class=\"x-row-inner\"><div class=\"x-col e5155-e31 m3z7-t\"><div class=\"x-text x-content e5155-e32 m3z7-y m3z7-z\"><h2>Detecta se\u00f1ales desde fuentes de noticias no tradicionales<\/h2>\n<p>Esta bien asi? Para garantizar que los usuarios no pasen por alto ninguna se\u00f1al clave, nuestro producto EMIS monitorea y selecciona de manera rigurosa cientos de miles de fuentes p\u00fablicas no tradicionales (como blogs, noticias empresariales en l\u00ednea y sitios web de m\u00e1s de 197 mercados), ofreciendo art\u00edculos generados por IA, concisos, confiables, y disponibles en ingl\u00e9s, incluyendo siempre el enlace a la fuente original local.<\/p><\/div><\/div><div class=\"x-col e5155-e33 m3z7-t\"><span class=\"x-image e5155-e34 m3z7-w\"><img decoding=\"async\" src=\"https:\/\/isimarkets.com\/wp-content\/uploads\/Uncover-signals-from-non-traditional-news-outlets.webp\" width=\"1300\" height=\"1300\" alt=\"Una fila de bastidores de servidores iluminados en un centro de datos, que brillan con luces azules y blancas, creando una atm\u00f3sfera eficiente y de alta tecnolog\u00eda.\" loading=\"lazy\"><\/span><\/div><\/div><\/div><div class=\"x-row x-container max width e5155-e35 m3z7-1 m3z7-2 m3z7-4 m3z7-8 m3z7-a m3z7-h m3z7-l\"><div class=\"x-row-inner\"><div class=\"x-col e5155-e36 m3z7-t\"><span class=\"x-image e5155-e37 m3z7-w\"><img decoding=\"async\" src=\"https:\/\/isimarkets.com\/wp-content\/uploads\/Identify-trending-topics.webp\" width=\"1300\" height=\"1300\" alt=\"Hombre trabajando con un port\u00e1til en una oficina.\" loading=\"lazy\"><\/span><\/div><div class=\"x-col e5155-e38 m3z7-t\"><div class=\"x-text x-content e5155-e39 m3z7-y m3z7-z\"><h2>Identifica temas en tendencia<\/h2>\n<p>Con el objetivo de optimizar el tiempo de nuestros clientes y reducir la sobrecarga informativa, nuestras soluciones de Text Analytics, impulsadas por inteligencia artificial, analizan en tiempo casi real las fuentes de noticias de EMIS para detectar se\u00f1ales clave y tendencias emergentes en industrias y mercados a nivel global.<\/p><\/div><\/div><\/div><\/div><div class=\"x-row x-container max width e5155-e40 m3z7-1 m3z7-2 m3z7-8 m3z7-9 m3z7-a m3z7-h m3z7-m\"><div class=\"x-row-inner\"><div class=\"x-col e5155-e41 m3z7-t\"><div class=\"x-text x-content e5155-e42 m3z7-y m3z7-z\"><h2>Mayor relevancia gracias a una clasificaci\u00f3n avanzada de datos<\/h2>\n<p>Gracias al uso de cientos de modelos de machine learning, EMIS agrega y enriquece millones de documentos cada a\u00f1o, clasificando el contenido de forma precisa y contextual. Este enfoque permite a los usuarios acceder a informaci\u00f3n relevante y actualizada sin necesidad de realizar b\u00fasquedas y an\u00e1lisis manuales, incluyendo conjuntos de contenido especializados, como informaci\u00f3n ESG agrupada de manera inteligente.  <\/p><\/div><\/div><div class=\"x-col e5155-e43 m3z7-t\"><span class=\"x-image e5155-e44 m3z7-w\"><img decoding=\"async\" src=\"https:\/\/isimarkets.com\/wp-content\/uploads\/Improved-relevance-from-advanced-data-classification.webp\" width=\"1300\" height=\"1300\" alt=\"Grandes bastidores de servidores dentro de un centro de datos moderno.\" loading=\"lazy\"><\/span><\/div><\/div><\/div><div class=\"x-row x-container max width e5155-e45 m3z7-1 m3z7-2 m3z7-4 m3z7-8 m3z7-a m3z7-h m3z7-n\"><div class=\"x-row-inner\"><div class=\"x-col e5155-e46 m3z7-t\"><span class=\"x-image e5155-e47 m3z7-w\"><img decoding=\"async\" src=\"https:\/\/isimarkets.com\/wp-content\/uploads\/Content-personalised-to-your-interests.webp\" width=\"1300\" height=\"1300\" alt=\"Tres compa\u00f1eros de trabajo analizando ideas en una reuni\u00f3n.\" loading=\"lazy\"><\/span><\/div><div class=\"x-col e5155-e48 m3z7-t\"><div class=\"x-text x-content e5155-e49 m3z7-y m3z7-z\"><h2>Contenido personalizado seg\u00fan tus intereses<\/h2>\n<p>En nuestro producto EMIS, ofrecemos a los usuarios recomendaciones de contenido personalizadas, basadas en sus b\u00fasquedas previas dentro de la plataforma. Al comprender los patrones de comportamiento de cada usuario, nuestro sistema recomienda contenido relevante que se ajusta a sus intereses y necesidades espec\u00edficas, facilitando un acceso m\u00e1s r\u00e1pido y preciso a la informaci\u00f3n clave. <\/p><\/div><\/div><\/div><\/div><div class=\"x-row x-container max width e5155-e50 m3z7-1 m3z7-2 m3z7-8 m3z7-9 m3z7-a m3z7-h m3z7-o\"><div class=\"x-row-inner\"><div class=\"x-col e5155-e51 m3z7-t\"><div class=\"x-text x-content e5155-e52 m3z7-y m3z7-z\"><h2>Informaci\u00f3n empresarial enriquecida<\/h2>\n<p>En nuestro producto EMIS, empleamos algoritmos de IA generativa para extraer, depurar y estructurar informaci\u00f3n empresarial a partir de m\u00faltiples fuentes, eliminando tareas manuales y reduciendo errores. Esta automatizaci\u00f3n optimiza el proceso de obtenci\u00f3n de informaci\u00f3n y pone a disposici\u00f3n de los usuarios insights empresariales listos para usar, facilitando una toma de decisiones m\u00e1s informada. <\/p><\/div><\/div><div class=\"x-col e5155-e53 m3z7-t\"><span class=\"x-image e5155-e54 m3z7-w\"><img decoding=\"async\" src=\"https:\/\/isimarkets.com\/wp-content\/uploads\/Enhanced-company-information.webp\" width=\"1300\" height=\"1300\" alt=\"Filas de servidores dentro de un centro de datos moderno.\" loading=\"lazy\"><\/span><\/div><\/div><\/div><div class=\"x-row x-container max width e5155-e55 m3z7-1 m3z7-2 m3z7-4 m3z7-8 m3z7-a m3z7-h m3z7-p\"><div class=\"x-row-inner\"><div class=\"x-col e5155-e56 m3z7-t\"><span class=\"x-image e5155-e57 m3z7-w\"><img decoding=\"async\" src=\"https:\/\/isimarkets.com\/wp-content\/uploads\/Insights-generation.webp\" width=\"1300\" height=\"1300\" alt=\"Dos compa\u00f1eros de trabajo colaborando y analizando un proyecto mientras trabajan con un port\u00e1til en una oficina moderna.\" loading=\"lazy\"><\/span><\/div><div class=\"x-col e5155-e58 m3z7-t\"><div class=\"x-text x-content e5155-e59 m3z7-y m3z7-z\"><h2>Generaci\u00f3n de insights<\/h2>\n<p>En nuestro producto CEIC, utilizamos modelos avanzados de machine learning para generar nowcasts semanales de indicadores econ\u00f3micos clave, como el crecimiento del PIB, la inflaci\u00f3n y las condiciones del mercado laboral. Al combinar estad\u00edsticas oficiales con datos ricos y de alta frecuencia, nuestros modelos permiten identificar cambios econ\u00f3micos y puntos de inflexi\u00f3n con mucha mayor anticipaci\u00f3n que las publicaciones tradicionales. <\/p><\/div><\/div><\/div><\/div><\/section><section class=\"x-section e5155-e60 m3z7-0 features beige\" id=\"features\"><div class=\"x-row x-container max width e5155-e61 m3z7-1 m3z7-2 m3z7-3 m3z7-9 m3z7-a m3z7-h m3z7-q\"><div class=\"x-row-inner\"><div class=\"x-col e5155-e62 m3z7-t\"><div class=\"x-text x-content e5155-e63 m3z7-y m3z7-z\"><h2>Por qu\u00e9 los equipos utilizan ISI<\/h2><\/div><\/div><div class=\"x-col e5155-e64 m3z7-t\"><div class=\"x-text x-content e5155-e65 m3z7-y m3z7-z\"><ul>\n \t<li>\n<h3>Cobertura amplia<\/h3>\n<p>Dise\u00f1ado en torno a las necesidades de investigaci\u00f3n de los mercados globales<\/p>\n<\/li>\n \t<li>\n<h3>Insights m\u00e1s r\u00e1pidos<\/h3>\n<p>Con herramientas que reducen la b\u00fasqueda y recopilaci\u00f3n manual<\/p>\n<\/li>\n \t<li>\n<h3>Decisiones con mayor confianza<\/h3>\n<p>Basado en informaci\u00f3n confiable y flujos de trabajo bien estructurados<\/p>\n<\/li>\n \t<li>\n<h3>Una sola plataforma<\/h3>\n<p>Para respaldar el descubrimiento, el an\u00e1lisis y el monitoreo continuo<\/p>\n<\/li>\n<\/ul><\/div><\/div><\/div><\/div><\/section><section class=\"x-section e5155-e66 m3z7-0 text-image\"><div class=\"x-row x-container max width e5155-e67 m3z7-1 m3z7-2 m3z7-8 m3z7-9 m3z7-a m3z7-h m3z7-r\"><div class=\"x-row-inner\"><div class=\"x-col e5155-e68 m3z7-t\"><div class=\"x-text x-content e5155-e69 m3z7-y m3z7-z\"><h2>Empieza ahora<\/h2>\n<p>Explora ISI como parte de tu flujo de investigaci\u00f3n de mercados, o ponte en contacto con nosotros para conocer en detalle nuestras capacidades y opciones de acceso.<\/p><\/div><\/div><div class=\"x-col e5155-e70 m3z7-t\"><span class=\"x-image e5155-e71 m3z7-w\"><img decoding=\"async\" src=\"https:\/\/isimarkets.com\/wp-content\/uploads\/Get-started.webp\" width=\"1300\" height=\"1300\" alt=\"Mujer sonriendo durante una reuni\u00f3n con un port\u00e1til.\" loading=\"lazy\"><\/span><\/div><\/div><\/div><\/section><section class=\"x-section e5155-e72 m3z7-0 cta accent\" id=\"cta\"><div class=\"x-row x-container max width e5155-e73 m3z7-1 m3z7-2 m3z7-3 m3z7-6 m3z7-c m3z7-s\"><div class=\"x-row-inner\"><div class=\"x-col e5155-e74 m3z7-t\"><div class=\"x-text x-content e5155-e75 m3z7-y m3z7-z\"><h2>Solicitar demo<\/h2>\n<p class=\"highlight\"><mark>Convierte la complejidad en claridad.<\/mark><\/p>\n<p class=\"cta\"><a class=\"button request-demo\" href=\"https:\/\/isimarkets.com\/es\/solicitar-demostracion-es\/\">Solicitar Demo<\/a><\/p><\/div><\/div><div class=\"x-col e5155-e76 m3z7-t\"><span class=\"x-image e5155-e77 m3z7-w\"><img decoding=\"async\" src=\"https:\/\/isimarkets.com\/wp-content\/uploads\/Business-Woman-Wearing-Glasses-And-Black-Dress-Square.png\" width=\"600\" height=\"600\" alt=\"Foto de marcador de posici\u00f3n\" loading=\"lazy\"><\/span><\/div><\/div><\/div><\/section><\/div>","protected":false},"excerpt":{"rendered":"<p>HomeC\u00f3mo aplicamos la IA Aprovechamos la IA para transformar contenidos y datos en insightsEn ISI ayudamos a nuestros clientes a superar desaf\u00edos cr\u00edticos, como reducir el riesgo de pasar por alto datos clave, extraer insights relevantes a partir de grandes vol\u00famenes de informaci\u00f3n y acelerar la identificaci\u00f3n, el procesamiento y el intercambio de contenidos.Empoderamos a nuestros clientes con informaci\u00f3n accionable,&hellip;<\/p>\n","protected":false},"author":1,"featured_media":0,"parent":5143,"menu_order":2,"comment_status":"closed","ping_status":"closed","template":"template-blank-4.php","meta":{"content-type":"","cpa_authors":[],"cpa_override_default":false,"footnotes":""},"class_list":["post-5155","page","type-page","status-publish","hentry","no-post-thumbnail"],"yoast_head":"<!-- This site is optimized with the Yoast SEO plugin v27.4 - https:\/\/yoast.com\/product\/yoast-seo-wordpress\/ -->\n<title>Inteligencia de mercado con IA: c\u00f3mo aplica ISI la IA a los datos y la informaci\u00f3n<\/title>\n<meta name=\"description\" content=\"ISI Markets aplica la inteligencia de mercado con IA mediante el aprendizaje autom\u00e1tico y la IA generativa, lo que permite descubrir datos m\u00e1s r\u00e1pido, realizar predicciones econ\u00f3micas inmediatas (nowcasts) y obtener informaci\u00f3n automatizada en CEIC, EMIS y REDD.\" \/>\n<meta name=\"robots\" content=\"index, follow, max-snippet:-1, max-image-preview:large, max-video-preview:-1\" \/>\n<link rel=\"canonical\" href=\"https:\/\/isimarkets.com\/es\/acercarse-es\/como-aplicamos-la-ia-es\/\" \/>\n<meta property=\"og:locale\" content=\"es_ES\" \/>\n<meta property=\"og:type\" content=\"article\" \/>\n<meta property=\"og:title\" content=\"Inteligencia de mercado con IA: c\u00f3mo aplica ISI la IA a los datos y la informaci\u00f3n\" \/>\n<meta property=\"og:description\" content=\"ISI Markets aplica la inteligencia de mercado con IA mediante el aprendizaje autom\u00e1tico y la IA generativa, lo que permite descubrir datos m\u00e1s r\u00e1pido, realizar predicciones econ\u00f3micas inmediatas (nowcasts) y obtener informaci\u00f3n automatizada en CEIC, EMIS y REDD.\" \/>\n<meta property=\"og:url\" content=\"https:\/\/isimarkets.com\/es\/acercarse-es\/como-aplicamos-la-ia-es\/\" \/>\n<meta property=\"og:site_name\" content=\"ISI\" \/>\n<meta property=\"article:modified_time\" content=\"2026-03-31T00:06:30+00:00\" \/>\n<meta property=\"og:image\" content=\"https:\/\/isimarkets.com\/wp-content\/uploads\/How-We-Apply-AI-Banner-scaled.webp\" \/>\n<meta name=\"twitter:card\" content=\"summary_large_image\" \/>\n<meta name=\"twitter:label1\" content=\"Tiempo de lectura\" \/>\n\t<meta name=\"twitter:data1\" content=\"3 minutos\" \/>\n<script type=\"application\/ld+json\" class=\"yoast-schema-graph\">{\"@context\":\"https:\\\/\\\/schema.org\",\"@graph\":[{\"@type\":\"WebPage\",\"@id\":\"https:\\\/\\\/isimarkets.com\\\/es\\\/acercarse-es\\\/como-aplicamos-la-ia-es\\\/\",\"url\":\"https:\\\/\\\/isimarkets.com\\\/es\\\/acercarse-es\\\/como-aplicamos-la-ia-es\\\/\",\"name\":\"Inteligencia de mercado con IA: c\u00f3mo aplica ISI la IA a los datos y la informaci\u00f3n\",\"isPartOf\":{\"@id\":\"https:\\\/\\\/isimarkets.com\\\/es\\\/#website\"},\"primaryImageOfPage\":{\"@id\":\"https:\\\/\\\/isimarkets.com\\\/es\\\/acercarse-es\\\/como-aplicamos-la-ia-es\\\/#primaryimage\"},\"image\":{\"@id\":\"https:\\\/\\\/isimarkets.com\\\/es\\\/acercarse-es\\\/como-aplicamos-la-ia-es\\\/#primaryimage\"},\"thumbnailUrl\":\"https:\\\/\\\/isimarkets.com\\\/wp-content\\\/uploads\\\/How-We-Apply-AI-Banner-scaled.webp\",\"datePublished\":\"2026-01-19T15:42:41+00:00\",\"dateModified\":\"2026-03-31T00:06:30+00:00\",\"description\":\"ISI Markets aplica la inteligencia de mercado con IA mediante el aprendizaje autom\u00e1tico y la IA generativa, lo que permite descubrir datos m\u00e1s r\u00e1pido, realizar predicciones econ\u00f3micas inmediatas (nowcasts) y obtener informaci\u00f3n automatizada en CEIC, EMIS y REDD.\",\"breadcrumb\":{\"@id\":\"https:\\\/\\\/isimarkets.com\\\/es\\\/acercarse-es\\\/como-aplicamos-la-ia-es\\\/#breadcrumb\"},\"inLanguage\":\"es\",\"potentialAction\":[{\"@type\":\"ReadAction\",\"target\":[\"https:\\\/\\\/isimarkets.com\\\/es\\\/acercarse-es\\\/como-aplicamos-la-ia-es\\\/\"]}]},{\"@type\":\"ImageObject\",\"inLanguage\":\"es\",\"@id\":\"https:\\\/\\\/isimarkets.com\\\/es\\\/acercarse-es\\\/como-aplicamos-la-ia-es\\\/#primaryimage\",\"url\":\"https:\\\/\\\/isimarkets.com\\\/wp-content\\\/uploads\\\/How-We-Apply-AI-Banner-scaled.webp\",\"contentUrl\":\"https:\\\/\\\/isimarkets.com\\\/wp-content\\\/uploads\\\/How-We-Apply-AI-Banner-scaled.webp\"},{\"@type\":\"BreadcrumbList\",\"@id\":\"https:\\\/\\\/isimarkets.com\\\/es\\\/acercarse-es\\\/como-aplicamos-la-ia-es\\\/#breadcrumb\",\"itemListElement\":[{\"@type\":\"ListItem\",\"position\":1,\"name\":\"Home\",\"item\":\"https:\\\/\\\/isimarkets.com\\\/es\\\/hogar-es\\\/\"},{\"@type\":\"ListItem\",\"position\":2,\"name\":\"Acercarse\",\"item\":\"https:\\\/\\\/isimarkets.com\\\/es\\\/approach\\\/\"},{\"@type\":\"ListItem\",\"position\":3,\"name\":\"C\u00f3mo aplicamos la IA\"}]},{\"@type\":\"WebSite\",\"@id\":\"https:\\\/\\\/isimarkets.com\\\/es\\\/#website\",\"url\":\"https:\\\/\\\/isimarkets.com\\\/es\\\/\",\"name\":\"ISI\",\"description\":\"Global Market Intelligence Platform\",\"potentialAction\":[{\"@type\":\"SearchAction\",\"target\":{\"@type\":\"EntryPoint\",\"urlTemplate\":\"https:\\\/\\\/isimarkets.com\\\/es\\\/?s={search_term_string}\"},\"query-input\":{\"@type\":\"PropertyValueSpecification\",\"valueRequired\":true,\"valueName\":\"search_term_string\"}}],\"inLanguage\":\"es\"}]}<\/script>\n<!-- \/ Yoast SEO plugin. -->","yoast_head_json":{"title":"Inteligencia de mercado con IA: c\u00f3mo aplica ISI la IA a los datos y la informaci\u00f3n","description":"ISI Markets aplica la inteligencia de mercado con IA mediante el aprendizaje autom\u00e1tico y la IA generativa, lo que permite descubrir datos m\u00e1s r\u00e1pido, realizar predicciones econ\u00f3micas inmediatas (nowcasts) y obtener informaci\u00f3n automatizada en CEIC, EMIS y REDD.","robots":{"index":"index","follow":"follow","max-snippet":"max-snippet:-1","max-image-preview":"max-image-preview:large","max-video-preview":"max-video-preview:-1"},"canonical":"https:\/\/isimarkets.com\/es\/acercarse-es\/como-aplicamos-la-ia-es\/","og_locale":"es_ES","og_type":"article","og_title":"Inteligencia de mercado con IA: c\u00f3mo aplica ISI la IA a los datos y la informaci\u00f3n","og_description":"ISI Markets aplica la inteligencia de mercado con IA mediante el aprendizaje autom\u00e1tico y la IA generativa, lo que permite descubrir datos m\u00e1s r\u00e1pido, realizar predicciones econ\u00f3micas inmediatas (nowcasts) y obtener informaci\u00f3n automatizada en CEIC, EMIS y REDD.","og_url":"https:\/\/isimarkets.com\/es\/acercarse-es\/como-aplicamos-la-ia-es\/","og_site_name":"ISI","article_modified_time":"2026-03-31T00:06:30+00:00","og_image":[{"url":"https:\/\/isimarkets.com\/wp-content\/uploads\/How-We-Apply-AI-Banner-scaled.webp","type":"","width":"","height":""}],"twitter_card":"summary_large_image","twitter_misc":{"Tiempo de lectura":"3 minutos"},"schema":{"@context":"https:\/\/schema.org","@graph":[{"@type":"WebPage","@id":"https:\/\/isimarkets.com\/es\/acercarse-es\/como-aplicamos-la-ia-es\/","url":"https:\/\/isimarkets.com\/es\/acercarse-es\/como-aplicamos-la-ia-es\/","name":"Inteligencia de mercado con IA: c\u00f3mo aplica ISI la IA a los datos y la informaci\u00f3n","isPartOf":{"@id":"https:\/\/isimarkets.com\/es\/#website"},"primaryImageOfPage":{"@id":"https:\/\/isimarkets.com\/es\/acercarse-es\/como-aplicamos-la-ia-es\/#primaryimage"},"image":{"@id":"https:\/\/isimarkets.com\/es\/acercarse-es\/como-aplicamos-la-ia-es\/#primaryimage"},"thumbnailUrl":"https:\/\/isimarkets.com\/wp-content\/uploads\/How-We-Apply-AI-Banner-scaled.webp","datePublished":"2026-01-19T15:42:41+00:00","dateModified":"2026-03-31T00:06:30+00:00","description":"ISI Markets aplica la inteligencia de mercado con IA mediante el aprendizaje autom\u00e1tico y la IA generativa, lo que permite descubrir datos m\u00e1s r\u00e1pido, realizar predicciones econ\u00f3micas inmediatas (nowcasts) y obtener informaci\u00f3n automatizada en CEIC, EMIS y REDD.","breadcrumb":{"@id":"https:\/\/isimarkets.com\/es\/acercarse-es\/como-aplicamos-la-ia-es\/#breadcrumb"},"inLanguage":"es","potentialAction":[{"@type":"ReadAction","target":["https:\/\/isimarkets.com\/es\/acercarse-es\/como-aplicamos-la-ia-es\/"]}]},{"@type":"ImageObject","inLanguage":"es","@id":"https:\/\/isimarkets.com\/es\/acercarse-es\/como-aplicamos-la-ia-es\/#primaryimage","url":"https:\/\/isimarkets.com\/wp-content\/uploads\/How-We-Apply-AI-Banner-scaled.webp","contentUrl":"https:\/\/isimarkets.com\/wp-content\/uploads\/How-We-Apply-AI-Banner-scaled.webp"},{"@type":"BreadcrumbList","@id":"https:\/\/isimarkets.com\/es\/acercarse-es\/como-aplicamos-la-ia-es\/#breadcrumb","itemListElement":[{"@type":"ListItem","position":1,"name":"Home","item":"https:\/\/isimarkets.com\/es\/hogar-es\/"},{"@type":"ListItem","position":2,"name":"Acercarse","item":"https:\/\/isimarkets.com\/es\/approach\/"},{"@type":"ListItem","position":3,"name":"C\u00f3mo aplicamos la IA"}]},{"@type":"WebSite","@id":"https:\/\/isimarkets.com\/es\/#website","url":"https:\/\/isimarkets.com\/es\/","name":"ISI","description":"Global Market Intelligence Platform","potentialAction":[{"@type":"SearchAction","target":{"@type":"EntryPoint","urlTemplate":"https:\/\/isimarkets.com\/es\/?s={search_term_string}"},"query-input":{"@type":"PropertyValueSpecification","valueRequired":true,"valueName":"search_term_string"}}],"inLanguage":"es"}]}},"_links":{"self":[{"href":"https:\/\/isimarkets.com\/es\/wp-json\/wp\/v2\/pages\/5155","targetHints":{"allow":["GET"]}}],"collection":[{"href":"https:\/\/isimarkets.com\/es\/wp-json\/wp\/v2\/pages"}],"about":[{"href":"https:\/\/isimarkets.com\/es\/wp-json\/wp\/v2\/types\/page"}],"author":[{"embeddable":true,"href":"https:\/\/isimarkets.com\/es\/wp-json\/wp\/v2\/users\/1"}],"replies":[{"embeddable":true,"href":"https:\/\/isimarkets.com\/es\/wp-json\/wp\/v2\/comments?post=5155"}],"version-history":[{"count":6,"href":"https:\/\/isimarkets.com\/es\/wp-json\/wp\/v2\/pages\/5155\/revisions"}],"predecessor-version":[{"id":6033,"href":"https:\/\/isimarkets.com\/es\/wp-json\/wp\/v2\/pages\/5155\/revisions\/6033"}],"up":[{"embeddable":true,"href":"https:\/\/isimarkets.com\/es\/wp-json\/wp\/v2\/pages\/5143"}],"wp:attachment":[{"href":"https:\/\/isimarkets.com\/es\/wp-json\/wp\/v2\/media?parent=5155"}],"curies":[{"name":"wp","href":"https:\/\/api.w.org\/{rel}","templated":true}]}}