{"id":5173,"date":"2026-01-23T14:26:19","date_gmt":"2026-01-23T14:26:19","guid":{"rendered":"https:\/\/isimarkets.com\/?p=5173"},"modified":"2026-03-27T17:54:23","modified_gmt":"2026-03-27T17:54:23","slug":"politica-de-cookies-es","status":"publish","type":"page","link":"https:\/\/isimarkets.com\/es\/politica-de-cookies-es\/","title":{"rendered":"Pol\u00edtica de cookies"},"content":{"rendered":"<div id=\"cs-content\" class=\"cs-content\"><div class=\"x-section e5173-e1 m3zp-0 m3zp-1 breadcrumbs\" id=\"breadcrumbs\"><div class=\"x-row x-container max width e5173-e2 m3zp-3 m3zp-4 m3zp-6\"><div class=\"x-row-inner\"><div class=\"x-col e5173-e3 m3zp-a\"><nav class=\"x-crumbs e5173-e4 m3zp-b\" role=\"navigation\"><ol class=\"x-crumbs-list\" itemscope=\"\" itemtype=\"http:\/\/schema.org\/BreadcrumbList\" aria-label=\"Breadcrumb Navigation\"><li class=\"x-crumbs-list-item\" itemprop=\"itemListElement\" itemscope itemtype=\"http:\/\/schema.org\/ListItem\"><a class=\"x-crumbs-current x-crumbs-link\" itemtype=\"http:\/\/schema.org\/Thing\" itemprop=\"item\" href=\"https:\/\/isimarkets.com\/es\/\" title=\"You Are Here\"><span itemprop=\"name\">Home<\/span><\/a><meta itemprop=\"position\" content=\"1\"><\/li><\/ol><\/nav><\/div><\/div><\/div><\/div><div class=\"x-section e5173-e5 m3zp-0 m3zp-1 title simple\" id=\"title\"><div class=\"x-row x-container max width e5173-e6 m3zp-3 m3zp-5 m3zp-7 m3zp-8\"><div class=\"x-row-inner\"><div class=\"x-col e5173-e7 m3zp-a\"><div class=\"x-text x-content e5173-e8 m3zp-c\"><h1>Pol\u00edtica de cookies<\/h1><\/div><\/div><\/div><\/div><\/div><section class=\"x-section e5173-e9 m3zp-1 m3zp-2 documentation\"><div class=\"x-row x-container max width e5173-e10 m3zp-3 m3zp-5 m3zp-7 m3zp-9\"><div class=\"x-row-inner\"><div class=\"x-col e5173-e11 m3zp-a\"><div class=\"x-text x-content e5173-e12 m3zp-c\"><h2>1. Prop\u00f3sito<\/h2>\n<p>Esta pol\u00edtica es la Pol\u00edtica de cookies de ISI Markets (\u00abla Compa\u00f1\u00eda\u00bb).<\/p>\n<p>El prop\u00f3sito de esta pol\u00edtica es establecer qu\u00e9 son las cookies y c\u00f3mo las utiliza la Compa\u00f1\u00eda en sus sitios web, as\u00ed como tus opciones para controlarlas.<\/p>\n<p>Las cookies permiten a la Compa\u00f1\u00eda mejorar la funcionalidad del sitio web y la experiencia del usuario cuando navegas por nuestros sitios web.<\/p>\n\n<h2>2. \u00bfQu\u00e9 son las cookies?<\/h2>\n<p>Una cookie es un peque\u00f1o archivo de texto con letras y n\u00fameros que almacenamos en tu navegador o en el disco duro de tu ordenador si est\u00e1s de acuerdo. Las cookies se aplican cuando visitas nuestros sitios web y contienen informaci\u00f3n que se transfiere al disco duro de tu ordenador.  <\/p>\n\n<h3>Utilizamos las siguientes cookies:<\/h3>\n<ul>\n \t<li>\n<h4>Cookies estrictamente necesarias.<\/h4>\n<p>Son cookies necesarias para el funcionamiento de nuestro sitio web. Estas cookies esenciales siempre est\u00e1n activadas porque nuestro sitio web no funcionar\u00eda correctamente sin ellas. Incluyen, por ejemplo, cookies que te permiten iniciar sesi\u00f3n en \u00e1reas seguras de nuestro sitio web, utilizar un carrito de la compra o hacer uso de servicios de facturaci\u00f3n electr\u00f3nica. Puedes desactivar estas cookies en la configuraci\u00f3n de tu navegador, pero es posible que entonces no puedas acceder a la totalidad o a partes de nuestro sitio web.   <\/p>\n<\/li>\n \t<li>\n<h4>Cookies de sesi\u00f3n.<\/h4>\n<p>Estas cookies son temporales y se borran al cerrar el navegador web. Las cookies de sesi\u00f3n se utilizan para la gesti\u00f3n de la sesi\u00f3n, como recordar los art\u00edculos de un carrito de la compra durante una transacci\u00f3n en l\u00ednea. <\/p>\n<\/li>\n \t<li>\n<h4>Cookies anal\u00edticas o de rendimiento.<\/h4>\n<p>Nos permiten reconocer y contar el n\u00famero de visitantes y ver c\u00f3mo se mueven por nuestro sitio web cuando lo utilizan. Esto nos ayuda a mejorar el funcionamiento de nuestro sitio web, por ejemplo, garantizando que los usuarios encuentren f\u00e1cilmente lo que buscan. <\/p>\n<\/li>\n \t<li>\n<h4>Cookies de funcionalidad.<\/h4>\n<p>Se utilizan para reconocerte cuando vuelves a nuestro sitio web. Esto nos permite personalizar nuestro contenido para ti, saludarte por tu nombre y recordar tus preferencias (por ejemplo, tu elecci\u00f3n de idioma o regi\u00f3n). <\/p>\n<\/li>\n \t<li>\n<h4>Cookies persistentes.<\/h4>\n<p>Estas cookies permanecen en tu dispositivo incluso despu\u00e9s de cerrar el navegador. Se utilizan para recordar tus preferencias de usuario, almacenar credenciales de inicio de sesi\u00f3n y realizar un seguimiento de tu comportamiento como usuario a lo largo del tiempo. <\/p>\n<\/li>\n<\/ul>\n<p>Algunas de las cookies utilizadas por nuestros sitios las instalamos nosotros y otras las instalan terceros que prestan servicios (como an\u00e1lisis web) en nuestro nombre.<\/p>\n<p>Tambi\u00e9n puedes obtener m\u00e1s informaci\u00f3n sobre las cookies en general visitando www.allaboutcookies.org, que incluye informaci\u00f3n \u00fatil adicional sobre las cookies y c\u00f3mo bloquearlas utilizando diferentes tipos de navegador.<\/p>\n\n<h2>3. Cookies de terceros<\/h2>\n<table>\n<thead>\n<tr>\n<th>Tercero<\/th>\n<th>Prop\u00f3sito<\/th>\n<th>D\u00f3nde acudir para m\u00e1s informaci\u00f3n<\/th>\n<\/tr>\n<\/thead>\n<tbody>\n<tr>\n<th>HubSpot<\/th>\n<td>\n<p>HubSpot utiliza cookies o tecnolog\u00edas similares (como balizas web) para analizar tendencias, administrar el sitio web, rastrear los movimientos de los usuarios por el sitio web y recopilar informaci\u00f3n demogr\u00e1fica sobre nuestra base de usuarios en su conjunto.<\/p>\n<\/td>\n<td>\n<p><a class=\"button small\" href=\"https:\/\/legal.hubspot.com\/privacy-policy\" target=\"_blank\" rel=\"noopener\">Pol\u00edtica de privacidad<\/a> <a class=\"button small\" href=\"https:\/\/legal.hubspot.com\/cookie-policy\" target=\"_blank\" rel=\"noopener\">Pol\u00edtica de cookies<\/a><\/p>\n<\/td>\n<\/tr>\n<tr>\n<th>Google Analytics<\/th>\n<td>\n<p>Google Analytics es una herramienta de anal\u00edtica web que nos ayuda a comprender c\u00f3mo interact\u00faan nuestros usuarios con nuestros sitios web y nos permite adaptarlos mejor a sus necesidades. La herramienta utiliza una cookie para evaluar el uso del contenido y elaborar informes para nosotros sobre la actividad en nuestros sitios web y aplicaciones. <\/p>\n<\/td>\n<td>\n<p><a class=\"button small\" href=\"https:\/\/www.google.com\/analytics\/learn\/privacy.html\" target=\"_blank\" rel=\"noopener\">Privacidad<\/a><\/p>\n<\/td>\n<\/tr>\n<tr>\n<th>Google Tag Manager<\/th>\n<td>\n<p>Para la gesti\u00f3n de scripts externos<\/p>\n<\/td>\n<td><\/td>\n<\/tr>\n<tr>\n<th>LinkedIn<\/th>\n<td>\n<p>Social<\/p>\n<\/td>\n<td><\/td>\n<\/tr>\n<tr>\n<th>WPML<\/th>\n<td>\n<p>El plugin multiling\u00fce de WordPress instala esta cookie para almacenar el idioma actual o los ajustes de idioma.<\/p>\n<\/td>\n<td><\/td>\n<\/tr>\n<tr>\n<th>Google Recaptcha<\/th>\n<td>\n<p>El servicio Google Recaptcha instala esta cookie para identificar bots y proteger el sitio web contra ataques de spam maliciosos.<\/p>\n<\/td>\n<td><\/td>\n<\/tr>\n<tr>\n<th>Wistia<\/th>\n<td>\n<p>Reproducci\u00f3n de v\u00eddeo, seguimiento y anal\u00edtica.<\/p>\n<\/td>\n<td><\/td>\n<\/tr>\n<\/tbody>\n<\/table>\n<p>Si deseas obtener m\u00e1s informaci\u00f3n o asesoramiento sobre las cookies, por favor <a href=\"https:\/\/isi.designhouse.co.ukcontact\/\">contacta con nosotros<\/a>.<\/p>\n\n<h2>4. Actualizaci\u00f3n<\/h2>\n<p>Esta Pol\u00edtica de cookies se actualiz\u00f3 por \u00faltima vez en marzo de 2026.<\/p><\/div><\/div><\/div><\/div><\/section><\/div>","protected":false},"excerpt":{"rendered":"<p>HomePol\u00edtica de cookies1. Prop\u00f3sito Esta pol\u00edtica es la Pol\u00edtica de cookies de ISI Markets (\u00abla Compa\u00f1\u00eda\u00bb). El prop\u00f3sito de esta pol\u00edtica es establecer qu\u00e9 son las cookies y c\u00f3mo las utiliza la Compa\u00f1\u00eda en sus sitios web, as\u00ed como tus opciones para controlarlas. Las cookies permiten a la Compa\u00f1\u00eda mejorar la funcionalidad del sitio web y la experiencia del usuario&hellip;<\/p>\n","protected":false},"author":1,"featured_media":0,"parent":0,"menu_order":92,"comment_status":"closed","ping_status":"closed","template":"template-blank-4.php","meta":{"content-type":"","cpa_authors":[],"cpa_override_default":false,"footnotes":""},"class_list":["post-5173","page","type-page","status-publish","hentry","no-post-thumbnail"],"yoast_head":"<!-- This site is optimized with the Yoast SEO plugin v27.4 - https:\/\/yoast.com\/product\/yoast-seo-wordpress\/ -->\n<title>Pol\u00edtica de cookies | ISI Markets<\/title>\n<meta name=\"description\" content=\"Comprende c\u00f3mo ISI Markets utiliza las cookies para mejorar tu experiencia, analizar el uso y optimizar el rendimiento de la plataforma.\" \/>\n<meta name=\"robots\" content=\"index, follow, max-snippet:-1, max-image-preview:large, max-video-preview:-1\" \/>\n<link rel=\"canonical\" href=\"https:\/\/isimarkets.com\/es\/politica-de-cookies-es\/\" \/>\n<meta property=\"og:locale\" content=\"es_ES\" \/>\n<meta property=\"og:type\" content=\"article\" \/>\n<meta property=\"og:title\" content=\"Pol\u00edtica de cookies | ISI Markets\" \/>\n<meta property=\"og:description\" content=\"Comprende c\u00f3mo ISI Markets utiliza las cookies para mejorar tu experiencia, analizar el uso y optimizar el rendimiento de la plataforma.\" \/>\n<meta property=\"og:url\" content=\"https:\/\/isimarkets.com\/es\/politica-de-cookies-es\/\" \/>\n<meta property=\"og:site_name\" content=\"ISI\" \/>\n<meta property=\"article:modified_time\" content=\"2026-03-27T17:54:23+00:00\" \/>\n<meta name=\"twitter:card\" content=\"summary_large_image\" \/>\n<meta name=\"twitter:label1\" content=\"Tiempo de lectura\" \/>\n\t<meta name=\"twitter:data1\" content=\"3 minutos\" \/>\n<script type=\"application\/ld+json\" class=\"yoast-schema-graph\">{\"@context\":\"https:\\\/\\\/schema.org\",\"@graph\":[{\"@type\":\"WebPage\",\"@id\":\"https:\\\/\\\/isimarkets.com\\\/es\\\/politica-de-cookies-es\\\/\",\"url\":\"https:\\\/\\\/isimarkets.com\\\/es\\\/politica-de-cookies-es\\\/\",\"name\":\"Pol\u00edtica de cookies | ISI Markets\",\"isPartOf\":{\"@id\":\"https:\\\/\\\/isimarkets.com\\\/es\\\/#website\"},\"datePublished\":\"2026-01-23T14:26:19+00:00\",\"dateModified\":\"2026-03-27T17:54:23+00:00\",\"description\":\"Comprende c\u00f3mo ISI Markets utiliza las cookies para mejorar tu experiencia, analizar el uso y optimizar el rendimiento de la plataforma.\",\"breadcrumb\":{\"@id\":\"https:\\\/\\\/isimarkets.com\\\/es\\\/politica-de-cookies-es\\\/#breadcrumb\"},\"inLanguage\":\"es\",\"potentialAction\":[{\"@type\":\"ReadAction\",\"target\":[\"https:\\\/\\\/isimarkets.com\\\/es\\\/politica-de-cookies-es\\\/\"]}]},{\"@type\":\"BreadcrumbList\",\"@id\":\"https:\\\/\\\/isimarkets.com\\\/es\\\/politica-de-cookies-es\\\/#breadcrumb\",\"itemListElement\":[{\"@type\":\"ListItem\",\"position\":1,\"name\":\"Home\",\"item\":\"https:\\\/\\\/isimarkets.com\\\/es\\\/hogar-es\\\/\"},{\"@type\":\"ListItem\",\"position\":2,\"name\":\"Pol\u00edtica de cookies\"}]},{\"@type\":\"WebSite\",\"@id\":\"https:\\\/\\\/isimarkets.com\\\/es\\\/#website\",\"url\":\"https:\\\/\\\/isimarkets.com\\\/es\\\/\",\"name\":\"ISI\",\"description\":\"Global Market Intelligence Platform\",\"potentialAction\":[{\"@type\":\"SearchAction\",\"target\":{\"@type\":\"EntryPoint\",\"urlTemplate\":\"https:\\\/\\\/isimarkets.com\\\/es\\\/?s={search_term_string}\"},\"query-input\":{\"@type\":\"PropertyValueSpecification\",\"valueRequired\":true,\"valueName\":\"search_term_string\"}}],\"inLanguage\":\"es\"}]}<\/script>\n<!-- \/ Yoast SEO plugin. -->","yoast_head_json":{"title":"Pol\u00edtica de cookies | ISI Markets","description":"Comprende c\u00f3mo ISI Markets utiliza las cookies para mejorar tu experiencia, analizar el uso y optimizar el rendimiento de la plataforma.","robots":{"index":"index","follow":"follow","max-snippet":"max-snippet:-1","max-image-preview":"max-image-preview:large","max-video-preview":"max-video-preview:-1"},"canonical":"https:\/\/isimarkets.com\/es\/politica-de-cookies-es\/","og_locale":"es_ES","og_type":"article","og_title":"Pol\u00edtica de cookies | ISI Markets","og_description":"Comprende c\u00f3mo ISI Markets utiliza las cookies para mejorar tu experiencia, analizar el uso y optimizar el rendimiento de la plataforma.","og_url":"https:\/\/isimarkets.com\/es\/politica-de-cookies-es\/","og_site_name":"ISI","article_modified_time":"2026-03-27T17:54:23+00:00","twitter_card":"summary_large_image","twitter_misc":{"Tiempo de lectura":"3 minutos"},"schema":{"@context":"https:\/\/schema.org","@graph":[{"@type":"WebPage","@id":"https:\/\/isimarkets.com\/es\/politica-de-cookies-es\/","url":"https:\/\/isimarkets.com\/es\/politica-de-cookies-es\/","name":"Pol\u00edtica de cookies | ISI Markets","isPartOf":{"@id":"https:\/\/isimarkets.com\/es\/#website"},"datePublished":"2026-01-23T14:26:19+00:00","dateModified":"2026-03-27T17:54:23+00:00","description":"Comprende c\u00f3mo ISI Markets utiliza las cookies para mejorar tu experiencia, analizar el uso y optimizar el rendimiento de la plataforma.","breadcrumb":{"@id":"https:\/\/isimarkets.com\/es\/politica-de-cookies-es\/#breadcrumb"},"inLanguage":"es","potentialAction":[{"@type":"ReadAction","target":["https:\/\/isimarkets.com\/es\/politica-de-cookies-es\/"]}]},{"@type":"BreadcrumbList","@id":"https:\/\/isimarkets.com\/es\/politica-de-cookies-es\/#breadcrumb","itemListElement":[{"@type":"ListItem","position":1,"name":"Home","item":"https:\/\/isimarkets.com\/es\/hogar-es\/"},{"@type":"ListItem","position":2,"name":"Pol\u00edtica de cookies"}]},{"@type":"WebSite","@id":"https:\/\/isimarkets.com\/es\/#website","url":"https:\/\/isimarkets.com\/es\/","name":"ISI","description":"Global Market Intelligence Platform","potentialAction":[{"@type":"SearchAction","target":{"@type":"EntryPoint","urlTemplate":"https:\/\/isimarkets.com\/es\/?s={search_term_string}"},"query-input":{"@type":"PropertyValueSpecification","valueRequired":true,"valueName":"search_term_string"}}],"inLanguage":"es"}]}},"_links":{"self":[{"href":"https:\/\/isimarkets.com\/es\/wp-json\/wp\/v2\/pages\/5173","targetHints":{"allow":["GET"]}}],"collection":[{"href":"https:\/\/isimarkets.com\/es\/wp-json\/wp\/v2\/pages"}],"about":[{"href":"https:\/\/isimarkets.com\/es\/wp-json\/wp\/v2\/types\/page"}],"author":[{"embeddable":true,"href":"https:\/\/isimarkets.com\/es\/wp-json\/wp\/v2\/users\/1"}],"replies":[{"embeddable":true,"href":"https:\/\/isimarkets.com\/es\/wp-json\/wp\/v2\/comments?post=5173"}],"version-history":[{"count":1,"href":"https:\/\/isimarkets.com\/es\/wp-json\/wp\/v2\/pages\/5173\/revisions"}],"predecessor-version":[{"id":5925,"href":"https:\/\/isimarkets.com\/es\/wp-json\/wp\/v2\/pages\/5173\/revisions\/5925"}],"wp:attachment":[{"href":"https:\/\/isimarkets.com\/es\/wp-json\/wp\/v2\/media?parent=5173"}],"curies":[{"name":"wp","href":"https:\/\/api.w.org\/{rel}","templated":true}]}}