{"id":5179,"date":"2026-01-23T14:31:23","date_gmt":"2026-01-23T14:31:23","guid":{"rendered":"https:\/\/isimarkets.com\/?p=5179"},"modified":"2026-03-27T17:54:23","modified_gmt":"2026-03-27T17:54:23","slug":"mapa-del-sitio-es","status":"publish","type":"page","link":"https:\/\/isimarkets.com\/es\/mapa-del-sitio-es\/","title":{"rendered":"Mapa del sitio"},"content":{"rendered":"<div id=\"cs-content\" class=\"cs-content\"><div class=\"cs-content x-global-block x-global-block-4951 e5179-e1\"><div class=\"x-section e4951-e2 m3tj-0 breadcrumbs\" id=\"breadcrumbs\"><div class=\"x-row x-container max width e4951-e3 m3tj-1 m3tj-2\"><div class=\"x-row-inner\"><div class=\"x-col e4951-e4 m3tj-3\"><nav class=\"x-crumbs e4951-e5 m3tj-4\" role=\"navigation\"><ol class=\"x-crumbs-list\" itemscope=\"\" itemtype=\"http:\/\/schema.org\/BreadcrumbList\" aria-label=\"Breadcrumb Navigation\"><li class=\"x-crumbs-list-item\" itemprop=\"itemListElement\" itemscope itemtype=\"http:\/\/schema.org\/ListItem\"><a class=\"x-crumbs-current x-crumbs-link\" itemtype=\"http:\/\/schema.org\/Thing\" itemprop=\"item\" href=\"https:\/\/isimarkets.com\/es\/\" title=\"You Are Here\"><span itemprop=\"name\">Home<\/span><\/a><meta itemprop=\"position\" content=\"1\"><\/li><\/ol><\/nav><\/div><\/div><\/div><\/div><\/div><div class=\"x-section e5179-e2 m3zv-0 m3zv-1 title simple\" id=\"title\"><div class=\"x-row x-container max width e5179-e3 m3zv-3 m3zv-4 m3zv-5\"><div class=\"x-row-inner\"><div class=\"x-col e5179-e4 m3zv-7\"><div class=\"x-text x-content e5179-e5 m3zv-8\"><h1>Mapa del sitio<\/h1><\/div><\/div><\/div><\/div><\/div><section class=\"x-section e5179-e6 m3zv-1 m3zv-2\"><div class=\"x-row x-container max width e5179-e7 m3zv-3 m3zv-4 m3zv-6\"><div class=\"x-row-inner\"><div class=\"x-col e5179-e8 m3zv-7\"><ul class=\"sitemap\"><li><h2><a href=\"https:\/\/isimarkets.com\/es\/\">Inicio<\/a><\/h2><\/li><li><a href=\"https:\/\/isimarkets.com\/es\/terminos-y-condiciones-adicionales-de-proveedores-externos\/\">T\u00e9rminos y condiciones adicionales de proveedores externos<\/a><\/li><li><a href=\"https:\/\/isimarkets.com\/es\/solicita-una-demo-emis\/\">Solicita una demo - EMIS<\/a><\/li><li><a href=\"https:\/\/isimarkets.com\/es\/solicitar-demo-ceic\/\">Solicitar demo - CEIC<\/a><\/li><li><a href=\"https:\/\/isimarkets.com\/es\/solicitar-demostracion-redd\/\">Solicitar demostraci\u00f3n - REDD<\/a><\/li><li><a href=\"https:\/\/isimarkets.com\/es\/solicitar-demo-epfr\/\">Solicitar demo - EPFR<\/a><\/li><li><a href=\"https:\/\/isimarkets.com\/es\/solicitar-demostracion-imoneynet\/\">Solicitar demostraci\u00f3n - iMoneyNet<\/a><\/li><li><h2><a href=\"https:\/\/isimarkets.com\/es\/compania-es\/\">Empresa<\/a><\/h2><ul><li><a href=\"https:\/\/isimarkets.com\/es\/compania-es\/acerca-de-es\/\">Acerca de<\/a><\/li><li><a href=\"https:\/\/isimarkets.com\/es\/people-2\/\">Nuestro equipo ejecutivo<\/a><\/li><li><a href=\"https:\/\/isimarkets.com\/es\/compania-es\/esg-y-rsc-es\/\">ESG y RSC<\/a><\/li><li><a href=\"https:\/\/isimarkets.com\/es\/compania-es\/carreras-profesionales-es\/\">Empleo<\/a><\/li><li><a href=\"https:\/\/isimarkets.com\/es\/compania-es\/contacto-es\/\">Contacto<\/a><\/li><li><a href=\"https:\/\/isimarkets.com\/es\/compania-es\/consultas-de-prensa-es\/\">Consultas de Prensa<\/a><\/li><\/ul><\/li><li><a href=\"https:\/\/isimarkets.com\/es\/\">Alianzas de contenido<\/a><\/li><li class=\"solutions\"><h2><span>Solutions<\/span><\/h2><ul><li><h3><span>Sector<\/span><\/h3><ul><li><a href=\"https:\/\/isimarkets.com\/es\/solution\/ceic-para-el-gobierno-es\/\">CEIC para el Gobierno<\/a><\/li><li><a href=\"https:\/\/isimarkets.com\/es\/solution\/bancos-de-inversion-y-comerciales-es\/\">Bancos de inversi\u00f3n y comerciales<\/a><\/li><li><a href=\"https:\/\/isimarkets.com\/es\/solution\/academia-ceic-es\/\">Academia CEIC<\/a><\/li><li><a href=\"https:\/\/isimarkets.com\/es\/solution\/instituciones-academicas-es\/\">Instituciones acad\u00e9micas<\/a><\/li><li><a href=\"https:\/\/isimarkets.com\/es\/solution\/servicios-profesionales-de-emis-es\/\">Servicios profesionales<\/a><\/li><li><a href=\"https:\/\/isimarkets.com\/es\/solution\/capital-privado-y-fusiones-y-adquisiciones-es\/\">Private Equity y M&amp;A<\/a><\/li><li><a href=\"https:\/\/isimarkets.com\/es\/solution\/gobierno-es-2\/\">Gobierno<\/a><\/li><li><a href=\"https:\/\/isimarkets.com\/es\/solution\/servicios-financieros-emis-es\/\">Servicios financieros<\/a><\/li><li><a href=\"https:\/\/isimarkets.com\/es\/solution\/bufetes-de-abogados-es\/\">Bufetes de abogados<\/a><\/li><li><a href=\"https:\/\/isimarkets.com\/es\/solution\/empresas-de-asesoria-es\/\">Empresas de asesor\u00eda<\/a><\/li><li><a href=\"https:\/\/isimarkets.com\/es\/solution\/lado-comprador-es\/\">Lado comprador<\/a><\/li><li><a href=\"https:\/\/isimarkets.com\/es\/solution\/gobierno-y-bancos-centrales-es\/\">Gobierno y bancos centrales<\/a><\/li><li><a href=\"https:\/\/isimarkets.com\/es\/solution\/lado-vendedor-es\/\">Lado vendedor<\/a><\/li><li><a href=\"https:\/\/isimarkets.com\/es\/solution\/empresas-es\/\">Empresas<\/a><\/li><li><a href=\"https:\/\/isimarkets.com\/es\/solution\/empresas-ceic-es\/\">CEIC para Empresas<\/a><\/li><li><a href=\"https:\/\/isimarkets.com\/es\/solution\/ceic-buyside-es\/\">CEIC Buyside<\/a><\/li><li><a href=\"https:\/\/isimarkets.com\/es\/solution\/lado-vendedor-es\/\">Lado vendedor<\/a><\/li><li><a href=\"https:\/\/isimarkets.com\/es\/solution\/redd-lado-comprador-es\/\">REDD Lado comprador<\/a><\/li><li><a href=\"https:\/\/isimarkets.com\/es\/solution\/servicios-profesionales-de-emis-es\/productos-basicos-intel-es\/\">Productos b\u00e1sicos Intel<\/a><\/li><li><a href=\"https:\/\/isimarkets.com\/es\/solution\/empresas-es-2\/\">Empresas<\/a><\/li><li><a href=\"https:\/\/isimarkets.com\/es\/solution\/servicios-profesionales-es\/\">Servicios profesionales<\/a><\/li><li><a href=\"https:\/\/isimarkets.com\/es\/solution\/lado-comprador-es-2\/\">Buyside<\/a><\/li><li><a href=\"https:\/\/isimarkets.com\/es\/solution\/bancos-de-inversion-y-comerciales-es-2\/\">Banca de Inversi\u00f3n y Comercial<\/a><\/li><li><a href=\"https:\/\/isimarkets.com\/es\/solution\/servicios-profesionales-es\/\">Servicios profesionales<\/a><\/li><li><a href=\"https:\/\/isimarkets.com\/es\/solution\/gobierno-es\/\">Gobierno<\/a><\/li><li><a href=\"https:\/\/isimarkets.com\/es\/solution\/academia-es\/\">Academia<\/a><\/li><\/ul><\/li><li><h3><span>Challenge<\/span><\/h3><ul><li><a href=\"https:\/\/isimarkets.com\/es\/solution\/acelerar-la-investigacion-es\/\">Acelera tu investigaci\u00f3n<\/a><\/li><li><a href=\"https:\/\/isimarkets.com\/es\/solution\/identifique-las-oportunidades-de-los-mercados-emergentes-con-anticipacion-es\/\">Detecta Oportunidades Oportunamente<\/a><\/li><li><a href=\"https:\/\/isimarkets.com\/es\/solution\/identificar-las-tendencias-macro-es\/\">Identifica tendencias macro<\/a><\/li><li><a href=\"https:\/\/isimarkets.com\/es\/solution\/inteligencia-estrategica-de-la-industria-es\/\">Informaci\u00f3n estrat\u00e9gica sectorial<\/a><\/li><li><a href=\"https:\/\/isimarkets.com\/es\/solution\/mejorar-la-estrategia-de-cartera-es\/\">Fortalece tu estrategia de portafolio<\/a><\/li><li><a href=\"https:\/\/isimarkets.com\/es\/solution\/fortalecer-las-decisiones-crediticias-es\/\">Decisiones de cr\u00e9dito m\u00e1s s\u00f3lidas<\/a><\/li><li><a href=\"https:\/\/isimarkets.com\/es\/solution\/generar-oportunidades-de-fusiones-y-adquisiciones-y-de-credito-es\/\">Oportunidades de Cr\u00e9dito y M&amp;A<\/a><\/li><\/ul><\/li><\/ul><\/li><li class=\"products\"><h2><span>Products<\/span><\/h2><ul><li><h3><a href=\"https:\/\/isimarkets.com\/es\/product\/isi-es\/\">ISI<\/a><\/h3><\/li><li><h3><a href=\"https:\/\/isimarkets.com\/es\/product\/ceic-es\/\">CEIC<\/a><\/h3><ul><li><a href=\"https:\/\/isimarkets.com\/es\/product\/ceic-es\/global-macro-es\/\">Macro global<\/a><\/li><li><a href=\"https:\/\/isimarkets.com\/es\/product\/ceic-es\/world-trend-plus-es\/\">World Trend Plus<\/a><\/li><li><a href=\"https:\/\/isimarkets.com\/es\/product\/ceic-es\/asean-es\/\">ASEAN<\/a><\/li><li><a href=\"https:\/\/isimarkets.com\/es\/product\/ceic-es\/brasil-es\/\">Brasil<\/a><\/li><li><a href=\"https:\/\/isimarkets.com\/es\/product\/ceic-es\/porcelana-es\/\">China<\/a><\/li><li><a href=\"https:\/\/isimarkets.com\/es\/product\/ceic-es\/india-es\/\">India<\/a><\/li><li><a href=\"https:\/\/isimarkets.com\/es\/product\/ceic-es\/rusia-es\/\">Rusia<\/a><\/li><li><a href=\"https:\/\/isimarkets.com\/es\/product\/ceic-es\/frecuencia-alta-es\/\">Alta Frecuencia<\/a><\/li><li><a href=\"https:\/\/isimarkets.com\/es\/product\/ceic-es\/\">Point in Time<\/a><\/li><\/ul><\/li><li><h3><a href=\"https:\/\/isimarkets.com\/es\/product\/emis-es\/\">EMIS<\/a><\/h3><ul><li><a href=\"https:\/\/isimarkets.com\/es\/product\/emis-es\/inteligencia-de-mercado-y-planificacion-estrategica-es\/\">Inteligencia de Mercados y Planeaci\u00f3n Estrat\u00e9gica<\/a><\/li><li><a href=\"https:\/\/isimarkets.com\/es\/product\/emis-es\/investigacion-empresarial-es\/\">Investigaci\u00f3n empresarial<\/a><\/li><li><a href=\"https:\/\/isimarkets.com\/es\/product\/emis-es\/ma-investment-es\/\">M&amp;A e Inversi\u00f3n<\/a><\/li><li><a href=\"https:\/\/isimarkets.com\/es\/product\/emis-es\/credit-risk-es\/\">Cr\u00e9dito y Riesgo<\/a><\/li><li><a href=\"https:\/\/isimarkets.com\/es\/product\/emis-es\/ventas-y-marketing-es\/\">Ventas y Marketing<\/a><\/li><li><a href=\"https:\/\/isimarkets.com\/es\/product\/emis-es\/investigacion-academica-es\/\">Investigaci\u00f3n acad\u00e9mica<\/a><\/li><\/ul><\/li><li><h3><a href=\"https:\/\/isimarkets.com\/es\/product\/epfr-es\/\">EPFR<\/a><\/h3><ul><li><a href=\"https:\/\/isimarkets.com\/es\/product\/epfr-es\/flujos-y-asignaciones-de-fondos-es\/\">Flujos y asignaciones de fondos<\/a><\/li><li><a href=\"https:\/\/isimarkets.com\/es\/product\/epfr-es\/epfr-api-solicita-una-demo\/\">EPFR API | Solicita un demo<\/a><\/li><li><a href=\"https:\/\/isimarkets.com\/es\/product\/epfr-es\/nivel-de-seguridad-es\/\">Nivel de instrumento<\/a><\/li><li><a href=\"https:\/\/isimarkets.com\/es\/product\/epfr-es\/soluciones-especializadas-es\/\">Soluciones Especializadas<\/a><\/li><\/ul><\/li><li><h3><a href=\"https:\/\/isimarkets.com\/es\/product\/redd-es\/\">REDD<\/a><\/h3><ul><li><a href=\"https:\/\/isimarkets.com\/es\/product\/redd-es\/deuda-soberana-es\/\">Deuda Soberana<\/a><\/li><li><a href=\"https:\/\/isimarkets.com\/es\/product\/redd-es\/deuda-corporativa-es\/\">Deuda Corporativa<\/a><\/li><\/ul><\/li><li><h3><a href=\"https:\/\/isimarkets.com\/es\/product\/imoneynet-es\/\">iMoneyNet<\/a><\/h3><\/li><\/ul><\/li><li class=\"posts\"><h2><a href=\"https:\/\/isimarkets.com\/es\/noticias-y-analisis-es\/\">Noticias y an\u00e1lisis<\/a><\/h2><ul><li><h3>Categories<\/h3><ul><li><a href=\"\/news\/press-releases\/\">Press Releases<\/a><\/li><li><a href=\"\/news\/publications\/\">Publications<\/a><\/li><li><a href=\"\/news\/quants-corner\/\">Quants Corner<\/a><\/li><li><a href=\"\/news\/sin-categoria\/\">Sin categor\u00eda<\/a><\/li><\/ul><\/li><li><h3>Topics<\/h3><ul><li><a href=\"\/news\/tag\/academic-research\/\">Academic Research<\/a><\/li><li><a href=\"\/news\/tag\/africa\/\">Africa<\/a><\/li><li><a href=\"\/news\/tag\/ai\/\">AI<\/a><\/li><li><a href=\"\/news\/tag\/aluminum\/\">Aluminum<\/a><\/li><li><a href=\"\/news\/tag\/asean\/\">ASEAN<\/a><\/li><li><a href=\"\/news\/tag\/asset-allocations\/\">Asset Allocations<\/a><\/li><li><a href=\"\/news\/tag\/awards\/\">Awards<\/a><\/li><li><a href=\"\/news\/tag\/banking\/\">Banking<\/a><\/li><li><a href=\"\/news\/tag\/bond-flows\/\">Bond Flows<\/a><\/li><li><a href=\"\/news\/tag\/bond-funds\/\">Bond Funds<\/a><\/li><li><a href=\"\/news\/tag\/brazil\/\">Brazil<\/a><\/li><li><a href=\"\/news\/tag\/business-research\/\">Business Research<\/a><\/li><li><a href=\"\/news\/tag\/central-banks\/\">Central Banks<\/a><\/li><li><a href=\"\/news\/tag\/china\/\">China<\/a><\/li><li><a href=\"\/news\/tag\/china-a-shares\/\">China A Shares<\/a><\/li><li><a href=\"\/news\/tag\/commodities\/\">Commodities<\/a><\/li><li><a href=\"\/news\/tag\/company-intelligence\/\">Company Intelligence<\/a><\/li><li><a href=\"\/news\/tag\/consumer\/\">Consumer<\/a><\/li><li><a href=\"\/news\/tag\/copper\/\">Copper<\/a><\/li><li><a href=\"\/news\/tag\/currency\/\">currency<\/a><\/li><li><a href=\"\/news\/tag\/daily-fund-flows\/\">Daily Fund Flows<\/a><\/li><li><a href=\"\/news\/tag\/defense\/\">defense<\/a><\/li><li><a href=\"\/news\/tag\/developed-markets\/\">Developed Markets<\/a><\/li><li><a href=\"\/news\/tag\/emerging-markets\/\">Emerging Markets<\/a><\/li><li><a href=\"\/news\/tag\/energy\/\">Energy<\/a><\/li><li><a href=\"\/news\/tag\/equity-fund-flows\/\">Equity Fund Flows<\/a><\/li><li><a href=\"\/news\/tag\/equity-funds\/\">Equity Funds<\/a><\/li><li><a href=\"\/news\/tag\/esg-fund-flows\/\">ESG Fund Flows<\/a><\/li><li><a href=\"\/news\/tag\/etf-fund-flows\/\">ETF Fund Flows<\/a><\/li><li><a href=\"\/news\/tag\/europe\/\">europe<\/a><\/li><li><a href=\"\/news\/tag\/financial-markets\/\">Financial Markets Data<\/a><\/li><li><a href=\"\/news\/tag\/fund-flows\/\">Fund Flows<\/a><\/li><li><a href=\"\/news\/tag\/gold\/\">Gold<\/a><\/li><li><a href=\"\/news\/tag\/health-pharma\/\">Health &amp; Pharma<\/a><\/li><li><a href=\"\/news\/tag\/india\/\">india<\/a><\/li><li><a href=\"\/news\/tag\/industry-research\/\">Industry Research<\/a><\/li><li><a href=\"\/news\/tag\/inflation\/\">Inflation<\/a><\/li><li><a href=\"\/news\/tag\/investor-sentiment\/\">Investor Sentiment<\/a><\/li><li><a href=\"\/news\/tag\/lng\/\">LNG<\/a><\/li><li><a href=\"\/news\/tag\/london\/\">London<\/a><\/li><li><a href=\"\/news\/tag\/m-and-a\/\">M&amp;A &amp; Investment<\/a><\/li><li><a href=\"\/news\/tag\/manufacturing\/\">Manufacturing<\/a><\/li><li><a href=\"\/news\/tag\/market-analysis\/\">Market Analysis<\/a><\/li><li><a href=\"\/news\/tag\/market-intelligence\/\">Market Intelligence<\/a><\/li><li><a href=\"\/news\/tag\/mergers-and-acquisitions\/\">Mergers and Acquisitions<\/a><\/li><li><a href=\"\/news\/tag\/money-market-fund-flows\/\">Money Market Fund Flows<\/a><\/li><li><a href=\"\/news\/tag\/mortgages\/\">mortgages<\/a><\/li><li><a href=\"\/news\/tag\/multimedia\/\">Multimedia<\/a><\/li><li><a href=\"\/news\/tag\/mutual-fund-flows\/\">Mutual Fund Flows<\/a><\/li><li><a href=\"\/news\/tag\/natural-gas\/\">natural gas<\/a><\/li><li><a href=\"\/news\/tag\/oil\/\">Oil<\/a><\/li><li><a href=\"\/news\/tag\/press-releases\/\">Press Releases<\/a><\/li><li><a href=\"\/news\/tag\/quantamental\/\">Quantamental<\/a><\/li><li><a href=\"\/news\/tag\/rare-earths\/\">Rare Earths<\/a><\/li><li><a href=\"\/news\/tag\/real-estate\/\">real estate<\/a><\/li><li><a href=\"\/news\/tag\/renewables\/\">renewables<\/a><\/li><li><a href=\"\/news\/tag\/retail-flows\/\">Retail Flows<\/a><\/li><li><a href=\"\/news\/tag\/sector-research\/\">Sector Research<\/a><\/li><li><a href=\"\/news\/tag\/sovereign-debt\/\">Sovereign Debt<\/a><\/li><li><a href=\"\/news\/tag\/sri\/\">SRI<\/a><\/li><li><a href=\"\/news\/tag\/technology\/\">Technology<\/a><\/li><li><a href=\"\/news\/tag\/technology-funds\/\">Technology Funds<\/a><\/li><li><a href=\"\/news\/tag\/top-deals\/\">Top Deals<\/a><\/li><li><a href=\"\/news\/tag\/transportation\/\">Transportation<\/a><\/li><\/ul><\/li><li><h3>Regions<\/h3><ul><li><a href=\"\/region\/africa\/\">Africa<\/a><\/li><li><a href=\"\/region\/asean\/\">ASEAN<\/a><\/li><li><a href=\"\/region\/brazil\/\">Brazil<\/a><\/li><li><a href=\"\/region\/cee\/\">CEE<\/a><\/li><li><a href=\"\/region\/ceemea\/\">CEEMEA<\/a><\/li><li><a href=\"\/region\/china-2\/\">China<\/a><\/li><li><a href=\"\/region\/china\/\">Chinese Mainland<\/a><\/li><li><a href=\"\/region\/colombia\/\">Colombia<\/a><\/li><li><a href=\"\/region\/emea\/\">EMEA<\/a><\/li><li><a href=\"\/region\/europe\/\">Europe<\/a><\/li><li><a href=\"\/region\/india\/\">India<\/a><\/li><li><a href=\"\/region\/japan\/\">Japan<\/a><\/li><li><a href=\"\/region\/latam\/\">LATAM<\/a><\/li><li><a href=\"\/region\/middle-east\/\">Middle East<\/a><\/li><li><a href=\"\/region\/poland\/\">Poland<\/a><\/li><li><a href=\"\/region\/us\/\">United States<\/a><\/li><\/ul><\/li><\/ul><\/li><li class=\"events\"><h2><a href=\"https:\/\/isimarkets.com\/es\/events\/\">Events<\/a><\/h2><ul><li><h3>Future Events<\/h3><\/li><li><h3>Past Events<\/h3><\/li><li><h3>Categories<\/h3><ul><li><a href=\"\/events\/press-releases\/\">Press Releases<\/a><\/li><li><a href=\"\/events\/publications\/\">Publications<\/a><\/li><li><a href=\"\/events\/quants-corner\/\">Quants Corner<\/a><\/li><li><a href=\"\/events\/sin-categoria\/\">Sin categor\u00eda<\/a><\/li><\/ul><\/li><li><h3>Topics<\/h3><ul><li><a href=\"\/events\/tag\/asean\/\">ASEAN<\/a><\/li><li><a href=\"\/events\/tag\/developed-markets\/\">Developed Markets<\/a><\/li><li><a href=\"\/events\/tag\/emerging-markets\/\">Emerging Markets<\/a><\/li><li><a href=\"\/events\/tag\/energy\/\">Energy<\/a><\/li><li><a href=\"\/events\/tag\/equity-fund-flows\/\">Equity Fund Flows<\/a><\/li><li><a href=\"\/events\/tag\/fintech\/\">Fintech<\/a><\/li><li><a href=\"\/events\/tag\/fund-flows\/\">Fund Flows<\/a><\/li><li><a href=\"\/events\/tag\/industry-trends\/\">Industry Trends<\/a><\/li><li><a href=\"\/events\/tag\/investor-sentiment\/\">Investor Sentiment<\/a><\/li><li><a href=\"\/events\/tag\/liquidity\/\">liquidity<\/a><\/li><li><a href=\"\/events\/tag\/municipals\/\">Municipals<\/a><\/li><\/ul><\/li><li><h3>Regions<\/h3><ul><li><a href=\"\/events\/region\/asean\/\">ASEAN<\/a><\/li><li><a href=\"\/events\/region\/brazil\/\">Brazil<\/a><\/li><li><a href=\"\/events\/region\/cee\/\">CEE<\/a><\/li><li><a href=\"\/events\/region\/europe\/\">Europe<\/a><\/li><li><a href=\"\/events\/region\/india\/\">India<\/a><\/li><li><a href=\"\/events\/region\/latam\/\">LATAM<\/a><\/li><li><a href=\"\/events\/region\/us\/\">United States<\/a><\/li><\/ul><\/li><\/ul><\/li><li><h2><a href=\"https:\/\/isimarkets.com\/es\/acercarse-es\/\">Acercarse<\/a><\/h2><ul><li><a href=\"https:\/\/isimarkets.com\/es\/acercarse-es\/entrega-de-datos-es\/\">Acceso a los datos<\/a><\/li><li><a href=\"https:\/\/isimarkets.com\/es\/acercarse-es\/como-aplicamos-la-ia-es\/\">C\u00f3mo aplicamos la IA<\/a><\/li><li><a href=\"https:\/\/isimarkets.com\/es\/acercarse-es\/exito-del-cliente-es\/\">Customer Success<\/a><\/li><\/ul><\/li><li><a href=\"https:\/\/isimarkets.com\/es\/solicitar-demostracion-es\/\">Solicitar Demo<\/a><\/li><li><h2><a href=\"https:\/\/isimarkets.com\/es\/hoja-informativa-es\/\">Newsletter<\/a><\/h2><ul><li><a href=\"https:\/\/isimarkets.com\/es\/hoja-informativa-es\/suscribase-al-boletin-informativo-de-ceic-es\/\">Suscripci\u00f3n al Newsletter de CEIC<\/a><\/li><li><a href=\"https:\/\/isimarkets.com\/es\/hoja-informativa-es\/suscripcion-al-boletin-informativo-de-emis-es\/\">Suscripci\u00f3n al newsletter de EMIS<\/a><\/li><li><a href=\"https:\/\/isimarkets.com\/es\/hoja-informativa-es\/suscripcion-al-boletin-informativo-de-epfr-es\/\">Suscripci\u00f3n al Newsletter de EPFR<\/a><\/li><\/ul><\/li><li><a href=\"https:\/\/isimarkets.com\/es\/terminos-y-condiciones-es\/\">T\u00e9rminos y Condiciones<\/a><\/li><li><a href=\"https:\/\/isimarkets.com\/es\/politica-de-privacidad-es\/\">pol\u00edtica de privacidad<\/a><\/li><li><a href=\"https:\/\/isimarkets.com\/es\/politica-de-cookies-es\/\">Pol\u00edtica de cookies<\/a><\/li><li><a href=\"https:\/\/isimarkets.com\/es\/mapa-del-sitio-es\/\">Mapa del sitio<\/a><\/li><li><a href=\"https:\/\/isimarkets.com\/es\/inicio-de-sesion-de-redd-es\/\">Inicio de sesi\u00f3n de REDD<\/a><\/li><li><a href=\"https:\/\/isimarkets.com\/es\/inicio-de-sesion-de-imoneynet-es\/\">Inicio de sesi\u00f3n de iMoneyNet<\/a><\/li><li><a href=\"https:\/\/isimarkets.com\/es\/pagina-no-encontrada-es\/\">P\u00e1gina no encontrada<\/a><\/li><\/ul><\/div><\/div><\/div><\/section><\/div>","protected":false},"excerpt":{"rendered":"<p>HomeMapa del sitioInicioT\u00e9rminos y condiciones adicionales de proveedores externosSolicita una demo &#8211; EMISSolicitar demo &#8211; CEICSolicitar demostraci\u00f3n &#8211; REDDSolicitar demo &#8211; EPFRSolicitar demostraci\u00f3n &#8211; iMoneyNetEmpresaAcerca deNuestro equipo ejecutivoESG y RSCEmpleoContactoConsultas de PrensaAlianzas de contenidoSolutionsSectorCEIC para el GobiernoBancos de inversi\u00f3n y comercialesAcademia CEICInstituciones acad\u00e9micasServicios profesionalesPrivate Equity y M&amp;AGobiernoServicios financierosBufetes de abogadosEmpresas de asesor\u00edaLado compradorGobierno y bancos centralesLado vendedorEmpresasCEIC para EmpresasCEIC BuysideLado&hellip;<\/p>\n","protected":false},"author":1,"featured_media":0,"parent":0,"menu_order":95,"comment_status":"closed","ping_status":"closed","template":"template-blank-4.php","meta":{"content-type":"","cpa_authors":[],"cpa_override_default":false,"footnotes":""},"class_list":["post-5179","page","type-page","status-publish","hentry","no-post-thumbnail"],"yoast_head":"<!-- This site is optimized with the Yoast SEO plugin v27.4 - https:\/\/yoast.com\/product\/yoast-seo-wordpress\/ -->\n<title>Mapa del sitio | ISI Markets<\/title>\n<meta name=\"description\" content=\"Consulte el mapa del sitio de ISI Markets para navegar por todos los productos, soluciones, p\u00e1ginas de empresas y recursos en una visi\u00f3n general estructurada.\" \/>\n<meta name=\"robots\" content=\"index, follow, max-snippet:-1, max-image-preview:large, max-video-preview:-1\" \/>\n<link rel=\"canonical\" href=\"https:\/\/isimarkets.com\/es\/mapa-del-sitio-es\/\" \/>\n<meta property=\"og:locale\" content=\"es_ES\" \/>\n<meta property=\"og:type\" content=\"article\" \/>\n<meta property=\"og:title\" content=\"Mapa del sitio | ISI Markets\" \/>\n<meta property=\"og:description\" content=\"Consulte el mapa del sitio de ISI Markets para navegar por todos los productos, soluciones, p\u00e1ginas de empresas y recursos en una visi\u00f3n general estructurada.\" \/>\n<meta property=\"og:url\" content=\"https:\/\/isimarkets.com\/es\/mapa-del-sitio-es\/\" \/>\n<meta property=\"og:site_name\" content=\"ISI\" \/>\n<meta property=\"article:modified_time\" content=\"2026-03-27T17:54:23+00:00\" \/>\n<meta name=\"twitter:card\" content=\"summary_large_image\" \/>\n<script type=\"application\/ld+json\" class=\"yoast-schema-graph\">{\"@context\":\"https:\\\/\\\/schema.org\",\"@graph\":[{\"@type\":\"WebPage\",\"@id\":\"https:\\\/\\\/isimarkets.com\\\/es\\\/mapa-del-sitio-es\\\/\",\"url\":\"https:\\\/\\\/isimarkets.com\\\/es\\\/mapa-del-sitio-es\\\/\",\"name\":\"Mapa del sitio | ISI Markets\",\"isPartOf\":{\"@id\":\"https:\\\/\\\/isimarkets.com\\\/es\\\/#website\"},\"datePublished\":\"2026-01-23T14:31:23+00:00\",\"dateModified\":\"2026-03-27T17:54:23+00:00\",\"description\":\"Consulte el mapa del sitio de ISI Markets para navegar por todos los productos, soluciones, p\u00e1ginas de empresas y recursos en una visi\u00f3n general estructurada.\",\"breadcrumb\":{\"@id\":\"https:\\\/\\\/isimarkets.com\\\/es\\\/mapa-del-sitio-es\\\/#breadcrumb\"},\"inLanguage\":\"es\",\"potentialAction\":[{\"@type\":\"ReadAction\",\"target\":[\"https:\\\/\\\/isimarkets.com\\\/es\\\/mapa-del-sitio-es\\\/\"]}]},{\"@type\":\"BreadcrumbList\",\"@id\":\"https:\\\/\\\/isimarkets.com\\\/es\\\/mapa-del-sitio-es\\\/#breadcrumb\",\"itemListElement\":[{\"@type\":\"ListItem\",\"position\":1,\"name\":\"Home\",\"item\":\"https:\\\/\\\/isimarkets.com\\\/es\\\/hogar-es\\\/\"},{\"@type\":\"ListItem\",\"position\":2,\"name\":\"Mapa del sitio\"}]},{\"@type\":\"WebSite\",\"@id\":\"https:\\\/\\\/isimarkets.com\\\/es\\\/#website\",\"url\":\"https:\\\/\\\/isimarkets.com\\\/es\\\/\",\"name\":\"ISI\",\"description\":\"Global Market Intelligence Platform\",\"potentialAction\":[{\"@type\":\"SearchAction\",\"target\":{\"@type\":\"EntryPoint\",\"urlTemplate\":\"https:\\\/\\\/isimarkets.com\\\/es\\\/?s={search_term_string}\"},\"query-input\":{\"@type\":\"PropertyValueSpecification\",\"valueRequired\":true,\"valueName\":\"search_term_string\"}}],\"inLanguage\":\"es\"}]}<\/script>\n<!-- \/ Yoast SEO plugin. -->","yoast_head_json":{"title":"Mapa del sitio | ISI Markets","description":"Consulte el mapa del sitio de ISI Markets para navegar por todos los productos, soluciones, p\u00e1ginas de empresas y recursos en una visi\u00f3n general estructurada.","robots":{"index":"index","follow":"follow","max-snippet":"max-snippet:-1","max-image-preview":"max-image-preview:large","max-video-preview":"max-video-preview:-1"},"canonical":"https:\/\/isimarkets.com\/es\/mapa-del-sitio-es\/","og_locale":"es_ES","og_type":"article","og_title":"Mapa del sitio | ISI Markets","og_description":"Consulte el mapa del sitio de ISI Markets para navegar por todos los productos, soluciones, p\u00e1ginas de empresas y recursos en una visi\u00f3n general estructurada.","og_url":"https:\/\/isimarkets.com\/es\/mapa-del-sitio-es\/","og_site_name":"ISI","article_modified_time":"2026-03-27T17:54:23+00:00","twitter_card":"summary_large_image","schema":{"@context":"https:\/\/schema.org","@graph":[{"@type":"WebPage","@id":"https:\/\/isimarkets.com\/es\/mapa-del-sitio-es\/","url":"https:\/\/isimarkets.com\/es\/mapa-del-sitio-es\/","name":"Mapa del sitio | ISI Markets","isPartOf":{"@id":"https:\/\/isimarkets.com\/es\/#website"},"datePublished":"2026-01-23T14:31:23+00:00","dateModified":"2026-03-27T17:54:23+00:00","description":"Consulte el mapa del sitio de ISI Markets para navegar por todos los productos, soluciones, p\u00e1ginas de empresas y recursos en una visi\u00f3n general estructurada.","breadcrumb":{"@id":"https:\/\/isimarkets.com\/es\/mapa-del-sitio-es\/#breadcrumb"},"inLanguage":"es","potentialAction":[{"@type":"ReadAction","target":["https:\/\/isimarkets.com\/es\/mapa-del-sitio-es\/"]}]},{"@type":"BreadcrumbList","@id":"https:\/\/isimarkets.com\/es\/mapa-del-sitio-es\/#breadcrumb","itemListElement":[{"@type":"ListItem","position":1,"name":"Home","item":"https:\/\/isimarkets.com\/es\/hogar-es\/"},{"@type":"ListItem","position":2,"name":"Mapa del sitio"}]},{"@type":"WebSite","@id":"https:\/\/isimarkets.com\/es\/#website","url":"https:\/\/isimarkets.com\/es\/","name":"ISI","description":"Global Market Intelligence Platform","potentialAction":[{"@type":"SearchAction","target":{"@type":"EntryPoint","urlTemplate":"https:\/\/isimarkets.com\/es\/?s={search_term_string}"},"query-input":{"@type":"PropertyValueSpecification","valueRequired":true,"valueName":"search_term_string"}}],"inLanguage":"es"}]}},"_links":{"self":[{"href":"https:\/\/isimarkets.com\/es\/wp-json\/wp\/v2\/pages\/5179","targetHints":{"allow":["GET"]}}],"collection":[{"href":"https:\/\/isimarkets.com\/es\/wp-json\/wp\/v2\/pages"}],"about":[{"href":"https:\/\/isimarkets.com\/es\/wp-json\/wp\/v2\/types\/page"}],"author":[{"embeddable":true,"href":"https:\/\/isimarkets.com\/es\/wp-json\/wp\/v2\/users\/1"}],"replies":[{"embeddable":true,"href":"https:\/\/isimarkets.com\/es\/wp-json\/wp\/v2\/comments?post=5179"}],"version-history":[{"count":1,"href":"https:\/\/isimarkets.com\/es\/wp-json\/wp\/v2\/pages\/5179\/revisions"}],"predecessor-version":[{"id":5926,"href":"https:\/\/isimarkets.com\/es\/wp-json\/wp\/v2\/pages\/5179\/revisions\/5926"}],"wp:attachment":[{"href":"https:\/\/isimarkets.com\/es\/wp-json\/wp\/v2\/media?parent=5179"}],"curies":[{"name":"wp","href":"https:\/\/api.w.org\/{rel}","templated":true}]}}