{"id":5191,"date":"2026-02-19T15:31:59","date_gmt":"2026-02-19T15:31:59","guid":{"rendered":"https:\/\/isimarkets.com\/?p=5191"},"modified":"2026-04-10T22:45:17","modified_gmt":"2026-04-10T21:45:17","slug":"consultas-de-prensa-es","status":"publish","type":"page","link":"https:\/\/isimarkets.com\/es\/compania-es\/consultas-de-prensa-es\/","title":{"rendered":"Consultas de Prensa"},"content":{"rendered":"<div id=\"cs-content\" class=\"cs-content\"><div class=\"x-section e5191-e1 m407-0 breadcrumbs\" id=\"breadcrumbs\"><div class=\"x-row x-container max width e5191-e2 m407-1 m407-2 m407-3 m407-4 m407-5 m407-a\"><div class=\"x-row-inner\"><div class=\"x-col e5191-e3 m407-m\"><nav class=\"x-crumbs e5191-e4 m407-o\" role=\"navigation\"><ol class=\"x-crumbs-list\" itemscope=\"\" itemtype=\"http:\/\/schema.org\/BreadcrumbList\" aria-label=\"Breadcrumb Navigation\"><li class=\"x-crumbs-list-item\" itemprop=\"itemListElement\" itemscope itemtype=\"http:\/\/schema.org\/ListItem\"><a class=\"x-crumbs-current x-crumbs-link\" itemtype=\"http:\/\/schema.org\/Thing\" itemprop=\"item\" href=\"https:\/\/isimarkets.com\/es\/\" title=\"You Are Here\"><span itemprop=\"name\">Home<\/span><\/a><meta itemprop=\"position\" content=\"1\"><\/li><\/ol><\/nav><\/div><\/div><\/div><\/div><div class=\"x-section e5191-e5 m407-0 hero title\" id=\"title\"><div class=\"x-row x-container max width e5191-e6 m407-1 m407-2 m407-3 m407-6 m407-b m407-c\"><div class=\"x-row-inner\"><div class=\"x-col e5191-e7 m407-m\"><span class=\"x-image e5191-e8 m407-p m407-q\"><img decoding=\"async\" src=\"https:\/\/isimarkets.com\/wp-content\/uploads\/Press-Enquiries-Banner-scaled.webp\" width=\"1280\" height=\"519\" alt=\"Dos compa\u00f1eros de trabajo conversando en una oficina.\" loading=\"lazy\"><\/span><\/div><\/div><\/div><div class=\"x-row x-container max width e5191-e9 m407-1 m407-2 m407-3 m407-6 m407-b m407-d\"><div class=\"x-row-inner\"><div class=\"x-col e5191-e10 m407-m\"><div class=\"x-text x-content e5191-e11 m407-r m407-s\"><h1>Consultas de Prensa<\/h1>\n<h2><mark>Consultas de prensa<\/mark><\/h2><\/div><\/div><\/div><\/div><div class=\"x-row x-container max width e5191-e12 m407-1 m407-2 m407-3 m407-6 m407-b m407-e\"><div class=\"x-row-inner\"><div class=\"x-col e5191-e13 m407-m\"><div class=\"x-text x-content e5191-e14 m407-r m407-s\"><p>\u00bfEres periodista y buscas informaci\u00f3n confiable y an\u00e1lisis de expertos sobre mercados?<\/p><\/div><\/div><\/div><\/div><\/div><section class=\"x-section e5191-e15 m407-0\"><div class=\"x-row x-container max width e5191-e16 m407-1 m407-3 m407-6 m407-7 m407-b m407-f\"><div class=\"x-row-inner\"><div class=\"x-col e5191-e17 m407-m m407-n\"><div class=\"x-text x-content e5191-e18 m407-r m407-t\">ISI ofrece datos, insights e informaci\u00f3n confiable de nuestros expertos locales, para ayudarte a reportar con precisi\u00f3n, contexto y total confianza.<\/div><\/div><\/div><\/div><\/section><section class=\"x-section e5191-e19 m407-0 text-image\"><div class=\"x-row x-container max width e5191-e20 m407-1 m407-2 m407-8 m407-9 m407-g m407-h\" id=\"timelines\"><div class=\"x-row-inner\"><div class=\"x-col e5191-e21 m407-m\"><div class=\"x-text x-content e5191-e22 m407-r m407-s\"><h2>ISI CEIC<\/h2>\n<p>Datos macroecon\u00f3micos completos, con una profundidad \u00fanica en mercados donde la informaci\u00f3n confiable es escasa.<\/p>\n\n<ul>\n \t<li>Indicadores alternativos y de alta frecuencia que rastrean consumo, comercio, movilidad, cadenas de suministro, inflaci\u00f3n, entre otros m\u00e1s.<\/li>\n \t<li>Datos estandarizados a nivel de pa\u00eds para permitir comparaciones entre mercados<\/li>\n  <li>Cobertura hist\u00f3rica integral y registros detallados de evoluci\u00f3n para potenciar el an\u00e1lisis de tendencias y enriquecer la construcci\u00f3n de contexto.<\/li>\n  <li>Datos Point-in-Time que revelan qu\u00e9 se sab\u00eda y cu\u00e1ndo \u2014 informaci\u00f3n esencial para potenciar el periodismo investigativo.<\/li>\n<\/ul>\n<p>Utilizado por salas de redacci\u00f3n de todo el mundo para ofrecer contexto autorizado y dar claridad sobre mercados donde los datos p\u00fablicos se retrasan, son incompletos o dif\u00edciles de interpretar.<\/p>\n<\/div><\/div><div class=\"x-col e5191-e23 m407-m\"><span class=\"x-image e5191-e24 m407-p screenshot cropped\"><img decoding=\"async\" src=\"\" alt=\"Image\"><\/span><\/div><\/div><\/div><div class=\"x-row x-container max width e5191-e25 m407-1 m407-2 m407-4 m407-8 m407-g m407-i\" id=\"unique-coverage\"><div class=\"x-row-inner\"><div class=\"x-col e5191-e26 m407-m\"><span class=\"x-image e5191-e27 m407-p screenshot cropped\"><img decoding=\"async\" src=\"\" alt=\"Image\"><\/span><\/div><div class=\"x-col e5191-e28 m407-m\"><div class=\"x-text x-content e5191-e29 m407-r m407-s\"><h2>ISI EPFR<\/h2>\n<p>Informaci\u00f3n global de flujos de fondos y asignaci\u00f3n de inversores que ofrece una visi\u00f3n clara de hacia d\u00f3nde se mueve el capital entre clases de activos, regiones y sectores.<\/p>\n\n<ul>\n \t<li>Informaci\u00f3n de fondos de inversi\u00f3n y ETF, que representan m\u00e1s de 70 billones de d\u00f3lares en activos<\/li>\n \t<li>Datos de flujos y asignaci\u00f3n tal como se reportan en 75 mercados desarrollados y emergentes<\/li>\n \t<li>Conjuntos de datos de visibilidad en alta frecuencia<\/li>\n \t<li>Informaci\u00f3n detallada por pa\u00edses, sectores, industrias, divisas y valores<\/li>\n  <li>+30 a\u00f1os de datos hist\u00f3ricos para contextualizar rotaci\u00f3n, estr\u00e9s y cambios de asignaci\u00f3n<\/li>\n<\/ul>\n\n<p>Utilizado por salas de redacci\u00f3n para detectar rotaci\u00f3n y se\u00f1ales de inflexi\u00f3n que mueven el mercado.<\/p><\/div><\/div><\/div><\/div><div class=\"x-row x-container max width e5191-e30 m407-1 m407-2 m407-8 m407-9 m407-g m407-j\"><div class=\"x-row-inner\"><div class=\"x-col e5191-e31 m407-m\"><div class=\"x-text x-content e5191-e32 m407-r m407-s\"><h2>ISI EMIS<\/h2>\n<p>Informaci\u00f3n de empresas e industrias, proporcionando a las salas de redacci\u00f3n informaci\u00f3n estructurada procedente directamente de analistas locales y especialistas de mercado.<\/p>\n\n<ul>\n \t<li>Informaci\u00f3n sectorial en mercados clave, incluyendo panorama del mercado, an\u00e1lisis de tendencias, legislaci\u00f3n y perfiles de empresas l\u00edderes del sector.<\/li>\n \t<li>Informaci\u00f3n de M&amp;A y ECM, noticias, valoraci\u00f3n de operaciones y tablas de clasificaci\u00f3n con herramientas avanzadas de filtrado, ofreciendo una cobertura integral de las transacciones en m\u00faltiples mercados<\/li>\n<\/ul>\n<p>Utilizado por salas de redacci\u00f3n globales para a\u00f1adir profundidad, contexto local e informaci\u00f3n autorizada sobre industrias y M&amp;A.<\/p><\/div><\/div><div class=\"x-col e5191-e33 m407-m\"><span class=\"x-image e5191-e34 m407-p screenshot cropped\"><img decoding=\"async\" src=\"\" alt=\"Image\"><\/span><\/div><\/div><\/div><div class=\"x-row x-container max width e5191-e35 m407-1 m407-2 m407-4 m407-8 m407-g m407-k\"><div class=\"x-row-inner\"><div class=\"x-col e5191-e36 m407-m\"><span class=\"x-image e5191-e37 m407-p screenshot cropped\"><img decoding=\"async\" src=\"https:\/\/isimarkets.com\/wp-content\/uploads\/REDD_Timelines.webp\" width=\"1299\" height=\"1299\" alt=\"Cronolog\u00edas REDD\" loading=\"lazy\"><\/span><\/div><div class=\"x-col e5191-e38 m407-m\"><div class=\"x-text x-content e5191-e39 m407-r m407-s\"><h2>ISI REDD<\/h2>\n<p>Informaci\u00f3n oportuna y basada en eventos cr\u00edticos sobre cr\u00e9ditos corporativos y soberanos, ofreciendo a las salas de redacci\u00f3n claridad sobre cambios que suelen ser poco transparentes o de r\u00e1pida evoluci\u00f3n.<\/p>\n\n<ul>\n \t<li>Cobertura exclusiva e independiente, realizada por equipos locales especializados, sobre procesos de reestructuraci\u00f3n, cambios de pol\u00edtica, situaciones especiales y catalizadores relevantes para el riesgo crediticio.<\/li>\n \t<li>Insights contextuales de pa\u00edses y cr\u00e9dito que permiten interpretar la din\u00e1mica de precios, los episodios de estr\u00e9s de mercado y la evoluci\u00f3n del perfil de riesgo.<\/li>\n \t<li>Se\u00f1ales de situaciones especiales y eventos corporativos que facilitan la identificaci\u00f3n temprana de desarrollos relevantes.<\/li>\n<\/ul>\n<p>Utilizado por salas de redacci\u00f3n globales para identificar catalizadores de cr\u00e9dito y descubrir se\u00f1ales de situaciones especiales.<\/p><\/div><\/div><\/div><\/div><div class=\"x-row x-container max width e5191-e40 m407-1 m407-2 m407-8 m407-9 m407-g m407-l\"><div class=\"x-row-inner\"><div class=\"x-col e5191-e41 m407-m\"><div class=\"x-text x-content e5191-e42 m407-r m407-s\"><h2>Contactar a ISI<\/h2>\n<p>Si necesitas informaci\u00f3n o comentarios de expertos, nuestro equipo est\u00e1 disponible para ayudarte con datos e insights precisos y oportunos. <\/p>\n<p>Datos e informaci\u00f3n para noticias y art\u00edculos<br>  <a href=\"mailto:media@isimarkets.com\">media@isimarkets.com<\/a><\/p>\n<p>Entrevista a un experto de ISI<br>  <a href=\"mailto:press@isimarkets.com\">press@isimarkets.com<\/a><\/p><\/div><\/div><div class=\"x-col e5191-e43 m407-m\"><span class=\"x-image e5191-e44 m407-p\"><img decoding=\"async\" src=\"https:\/\/isimarkets.com\/wp-content\/uploads\/Contact-ISI.webp\" width=\"1300\" height=\"1300\" alt=\"Una mujer con el pelo largo y oscuro escucha atentamente en un entorno de oficina luminoso. Sostiene un bol\u00edgrafo y se ve un port\u00e1til en el fondo desenfocado, lo que sugiere una reuni\u00f3n.\" loading=\"lazy\"><\/span><\/div><\/div><\/div><\/section><div class=\"cs-content x-global-block x-global-block-4999 e5191-e45\"><section class=\"x-section e4999-e2 m3uv-0 cta accent\" id=\"cta\"><div class=\"x-row x-container max width e4999-e3 m3uv-1 m3uv-2\"><div class=\"x-row-inner\"><div class=\"x-col e4999-e4 m3uv-3\"><div class=\"x-text x-content e4999-e5 m3uv-4\"><h2>Request Demo<\/h2>\n<p class=\"highlight\"><mark>Turn complexity into clarity<\/mark><\/p>\n<p class=\"cta\"><a class=\"button request-demo\" href=\"\/demo\/\">Request Demo<\/a><\/p><\/div><\/div><div class=\"x-col e4999-e6 m3uv-3\"><div class=\"x-text x-content e4999-e7 m3uv-4\"><div class=\"x-image\"><img loading=\"lazy\" decoding=\"async\" src=\"https:\/\/isimarkets.com\/wp-content\/uploads\/Demo-02.webp\" alt=\"\" width=\"2000\" height=\"2000\" class=\"alignnone size-full wp-image-4820\" srcset=\"https:\/\/isimarkets.com\/wp-content\/uploads\/Demo-02.webp 2000w, https:\/\/isimarkets.com\/wp-content\/uploads\/Demo-02-300x300.webp 300w, https:\/\/isimarkets.com\/wp-content\/uploads\/Demo-02-1024x1024.webp 1024w, https:\/\/isimarkets.com\/wp-content\/uploads\/Demo-02-150x150.webp 150w, https:\/\/isimarkets.com\/wp-content\/uploads\/Demo-02-768x768.webp 768w, https:\/\/isimarkets.com\/wp-content\/uploads\/Demo-02-1536x1536.webp 1536w\" sizes=\"auto, (max-width: 2000px) 100vw, 2000px\" \/><\/div><\/div><\/div><\/div><\/div><\/section><\/div><\/div>","protected":false},"excerpt":{"rendered":"<p>HomeConsultas de Prensa Consultas de prensa\u00bfEres periodista y buscas informaci\u00f3n confiable y an\u00e1lisis de expertos sobre mercados?ISI ofrece datos, insights e informaci\u00f3n confiable de nuestros expertos locales, para ayudarte a reportar con precisi\u00f3n, contexto y total confianza.ISI CEIC Datos macroecon\u00f3micos completos, con una profundidad \u00fanica en mercados donde la informaci\u00f3n confiable es escasa. Indicadores alternativos y de alta frecuencia que&hellip;<\/p>\n","protected":false},"author":2,"featured_media":0,"parent":5107,"menu_order":12,"comment_status":"closed","ping_status":"closed","template":"","meta":{"content-type":"","cpa_authors":[],"cpa_override_default":false,"footnotes":""},"class_list":["post-5191","page","type-page","status-publish","hentry","no-post-thumbnail"],"yoast_head":"<!-- This site is optimized with the Yoast SEO plugin v27.4 - https:\/\/yoast.com\/product\/yoast-seo-wordpress\/ -->\n<title>Contacto de prensa y medios | ISI Markets<\/title>\n<meta name=\"description\" content=\"Contacta con ISI Markets para consultas de medios, entrevistas e insights de expertos sobre informaci\u00f3n de mercados y datos financieros.\" \/>\n<meta name=\"robots\" content=\"index, follow, max-snippet:-1, max-image-preview:large, max-video-preview:-1\" \/>\n<link rel=\"canonical\" href=\"https:\/\/isimarkets.com\/es\/compania-es\/consultas-de-prensa-es\/\" \/>\n<meta property=\"og:locale\" content=\"es_ES\" \/>\n<meta property=\"og:type\" content=\"article\" \/>\n<meta property=\"og:title\" content=\"Contacto de prensa y medios | ISI Markets\" \/>\n<meta property=\"og:description\" content=\"Contacta con ISI Markets para consultas de medios, entrevistas e insights de expertos sobre informaci\u00f3n de mercados y datos financieros.\" \/>\n<meta property=\"og:url\" content=\"https:\/\/isimarkets.com\/es\/compania-es\/consultas-de-prensa-es\/\" \/>\n<meta property=\"og:site_name\" content=\"ISI\" \/>\n<meta property=\"article:modified_time\" content=\"2026-04-10T21:45:17+00:00\" \/>\n<meta property=\"og:image\" content=\"https:\/\/isimarkets.com\/wp-content\/uploads\/istockphoto-2243757881-1024x1024_watermark.jpg\" \/>\n<meta name=\"twitter:card\" content=\"summary_large_image\" \/>\n<meta name=\"twitter:label1\" content=\"Tiempo de lectura\" \/>\n\t<meta name=\"twitter:data1\" content=\"2 minutos\" \/>\n<script type=\"application\/ld+json\" class=\"yoast-schema-graph\">{\"@context\":\"https:\\\/\\\/schema.org\",\"@graph\":[{\"@type\":\"WebPage\",\"@id\":\"https:\\\/\\\/isimarkets.com\\\/es\\\/compania-es\\\/consultas-de-prensa-es\\\/\",\"url\":\"https:\\\/\\\/isimarkets.com\\\/es\\\/compania-es\\\/consultas-de-prensa-es\\\/\",\"name\":\"Contacto de prensa y medios | ISI Markets\",\"isPartOf\":{\"@id\":\"https:\\\/\\\/isimarkets.com\\\/es\\\/#website\"},\"primaryImageOfPage\":{\"@id\":\"https:\\\/\\\/isimarkets.com\\\/es\\\/compania-es\\\/consultas-de-prensa-es\\\/#primaryimage\"},\"image\":{\"@id\":\"https:\\\/\\\/isimarkets.com\\\/es\\\/compania-es\\\/consultas-de-prensa-es\\\/#primaryimage\"},\"thumbnailUrl\":\"https:\\\/\\\/isimarkets.com\\\/wp-content\\\/uploads\\\/istockphoto-2243757881-1024x1024_watermark.jpg\",\"datePublished\":\"2026-02-19T15:31:59+00:00\",\"dateModified\":\"2026-04-10T21:45:17+00:00\",\"description\":\"Contacta con ISI Markets para consultas de medios, entrevistas e insights de expertos sobre informaci\u00f3n de mercados y datos financieros.\",\"breadcrumb\":{\"@id\":\"https:\\\/\\\/isimarkets.com\\\/es\\\/compania-es\\\/consultas-de-prensa-es\\\/#breadcrumb\"},\"inLanguage\":\"es\",\"potentialAction\":[{\"@type\":\"ReadAction\",\"target\":[\"https:\\\/\\\/isimarkets.com\\\/es\\\/compania-es\\\/consultas-de-prensa-es\\\/\"]}]},{\"@type\":\"ImageObject\",\"inLanguage\":\"es\",\"@id\":\"https:\\\/\\\/isimarkets.com\\\/es\\\/compania-es\\\/consultas-de-prensa-es\\\/#primaryimage\",\"url\":\"https:\\\/\\\/isimarkets.com\\\/wp-content\\\/uploads\\\/istockphoto-2243757881-1024x1024_watermark.jpg\",\"contentUrl\":\"https:\\\/\\\/isimarkets.com\\\/wp-content\\\/uploads\\\/istockphoto-2243757881-1024x1024_watermark.jpg\"},{\"@type\":\"BreadcrumbList\",\"@id\":\"https:\\\/\\\/isimarkets.com\\\/es\\\/compania-es\\\/consultas-de-prensa-es\\\/#breadcrumb\",\"itemListElement\":[{\"@type\":\"ListItem\",\"position\":1,\"name\":\"Home\",\"item\":\"https:\\\/\\\/isimarkets.com\\\/es\\\/hogar-es\\\/\"},{\"@type\":\"ListItem\",\"position\":2,\"name\":\"Empresa\",\"item\":\"https:\\\/\\\/isimarkets.com\\\/es\\\/compania-es\\\/\"},{\"@type\":\"ListItem\",\"position\":3,\"name\":\"Consultas de Prensa\"}]},{\"@type\":\"WebSite\",\"@id\":\"https:\\\/\\\/isimarkets.com\\\/es\\\/#website\",\"url\":\"https:\\\/\\\/isimarkets.com\\\/es\\\/\",\"name\":\"ISI\",\"description\":\"Global Market Intelligence Platform\",\"potentialAction\":[{\"@type\":\"SearchAction\",\"target\":{\"@type\":\"EntryPoint\",\"urlTemplate\":\"https:\\\/\\\/isimarkets.com\\\/es\\\/?s={search_term_string}\"},\"query-input\":{\"@type\":\"PropertyValueSpecification\",\"valueRequired\":true,\"valueName\":\"search_term_string\"}}],\"inLanguage\":\"es\"}]}<\/script>\n<!-- \/ Yoast SEO plugin. -->","yoast_head_json":{"title":"Contacto de prensa y medios | ISI Markets","description":"Contacta con ISI Markets para consultas de medios, entrevistas e insights de expertos sobre informaci\u00f3n de mercados y datos financieros.","robots":{"index":"index","follow":"follow","max-snippet":"max-snippet:-1","max-image-preview":"max-image-preview:large","max-video-preview":"max-video-preview:-1"},"canonical":"https:\/\/isimarkets.com\/es\/compania-es\/consultas-de-prensa-es\/","og_locale":"es_ES","og_type":"article","og_title":"Contacto de prensa y medios | ISI Markets","og_description":"Contacta con ISI Markets para consultas de medios, entrevistas e insights de expertos sobre informaci\u00f3n de mercados y datos financieros.","og_url":"https:\/\/isimarkets.com\/es\/compania-es\/consultas-de-prensa-es\/","og_site_name":"ISI","article_modified_time":"2026-04-10T21:45:17+00:00","og_image":[{"url":"https:\/\/isimarkets.com\/wp-content\/uploads\/istockphoto-2243757881-1024x1024_watermark.jpg","type":"","width":"","height":""}],"twitter_card":"summary_large_image","twitter_misc":{"Tiempo de lectura":"2 minutos"},"schema":{"@context":"https:\/\/schema.org","@graph":[{"@type":"WebPage","@id":"https:\/\/isimarkets.com\/es\/compania-es\/consultas-de-prensa-es\/","url":"https:\/\/isimarkets.com\/es\/compania-es\/consultas-de-prensa-es\/","name":"Contacto de prensa y medios | ISI Markets","isPartOf":{"@id":"https:\/\/isimarkets.com\/es\/#website"},"primaryImageOfPage":{"@id":"https:\/\/isimarkets.com\/es\/compania-es\/consultas-de-prensa-es\/#primaryimage"},"image":{"@id":"https:\/\/isimarkets.com\/es\/compania-es\/consultas-de-prensa-es\/#primaryimage"},"thumbnailUrl":"https:\/\/isimarkets.com\/wp-content\/uploads\/istockphoto-2243757881-1024x1024_watermark.jpg","datePublished":"2026-02-19T15:31:59+00:00","dateModified":"2026-04-10T21:45:17+00:00","description":"Contacta con ISI Markets para consultas de medios, entrevistas e insights de expertos sobre informaci\u00f3n de mercados y datos financieros.","breadcrumb":{"@id":"https:\/\/isimarkets.com\/es\/compania-es\/consultas-de-prensa-es\/#breadcrumb"},"inLanguage":"es","potentialAction":[{"@type":"ReadAction","target":["https:\/\/isimarkets.com\/es\/compania-es\/consultas-de-prensa-es\/"]}]},{"@type":"ImageObject","inLanguage":"es","@id":"https:\/\/isimarkets.com\/es\/compania-es\/consultas-de-prensa-es\/#primaryimage","url":"https:\/\/isimarkets.com\/wp-content\/uploads\/istockphoto-2243757881-1024x1024_watermark.jpg","contentUrl":"https:\/\/isimarkets.com\/wp-content\/uploads\/istockphoto-2243757881-1024x1024_watermark.jpg"},{"@type":"BreadcrumbList","@id":"https:\/\/isimarkets.com\/es\/compania-es\/consultas-de-prensa-es\/#breadcrumb","itemListElement":[{"@type":"ListItem","position":1,"name":"Home","item":"https:\/\/isimarkets.com\/es\/hogar-es\/"},{"@type":"ListItem","position":2,"name":"Empresa","item":"https:\/\/isimarkets.com\/es\/compania-es\/"},{"@type":"ListItem","position":3,"name":"Consultas de Prensa"}]},{"@type":"WebSite","@id":"https:\/\/isimarkets.com\/es\/#website","url":"https:\/\/isimarkets.com\/es\/","name":"ISI","description":"Global Market Intelligence Platform","potentialAction":[{"@type":"SearchAction","target":{"@type":"EntryPoint","urlTemplate":"https:\/\/isimarkets.com\/es\/?s={search_term_string}"},"query-input":{"@type":"PropertyValueSpecification","valueRequired":true,"valueName":"search_term_string"}}],"inLanguage":"es"}]}},"_links":{"self":[{"href":"https:\/\/isimarkets.com\/es\/wp-json\/wp\/v2\/pages\/5191","targetHints":{"allow":["GET"]}}],"collection":[{"href":"https:\/\/isimarkets.com\/es\/wp-json\/wp\/v2\/pages"}],"about":[{"href":"https:\/\/isimarkets.com\/es\/wp-json\/wp\/v2\/types\/page"}],"author":[{"embeddable":true,"href":"https:\/\/isimarkets.com\/es\/wp-json\/wp\/v2\/users\/2"}],"replies":[{"embeddable":true,"href":"https:\/\/isimarkets.com\/es\/wp-json\/wp\/v2\/comments?post=5191"}],"version-history":[{"count":8,"href":"https:\/\/isimarkets.com\/es\/wp-json\/wp\/v2\/pages\/5191\/revisions"}],"predecessor-version":[{"id":6785,"href":"https:\/\/isimarkets.com\/es\/wp-json\/wp\/v2\/pages\/5191\/revisions\/6785"}],"up":[{"embeddable":true,"href":"https:\/\/isimarkets.com\/es\/wp-json\/wp\/v2\/pages\/5107"}],"wp:attachment":[{"href":"https:\/\/isimarkets.com\/es\/wp-json\/wp\/v2\/media?parent=5191"}],"curies":[{"name":"wp","href":"https:\/\/api.w.org\/{rel}","templated":true}]}}