{"id":5197,"date":"2026-02-23T13:46:09","date_gmt":"2026-02-23T13:46:09","guid":{"rendered":"https:\/\/isimarkets.com\/?p=5197"},"modified":"2026-03-25T22:22:38","modified_gmt":"2026-03-25T22:22:38","slug":"hoja-informativa-es","status":"publish","type":"page","link":"https:\/\/isimarkets.com\/es\/hoja-informativa-es\/","title":{"rendered":"Newsletter"},"content":{"rendered":"<div id=\"cs-content\" class=\"cs-content\"><div class=\"cs-content x-global-block x-global-block-4951 e5197-e1\"><div class=\"x-section e4951-e2 m3tj-0 breadcrumbs\" id=\"breadcrumbs\"><div class=\"x-row x-container max width e4951-e3 m3tj-1 m3tj-2\"><div class=\"x-row-inner\"><div class=\"x-col e4951-e4 m3tj-3\"><nav class=\"x-crumbs e4951-e5 m3tj-4\" role=\"navigation\"><ol class=\"x-crumbs-list\" itemscope=\"\" itemtype=\"http:\/\/schema.org\/BreadcrumbList\" aria-label=\"Breadcrumb Navigation\"><li class=\"x-crumbs-list-item\" itemprop=\"itemListElement\" itemscope itemtype=\"http:\/\/schema.org\/ListItem\"><a class=\"x-crumbs-current x-crumbs-link\" itemtype=\"http:\/\/schema.org\/Thing\" itemprop=\"item\" href=\"https:\/\/isimarkets.com\/es\/\" title=\"You Are Here\"><span itemprop=\"name\">Home<\/span><\/a><meta itemprop=\"position\" content=\"1\"><\/li><\/ol><\/nav><\/div><\/div><\/div><\/div><\/div><section class=\"x-section e5197-e2 m40d-0 m40d-1 title simple\" id=\"title\"><div class=\"x-row x-container max width e5197-e3 m40d-3 m40d-4 m40d-5 m40d-8 m40d-9\"><div class=\"x-row-inner\"><div class=\"x-col e5197-e4 m40d-c\"><div class=\"x-text x-content e5197-e5 m40d-d\"><h1>Mantente actualizado con nuestros newsletters<\/h1><\/div><\/div><div class=\"x-col e5197-e6 m40d-c\"><div class=\"x-text x-content e5197-e7 m40d-d\">Recibe en email datos macroecon\u00f3micos, informaci\u00f3n de fondos y an\u00e1lisis sectoriales elaborados por nuestros expertos.<\/div><\/div><\/div><\/div><\/section><section class=\"x-section e5197-e8 m40d-1 m40d-2 cards accent\" id=\"newsletters\"><div class=\"x-row x-container max width e5197-e9 m40d-3 m40d-5 m40d-6 m40d-8 m40d-a\"><div class=\"x-row-inner\"><div class=\"x-col e5197-e10 m40d-c\"><div class=\"x-text x-content e5197-e11 m40d-d\"><h2 class=\"screen-reader-text\">Selecciona el newsletter<\/h2><\/div><\/div><\/div><\/div><div class=\"x-row x-container max width e5197-e12 m40d-3 m40d-6 m40d-7 m40d-b\"><div class=\"x-row-inner\"><div class=\"x-col e5197-e13 m40d-c ceic\"><div class=\"x-text x-content e5197-e14 m40d-d\"><h3><span class=\"logo\"><svg xmlns=\"http:\/\/www.w3.org\/2000\/svg\" fill=\"none\" viewBox=\"0 0 198 48\" class=\"isi-logo svg-ceic-logo\">\t<g class=\"isi-motif\" fill=\"#ff5215\">\t\t<path d=\"M49.908 21.756c-4.43-2.199-9.662-2.832-14.726-3.398-11.994-1.4-13.093-3.565-13.093-7.296H11.06c0 7.296 2.932 12.027 8.996 15.059 4.43 2.199 9.661 2.832 14.726 3.398 11.994 1.4 13.093 3.565 13.093 7.296h11.028c0-7.296-2.932-12.027-8.996-15.059M44.178 0H22.09v11.028h33.117z\"\/>\t\t<path d=\"M11.061 11.161 11.028 0H0v47.843h11.028zM69.897 0H58.869v47.843h11.028zM14.726 36.814 25.754 47.84h22.089V36.813z\"\/>\t<\/g>\t<path fill=\"currentColor\" d=\"M91.554 24.154c0-11.161 5.73-17.325 14.626-17.325 6.064 0 9.929 2.466 12.328 7.763l-6.197 3.198c-.867-2.732-2.599-4.597-6.164-4.597-4.198 0-6.996 2.832-6.996 8.029v5.297c0 5.198 2.798 8.03 6.996 8.03 3.532 0 5.597-2.233 6.564-4.931l5.863 3.398c-2.465 4.998-6.397 7.896-12.427 7.896-8.896 0-14.626-5.664-14.626-16.825zm33.452 16.259V7.396h22.456v6.397h-15.293v6.764h13.094v6.33h-13.094v7.13h15.293v6.396zm44.21-16.259c0-11.161 5.731-17.325 14.626-17.325 6.064 0 9.929 2.466 12.327 7.763l-6.197 3.198c-.866-2.732-2.598-4.597-6.163-4.597-4.198 0-6.997 2.832-6.997 8.029v5.297c0 5.198 2.799 8.03 6.997 8.03 3.531 0 5.597-2.233 6.563-4.931l5.864 3.398c-2.465 4.998-6.397 7.896-12.427 7.896-8.896 0-14.626-5.664-14.626-16.825zM155.025 7.396h7.196v33.017h-7.196z\"\/><\/svg>\n<\/span> Insights Semanales<\/h3>\n<p>Suscr\u00edbete a nuestro newsletter y recibe las \u00faltimas noticias y an\u00e1lisis macroecon\u00f3micos sobre diferentes mercados directamente en tu email.<\/p>\n<p><a  class=\"x-btn button\"  href=\"\/newsletter\/ceic-sign-up\/\"     data-options=\"thumbnail: ''\">Suscr\u00edbete<\/a><\/p><\/div><\/div><div class=\"x-col e5197-e15 m40d-c\"><div class=\"x-text x-content e5197-e16 m40d-d\"><h3><span class=\"logo\"><svg xmlns=\"http:\/\/www.w3.org\/2000\/svg\" fill=\"none\" viewBox=\"0 0 204 48\" class=\"isi-logo svg-emis-logo\">\t<g class=\"isi-motif\" fill=\"#ff5215\">\t\t<path d=\"M49.909 21.72c-4.432-2.198-9.662-2.831-14.727-3.398-11.994-1.399-13.093-3.565-13.093-7.296H11.06c0 7.296 2.932 12.027 8.996 15.06 4.43 2.198 9.662 2.831 14.726 3.397 11.994 1.4 13.093 3.565 13.093 7.297h11.028c0-7.297-2.932-12.028-8.996-15.06\"\/>\t\t<path d=\"M44.178 0H22.09v11.028h33.117zM11.061 11.128 11.028 0H0v47.843h11.028zM69.897 0H58.869v47.843h11.028zM14.726 36.782l11.028 11.06h22.089v-11.06z\"\/>\t<\/g>\t<path fill=\"currentColor\" d=\"M92.052 40.48V7.395h22.523v6.396H99.282v6.764h13.127v6.363H99.282v7.163h15.293v6.397zm55.174-21.69h-.134l-2.432 4.832-6.43 11.694-6.297-11.66-2.499-5.232h-.133v22.023h-6.763V7.363h7.629l8.096 15.493h.1l7.996-15.493h7.663v33.084h-6.763v-21.69zm15.161-11.394h7.196v33.083h-7.196zm13.924 28.286 4.731-4.798c2.232 2.499 5.064 3.798 8.295 3.798 3.499 0 5.231-1.566 5.231-3.965 0-1.799-.766-3.131-3.831-3.564l-3.265-.434c-6.964-.9-10.129-4.297-10.129-9.861 0-5.93 4.631-10.062 12.428-10.062 4.964 0 8.762 1.666 11.461 4.63l-4.798 4.832c-1.566-1.833-3.698-3.132-7.097-3.132-3.231 0-4.797 1.233-4.797 3.232 0 2.265 1.199 3.132 3.931 3.565l3.265.533c6.764 1.1 10.062 4.131 10.062 9.795 0 6.363-4.631 10.761-12.894 10.761-5.797 0-9.728-2.232-12.56-5.364z\"\/><\/svg>\n<\/span> Newsletter Semanal de Noticias Sectoriales<\/h3>\n<p>Recibe las actualizaciones m\u00e1s relevantes de tu(s) industria(s) de inter\u00e9s, enviadas directamente a tu email desde nuestra plataforma EMIS<\/p>\n<p><a  class=\"x-btn button\"  href=\"\/newsletter\/emis-sign-up\/\"     data-options=\"thumbnail: ''\">Suscr\u00edbete<\/a><\/p><\/div><\/div><div class=\"x-col e5197-e17 m40d-c\"><div class=\"x-text x-content e5197-e18 m40d-d\"><h3><svg xmlns=\"http:\/\/www.w3.org\/2000\/svg\" fill=\"none\" viewBox=\"0 0 211 48\" class=\"isi-logo svg-epfr-logo\">\t<g class=\"isi-motif\" fill=\"#ff5215\">\t\t<path d=\"M49.908 21.756c-4.43-2.199-9.662-2.832-14.726-3.398-11.994-1.4-13.093-3.565-13.093-7.296H11.06c0 7.296 2.932 12.027 8.996 15.059 4.43 2.199 9.661 2.832 14.726 3.398 11.994 1.4 13.093 3.565 13.093 7.296h11.028c0-7.296-2.932-12.027-8.996-15.059M44.178 0H22.09v11.061h33.117z\"\/>\t\t<path d=\"M11.061 11.161 11.028 0H0v47.843h11.028zM69.898 0H58.87v47.843h11.028zM14.726 36.814 25.754 47.84h22.089V36.813z\"\/>\t<\/g>\t<path fill=\"currentColor\" d=\"M92.053 40.48V7.363h22.555v6.397H99.282v6.797h13.161v6.363h-13.16v7.163h15.325v6.397zm30.186 0V7.363h15.659c6.164 0 10.062 4.331 10.062 10.595s-3.898 10.595-10.062 10.595h-8.462v11.96h-7.197zm7.197-18.224h7.596c2.132 0 3.465-1.133 3.465-3.265v-2.1c0-2.131-1.333-3.264-3.465-3.264h-7.596zm25.055 18.224V7.363h21.989v6.397h-14.759v6.797h12.593v6.363h-12.593v13.56zm36.082 0h-7.23V7.363h15.726c6.13 0 10.028 4.265 10.028 10.595 0 4.465-1.999 8.03-6.03 9.529l6.496 12.993h-8.029l-5.797-12.16h-5.164zm7.596-18.224c2.132 0 3.465-1.133 3.465-3.265v-2.1c0-2.131-1.333-3.264-3.465-3.264h-7.596v8.629z\"\/><\/svg>\nGlobal Navigator &amp; Quants Corner<\/h3>\n<p>Suscr\u00edbete a los Insights de EPFR y recibe, cada semana y cada mes, informaci\u00f3n de alta calidad elaborada por nuestros equipos de research y quant, directamente en tu email.<\/p>\n<p><a  class=\"x-btn button\"  href=\"\/newsletter\/epfr-sign-up\/\"     data-options=\"thumbnail: ''\">Suscr\u00edbete<\/a><\/p><\/div><\/div><\/div><\/div><\/section><\/div>","protected":false},"excerpt":{"rendered":"<p>HomeMantente actualizado con nuestros newslettersRecibe en email datos macroecon\u00f3micos, informaci\u00f3n de fondos y an\u00e1lisis sectoriales elaborados por nuestros expertos.Selecciona el newsletter Insights Semanales Suscr\u00edbete a nuestro newsletter y recibe las \u00faltimas noticias y an\u00e1lisis macroecon\u00f3micos sobre diferentes mercados directamente en tu email. Suscr\u00edbete Newsletter Semanal de Noticias Sectoriales Recibe las actualizaciones m\u00e1s relevantes de tu(s) industria(s) de inter\u00e9s, enviadas directamente&hellip;<\/p>\n","protected":false},"author":1,"featured_media":0,"parent":0,"menu_order":41,"comment_status":"closed","ping_status":"closed","template":"template-blank-4.php","meta":{"content-type":"","cpa_authors":[],"cpa_override_default":false,"footnotes":""},"class_list":["post-5197","page","type-page","status-publish","hentry","no-post-thumbnail"],"yoast_head":"<!-- This site is optimized with the Yoast SEO plugin v27.4 - https:\/\/yoast.com\/product\/yoast-seo-wordpress\/ -->\n<title>Newsletter \u2013 Insights sobre Mercados Entregados Cada Semana<\/title>\n<meta name=\"description\" content=\"Suscr\u00edbete a nuestros newsletter y recibe datos macroecon\u00f3micos semanales, flujos de fondos y an\u00e1lisis sectoriales de los expertos de CEIC, EMIS y EPFR, directamente en tu email.\" \/>\n<meta name=\"robots\" content=\"index, follow, max-snippet:-1, max-image-preview:large, max-video-preview:-1\" \/>\n<link rel=\"canonical\" href=\"https:\/\/isimarkets.com\/es\/hoja-informativa-es\/\" \/>\n<meta property=\"og:locale\" content=\"es_ES\" \/>\n<meta property=\"og:type\" content=\"article\" \/>\n<meta property=\"og:title\" content=\"Newsletter \u2013 Insights sobre Mercados Entregados Cada Semana\" \/>\n<meta property=\"og:description\" content=\"Suscr\u00edbete a nuestros newsletter y recibe datos macroecon\u00f3micos semanales, flujos de fondos y an\u00e1lisis sectoriales de los expertos de CEIC, EMIS y EPFR, directamente en tu email.\" \/>\n<meta property=\"og:url\" content=\"https:\/\/isimarkets.com\/es\/hoja-informativa-es\/\" \/>\n<meta property=\"og:site_name\" content=\"ISI\" \/>\n<meta property=\"article:modified_time\" content=\"2026-03-25T22:22:38+00:00\" \/>\n<meta name=\"twitter:card\" content=\"summary_large_image\" \/>\n<meta name=\"twitter:label1\" content=\"Tiempo de lectura\" \/>\n\t<meta name=\"twitter:data1\" content=\"1 minuto\" \/>\n<script type=\"application\/ld+json\" class=\"yoast-schema-graph\">{\"@context\":\"https:\\\/\\\/schema.org\",\"@graph\":[{\"@type\":\"WebPage\",\"@id\":\"https:\\\/\\\/isimarkets.com\\\/es\\\/hoja-informativa-es\\\/\",\"url\":\"https:\\\/\\\/isimarkets.com\\\/es\\\/hoja-informativa-es\\\/\",\"name\":\"Newsletter \u2013 Insights sobre Mercados Entregados Cada Semana\",\"isPartOf\":{\"@id\":\"https:\\\/\\\/isimarkets.com\\\/es\\\/#website\"},\"datePublished\":\"2026-02-23T13:46:09+00:00\",\"dateModified\":\"2026-03-25T22:22:38+00:00\",\"description\":\"Suscr\u00edbete a nuestros newsletter y recibe datos macroecon\u00f3micos semanales, flujos de fondos y an\u00e1lisis sectoriales de los expertos de CEIC, EMIS y EPFR, directamente en tu email.\",\"breadcrumb\":{\"@id\":\"https:\\\/\\\/isimarkets.com\\\/es\\\/hoja-informativa-es\\\/#breadcrumb\"},\"inLanguage\":\"es\",\"potentialAction\":[{\"@type\":\"ReadAction\",\"target\":[\"https:\\\/\\\/isimarkets.com\\\/es\\\/hoja-informativa-es\\\/\"]}]},{\"@type\":\"BreadcrumbList\",\"@id\":\"https:\\\/\\\/isimarkets.com\\\/es\\\/hoja-informativa-es\\\/#breadcrumb\",\"itemListElement\":[{\"@type\":\"ListItem\",\"position\":1,\"name\":\"Home\",\"item\":\"https:\\\/\\\/isimarkets.com\\\/es\\\/hogar-es\\\/\"},{\"@type\":\"ListItem\",\"position\":2,\"name\":\"Newsletter\"}]},{\"@type\":\"WebSite\",\"@id\":\"https:\\\/\\\/isimarkets.com\\\/es\\\/#website\",\"url\":\"https:\\\/\\\/isimarkets.com\\\/es\\\/\",\"name\":\"ISI\",\"description\":\"Global Market Intelligence Platform\",\"potentialAction\":[{\"@type\":\"SearchAction\",\"target\":{\"@type\":\"EntryPoint\",\"urlTemplate\":\"https:\\\/\\\/isimarkets.com\\\/es\\\/?s={search_term_string}\"},\"query-input\":{\"@type\":\"PropertyValueSpecification\",\"valueRequired\":true,\"valueName\":\"search_term_string\"}}],\"inLanguage\":\"es\"}]}<\/script>\n<!-- \/ Yoast SEO plugin. -->","yoast_head_json":{"title":"Newsletter \u2013 Insights sobre Mercados Entregados Cada Semana","description":"Suscr\u00edbete a nuestros newsletter y recibe datos macroecon\u00f3micos semanales, flujos de fondos y an\u00e1lisis sectoriales de los expertos de CEIC, EMIS y EPFR, directamente en tu email.","robots":{"index":"index","follow":"follow","max-snippet":"max-snippet:-1","max-image-preview":"max-image-preview:large","max-video-preview":"max-video-preview:-1"},"canonical":"https:\/\/isimarkets.com\/es\/hoja-informativa-es\/","og_locale":"es_ES","og_type":"article","og_title":"Newsletter \u2013 Insights sobre Mercados Entregados Cada Semana","og_description":"Suscr\u00edbete a nuestros newsletter y recibe datos macroecon\u00f3micos semanales, flujos de fondos y an\u00e1lisis sectoriales de los expertos de CEIC, EMIS y EPFR, directamente en tu email.","og_url":"https:\/\/isimarkets.com\/es\/hoja-informativa-es\/","og_site_name":"ISI","article_modified_time":"2026-03-25T22:22:38+00:00","twitter_card":"summary_large_image","twitter_misc":{"Tiempo de lectura":"1 minuto"},"schema":{"@context":"https:\/\/schema.org","@graph":[{"@type":"WebPage","@id":"https:\/\/isimarkets.com\/es\/hoja-informativa-es\/","url":"https:\/\/isimarkets.com\/es\/hoja-informativa-es\/","name":"Newsletter \u2013 Insights sobre Mercados Entregados Cada Semana","isPartOf":{"@id":"https:\/\/isimarkets.com\/es\/#website"},"datePublished":"2026-02-23T13:46:09+00:00","dateModified":"2026-03-25T22:22:38+00:00","description":"Suscr\u00edbete a nuestros newsletter y recibe datos macroecon\u00f3micos semanales, flujos de fondos y an\u00e1lisis sectoriales de los expertos de CEIC, EMIS y EPFR, directamente en tu email.","breadcrumb":{"@id":"https:\/\/isimarkets.com\/es\/hoja-informativa-es\/#breadcrumb"},"inLanguage":"es","potentialAction":[{"@type":"ReadAction","target":["https:\/\/isimarkets.com\/es\/hoja-informativa-es\/"]}]},{"@type":"BreadcrumbList","@id":"https:\/\/isimarkets.com\/es\/hoja-informativa-es\/#breadcrumb","itemListElement":[{"@type":"ListItem","position":1,"name":"Home","item":"https:\/\/isimarkets.com\/es\/hogar-es\/"},{"@type":"ListItem","position":2,"name":"Newsletter"}]},{"@type":"WebSite","@id":"https:\/\/isimarkets.com\/es\/#website","url":"https:\/\/isimarkets.com\/es\/","name":"ISI","description":"Global Market Intelligence Platform","potentialAction":[{"@type":"SearchAction","target":{"@type":"EntryPoint","urlTemplate":"https:\/\/isimarkets.com\/es\/?s={search_term_string}"},"query-input":{"@type":"PropertyValueSpecification","valueRequired":true,"valueName":"search_term_string"}}],"inLanguage":"es"}]}},"_links":{"self":[{"href":"https:\/\/isimarkets.com\/es\/wp-json\/wp\/v2\/pages\/5197","targetHints":{"allow":["GET"]}}],"collection":[{"href":"https:\/\/isimarkets.com\/es\/wp-json\/wp\/v2\/pages"}],"about":[{"href":"https:\/\/isimarkets.com\/es\/wp-json\/wp\/v2\/types\/page"}],"author":[{"embeddable":true,"href":"https:\/\/isimarkets.com\/es\/wp-json\/wp\/v2\/users\/1"}],"replies":[{"embeddable":true,"href":"https:\/\/isimarkets.com\/es\/wp-json\/wp\/v2\/comments?post=5197"}],"version-history":[{"count":2,"href":"https:\/\/isimarkets.com\/es\/wp-json\/wp\/v2\/pages\/5197\/revisions"}],"predecessor-version":[{"id":5746,"href":"https:\/\/isimarkets.com\/es\/wp-json\/wp\/v2\/pages\/5197\/revisions\/5746"}],"wp:attachment":[{"href":"https:\/\/isimarkets.com\/es\/wp-json\/wp\/v2\/media?parent=5197"}],"curies":[{"name":"wp","href":"https:\/\/api.w.org\/{rel}","templated":true}]}}