{"id":5221,"date":"2026-03-05T17:58:37","date_gmt":"2026-03-05T17:58:37","guid":{"rendered":"https:\/\/isimarkets.com\/?p=5221"},"modified":"2026-03-27T19:18:46","modified_gmt":"2026-03-27T19:18:46","slug":"suscribase-al-boletin-informativo-de-ceic-es","status":"publish","type":"page","link":"https:\/\/isimarkets.com\/es\/hoja-informativa-es\/suscribase-al-boletin-informativo-de-ceic-es\/","title":{"rendered":"Suscripci\u00f3n al Newsletter de CEIC"},"content":{"rendered":"<div id=\"cs-content\" class=\"cs-content\"><section class=\"x-section e5221-e1 m411-0 title-content\" id=\"title-content\"><div class=\"x-row e5221-e2 m411-1 m411-2\"><div class=\"x-row-inner\"><div class=\"x-col e5221-e3 m411-3 accent\"><div class=\"x-text x-content e5221-e4 m411-4\"><h1><svg xmlns=\"http:\/\/www.w3.org\/2000\/svg\" fill=\"none\" viewBox=\"0 0 198 48\" class=\"isi-logo svg-ceic\">\t<g class=\"isi-motif\" fill=\"#ff5215\">\t\t<path d=\"M49.908 21.756c-4.43-2.199-9.662-2.832-14.726-3.398-11.994-1.4-13.093-3.565-13.093-7.296H11.06c0 7.296 2.932 12.027 8.996 15.059 4.43 2.199 9.661 2.832 14.726 3.398 11.994 1.4 13.093 3.565 13.093 7.296h11.028c0-7.296-2.932-12.027-8.996-15.059M44.178 0H22.09v11.028h33.117z\"\/>\t\t<path d=\"M11.061 11.161 11.028 0H0v47.843h11.028zM69.897 0H58.869v47.843h11.028zM14.726 36.814 25.754 47.84h22.089V36.813z\"\/>\t<\/g>\t<path fill=\"currentColor\" d=\"M91.554 24.154c0-11.161 5.73-17.325 14.626-17.325 6.064 0 9.929 2.466 12.328 7.763l-6.197 3.198c-.867-2.732-2.599-4.597-6.164-4.597-4.198 0-6.996 2.832-6.996 8.029v5.297c0 5.198 2.798 8.03 6.996 8.03 3.532 0 5.597-2.233 6.564-4.931l5.863 3.398c-2.465 4.998-6.397 7.896-12.427 7.896-8.896 0-14.626-5.664-14.626-16.825zm33.452 16.259V7.396h22.456v6.397h-15.293v6.764h13.094v6.33h-13.094v7.13h15.293v6.396zm44.21-16.259c0-11.161 5.731-17.325 14.626-17.325 6.064 0 9.929 2.466 12.327 7.763l-6.197 3.198c-.866-2.732-2.598-4.597-6.163-4.597-4.198 0-6.997 2.832-6.997 8.029v5.297c0 5.198 2.799 8.03 6.997 8.03 3.531 0 5.597-2.233 6.563-4.931l5.864 3.398c-2.465 4.998-6.397 7.896-12.427 7.896-8.896 0-14.626-5.664-14.626-16.825zM155.025 7.396h7.196v33.017h-7.196z\"\/><\/svg>\n<\/h1>\n<h2><mark>Reg\u00edstrate para recibir insights semanales<\/mark><\/h2>\n<p>Suscr\u00edbete a nuestro newsletter para recibir las \u00faltimas noticias e insights de los mercados directamente en tu correo electr\u00f3nico.<\/p><\/div><\/div><div class=\"x-col e5221-e5 m411-3 content\"><div class=\"form-area\"><div id=\"hubspot-form-69e92f4a3a35c\" class=\"hubspot-form-auto\" data-region=\"eu1\" data-portal-id=\"145094632\" data-form-id=\"4f771bd4-6c70-4855-98c6-adc9f0facef8\"><\/div><\/div><\/div><\/div><\/div><\/section><\/div>","protected":false},"excerpt":{"rendered":"<p>Reg\u00edstrate para recibir insights semanales Suscr\u00edbete a nuestro newsletter para recibir las \u00faltimas noticias e insights de los mercados directamente en tu correo electr\u00f3nico.<\/p>\n","protected":false},"author":10,"featured_media":0,"parent":5197,"menu_order":1,"comment_status":"closed","ping_status":"closed","template":"template-blank-4.php","meta":{"content-type":"","cpa_authors":[],"cpa_override_default":false,"footnotes":""},"class_list":["post-5221","page","type-page","status-publish","hentry","no-post-thumbnail"],"yoast_head":"<!-- This site is optimized with the Yoast SEO plugin v27.4 - https:\/\/yoast.com\/product\/yoast-seo-wordpress\/ -->\n<title>Suscripci\u00f3n al Newsletter de CEIC - ISI<\/title>\n<meta name=\"robots\" content=\"index, follow, max-snippet:-1, max-image-preview:large, max-video-preview:-1\" \/>\n<link rel=\"canonical\" href=\"https:\/\/isimarkets.com\/es\/hoja-informativa-es\/suscribase-al-boletin-informativo-de-ceic-es\/\" \/>\n<meta property=\"og:locale\" content=\"es_ES\" \/>\n<meta property=\"og:type\" content=\"article\" \/>\n<meta property=\"og:title\" content=\"Suscripci\u00f3n al Newsletter de CEIC - ISI\" \/>\n<meta property=\"og:description\" content=\"Reg\u00edstrate para recibir insights semanales Suscr\u00edbete a nuestro newsletter para recibir las \u00faltimas noticias e insights de los mercados directamente en tu correo electr\u00f3nico.\" \/>\n<meta property=\"og:url\" content=\"https:\/\/isimarkets.com\/es\/hoja-informativa-es\/suscribase-al-boletin-informativo-de-ceic-es\/\" \/>\n<meta property=\"og:site_name\" content=\"ISI\" \/>\n<meta property=\"article:modified_time\" content=\"2026-03-27T19:18:46+00:00\" \/>\n<meta name=\"twitter:card\" content=\"summary_large_image\" \/>\n<script type=\"application\/ld+json\" class=\"yoast-schema-graph\">{\"@context\":\"https:\\\/\\\/schema.org\",\"@graph\":[{\"@type\":\"WebPage\",\"@id\":\"https:\\\/\\\/isimarkets.com\\\/es\\\/hoja-informativa-es\\\/suscribase-al-boletin-informativo-de-ceic-es\\\/\",\"url\":\"https:\\\/\\\/isimarkets.com\\\/es\\\/hoja-informativa-es\\\/suscribase-al-boletin-informativo-de-ceic-es\\\/\",\"name\":\"Suscripci\u00f3n al Newsletter de CEIC - ISI\",\"isPartOf\":{\"@id\":\"https:\\\/\\\/isimarkets.com\\\/es\\\/#website\"},\"datePublished\":\"2026-03-05T17:58:37+00:00\",\"dateModified\":\"2026-03-27T19:18:46+00:00\",\"breadcrumb\":{\"@id\":\"https:\\\/\\\/isimarkets.com\\\/es\\\/hoja-informativa-es\\\/suscribase-al-boletin-informativo-de-ceic-es\\\/#breadcrumb\"},\"inLanguage\":\"es\",\"potentialAction\":[{\"@type\":\"ReadAction\",\"target\":[\"https:\\\/\\\/isimarkets.com\\\/es\\\/hoja-informativa-es\\\/suscribase-al-boletin-informativo-de-ceic-es\\\/\"]}]},{\"@type\":\"BreadcrumbList\",\"@id\":\"https:\\\/\\\/isimarkets.com\\\/es\\\/hoja-informativa-es\\\/suscribase-al-boletin-informativo-de-ceic-es\\\/#breadcrumb\",\"itemListElement\":[{\"@type\":\"ListItem\",\"position\":1,\"name\":\"Home\",\"item\":\"https:\\\/\\\/isimarkets.com\\\/es\\\/hogar-es\\\/\"},{\"@type\":\"ListItem\",\"position\":2,\"name\":\"Newsletter\",\"item\":\"https:\\\/\\\/isimarkets.com\\\/es\\\/hoja-informativa-es\\\/\"},{\"@type\":\"ListItem\",\"position\":3,\"name\":\"Suscripci\u00f3n al Newsletter de CEIC\"}]},{\"@type\":\"WebSite\",\"@id\":\"https:\\\/\\\/isimarkets.com\\\/es\\\/#website\",\"url\":\"https:\\\/\\\/isimarkets.com\\\/es\\\/\",\"name\":\"ISI\",\"description\":\"Global Market Intelligence Platform\",\"potentialAction\":[{\"@type\":\"SearchAction\",\"target\":{\"@type\":\"EntryPoint\",\"urlTemplate\":\"https:\\\/\\\/isimarkets.com\\\/es\\\/?s={search_term_string}\"},\"query-input\":{\"@type\":\"PropertyValueSpecification\",\"valueRequired\":true,\"valueName\":\"search_term_string\"}}],\"inLanguage\":\"es\"}]}<\/script>\n<!-- \/ Yoast SEO plugin. -->","yoast_head_json":{"title":"Suscripci\u00f3n al Newsletter de CEIC - ISI","robots":{"index":"index","follow":"follow","max-snippet":"max-snippet:-1","max-image-preview":"max-image-preview:large","max-video-preview":"max-video-preview:-1"},"canonical":"https:\/\/isimarkets.com\/es\/hoja-informativa-es\/suscribase-al-boletin-informativo-de-ceic-es\/","og_locale":"es_ES","og_type":"article","og_title":"Suscripci\u00f3n al Newsletter de CEIC - ISI","og_description":"Reg\u00edstrate para recibir insights semanales Suscr\u00edbete a nuestro newsletter para recibir las \u00faltimas noticias e insights de los mercados directamente en tu correo electr\u00f3nico.","og_url":"https:\/\/isimarkets.com\/es\/hoja-informativa-es\/suscribase-al-boletin-informativo-de-ceic-es\/","og_site_name":"ISI","article_modified_time":"2026-03-27T19:18:46+00:00","twitter_card":"summary_large_image","schema":{"@context":"https:\/\/schema.org","@graph":[{"@type":"WebPage","@id":"https:\/\/isimarkets.com\/es\/hoja-informativa-es\/suscribase-al-boletin-informativo-de-ceic-es\/","url":"https:\/\/isimarkets.com\/es\/hoja-informativa-es\/suscribase-al-boletin-informativo-de-ceic-es\/","name":"Suscripci\u00f3n al Newsletter de CEIC - ISI","isPartOf":{"@id":"https:\/\/isimarkets.com\/es\/#website"},"datePublished":"2026-03-05T17:58:37+00:00","dateModified":"2026-03-27T19:18:46+00:00","breadcrumb":{"@id":"https:\/\/isimarkets.com\/es\/hoja-informativa-es\/suscribase-al-boletin-informativo-de-ceic-es\/#breadcrumb"},"inLanguage":"es","potentialAction":[{"@type":"ReadAction","target":["https:\/\/isimarkets.com\/es\/hoja-informativa-es\/suscribase-al-boletin-informativo-de-ceic-es\/"]}]},{"@type":"BreadcrumbList","@id":"https:\/\/isimarkets.com\/es\/hoja-informativa-es\/suscribase-al-boletin-informativo-de-ceic-es\/#breadcrumb","itemListElement":[{"@type":"ListItem","position":1,"name":"Home","item":"https:\/\/isimarkets.com\/es\/hogar-es\/"},{"@type":"ListItem","position":2,"name":"Newsletter","item":"https:\/\/isimarkets.com\/es\/hoja-informativa-es\/"},{"@type":"ListItem","position":3,"name":"Suscripci\u00f3n al Newsletter de CEIC"}]},{"@type":"WebSite","@id":"https:\/\/isimarkets.com\/es\/#website","url":"https:\/\/isimarkets.com\/es\/","name":"ISI","description":"Global Market Intelligence Platform","potentialAction":[{"@type":"SearchAction","target":{"@type":"EntryPoint","urlTemplate":"https:\/\/isimarkets.com\/es\/?s={search_term_string}"},"query-input":{"@type":"PropertyValueSpecification","valueRequired":true,"valueName":"search_term_string"}}],"inLanguage":"es"}]}},"_links":{"self":[{"href":"https:\/\/isimarkets.com\/es\/wp-json\/wp\/v2\/pages\/5221","targetHints":{"allow":["GET"]}}],"collection":[{"href":"https:\/\/isimarkets.com\/es\/wp-json\/wp\/v2\/pages"}],"about":[{"href":"https:\/\/isimarkets.com\/es\/wp-json\/wp\/v2\/types\/page"}],"author":[{"embeddable":true,"href":"https:\/\/isimarkets.com\/es\/wp-json\/wp\/v2\/users\/10"}],"replies":[{"embeddable":true,"href":"https:\/\/isimarkets.com\/es\/wp-json\/wp\/v2\/comments?post=5221"}],"version-history":[{"count":9,"href":"https:\/\/isimarkets.com\/es\/wp-json\/wp\/v2\/pages\/5221\/revisions"}],"predecessor-version":[{"id":5943,"href":"https:\/\/isimarkets.com\/es\/wp-json\/wp\/v2\/pages\/5221\/revisions\/5943"}],"up":[{"embeddable":true,"href":"https:\/\/isimarkets.com\/es\/wp-json\/wp\/v2\/pages\/5197"}],"wp:attachment":[{"href":"https:\/\/isimarkets.com\/es\/wp-json\/wp\/v2\/media?parent=5221"}],"curies":[{"name":"wp","href":"https:\/\/api.w.org\/{rel}","templated":true}]}}