{"id":5227,"date":"2026-03-05T17:58:39","date_gmt":"2026-03-05T17:58:39","guid":{"rendered":"https:\/\/isimarkets.com\/?p=5227"},"modified":"2026-03-25T16:11:37","modified_gmt":"2026-03-25T16:11:37","slug":"suscripcion-al-boletin-informativo-de-emis-es","status":"publish","type":"page","link":"https:\/\/isimarkets.com\/es\/hoja-informativa-es\/suscripcion-al-boletin-informativo-de-emis-es\/","title":{"rendered":"Suscripci\u00f3n al newsletter de EMIS"},"content":{"rendered":"<div id=\"cs-content\" class=\"cs-content\"><section class=\"x-section e5227-e1 m417-0 title-content\" id=\"title-content\"><div class=\"x-row e5227-e2 m417-1 m417-2\"><div class=\"x-row-inner\"><div class=\"x-col e5227-e3 m417-3 accent\"><div class=\"x-text x-content e5227-e4 m417-4\"><h1><svg xmlns=\"http:\/\/www.w3.org\/2000\/svg\" fill=\"none\" viewBox=\"0 0 204 48\" class=\"isi-logo svg-emis\">\t<g class=\"isi-motif\" fill=\"#ff5215\">\t\t<path d=\"M49.909 21.72c-4.432-2.198-9.662-2.831-14.727-3.398-11.994-1.399-13.093-3.565-13.093-7.296H11.06c0 7.296 2.932 12.027 8.996 15.06 4.43 2.198 9.662 2.831 14.726 3.397 11.994 1.4 13.093 3.565 13.093 7.297h11.028c0-7.297-2.932-12.028-8.996-15.06\"\/>\t\t<path d=\"M44.178 0H22.09v11.028h33.117zM11.061 11.128 11.028 0H0v47.843h11.028zM69.897 0H58.869v47.843h11.028zM14.726 36.782l11.028 11.06h22.089v-11.06z\"\/>\t<\/g>\t<path fill=\"currentColor\" d=\"M92.052 40.48V7.395h22.523v6.396H99.282v6.764h13.127v6.363H99.282v7.163h15.293v6.397zm55.174-21.69h-.134l-2.432 4.832-6.43 11.694-6.297-11.66-2.499-5.232h-.133v22.023h-6.763V7.363h7.629l8.096 15.493h.1l7.996-15.493h7.663v33.084h-6.763v-21.69zm15.161-11.394h7.196v33.083h-7.196zm13.924 28.286 4.731-4.798c2.232 2.499 5.064 3.798 8.295 3.798 3.499 0 5.231-1.566 5.231-3.965 0-1.799-.766-3.131-3.831-3.564l-3.265-.434c-6.964-.9-10.129-4.297-10.129-9.861 0-5.93 4.631-10.062 12.428-10.062 4.964 0 8.762 1.666 11.461 4.63l-4.798 4.832c-1.566-1.833-3.698-3.132-7.097-3.132-3.231 0-4.797 1.233-4.797 3.232 0 2.265 1.199 3.132 3.931 3.565l3.265.533c6.764 1.1 10.062 4.131 10.062 9.795 0 6.363-4.631 10.761-12.894 10.761-5.797 0-9.728-2.232-12.56-5.364z\"\/><\/svg>\n<\/h1>\n<h2><mark>Antic\u00edpate con noticias y tendencias destacadas de tus industrias de inter\u00e9s<\/mark><\/h2>\n<p>Accede a la informaci\u00f3n que miles de profesionales utilizan cada d\u00eda para tomar decisiones informadas.<\/p>\n<p>En EMIS publicamos m\u00e1s de 100.000 noticias diarias. Ahora puedes disfrutar, sin costo, de acceso exclusivo a una selecci\u00f3n de las novedades m\u00e1s relevantes de tus sectores de inter\u00e9s. Recibe las actualizaciones m\u00e1s importantes directamente en tu email desde nuestra plataforma EMIS.  <\/p>\n<p>Mantente informado, antic\u00edpate. Recibe solo informaci\u00f3n de tu inter\u00e9s:<\/p>\n\n<ul>\n \t<li>Elige la(s) industria(s) y recibe las \u00faltimas noticias.<\/li>\n \t<li>Seleccionadas por nuestro equipo editorial para optimizar tu tiempo.<\/li>\n \t<li>Recibe nuestro newsletter semanal con una s\u00edntesis de las noticias m\u00e1s destacadas del sector en EMIS.<\/li>\n<\/ul>\n<p>\u00bfBuscas an\u00e1lisis m\u00e1s profundos, datos detallados o informaci\u00f3n exclusiva de mercados? Actual\u00edzate a nuestro acceso premium <span style=\"text-decoration: underline;\"><a href=\"https:\/\/info.isimarkets.com\/emis-request-demo-industry-newsletter\">aqu\u00ed<\/a><\/span>. <\/p><\/div><\/div><div class=\"x-col e5227-e5 m417-3 content\"><div class=\"form-area\"><div id=\"hubspot-form-69e92f495457a\" class=\"hubspot-form-auto\" data-region=\"eu1\" data-portal-id=\"145094632\" data-form-id=\"1811989a-78f0-4d8e-a7f2-1711b279e861\"><\/div><\/div><\/div><\/div><\/div><\/section><\/div>","protected":false},"excerpt":{"rendered":"<p>Antic\u00edpate con noticias y tendencias destacadas de tus industrias de inter\u00e9s Accede a la informaci\u00f3n que miles de profesionales utilizan cada d\u00eda para tomar decisiones informadas. En EMIS publicamos m\u00e1s de 100.000 noticias diarias. Ahora puedes disfrutar, sin costo, de acceso exclusivo a una selecci\u00f3n de las novedades m\u00e1s relevantes de tus sectores de inter\u00e9s. Recibe las actualizaciones m\u00e1s importantes&hellip;<\/p>\n","protected":false},"author":10,"featured_media":0,"parent":5197,"menu_order":2,"comment_status":"closed","ping_status":"closed","template":"template-blank-4.php","meta":{"content-type":"","cpa_authors":[],"cpa_override_default":false,"footnotes":""},"class_list":["post-5227","page","type-page","status-publish","hentry","no-post-thumbnail"],"yoast_head":"<!-- This site is optimized with the Yoast SEO plugin v27.4 - https:\/\/yoast.com\/product\/yoast-seo-wordpress\/ -->\n<title>Suscripci\u00f3n al newsletter de EMIS - ISI<\/title>\n<meta name=\"robots\" content=\"index, follow, max-snippet:-1, max-image-preview:large, max-video-preview:-1\" \/>\n<link rel=\"canonical\" href=\"https:\/\/isimarkets.com\/es\/hoja-informativa-es\/suscripcion-al-boletin-informativo-de-emis-es\/\" \/>\n<meta property=\"og:locale\" content=\"es_ES\" \/>\n<meta property=\"og:type\" content=\"article\" \/>\n<meta property=\"og:title\" content=\"Suscripci\u00f3n al newsletter de EMIS - ISI\" \/>\n<meta property=\"og:description\" content=\"Antic\u00edpate con noticias y tendencias destacadas de tus industrias de inter\u00e9s Accede a la informaci\u00f3n que miles de profesionales utilizan cada d\u00eda para tomar decisiones informadas. En EMIS publicamos m\u00e1s de 100.000 noticias diarias. Ahora puedes disfrutar, sin costo, de acceso exclusivo a una selecci\u00f3n de las novedades m\u00e1s relevantes de tus sectores de inter\u00e9s. Recibe las actualizaciones m\u00e1s importantes&hellip;\" \/>\n<meta property=\"og:url\" content=\"https:\/\/isimarkets.com\/es\/hoja-informativa-es\/suscripcion-al-boletin-informativo-de-emis-es\/\" \/>\n<meta property=\"og:site_name\" content=\"ISI\" \/>\n<meta property=\"article:modified_time\" content=\"2026-03-25T16:11:37+00:00\" \/>\n<meta name=\"twitter:card\" content=\"summary_large_image\" \/>\n<meta name=\"twitter:label1\" content=\"Tiempo de lectura\" \/>\n\t<meta name=\"twitter:data1\" content=\"1 minuto\" \/>\n<script type=\"application\/ld+json\" class=\"yoast-schema-graph\">{\"@context\":\"https:\\\/\\\/schema.org\",\"@graph\":[{\"@type\":\"WebPage\",\"@id\":\"https:\\\/\\\/isimarkets.com\\\/es\\\/hoja-informativa-es\\\/suscripcion-al-boletin-informativo-de-emis-es\\\/\",\"url\":\"https:\\\/\\\/isimarkets.com\\\/es\\\/hoja-informativa-es\\\/suscripcion-al-boletin-informativo-de-emis-es\\\/\",\"name\":\"Suscripci\u00f3n al newsletter de EMIS - ISI\",\"isPartOf\":{\"@id\":\"https:\\\/\\\/isimarkets.com\\\/es\\\/#website\"},\"datePublished\":\"2026-03-05T17:58:39+00:00\",\"dateModified\":\"2026-03-25T16:11:37+00:00\",\"breadcrumb\":{\"@id\":\"https:\\\/\\\/isimarkets.com\\\/es\\\/hoja-informativa-es\\\/suscripcion-al-boletin-informativo-de-emis-es\\\/#breadcrumb\"},\"inLanguage\":\"es\",\"potentialAction\":[{\"@type\":\"ReadAction\",\"target\":[\"https:\\\/\\\/isimarkets.com\\\/es\\\/hoja-informativa-es\\\/suscripcion-al-boletin-informativo-de-emis-es\\\/\"]}]},{\"@type\":\"BreadcrumbList\",\"@id\":\"https:\\\/\\\/isimarkets.com\\\/es\\\/hoja-informativa-es\\\/suscripcion-al-boletin-informativo-de-emis-es\\\/#breadcrumb\",\"itemListElement\":[{\"@type\":\"ListItem\",\"position\":1,\"name\":\"Home\",\"item\":\"https:\\\/\\\/isimarkets.com\\\/es\\\/hogar-es\\\/\"},{\"@type\":\"ListItem\",\"position\":2,\"name\":\"Newsletter\",\"item\":\"https:\\\/\\\/isimarkets.com\\\/es\\\/hoja-informativa-es\\\/\"},{\"@type\":\"ListItem\",\"position\":3,\"name\":\"Suscripci\u00f3n al newsletter de EMIS\"}]},{\"@type\":\"WebSite\",\"@id\":\"https:\\\/\\\/isimarkets.com\\\/es\\\/#website\",\"url\":\"https:\\\/\\\/isimarkets.com\\\/es\\\/\",\"name\":\"ISI\",\"description\":\"Global Market Intelligence Platform\",\"potentialAction\":[{\"@type\":\"SearchAction\",\"target\":{\"@type\":\"EntryPoint\",\"urlTemplate\":\"https:\\\/\\\/isimarkets.com\\\/es\\\/?s={search_term_string}\"},\"query-input\":{\"@type\":\"PropertyValueSpecification\",\"valueRequired\":true,\"valueName\":\"search_term_string\"}}],\"inLanguage\":\"es\"}]}<\/script>\n<!-- \/ Yoast SEO plugin. -->","yoast_head_json":{"title":"Suscripci\u00f3n al newsletter de EMIS - ISI","robots":{"index":"index","follow":"follow","max-snippet":"max-snippet:-1","max-image-preview":"max-image-preview:large","max-video-preview":"max-video-preview:-1"},"canonical":"https:\/\/isimarkets.com\/es\/hoja-informativa-es\/suscripcion-al-boletin-informativo-de-emis-es\/","og_locale":"es_ES","og_type":"article","og_title":"Suscripci\u00f3n al newsletter de EMIS - ISI","og_description":"Antic\u00edpate con noticias y tendencias destacadas de tus industrias de inter\u00e9s Accede a la informaci\u00f3n que miles de profesionales utilizan cada d\u00eda para tomar decisiones informadas. En EMIS publicamos m\u00e1s de 100.000 noticias diarias. Ahora puedes disfrutar, sin costo, de acceso exclusivo a una selecci\u00f3n de las novedades m\u00e1s relevantes de tus sectores de inter\u00e9s. Recibe las actualizaciones m\u00e1s importantes&hellip;","og_url":"https:\/\/isimarkets.com\/es\/hoja-informativa-es\/suscripcion-al-boletin-informativo-de-emis-es\/","og_site_name":"ISI","article_modified_time":"2026-03-25T16:11:37+00:00","twitter_card":"summary_large_image","twitter_misc":{"Tiempo de lectura":"1 minuto"},"schema":{"@context":"https:\/\/schema.org","@graph":[{"@type":"WebPage","@id":"https:\/\/isimarkets.com\/es\/hoja-informativa-es\/suscripcion-al-boletin-informativo-de-emis-es\/","url":"https:\/\/isimarkets.com\/es\/hoja-informativa-es\/suscripcion-al-boletin-informativo-de-emis-es\/","name":"Suscripci\u00f3n al newsletter de EMIS - ISI","isPartOf":{"@id":"https:\/\/isimarkets.com\/es\/#website"},"datePublished":"2026-03-05T17:58:39+00:00","dateModified":"2026-03-25T16:11:37+00:00","breadcrumb":{"@id":"https:\/\/isimarkets.com\/es\/hoja-informativa-es\/suscripcion-al-boletin-informativo-de-emis-es\/#breadcrumb"},"inLanguage":"es","potentialAction":[{"@type":"ReadAction","target":["https:\/\/isimarkets.com\/es\/hoja-informativa-es\/suscripcion-al-boletin-informativo-de-emis-es\/"]}]},{"@type":"BreadcrumbList","@id":"https:\/\/isimarkets.com\/es\/hoja-informativa-es\/suscripcion-al-boletin-informativo-de-emis-es\/#breadcrumb","itemListElement":[{"@type":"ListItem","position":1,"name":"Home","item":"https:\/\/isimarkets.com\/es\/hogar-es\/"},{"@type":"ListItem","position":2,"name":"Newsletter","item":"https:\/\/isimarkets.com\/es\/hoja-informativa-es\/"},{"@type":"ListItem","position":3,"name":"Suscripci\u00f3n al newsletter de EMIS"}]},{"@type":"WebSite","@id":"https:\/\/isimarkets.com\/es\/#website","url":"https:\/\/isimarkets.com\/es\/","name":"ISI","description":"Global Market Intelligence Platform","potentialAction":[{"@type":"SearchAction","target":{"@type":"EntryPoint","urlTemplate":"https:\/\/isimarkets.com\/es\/?s={search_term_string}"},"query-input":{"@type":"PropertyValueSpecification","valueRequired":true,"valueName":"search_term_string"}}],"inLanguage":"es"}]}},"_links":{"self":[{"href":"https:\/\/isimarkets.com\/es\/wp-json\/wp\/v2\/pages\/5227","targetHints":{"allow":["GET"]}}],"collection":[{"href":"https:\/\/isimarkets.com\/es\/wp-json\/wp\/v2\/pages"}],"about":[{"href":"https:\/\/isimarkets.com\/es\/wp-json\/wp\/v2\/types\/page"}],"author":[{"embeddable":true,"href":"https:\/\/isimarkets.com\/es\/wp-json\/wp\/v2\/users\/10"}],"replies":[{"embeddable":true,"href":"https:\/\/isimarkets.com\/es\/wp-json\/wp\/v2\/comments?post=5227"}],"version-history":[{"count":4,"href":"https:\/\/isimarkets.com\/es\/wp-json\/wp\/v2\/pages\/5227\/revisions"}],"predecessor-version":[{"id":5720,"href":"https:\/\/isimarkets.com\/es\/wp-json\/wp\/v2\/pages\/5227\/revisions\/5720"}],"up":[{"embeddable":true,"href":"https:\/\/isimarkets.com\/es\/wp-json\/wp\/v2\/pages\/5197"}],"wp:attachment":[{"href":"https:\/\/isimarkets.com\/es\/wp-json\/wp\/v2\/media?parent=5227"}],"curies":[{"name":"wp","href":"https:\/\/api.w.org\/{rel}","templated":true}]}}