{"id":6144,"date":"2026-04-01T10:47:49","date_gmt":"2026-04-01T09:47:49","guid":{"rendered":"https:\/\/isimarkets.com\/terminos-y-condiciones-adicionales-de-proveedores-externos\/"},"modified":"2026-04-01T23:25:28","modified_gmt":"2026-04-01T22:25:28","slug":"terminos-y-condiciones-adicionales-de-proveedores-externos","status":"publish","type":"page","link":"https:\/\/isimarkets.com\/es\/terminos-y-condiciones-adicionales-de-proveedores-externos\/","title":{"rendered":"T\u00e9rminos y condiciones adicionales de proveedores externos"},"content":{"rendered":"\n<p>Adem\u00e1s del uso permitido y las limitaciones establecidas en el\/los acuerdo(s) que has suscrito con ISI Markets, algunos proveedores externos seleccionados tienen t\u00e9rminos y condiciones adicionales (\u201clos T\u00e9rminos\u201d) que rigen el uso de sus datos incluidos en el\/los producto(s) de suscripci\u00f3n con licencia. Estos T\u00e9rminos prevalecer\u00e1n sobre los t\u00e9rminos y condiciones incluidos en el\/los acuerdo(s). <\/p>\n\n<p>En la mayor\u00eda de los casos, las clasificaciones se han visto influenciadas por informaci\u00f3n adicional y explicaciones proporcionadas por los proveedores externos. Los proveedores externos con t\u00e9rminos y condiciones adicionales se enumeran a continuaci\u00f3n: <\/p>\n\n<ul class=\"wp-block-list\">\n<li><strong>GFI Group<\/strong><\/li>\n\n\n\n<li><strong>MSCI<\/strong><\/li>\n<\/ul>\n\n<p><strong>T\u00e9rminos completos de los proveedores externos: GFI Group<\/strong><\/p>\n\n<p><strong>GFI Group<\/strong><\/p>\n\n<p>Clientes cuyo(s) producto(s) de suscripci\u00f3n con licencia incluya(n) los datos de GFI:<\/p>\n\n<p>(i) pueden usar los datos \u00fanicamente para fines internos, pero tienen prohibida toda distribuci\u00f3n externa de los datos;<\/p>\n\n<p>(iii) permite a ISI Markets dejar de distribuir los datos de forma inmediata previa notificaci\u00f3n por escrito; y<\/p>\n\n<p>(iv) cumplir\u00e1n cualesquiera restricciones y requisitos que GFI pueda imponer de vez en cuando.<\/p>\n\n<ol class=\"wp-block-list\"><\/ol>\n\n<p><strong>MSCI<\/strong><\/p>\n\n<p>Clientes cuyo(s) producto(s) de suscripci\u00f3n con licencia incluya(n) los datos de MSCI;<\/p>\n\n<p>(i) pueden usar los datos \u00fanicamente para fines internos y no redistribuir\u00e1n los datos, en ninguna forma o manera, a ning\u00fan tercero;<\/p>\n\n<p>(ii) declara que no utilizar\u00e1 ni permitir\u00e1 que nadie m\u00e1s utilice los datos en relaci\u00f3n con la creaci\u00f3n, gesti\u00f3n, asesoramiento, redacci\u00f3n, negociaci\u00f3n, comercializaci\u00f3n o promoci\u00f3n de cualesquiera valores o instrumentos o productos financieros, incluidos, entre otros, fondos, valores sint\u00e9ticos o derivados (p. ej., opciones, warrants, swaps y futuros), ya sea cotizados en un mercado o negociados extraburs\u00e1tilmente (OTC) o mediante colocaci\u00f3n privada o de otro modo, ni para crear \u00edndices (personalizados o de otro tipo);<\/p>\n\n<p>(iii) declara que no utilizar\u00e1 ni permitir\u00e1 que nadie m\u00e1s utilice los datos para verificar o corregir datos que no sean de MSCI, u otra informaci\u00f3n en cualquier \u00edndice u otra recopilaci\u00f3n de datos o informaci\u00f3n;<\/p>\n\n<p>(iv) tratar\u00e1 los datos como propiedad exclusiva de MSCI. Adem\u00e1s, el Cliente reconocer\u00e1 que MSCI es el \u00fanico y exclusivo propietario de los datos y de cualesquiera secretos comerciales, derechos de autor, marcas y otros derechos de propiedad intelectual sobre los datos o relacionados con ellos; <\/p>\n\n<p>(v) declara que no (i) copiar\u00e1 ning\u00fan componente de los datos, (ii) alterar\u00e1, modificar\u00e1 o adaptar\u00e1 ning\u00fan componente de los datos, incluyendo, entre otros, traducir, descompilar, desensamblar, realizar ingenier\u00eda inversa o crear obras derivadas, ni (iii) pondr\u00e1 ning\u00fan componente de los datos a disposici\u00f3n de ninguna otra persona u organizaci\u00f3n (incluyendo, sin limitaci\u00f3n, las matrices actuales y futuras del Cliente, sus filiales o entidades vinculadas) directa o indirectamente, para cualquiera de los fines anteriores o para cualquier otro uso, incluyendo, sin limitaci\u00f3n, mediante pr\u00e9stamo, alquiler, service bureau, time sharing externo o acuerdo similar;   <\/p>\n\n<p>(vi) reproducir\u00e1 en todas las copias permitidas de los datos todos los avisos de derechos de autor, derechos de propiedad y leyendas restrictivas que figuren en los datos;<\/p>\n\n<p>(vii) reconoce que asume \u00edntegramente el riesgo del uso de los datos y acepta mantener indemne a MSCI frente a cualesquiera reclamaciones que puedan surgir en relaci\u00f3n con cualquier uso de los datos por parte del Cliente o de sus entidades vinculadas permitidas;<\/p>\n\n<p>(viii) reconoce que MSCI puede, a su sola y absoluta discreci\u00f3n y en cualquier momento, poner fin al derecho del Cliente a recibir y\/o usar los datos; y<\/p>\n\n<p>(ix) reconoce a MSCI como tercero beneficiario del Acuerdo del Cliente, con derecho a exigir el cumplimiento de todas las disposiciones de dicho acuerdo relativas a los datos.<\/p>\n\n<p><\/p>\n","protected":false},"excerpt":{"rendered":"<p>Adem\u00e1s del uso permitido y las limitaciones establecidas en el\/los acuerdo(s) que has suscrito con ISI Markets, algunos proveedores externos seleccionados tienen t\u00e9rminos y condiciones adicionales (\u201clos T\u00e9rminos\u201d) que rigen el uso de sus datos incluidos en el\/los producto(s) de suscripci\u00f3n con licencia. Estos T\u00e9rminos prevalecer\u00e1n sobre los t\u00e9rminos y condiciones incluidos en el\/los acuerdo(s). En la mayor\u00eda de los&hellip;<\/p>\n","protected":false},"author":12,"featured_media":0,"parent":0,"menu_order":0,"comment_status":"closed","ping_status":"closed","template":"template-blank-4.php","meta":{"content-type":"","cpa_authors":[],"cpa_override_default":false,"footnotes":""},"class_list":["post-6144","page","type-page","status-publish","hentry","no-post-thumbnail"],"yoast_head":"<!-- This site is optimized with the Yoast SEO plugin v27.4 - https:\/\/yoast.com\/product\/yoast-seo-wordpress\/ -->\n<title>T\u00e9rminos y condiciones adicionales de proveedores externos - ISI<\/title>\n<meta name=\"robots\" content=\"index, follow, max-snippet:-1, max-image-preview:large, max-video-preview:-1\" \/>\n<link rel=\"canonical\" href=\"https:\/\/isimarkets.com\/es\/terminos-y-condiciones-adicionales-de-proveedores-externos\/\" \/>\n<meta property=\"og:locale\" content=\"es_ES\" \/>\n<meta property=\"og:type\" content=\"article\" \/>\n<meta property=\"og:title\" content=\"T\u00e9rminos y condiciones adicionales de proveedores externos - ISI\" \/>\n<meta property=\"og:description\" content=\"Adem\u00e1s del uso permitido y las limitaciones establecidas en el\/los acuerdo(s) que has suscrito con ISI Markets, algunos proveedores externos seleccionados tienen t\u00e9rminos y condiciones adicionales (\u201clos T\u00e9rminos\u201d) que rigen el uso de sus datos incluidos en el\/los producto(s) de suscripci\u00f3n con licencia. Estos T\u00e9rminos prevalecer\u00e1n sobre los t\u00e9rminos y condiciones incluidos en el\/los acuerdo(s). En la mayor\u00eda de los&hellip;\" \/>\n<meta property=\"og:url\" content=\"https:\/\/isimarkets.com\/es\/terminos-y-condiciones-adicionales-de-proveedores-externos\/\" \/>\n<meta property=\"og:site_name\" content=\"ISI\" \/>\n<meta property=\"article:modified_time\" content=\"2026-04-01T22:25:28+00:00\" \/>\n<meta name=\"twitter:card\" content=\"summary_large_image\" \/>\n<meta name=\"twitter:label1\" content=\"Tiempo de lectura\" \/>\n\t<meta name=\"twitter:data1\" content=\"3 minutos\" \/>\n<script type=\"application\/ld+json\" class=\"yoast-schema-graph\">{\"@context\":\"https:\\\/\\\/schema.org\",\"@graph\":[{\"@type\":\"WebPage\",\"@id\":\"https:\\\/\\\/isimarkets.com\\\/es\\\/terminos-y-condiciones-adicionales-de-proveedores-externos\\\/\",\"url\":\"https:\\\/\\\/isimarkets.com\\\/es\\\/terminos-y-condiciones-adicionales-de-proveedores-externos\\\/\",\"name\":\"T\u00e9rminos y condiciones adicionales de proveedores externos - ISI\",\"isPartOf\":{\"@id\":\"https:\\\/\\\/isimarkets.com\\\/es\\\/#website\"},\"datePublished\":\"2026-04-01T09:47:49+00:00\",\"dateModified\":\"2026-04-01T22:25:28+00:00\",\"breadcrumb\":{\"@id\":\"https:\\\/\\\/isimarkets.com\\\/es\\\/terminos-y-condiciones-adicionales-de-proveedores-externos\\\/#breadcrumb\"},\"inLanguage\":\"es\",\"potentialAction\":[{\"@type\":\"ReadAction\",\"target\":[\"https:\\\/\\\/isimarkets.com\\\/es\\\/terminos-y-condiciones-adicionales-de-proveedores-externos\\\/\"]}]},{\"@type\":\"BreadcrumbList\",\"@id\":\"https:\\\/\\\/isimarkets.com\\\/es\\\/terminos-y-condiciones-adicionales-de-proveedores-externos\\\/#breadcrumb\",\"itemListElement\":[{\"@type\":\"ListItem\",\"position\":1,\"name\":\"Home\",\"item\":\"https:\\\/\\\/isimarkets.com\\\/es\\\/hogar-es\\\/\"},{\"@type\":\"ListItem\",\"position\":2,\"name\":\"T\u00e9rminos y condiciones adicionales de proveedores externos\"}]},{\"@type\":\"WebSite\",\"@id\":\"https:\\\/\\\/isimarkets.com\\\/es\\\/#website\",\"url\":\"https:\\\/\\\/isimarkets.com\\\/es\\\/\",\"name\":\"ISI\",\"description\":\"Global Market Intelligence Platform\",\"potentialAction\":[{\"@type\":\"SearchAction\",\"target\":{\"@type\":\"EntryPoint\",\"urlTemplate\":\"https:\\\/\\\/isimarkets.com\\\/es\\\/?s={search_term_string}\"},\"query-input\":{\"@type\":\"PropertyValueSpecification\",\"valueRequired\":true,\"valueName\":\"search_term_string\"}}],\"inLanguage\":\"es\"}]}<\/script>\n<!-- \/ Yoast SEO plugin. -->","yoast_head_json":{"title":"T\u00e9rminos y condiciones adicionales de proveedores externos - ISI","robots":{"index":"index","follow":"follow","max-snippet":"max-snippet:-1","max-image-preview":"max-image-preview:large","max-video-preview":"max-video-preview:-1"},"canonical":"https:\/\/isimarkets.com\/es\/terminos-y-condiciones-adicionales-de-proveedores-externos\/","og_locale":"es_ES","og_type":"article","og_title":"T\u00e9rminos y condiciones adicionales de proveedores externos - ISI","og_description":"Adem\u00e1s del uso permitido y las limitaciones establecidas en el\/los acuerdo(s) que has suscrito con ISI Markets, algunos proveedores externos seleccionados tienen t\u00e9rminos y condiciones adicionales (\u201clos T\u00e9rminos\u201d) que rigen el uso de sus datos incluidos en el\/los producto(s) de suscripci\u00f3n con licencia. Estos T\u00e9rminos prevalecer\u00e1n sobre los t\u00e9rminos y condiciones incluidos en el\/los acuerdo(s). En la mayor\u00eda de los&hellip;","og_url":"https:\/\/isimarkets.com\/es\/terminos-y-condiciones-adicionales-de-proveedores-externos\/","og_site_name":"ISI","article_modified_time":"2026-04-01T22:25:28+00:00","twitter_card":"summary_large_image","twitter_misc":{"Tiempo de lectura":"3 minutos"},"schema":{"@context":"https:\/\/schema.org","@graph":[{"@type":"WebPage","@id":"https:\/\/isimarkets.com\/es\/terminos-y-condiciones-adicionales-de-proveedores-externos\/","url":"https:\/\/isimarkets.com\/es\/terminos-y-condiciones-adicionales-de-proveedores-externos\/","name":"T\u00e9rminos y condiciones adicionales de proveedores externos - ISI","isPartOf":{"@id":"https:\/\/isimarkets.com\/es\/#website"},"datePublished":"2026-04-01T09:47:49+00:00","dateModified":"2026-04-01T22:25:28+00:00","breadcrumb":{"@id":"https:\/\/isimarkets.com\/es\/terminos-y-condiciones-adicionales-de-proveedores-externos\/#breadcrumb"},"inLanguage":"es","potentialAction":[{"@type":"ReadAction","target":["https:\/\/isimarkets.com\/es\/terminos-y-condiciones-adicionales-de-proveedores-externos\/"]}]},{"@type":"BreadcrumbList","@id":"https:\/\/isimarkets.com\/es\/terminos-y-condiciones-adicionales-de-proveedores-externos\/#breadcrumb","itemListElement":[{"@type":"ListItem","position":1,"name":"Home","item":"https:\/\/isimarkets.com\/es\/hogar-es\/"},{"@type":"ListItem","position":2,"name":"T\u00e9rminos y condiciones adicionales de proveedores externos"}]},{"@type":"WebSite","@id":"https:\/\/isimarkets.com\/es\/#website","url":"https:\/\/isimarkets.com\/es\/","name":"ISI","description":"Global Market Intelligence Platform","potentialAction":[{"@type":"SearchAction","target":{"@type":"EntryPoint","urlTemplate":"https:\/\/isimarkets.com\/es\/?s={search_term_string}"},"query-input":{"@type":"PropertyValueSpecification","valueRequired":true,"valueName":"search_term_string"}}],"inLanguage":"es"}]}},"_links":{"self":[{"href":"https:\/\/isimarkets.com\/es\/wp-json\/wp\/v2\/pages\/6144","targetHints":{"allow":["GET"]}}],"collection":[{"href":"https:\/\/isimarkets.com\/es\/wp-json\/wp\/v2\/pages"}],"about":[{"href":"https:\/\/isimarkets.com\/es\/wp-json\/wp\/v2\/types\/page"}],"author":[{"embeddable":true,"href":"https:\/\/isimarkets.com\/es\/wp-json\/wp\/v2\/users\/12"}],"replies":[{"embeddable":true,"href":"https:\/\/isimarkets.com\/es\/wp-json\/wp\/v2\/comments?post=6144"}],"version-history":[{"count":2,"href":"https:\/\/isimarkets.com\/es\/wp-json\/wp\/v2\/pages\/6144\/revisions"}],"predecessor-version":[{"id":6146,"href":"https:\/\/isimarkets.com\/es\/wp-json\/wp\/v2\/pages\/6144\/revisions\/6146"}],"wp:attachment":[{"href":"https:\/\/isimarkets.com\/es\/wp-json\/wp\/v2\/media?parent=6144"}],"curies":[{"name":"wp","href":"https:\/\/api.w.org\/{rel}","templated":true}]}}