{"id":7470,"date":"2026-04-22T13:09:42","date_gmt":"2026-04-22T12:09:42","guid":{"rendered":"https:\/\/isimarkets.com\/api-epfr\/"},"modified":"2026-05-11T22:34:40","modified_gmt":"2026-05-11T21:34:40","slug":"api-epfr","status":"publish","type":"page","link":"https:\/\/isimarkets.com\/es\/api-epfr\/","title":{"rendered":"API EPFR"},"content":{"rendered":"<div id=\"cs-content\" class=\"cs-content\"><div class=\"x-section e7470-e1 m5ri-0 m5ri-1\"><div class=\"x-row x-container max width e7470-e2 m5ri-3 m5ri-4 m5ri-6 m5ri-7\"><div class=\"x-row-inner\"><div class=\"x-col e7470-e3 m5ri-c\"><section class=\"x-section e7470-e4 m5ri-0 m5ri-2 hero title accent\" id=\"title\"><div class=\"x-row x-container max width e7470-e5 m5ri-3 m5ri-5 m5ri-8 m5ri-9\"><div class=\"x-row-inner\"><div class=\"x-col e7470-e6 m5ri-c\"><div class=\"x-text x-content e7470-e7 m5ri-d m5ri-e\"><h1><\/h1>\n<h2><mark>API EPFR <\/mark><\/h2><\/div><\/div><\/div><\/div><div class=\"x-row x-container max width e7470-e8 m5ri-3 m5ri-5 m5ri-8 m5ri-a\"><div class=\"x-row-inner\"><div class=\"x-col e7470-e9 m5ri-c\"><div class=\"x-text x-content e7470-e10 m5ri-d m5ri-e\"><p>La API de EPFR ofrece un acceso \u00fanico a los flujos y asignaciones de fondos globales, aportando una visi\u00f3n clara del sentimiento de inversores y gestores de fondos que revela tendencias de mercado, puntos de inflexi\u00f3n y patrones de comportamiento.<\/p>\n\n<ul>\n \t<li><a class=\"button request-demo\" href=\"https:\/\/isimarkets.com\/es\/solicitar-demostracion-es\/\">Solicita una demo<\/a><\/li>\n \t<li><a  class=\"x-btn secondary button\"  href=\"\/login\/\"     data-options=\"thumbnail: ''\">Iniciar sesi\u00f3n<\/a><\/li>\n<\/ul><\/div><\/div><\/div><\/div><\/section><div class=\"x-text x-content e7470-e11 m5ri-d m5ri-f\"><p>Basada en una arquitectura REST segura y de alto rendimiento, nuestra API permite que tus sistemas accedan a m\u00e1s de 25 a\u00f1os de datos de alta calidad tal y como se reportan, con seguimiento de m\u00e1s de $60+ billones en activos en 151.000 clases de participaciones de fondos de inversi\u00f3n y ETF.<\/p>\n<p><span lang=\"en-GB\">Principales Beneficios:<\/span><\/p>\n\n<ul>\n \t<li>Optimiza los flujos de trabajo, eliminando la intervenci\u00f3n manual<\/li>\n \t<li><span lang=\"en-GB\">Conecta f\u00e1cilmente con dashboards, plataformas de anal\u00edtica y modelos<\/span><\/li>\n \t<li><span lang=\"en-GB\">Filtrado \u00e1gil y recuperaci\u00f3n eficiente de los datos m\u00e1s relevantes.<\/span><\/li>\n \t<li><span lang=\"en-GB\">Resultados estructurados para una f\u00e1cil integraci\u00f3n y consumo.<\/span><\/li>\n<\/ul>\n<p><span lang=\"en-GB\">Para conocer m\u00e1s, solicita un demo o descarga el folleto de API de EPFR completando los siguientes formularios. <\/span><\/p><\/div><\/div><\/div><\/div><\/div><div class=\"x-section e7470-e12 m5ri-0 m5ri-1\"><div class=\"x-row x-container max width e7470-e13 m5ri-3 m5ri-4 m5ri-6 m5ri-b\"><div class=\"x-row-inner\"><div class=\"x-col e7470-e14 m5ri-c\"><div class=\"form-area\"><div id=\"hubspot-form-6a090d668f888\" class=\"hubspot-form-auto\" data-region=\"eu1\" data-portal-id=\"145094632\" data-form-id=\"a7fdf06f-9e57-46a2-bca2-5bcd06a6f3c0\"><\/div><\/div><\/div><\/div><\/div><\/div><\/div>","protected":false},"excerpt":{"rendered":"<p>API EPFR La API de EPFR ofrece un acceso \u00fanico a los flujos y asignaciones de fondos globales, aportando una visi\u00f3n clara del sentimiento de inversores y gestores de fondos que revela tendencias de mercado, puntos de inflexi\u00f3n y patrones de comportamiento. Solicita una demo Iniciar sesi\u00f3n Basada en una arquitectura REST segura y de alto rendimiento, nuestra API permite&hellip;<\/p>\n","protected":false},"author":12,"featured_media":0,"parent":0,"menu_order":0,"comment_status":"closed","ping_status":"closed","template":"","meta":{"content-type":"","cpa_authors":[],"cpa_override_default":false,"footnotes":""},"class_list":["post-7470","page","type-page","status-publish","hentry","no-post-thumbnail"],"yoast_head":"<!-- This site is optimized with the Yoast SEO Premium plugin  - https:\/\/yoast.com\/product\/yoast-seo-premium-wordpress\/ -->\n<title>ISI API EPFR  | Acceso incomparable a flujos y asignaciones de fondos a nivel global<\/title>\n<meta name=\"description\" content=\"La API de EPFR ofrece un acceso \u00fanico a los flujos y asignaciones de fondos globales, aportando una visi\u00f3n clara del sentimiento de inversores y gestores de fondos que revela tendencias de mercado, puntos de inflexi\u00f3n y patrones de comportamiento.\" \/>\n<meta name=\"robots\" content=\"index, follow, max-snippet:-1, max-image-preview:large, max-video-preview:-1\" \/>\n<link rel=\"canonical\" href=\"https:\/\/isimarkets.com\/es\/api-epfr\/\" \/>\n<meta property=\"og:locale\" content=\"es_ES\" \/>\n<meta property=\"og:type\" content=\"article\" \/>\n<meta property=\"og:title\" content=\"API EPFR\" \/>\n<meta property=\"og:description\" content=\"La API de EPFR ofrece un acceso \u00fanico a los flujos y asignaciones de fondos globales, aportando una visi\u00f3n clara del sentimiento de inversores y gestores de fondos que revela tendencias de mercado, puntos de inflexi\u00f3n y patrones de comportamiento.\" \/>\n<meta property=\"og:url\" content=\"https:\/\/isimarkets.com\/es\/api-epfr\/\" \/>\n<meta property=\"og:site_name\" content=\"ISI\" \/>\n<meta property=\"article:modified_time\" content=\"2026-05-11T21:34:40+00:00\" \/>\n<meta name=\"twitter:card\" content=\"summary_large_image\" \/>\n<meta name=\"twitter:label1\" content=\"Tiempo de lectura\" \/>\n\t<meta name=\"twitter:data1\" content=\"1 minuto\" \/>\n<script type=\"application\/ld+json\" class=\"yoast-schema-graph\">{\"@context\":\"https:\\\/\\\/schema.org\",\"@graph\":[{\"@type\":\"WebPage\",\"@id\":\"https:\\\/\\\/isimarkets.com\\\/es\\\/api-epfr\\\/\",\"url\":\"https:\\\/\\\/isimarkets.com\\\/es\\\/api-epfr\\\/\",\"name\":\"ISI API EPFR | Acceso incomparable a flujos y asignaciones de fondos a nivel global\",\"isPartOf\":{\"@id\":\"https:\\\/\\\/isimarkets.com\\\/es\\\/#website\"},\"datePublished\":\"2026-04-22T12:09:42+00:00\",\"dateModified\":\"2026-05-11T21:34:40+00:00\",\"description\":\"La API de EPFR ofrece un acceso \u00fanico a los flujos y asignaciones de fondos globales, aportando una visi\u00f3n clara del sentimiento de inversores y gestores de fondos que revela tendencias de mercado, puntos de inflexi\u00f3n y patrones de comportamiento.\",\"breadcrumb\":{\"@id\":\"https:\\\/\\\/isimarkets.com\\\/es\\\/api-epfr\\\/#breadcrumb\"},\"inLanguage\":\"es\",\"potentialAction\":[{\"@type\":\"ReadAction\",\"target\":[\"https:\\\/\\\/isimarkets.com\\\/es\\\/api-epfr\\\/\"]}]},{\"@type\":\"BreadcrumbList\",\"@id\":\"https:\\\/\\\/isimarkets.com\\\/es\\\/api-epfr\\\/#breadcrumb\",\"itemListElement\":[{\"@type\":\"ListItem\",\"position\":1,\"name\":\"Home\",\"item\":\"https:\\\/\\\/isimarkets.com\\\/es\\\/inicio\\\/\"},{\"@type\":\"ListItem\",\"position\":2,\"name\":\"API EPFR\"}]},{\"@type\":\"WebSite\",\"@id\":\"https:\\\/\\\/isimarkets.com\\\/es\\\/#website\",\"url\":\"https:\\\/\\\/isimarkets.com\\\/es\\\/\",\"name\":\"ISI\",\"description\":\"Global Market Intelligence Platform\",\"publisher\":{\"@id\":\"https:\\\/\\\/isimarkets.com\\\/es\\\/#organization\"},\"potentialAction\":[{\"@type\":\"SearchAction\",\"target\":{\"@type\":\"EntryPoint\",\"urlTemplate\":\"https:\\\/\\\/isimarkets.com\\\/es\\\/?s={search_term_string}\"},\"query-input\":{\"@type\":\"PropertyValueSpecification\",\"valueRequired\":true,\"valueName\":\"search_term_string\"}}],\"inLanguage\":\"es\"},{\"@type\":\"Organization\",\"@id\":\"https:\\\/\\\/isimarkets.com\\\/es\\\/#organization\",\"name\":\"ISI\",\"url\":\"https:\\\/\\\/isimarkets.com\\\/es\\\/\",\"logo\":{\"@type\":\"ImageObject\",\"inLanguage\":\"es\",\"@id\":\"https:\\\/\\\/isimarkets.com\\\/es\\\/#\\\/schema\\\/logo\\\/image\\\/\",\"url\":\"https:\\\/\\\/isimarkets.com\\\/wp-content\\\/uploads\\\/2026\\\/03\\\/ISI-Favicon-Logo-512px.webp\",\"contentUrl\":\"https:\\\/\\\/isimarkets.com\\\/wp-content\\\/uploads\\\/2026\\\/03\\\/ISI-Favicon-Logo-512px.webp\",\"width\":512,\"height\":512,\"caption\":\"ISI\"},\"image\":{\"@id\":\"https:\\\/\\\/isimarkets.com\\\/es\\\/#\\\/schema\\\/logo\\\/image\\\/\"},\"sameAs\":[\"https:\\\/\\\/www.linkedin.com\\\/company\\\/isi-markets\\\/?viewAsMember=true\"]}]}<\/script>\n<!-- \/ Yoast SEO Premium plugin. -->","yoast_head_json":{"title":"ISI API EPFR  | Acceso incomparable a flujos y asignaciones de fondos a nivel global","description":"La API de EPFR ofrece un acceso \u00fanico a los flujos y asignaciones de fondos globales, aportando una visi\u00f3n clara del sentimiento de inversores y gestores de fondos que revela tendencias de mercado, puntos de inflexi\u00f3n y patrones de comportamiento.","robots":{"index":"index","follow":"follow","max-snippet":"max-snippet:-1","max-image-preview":"max-image-preview:large","max-video-preview":"max-video-preview:-1"},"canonical":"https:\/\/isimarkets.com\/es\/api-epfr\/","og_locale":"es_ES","og_type":"article","og_title":"API EPFR","og_description":"La API de EPFR ofrece un acceso \u00fanico a los flujos y asignaciones de fondos globales, aportando una visi\u00f3n clara del sentimiento de inversores y gestores de fondos que revela tendencias de mercado, puntos de inflexi\u00f3n y patrones de comportamiento.","og_url":"https:\/\/isimarkets.com\/es\/api-epfr\/","og_site_name":"ISI","article_modified_time":"2026-05-11T21:34:40+00:00","twitter_card":"summary_large_image","twitter_misc":{"Tiempo de lectura":"1 minuto"},"schema":{"@context":"https:\/\/schema.org","@graph":[{"@type":"WebPage","@id":"https:\/\/isimarkets.com\/es\/api-epfr\/","url":"https:\/\/isimarkets.com\/es\/api-epfr\/","name":"ISI API EPFR | Acceso incomparable a flujos y asignaciones de fondos a nivel global","isPartOf":{"@id":"https:\/\/isimarkets.com\/es\/#website"},"datePublished":"2026-04-22T12:09:42+00:00","dateModified":"2026-05-11T21:34:40+00:00","description":"La API de EPFR ofrece un acceso \u00fanico a los flujos y asignaciones de fondos globales, aportando una visi\u00f3n clara del sentimiento de inversores y gestores de fondos que revela tendencias de mercado, puntos de inflexi\u00f3n y patrones de comportamiento.","breadcrumb":{"@id":"https:\/\/isimarkets.com\/es\/api-epfr\/#breadcrumb"},"inLanguage":"es","potentialAction":[{"@type":"ReadAction","target":["https:\/\/isimarkets.com\/es\/api-epfr\/"]}]},{"@type":"BreadcrumbList","@id":"https:\/\/isimarkets.com\/es\/api-epfr\/#breadcrumb","itemListElement":[{"@type":"ListItem","position":1,"name":"Home","item":"https:\/\/isimarkets.com\/es\/inicio\/"},{"@type":"ListItem","position":2,"name":"API EPFR"}]},{"@type":"WebSite","@id":"https:\/\/isimarkets.com\/es\/#website","url":"https:\/\/isimarkets.com\/es\/","name":"ISI","description":"Global Market Intelligence Platform","publisher":{"@id":"https:\/\/isimarkets.com\/es\/#organization"},"potentialAction":[{"@type":"SearchAction","target":{"@type":"EntryPoint","urlTemplate":"https:\/\/isimarkets.com\/es\/?s={search_term_string}"},"query-input":{"@type":"PropertyValueSpecification","valueRequired":true,"valueName":"search_term_string"}}],"inLanguage":"es"},{"@type":"Organization","@id":"https:\/\/isimarkets.com\/es\/#organization","name":"ISI","url":"https:\/\/isimarkets.com\/es\/","logo":{"@type":"ImageObject","inLanguage":"es","@id":"https:\/\/isimarkets.com\/es\/#\/schema\/logo\/image\/","url":"https:\/\/isimarkets.com\/wp-content\/uploads\/2026\/03\/ISI-Favicon-Logo-512px.webp","contentUrl":"https:\/\/isimarkets.com\/wp-content\/uploads\/2026\/03\/ISI-Favicon-Logo-512px.webp","width":512,"height":512,"caption":"ISI"},"image":{"@id":"https:\/\/isimarkets.com\/es\/#\/schema\/logo\/image\/"},"sameAs":["https:\/\/www.linkedin.com\/company\/isi-markets\/?viewAsMember=true"]}]}},"_links":{"self":[{"href":"https:\/\/isimarkets.com\/es\/wp-json\/wp\/v2\/pages\/7470","targetHints":{"allow":["GET"]}}],"collection":[{"href":"https:\/\/isimarkets.com\/es\/wp-json\/wp\/v2\/pages"}],"about":[{"href":"https:\/\/isimarkets.com\/es\/wp-json\/wp\/v2\/types\/page"}],"author":[{"embeddable":true,"href":"https:\/\/isimarkets.com\/es\/wp-json\/wp\/v2\/users\/12"}],"replies":[{"embeddable":true,"href":"https:\/\/isimarkets.com\/es\/wp-json\/wp\/v2\/comments?post=7470"}],"version-history":[{"count":1,"href":"https:\/\/isimarkets.com\/es\/wp-json\/wp\/v2\/pages\/7470\/revisions"}],"predecessor-version":[{"id":7471,"href":"https:\/\/isimarkets.com\/es\/wp-json\/wp\/v2\/pages\/7470\/revisions\/7471"}],"wp:attachment":[{"href":"https:\/\/isimarkets.com\/es\/wp-json\/wp\/v2\/media?parent=7470"}],"curies":[{"name":"wp","href":"https:\/\/api.w.org\/{rel}","templated":true}]}}