{"id":8008,"date":"2026-05-05T10:18:55","date_gmt":"2026-05-05T09:18:55","guid":{"rendered":"https:\/\/isimarkets.com\/declaracion-de-accesibilidad-de-isi\/"},"modified":"2026-05-12T00:21:28","modified_gmt":"2026-05-11T23:21:28","slug":"declaracion-de-accesibilidad-de-isi","status":"publish","type":"page","link":"https:\/\/isimarkets.com\/es\/declaracion-de-accesibilidad-de-isi\/","title":{"rendered":"Declaraci\u00f3n de Accesibilidad de ISI"},"content":{"rendered":"<div id=\"cs-content\" class=\"cs-content\"><div class=\"x-section e8008-e1 m66g-0 m66g-1\"><div class=\"x-row x-container max width e8008-e2 m66g-3 m66g-4 m66g-6 m66g-7\"><div class=\"x-row-inner\"><div class=\"x-col e8008-e3 m66g-a\"><div class=\"x-section e8008-e4 m66g-0 m66g-2 title simple\" id=\"title\"><div class=\"x-row x-container max width e8008-e5 m66g-3 m66g-5 m66g-8\"><div class=\"x-row-inner\"><div class=\"x-col e8008-e6 m66g-a\"><div class=\"x-text x-content e8008-e7 m66g-b m66g-c\"><h1>Declaraci\u00f3n de Accesibilidad de ISI<\/h1><\/div><div class=\"x-text x-content e8008-e8 m66g-b m66g-d\"><p><strong>1. Nuestro compromiso con la Accesibilidad<\/strong><\/p><\/div><\/div><\/div><\/div><div class=\"x-row x-container max width e8008-e9 m66g-3 m66g-4 m66g-6 m66g-9\"><div class=\"x-row-inner\"><div class=\"x-col e8008-e10 m66g-a\"><div class=\"x-text x-content e8008-e11 m66g-b m66g-d\"><p><strong> <\/strong><\/p>\n<p>ISI Markets se compromete a que nuestros productos y servicios digitales sean accesibles para todos los usuarios, incluidas las personas con discapacidad. Reconocemos la importancia de la accesibilidad digital como un componente esencial del dise\u00f1o inclusivo, y nos esforzamos por garantizar que nuestro contenido en l\u00ednea y nuestras plataformas de software admitan m\u00faltiples formas de acceso. <\/p>\n<p><\/p><\/div><hr class=\"x-line e8008-e12 m66g-e\"\/><div class=\"x-text x-content e8008-e13 m66g-b m66g-d\"><p><strong><span class=\"TextRun SCXW206010209 BCX0\" lang=\"EN-GB\" xml:lang=\"EN-GB\" data-contrast=\"auto\"><span class=\"NormalTextRun SCXW206010209 BCX0\">2. Normas <\/span><span class=\"NormalTextRun SCXW206010209 BCX0\">de Conformidad<\/span><\/span><span class=\"EOP SCXW206010209 BCX0\" data-ccp-props=\"{\"335551550\":6,\"335551620\":6,\"335559739\":0}\">&nbsp;<\/span><\/strong><\/p><\/div><div class=\"x-text x-content e8008-e14 m66g-b m66g-d\"><span data-contrast=\"auto\" lang=\"EN-GB\" class=\"TextRun SCXW92465740 BCX0\" xml:lang=\"EN-GB\"><span class=\"NormalTextRun SCXW92465740 BCX0\">Nos guiamos por normas reconocidas internacionalmente,<\/span><span class=\"NormalTextRun SCXW92465740 BCX0\"> <\/span><span class=\"NormalTextRun SCXW92465740 BCX0\">incluida la<span> <\/span><\/span> <span class=\"NormalTextRun SCXW92465740 BCX0\">Web Content Accessibility Guidelines (WCAG) 2.<\/span><span class=\"NormalTextRun SCXW92465740 BCX0\">2<\/span><span class=\"NormalTextRun SCXW92465740 BCX0\"><span> <\/span>Nivel AA y<\/span> <span class=\"NormalTextRun SCXW92465740 BCX0\">la legislaci\u00f3n de accesibilidad pertinente<\/span><span class=\"NormalTextRun SCXW92465740 BCX0\">. Nosotros<\/span> <span class=\"NormalTextRun SCXW92465740 BCX0\"><span> <\/span>adoptamos las mejores pr\u00e1cticas<span> <\/span><\/span><span class=\"NormalTextRun SCXW92465740 BCX0\">para garantizar que nuestro sitio web y nuestras plataformas digitales sean perceptibles, operables, comprensibles y robustas para todos los usuarios.<\/span><span class=\"NormalTextRun SCXW92465740 BCX0\"><span> <\/span>U<\/span><span class=\"NormalTextRun SCXW92465740 BCX0\">tilizamos pruebas de accesibilidad estructuradas, coherentes con las metodolog\u00edas de la Voluntary Product Accessibility Template (VPAT), para evaluar e informar sobre el rendimiento de accesibilidad<\/span><span class=\"NormalTextRun SCXW92465740 BCX0\"><span> <\/span><\/span><span class=\"NormalTextRun SCXW92465740 BCX0\">de la mayor\u00eda de nuestros principales productos web<\/span><span class=\"NormalTextRun SCXW92465740 BCX0\">.<\/span><\/span><span class=\"EOP SCXW92465740 BCX0\" data-ccp-props=\"{\"335551550\":6,\"335551620\":6,\"335559685\":360,\"335559739\":0}\"> <\/span><\/div><hr class=\"x-line e8008-e15 m66g-e\"\/><div class=\"x-text x-content e8008-e16 m66g-b m66g-d\"><strong>3. \u00c1reas Clave de Desarrollo Orientadas a Apoyar la Accesibilidad<span class=\"EOP SCXW69401511 BCX0\" data-ccp-props=\"{\"335551550\":6,\"335551620\":6,\"335559739\":0}\"> <\/span><\/strong><\/div><div class=\"x-text x-content e8008-e17 m66g-b m66g-d\"><div class=\"accessibility-features\"><p>We have a range of features to improve accessibility, to include but not limited to:\n  <\/p><ul><li>Consistent and meaningful navigation.<\/li><li>Sufficient colour contrast to support users with visual impairments.<\/li><li>Keyboard-accessible interfaces and focus indicators.<\/li><li>Clear, written content with simple language where possible.<\/li><li>Use of clear and concise language in UI text, notifications, and instructions.<\/li><li>Consistent labels, controls, and predictable interactions across pages.<\/li><\/ul><\/div><style>.accessibility-features ul {\n    display: block !important;\n    list-style-type: disc !important;\n    list-style-position: outside !important;\n    columns: 1 !important;\n    -webkit-columns: 1 !important;\n    margin: 0 0 1em 25px !important;\n    padding-left: 20px !important;\n  }\n\n  .accessibility-features li {\n    display: list-item !important;\n    width: 100% !important;\n    float: none !important;\n    clear: both !important;\n    margin-bottom: 8px !important;\n  }\n<\/style><\/div><hr class=\"x-line e8008-e18 m66g-e\"\/><\/div><div class=\"x-col e8008-e19 m66g-a\"><div class=\"x-text x-content e8008-e20 m66g-b m66g-d\"><strong>4. <span data-contrast=\"auto\" lang=\"EN-GB\" class=\"TextRun SCXW213219189 BCX0\"><span class=\"NormalTextRun SCXW213219189 BCX0\">Mejoras Continuas<\/span><\/span><span class=\"EOP SCXW213219189 BCX0\" data-ccp-props=\"{\"335551550\":6,\"335551620\":6,\"335559739\":0}\"> <\/span><\/strong><\/div><div class=\"x-text x-content e8008-e21 m66g-b m66g-d\"><span data-contrast=\"auto\" lang=\"EN-GB\" class=\"TextRun SCXW78802743 BCX0\" xml:lang=\"EN-GB\"><span class=\"NormalTextRun SCXW78802743 BCX0\">Revisamos y actualizamos continuamente nuestras plataformas digitales para mejorar la accesibilidad. Esto incluye la integraci\u00f3n de los comentarios de los usuarios. <span> <\/span><\/span><span class=\"NormalTextRun SCXW78802743 BCX0\">S<\/span><span class=\"NormalTextRun SCXW78802743 BCX0\">e<\/span><span class=\"NormalTextRun SCXW78802743 BCX0\"><span> <\/span>guiremos garantizando<span> <\/span><\/span> <span class=\"NormalTextRun SCXW78802743 BCX0\">que<span> <\/span><\/span><span class=\"NormalTextRun SCXW78802743 BCX0\">seguimos<\/span><span class=\"NormalTextRun SCXW78802743 BCX0\"><span> <\/span>gui\u00e1ndonos por est\u00e1ndares de mejores pr\u00e1cticas<span> <\/span><\/span> <span class=\"NormalTextRun SCXW78802743 BCX0\">y<span> <\/span><\/span><span class=\"NormalTextRun SCXW78802743 BCX0\">trabajamos activamente para resolver cualquier limitaci\u00f3n de accesibilidad<span> <\/span><\/span><span class=\"NormalTextRun SCXW78802743 BCX0\">que pueda surgir<span> <\/span><\/span><span class=\"NormalTextRun SCXW78802743 BCX0\">y mejorar la experiencia de usuario en todos los dispositivos y plataformas.<\/span><\/span><span class=\"EOP SCXW78802743 BCX0\" data-ccp-props=\"{\"335551550\":6,\"335551620\":6,\"335559685\":360,\"335559739\":0}\"> <\/span><\/div><hr class=\"x-line e8008-e22 m66g-e\"\/><div class=\"x-text x-content e8008-e23 m66g-b m66g-d\"><strong>5. <span data-contrast=\"auto\" lang=\"EN-GB\" class=\"TextRun SCXW266924065 BCX0\"><span class=\"NormalTextRun SCXW266924065 BCX0\">Limitaciones Conocidas<\/span><\/span><span class=\"EOP SCXW266924065 BCX0\" data-ccp-props=\"{\"335551550\":6,\"335551620\":6,\"335559739\":0}\"> <\/span><\/strong><\/div><div class=\"x-text x-content e8008-e24 m66g-b m66g-d\"><div class=\"accessibility-limitations\"><p>Some content may not yet be fully accessible, including:\n  <\/p><ul><li>Third-party content or embedded applications.<\/li><li>Certain interactive visualisations may require enhancements to support all assistive technologies.<\/li><\/ul><\/div><style>.accessibility-limitations ul {\n    display: block !important;\n    list-style-type: disc !important;\n    list-style-position: outside !important;\n    columns: 1 !important;\n    column-count: 1 !important;\n    -webkit-columns: 1 !important;\n    margin: 0 0 1em 25px !important;\n    padding-left: 20px !important;\n  }\n\n  .accessibility-limitations li {\n    display: list-item !important;\n    width: 100% !important;\n    float: none !important;\n    clear: both !important;\n    margin-bottom: 8px !important;\n  }\n<\/style><\/div><hr class=\"x-line e8008-e25 m66g-e\"\/><div class=\"x-text x-content e8008-e26 m66g-b m66g-d\"><p><strong>6. <span data-contrast=\"auto\" lang=\"EN-GB\" class=\"TextRun SCXW91508706 BCX0\"><span class=\"NormalTextRun SCXW91508706 BCX0\">Comentarios e Informaci\u00f3n de Contacto<\/span><\/span><span class=\"EOP SCXW91508706 BCX0\" data-ccp-props=\"{\"335551550\":6,\"335551620\":6,\"335559739\":0}\"> <\/span><\/strong><\/p>\n<p><span data-contrast=\"auto\">Agradecemos tus comentarios sobre la accesibilidad de ISI Markets. Si tienes alguna dificultad para acceder a contenido, herramientas o cualquier parte de nuestros servicios, ponte en contacto con nosotros para que podamos ayudarte y atender tu consulta escribiendo a accessibility@isimarkets.com. <\/span><\/p>\n<p><span data-contrast=\"auto\">Incluye detalles sobre el problema y la p\u00e1gina web o la funci\u00f3n que estabas utilizando cuando se produjo. Tus comentarios nos ayudan a mejorar nuestros esfuerzos de accesibilidad. <\/span><span data-ccp-props=\"{\"335551550\":6,\"335551620\":6,\"335559685\":360,\"335559739\":0}\"> <\/span><\/p><\/div><div class=\"x-text x-content e8008-e27 m66g-b m66g-d\"><p><strong>&nbsp;<\/strong><\/p>\n<p><span class=\"TextRun SCXW79337958 BCX0\" lang=\"EN-GB\" xml:lang=\"EN-GB\" data-contrast=\"auto\"><span class=\"NormalTextRun SCXW79337958 BCX0\">\u00daltima actualizaci\u00f3n<\/span><span class=\"NormalTextRun SCXW79337958 BCX0\">: <\/span><span class=\"NormalTextRun SCXW79337958 BCX0\">marzo<\/span><span class=\"NormalTextRun SCXW79337958 BCX0\"> de 2026 <\/span><\/span><span class=\"EOP SCXW79337958 BCX0\" data-ccp-props=\"{\"335551550\":6,\"335551620\":6,\"335559739\":0}\">&nbsp;<\/span><\/p><\/div><\/div><\/div><\/div><\/div><\/div><\/div><\/div><\/div><\/div>","protected":false},"excerpt":{"rendered":"<p>Declaraci\u00f3n de Accesibilidad de ISI1. Nuestro compromiso con la Accesibilidad ISI Markets se compromete a que nuestros productos y servicios digitales sean accesibles para todos los usuarios, incluidas las personas con discapacidad. Reconocemos la importancia de la accesibilidad digital como un componente esencial del dise\u00f1o inclusivo, y nos esforzamos por garantizar que nuestro contenido en l\u00ednea y nuestras plataformas de&hellip;<\/p>\n","protected":false},"author":12,"featured_media":0,"parent":0,"menu_order":0,"comment_status":"closed","ping_status":"closed","template":"","meta":{"content-type":"","cpa_authors":[],"cpa_override_default":false,"footnotes":""},"class_list":["post-8008","page","type-page","status-publish","hentry","no-post-thumbnail"],"yoast_head":"<!-- This site is optimized with the Yoast SEO Premium plugin  - https:\/\/yoast.com\/product\/yoast-seo-premium-wordpress\/ -->\n<title>Declaraci\u00f3n de Accesibilidad de ISI - ISI<\/title>\n<meta name=\"robots\" content=\"index, follow, max-snippet:-1, max-image-preview:large, max-video-preview:-1\" \/>\n<link rel=\"canonical\" href=\"https:\/\/isimarkets.com\/es\/declaracion-de-accesibilidad-de-isi\/\" \/>\n<meta property=\"og:locale\" content=\"es_ES\" \/>\n<meta property=\"og:type\" content=\"article\" \/>\n<meta property=\"og:title\" content=\"Declaraci\u00f3n de Accesibilidad de ISI\" \/>\n<meta property=\"og:description\" content=\"Declaraci\u00f3n de Accesibilidad de ISI1. Nuestro compromiso con la Accesibilidad ISI Markets se compromete a que nuestros productos y servicios digitales sean accesibles para todos los usuarios, incluidas las personas con discapacidad. Reconocemos la importancia de la accesibilidad digital como un componente esencial del dise\u00f1o inclusivo, y nos esforzamos por garantizar que nuestro contenido en l\u00ednea y nuestras plataformas de&hellip;\" \/>\n<meta property=\"og:url\" content=\"https:\/\/isimarkets.com\/es\/declaracion-de-accesibilidad-de-isi\/\" \/>\n<meta property=\"og:site_name\" content=\"ISI\" \/>\n<meta property=\"article:modified_time\" content=\"2026-05-11T23:21:28+00:00\" \/>\n<meta name=\"twitter:card\" content=\"summary_large_image\" \/>\n<meta name=\"twitter:label1\" content=\"Tiempo de lectura\" \/>\n\t<meta name=\"twitter:data1\" content=\"2 minutos\" \/>\n<script type=\"application\/ld+json\" class=\"yoast-schema-graph\">{\"@context\":\"https:\\\/\\\/schema.org\",\"@graph\":[{\"@type\":\"WebPage\",\"@id\":\"https:\\\/\\\/isimarkets.com\\\/es\\\/declaracion-de-accesibilidad-de-isi\\\/\",\"url\":\"https:\\\/\\\/isimarkets.com\\\/es\\\/declaracion-de-accesibilidad-de-isi\\\/\",\"name\":\"Declaraci\u00f3n de Accesibilidad de ISI - ISI\",\"isPartOf\":{\"@id\":\"https:\\\/\\\/isimarkets.com\\\/es\\\/#website\"},\"datePublished\":\"2026-05-05T09:18:55+00:00\",\"dateModified\":\"2026-05-11T23:21:28+00:00\",\"breadcrumb\":{\"@id\":\"https:\\\/\\\/isimarkets.com\\\/es\\\/declaracion-de-accesibilidad-de-isi\\\/#breadcrumb\"},\"inLanguage\":\"es\",\"potentialAction\":[{\"@type\":\"ReadAction\",\"target\":[\"https:\\\/\\\/isimarkets.com\\\/es\\\/declaracion-de-accesibilidad-de-isi\\\/\"]}]},{\"@type\":\"BreadcrumbList\",\"@id\":\"https:\\\/\\\/isimarkets.com\\\/es\\\/declaracion-de-accesibilidad-de-isi\\\/#breadcrumb\",\"itemListElement\":[{\"@type\":\"ListItem\",\"position\":1,\"name\":\"Home\",\"item\":\"https:\\\/\\\/isimarkets.com\\\/es\\\/\"},{\"@type\":\"ListItem\",\"position\":2,\"name\":\"Declaraci\u00f3n de Accesibilidad de ISI\"}]},{\"@type\":\"WebSite\",\"@id\":\"https:\\\/\\\/isimarkets.com\\\/es\\\/#website\",\"url\":\"https:\\\/\\\/isimarkets.com\\\/es\\\/\",\"name\":\"ISI\",\"description\":\"Global Market Intelligence Platform\",\"publisher\":{\"@id\":\"https:\\\/\\\/isimarkets.com\\\/es\\\/#organization\"},\"potentialAction\":[{\"@type\":\"SearchAction\",\"target\":{\"@type\":\"EntryPoint\",\"urlTemplate\":\"https:\\\/\\\/isimarkets.com\\\/es\\\/?s={search_term_string}\"},\"query-input\":{\"@type\":\"PropertyValueSpecification\",\"valueRequired\":true,\"valueName\":\"search_term_string\"}}],\"inLanguage\":\"es\"},{\"@type\":\"Organization\",\"@id\":\"https:\\\/\\\/isimarkets.com\\\/es\\\/#organization\",\"name\":\"ISI\",\"url\":\"https:\\\/\\\/isimarkets.com\\\/es\\\/\",\"logo\":{\"@type\":\"ImageObject\",\"inLanguage\":\"es\",\"@id\":\"https:\\\/\\\/isimarkets.com\\\/es\\\/#\\\/schema\\\/logo\\\/image\\\/\",\"url\":\"https:\\\/\\\/isimarkets.com\\\/wp-content\\\/uploads\\\/2026\\\/03\\\/ISI-Favicon-Logo-512px.webp\",\"contentUrl\":\"https:\\\/\\\/isimarkets.com\\\/wp-content\\\/uploads\\\/2026\\\/03\\\/ISI-Favicon-Logo-512px.webp\",\"width\":512,\"height\":512,\"caption\":\"ISI\"},\"image\":{\"@id\":\"https:\\\/\\\/isimarkets.com\\\/es\\\/#\\\/schema\\\/logo\\\/image\\\/\"},\"sameAs\":[\"https:\\\/\\\/www.linkedin.com\\\/company\\\/isi-markets\\\/?viewAsMember=true\"]}]}<\/script>\n<!-- \/ Yoast SEO Premium plugin. -->","yoast_head_json":{"title":"Declaraci\u00f3n de Accesibilidad de ISI - ISI","robots":{"index":"index","follow":"follow","max-snippet":"max-snippet:-1","max-image-preview":"max-image-preview:large","max-video-preview":"max-video-preview:-1"},"canonical":"https:\/\/isimarkets.com\/es\/declaracion-de-accesibilidad-de-isi\/","og_locale":"es_ES","og_type":"article","og_title":"Declaraci\u00f3n de Accesibilidad de ISI","og_description":"Declaraci\u00f3n de Accesibilidad de ISI1. Nuestro compromiso con la Accesibilidad ISI Markets se compromete a que nuestros productos y servicios digitales sean accesibles para todos los usuarios, incluidas las personas con discapacidad. Reconocemos la importancia de la accesibilidad digital como un componente esencial del dise\u00f1o inclusivo, y nos esforzamos por garantizar que nuestro contenido en l\u00ednea y nuestras plataformas de&hellip;","og_url":"https:\/\/isimarkets.com\/es\/declaracion-de-accesibilidad-de-isi\/","og_site_name":"ISI","article_modified_time":"2026-05-11T23:21:28+00:00","twitter_card":"summary_large_image","twitter_misc":{"Tiempo de lectura":"2 minutos"},"schema":{"@context":"https:\/\/schema.org","@graph":[{"@type":"WebPage","@id":"https:\/\/isimarkets.com\/es\/declaracion-de-accesibilidad-de-isi\/","url":"https:\/\/isimarkets.com\/es\/declaracion-de-accesibilidad-de-isi\/","name":"Declaraci\u00f3n de Accesibilidad de ISI - ISI","isPartOf":{"@id":"https:\/\/isimarkets.com\/es\/#website"},"datePublished":"2026-05-05T09:18:55+00:00","dateModified":"2026-05-11T23:21:28+00:00","breadcrumb":{"@id":"https:\/\/isimarkets.com\/es\/declaracion-de-accesibilidad-de-isi\/#breadcrumb"},"inLanguage":"es","potentialAction":[{"@type":"ReadAction","target":["https:\/\/isimarkets.com\/es\/declaracion-de-accesibilidad-de-isi\/"]}]},{"@type":"BreadcrumbList","@id":"https:\/\/isimarkets.com\/es\/declaracion-de-accesibilidad-de-isi\/#breadcrumb","itemListElement":[{"@type":"ListItem","position":1,"name":"Home","item":"https:\/\/isimarkets.com\/es\/"},{"@type":"ListItem","position":2,"name":"Declaraci\u00f3n de Accesibilidad de ISI"}]},{"@type":"WebSite","@id":"https:\/\/isimarkets.com\/es\/#website","url":"https:\/\/isimarkets.com\/es\/","name":"ISI","description":"Global Market Intelligence Platform","publisher":{"@id":"https:\/\/isimarkets.com\/es\/#organization"},"potentialAction":[{"@type":"SearchAction","target":{"@type":"EntryPoint","urlTemplate":"https:\/\/isimarkets.com\/es\/?s={search_term_string}"},"query-input":{"@type":"PropertyValueSpecification","valueRequired":true,"valueName":"search_term_string"}}],"inLanguage":"es"},{"@type":"Organization","@id":"https:\/\/isimarkets.com\/es\/#organization","name":"ISI","url":"https:\/\/isimarkets.com\/es\/","logo":{"@type":"ImageObject","inLanguage":"es","@id":"https:\/\/isimarkets.com\/es\/#\/schema\/logo\/image\/","url":"https:\/\/isimarkets.com\/wp-content\/uploads\/2026\/03\/ISI-Favicon-Logo-512px.webp","contentUrl":"https:\/\/isimarkets.com\/wp-content\/uploads\/2026\/03\/ISI-Favicon-Logo-512px.webp","width":512,"height":512,"caption":"ISI"},"image":{"@id":"https:\/\/isimarkets.com\/es\/#\/schema\/logo\/image\/"},"sameAs":["https:\/\/www.linkedin.com\/company\/isi-markets\/?viewAsMember=true"]}]}},"_links":{"self":[{"href":"https:\/\/isimarkets.com\/es\/wp-json\/wp\/v2\/pages\/8008","targetHints":{"allow":["GET"]}}],"collection":[{"href":"https:\/\/isimarkets.com\/es\/wp-json\/wp\/v2\/pages"}],"about":[{"href":"https:\/\/isimarkets.com\/es\/wp-json\/wp\/v2\/types\/page"}],"author":[{"embeddable":true,"href":"https:\/\/isimarkets.com\/es\/wp-json\/wp\/v2\/users\/12"}],"replies":[{"embeddable":true,"href":"https:\/\/isimarkets.com\/es\/wp-json\/wp\/v2\/comments?post=8008"}],"version-history":[{"count":2,"href":"https:\/\/isimarkets.com\/es\/wp-json\/wp\/v2\/pages\/8008\/revisions"}],"predecessor-version":[{"id":8010,"href":"https:\/\/isimarkets.com\/es\/wp-json\/wp\/v2\/pages\/8008\/revisions\/8010"}],"wp:attachment":[{"href":"https:\/\/isimarkets.com\/es\/wp-json\/wp\/v2\/media?parent=8008"}],"curies":[{"name":"wp","href":"https:\/\/api.w.org\/{rel}","templated":true}]}}