{"id":5147,"date":"2026-01-19T15:42:13","date_gmt":"2026-01-19T15:42:13","guid":{"rendered":"https:\/\/isimarkets.com\/?p=5147"},"modified":"2026-03-18T23:27:23","modified_gmt":"2026-03-18T23:27:23","slug":"dostarczanie-danych-pl","status":"publish","type":"page","link":"https:\/\/isimarkets.com\/pl\/zblizac-sie-pl\/dostarczanie-danych-pl\/","title":{"rendered":"Dostarczanie danych"},"content":{"rendered":"<div id=\"cs-content\" class=\"cs-content\"><div class=\"x-section e5147-e1 m3yz-0 breadcrumbs\" id=\"breadcrumbs\"><div class=\"x-row x-container max width e5147-e2 m3yz-1 m3yz-2 m3yz-3 m3yz-4 m3yz-9\"><div class=\"x-row-inner\"><div class=\"x-col e5147-e3 m3yz-k\"><nav class=\"x-crumbs e5147-e4 m3yz-l\" role=\"navigation\"><ol class=\"x-crumbs-list\" itemscope=\"\" itemtype=\"http:\/\/schema.org\/BreadcrumbList\" aria-label=\"Breadcrumb Navigation\"><li class=\"x-crumbs-list-item\" itemprop=\"itemListElement\" itemscope itemtype=\"http:\/\/schema.org\/ListItem\"><a class=\"x-crumbs-current x-crumbs-link\" itemtype=\"http:\/\/schema.org\/Thing\" itemprop=\"item\" href=\"https:\/\/isimarkets.com\/pl\/\" title=\"You Are Here\"><span itemprop=\"name\">Home<\/span><\/a><meta itemprop=\"position\" content=\"1\"><\/li><\/ol><\/nav><\/div><\/div><\/div><\/div><div class=\"x-section e5147-e5 m3yz-0 hero title\" id=\"title\"><div class=\"x-row x-container max width e5147-e6 m3yz-1 m3yz-2 m3yz-5 m3yz-a m3yz-b\"><div class=\"x-row-inner\"><div class=\"x-col e5147-e7 m3yz-k\"><span class=\"x-image e5147-e8 m3yz-m m3yz-n\"><img decoding=\"async\" src=\"https:\/\/isimarkets.com\/wp-content\/uploads\/Data-Delivery-Banner-scaled.webp\" width=\"1280\" height=\"519\" alt=\"Aerial view of a shipping yard with colorful containers and red trucks on a gray concrete surface, conveying an organized and industrious atmosphere.\" loading=\"lazy\"><\/span><\/div><\/div><\/div><div class=\"x-row x-container max width e5147-e9 m3yz-1 m3yz-2 m3yz-5 m3yz-a m3yz-c\"><div class=\"x-row-inner\"><div class=\"x-col e5147-e10 m3yz-k\"><div class=\"x-text x-content e5147-e11 m3yz-o\"><h1>Dostarczanie danych<\/h1>\n<h2><mark>Flexible delivery options<\/mark><\/h2><\/div><\/div><\/div><\/div><div class=\"x-row x-container max width e5147-e12 m3yz-1 m3yz-2 m3yz-5 m3yz-a m3yz-d\"><div class=\"x-row-inner\"><div class=\"x-col e5147-e13 m3yz-k\"><div class=\"x-text x-content e5147-e14 m3yz-o\">ISI delivers global intelligence through proprietary delivery platforms: web user interfaces, API &amp; data feeds, and marketplaces.<\/div><\/div><\/div><\/div><\/div><section class=\"x-section e5147-e15 m3yz-0 text-image\"><div class=\"x-row x-container max width e5147-e16 m3yz-1 m3yz-6 m3yz-7 m3yz-8 m3yz-e m3yz-f\" id=\"timelines\"><div class=\"x-row-inner\"><div class=\"x-col e5147-e17 m3yz-k\"><div class=\"x-text x-content e5147-e18 m3yz-o\"><h2>Web-based platforms<\/h2>\n<p>Access our data, content and research through digital platforms. Clients can login from any browser, computer and location as long as they have an internet connection.<\/p>\n<p>Our platforms incorporate time-saving search and screening capabilities as well as easy download and export into our clients' workflows.<\/p><\/div><\/div><div class=\"x-col e5147-e19 m3yz-k\"><span class=\"x-image e5147-e20 m3yz-m\"><img decoding=\"async\" src=\"https:\/\/isimarkets.com\/wp-content\/uploads\/Web-based-platforms.webp\" width=\"1300\" height=\"1300\" alt=\"A woman and a man sit at a table focused on a document. The woman wears a gray blouse; the man, blurred, wears glasses and a beige blazer, creating a professional tone.\" loading=\"lazy\"><\/span><\/div><\/div><\/div><div class=\"x-row x-container max width e5147-e21 m3yz-1 m3yz-3 m3yz-6 m3yz-8 m3yz-e m3yz-g\" id=\"unique-coverage\"><div class=\"x-row-inner\"><div class=\"x-col e5147-e22 m3yz-k\"><span class=\"x-image e5147-e23 m3yz-m\"><img decoding=\"async\" src=\"https:\/\/isimarkets.com\/wp-content\/uploads\/API-data-feeds.webp\" width=\"1300\" height=\"1300\" alt=\"Fiber optic cables connected in a server rack.\" loading=\"lazy\"><\/span><\/div><div class=\"x-col e5147-e24 m3yz-k\"><div class=\"x-text x-content e5147-e25 m3yz-o\"><h2>API &amp; data feeds<\/h2>\n<p>We recognize how important it is for our clients to pull the right content at the right time directly into internal systems, therefore we provide our content through our tried and tested API and Data Feeds solutions.<\/p>\n<p>Supported by our API specialist teams, our API and Data Feeds solutions allow dynamic search and retrieval from our databases as well as customized secure feeds of client-defined datasets.<\/p><\/div><\/div><\/div><\/div><div class=\"x-row x-container max width e5147-e26 m3yz-1 m3yz-6 m3yz-7 m3yz-8 m3yz-e m3yz-h\"><div class=\"x-row-inner\"><div class=\"x-col e5147-e27 m3yz-k\"><div class=\"x-text x-content e5147-e28 m3yz-o\"><h2>Snowflake<\/h2>\n<p>CEIC\u2019s extensive global datasets are automatically refreshed and made available via Snowflake, eliminating the need for separate downloads or manual updates.<\/p>\n<p>Leveraging Snowflake\u2019s secure data-sharing, quantitative teams can query CEIC\u2019s data directly without maintaining multiple copies across siloed systems. This integration allows for faster and more accurate model recalibration, and for the model to be republished into a centralized environment. Execution models driving rebalancing and trade generation can access the same environment, reducing errors, and streamlining the investment process, which in turn boosts investment returns.<\/p>\n<p>The unified, cloud-based data environment provided by Snowflake cuts down on time spent on data preparation, avoids costly mistakes, and enables operational efficiency, allowing investment teams to focus on improving investment performance.<\/p><\/div><\/div><div class=\"x-col e5147-e29 m3yz-k\"><span class=\"x-image e5147-e30 m3yz-m\"><img decoding=\"async\" src=\"https:\/\/isimarkets.com\/wp-content\/uploads\/Snowflake.webp\" width=\"1300\" height=\"1300\" alt=\"A diverse group of professionals engaged in a meeting. A woman in a pink blouse speaks expressively, while a man listens attentively. Collaborative atmosphere.\" loading=\"lazy\"><\/span><\/div><\/div><\/div><\/section><section class=\"x-section e5147-e31 m3yz-0 features beige\" id=\"features\"><div class=\"x-row x-container max width e5147-e32 m3yz-1 m3yz-2 m3yz-7 m3yz-8 m3yz-e m3yz-i\"><div class=\"x-row-inner\"><div class=\"x-col e5147-e33 m3yz-k\"><div class=\"x-text x-content e5147-e34 m3yz-o\"><h2>Snowflake key features &amp; integration<\/h2><\/div><\/div><div class=\"x-col e5147-e35 m3yz-k\"><div class=\"x-text x-content e5147-e36 m3yz-o\"><ul>\n \t<li>\n<h3>Cloud-native data architecture<\/h3>\n<p>Snowflake\u2019s decoupled compute and storage model allows for on-demand scalability and cost-efficient data processing, perfectly suited for managing CEIC\u2019s extensive datasets.<\/p>\n<\/li>\n \t<li>\n<h3>Live, ready-to-query data<\/h3>\n<p>Eliminate the delays of traditional ETL pipelines. CEIC data is delivered live within Snowflake, ensuring that your investment models are always based on the most current market information.<\/p>\n<\/li>\n \t<li>\n<h3>Unified data environment<\/h3>\n<p>Consolidate disparate data sources into a single, secure platform. With CEIC data on Snowflake, enjoy a unified view that supports both historical trend analysis and real-time decision-making.<\/p>\n<\/li>\n \t<li>\n<h3>Seamless integration<\/h3>\n<p>Utilize Snowflake\u2019s extensive ecosystem of connectors and APIs to integrate CEIC data into your existing tools and platforms\u2014 enhancing analytics, risk management, and portfolio optimization.<\/p>\n<\/li>\n<\/ul><\/div><\/div><\/div><\/div><\/section><div class=\"cs-content x-global-block x-global-block-4997 e5147-e43\"><section class=\"x-section e4997-e2 m3ut-0 cta accent\" id=\"cta\"><div class=\"x-row x-container max width e4997-e3 m3ut-1 m3ut-2\"><div class=\"x-row-inner\"><div class=\"x-col e4997-e4 m3ut-3\"><div class=\"x-text x-content e4997-e5 m3ut-4\"><h2>Request Demo<\/h2>\n<p class=\"highlight\"><mark>Turn complexity into clarity<\/mark><\/p>\n<p class=\"cta\"><a class=\"button request-demo\" href=\"\/demo\/\">Request Demo<\/a><\/p><\/div><\/div><div class=\"x-col e4997-e6 m3ut-3\"><div class=\"x-text x-content e4997-e7 m3ut-4\"><div class=\"x-image\"><img loading=\"lazy\" decoding=\"async\" src=\"https:\/\/isimarkets.com\/wp-content\/uploads\/Demo-07.webp\" alt=\"\" width=\"2000\" height=\"2000\" class=\"alignnone size-full wp-image-4825\" srcset=\"https:\/\/isimarkets.com\/wp-content\/uploads\/Demo-07.webp 2000w, https:\/\/isimarkets.com\/wp-content\/uploads\/Demo-07-300x300.webp 300w, https:\/\/isimarkets.com\/wp-content\/uploads\/Demo-07-1024x1024.webp 1024w, https:\/\/isimarkets.com\/wp-content\/uploads\/Demo-07-150x150.webp 150w, https:\/\/isimarkets.com\/wp-content\/uploads\/Demo-07-768x768.webp 768w, https:\/\/isimarkets.com\/wp-content\/uploads\/Demo-07-1536x1536.webp 1536w\" sizes=\"auto, (max-width: 2000px) 100vw, 2000px\" \/><\/div><\/div><\/div><\/div><\/div><\/section><\/div><\/div>","protected":false},"excerpt":{"rendered":"<p>HomeDostarczanie danych Flexible delivery optionsISI delivers global intelligence through proprietary delivery platforms: web user interfaces, API &amp; data feeds, and marketplaces.Web-based platforms Access our data, content and research through digital platforms. Clients can login from any browser, computer and location as long as they have an internet connection. Our platforms incorporate time-saving search and screening capabilities as well as easy&hellip;<\/p>\n","protected":false},"author":1,"featured_media":0,"parent":5141,"menu_order":1,"comment_status":"closed","ping_status":"closed","template":"template-blank-4.php","meta":{"content-type":"","cpa_authors":[],"cpa_override_default":false,"footnotes":""},"class_list":["post-5147","page","type-page","status-publish","hentry","no-post-thumbnail"],"yoast_head":"<!-- This site is optimized with the Yoast SEO plugin v27.4 - https:\/\/yoast.com\/product\/yoast-seo-wordpress\/ -->\n<title>Dostarczanie danych - ISI<\/title>\n<meta name=\"robots\" content=\"index, follow, max-snippet:-1, max-image-preview:large, max-video-preview:-1\" \/>\n<link rel=\"canonical\" href=\"https:\/\/isimarkets.com\/pl\/zblizac-sie-pl\/dostarczanie-danych-pl\/\" \/>\n<meta property=\"og:locale\" content=\"pl_PL\" \/>\n<meta property=\"og:type\" content=\"article\" \/>\n<meta property=\"og:title\" content=\"Dostarczanie danych - ISI\" \/>\n<meta property=\"og:description\" content=\"HomeDostarczanie danych Flexible delivery optionsISI delivers global intelligence through proprietary delivery platforms: web user interfaces, API &amp; data feeds, and marketplaces.Web-based platforms Access our data, content and research through digital platforms. Clients can login from any browser, computer and location as long as they have an internet connection. Our platforms incorporate time-saving search and screening capabilities as well as easy&hellip;\" \/>\n<meta property=\"og:url\" content=\"https:\/\/isimarkets.com\/pl\/zblizac-sie-pl\/dostarczanie-danych-pl\/\" \/>\n<meta property=\"og:site_name\" content=\"ISI\" \/>\n<meta property=\"article:modified_time\" content=\"2026-03-18T23:27:23+00:00\" \/>\n<meta property=\"og:image\" content=\"https:\/\/isimarkets.com\/wp-content\/uploads\/Data-Delivery-Banner-scaled.webp\" \/>\n<meta name=\"twitter:card\" content=\"summary_large_image\" \/>\n<meta name=\"twitter:label1\" content=\"Szacowany czas czytania\" \/>\n\t<meta name=\"twitter:data1\" content=\"2 minuty\" \/>\n<script type=\"application\/ld+json\" class=\"yoast-schema-graph\">{\"@context\":\"https:\\\/\\\/schema.org\",\"@graph\":[{\"@type\":\"WebPage\",\"@id\":\"https:\\\/\\\/isimarkets.com\\\/pl\\\/zblizac-sie-pl\\\/dostarczanie-danych-pl\\\/\",\"url\":\"https:\\\/\\\/isimarkets.com\\\/pl\\\/zblizac-sie-pl\\\/dostarczanie-danych-pl\\\/\",\"name\":\"Dostarczanie danych - ISI\",\"isPartOf\":{\"@id\":\"https:\\\/\\\/isimarkets.com\\\/pl\\\/#website\"},\"primaryImageOfPage\":{\"@id\":\"https:\\\/\\\/isimarkets.com\\\/pl\\\/zblizac-sie-pl\\\/dostarczanie-danych-pl\\\/#primaryimage\"},\"image\":{\"@id\":\"https:\\\/\\\/isimarkets.com\\\/pl\\\/zblizac-sie-pl\\\/dostarczanie-danych-pl\\\/#primaryimage\"},\"thumbnailUrl\":\"https:\\\/\\\/isimarkets.com\\\/wp-content\\\/uploads\\\/Data-Delivery-Banner-scaled.webp\",\"datePublished\":\"2026-01-19T15:42:13+00:00\",\"dateModified\":\"2026-03-18T23:27:23+00:00\",\"breadcrumb\":{\"@id\":\"https:\\\/\\\/isimarkets.com\\\/pl\\\/zblizac-sie-pl\\\/dostarczanie-danych-pl\\\/#breadcrumb\"},\"inLanguage\":\"pl-PL\",\"potentialAction\":[{\"@type\":\"ReadAction\",\"target\":[\"https:\\\/\\\/isimarkets.com\\\/pl\\\/zblizac-sie-pl\\\/dostarczanie-danych-pl\\\/\"]}]},{\"@type\":\"ImageObject\",\"inLanguage\":\"pl-PL\",\"@id\":\"https:\\\/\\\/isimarkets.com\\\/pl\\\/zblizac-sie-pl\\\/dostarczanie-danych-pl\\\/#primaryimage\",\"url\":\"https:\\\/\\\/isimarkets.com\\\/wp-content\\\/uploads\\\/Data-Delivery-Banner-scaled.webp\",\"contentUrl\":\"https:\\\/\\\/isimarkets.com\\\/wp-content\\\/uploads\\\/Data-Delivery-Banner-scaled.webp\"},{\"@type\":\"BreadcrumbList\",\"@id\":\"https:\\\/\\\/isimarkets.com\\\/pl\\\/zblizac-sie-pl\\\/dostarczanie-danych-pl\\\/#breadcrumb\",\"itemListElement\":[{\"@type\":\"ListItem\",\"position\":1,\"name\":\"Home\",\"item\":\"https:\\\/\\\/isimarkets.com\\\/pl\\\/\"},{\"@type\":\"ListItem\",\"position\":2,\"name\":\"Zbli\u017ca\u0107 si\u0119\",\"item\":\"https:\\\/\\\/isimarkets.com\\\/pl\\\/approach\\\/\"},{\"@type\":\"ListItem\",\"position\":3,\"name\":\"Dostarczanie danych\"}]},{\"@type\":\"WebSite\",\"@id\":\"https:\\\/\\\/isimarkets.com\\\/pl\\\/#website\",\"url\":\"https:\\\/\\\/isimarkets.com\\\/pl\\\/\",\"name\":\"ISI\",\"description\":\"Global Market Intelligence Platform\",\"potentialAction\":[{\"@type\":\"SearchAction\",\"target\":{\"@type\":\"EntryPoint\",\"urlTemplate\":\"https:\\\/\\\/isimarkets.com\\\/pl\\\/?s={search_term_string}\"},\"query-input\":{\"@type\":\"PropertyValueSpecification\",\"valueRequired\":true,\"valueName\":\"search_term_string\"}}],\"inLanguage\":\"pl-PL\"}]}<\/script>\n<!-- \/ Yoast SEO plugin. -->","yoast_head_json":{"title":"Dostarczanie danych - ISI","robots":{"index":"index","follow":"follow","max-snippet":"max-snippet:-1","max-image-preview":"max-image-preview:large","max-video-preview":"max-video-preview:-1"},"canonical":"https:\/\/isimarkets.com\/pl\/zblizac-sie-pl\/dostarczanie-danych-pl\/","og_locale":"pl_PL","og_type":"article","og_title":"Dostarczanie danych - ISI","og_description":"HomeDostarczanie danych Flexible delivery optionsISI delivers global intelligence through proprietary delivery platforms: web user interfaces, API &amp; data feeds, and marketplaces.Web-based platforms Access our data, content and research through digital platforms. Clients can login from any browser, computer and location as long as they have an internet connection. Our platforms incorporate time-saving search and screening capabilities as well as easy&hellip;","og_url":"https:\/\/isimarkets.com\/pl\/zblizac-sie-pl\/dostarczanie-danych-pl\/","og_site_name":"ISI","article_modified_time":"2026-03-18T23:27:23+00:00","og_image":[{"url":"https:\/\/isimarkets.com\/wp-content\/uploads\/Data-Delivery-Banner-scaled.webp","type":"","width":"","height":""}],"twitter_card":"summary_large_image","twitter_misc":{"Szacowany czas czytania":"2 minuty"},"schema":{"@context":"https:\/\/schema.org","@graph":[{"@type":"WebPage","@id":"https:\/\/isimarkets.com\/pl\/zblizac-sie-pl\/dostarczanie-danych-pl\/","url":"https:\/\/isimarkets.com\/pl\/zblizac-sie-pl\/dostarczanie-danych-pl\/","name":"Dostarczanie danych - ISI","isPartOf":{"@id":"https:\/\/isimarkets.com\/pl\/#website"},"primaryImageOfPage":{"@id":"https:\/\/isimarkets.com\/pl\/zblizac-sie-pl\/dostarczanie-danych-pl\/#primaryimage"},"image":{"@id":"https:\/\/isimarkets.com\/pl\/zblizac-sie-pl\/dostarczanie-danych-pl\/#primaryimage"},"thumbnailUrl":"https:\/\/isimarkets.com\/wp-content\/uploads\/Data-Delivery-Banner-scaled.webp","datePublished":"2026-01-19T15:42:13+00:00","dateModified":"2026-03-18T23:27:23+00:00","breadcrumb":{"@id":"https:\/\/isimarkets.com\/pl\/zblizac-sie-pl\/dostarczanie-danych-pl\/#breadcrumb"},"inLanguage":"pl-PL","potentialAction":[{"@type":"ReadAction","target":["https:\/\/isimarkets.com\/pl\/zblizac-sie-pl\/dostarczanie-danych-pl\/"]}]},{"@type":"ImageObject","inLanguage":"pl-PL","@id":"https:\/\/isimarkets.com\/pl\/zblizac-sie-pl\/dostarczanie-danych-pl\/#primaryimage","url":"https:\/\/isimarkets.com\/wp-content\/uploads\/Data-Delivery-Banner-scaled.webp","contentUrl":"https:\/\/isimarkets.com\/wp-content\/uploads\/Data-Delivery-Banner-scaled.webp"},{"@type":"BreadcrumbList","@id":"https:\/\/isimarkets.com\/pl\/zblizac-sie-pl\/dostarczanie-danych-pl\/#breadcrumb","itemListElement":[{"@type":"ListItem","position":1,"name":"Home","item":"https:\/\/isimarkets.com\/pl\/"},{"@type":"ListItem","position":2,"name":"Zbli\u017ca\u0107 si\u0119","item":"https:\/\/isimarkets.com\/pl\/approach\/"},{"@type":"ListItem","position":3,"name":"Dostarczanie danych"}]},{"@type":"WebSite","@id":"https:\/\/isimarkets.com\/pl\/#website","url":"https:\/\/isimarkets.com\/pl\/","name":"ISI","description":"Global Market Intelligence Platform","potentialAction":[{"@type":"SearchAction","target":{"@type":"EntryPoint","urlTemplate":"https:\/\/isimarkets.com\/pl\/?s={search_term_string}"},"query-input":{"@type":"PropertyValueSpecification","valueRequired":true,"valueName":"search_term_string"}}],"inLanguage":"pl-PL"}]}},"_links":{"self":[{"href":"https:\/\/isimarkets.com\/pl\/wp-json\/wp\/v2\/pages\/5147","targetHints":{"allow":["GET"]}}],"collection":[{"href":"https:\/\/isimarkets.com\/pl\/wp-json\/wp\/v2\/pages"}],"about":[{"href":"https:\/\/isimarkets.com\/pl\/wp-json\/wp\/v2\/types\/page"}],"author":[{"embeddable":true,"href":"https:\/\/isimarkets.com\/pl\/wp-json\/wp\/v2\/users\/1"}],"replies":[{"embeddable":true,"href":"https:\/\/isimarkets.com\/pl\/wp-json\/wp\/v2\/comments?post=5147"}],"version-history":[{"count":0,"href":"https:\/\/isimarkets.com\/pl\/wp-json\/wp\/v2\/pages\/5147\/revisions"}],"up":[{"embeddable":true,"href":"https:\/\/isimarkets.com\/pl\/wp-json\/wp\/v2\/pages\/5141"}],"wp:attachment":[{"href":"https:\/\/isimarkets.com\/pl\/wp-json\/wp\/v2\/media?parent=5147"}],"curies":[{"name":"wp","href":"https:\/\/api.w.org\/{rel}","templated":true}]}}