{"id":5159,"date":"2026-01-19T17:24:39","date_gmt":"2026-01-19T17:24:39","guid":{"rendered":"https:\/\/isimarkets.com\/?p=5159"},"modified":"2026-03-18T23:27:26","modified_gmt":"2026-03-18T23:27:26","slug":"sukces-klienta-pl","status":"publish","type":"page","link":"https:\/\/isimarkets.com\/pl\/zblizac-sie-pl\/sukces-klienta-pl\/","title":{"rendered":"Sukces klienta"},"content":{"rendered":"<div id=\"cs-content\" class=\"cs-content\"><div class=\"x-section e5159-e1 m3zb-0 breadcrumbs\" id=\"breadcrumbs\"><div class=\"x-row x-container max width e5159-e2 m3zb-1 m3zb-2 m3zb-3 m3zb-4 m3zb-9\"><div class=\"x-row-inner\"><div class=\"x-col e5159-e3 m3zb-j\"><nav class=\"x-crumbs e5159-e4 m3zb-l\" role=\"navigation\"><ol class=\"x-crumbs-list\" itemscope=\"\" itemtype=\"http:\/\/schema.org\/BreadcrumbList\" aria-label=\"Breadcrumb Navigation\"><li class=\"x-crumbs-list-item\" itemprop=\"itemListElement\" itemscope itemtype=\"http:\/\/schema.org\/ListItem\"><a class=\"x-crumbs-current x-crumbs-link\" itemtype=\"http:\/\/schema.org\/Thing\" itemprop=\"item\" href=\"https:\/\/isimarkets.com\/pl\/\" title=\"You Are Here\"><span itemprop=\"name\">Home<\/span><\/a><meta itemprop=\"position\" content=\"1\"><\/li><\/ol><\/nav><\/div><\/div><\/div><\/div><div class=\"x-section e5159-e5 m3zb-0 hero title\" id=\"title\"><div class=\"x-row x-container max width e5159-e6 m3zb-1 m3zb-2 m3zb-3 m3zb-5 m3zb-a m3zb-b\"><div class=\"x-row-inner\"><div class=\"x-col e5159-e7 m3zb-j\"><span class=\"x-image e5159-e8 m3zb-m m3zb-n\"><img decoding=\"async\" src=\"https:\/\/isimarkets.com\/wp-content\/uploads\/Customer-Success-Banner-scaled.webp\" width=\"1280\" height=\"519\" alt=\"Three people in a casual office setting focus intently on a laptop screen displaying a document. The atmosphere is thoughtful and collaborative.\" loading=\"lazy\"><\/span><\/div><\/div><\/div><div class=\"x-row x-container max width e5159-e9 m3zb-1 m3zb-2 m3zb-3 m3zb-5 m3zb-a m3zb-c\"><div class=\"x-row-inner\"><div class=\"x-col e5159-e10 m3zb-j\"><div class=\"x-text x-content e5159-e11 m3zb-o m3zb-p\"><h1>Going the extra mile<\/h1>\n<h2><mark>Enabling customer<br \/>\nsuccess<\/mark><\/h2><\/div><\/div><\/div><\/div><div class=\"x-row x-container max width e5159-e12 m3zb-1 m3zb-2 m3zb-3 m3zb-5 m3zb-a m3zb-d\"><div class=\"x-row-inner\"><div class=\"x-col e5159-e13 m3zb-j\"><div class=\"x-text x-content e5159-e14 m3zb-o m3zb-p\">We recognize that our clients don\u2019t just look to us for high-quality content and data. They also value support to help extract maximum value from our services and achieve their objectives.<\/div><\/div><\/div><\/div><\/div><section class=\"x-section e5159-e15 m3zb-0\"><div class=\"x-row x-container max width e5159-e16 m3zb-1 m3zb-3 m3zb-5 m3zb-6 m3zb-a m3zb-e\"><div class=\"x-row-inner\"><div class=\"x-col e5159-e17 m3zb-j m3zb-k\"><div class=\"x-text x-content e5159-e18 m3zb-o m3zb-q\">Our best-in-class customer success team, customer support team, dedicated account managers, economists and industry experts and technology specialists across the world help our clients to achieve their objectives.<\/div><\/div><\/div><\/div><\/section><section class=\"x-section e5159-e19 m3zb-0 features beige\" id=\"features\"><div class=\"x-row x-container max width e5159-e20 m3zb-1 m3zb-2 m3zb-3 m3zb-7 m3zb-f m3zb-g\"><div class=\"x-row-inner\"><div class=\"x-col e5159-e21 m3zb-j\"><div class=\"x-text x-content e5159-e22 m3zb-o m3zb-p\"><h2>Client onboarding<\/h2><\/div><\/div><div class=\"x-col e5159-e23 m3zb-j\"><div class=\"x-text x-content e5159-e24 m3zb-o m3zb-p\"><ul>\n \t<li>\n<h3>Onboarding support<\/h3>\n<p>During the onboarding stage, our client support representatives will walk you through how to efficiently operate and navigate our platforms. It is important for us to ensure that all of our users know how to find all of the information that they need.<\/p>\n<\/li>\n \t<li>\n<h3>Round-the-clock-support<\/h3>\n<p>Our client success team and support team and subject matter experts are on hand to respond immediately users' enquiries 24\/5 by email or live chat. We provide support in English and local languages in Cantonese, Mandarin, Polish, Spanish and Portuguese.<\/p>\n<\/li>\n \t<li>\n<h3>API support<\/h3>\n<p>Our client support representatives will be on hand to explore the functionality and advantages that our API solution could present for you.<\/p>\n<\/li>\n<\/ul><\/div><\/div><\/div><\/div><\/section><span class=\"x-image e5159-e25 m3zb-m m3zb-n\"><img decoding=\"async\" src=\"https:\/\/isimarkets.com\/wp-content\/uploads\/Customer-Success-Full-Width-Image-scaled.webp\" width=\"1280\" height=\"480\" alt=\"A man with gray hair and glasses gestures while talking to a woman with curly hair in an office. The setting is bright, conveying a focused atmosphere.\" loading=\"lazy\"><\/span><section class=\"x-section e5159-e26 m3zb-0 features beige\"><div class=\"x-row x-container max width e5159-e27 m3zb-1 m3zb-2 m3zb-3 m3zb-7 m3zb-f m3zb-h\"><div class=\"x-row-inner\"><div class=\"x-col e5159-e28 m3zb-j\"><div class=\"x-text x-content e5159-e29 m3zb-o m3zb-p\"><h2>Client training<\/h2><\/div><\/div><div class=\"x-col e5159-e30 m3zb-j\"><div class=\"x-text x-content e5159-e31 m3zb-o m3zb-p\"><ul>\n \t<li>\n<h3>Client webinars &amp; workshops<\/h3>\n<p>We develop bespoke training workshops based on the specific requirements of our clients. Users benefit from direct access to product experts as well as continuous online learning assets.<\/p>\n<\/li>\n \t<li>\n<h3>Training resources<\/h3>\n<p>Our platforms hosts tutorial videos that help users to navigate and better understand the platform, tools and features. On-going support with finding data and information<\/p>\n<\/li>\n \t<li>\n<h3>Dedicated account manager<\/h3>\n<p>Our account managers ensure users make the most out of the CEIC, EMIS, EPFR and REDD platforms through scheduled training sessions<\/p>\n<\/li>\n<\/ul><\/div><\/div><\/div><\/div><\/section><section class=\"x-section e5159-e32 m3zb-0 text-image\"><div class=\"x-row x-container max width e5159-e33 m3zb-1 m3zb-2 m3zb-7 m3zb-8 m3zb-f m3zb-i\" id=\"unique-coverage\"><div class=\"x-row-inner\"><div class=\"x-col e5159-e34 m3zb-j\"><span class=\"x-image e5159-e35 m3zb-m\"><img decoding=\"async\" src=\"https:\/\/isimarkets.com\/wp-content\/uploads\/Marika-Lesell.png\" width=\"1646\" height=\"1648\" alt=\"Image\" loading=\"lazy\"><\/span><\/div><div class=\"x-col e5159-e36 m3zb-j\"><div class=\"x-text x-content e5159-e37 m3zb-o m3zb-p\"><h5>\u201cAs Global Head of Customer Success, I\u2019m deeply passionate about client service because real impact comes from strong relationships. Together with our global team, we work closely with customers on the ground to understand their needs, deepen partnerships, and consistently deliver meaningful value.\u201d<\/h5>\n<p>Marika Lesell, Head of Customer Success<\/p><\/div><\/div><\/div><\/div><\/section><div class=\"cs-content x-global-block x-global-block-4997 e5159-e38\"><section class=\"x-section e4997-e2 m3ut-0 cta accent\" id=\"cta\"><div class=\"x-row x-container max width e4997-e3 m3ut-1 m3ut-2\"><div class=\"x-row-inner\"><div class=\"x-col e4997-e4 m3ut-3\"><div class=\"x-text x-content e4997-e5 m3ut-4\"><h2>Request Demo<\/h2>\n<p class=\"highlight\"><mark>Turn complexity into clarity<\/mark><\/p>\n<p class=\"cta\"><a class=\"button request-demo\" href=\"\/demo\/\">Request Demo<\/a><\/p><\/div><\/div><div class=\"x-col e4997-e6 m3ut-3\"><div class=\"x-text x-content e4997-e7 m3ut-4\"><div class=\"x-image\"><img loading=\"lazy\" decoding=\"async\" src=\"https:\/\/isimarkets.com\/wp-content\/uploads\/Demo-02.webp\" alt=\"\" width=\"2000\" height=\"2000\" class=\"alignnone size-full wp-image-4820\" srcset=\"https:\/\/isimarkets.com\/wp-content\/uploads\/Demo-02.webp 2000w, https:\/\/isimarkets.com\/wp-content\/uploads\/Demo-02-300x300.webp 300w, https:\/\/isimarkets.com\/wp-content\/uploads\/Demo-02-1024x1024.webp 1024w, https:\/\/isimarkets.com\/wp-content\/uploads\/Demo-02-150x150.webp 150w, https:\/\/isimarkets.com\/wp-content\/uploads\/Demo-02-768x768.webp 768w, https:\/\/isimarkets.com\/wp-content\/uploads\/Demo-02-1536x1536.webp 1536w\" sizes=\"auto, (max-width: 2000px) 100vw, 2000px\" \/><\/div><\/div><\/div><\/div><\/div><\/section><\/div><\/div>","protected":false},"excerpt":{"rendered":"<p>HomeGoing the extra mile Enabling customer successWe recognize that our clients don\u2019t just look to us for high-quality content and data. They also value support to help extract maximum value from our services and achieve their objectives.Our best-in-class customer success team, customer support team, dedicated account managers, economists and industry experts and technology specialists across the world help our clients&hellip;<\/p>\n","protected":false},"author":1,"featured_media":0,"parent":5141,"menu_order":4,"comment_status":"closed","ping_status":"closed","template":"template-blank-4.php","meta":{"content-type":"","cpa_authors":[],"cpa_override_default":false,"footnotes":""},"class_list":["post-5159","page","type-page","status-publish","hentry","no-post-thumbnail"],"yoast_head":"<!-- This site is optimized with the Yoast SEO plugin v27.4 - https:\/\/yoast.com\/product\/yoast-seo-wordpress\/ -->\n<title>Sukces klienta - ISI<\/title>\n<meta name=\"robots\" content=\"index, follow, max-snippet:-1, max-image-preview:large, max-video-preview:-1\" \/>\n<link rel=\"canonical\" href=\"https:\/\/isimarkets.com\/pl\/zblizac-sie-pl\/sukces-klienta-pl\/\" \/>\n<meta property=\"og:locale\" content=\"pl_PL\" \/>\n<meta property=\"og:type\" content=\"article\" \/>\n<meta property=\"og:title\" content=\"Sukces klienta - ISI\" \/>\n<meta property=\"og:description\" content=\"HomeGoing the extra mile Enabling customer successWe recognize that our clients don\u2019t just look to us for high-quality content and data. They also value support to help extract maximum value from our services and achieve their objectives.Our best-in-class customer success team, customer support team, dedicated account managers, economists and industry experts and technology specialists across the world help our clients&hellip;\" \/>\n<meta property=\"og:url\" content=\"https:\/\/isimarkets.com\/pl\/zblizac-sie-pl\/sukces-klienta-pl\/\" \/>\n<meta property=\"og:site_name\" content=\"ISI\" \/>\n<meta property=\"article:modified_time\" content=\"2026-03-18T23:27:26+00:00\" \/>\n<meta property=\"og:image\" content=\"https:\/\/isimarkets.com\/wp-content\/uploads\/Customer-Success-Banner-scaled.webp\" \/>\n<meta name=\"twitter:card\" content=\"summary_large_image\" \/>\n<meta name=\"twitter:label1\" content=\"Szacowany czas czytania\" \/>\n\t<meta name=\"twitter:data1\" content=\"2 minuty\" \/>\n<script type=\"application\/ld+json\" class=\"yoast-schema-graph\">{\"@context\":\"https:\\\/\\\/schema.org\",\"@graph\":[{\"@type\":\"WebPage\",\"@id\":\"https:\\\/\\\/isimarkets.com\\\/pl\\\/zblizac-sie-pl\\\/sukces-klienta-pl\\\/\",\"url\":\"https:\\\/\\\/isimarkets.com\\\/pl\\\/zblizac-sie-pl\\\/sukces-klienta-pl\\\/\",\"name\":\"Sukces klienta - ISI\",\"isPartOf\":{\"@id\":\"https:\\\/\\\/isimarkets.com\\\/pl\\\/#website\"},\"primaryImageOfPage\":{\"@id\":\"https:\\\/\\\/isimarkets.com\\\/pl\\\/zblizac-sie-pl\\\/sukces-klienta-pl\\\/#primaryimage\"},\"image\":{\"@id\":\"https:\\\/\\\/isimarkets.com\\\/pl\\\/zblizac-sie-pl\\\/sukces-klienta-pl\\\/#primaryimage\"},\"thumbnailUrl\":\"https:\\\/\\\/isimarkets.com\\\/wp-content\\\/uploads\\\/Customer-Success-Banner-scaled.webp\",\"datePublished\":\"2026-01-19T17:24:39+00:00\",\"dateModified\":\"2026-03-18T23:27:26+00:00\",\"breadcrumb\":{\"@id\":\"https:\\\/\\\/isimarkets.com\\\/pl\\\/zblizac-sie-pl\\\/sukces-klienta-pl\\\/#breadcrumb\"},\"inLanguage\":\"pl-PL\",\"potentialAction\":[{\"@type\":\"ReadAction\",\"target\":[\"https:\\\/\\\/isimarkets.com\\\/pl\\\/zblizac-sie-pl\\\/sukces-klienta-pl\\\/\"]}]},{\"@type\":\"ImageObject\",\"inLanguage\":\"pl-PL\",\"@id\":\"https:\\\/\\\/isimarkets.com\\\/pl\\\/zblizac-sie-pl\\\/sukces-klienta-pl\\\/#primaryimage\",\"url\":\"https:\\\/\\\/isimarkets.com\\\/wp-content\\\/uploads\\\/Customer-Success-Banner-scaled.webp\",\"contentUrl\":\"https:\\\/\\\/isimarkets.com\\\/wp-content\\\/uploads\\\/Customer-Success-Banner-scaled.webp\"},{\"@type\":\"BreadcrumbList\",\"@id\":\"https:\\\/\\\/isimarkets.com\\\/pl\\\/zblizac-sie-pl\\\/sukces-klienta-pl\\\/#breadcrumb\",\"itemListElement\":[{\"@type\":\"ListItem\",\"position\":1,\"name\":\"Home\",\"item\":\"https:\\\/\\\/isimarkets.com\\\/pl\\\/\"},{\"@type\":\"ListItem\",\"position\":2,\"name\":\"Zbli\u017ca\u0107 si\u0119\",\"item\":\"https:\\\/\\\/isimarkets.com\\\/pl\\\/approach\\\/\"},{\"@type\":\"ListItem\",\"position\":3,\"name\":\"Sukces klienta\"}]},{\"@type\":\"WebSite\",\"@id\":\"https:\\\/\\\/isimarkets.com\\\/pl\\\/#website\",\"url\":\"https:\\\/\\\/isimarkets.com\\\/pl\\\/\",\"name\":\"ISI\",\"description\":\"Global Market Intelligence Platform\",\"potentialAction\":[{\"@type\":\"SearchAction\",\"target\":{\"@type\":\"EntryPoint\",\"urlTemplate\":\"https:\\\/\\\/isimarkets.com\\\/pl\\\/?s={search_term_string}\"},\"query-input\":{\"@type\":\"PropertyValueSpecification\",\"valueRequired\":true,\"valueName\":\"search_term_string\"}}],\"inLanguage\":\"pl-PL\"}]}<\/script>\n<!-- \/ Yoast SEO plugin. -->","yoast_head_json":{"title":"Sukces klienta - ISI","robots":{"index":"index","follow":"follow","max-snippet":"max-snippet:-1","max-image-preview":"max-image-preview:large","max-video-preview":"max-video-preview:-1"},"canonical":"https:\/\/isimarkets.com\/pl\/zblizac-sie-pl\/sukces-klienta-pl\/","og_locale":"pl_PL","og_type":"article","og_title":"Sukces klienta - ISI","og_description":"HomeGoing the extra mile Enabling customer successWe recognize that our clients don\u2019t just look to us for high-quality content and data. They also value support to help extract maximum value from our services and achieve their objectives.Our best-in-class customer success team, customer support team, dedicated account managers, economists and industry experts and technology specialists across the world help our clients&hellip;","og_url":"https:\/\/isimarkets.com\/pl\/zblizac-sie-pl\/sukces-klienta-pl\/","og_site_name":"ISI","article_modified_time":"2026-03-18T23:27:26+00:00","og_image":[{"url":"https:\/\/isimarkets.com\/wp-content\/uploads\/Customer-Success-Banner-scaled.webp","type":"","width":"","height":""}],"twitter_card":"summary_large_image","twitter_misc":{"Szacowany czas czytania":"2 minuty"},"schema":{"@context":"https:\/\/schema.org","@graph":[{"@type":"WebPage","@id":"https:\/\/isimarkets.com\/pl\/zblizac-sie-pl\/sukces-klienta-pl\/","url":"https:\/\/isimarkets.com\/pl\/zblizac-sie-pl\/sukces-klienta-pl\/","name":"Sukces klienta - ISI","isPartOf":{"@id":"https:\/\/isimarkets.com\/pl\/#website"},"primaryImageOfPage":{"@id":"https:\/\/isimarkets.com\/pl\/zblizac-sie-pl\/sukces-klienta-pl\/#primaryimage"},"image":{"@id":"https:\/\/isimarkets.com\/pl\/zblizac-sie-pl\/sukces-klienta-pl\/#primaryimage"},"thumbnailUrl":"https:\/\/isimarkets.com\/wp-content\/uploads\/Customer-Success-Banner-scaled.webp","datePublished":"2026-01-19T17:24:39+00:00","dateModified":"2026-03-18T23:27:26+00:00","breadcrumb":{"@id":"https:\/\/isimarkets.com\/pl\/zblizac-sie-pl\/sukces-klienta-pl\/#breadcrumb"},"inLanguage":"pl-PL","potentialAction":[{"@type":"ReadAction","target":["https:\/\/isimarkets.com\/pl\/zblizac-sie-pl\/sukces-klienta-pl\/"]}]},{"@type":"ImageObject","inLanguage":"pl-PL","@id":"https:\/\/isimarkets.com\/pl\/zblizac-sie-pl\/sukces-klienta-pl\/#primaryimage","url":"https:\/\/isimarkets.com\/wp-content\/uploads\/Customer-Success-Banner-scaled.webp","contentUrl":"https:\/\/isimarkets.com\/wp-content\/uploads\/Customer-Success-Banner-scaled.webp"},{"@type":"BreadcrumbList","@id":"https:\/\/isimarkets.com\/pl\/zblizac-sie-pl\/sukces-klienta-pl\/#breadcrumb","itemListElement":[{"@type":"ListItem","position":1,"name":"Home","item":"https:\/\/isimarkets.com\/pl\/"},{"@type":"ListItem","position":2,"name":"Zbli\u017ca\u0107 si\u0119","item":"https:\/\/isimarkets.com\/pl\/approach\/"},{"@type":"ListItem","position":3,"name":"Sukces klienta"}]},{"@type":"WebSite","@id":"https:\/\/isimarkets.com\/pl\/#website","url":"https:\/\/isimarkets.com\/pl\/","name":"ISI","description":"Global Market Intelligence Platform","potentialAction":[{"@type":"SearchAction","target":{"@type":"EntryPoint","urlTemplate":"https:\/\/isimarkets.com\/pl\/?s={search_term_string}"},"query-input":{"@type":"PropertyValueSpecification","valueRequired":true,"valueName":"search_term_string"}}],"inLanguage":"pl-PL"}]}},"_links":{"self":[{"href":"https:\/\/isimarkets.com\/pl\/wp-json\/wp\/v2\/pages\/5159","targetHints":{"allow":["GET"]}}],"collection":[{"href":"https:\/\/isimarkets.com\/pl\/wp-json\/wp\/v2\/pages"}],"about":[{"href":"https:\/\/isimarkets.com\/pl\/wp-json\/wp\/v2\/types\/page"}],"author":[{"embeddable":true,"href":"https:\/\/isimarkets.com\/pl\/wp-json\/wp\/v2\/users\/1"}],"replies":[{"embeddable":true,"href":"https:\/\/isimarkets.com\/pl\/wp-json\/wp\/v2\/comments?post=5159"}],"version-history":[{"count":0,"href":"https:\/\/isimarkets.com\/pl\/wp-json\/wp\/v2\/pages\/5159\/revisions"}],"up":[{"embeddable":true,"href":"https:\/\/isimarkets.com\/pl\/wp-json\/wp\/v2\/pages\/5141"}],"wp:attachment":[{"href":"https:\/\/isimarkets.com\/pl\/wp-json\/wp\/v2\/media?parent=5159"}],"curies":[{"name":"wp","href":"https:\/\/api.w.org\/{rel}","templated":true}]}}