{"id":5177,"date":"2026-01-23T14:31:23","date_gmt":"2026-01-23T14:31:23","guid":{"rendered":"https:\/\/isimarkets.com\/?p=5177"},"modified":"2026-03-18T23:27:30","modified_gmt":"2026-03-18T23:27:30","slug":"mapa-witryny-pl","status":"publish","type":"page","link":"https:\/\/isimarkets.com\/pl\/mapa-witryny-pl\/","title":{"rendered":"Mapa witryny"},"content":{"rendered":"<div id=\"cs-content\" class=\"cs-content\"><div class=\"cs-content x-global-block x-global-block-4949 e5177-e1\"><div class=\"x-section e4949-e2 m3th-0 breadcrumbs\" id=\"breadcrumbs\"><div class=\"x-row x-container max width e4949-e3 m3th-1 m3th-2\"><div class=\"x-row-inner\"><div class=\"x-col e4949-e4 m3th-3\"><nav class=\"x-crumbs e4949-e5 m3th-4\" role=\"navigation\"><ol class=\"x-crumbs-list\" itemscope=\"\" itemtype=\"http:\/\/schema.org\/BreadcrumbList\" aria-label=\"Breadcrumb Navigation\"><li class=\"x-crumbs-list-item\" itemprop=\"itemListElement\" itemscope itemtype=\"http:\/\/schema.org\/ListItem\"><a class=\"x-crumbs-current x-crumbs-link\" itemtype=\"http:\/\/schema.org\/Thing\" itemprop=\"item\" href=\"https:\/\/isimarkets.com\/pl\/\" title=\"You Are Here\"><span itemprop=\"name\">Home<\/span><\/a><meta itemprop=\"position\" content=\"1\"><\/li><\/ol><\/nav><\/div><\/div><\/div><\/div><\/div><div class=\"x-section e5177-e2 m3zt-0 m3zt-1 title simple\" id=\"title\"><div class=\"x-row x-container max width e5177-e3 m3zt-3 m3zt-4 m3zt-5\"><div class=\"x-row-inner\"><div class=\"x-col e5177-e4 m3zt-7\"><div class=\"x-text x-content e5177-e5 m3zt-8\"><h1>Mapa witryny<\/h1><\/div><\/div><\/div><\/div><\/div><section class=\"x-section e5177-e6 m3zt-1 m3zt-2\"><div class=\"x-row x-container max width e5177-e7 m3zt-3 m3zt-4 m3zt-6\"><div class=\"x-row-inner\"><div class=\"x-col e5177-e8 m3zt-7\"><ul class=\"sitemap\"><li><h2><a href=\"https:\/\/isimarkets.com\/pl\/\">Strona g\u0142\u00f3wna<\/a><\/h2><\/li><li><a href=\"https:\/\/isimarkets.com\/pl\/dodatkowe-warunki-i-postanowienia-dostawcow-zewnetrznych\/\">Dodatkowe warunki i postanowienia dostawc\u00f3w zewn\u0119trznych<\/a><\/li><li><a href=\"https:\/\/isimarkets.com\/pl\/popros-o-demo-emis\/\">Popro\u015b o demo \u2013 EMIS<\/a><\/li><li><a href=\"https:\/\/isimarkets.com\/pl\/popros-o-demo-ceic\/\">Popro\u015b o demo - CEIC<\/a><\/li><li><a href=\"https:\/\/isimarkets.com\/pl\/popros-o-demo-redd\/\">Popro\u015b o demo \u2013 REDD<\/a><\/li><li><a href=\"https:\/\/isimarkets.com\/pl\/popros-o-demo-epfr\/\">Popro\u015b o demo - EPFR<\/a><\/li><li><a href=\"https:\/\/isimarkets.com\/pl\/popros-o-prezentacje-imoneynet\/\">Popro\u015b o prezentacj\u0119 - iMoneyNet<\/a><\/li><li><h2><a href=\"https:\/\/isimarkets.com\/pl\/firma-pl\/\">Firma<\/a><\/h2><ul><li><a href=\"https:\/\/isimarkets.com\/pl\/firma\">O nas<\/a><\/li><li><a href=\"https:\/\/isimarkets.com\/pl\/firma-pl\/nasz-zespol-kierowniczy-pl\/\">Nasz zesp\u00f3\u0142 kierowniczy<\/a><\/li><li><a href=\"https:\/\/isimarkets.com\/pl\/firma-pl\/esg-i-csr-pl\/\">ESG i CSR<\/a><\/li><li><a href=\"https:\/\/isimarkets.com\/pl\/firma-pl\/kariera-pl\/\">Kariera<\/a><\/li><li><a href=\"https:\/\/isimarkets.com\/pl\/firma-pl\/kontakt-pl\/\">Kontakt<\/a><\/li><li><a href=\"https:\/\/isimarkets.com\/pl\/firma-pl\/zapytania-prasowe-pl\/\">Zapytania prasowe<\/a><\/li><\/ul><\/li><li class=\"solutions\"><h2><span>Solutions<\/span><\/h2><ul><li><h3><span>Sector<\/span><\/h3><ul><li><a href=\"https:\/\/isimarkets.com\/pl\/solution\/ceic-dla-rzadu-pl\/\">CEIC dla rz\u0105du<\/a><\/li><li><a href=\"https:\/\/isimarkets.com\/pl\/solution\/banki-inwestycyjne-i-komercyjne-pl\/\">Banki inwestycyjne i komercyjne<\/a><\/li><li><a href=\"https:\/\/isimarkets.com\/pl\/solution\/akademia-ceic-pl\/\">Akademia CEIC<\/a><\/li><li><a href=\"https:\/\/isimarkets.com\/pl\/solution\/instytucje-akademickie-pl\/\">Instytucje akademickie<\/a><\/li><li><a href=\"https:\/\/isimarkets.com\/pl\/solution\/professional-services\/\">Us\u0142ugi profesjonalne EMIS<\/a><\/li><li><a href=\"https:\/\/isimarkets.com\/pl\/emis\/solution\/private-equity-ma\/\">Kapita\u0142 prywatny i fuzje i przej\u0119cia<\/a><\/li><li><a href=\"https:\/\/isimarkets.com\/pl\/solution\/government\/\">Rz\u0105d<\/a><\/li><li><a href=\"https:\/\/isimarkets.com\/pl\/emis\/solution\/financial-services\/\">Us\u0142ugi finansowe EMIS<\/a><\/li><li><a href=\"https:\/\/isimarkets.com\/pl\/solution\/kancelarie-prawne-pl\/\">Kancelarie prawne<\/a><\/li><li><a href=\"https:\/\/isimarkets.com\/pl\/solution\/firmy-doradcze-pl\/\">Firmy doradcze<\/a><\/li><li><a href=\"https:\/\/isimarkets.com\/pl\/solution\/strona-kupujaca-pl\/\">Strona kupuj\u0105ca<\/a><\/li><li><a href=\"https:\/\/isimarkets.com\/pl\/solution\/rzad-i-banki-centralne-pl\/\">Rz\u0105d i banki centralne<\/a><\/li><li><a href=\"https:\/\/isimarkets.com\/pl\/solution\/sellside-pl\/\">Sellside<\/a><\/li><li><a href=\"https:\/\/isimarkets.com\/pl\/solution\/corporates\/\">Korporacje<\/a><\/li><li><a href=\"https:\/\/isimarkets.com\/pl\/solution\/ceic-corporates-pl\/\">CEIC Corporates<\/a><\/li><li><a href=\"https:\/\/isimarkets.com\/pl\/solution\/ceic-buyside-pl\/\">CEIC Buyside<\/a><\/li><li><a href=\"https:\/\/isimarkets.com\/pl\/solution\/sellside-pl\/\">Sellside<\/a><\/li><li><a href=\"https:\/\/isimarkets.com\/pl\/solution\/redd-buyside-pl\/\">REDD Buyside<\/a><\/li><li><a href=\"https:\/\/isimarkets.com\/pl\/solution\/uslugi-profesjonalne-emis-pl\/towary-intel-pl\/\">Towary Intel<\/a><\/li><li><a href=\"https:\/\/isimarkets.com\/pl\/emis\/solution\/corporates\/\">Korporacje<\/a><\/li><li><a href=\"https:\/\/isimarkets.com\/pl\/solution\/uslugi-profesjonalne-pl\/\">Us\u0142ugi profesjonalne<\/a><\/li><li><a href=\"https:\/\/isimarkets.com\/pl\/solution\/strona-kupujaca-pl\/\">Strona kupuj\u0105ca<\/a><\/li><li><a href=\"https:\/\/isimarkets.com\/pl\/solution\/banki-inwestycyjne-i-komercyjne-pl\/\">Banki inwestycyjne i komercyjne<\/a><\/li><li><a href=\"https:\/\/isimarkets.com\/pl\/solution\/uslugi-profesjonalne-pl\/\">Us\u0142ugi profesjonalne<\/a><\/li><li><a href=\"https:\/\/isimarkets.com\/pl\/emis\/solution\/government\/\">Rz\u0105d<\/a><\/li><li><a href=\"https:\/\/isimarkets.com\/pl\/solution\/akademia-pl\/\">Akademia<\/a><\/li><\/ul><\/li><li><h3><span>Challenge<\/span><\/h3><ul><li><a href=\"https:\/\/isimarkets.com\/pl\/solution\/przyspiesz-badania-pl\/\">Przyspiesz badania<\/a><\/li><li><a href=\"https:\/\/isimarkets.com\/pl\/solution\/wczesne-wykrywanie-mozliwosci-na-rynkach-wschodzacych-pl\/\">Wczesne wykrywanie mo\u017cliwo\u015bci na rynkach wschodz\u0105cych<\/a><\/li><li><a href=\"https:\/\/isimarkets.com\/pl\/solution\/identyfikuj-trendy-makroekonomiczne-pl\/\">Identyfikuj trendy makroekonomiczne<\/a><\/li><li><a href=\"https:\/\/isimarkets.com\/pl\/solution\/strategiczne-informacje-branzowe-pl\/\">Strategiczne informacje bran\u017cowe<\/a><\/li><li><a href=\"https:\/\/isimarkets.com\/pl\/solution\/ulepsz-strategie-portfela-pl\/\">Ulepsz strategi\u0119 portfela<\/a><\/li><li><a href=\"https:\/\/isimarkets.com\/pl\/solution\/wzmocnij-decyzje-kredytowe-pl\/\">Wzmocnij decyzje kredytowe<\/a><\/li><li><a href=\"https:\/\/isimarkets.com\/pl\/solution\/zrodlo-fuzji-i-przejec-oraz-mozliwosci-kredytowych-pl\/\">Pozyskiwanie okazji M&amp;A &amp; kredytowych<\/a><\/li><\/ul><\/li><\/ul><\/li><li class=\"products\"><h2><span>Products<\/span><\/h2><ul><li><h3><a href=\"https:\/\/isimarkets.com\/pl\/product\/isi-pl\/\">ISI<\/a><\/h3><\/li><li><h3><a href=\"https:\/\/isimarkets.com\/pl\/product\/ceic-pl\/\">CEIC<\/a><\/h3><ul><li><a href=\"https:\/\/isimarkets.com\/pl\/product\/ceic-pl\/global-macro-pl\/\">Global Macro<\/a><\/li><li><a href=\"https:\/\/isimarkets.com\/pl\/product\/ceic-pl\/world-trend-plus-pl\/\">World Trend Plus<\/a><\/li><li><a href=\"https:\/\/isimarkets.com\/pl\/product\/ceic-pl\/asean-pl\/\">ASEAN<\/a><\/li><li><a href=\"https:\/\/isimarkets.com\/pl\/product\/ceic-pl\/brazylia-pl\/\">Brazylia<\/a><\/li><li><a href=\"https:\/\/isimarkets.com\/pl\/product\/ceic-pl\/chiny-pl\/\">Chiny<\/a><\/li><li><a href=\"https:\/\/isimarkets.com\/pl\/product\/ceic-pl\/indie-pl\/\">Indie<\/a><\/li><li><a href=\"https:\/\/isimarkets.com\/pl\/product\/ceic-pl\/rosja-pl\/\">Rosja<\/a><\/li><li><a href=\"https:\/\/isimarkets.com\/pl\/product\/ceic-pl\/wysoka-czestotliwosc-pl\/\">Wysoka cz\u0119stotliwo\u015b\u0107<\/a><\/li><\/ul><\/li><li><h3><a href=\"https:\/\/isimarkets.com\/pl\/product\/emis-pl\/\">EMIS<\/a><\/h3><ul><li><a href=\"https:\/\/isimarkets.com\/pl\/product\/emis\/wywiad-rynkowy-i-planowanie-strategiczne\/\">Analiza Rynku i Planowanie Strategiczne<\/a><\/li><li><a href=\"https:\/\/isimarkets.com\/pl\/product\/emis-pl\/\">Uczelnie i biblioteki akademickie<\/a><\/li><li><a href=\"https:\/\/isimarkets.com\/pl\/product\/emis\/badania-biznesowe\/\">Badania biznesowe<\/a><\/li><li><a href=\"https:\/\/isimarkets.com\/pl\/product\/emis\/ma-investment\/\">M&amp;A Investment<\/a><\/li><li><a href=\"https:\/\/isimarkets.com\/pl\/product\/emis\/credit-risk\/\">Credit &amp; Risk<\/a><\/li><li><a href=\"https:\/\/isimarkets.com\/pl\/product\/emis\/sprzedaz-i-marketing\/\">Sprzeda\u017c i marketing<\/a><\/li><li><a href=\"https:\/\/isimarkets.com\/pl\/product\/emis\/badania-naukowe\/\">Badania naukowe<\/a><\/li><\/ul><\/li><li><h3><a href=\"https:\/\/isimarkets.com\/pl\/product\/epfr-pl\/\">EPFR<\/a><\/h3><ul><li><a href=\"https:\/\/isimarkets.com\/pl\/product\/epfr-pl\/przeplywy-i-alokacje-funduszy-pl\/\">Przep\u0142ywy i alokacje funduszy<\/a><\/li><li><a href=\"https:\/\/isimarkets.com\/pl\/product\/epfr-pl\/poziom-bezpieczenstwa-pl\/\">Poziom bezpiecze\u0144stwa<\/a><\/li><li><a href=\"https:\/\/isimarkets.com\/pl\/product\/epfr-pl\/specjalistyczne-rozwiazania-pl\/\">Specjalistyczne rozwi\u0105zania<\/a><\/li><\/ul><\/li><li><h3><a href=\"https:\/\/isimarkets.com\/pl\/product\/redd-pl\/\">REDD<\/a><\/h3><ul><li><a href=\"https:\/\/isimarkets.com\/pl\/product\/redd-pl\/dlug-suwerenny-pl\/\">D\u0142ug suwerenny<\/a><\/li><li><a href=\"https:\/\/isimarkets.com\/pl\/product\/redd-pl\/dlug-korporacyjny-pl\/\">D\u0142ug korporacyjny<\/a><\/li><\/ul><\/li><li><h3><a href=\"https:\/\/isimarkets.com\/pl\/product\/imoneynet-pl\/\">iMoneyNet<\/a><\/h3><\/li><\/ul><\/li><li class=\"posts\"><h2><a href=\"https:\/\/isimarkets.com\/pl\/wiadomosci-i-spostrzezenia-pl\/\">Aktualno\u015bci i Analizy<\/a><\/h2><ul><li><h3>Categories<\/h3><ul><li><a href=\"\/news\/press-releases\/\">Press Releases<\/a><\/li><li><a href=\"\/news\/publications\/\">Publications<\/a><\/li><li><a href=\"\/news\/quants-corner\/\">Quants Corner<\/a><\/li><\/ul><\/li><li><h3>Topics<\/h3><ul><li><a href=\"\/news\/tag\/academic-research\/\">Academic Research<\/a><\/li><li><a href=\"\/news\/tag\/africa\/\">Africa<\/a><\/li><li><a href=\"\/news\/tag\/ai\/\">AI<\/a><\/li><li><a href=\"\/news\/tag\/aluminum\/\">Aluminum<\/a><\/li><li><a href=\"\/news\/tag\/asean\/\">ASEAN<\/a><\/li><li><a href=\"\/news\/tag\/asset-allocations\/\">Asset Allocations<\/a><\/li><li><a href=\"\/news\/tag\/awards\/\">Awards<\/a><\/li><li><a href=\"\/news\/tag\/banking\/\">Banking<\/a><\/li><li><a href=\"\/news\/tag\/bond-flows\/\">Bond Flows<\/a><\/li><li><a href=\"\/news\/tag\/bond-funds\/\">Bond Funds<\/a><\/li><li><a href=\"\/news\/tag\/brazil\/\">Brazil<\/a><\/li><li><a href=\"\/news\/tag\/business-research\/\">Business Research<\/a><\/li><li><a href=\"\/news\/tag\/central-banks\/\">Central Banks<\/a><\/li><li><a href=\"\/news\/tag\/china\/\">China<\/a><\/li><li><a href=\"\/news\/tag\/china-a-shares\/\">China A Shares<\/a><\/li><li><a href=\"\/news\/tag\/commodities\/\">Commodities<\/a><\/li><li><a href=\"\/news\/tag\/company-intelligence\/\">Company Intelligence<\/a><\/li><li><a href=\"\/news\/tag\/consumer\/\">Consumer<\/a><\/li><li><a href=\"\/news\/tag\/copper\/\">Copper<\/a><\/li><li><a href=\"\/news\/tag\/currency\/\">currency<\/a><\/li><li><a href=\"\/news\/tag\/daily-fund-flows\/\">Daily Fund Flows<\/a><\/li><li><a href=\"\/news\/tag\/defense\/\">defense<\/a><\/li><li><a href=\"\/news\/tag\/developed-markets\/\">Developed Markets<\/a><\/li><li><a href=\"\/news\/tag\/emerging-markets\/\">Emerging Markets<\/a><\/li><li><a href=\"\/news\/tag\/energy\/\">Energy<\/a><\/li><li><a href=\"\/news\/tag\/equity-fund-flows\/\">Equity Fund Flows<\/a><\/li><li><a href=\"\/news\/tag\/equity-funds\/\">Equity Funds<\/a><\/li><li><a href=\"\/news\/tag\/esg-fund-flows\/\">ESG Fund Flows<\/a><\/li><li><a href=\"\/news\/tag\/etf-fund-flows\/\">ETF Fund Flows<\/a><\/li><li><a href=\"\/news\/tag\/europe\/\">europe<\/a><\/li><li><a href=\"\/news\/tag\/financial-markets\/\">Financial Markets Data<\/a><\/li><li><a href=\"\/news\/tag\/fund-flows\/\">Fund Flows<\/a><\/li><li><a href=\"\/news\/tag\/gold\/\">Gold<\/a><\/li><li><a href=\"\/news\/tag\/health-pharma\/\">Health &amp; Pharma<\/a><\/li><li><a href=\"\/news\/tag\/india\/\">india<\/a><\/li><li><a href=\"\/news\/tag\/industry-research\/\">Industry Research<\/a><\/li><li><a href=\"\/news\/tag\/inflation\/\">Inflation<\/a><\/li><li><a href=\"\/news\/tag\/investor-sentiment\/\">Investor Sentiment<\/a><\/li><li><a href=\"\/news\/tag\/lng\/\">LNG<\/a><\/li><li><a href=\"\/news\/tag\/london\/\">London<\/a><\/li><li><a href=\"\/news\/tag\/m-and-a\/\">M&amp;A &amp; Investment<\/a><\/li><li><a href=\"\/news\/tag\/manufacturing\/\">Manufacturing<\/a><\/li><li><a href=\"\/news\/tag\/market-analysis\/\">Market Analysis<\/a><\/li><li><a href=\"\/news\/tag\/market-intelligence\/\">Market Intelligence<\/a><\/li><li><a href=\"\/news\/tag\/mergers-and-acquisitions\/\">Mergers and Acquisitions<\/a><\/li><li><a href=\"\/news\/tag\/money-market-fund-flows\/\">Money Market Fund Flows<\/a><\/li><li><a href=\"\/news\/tag\/mortgages\/\">mortgages<\/a><\/li><li><a href=\"\/news\/tag\/multimedia\/\">Multimedia<\/a><\/li><li><a href=\"\/news\/tag\/mutual-fund-flows\/\">Mutual Fund Flows<\/a><\/li><li><a href=\"\/news\/tag\/natural-gas\/\">natural gas<\/a><\/li><li><a href=\"\/news\/tag\/oil\/\">Oil<\/a><\/li><li><a href=\"\/news\/tag\/press-releases\/\">Press Releases<\/a><\/li><li><a href=\"\/news\/tag\/quantamental\/\">Quantamental<\/a><\/li><li><a href=\"\/news\/tag\/rare-earths\/\">Rare Earths<\/a><\/li><li><a href=\"\/news\/tag\/real-estate\/\">real estate<\/a><\/li><li><a href=\"\/news\/tag\/renewables\/\">renewables<\/a><\/li><li><a href=\"\/news\/tag\/retail-flows\/\">Retail Flows<\/a><\/li><li><a href=\"\/news\/tag\/sector-research\/\">Sector Research<\/a><\/li><li><a href=\"\/news\/tag\/sovereign-debt\/\">Sovereign Debt<\/a><\/li><li><a href=\"\/news\/tag\/sri\/\">SRI<\/a><\/li><li><a href=\"\/news\/tag\/technology\/\">Technology<\/a><\/li><li><a href=\"\/news\/tag\/technology-funds\/\">Technology Funds<\/a><\/li><li><a href=\"\/news\/tag\/top-deals\/\">Top Deals<\/a><\/li><li><a href=\"\/news\/tag\/transportation\/\">Transportation<\/a><\/li><\/ul><\/li><li><h3>Regions<\/h3><ul><li><a href=\"\/region\/africa\/\">Africa<\/a><\/li><li><a href=\"\/region\/asean\/\">ASEAN<\/a><\/li><li><a href=\"\/region\/brazil\/\">Brazil<\/a><\/li><li><a href=\"\/region\/cee\/\">CEE<\/a><\/li><li><a href=\"\/region\/ceemea\/\">CEEMEA<\/a><\/li><li><a href=\"\/region\/china-2\/\">China<\/a><\/li><li><a href=\"\/region\/china\/\">Chinese Mainland<\/a><\/li><li><a href=\"\/region\/colombia\/\">Colombia<\/a><\/li><li><a href=\"\/region\/emea\/\">EMEA<\/a><\/li><li><a href=\"\/region\/europe\/\">Europe<\/a><\/li><li><a href=\"\/region\/india\/\">India<\/a><\/li><li><a href=\"\/region\/japan\/\">Japan<\/a><\/li><li><a href=\"\/region\/latam\/\">LATAM<\/a><\/li><li><a href=\"\/region\/middle-east\/\">Middle East<\/a><\/li><li><a href=\"\/region\/poland\/\">Poland<\/a><\/li><li><a href=\"\/region\/us\/\">United States<\/a><\/li><\/ul><\/li><\/ul><\/li><li class=\"events\"><h2><a href=\"https:\/\/isimarkets.com\/pl\/events\/\">Events<\/a><\/h2><ul><li><h3>Future Events<\/h3><\/li><li><h3>Past Events<\/h3><\/li><li><h3>Topics<\/h3><ul><li><a href=\"\/events\/tag\/asean\/\">ASEAN<\/a><\/li><li><a href=\"\/events\/tag\/developed-markets\/\">Developed Markets<\/a><\/li><li><a href=\"\/events\/tag\/emerging-markets\/\">Emerging Markets<\/a><\/li><li><a href=\"\/events\/tag\/energy\/\">Energy<\/a><\/li><li><a href=\"\/events\/tag\/equity-fund-flows\/\">Equity Fund Flows<\/a><\/li><li><a href=\"\/events\/tag\/fintech\/\">Fintech<\/a><\/li><li><a href=\"\/events\/tag\/fund-flows\/\">Fund Flows<\/a><\/li><li><a href=\"\/events\/tag\/industry-trends\/\">Industry Trends<\/a><\/li><li><a href=\"\/events\/tag\/investor-sentiment\/\">Investor Sentiment<\/a><\/li><li><a href=\"\/events\/tag\/liquidity\/\">liquidity<\/a><\/li><li><a href=\"\/events\/tag\/municipals\/\">Municipals<\/a><\/li><\/ul><\/li><li><h3>Regions<\/h3><ul><li><a href=\"\/events\/region\/asean\/\">ASEAN<\/a><\/li><li><a href=\"\/events\/region\/brazil\/\">Brazil<\/a><\/li><li><a href=\"\/events\/region\/cee\/\">CEE<\/a><\/li><li><a href=\"\/events\/region\/europe\/\">Europe<\/a><\/li><li><a href=\"\/events\/region\/india\/\">India<\/a><\/li><li><a href=\"\/events\/region\/latam\/\">LATAM<\/a><\/li><li><a href=\"\/events\/region\/us\/\">United States<\/a><\/li><\/ul><\/li><\/ul><\/li><li><h2><a href=\"https:\/\/isimarkets.com\/pl\/zblizac-sie-pl\/\">Zbli\u017ca\u0107 si\u0119<\/a><\/h2><ul><li><a href=\"https:\/\/isimarkets.com\/pl\/zblizac-sie-pl\/dostarczanie-danych-pl\/\">Dostarczanie danych<\/a><\/li><li><a href=\"https:\/\/isimarkets.com\/pl\/zblizac-sie-pl\/jak-stosujemy-sztuczna-inteligencje-pl\/\">Jak stosujemy sztuczn\u0105 inteligencj\u0119<\/a><\/li><li><a href=\"https:\/\/isimarkets.com\/pl\/zblizac-sie-pl\/sukces-klienta-pl\/\">Sukces klienta<\/a><\/li><\/ul><\/li><li><a href=\"https:\/\/isimarkets.com\/pl\/popros-o-demo-pl\/\">Popro\u015b o demo<\/a><\/li><li><h2><a href=\"https:\/\/isimarkets.com\/pl\/biuletyn-pl\/\">Biuletyn<\/a><\/h2><ul><li><a href=\"https:\/\/isimarkets.com\/pl\/biuletyn-pl\/zapisz-sie-do-newslettera-ceic-pl\/\">Zapisz si\u0119 do newslettera CEIC<\/a><\/li><li><a href=\"https:\/\/isimarkets.com\/pl\/biuletyn\/zapisz-sie-do-newslettera-emis\/\">Zapisz si\u0119 na newsletter EMIS<\/a><\/li><li><a href=\"https:\/\/isimarkets.com\/pl\/biuletyn-pl\/zapisz-sie-do-newslettera-epfr-pl\/\">Zapisz si\u0119 do newslettera EPFR<\/a><\/li><\/ul><\/li><li><a href=\"https:\/\/isimarkets.com\/pl\/warunki-korzystania-z-serwisu-pl\/\">Warunki korzystania z serwisu<\/a><\/li><li><a href=\"https:\/\/isimarkets.com\/pl\/polityka-prywatnosci-pl\/\">Polityka prywatno\u015bci<\/a><\/li><li><a href=\"https:\/\/isimarkets.com\/pl\/polityka-plikow-cookie-pl\/\">Polityka plik\u00f3w cookie<\/a><\/li><li><a href=\"https:\/\/isimarkets.com\/pl\/mapa-witryny-pl\/\">Mapa witryny<\/a><\/li><li><a href=\"https:\/\/isimarkets.com\/pl\/logowanie-redd-pl\/\">Logowanie REDD<\/a><\/li><li><a href=\"https:\/\/isimarkets.com\/pl\/logowanie-do-imoneynet-pl\/\">Logowanie do iMoneyNet<\/a><\/li><li><a href=\"https:\/\/isimarkets.com\/pl\/strona-nie-znaleziona-pl\/\">Strona nie znaleziona<\/a><\/li><\/ul><\/div><\/div><\/div><\/section><\/div>","protected":false},"excerpt":{"rendered":"<p>HomeMapa witrynyStrona g\u0142\u00f3wnaDodatkowe warunki i postanowienia dostawc\u00f3w zewn\u0119trznychPopro\u015b o demo \u2013 EMISPopro\u015b o demo &#8211; CEICPopro\u015b o demo \u2013 REDDPopro\u015b o demo &#8211; EPFRPopro\u015b o prezentacj\u0119 &#8211; iMoneyNetFirmaO nasNasz zesp\u00f3\u0142 kierowniczyESG i CSRKarieraKontaktZapytania prasoweSolutionsSectorCEIC dla rz\u0105duBanki inwestycyjne i komercyjneAkademia CEICInstytucje akademickieUs\u0142ugi profesjonalne EMISKapita\u0142 prywatny i fuzje i przej\u0119ciaRz\u0105dUs\u0142ugi finansowe EMISKancelarie prawneFirmy doradczeStrona kupuj\u0105caRz\u0105d i banki centralneSellsideKorporacjeCEIC CorporatesCEIC BuysideSellsideREDD BuysideTowary IntelKorporacjeUs\u0142ugi&hellip;<\/p>\n","protected":false},"author":1,"featured_media":0,"parent":0,"menu_order":95,"comment_status":"closed","ping_status":"closed","template":"template-blank-4.php","meta":{"content-type":"","cpa_authors":[],"cpa_override_default":false,"footnotes":""},"class_list":["post-5177","page","type-page","status-publish","hentry","no-post-thumbnail"],"yoast_head":"<!-- This site is optimized with the Yoast SEO plugin v27.4 - https:\/\/yoast.com\/product\/yoast-seo-wordpress\/ -->\n<title>Mapa witryny - ISI<\/title>\n<meta name=\"robots\" content=\"index, follow, max-snippet:-1, max-image-preview:large, max-video-preview:-1\" \/>\n<link rel=\"canonical\" href=\"https:\/\/isimarkets.com\/pl\/mapa-witryny-pl\/\" \/>\n<meta property=\"og:locale\" content=\"pl_PL\" \/>\n<meta property=\"og:type\" content=\"article\" \/>\n<meta property=\"og:title\" content=\"Mapa witryny - ISI\" \/>\n<meta property=\"og:description\" content=\"HomeMapa witrynyStrona g\u0142\u00f3wnaDodatkowe warunki i postanowienia dostawc\u00f3w zewn\u0119trznychPopro\u015b o demo \u2013 EMISPopro\u015b o demo - CEICPopro\u015b o demo \u2013 REDDPopro\u015b o demo - EPFRPopro\u015b o prezentacj\u0119 - iMoneyNetFirmaO nasNasz zesp\u00f3\u0142 kierowniczyESG i CSRKarieraKontaktZapytania prasoweSolutionsSectorCEIC dla rz\u0105duBanki inwestycyjne i komercyjneAkademia CEICInstytucje akademickieUs\u0142ugi profesjonalne EMISKapita\u0142 prywatny i fuzje i przej\u0119ciaRz\u0105dUs\u0142ugi finansowe EMISKancelarie prawneFirmy doradczeStrona kupuj\u0105caRz\u0105d i banki centralneSellsideKorporacjeCEIC CorporatesCEIC BuysideSellsideREDD BuysideTowary IntelKorporacjeUs\u0142ugi&hellip;\" \/>\n<meta property=\"og:url\" content=\"https:\/\/isimarkets.com\/pl\/mapa-witryny-pl\/\" \/>\n<meta property=\"og:site_name\" content=\"ISI\" \/>\n<meta property=\"article:modified_time\" content=\"2026-03-18T23:27:30+00:00\" \/>\n<meta name=\"twitter:card\" content=\"summary_large_image\" \/>\n<script type=\"application\/ld+json\" class=\"yoast-schema-graph\">{\"@context\":\"https:\\\/\\\/schema.org\",\"@graph\":[{\"@type\":\"WebPage\",\"@id\":\"https:\\\/\\\/isimarkets.com\\\/pl\\\/mapa-witryny-pl\\\/\",\"url\":\"https:\\\/\\\/isimarkets.com\\\/pl\\\/mapa-witryny-pl\\\/\",\"name\":\"Mapa witryny - ISI\",\"isPartOf\":{\"@id\":\"https:\\\/\\\/isimarkets.com\\\/pl\\\/#website\"},\"datePublished\":\"2026-01-23T14:31:23+00:00\",\"dateModified\":\"2026-03-18T23:27:30+00:00\",\"breadcrumb\":{\"@id\":\"https:\\\/\\\/isimarkets.com\\\/pl\\\/mapa-witryny-pl\\\/#breadcrumb\"},\"inLanguage\":\"pl-PL\",\"potentialAction\":[{\"@type\":\"ReadAction\",\"target\":[\"https:\\\/\\\/isimarkets.com\\\/pl\\\/mapa-witryny-pl\\\/\"]}]},{\"@type\":\"BreadcrumbList\",\"@id\":\"https:\\\/\\\/isimarkets.com\\\/pl\\\/mapa-witryny-pl\\\/#breadcrumb\",\"itemListElement\":[{\"@type\":\"ListItem\",\"position\":1,\"name\":\"Home\",\"item\":\"https:\\\/\\\/isimarkets.com\\\/pl\\\/\"},{\"@type\":\"ListItem\",\"position\":2,\"name\":\"Mapa witryny\"}]},{\"@type\":\"WebSite\",\"@id\":\"https:\\\/\\\/isimarkets.com\\\/pl\\\/#website\",\"url\":\"https:\\\/\\\/isimarkets.com\\\/pl\\\/\",\"name\":\"ISI\",\"description\":\"Global Market Intelligence Platform\",\"potentialAction\":[{\"@type\":\"SearchAction\",\"target\":{\"@type\":\"EntryPoint\",\"urlTemplate\":\"https:\\\/\\\/isimarkets.com\\\/pl\\\/?s={search_term_string}\"},\"query-input\":{\"@type\":\"PropertyValueSpecification\",\"valueRequired\":true,\"valueName\":\"search_term_string\"}}],\"inLanguage\":\"pl-PL\"}]}<\/script>\n<!-- \/ Yoast SEO plugin. -->","yoast_head_json":{"title":"Mapa witryny - ISI","robots":{"index":"index","follow":"follow","max-snippet":"max-snippet:-1","max-image-preview":"max-image-preview:large","max-video-preview":"max-video-preview:-1"},"canonical":"https:\/\/isimarkets.com\/pl\/mapa-witryny-pl\/","og_locale":"pl_PL","og_type":"article","og_title":"Mapa witryny - ISI","og_description":"HomeMapa witrynyStrona g\u0142\u00f3wnaDodatkowe warunki i postanowienia dostawc\u00f3w zewn\u0119trznychPopro\u015b o demo \u2013 EMISPopro\u015b o demo - CEICPopro\u015b o demo \u2013 REDDPopro\u015b o demo - EPFRPopro\u015b o prezentacj\u0119 - iMoneyNetFirmaO nasNasz zesp\u00f3\u0142 kierowniczyESG i CSRKarieraKontaktZapytania prasoweSolutionsSectorCEIC dla rz\u0105duBanki inwestycyjne i komercyjneAkademia CEICInstytucje akademickieUs\u0142ugi profesjonalne EMISKapita\u0142 prywatny i fuzje i przej\u0119ciaRz\u0105dUs\u0142ugi finansowe EMISKancelarie prawneFirmy doradczeStrona kupuj\u0105caRz\u0105d i banki centralneSellsideKorporacjeCEIC CorporatesCEIC BuysideSellsideREDD BuysideTowary IntelKorporacjeUs\u0142ugi&hellip;","og_url":"https:\/\/isimarkets.com\/pl\/mapa-witryny-pl\/","og_site_name":"ISI","article_modified_time":"2026-03-18T23:27:30+00:00","twitter_card":"summary_large_image","schema":{"@context":"https:\/\/schema.org","@graph":[{"@type":"WebPage","@id":"https:\/\/isimarkets.com\/pl\/mapa-witryny-pl\/","url":"https:\/\/isimarkets.com\/pl\/mapa-witryny-pl\/","name":"Mapa witryny - ISI","isPartOf":{"@id":"https:\/\/isimarkets.com\/pl\/#website"},"datePublished":"2026-01-23T14:31:23+00:00","dateModified":"2026-03-18T23:27:30+00:00","breadcrumb":{"@id":"https:\/\/isimarkets.com\/pl\/mapa-witryny-pl\/#breadcrumb"},"inLanguage":"pl-PL","potentialAction":[{"@type":"ReadAction","target":["https:\/\/isimarkets.com\/pl\/mapa-witryny-pl\/"]}]},{"@type":"BreadcrumbList","@id":"https:\/\/isimarkets.com\/pl\/mapa-witryny-pl\/#breadcrumb","itemListElement":[{"@type":"ListItem","position":1,"name":"Home","item":"https:\/\/isimarkets.com\/pl\/"},{"@type":"ListItem","position":2,"name":"Mapa witryny"}]},{"@type":"WebSite","@id":"https:\/\/isimarkets.com\/pl\/#website","url":"https:\/\/isimarkets.com\/pl\/","name":"ISI","description":"Global Market Intelligence Platform","potentialAction":[{"@type":"SearchAction","target":{"@type":"EntryPoint","urlTemplate":"https:\/\/isimarkets.com\/pl\/?s={search_term_string}"},"query-input":{"@type":"PropertyValueSpecification","valueRequired":true,"valueName":"search_term_string"}}],"inLanguage":"pl-PL"}]}},"_links":{"self":[{"href":"https:\/\/isimarkets.com\/pl\/wp-json\/wp\/v2\/pages\/5177","targetHints":{"allow":["GET"]}}],"collection":[{"href":"https:\/\/isimarkets.com\/pl\/wp-json\/wp\/v2\/pages"}],"about":[{"href":"https:\/\/isimarkets.com\/pl\/wp-json\/wp\/v2\/types\/page"}],"author":[{"embeddable":true,"href":"https:\/\/isimarkets.com\/pl\/wp-json\/wp\/v2\/users\/1"}],"replies":[{"embeddable":true,"href":"https:\/\/isimarkets.com\/pl\/wp-json\/wp\/v2\/comments?post=5177"}],"version-history":[{"count":0,"href":"https:\/\/isimarkets.com\/pl\/wp-json\/wp\/v2\/pages\/5177\/revisions"}],"wp:attachment":[{"href":"https:\/\/isimarkets.com\/pl\/wp-json\/wp\/v2\/media?parent=5177"}],"curies":[{"name":"wp","href":"https:\/\/api.w.org\/{rel}","templated":true}]}}