{"id":5225,"date":"2026-03-05T17:58:39","date_gmt":"2026-03-05T17:58:39","guid":{"rendered":"https:\/\/isimarkets.com\/?p=5225"},"modified":"2026-04-15T13:02:11","modified_gmt":"2026-04-15T12:02:11","slug":"zapisz-sie-do-newslettera-emis-pl","status":"publish","type":"page","link":"https:\/\/isimarkets.com\/pl\/biuletyn\/zapisz-sie-do-newslettera-emis\/","title":{"rendered":"Zapisz si\u0119 na newsletter EMIS"},"content":{"rendered":"<div id=\"cs-content\" class=\"cs-content\"><section class=\"x-section e5225-e1 m415-0 title-content\" id=\"title-content\"><div class=\"x-row e5225-e2 m415-1 m415-2\"><div class=\"x-row-inner\"><div class=\"x-col e5225-e3 m415-3 accent\"><div class=\"x-text x-content e5225-e4 m415-4\"><h1><svg xmlns=\"http:\/\/www.w3.org\/2000\/svg\" fill=\"none\" viewBox=\"0 0 204 48\" class=\"isi-logo svg-emis\">\t<g class=\"isi-motif\" fill=\"#ff5215\">\t\t<path d=\"M49.909 21.72c-4.432-2.198-9.662-2.831-14.727-3.398-11.994-1.399-13.093-3.565-13.093-7.296H11.06c0 7.296 2.932 12.027 8.996 15.06 4.43 2.198 9.662 2.831 14.726 3.397 11.994 1.4 13.093 3.565 13.093 7.297h11.028c0-7.297-2.932-12.028-8.996-15.06\"\/>\t\t<path d=\"M44.178 0H22.09v11.028h33.117zM11.061 11.128 11.028 0H0v47.843h11.028zM69.897 0H58.869v47.843h11.028zM14.726 36.782l11.028 11.06h22.089v-11.06z\"\/>\t<\/g>\t<path fill=\"currentColor\" d=\"M92.052 40.48V7.395h22.523v6.396H99.282v6.764h13.127v6.363H99.282v7.163h15.293v6.397zm55.174-21.69h-.134l-2.432 4.832-6.43 11.694-6.297-11.66-2.499-5.232h-.133v22.023h-6.763V7.363h7.629l8.096 15.493h.1l7.996-15.493h7.663v33.084h-6.763v-21.69zm15.161-11.394h7.196v33.083h-7.196zm13.924 28.286 4.731-4.798c2.232 2.499 5.064 3.798 8.295 3.798 3.499 0 5.231-1.566 5.231-3.965 0-1.799-.766-3.131-3.831-3.564l-3.265-.434c-6.964-.9-10.129-4.297-10.129-9.861 0-5.93 4.631-10.062 12.428-10.062 4.964 0 8.762 1.666 11.461 4.63l-4.798 4.832c-1.566-1.833-3.698-3.132-7.097-3.132-3.231 0-4.797 1.233-4.797 3.232 0 2.265 1.199 3.132 3.931 3.565l3.265.533c6.764 1.1 10.062 4.131 10.062 9.795 0 6.363-4.631 10.761-12.894 10.761-5.797 0-9.728-2.232-12.56-5.364z\"\/><\/svg>\n<\/h1>\n<h2><mark>B\u0105d\u017a na bie\u017c\u0105co dzi\u0119ki wyselekcjonowanym, najnowszym wiadomo\u015bciom bran\u017cowym<\/mark><\/h2>\n<p>Uzyskaj dost\u0119p do danych, na kt\u00f3rych ka\u017cdego dnia polegaj\u0105 tysi\u0105ce profesjonalist\u00f3w, aby podejmowa\u0107 \u015bwiadome decyzje.<\/p>\n<p>Ka\u017cdego dnia EMIS publikuje ponad 100 000 artyku\u0142\u00f3w informacyjnych. Teraz mo\u017cesz cieszy\u0107 si\u0119 ekskluzywnym i bezp\u0142atnym dost\u0119pem do naszej profesjonalnie wyselekcjonowanej us\u0142ugi wiadomo\u015bci bran\u017cowych. Otrzymuj najnowsze, najbardziej trafne aktualizacje bran\u017cowe prosto do swojej skrzynki odbiorczej z naszej platformy EMIS Next.  <\/p>\n<p>B\u0105d\u017a na bie\u017c\u0105co z informacjami, kt\u00f3re maj\u0105 znaczenie:<\/p>\n\n<ul>\n \t<li>Wybierz swoj\u0105 bran\u017c\u0119, aby otrzymywa\u0107 najnowsze wiadomo\u015bci, kt\u00f3re Ci\u0119 interesuj\u0105.<\/li>\n \t<li>Wyselekcjonowane przez nasz zesp\u00f3\u0142 redakcyjny, aby zaoszcz\u0119dzi\u0107 Tw\u00f3j czas i pom\u00f3c Ci wyprzedzi\u0107 konkurencj\u0119.<\/li>\n \t<li>Otrzymuj cotygodniowe newslettery zawieraj\u0105ce wybrane wiadomo\u015bci z EMIS Next dzi\u0119ki naszemu Cotygodniowemu Przegl\u0105dowi Wiadomo\u015bci Bran\u017cowych.<\/li>\n<\/ul>\n<p>Chcesz uzyska\u0107 bardziej szczeg\u00f3\u0142owe dane, raporty i ekskluzywne informacje rynkowe? Przejd\u017a na dost\u0119p premium <span style=\"text-decoration: underline;\"><a href=\"https:\/\/info.isimarkets.com\/emis-request-demo-industry-newsletter\">tutaj<\/a><\/span>. <\/p><\/div><\/div><div class=\"x-col e5225-e5 m415-3 content\"><div class=\"form-area\"><div id=\"hubspot-form-69e942d53d7ff\" class=\"hubspot-form-auto\" data-region=\"eu1\" data-portal-id=\"145094632\" data-form-id=\"1811989a-78f0-4d8e-a7f2-1711b279e861\"><\/div><\/div><\/div><\/div><\/div><\/section><\/div>","protected":false},"excerpt":{"rendered":"<p>B\u0105d\u017a na bie\u017c\u0105co dzi\u0119ki wyselekcjonowanym, najnowszym wiadomo\u015bciom bran\u017cowym Uzyskaj dost\u0119p do danych, na kt\u00f3rych ka\u017cdego dnia polegaj\u0105 tysi\u0105ce profesjonalist\u00f3w, aby podejmowa\u0107 \u015bwiadome decyzje. Ka\u017cdego dnia EMIS publikuje ponad 100 000 artyku\u0142\u00f3w informacyjnych. Teraz mo\u017cesz cieszy\u0107 si\u0119 ekskluzywnym i bezp\u0142atnym dost\u0119pem do naszej profesjonalnie wyselekcjonowanej us\u0142ugi wiadomo\u015bci bran\u017cowych. Otrzymuj najnowsze, najbardziej trafne aktualizacje bran\u017cowe prosto do swojej skrzynki odbiorczej z naszej&hellip;<\/p>\n","protected":false},"author":10,"featured_media":0,"parent":5195,"menu_order":2,"comment_status":"closed","ping_status":"closed","template":"template-blank-4.php","meta":{"content-type":"","cpa_authors":[],"cpa_override_default":false,"footnotes":""},"class_list":["post-5225","page","type-page","status-publish","hentry","no-post-thumbnail"],"yoast_head":"<!-- This site is optimized with the Yoast SEO plugin v27.4 - https:\/\/yoast.com\/product\/yoast-seo-wordpress\/ -->\n<title>Zapisz si\u0119 na newsletter EMIS - ISI<\/title>\n<meta name=\"robots\" content=\"index, follow, max-snippet:-1, max-image-preview:large, max-video-preview:-1\" \/>\n<link rel=\"canonical\" href=\"https:\/\/isimarkets.com\/pl\/biuletyn\/zapisz-sie-do-newslettera-emis\/\" \/>\n<meta property=\"og:locale\" content=\"pl_PL\" \/>\n<meta property=\"og:type\" content=\"article\" \/>\n<meta property=\"og:title\" content=\"Zapisz si\u0119 na newsletter EMIS - ISI\" \/>\n<meta property=\"og:description\" content=\"B\u0105d\u017a na bie\u017c\u0105co dzi\u0119ki wyselekcjonowanym, najnowszym wiadomo\u015bciom bran\u017cowym Uzyskaj dost\u0119p do danych, na kt\u00f3rych ka\u017cdego dnia polegaj\u0105 tysi\u0105ce profesjonalist\u00f3w, aby podejmowa\u0107 \u015bwiadome decyzje. Ka\u017cdego dnia EMIS publikuje ponad 100 000 artyku\u0142\u00f3w informacyjnych. Teraz mo\u017cesz cieszy\u0107 si\u0119 ekskluzywnym i bezp\u0142atnym dost\u0119pem do naszej profesjonalnie wyselekcjonowanej us\u0142ugi wiadomo\u015bci bran\u017cowych. Otrzymuj najnowsze, najbardziej trafne aktualizacje bran\u017cowe prosto do swojej skrzynki odbiorczej z naszej&hellip;\" \/>\n<meta property=\"og:url\" content=\"https:\/\/isimarkets.com\/pl\/biuletyn\/zapisz-sie-do-newslettera-emis\/\" \/>\n<meta property=\"og:site_name\" content=\"ISI\" \/>\n<meta property=\"article:modified_time\" content=\"2026-04-15T12:02:11+00:00\" \/>\n<meta name=\"twitter:card\" content=\"summary_large_image\" \/>\n<meta name=\"twitter:label1\" content=\"Szacowany czas czytania\" \/>\n\t<meta name=\"twitter:data1\" content=\"2 minuty\" \/>\n<script type=\"application\/ld+json\" class=\"yoast-schema-graph\">{\"@context\":\"https:\\\/\\\/schema.org\",\"@graph\":[{\"@type\":\"WebPage\",\"@id\":\"https:\\\/\\\/isimarkets.com\\\/pl\\\/biuletyn\\\/zapisz-sie-do-newslettera-emis\\\/\",\"url\":\"https:\\\/\\\/isimarkets.com\\\/pl\\\/biuletyn\\\/zapisz-sie-do-newslettera-emis\\\/\",\"name\":\"Zapisz si\u0119 na newsletter EMIS - ISI\",\"isPartOf\":{\"@id\":\"https:\\\/\\\/isimarkets.com\\\/pl\\\/#website\"},\"datePublished\":\"2026-03-05T17:58:39+00:00\",\"dateModified\":\"2026-04-15T12:02:11+00:00\",\"breadcrumb\":{\"@id\":\"https:\\\/\\\/isimarkets.com\\\/pl\\\/biuletyn\\\/zapisz-sie-do-newslettera-emis\\\/#breadcrumb\"},\"inLanguage\":\"pl-PL\",\"potentialAction\":[{\"@type\":\"ReadAction\",\"target\":[\"https:\\\/\\\/isimarkets.com\\\/pl\\\/biuletyn\\\/zapisz-sie-do-newslettera-emis\\\/\"]}]},{\"@type\":\"BreadcrumbList\",\"@id\":\"https:\\\/\\\/isimarkets.com\\\/pl\\\/biuletyn\\\/zapisz-sie-do-newslettera-emis\\\/#breadcrumb\",\"itemListElement\":[{\"@type\":\"ListItem\",\"position\":1,\"name\":\"Home\",\"item\":\"https:\\\/\\\/isimarkets.com\\\/pl\\\/\"},{\"@type\":\"ListItem\",\"position\":2,\"name\":\"Biuletyn\",\"item\":\"https:\\\/\\\/isimarkets.com\\\/pl\\\/newsletter\\\/\"},{\"@type\":\"ListItem\",\"position\":3,\"name\":\"Zapisz si\u0119 na newsletter EMIS\"}]},{\"@type\":\"WebSite\",\"@id\":\"https:\\\/\\\/isimarkets.com\\\/pl\\\/#website\",\"url\":\"https:\\\/\\\/isimarkets.com\\\/pl\\\/\",\"name\":\"ISI\",\"description\":\"Global Market Intelligence Platform\",\"potentialAction\":[{\"@type\":\"SearchAction\",\"target\":{\"@type\":\"EntryPoint\",\"urlTemplate\":\"https:\\\/\\\/isimarkets.com\\\/pl\\\/?s={search_term_string}\"},\"query-input\":{\"@type\":\"PropertyValueSpecification\",\"valueRequired\":true,\"valueName\":\"search_term_string\"}}],\"inLanguage\":\"pl-PL\"}]}<\/script>\n<!-- \/ Yoast SEO plugin. -->","yoast_head_json":{"title":"Zapisz si\u0119 na newsletter EMIS - ISI","robots":{"index":"index","follow":"follow","max-snippet":"max-snippet:-1","max-image-preview":"max-image-preview:large","max-video-preview":"max-video-preview:-1"},"canonical":"https:\/\/isimarkets.com\/pl\/biuletyn\/zapisz-sie-do-newslettera-emis\/","og_locale":"pl_PL","og_type":"article","og_title":"Zapisz si\u0119 na newsletter EMIS - ISI","og_description":"B\u0105d\u017a na bie\u017c\u0105co dzi\u0119ki wyselekcjonowanym, najnowszym wiadomo\u015bciom bran\u017cowym Uzyskaj dost\u0119p do danych, na kt\u00f3rych ka\u017cdego dnia polegaj\u0105 tysi\u0105ce profesjonalist\u00f3w, aby podejmowa\u0107 \u015bwiadome decyzje. Ka\u017cdego dnia EMIS publikuje ponad 100 000 artyku\u0142\u00f3w informacyjnych. Teraz mo\u017cesz cieszy\u0107 si\u0119 ekskluzywnym i bezp\u0142atnym dost\u0119pem do naszej profesjonalnie wyselekcjonowanej us\u0142ugi wiadomo\u015bci bran\u017cowych. Otrzymuj najnowsze, najbardziej trafne aktualizacje bran\u017cowe prosto do swojej skrzynki odbiorczej z naszej&hellip;","og_url":"https:\/\/isimarkets.com\/pl\/biuletyn\/zapisz-sie-do-newslettera-emis\/","og_site_name":"ISI","article_modified_time":"2026-04-15T12:02:11+00:00","twitter_card":"summary_large_image","twitter_misc":{"Szacowany czas czytania":"2 minuty"},"schema":{"@context":"https:\/\/schema.org","@graph":[{"@type":"WebPage","@id":"https:\/\/isimarkets.com\/pl\/biuletyn\/zapisz-sie-do-newslettera-emis\/","url":"https:\/\/isimarkets.com\/pl\/biuletyn\/zapisz-sie-do-newslettera-emis\/","name":"Zapisz si\u0119 na newsletter EMIS - ISI","isPartOf":{"@id":"https:\/\/isimarkets.com\/pl\/#website"},"datePublished":"2026-03-05T17:58:39+00:00","dateModified":"2026-04-15T12:02:11+00:00","breadcrumb":{"@id":"https:\/\/isimarkets.com\/pl\/biuletyn\/zapisz-sie-do-newslettera-emis\/#breadcrumb"},"inLanguage":"pl-PL","potentialAction":[{"@type":"ReadAction","target":["https:\/\/isimarkets.com\/pl\/biuletyn\/zapisz-sie-do-newslettera-emis\/"]}]},{"@type":"BreadcrumbList","@id":"https:\/\/isimarkets.com\/pl\/biuletyn\/zapisz-sie-do-newslettera-emis\/#breadcrumb","itemListElement":[{"@type":"ListItem","position":1,"name":"Home","item":"https:\/\/isimarkets.com\/pl\/"},{"@type":"ListItem","position":2,"name":"Biuletyn","item":"https:\/\/isimarkets.com\/pl\/newsletter\/"},{"@type":"ListItem","position":3,"name":"Zapisz si\u0119 na newsletter EMIS"}]},{"@type":"WebSite","@id":"https:\/\/isimarkets.com\/pl\/#website","url":"https:\/\/isimarkets.com\/pl\/","name":"ISI","description":"Global Market Intelligence Platform","potentialAction":[{"@type":"SearchAction","target":{"@type":"EntryPoint","urlTemplate":"https:\/\/isimarkets.com\/pl\/?s={search_term_string}"},"query-input":{"@type":"PropertyValueSpecification","valueRequired":true,"valueName":"search_term_string"}}],"inLanguage":"pl-PL"}]}},"_links":{"self":[{"href":"https:\/\/isimarkets.com\/pl\/wp-json\/wp\/v2\/pages\/5225","targetHints":{"allow":["GET"]}}],"collection":[{"href":"https:\/\/isimarkets.com\/pl\/wp-json\/wp\/v2\/pages"}],"about":[{"href":"https:\/\/isimarkets.com\/pl\/wp-json\/wp\/v2\/types\/page"}],"author":[{"embeddable":true,"href":"https:\/\/isimarkets.com\/pl\/wp-json\/wp\/v2\/users\/10"}],"replies":[{"embeddable":true,"href":"https:\/\/isimarkets.com\/pl\/wp-json\/wp\/v2\/comments?post=5225"}],"version-history":[{"count":2,"href":"https:\/\/isimarkets.com\/pl\/wp-json\/wp\/v2\/pages\/5225\/revisions"}],"predecessor-version":[{"id":6781,"href":"https:\/\/isimarkets.com\/pl\/wp-json\/wp\/v2\/pages\/5225\/revisions\/6781"}],"up":[{"embeddable":true,"href":"https:\/\/isimarkets.com\/pl\/wp-json\/wp\/v2\/pages\/5195"}],"wp:attachment":[{"href":"https:\/\/isimarkets.com\/pl\/wp-json\/wp\/v2\/media?parent=5225"}],"curies":[{"name":"wp","href":"https:\/\/api.w.org\/{rel}","templated":true}]}}