{"id":6734,"date":"2026-04-01T10:47:49","date_gmt":"2026-04-01T09:47:49","guid":{"rendered":"https:\/\/isimarkets.com\/dodatkowe-warunki-i-postanowienia-dostawcow-zewnetrznych\/"},"modified":"2026-04-10T15:25:00","modified_gmt":"2026-04-10T14:25:00","slug":"dodatkowe-warunki-i-postanowienia-dostawcow-zewnetrznych","status":"publish","type":"page","link":"https:\/\/isimarkets.com\/pl\/dodatkowe-warunki-i-postanowienia-dostawcow-zewnetrznych\/","title":{"rendered":"Dodatkowe warunki i postanowienia dostawc\u00f3w zewn\u0119trznych"},"content":{"rendered":"\n<p>Opr\u00f3cz dozwolonego u\u017cytkowania i ogranicze\u0144 okre\u015blonych w Umowach zawartych z ISI Markets, wybrani dostawcy zewn\u0119trzni posiadaj\u0105 dodatkowe warunki i postanowienia (\u201eWarunki\u201d), kt\u00f3re reguluj\u0105 korzystanie z ich danych zawartych w Licencjonowanych Produktach Subskrypcyjnych. Niniejsze Warunki zast\u0119puj\u0105 warunki i postanowienia zawarte w Umowach. <\/p>\n\n<p>Klasyfikacje zosta\u0142y w wi\u0119kszo\u015bci przypadk\u00f3w ukszta\u0142towane przez dodatkowe informacje i wyja\u015bnienia dostarczone przez dostawc\u00f3w zewn\u0119trznych. Dostawcy zewn\u0119trzni z dodatkowymi warunkami i postanowieniami s\u0105 wymienieni poni\u017cej: <\/p>\n\n<ul class=\"wp-block-list\">\n<li><strong>GFI Group<\/strong><\/li>\n\n\n\n<li><strong>MSCI<\/strong><\/li>\n<\/ul>\n\n<p><strong>Pe\u0142ne warunki od dostawc\u00f3w zewn\u0119trznych GFI Group<\/strong><\/p>\n\n<p><strong>GFI Group<\/strong><\/p>\n\n<p>Klienci, kt\u00f3rych Licencjonowany Produkt(-y) Subskrypcyjny(-e) obejmuje(-\u0105) Dane GFI:<\/p>\n\n<p>(i) mog\u0105 wykorzystywa\u0107 Dane wy\u0142\u0105cznie do cel\u00f3w wewn\u0119trznych, ale zabrania si\u0119 im jakiejkolwiek zewn\u0119trznej dystrybucji Danych;<\/p>\n\n<p>(iii) zezwalaj\u0105 ISI Markets na natychmiastowe zaprzestanie dystrybucji Danych po otrzymaniu pisemnego powiadomienia; oraz<\/p>\n\n<p>(iv) b\u0119d\u0105 przestrzega\u0107 wszelkich ogranicze\u0144 i wymaga\u0144, kt\u00f3re mog\u0105 by\u0107 na\u0142o\u017cone przez GFI od czasu do czasu.<\/p>\n\n<ol class=\"wp-block-list\"><\/ol>\n\n<p><strong>MSCI<\/strong><\/p>\n\n<p>Klienci, kt\u00f3rych Licencjonowany Produkt(-y) Subskrypcyjny(-e) obejmuje(-\u0105) Dane MSCI;<\/p>\n\n<p>(i) mog\u0105 wykorzystywa\u0107 Dane wy\u0142\u0105cznie do cel\u00f3w wewn\u0119trznych i nie b\u0119d\u0105 redystrybuowa\u0107 Danych w \u017cadnej formie ani w \u017caden spos\u00f3b \u017cadnym stronom trzecim;<\/p>\n\n<p>(ii) o\u015bwiadczaj\u0105, \u017ce nie b\u0119d\u0105 wykorzystywa\u0107 ani zezwala\u0107 nikomu innemu na wykorzystywanie Danych w zwi\u0105zku z tworzeniem, zarz\u0105dzaniem, doradzaniem, pisaniem, obrotem, marketingiem lub promocj\u0105 jakichkolwiek papier\u00f3w warto\u015bciowych lub instrument\u00f3w finansowych lub produkt\u00f3w, w tym, ale nie wy\u0142\u0105cznie, funduszy, syntetycznych lub pochodnych papier\u00f3w warto\u015bciowych (np. opcji, warrant\u00f3w, swap\u00f3w i kontrakt\u00f3w terminowych), niezale\u017cnie od tego, czy s\u0105 notowane na gie\u0142dzie, czy przedmiotem obrotu pozagie\u0142dowego, czy te\u017c w ramach prywatnego plasowania, ani w \u017caden inny spos\u00f3b, ani do tworzenia jakichkolwiek indeks\u00f3w (niestandardowych lub innych);<\/p>\n\n<p>(iii) o\u015bwiadczaj\u0105, \u017ce nie b\u0119d\u0105 wykorzystywa\u0107 ani zezwala\u0107 nikomu innemu na wykorzystywanie Danych do weryfikacji lub korygowania danych innych ni\u017c MSCI, ani innych informacji w jakimkolwiek indeksie lub innej kompilacji danych lub informacji;<\/p>\n\n<p>(iv) b\u0119d\u0105 traktowa\u0107 Dane jako w\u0142asno\u015b\u0107 MSCI. Ponadto Klient potwierdza, \u017ce MSCI jest wy\u0142\u0105cznym i jedynym w\u0142a\u015bcicielem Danych oraz wszelkich tajemnic handlowych, praw autorskich, znak\u00f3w towarowych i innych praw w\u0142asno\u015bci intelektualnej w Danych lub do Danych; <\/p>\n\n<p>(v) o\u015bwiadczaj\u0105, \u017ce nie b\u0119d\u0105 (i) kopiowa\u0107 \u017cadnego sk\u0142adnika Danych, (ii) zmienia\u0107, modyfikowa\u0107 ani adaptowa\u0107 \u017cadnego sk\u0142adnika Danych, w tym, ale nie wy\u0142\u0105cznie, t\u0142umaczy\u0107, dekompilowa\u0107, deasemblowa\u0107, in\u017cynierii wstecznej ani tworzy\u0107 dzie\u0142 pochodnych, ani (iii) udost\u0119pnia\u0107 \u017cadnego sk\u0142adnika Danych \u017cadnej innej osobie lub organizacji (w tym, bez ogranicze\u0144, obecnym i przysz\u0142ym podmiotom macierzystym, zale\u017cnym lub stowarzyszonym Klienta) bezpo\u015brednio lub po\u015brednio, w \u017cadnym z powy\u017cszych cel\u00f3w ani w \u017cadnym innym celu, w tym, bez ogranicze\u0144, poprzez po\u017cyczk\u0119, wynajem, biuro us\u0142ug, zewn\u0119trzne wsp\u00f3\u0142dzielenie czasu lub podobne uzgodnienia;   <\/p>\n\n<p>(vi) b\u0119d\u0105 reprodukowa\u0107 na wszystkich dozwolonych kopiach Danych wszystkie zastrze\u017cenia dotycz\u0105ce praw autorskich, praw w\u0142asno\u015bci i ogranicze\u0144 pojawiaj\u0105ce si\u0119 na Danych;<\/p>\n\n<p>(vii) potwierdzaj\u0105, \u017ce ponosz\u0105 pe\u0142ne ryzyko zwi\u0105zane z korzystaniem z Danych i zgadzaj\u0105 si\u0119 zwolni\u0107 MSCI z odpowiedzialno\u015bci za wszelkie roszczenia, kt\u00f3re mog\u0105 wynikn\u0105\u0107 w zwi\u0105zku z jakimkolwiek wykorzystaniem Danych przez Klienta lub jego uprawnione podmioty stowarzyszone;<\/p>\n\n<p>(viii) potwierdzaj\u0105, \u017ce MSCI mo\u017ce, wed\u0142ug w\u0142asnego i wy\u0142\u0105cznego uznania oraz w dowolnym momencie, zako\u0144czy\u0107 prawo Klienta do otrzymywania i\/lub korzystania z Danych; oraz<\/p>\n\n<p>(ix) potwierdzaj\u0105, \u017ce MSCI jest beneficjentem zewn\u0119trznym Umowy Klienta, uprawnionym do egzekwowania wszystkich postanowie\u0144 tej umowy dotycz\u0105cych Danych.<\/p>\n\n<p><\/p>\n","protected":false},"excerpt":{"rendered":"<p>Opr\u00f3cz dozwolonego u\u017cytkowania i ogranicze\u0144 okre\u015blonych w Umowach zawartych z ISI Markets, wybrani dostawcy zewn\u0119trzni posiadaj\u0105 dodatkowe warunki i postanowienia (\u201eWarunki\u201d), kt\u00f3re reguluj\u0105 korzystanie z ich danych zawartych w Licencjonowanych Produktach Subskrypcyjnych. Niniejsze Warunki zast\u0119puj\u0105 warunki i postanowienia zawarte w Umowach. Klasyfikacje zosta\u0142y w wi\u0119kszo\u015bci przypadk\u00f3w ukszta\u0142towane przez dodatkowe informacje i wyja\u015bnienia dostarczone przez dostawc\u00f3w zewn\u0119trznych. Dostawcy zewn\u0119trzni z dodatkowymi&hellip;<\/p>\n","protected":false},"author":12,"featured_media":0,"parent":0,"menu_order":0,"comment_status":"closed","ping_status":"closed","template":"template-blank-4.php","meta":{"content-type":"","cpa_authors":[],"cpa_override_default":false,"footnotes":""},"class_list":["post-6734","page","type-page","status-publish","hentry","no-post-thumbnail"],"yoast_head":"<!-- This site is optimized with the Yoast SEO plugin v27.4 - https:\/\/yoast.com\/product\/yoast-seo-wordpress\/ -->\n<title>Dodatkowe warunki i postanowienia dostawc\u00f3w zewn\u0119trznych - ISI<\/title>\n<meta name=\"robots\" content=\"index, follow, max-snippet:-1, max-image-preview:large, max-video-preview:-1\" \/>\n<link rel=\"canonical\" href=\"https:\/\/isimarkets.com\/pl\/dodatkowe-warunki-i-postanowienia-dostawcow-zewnetrznych\/\" \/>\n<meta property=\"og:locale\" content=\"pl_PL\" \/>\n<meta property=\"og:type\" content=\"article\" \/>\n<meta property=\"og:title\" content=\"Dodatkowe warunki i postanowienia dostawc\u00f3w zewn\u0119trznych - ISI\" \/>\n<meta property=\"og:description\" content=\"Opr\u00f3cz dozwolonego u\u017cytkowania i ogranicze\u0144 okre\u015blonych w Umowach zawartych z ISI Markets, wybrani dostawcy zewn\u0119trzni posiadaj\u0105 dodatkowe warunki i postanowienia (\u201eWarunki\u201d), kt\u00f3re reguluj\u0105 korzystanie z ich danych zawartych w Licencjonowanych Produktach Subskrypcyjnych. Niniejsze Warunki zast\u0119puj\u0105 warunki i postanowienia zawarte w Umowach. Klasyfikacje zosta\u0142y w wi\u0119kszo\u015bci przypadk\u00f3w ukszta\u0142towane przez dodatkowe informacje i wyja\u015bnienia dostarczone przez dostawc\u00f3w zewn\u0119trznych. Dostawcy zewn\u0119trzni z dodatkowymi&hellip;\" \/>\n<meta property=\"og:url\" content=\"https:\/\/isimarkets.com\/pl\/dodatkowe-warunki-i-postanowienia-dostawcow-zewnetrznych\/\" \/>\n<meta property=\"og:site_name\" content=\"ISI\" \/>\n<meta property=\"article:modified_time\" content=\"2026-04-10T14:25:00+00:00\" \/>\n<meta name=\"twitter:card\" content=\"summary_large_image\" \/>\n<meta name=\"twitter:label1\" content=\"Szacowany czas czytania\" \/>\n\t<meta name=\"twitter:data1\" content=\"3 minuty\" \/>\n<script type=\"application\/ld+json\" class=\"yoast-schema-graph\">{\"@context\":\"https:\\\/\\\/schema.org\",\"@graph\":[{\"@type\":\"WebPage\",\"@id\":\"https:\\\/\\\/isimarkets.com\\\/pl\\\/dodatkowe-warunki-i-postanowienia-dostawcow-zewnetrznych\\\/\",\"url\":\"https:\\\/\\\/isimarkets.com\\\/pl\\\/dodatkowe-warunki-i-postanowienia-dostawcow-zewnetrznych\\\/\",\"name\":\"Dodatkowe warunki i postanowienia dostawc\u00f3w zewn\u0119trznych - ISI\",\"isPartOf\":{\"@id\":\"https:\\\/\\\/isimarkets.com\\\/pl\\\/#website\"},\"datePublished\":\"2026-04-01T09:47:49+00:00\",\"dateModified\":\"2026-04-10T14:25:00+00:00\",\"breadcrumb\":{\"@id\":\"https:\\\/\\\/isimarkets.com\\\/pl\\\/dodatkowe-warunki-i-postanowienia-dostawcow-zewnetrznych\\\/#breadcrumb\"},\"inLanguage\":\"pl-PL\",\"potentialAction\":[{\"@type\":\"ReadAction\",\"target\":[\"https:\\\/\\\/isimarkets.com\\\/pl\\\/dodatkowe-warunki-i-postanowienia-dostawcow-zewnetrznych\\\/\"]}]},{\"@type\":\"BreadcrumbList\",\"@id\":\"https:\\\/\\\/isimarkets.com\\\/pl\\\/dodatkowe-warunki-i-postanowienia-dostawcow-zewnetrznych\\\/#breadcrumb\",\"itemListElement\":[{\"@type\":\"ListItem\",\"position\":1,\"name\":\"Home\",\"item\":\"https:\\\/\\\/isimarkets.com\\\/pl\\\/\"},{\"@type\":\"ListItem\",\"position\":2,\"name\":\"Dodatkowe warunki i postanowienia dostawc\u00f3w zewn\u0119trznych\"}]},{\"@type\":\"WebSite\",\"@id\":\"https:\\\/\\\/isimarkets.com\\\/pl\\\/#website\",\"url\":\"https:\\\/\\\/isimarkets.com\\\/pl\\\/\",\"name\":\"ISI\",\"description\":\"Global Market Intelligence Platform\",\"potentialAction\":[{\"@type\":\"SearchAction\",\"target\":{\"@type\":\"EntryPoint\",\"urlTemplate\":\"https:\\\/\\\/isimarkets.com\\\/pl\\\/?s={search_term_string}\"},\"query-input\":{\"@type\":\"PropertyValueSpecification\",\"valueRequired\":true,\"valueName\":\"search_term_string\"}}],\"inLanguage\":\"pl-PL\"}]}<\/script>\n<!-- \/ Yoast SEO plugin. -->","yoast_head_json":{"title":"Dodatkowe warunki i postanowienia dostawc\u00f3w zewn\u0119trznych - ISI","robots":{"index":"index","follow":"follow","max-snippet":"max-snippet:-1","max-image-preview":"max-image-preview:large","max-video-preview":"max-video-preview:-1"},"canonical":"https:\/\/isimarkets.com\/pl\/dodatkowe-warunki-i-postanowienia-dostawcow-zewnetrznych\/","og_locale":"pl_PL","og_type":"article","og_title":"Dodatkowe warunki i postanowienia dostawc\u00f3w zewn\u0119trznych - ISI","og_description":"Opr\u00f3cz dozwolonego u\u017cytkowania i ogranicze\u0144 okre\u015blonych w Umowach zawartych z ISI Markets, wybrani dostawcy zewn\u0119trzni posiadaj\u0105 dodatkowe warunki i postanowienia (\u201eWarunki\u201d), kt\u00f3re reguluj\u0105 korzystanie z ich danych zawartych w Licencjonowanych Produktach Subskrypcyjnych. Niniejsze Warunki zast\u0119puj\u0105 warunki i postanowienia zawarte w Umowach. Klasyfikacje zosta\u0142y w wi\u0119kszo\u015bci przypadk\u00f3w ukszta\u0142towane przez dodatkowe informacje i wyja\u015bnienia dostarczone przez dostawc\u00f3w zewn\u0119trznych. Dostawcy zewn\u0119trzni z dodatkowymi&hellip;","og_url":"https:\/\/isimarkets.com\/pl\/dodatkowe-warunki-i-postanowienia-dostawcow-zewnetrznych\/","og_site_name":"ISI","article_modified_time":"2026-04-10T14:25:00+00:00","twitter_card":"summary_large_image","twitter_misc":{"Szacowany czas czytania":"3 minuty"},"schema":{"@context":"https:\/\/schema.org","@graph":[{"@type":"WebPage","@id":"https:\/\/isimarkets.com\/pl\/dodatkowe-warunki-i-postanowienia-dostawcow-zewnetrznych\/","url":"https:\/\/isimarkets.com\/pl\/dodatkowe-warunki-i-postanowienia-dostawcow-zewnetrznych\/","name":"Dodatkowe warunki i postanowienia dostawc\u00f3w zewn\u0119trznych - ISI","isPartOf":{"@id":"https:\/\/isimarkets.com\/pl\/#website"},"datePublished":"2026-04-01T09:47:49+00:00","dateModified":"2026-04-10T14:25:00+00:00","breadcrumb":{"@id":"https:\/\/isimarkets.com\/pl\/dodatkowe-warunki-i-postanowienia-dostawcow-zewnetrznych\/#breadcrumb"},"inLanguage":"pl-PL","potentialAction":[{"@type":"ReadAction","target":["https:\/\/isimarkets.com\/pl\/dodatkowe-warunki-i-postanowienia-dostawcow-zewnetrznych\/"]}]},{"@type":"BreadcrumbList","@id":"https:\/\/isimarkets.com\/pl\/dodatkowe-warunki-i-postanowienia-dostawcow-zewnetrznych\/#breadcrumb","itemListElement":[{"@type":"ListItem","position":1,"name":"Home","item":"https:\/\/isimarkets.com\/pl\/"},{"@type":"ListItem","position":2,"name":"Dodatkowe warunki i postanowienia dostawc\u00f3w zewn\u0119trznych"}]},{"@type":"WebSite","@id":"https:\/\/isimarkets.com\/pl\/#website","url":"https:\/\/isimarkets.com\/pl\/","name":"ISI","description":"Global Market Intelligence Platform","potentialAction":[{"@type":"SearchAction","target":{"@type":"EntryPoint","urlTemplate":"https:\/\/isimarkets.com\/pl\/?s={search_term_string}"},"query-input":{"@type":"PropertyValueSpecification","valueRequired":true,"valueName":"search_term_string"}}],"inLanguage":"pl-PL"}]}},"_links":{"self":[{"href":"https:\/\/isimarkets.com\/pl\/wp-json\/wp\/v2\/pages\/6734","targetHints":{"allow":["GET"]}}],"collection":[{"href":"https:\/\/isimarkets.com\/pl\/wp-json\/wp\/v2\/pages"}],"about":[{"href":"https:\/\/isimarkets.com\/pl\/wp-json\/wp\/v2\/types\/page"}],"author":[{"embeddable":true,"href":"https:\/\/isimarkets.com\/pl\/wp-json\/wp\/v2\/users\/12"}],"replies":[{"embeddable":true,"href":"https:\/\/isimarkets.com\/pl\/wp-json\/wp\/v2\/comments?post=6734"}],"version-history":[{"count":2,"href":"https:\/\/isimarkets.com\/pl\/wp-json\/wp\/v2\/pages\/6734\/revisions"}],"predecessor-version":[{"id":6736,"href":"https:\/\/isimarkets.com\/pl\/wp-json\/wp\/v2\/pages\/6734\/revisions\/6736"}],"wp:attachment":[{"href":"https:\/\/isimarkets.com\/pl\/wp-json\/wp\/v2\/media?parent=6734"}],"curies":[{"name":"wp","href":"https:\/\/api.w.org\/{rel}","templated":true}]}}