{"id":7022,"date":"2026-04-14T13:30:36","date_gmt":"2026-04-14T12:30:36","guid":{"rendered":"https:\/\/isimarkets.com\/popros-o-demo-epfr\/"},"modified":"2026-04-14T15:14:21","modified_gmt":"2026-04-14T14:14:21","slug":"popros-o-demo-epfr","status":"publish","type":"page","link":"https:\/\/isimarkets.com\/pl\/popros-o-demo-epfr\/","title":{"rendered":"Popro\u015b o demo &#8211; EPFR"},"content":{"rendered":"<div id=\"cs-content\" class=\"cs-content\"><section class=\"x-section e7022-e1 m5f2-0 title-content\" id=\"title-content\"><div class=\"x-row e7022-e2 m5f2-1 m5f2-2\"><div class=\"x-row-inner\"><div class=\"x-col e7022-e3 m5f2-3 accent\"><div class=\"x-text x-content e7022-e4 m5f2-4\"><h1>Popro\u015b o demo &#8211; EPFR<\/h1>\n<h2><mark>Globalne przep\u0142ywy funduszy i analiza alokacji aktyw\u00f3w<\/mark><\/h2>\n<p>Niezr\u00f3wnany wgl\u0105d w nastroje inwestor\u00f3w i zarz\u0105dzaj\u0105cych funduszami na rynkach globalnych<\/p><\/div><\/div><div class=\"x-col e7022-e5 m5f2-3 content\"><div class=\"x-text x-content e7022-e6 m5f2-4\"><p class=\"introduction\">Prosimy wype\u0142ni\u0107 formularz, a skontaktujemy si\u0119 z Pa\u0144stwem tak szybko, jak to mo\u017cliwe.<\/p><\/div><div class=\"form-area\"><div id=\"hubspot-form-69e942d5d1f57\" class=\"hubspot-form-auto\" data-region=\"eu1\" data-portal-id=\"145094632\" data-form-id=\"a7fdf06f-9e57-46a2-bca2-5bcd06a6f3c0\"><\/div><\/div><\/div><\/div><\/div><\/section><\/div>","protected":false},"excerpt":{"rendered":"<p>Popro\u015b o demo &#8211; EPFR Globalne przep\u0142ywy funduszy i analiza alokacji aktyw\u00f3w Niezr\u00f3wnany wgl\u0105d w nastroje inwestor\u00f3w i zarz\u0105dzaj\u0105cych funduszami na rynkach globalnychProsimy wype\u0142ni\u0107 formularz, a skontaktujemy si\u0119 z Pa\u0144stwem tak szybko, jak to mo\u017cliwe.<\/p>\n","protected":false},"author":12,"featured_media":0,"parent":0,"menu_order":0,"comment_status":"closed","ping_status":"closed","template":"template-blank-4.php","meta":{"content-type":"","cpa_authors":[],"cpa_override_default":false,"footnotes":""},"class_list":["post-7022","page","type-page","status-publish","hentry","no-post-thumbnail"],"yoast_head":"<!-- This site is optimized with the Yoast SEO plugin v27.4 - https:\/\/yoast.com\/product\/yoast-seo-wordpress\/ -->\n<title>Popro\u015b o demo - EPFR - ISI<\/title>\n<meta name=\"robots\" content=\"index, follow, max-snippet:-1, max-image-preview:large, max-video-preview:-1\" \/>\n<link rel=\"canonical\" href=\"https:\/\/isimarkets.com\/pl\/popros-o-demo-epfr\/\" \/>\n<meta property=\"og:locale\" content=\"pl_PL\" \/>\n<meta property=\"og:type\" content=\"article\" \/>\n<meta property=\"og:title\" content=\"Popro\u015b o demo - EPFR - ISI\" \/>\n<meta property=\"og:description\" content=\"Popro\u015b o demo &#8211; EPFR Globalne przep\u0142ywy funduszy i analiza alokacji aktyw\u00f3w Niezr\u00f3wnany wgl\u0105d w nastroje inwestor\u00f3w i zarz\u0105dzaj\u0105cych funduszami na rynkach globalnychProsimy wype\u0142ni\u0107 formularz, a skontaktujemy si\u0119 z Pa\u0144stwem tak szybko, jak to mo\u017cliwe.\" \/>\n<meta property=\"og:url\" content=\"https:\/\/isimarkets.com\/pl\/popros-o-demo-epfr\/\" \/>\n<meta property=\"og:site_name\" content=\"ISI\" \/>\n<meta property=\"article:modified_time\" content=\"2026-04-14T14:14:21+00:00\" \/>\n<meta name=\"twitter:card\" content=\"summary_large_image\" \/>\n<script type=\"application\/ld+json\" class=\"yoast-schema-graph\">{\"@context\":\"https:\\\/\\\/schema.org\",\"@graph\":[{\"@type\":\"WebPage\",\"@id\":\"https:\\\/\\\/isimarkets.com\\\/pl\\\/popros-o-demo-epfr\\\/\",\"url\":\"https:\\\/\\\/isimarkets.com\\\/pl\\\/popros-o-demo-epfr\\\/\",\"name\":\"Popro\u015b o demo - EPFR - ISI\",\"isPartOf\":{\"@id\":\"https:\\\/\\\/isimarkets.com\\\/pl\\\/#website\"},\"datePublished\":\"2026-04-14T12:30:36+00:00\",\"dateModified\":\"2026-04-14T14:14:21+00:00\",\"breadcrumb\":{\"@id\":\"https:\\\/\\\/isimarkets.com\\\/pl\\\/popros-o-demo-epfr\\\/#breadcrumb\"},\"inLanguage\":\"pl-PL\",\"potentialAction\":[{\"@type\":\"ReadAction\",\"target\":[\"https:\\\/\\\/isimarkets.com\\\/pl\\\/popros-o-demo-epfr\\\/\"]}]},{\"@type\":\"BreadcrumbList\",\"@id\":\"https:\\\/\\\/isimarkets.com\\\/pl\\\/popros-o-demo-epfr\\\/#breadcrumb\",\"itemListElement\":[{\"@type\":\"ListItem\",\"position\":1,\"name\":\"Home\",\"item\":\"https:\\\/\\\/isimarkets.com\\\/pl\\\/\"},{\"@type\":\"ListItem\",\"position\":2,\"name\":\"Popro\u015b o demo &#8211; EPFR\"}]},{\"@type\":\"WebSite\",\"@id\":\"https:\\\/\\\/isimarkets.com\\\/pl\\\/#website\",\"url\":\"https:\\\/\\\/isimarkets.com\\\/pl\\\/\",\"name\":\"ISI\",\"description\":\"Global Market Intelligence Platform\",\"potentialAction\":[{\"@type\":\"SearchAction\",\"target\":{\"@type\":\"EntryPoint\",\"urlTemplate\":\"https:\\\/\\\/isimarkets.com\\\/pl\\\/?s={search_term_string}\"},\"query-input\":{\"@type\":\"PropertyValueSpecification\",\"valueRequired\":true,\"valueName\":\"search_term_string\"}}],\"inLanguage\":\"pl-PL\"}]}<\/script>\n<!-- \/ Yoast SEO plugin. -->","yoast_head_json":{"title":"Popro\u015b o demo - EPFR - ISI","robots":{"index":"index","follow":"follow","max-snippet":"max-snippet:-1","max-image-preview":"max-image-preview:large","max-video-preview":"max-video-preview:-1"},"canonical":"https:\/\/isimarkets.com\/pl\/popros-o-demo-epfr\/","og_locale":"pl_PL","og_type":"article","og_title":"Popro\u015b o demo - EPFR - ISI","og_description":"Popro\u015b o demo &#8211; EPFR Globalne przep\u0142ywy funduszy i analiza alokacji aktyw\u00f3w Niezr\u00f3wnany wgl\u0105d w nastroje inwestor\u00f3w i zarz\u0105dzaj\u0105cych funduszami na rynkach globalnychProsimy wype\u0142ni\u0107 formularz, a skontaktujemy si\u0119 z Pa\u0144stwem tak szybko, jak to mo\u017cliwe.","og_url":"https:\/\/isimarkets.com\/pl\/popros-o-demo-epfr\/","og_site_name":"ISI","article_modified_time":"2026-04-14T14:14:21+00:00","twitter_card":"summary_large_image","schema":{"@context":"https:\/\/schema.org","@graph":[{"@type":"WebPage","@id":"https:\/\/isimarkets.com\/pl\/popros-o-demo-epfr\/","url":"https:\/\/isimarkets.com\/pl\/popros-o-demo-epfr\/","name":"Popro\u015b o demo - EPFR - ISI","isPartOf":{"@id":"https:\/\/isimarkets.com\/pl\/#website"},"datePublished":"2026-04-14T12:30:36+00:00","dateModified":"2026-04-14T14:14:21+00:00","breadcrumb":{"@id":"https:\/\/isimarkets.com\/pl\/popros-o-demo-epfr\/#breadcrumb"},"inLanguage":"pl-PL","potentialAction":[{"@type":"ReadAction","target":["https:\/\/isimarkets.com\/pl\/popros-o-demo-epfr\/"]}]},{"@type":"BreadcrumbList","@id":"https:\/\/isimarkets.com\/pl\/popros-o-demo-epfr\/#breadcrumb","itemListElement":[{"@type":"ListItem","position":1,"name":"Home","item":"https:\/\/isimarkets.com\/pl\/"},{"@type":"ListItem","position":2,"name":"Popro\u015b o demo &#8211; EPFR"}]},{"@type":"WebSite","@id":"https:\/\/isimarkets.com\/pl\/#website","url":"https:\/\/isimarkets.com\/pl\/","name":"ISI","description":"Global Market Intelligence Platform","potentialAction":[{"@type":"SearchAction","target":{"@type":"EntryPoint","urlTemplate":"https:\/\/isimarkets.com\/pl\/?s={search_term_string}"},"query-input":{"@type":"PropertyValueSpecification","valueRequired":true,"valueName":"search_term_string"}}],"inLanguage":"pl-PL"}]}},"_links":{"self":[{"href":"https:\/\/isimarkets.com\/pl\/wp-json\/wp\/v2\/pages\/7022","targetHints":{"allow":["GET"]}}],"collection":[{"href":"https:\/\/isimarkets.com\/pl\/wp-json\/wp\/v2\/pages"}],"about":[{"href":"https:\/\/isimarkets.com\/pl\/wp-json\/wp\/v2\/types\/page"}],"author":[{"embeddable":true,"href":"https:\/\/isimarkets.com\/pl\/wp-json\/wp\/v2\/users\/12"}],"replies":[{"embeddable":true,"href":"https:\/\/isimarkets.com\/pl\/wp-json\/wp\/v2\/comments?post=7022"}],"version-history":[{"count":1,"href":"https:\/\/isimarkets.com\/pl\/wp-json\/wp\/v2\/pages\/7022\/revisions"}],"predecessor-version":[{"id":7025,"href":"https:\/\/isimarkets.com\/pl\/wp-json\/wp\/v2\/pages\/7022\/revisions\/7025"}],"wp:attachment":[{"href":"https:\/\/isimarkets.com\/pl\/wp-json\/wp\/v2\/media?parent=7022"}],"curies":[{"name":"wp","href":"https:\/\/api.w.org\/{rel}","templated":true}]}}