{"id":7027,"date":"2026-04-14T13:08:40","date_gmt":"2026-04-14T12:08:40","guid":{"rendered":"https:\/\/isimarkets.com\/popros-o-demo-redd\/"},"modified":"2026-04-14T15:30:55","modified_gmt":"2026-04-14T14:30:55","slug":"popros-o-demo-redd","status":"publish","type":"page","link":"https:\/\/isimarkets.com\/pl\/popros-o-demo-redd\/","title":{"rendered":"Popro\u015b o demo \u2013 REDD"},"content":{"rendered":"<div id=\"cs-content\" class=\"cs-content\"><section class=\"x-section e7027-e1 m5f7-0 title-content\" id=\"title-content\"><div class=\"x-row e7027-e2 m5f7-1 m5f7-2\"><div class=\"x-row-inner\"><div class=\"x-col e7027-e3 m5f7-3 accent\"><div class=\"x-text x-content e7027-e4 m5f7-4\"><h1>Popro\u015b o demo \u2013 REDD<\/h1>\n<h2><mark>Praktyczna analiza sytuacji specjalnych na rynkach rozwijaj\u0105cych si\u0119<\/mark><\/h2>\n<p>Wspieramy inwestor\u00f3w i doradc\u00f3w w wykorzystywaniu szczeg\u00f3lnych sytuacji na rynkach wschodz\u0105cych dzi\u0119ki aktualnym, praktycznym informacjom.<\/p><\/div><\/div><div class=\"x-col e7027-e5 m5f7-3 content\"><div class=\"x-text x-content e7027-e6 m5f7-4\"><p class=\"introduction\">Prosimy wype\u0142ni\u0107 formularz, a skontaktujemy si\u0119 z Pa\u0144stwem tak szybko, jak to mo\u017cliwe.<\/p><\/div><div class=\"form-area\"><div id=\"hubspot-form-69e94323e603f\" class=\"hubspot-form-auto\" data-region=\"eu1\" data-portal-id=\"145094632\" data-form-id=\"a7fdf06f-9e57-46a2-bca2-5bcd06a6f3c0\"><\/div><\/div><\/div><\/div><\/div><\/section><\/div>","protected":false},"excerpt":{"rendered":"<p>Popro\u015b o demo \u2013 REDD Praktyczna analiza sytuacji specjalnych na rynkach rozwijaj\u0105cych si\u0119 Wspieramy inwestor\u00f3w i doradc\u00f3w w wykorzystywaniu szczeg\u00f3lnych sytuacji na rynkach wschodz\u0105cych dzi\u0119ki aktualnym, praktycznym informacjom.Prosimy wype\u0142ni\u0107 formularz, a skontaktujemy si\u0119 z Pa\u0144stwem tak szybko, jak to mo\u017cliwe.<\/p>\n","protected":false},"author":12,"featured_media":0,"parent":0,"menu_order":0,"comment_status":"closed","ping_status":"closed","template":"template-blank-4.php","meta":{"content-type":"","cpa_authors":[],"cpa_override_default":false,"footnotes":""},"class_list":["post-7027","page","type-page","status-publish","hentry","no-post-thumbnail"],"yoast_head":"<!-- This site is optimized with the Yoast SEO plugin v27.4 - https:\/\/yoast.com\/product\/yoast-seo-wordpress\/ -->\n<title>Popro\u015b o demo \u2013 REDD - ISI<\/title>\n<meta name=\"robots\" content=\"index, follow, max-snippet:-1, max-image-preview:large, max-video-preview:-1\" \/>\n<link rel=\"canonical\" href=\"https:\/\/isimarkets.com\/pl\/popros-o-demo-redd\/\" \/>\n<meta property=\"og:locale\" content=\"pl_PL\" \/>\n<meta property=\"og:type\" content=\"article\" \/>\n<meta property=\"og:title\" content=\"Popro\u015b o demo \u2013 REDD - ISI\" \/>\n<meta property=\"og:description\" content=\"Popro\u015b o demo \u2013 REDD Praktyczna analiza sytuacji specjalnych na rynkach rozwijaj\u0105cych si\u0119 Wspieramy inwestor\u00f3w i doradc\u00f3w w wykorzystywaniu szczeg\u00f3lnych sytuacji na rynkach wschodz\u0105cych dzi\u0119ki aktualnym, praktycznym informacjom.Prosimy wype\u0142ni\u0107 formularz, a skontaktujemy si\u0119 z Pa\u0144stwem tak szybko, jak to mo\u017cliwe.\" \/>\n<meta property=\"og:url\" content=\"https:\/\/isimarkets.com\/pl\/popros-o-demo-redd\/\" \/>\n<meta property=\"og:site_name\" content=\"ISI\" \/>\n<meta property=\"article:modified_time\" content=\"2026-04-14T14:30:55+00:00\" \/>\n<meta name=\"twitter:card\" content=\"summary_large_image\" \/>\n<script type=\"application\/ld+json\" class=\"yoast-schema-graph\">{\"@context\":\"https:\\\/\\\/schema.org\",\"@graph\":[{\"@type\":\"WebPage\",\"@id\":\"https:\\\/\\\/isimarkets.com\\\/pl\\\/popros-o-demo-redd\\\/\",\"url\":\"https:\\\/\\\/isimarkets.com\\\/pl\\\/popros-o-demo-redd\\\/\",\"name\":\"Popro\u015b o demo \u2013 REDD - ISI\",\"isPartOf\":{\"@id\":\"https:\\\/\\\/isimarkets.com\\\/pl\\\/#website\"},\"datePublished\":\"2026-04-14T12:08:40+00:00\",\"dateModified\":\"2026-04-14T14:30:55+00:00\",\"breadcrumb\":{\"@id\":\"https:\\\/\\\/isimarkets.com\\\/pl\\\/popros-o-demo-redd\\\/#breadcrumb\"},\"inLanguage\":\"pl-PL\",\"potentialAction\":[{\"@type\":\"ReadAction\",\"target\":[\"https:\\\/\\\/isimarkets.com\\\/pl\\\/popros-o-demo-redd\\\/\"]}]},{\"@type\":\"BreadcrumbList\",\"@id\":\"https:\\\/\\\/isimarkets.com\\\/pl\\\/popros-o-demo-redd\\\/#breadcrumb\",\"itemListElement\":[{\"@type\":\"ListItem\",\"position\":1,\"name\":\"Home\",\"item\":\"https:\\\/\\\/isimarkets.com\\\/pl\\\/\"},{\"@type\":\"ListItem\",\"position\":2,\"name\":\"Popro\u015b o demo \u2013 REDD\"}]},{\"@type\":\"WebSite\",\"@id\":\"https:\\\/\\\/isimarkets.com\\\/pl\\\/#website\",\"url\":\"https:\\\/\\\/isimarkets.com\\\/pl\\\/\",\"name\":\"ISI\",\"description\":\"Global Market Intelligence Platform\",\"potentialAction\":[{\"@type\":\"SearchAction\",\"target\":{\"@type\":\"EntryPoint\",\"urlTemplate\":\"https:\\\/\\\/isimarkets.com\\\/pl\\\/?s={search_term_string}\"},\"query-input\":{\"@type\":\"PropertyValueSpecification\",\"valueRequired\":true,\"valueName\":\"search_term_string\"}}],\"inLanguage\":\"pl-PL\"}]}<\/script>\n<!-- \/ Yoast SEO plugin. -->","yoast_head_json":{"title":"Popro\u015b o demo \u2013 REDD - ISI","robots":{"index":"index","follow":"follow","max-snippet":"max-snippet:-1","max-image-preview":"max-image-preview:large","max-video-preview":"max-video-preview:-1"},"canonical":"https:\/\/isimarkets.com\/pl\/popros-o-demo-redd\/","og_locale":"pl_PL","og_type":"article","og_title":"Popro\u015b o demo \u2013 REDD - ISI","og_description":"Popro\u015b o demo \u2013 REDD Praktyczna analiza sytuacji specjalnych na rynkach rozwijaj\u0105cych si\u0119 Wspieramy inwestor\u00f3w i doradc\u00f3w w wykorzystywaniu szczeg\u00f3lnych sytuacji na rynkach wschodz\u0105cych dzi\u0119ki aktualnym, praktycznym informacjom.Prosimy wype\u0142ni\u0107 formularz, a skontaktujemy si\u0119 z Pa\u0144stwem tak szybko, jak to mo\u017cliwe.","og_url":"https:\/\/isimarkets.com\/pl\/popros-o-demo-redd\/","og_site_name":"ISI","article_modified_time":"2026-04-14T14:30:55+00:00","twitter_card":"summary_large_image","schema":{"@context":"https:\/\/schema.org","@graph":[{"@type":"WebPage","@id":"https:\/\/isimarkets.com\/pl\/popros-o-demo-redd\/","url":"https:\/\/isimarkets.com\/pl\/popros-o-demo-redd\/","name":"Popro\u015b o demo \u2013 REDD - ISI","isPartOf":{"@id":"https:\/\/isimarkets.com\/pl\/#website"},"datePublished":"2026-04-14T12:08:40+00:00","dateModified":"2026-04-14T14:30:55+00:00","breadcrumb":{"@id":"https:\/\/isimarkets.com\/pl\/popros-o-demo-redd\/#breadcrumb"},"inLanguage":"pl-PL","potentialAction":[{"@type":"ReadAction","target":["https:\/\/isimarkets.com\/pl\/popros-o-demo-redd\/"]}]},{"@type":"BreadcrumbList","@id":"https:\/\/isimarkets.com\/pl\/popros-o-demo-redd\/#breadcrumb","itemListElement":[{"@type":"ListItem","position":1,"name":"Home","item":"https:\/\/isimarkets.com\/pl\/"},{"@type":"ListItem","position":2,"name":"Popro\u015b o demo \u2013 REDD"}]},{"@type":"WebSite","@id":"https:\/\/isimarkets.com\/pl\/#website","url":"https:\/\/isimarkets.com\/pl\/","name":"ISI","description":"Global Market Intelligence Platform","potentialAction":[{"@type":"SearchAction","target":{"@type":"EntryPoint","urlTemplate":"https:\/\/isimarkets.com\/pl\/?s={search_term_string}"},"query-input":{"@type":"PropertyValueSpecification","valueRequired":true,"valueName":"search_term_string"}}],"inLanguage":"pl-PL"}]}},"_links":{"self":[{"href":"https:\/\/isimarkets.com\/pl\/wp-json\/wp\/v2\/pages\/7027","targetHints":{"allow":["GET"]}}],"collection":[{"href":"https:\/\/isimarkets.com\/pl\/wp-json\/wp\/v2\/pages"}],"about":[{"href":"https:\/\/isimarkets.com\/pl\/wp-json\/wp\/v2\/types\/page"}],"author":[{"embeddable":true,"href":"https:\/\/isimarkets.com\/pl\/wp-json\/wp\/v2\/users\/12"}],"replies":[{"embeddable":true,"href":"https:\/\/isimarkets.com\/pl\/wp-json\/wp\/v2\/comments?post=7027"}],"version-history":[{"count":3,"href":"https:\/\/isimarkets.com\/pl\/wp-json\/wp\/v2\/pages\/7027\/revisions"}],"predecessor-version":[{"id":7041,"href":"https:\/\/isimarkets.com\/pl\/wp-json\/wp\/v2\/pages\/7027\/revisions\/7041"}],"wp:attachment":[{"href":"https:\/\/isimarkets.com\/pl\/wp-json\/wp\/v2\/media?parent=7027"}],"curies":[{"name":"wp","href":"https:\/\/api.w.org\/{rel}","templated":true}]}}