{"id":5106,"date":"2026-01-19T15:36:21","date_gmt":"2026-01-19T15:36:21","guid":{"rendered":"https:\/\/isimarkets.com\/?p=5106"},"modified":"2026-04-02T16:12:15","modified_gmt":"2026-04-02T15:12:15","slug":"empresa-pt-br","status":"publish","type":"page","link":"https:\/\/isimarkets.com\/pt-br\/empresa-pt-br\/","title":{"rendered":"Empresa"},"content":{"rendered":"","protected":false},"excerpt":{"rendered":"","protected":false},"author":1,"featured_media":0,"parent":0,"menu_order":3,"comment_status":"closed","ping_status":"closed","template":"template-blank-4.php","meta":{"content-type":"","cpa_authors":[],"cpa_override_default":false,"footnotes":""},"class_list":["post-5106","page","type-page","status-publish","hentry","no-post-thumbnail"],"yoast_head":"<!-- This site is optimized with the Yoast SEO plugin v27.4 - https:\/\/yoast.com\/product\/yoast-seo-wordpress\/ -->\n<title>Sobre a ISI Markets | Mais de 30 anos de intelig\u00eancia de mercado global<\/title>\n<meta name=\"description\" content=\"Saiba mais sobre a ISI Markets, uma provedora global de intelig\u00eancia de mercado e dados financeiros. Descubra nossa miss\u00e3o, produtos e mais de 30 anos de experi\u00eancia em mercados de r\u00e1pido crescimento.\" \/>\n<meta name=\"robots\" content=\"index, follow, max-snippet:-1, max-image-preview:large, max-video-preview:-1\" \/>\n<link rel=\"canonical\" href=\"https:\/\/isimarkets.com\/pt-br\/empresa-pt-br\/\" \/>\n<meta property=\"og:locale\" content=\"pt_BR\" \/>\n<meta property=\"og:type\" content=\"article\" \/>\n<meta property=\"og:title\" content=\"Sobre a ISI Markets | Mais de 30 anos de intelig\u00eancia de mercado global\" \/>\n<meta property=\"og:description\" content=\"Saiba mais sobre a ISI Markets, uma provedora global de intelig\u00eancia de mercado e dados financeiros. Descubra nossa miss\u00e3o, produtos e mais de 30 anos de experi\u00eancia em mercados de r\u00e1pido crescimento.\" \/>\n<meta property=\"og:url\" content=\"https:\/\/isimarkets.com\/pt-br\/empresa-pt-br\/\" \/>\n<meta property=\"og:site_name\" content=\"ISI\" \/>\n<meta property=\"article:modified_time\" content=\"2026-04-02T15:12:15+00:00\" \/>\n<meta name=\"twitter:card\" content=\"summary_large_image\" \/>\n<script type=\"application\/ld+json\" class=\"yoast-schema-graph\">{\"@context\":\"https:\\\/\\\/schema.org\",\"@graph\":[{\"@type\":\"WebPage\",\"@id\":\"https:\\\/\\\/isimarkets.com\\\/pt-br\\\/empresa-pt-br\\\/\",\"url\":\"https:\\\/\\\/isimarkets.com\\\/pt-br\\\/empresa-pt-br\\\/\",\"name\":\"Sobre a ISI Markets | Mais de 30 anos de intelig\u00eancia de mercado global\",\"isPartOf\":{\"@id\":\"https:\\\/\\\/isimarkets.com\\\/pt-br\\\/#website\"},\"datePublished\":\"2026-01-19T15:36:21+00:00\",\"dateModified\":\"2026-04-02T15:12:15+00:00\",\"description\":\"Saiba mais sobre a ISI Markets, uma provedora global de intelig\u00eancia de mercado e dados financeiros. Descubra nossa miss\u00e3o, produtos e mais de 30 anos de experi\u00eancia em mercados de r\u00e1pido crescimento.\",\"breadcrumb\":{\"@id\":\"https:\\\/\\\/isimarkets.com\\\/pt-br\\\/empresa-pt-br\\\/#breadcrumb\"},\"inLanguage\":\"pt-BR\",\"potentialAction\":[{\"@type\":\"ReadAction\",\"target\":[\"https:\\\/\\\/isimarkets.com\\\/pt-br\\\/empresa-pt-br\\\/\"]}]},{\"@type\":\"BreadcrumbList\",\"@id\":\"https:\\\/\\\/isimarkets.com\\\/pt-br\\\/empresa-pt-br\\\/#breadcrumb\",\"itemListElement\":[{\"@type\":\"ListItem\",\"position\":1,\"name\":\"Home\",\"item\":\"https:\\\/\\\/isimarkets.com\\\/pt-br\\\/\"},{\"@type\":\"ListItem\",\"position\":2,\"name\":\"Empresa\"}]},{\"@type\":\"WebSite\",\"@id\":\"https:\\\/\\\/isimarkets.com\\\/pt-br\\\/#website\",\"url\":\"https:\\\/\\\/isimarkets.com\\\/pt-br\\\/\",\"name\":\"ISI\",\"description\":\"Global Market Intelligence Platform\",\"potentialAction\":[{\"@type\":\"SearchAction\",\"target\":{\"@type\":\"EntryPoint\",\"urlTemplate\":\"https:\\\/\\\/isimarkets.com\\\/pt-br\\\/?s={search_term_string}\"},\"query-input\":{\"@type\":\"PropertyValueSpecification\",\"valueRequired\":true,\"valueName\":\"search_term_string\"}}],\"inLanguage\":\"pt-BR\"}]}<\/script>\n<!-- \/ Yoast SEO plugin. -->","yoast_head_json":{"title":"Sobre a ISI Markets | Mais de 30 anos de intelig\u00eancia de mercado global","description":"Saiba mais sobre a ISI Markets, uma provedora global de intelig\u00eancia de mercado e dados financeiros. Descubra nossa miss\u00e3o, produtos e mais de 30 anos de experi\u00eancia em mercados de r\u00e1pido crescimento.","robots":{"index":"index","follow":"follow","max-snippet":"max-snippet:-1","max-image-preview":"max-image-preview:large","max-video-preview":"max-video-preview:-1"},"canonical":"https:\/\/isimarkets.com\/pt-br\/empresa-pt-br\/","og_locale":"pt_BR","og_type":"article","og_title":"Sobre a ISI Markets | Mais de 30 anos de intelig\u00eancia de mercado global","og_description":"Saiba mais sobre a ISI Markets, uma provedora global de intelig\u00eancia de mercado e dados financeiros. Descubra nossa miss\u00e3o, produtos e mais de 30 anos de experi\u00eancia em mercados de r\u00e1pido crescimento.","og_url":"https:\/\/isimarkets.com\/pt-br\/empresa-pt-br\/","og_site_name":"ISI","article_modified_time":"2026-04-02T15:12:15+00:00","twitter_card":"summary_large_image","schema":{"@context":"https:\/\/schema.org","@graph":[{"@type":"WebPage","@id":"https:\/\/isimarkets.com\/pt-br\/empresa-pt-br\/","url":"https:\/\/isimarkets.com\/pt-br\/empresa-pt-br\/","name":"Sobre a ISI Markets | Mais de 30 anos de intelig\u00eancia de mercado global","isPartOf":{"@id":"https:\/\/isimarkets.com\/pt-br\/#website"},"datePublished":"2026-01-19T15:36:21+00:00","dateModified":"2026-04-02T15:12:15+00:00","description":"Saiba mais sobre a ISI Markets, uma provedora global de intelig\u00eancia de mercado e dados financeiros. Descubra nossa miss\u00e3o, produtos e mais de 30 anos de experi\u00eancia em mercados de r\u00e1pido crescimento.","breadcrumb":{"@id":"https:\/\/isimarkets.com\/pt-br\/empresa-pt-br\/#breadcrumb"},"inLanguage":"pt-BR","potentialAction":[{"@type":"ReadAction","target":["https:\/\/isimarkets.com\/pt-br\/empresa-pt-br\/"]}]},{"@type":"BreadcrumbList","@id":"https:\/\/isimarkets.com\/pt-br\/empresa-pt-br\/#breadcrumb","itemListElement":[{"@type":"ListItem","position":1,"name":"Home","item":"https:\/\/isimarkets.com\/pt-br\/"},{"@type":"ListItem","position":2,"name":"Empresa"}]},{"@type":"WebSite","@id":"https:\/\/isimarkets.com\/pt-br\/#website","url":"https:\/\/isimarkets.com\/pt-br\/","name":"ISI","description":"Global Market Intelligence Platform","potentialAction":[{"@type":"SearchAction","target":{"@type":"EntryPoint","urlTemplate":"https:\/\/isimarkets.com\/pt-br\/?s={search_term_string}"},"query-input":{"@type":"PropertyValueSpecification","valueRequired":true,"valueName":"search_term_string"}}],"inLanguage":"pt-BR"}]}},"_links":{"self":[{"href":"https:\/\/isimarkets.com\/pt-br\/wp-json\/wp\/v2\/pages\/5106","targetHints":{"allow":["GET"]}}],"collection":[{"href":"https:\/\/isimarkets.com\/pt-br\/wp-json\/wp\/v2\/pages"}],"about":[{"href":"https:\/\/isimarkets.com\/pt-br\/wp-json\/wp\/v2\/types\/page"}],"author":[{"embeddable":true,"href":"https:\/\/isimarkets.com\/pt-br\/wp-json\/wp\/v2\/users\/1"}],"replies":[{"embeddable":true,"href":"https:\/\/isimarkets.com\/pt-br\/wp-json\/wp\/v2\/comments?post=5106"}],"version-history":[{"count":1,"href":"https:\/\/isimarkets.com\/pt-br\/wp-json\/wp\/v2\/pages\/5106\/revisions"}],"predecessor-version":[{"id":6190,"href":"https:\/\/isimarkets.com\/pt-br\/wp-json\/wp\/v2\/pages\/5106\/revisions\/6190"}],"wp:attachment":[{"href":"https:\/\/isimarkets.com\/pt-br\/wp-json\/wp\/v2\/media?parent=5106"}],"curies":[{"name":"wp","href":"https:\/\/api.w.org\/{rel}","templated":true}]}}