{"id":5124,"date":"2026-01-19T15:39:16","date_gmt":"2026-01-19T15:39:16","guid":{"rendered":"https:\/\/isimarkets.com\/?p=5124"},"modified":"2026-04-02T16:03:18","modified_gmt":"2026-04-02T15:03:18","slug":"esg-e-rsc-pt-br","status":"publish","type":"page","link":"https:\/\/isimarkets.com\/pt-br\/empresa-pt-br\/esg-e-rsc-pt-br\/","title":{"rendered":"ESG &amp; RSC"},"content":{"rendered":"<div id=\"cs-content\" class=\"cs-content\"><div class=\"cs-content x-global-block x-global-block-4950 e5124-e1\"><div class=\"x-section e4950-e2 m3ti-0 breadcrumbs\" id=\"breadcrumbs\"><div class=\"x-row x-container max width e4950-e3 m3ti-1 m3ti-2\"><div class=\"x-row-inner\"><div class=\"x-col e4950-e4 m3ti-3\"><nav class=\"x-crumbs e4950-e5 m3ti-4\" role=\"navigation\"><ol class=\"x-crumbs-list\" itemscope=\"\" itemtype=\"http:\/\/schema.org\/BreadcrumbList\" aria-label=\"Breadcrumb Navigation\"><li class=\"x-crumbs-list-item\" itemprop=\"itemListElement\" itemscope itemtype=\"http:\/\/schema.org\/ListItem\"><a class=\"x-crumbs-current x-crumbs-link\" itemtype=\"http:\/\/schema.org\/Thing\" itemprop=\"item\" href=\"https:\/\/isimarkets.com\/pt-br\/\" title=\"You Are Here\"><span itemprop=\"name\">Home<\/span><\/a><meta itemprop=\"position\" content=\"1\"><\/li><\/ol><\/nav><\/div><\/div><\/div><\/div><\/div><div class=\"x-section e5124-e2 m3yc-0 hero title\" id=\"title\"><div class=\"x-row x-container max width e5124-e3 m3yc-1 m3yc-2 m3yc-3 m3yc-8 m3yc-9\"><div class=\"x-row-inner\"><div class=\"x-col e5124-e4 m3yc-j\"><span class=\"x-image e5124-e5 m3yc-k m3yc-l\"><img decoding=\"async\" src=\"https:\/\/isimarkets.com\/wp-content\/uploads\/ESG-Banner-scaled.webp\" width=\"1280\" height=\"519\" alt=\"Terra\u00e7os de arrozais se estendem por colinas verdejantes sob um c\u00e9u enevoado. Pequenas cabanas pontilham a paisagem, transmitindo uma cena rural serena e pitoresca.\" loading=\"lazy\"><\/span><\/div><\/div><\/div><div class=\"x-row x-container max width e5124-e6 m3yc-1 m3yc-2 m3yc-3 m3yc-8 m3yc-a\"><div class=\"x-row-inner\"><div class=\"x-col e5124-e7 m3yc-j\"><div class=\"x-text x-content e5124-e8 m3yc-m m3yc-n\"><h1>ESG &amp; RSC<\/h1>\n<h2><mark>Intelig\u00eancia respons\u00e1vel, responsabilidade clara<\/mark><\/h2><\/div><\/div><\/div><\/div><div class=\"x-row x-container max width e5124-e9 m3yc-1 m3yc-2 m3yc-3 m3yc-8 m3yc-b\"><div class=\"x-row-inner\"><div class=\"x-col e5124-e10 m3yc-j\"><div class=\"x-text x-content e5124-e11 m3yc-m m3yc-n\">Atuamos com integridade e disciplina, oferecendo insights orientados por ESG em mercados emergentes por meio de dados e an\u00e1lises confi\u00e1veis.<\/div><\/div><\/div><\/div><\/div><section class=\"x-section e5124-e12 m3yc-0 text-image\" id=\"commitment\"><div class=\"x-row x-container max width e5124-e13 m3yc-1 m3yc-4 m3yc-5 m3yc-c m3yc-d\" id=\"timelines\"><div class=\"x-row-inner\"><div class=\"x-col e5124-e14 m3yc-j\"><div class=\"x-text x-content e5124-e15 m3yc-m m3yc-n\"><h2>Nosso compromisso com ESG e RSC<\/h2>\n<p>A ISI tem o compromisso de operar de forma respons\u00e1vel, agir com integridade e construir um neg\u00f3cio que apoie resultados sustent\u00e1veis. Nossa abordagem \u00e0s prioridades ambientais, sociais e de governan\u00e7a (ESG) e nosso compromisso com a responsabilidade social corporativa (RSC) se refletem em nossos padr\u00f5es internos e nas expectativas que voc\u00ea deposita em nossos dados. Esse compromisso se traduz nos insights que entregamos por meio de nossas plataformas:  <\/p>\n\n<ul>\n \t<li>A CEIC fornece intelig\u00eancia ESG verificada em n\u00edvel macro, acompanhando o progresso dos pa\u00edses em indicadores-chave<\/li>\n \t<li>A EMIS oferece visibilidade em n\u00edvel de empresa sobre conduta \u00e9tica, risco e eventos relevantes em mercados em desenvolvimento<\/li>\n \t<li>A REDD entrega an\u00e1lises focadas em finan\u00e7as sustent\u00e1veis, t\u00edtulos vinculados a ESG e evolu\u00e7\u00f5es regulat\u00f3rias que influenciam o investimento respons\u00e1vel<\/li>\n<\/ul><\/div><\/div><div class=\"x-col e5124-e16 m3yc-j\"><span class=\"x-image e5124-e17 m3yc-k\"><img decoding=\"async\" src=\"https:\/\/isimarkets.com\/wp-content\/uploads\/Our-Commitment-to-ESG-and-CSR.webp\" width=\"1300\" height=\"1300\" alt=\"Um caminho de concreto serpenteia por uma \u00e1rea \u00famida exuberante, com vit\u00f3rias-r\u00e9gias e capins altos. Ao fundo, arranha-c\u00e9us modernos se erguem sob um c\u00e9u azul, mesclando elementos urbanos e naturais.\" loading=\"lazy\"><\/span><\/div><\/div><\/div><div class=\"x-row x-container max width e5124-e18 m3yc-1 m3yc-4 m3yc-6 m3yc-c m3yc-e\" id=\"unique-coverage\"><div class=\"x-row-inner\"><div class=\"x-col e5124-e19 m3yc-j\"><span class=\"x-image e5124-e20 m3yc-k\"><img decoding=\"async\" src=\"https:\/\/isimarkets.com\/wp-content\/uploads\/Sustainability.webp\" width=\"1300\" height=\"1300\" alt=\"Um homem com coque e su\u00e9ter amarelo participa de uma discuss\u00e3o com dois colegas \u00e0 mesa, segurando pap\u00e9is e um caderno, sugerindo trabalho em equipe em um ambiente de escrit\u00f3rio.\" loading=\"lazy\"><\/span><\/div><div class=\"x-col e5124-e21 m3yc-j\"><div class=\"x-text x-content e5124-e22 m3yc-m m3yc-n\"><h2>Sustentabilidade<\/h2>\n<p>Nossa abordagem de sustentabilidade est\u00e1 alinhada aos Objetivos de Desenvolvimento Sustent\u00e1vel das Na\u00e7\u00f5es Unidas, especificamente o Objetivo 12: Consumo e Produ\u00e7\u00e3o Respons\u00e1veis, e o Objetivo 13: A\u00e7\u00e3o Clim\u00e1tica. Do armazenamento de dados e infraestrutura a viagens e relacionamento com fornecedores, assumimos responsabilidade por como os recursos s\u00e3o utilizados em todo o nosso neg\u00f3cio. <\/p>\n<p>Estamos em processo de estabelecer uma linha de base da nossa pegada de carbono para obter uma vis\u00e3o clara e mensur\u00e1vel de nossas emiss\u00f5es. Isso sustenta nossa inten\u00e7\u00e3o de submeter uma Meta Baseada na Ci\u00eancia para redu\u00e7\u00e3o de emiss\u00f5es. Ao estabelecer essa linha de base, criamos responsabiliza\u00e7\u00e3o e um arcabou\u00e7o pr\u00e1tico para a a\u00e7\u00e3o clim\u00e1tica ao longo do tempo.  <\/p>\n<p>Por meio da CEIC, acompanhamos a exposi\u00e7\u00e3o clim\u00e1tica e o investimento em tecnologias verdes nos pa\u00edses. Isso viabiliza compara\u00e7\u00f5es estruturadas e avalia\u00e7\u00f5es de risco e oportunidade ambiental de longo prazo. <\/p><\/div><\/div><\/div><\/div><\/section><section class=\"x-section e5124-e23 m3yc-0 text-image\" id=\"social\"><div class=\"x-row x-container max width e5124-e24 m3yc-1 m3yc-4 m3yc-5 m3yc-c m3yc-f\"><div class=\"x-row-inner\"><div class=\"x-col e5124-e25 m3yc-j\"><div class=\"x-text x-content e5124-e26 m3yc-m m3yc-n\"><h2>Social<\/h2>\n<p>As pessoas est\u00e3o no centro de como operamos e dos insights que entregamos. Por isso, nossas pr\u00e1ticas sociais se alinham ao Objetivo 3: Sa\u00fade e Bem-Estar, ao Objetivo 5: Igualdade de G\u00eanero, ao Objetivo 8: Trabalho Decente e Crescimento Econ\u00f4mico e ao Objetivo 10: Redu\u00e7\u00e3o das Desigualdades. <\/p>\n<p>Promovemos sa\u00fade e bem-estar por meio de pr\u00e1ticas de trabalho de apoio, pol\u00edticas claras e acesso a recursos. Investimos em aprendizagem e desenvolvimento para apoiar a progress\u00e3o de carreira e criar empregos sustent\u00e1veis. <\/p>\n<p>Temos orgulho de que 50 % de nossos colaboradores sejam mulheres. A igualdade de g\u00eanero e a redu\u00e7\u00e3o das desigualdades s\u00e3o abordadas por meio de recrutamento inclusivo e programas de treinamento. Com equipes distribu\u00eddas por v\u00e1rias regi\u00f5es, valorizamos diferentes origens, experi\u00eancias e perspectivas. Ao apoiar o trabalho decente, fortalecemos a ISI e contribu\u00edmos positivamente para as economias e comunidades em que atuamos.   <\/p><\/div><\/div><div class=\"x-col e5124-e27 m3yc-j\"><span class=\"x-image e5124-e28 m3yc-k\"><img decoding=\"async\" src=\"https:\/\/isimarkets.com\/wp-content\/uploads\/Social.webp\" width=\"1300\" height=\"1300\" alt=\"Tr\u00eas pessoas est\u00e3o sentadas ao redor de uma mesa em um escrit\u00f3rio bem iluminado. Uma mulher usando \u00f3culos e blusa sem mangas observa atentamente. Outras duas pessoas aparecem parcialmente.\" loading=\"lazy\"><\/span><\/div><\/div><\/div><div class=\"x-row x-container max width e5124-e29 m3yc-1 m3yc-4 m3yc-6 m3yc-c m3yc-g\"><div class=\"x-row-inner\"><div class=\"x-col e5124-e30 m3yc-j\"><span class=\"x-image e5124-e31 m3yc-k\"><img decoding=\"async\" src=\"https:\/\/isimarkets.com\/wp-content\/uploads\/Governance.webp\" width=\"1300\" height=\"1300\" alt=\"Edif\u00edcio hist\u00f3rico ornamentado, com colunas cl\u00e1ssicas e cantaria decorativa, banhado por luz solar quente contra um c\u00e9u azul vibrante, transmitindo eleg\u00e2ncia e grandiosidade.\" loading=\"lazy\"><\/span><\/div><div class=\"x-col e5124-e32 m3yc-j\"><div class=\"x-text x-content e5124-e33 m3yc-m m3yc-n\"><h2>Governan\u00e7a<\/h2>\n<p>Uma governan\u00e7a s\u00f3lida \u00e9 essencial para conquistar sua confian\u00e7a. Por isso, nossa abordagem se alinha ao Objetivo 16: Paz, Justi\u00e7a e Institui\u00e7\u00f5es Eficazes e ao Objetivo 17: Parcerias e Meios de Implementa\u00e7\u00e3o. <\/p>\n<p>Atuamos em conformidade com as leis locais e os requisitos regulat\u00f3rios, aplicando esses padr\u00f5es em todos os mercados em que trabalhamos. Realizamos programas de treinamento para toda a equipe para refor\u00e7ar a conduta \u00e9tica, a conscientiza\u00e7\u00e3o regulat\u00f3ria e a tomada de decis\u00e3o respons\u00e1vel. Esses padr\u00f5es tamb\u00e9m se estendem \u00e0 forma como trabalhamos com parceiros e fornecedores, incentivando a colabora\u00e7\u00e3o respons\u00e1vel em toda a nossa cadeia de valor.  <\/p>\n<p>Ao incorporar governan\u00e7a e parcerias respons\u00e1veis \u00e0s nossas opera\u00e7\u00f5es, apoiamos institui\u00e7\u00f5es est\u00e1veis e uma participa\u00e7\u00e3o de mercado confi\u00e1vel.<\/p><\/div><\/div><\/div><\/div><\/section><section class=\"x-section e5124-e34 m3yc-0 text-image\" id=\"ethics\"><div class=\"x-row x-container max width e5124-e35 m3yc-1 m3yc-4 m3yc-5 m3yc-c m3yc-h\"><div class=\"x-row-inner\"><div class=\"x-col e5124-e36 m3yc-j\"><div class=\"x-text x-content e5124-e37 m3yc-m m3yc-n\"><h2>\u00c9tica<\/h2>\n<p>Agimos com integridade em todos os nossos relacionamentos comerciais e mantemos sistemas que apoiam a tomada de decis\u00e3o respons\u00e1vel.<\/p>\n<p>Temos o compromisso de prevenir a escravid\u00e3o moderna e o tr\u00e1fico de pessoas em nossas opera\u00e7\u00f5es e cadeias de suprimentos. Esse compromisso reflete nossa responsabilidade de defender os direitos humanos e operar com elevados padr\u00f5es \u00e9ticos, independentemente da geografia. <\/p>\n<p>Nossa abordagem est\u00e1 descrita em nossa Declara\u00e7\u00e3o sobre Escravid\u00e3o Moderna e Tr\u00e1fico de Pessoas, que explica as medidas que adotamos para identificar riscos e promover pr\u00e1ticas \u00e9ticas em todo o nosso neg\u00f3cio.<\/p>\n<p><a href=\"\/wp-content\/uploads\/ISI-Emerging-Markets-Group-Modern-Slavery-Statement-October-2023.pdf\" target=\"_blank\" rel=\"noopener\">Leia nossa Declara\u00e7\u00e3o sobre Escravid\u00e3o Moderna e Tr\u00e1fico de Pessoas<\/a><\/p><\/div><\/div><div class=\"x-col e5124-e38 m3yc-j\"><span class=\"x-image e5124-e39 m3yc-k\"><img decoding=\"async\" src=\"https:\/\/isimarkets.com\/wp-content\/uploads\/Ethics.webp\" width=\"1300\" height=\"1300\" alt=\"Um grupo diverso de quatro profissionais participa de uma discuss\u00e3o, segurando documentos. Eles parecem focados e colaborativos em um ambiente de escrit\u00f3rio bem iluminado.\" loading=\"lazy\"><\/span><\/div><\/div><\/div><\/section><div class=\"cs-content x-global-block x-global-block-4998 e5124-e46\"><section class=\"x-section e4998-e2 m3uu-0 cta accent\" id=\"cta\"><div class=\"x-row x-container max width e4998-e3 m3uu-1 m3uu-2\"><div class=\"x-row-inner\"><div class=\"x-col e4998-e4 m3uu-3\"><div class=\"x-text x-content e4998-e5 m3uu-4\"><h2>Request Demo<\/h2>\n<p class=\"highlight\"><mark>Turn complexity into clarity<\/mark><\/p>\n<p class=\"cta\"><a class=\"button request-demo\" href=\"\/demo\/\">Request Demo<\/a><\/p><\/div><\/div><div class=\"x-col e4998-e6 m3uu-3\"><div class=\"x-text x-content e4998-e7 m3uu-4\"><div class=\"x-image\"><img loading=\"lazy\" decoding=\"async\" src=\"https:\/\/isimarkets.com\/wp-content\/uploads\/Demo-06.webp\" alt=\"\" width=\"2000\" height=\"2000\" class=\"alignnone size-full wp-image-4824\" srcset=\"https:\/\/isimarkets.com\/wp-content\/uploads\/Demo-06.webp 2000w, https:\/\/isimarkets.com\/wp-content\/uploads\/Demo-06-300x300.webp 300w, https:\/\/isimarkets.com\/wp-content\/uploads\/Demo-06-1024x1024.webp 1024w, https:\/\/isimarkets.com\/wp-content\/uploads\/Demo-06-150x150.webp 150w, https:\/\/isimarkets.com\/wp-content\/uploads\/Demo-06-768x768.webp 768w, https:\/\/isimarkets.com\/wp-content\/uploads\/Demo-06-1536x1536.webp 1536w\" sizes=\"auto, (max-width: 2000px) 100vw, 2000px\" \/><\/div><\/div><\/div><\/div><\/div><\/section><\/div><\/div>","protected":false},"excerpt":{"rendered":"<p>HomeESG &amp; RSC Intelig\u00eancia respons\u00e1vel, responsabilidade claraAtuamos com integridade e disciplina, oferecendo insights orientados por ESG em mercados emergentes por meio de dados e an\u00e1lises confi\u00e1veis.Nosso compromisso com ESG e RSC A ISI tem o compromisso de operar de forma respons\u00e1vel, agir com integridade e construir um neg\u00f3cio que apoie resultados sustent\u00e1veis. Nossa abordagem \u00e0s prioridades ambientais, sociais e de&hellip;<\/p>\n","protected":false},"author":1,"featured_media":0,"parent":5106,"menu_order":3,"comment_status":"closed","ping_status":"closed","template":"template-blank-4.php","meta":{"content-type":"","cpa_authors":[],"cpa_override_default":false,"footnotes":""},"class_list":["post-5124","page","type-page","status-publish","hentry","no-post-thumbnail"],"yoast_head":"<!-- This site is optimized with the Yoast SEO plugin v27.4 - https:\/\/yoast.com\/product\/yoast-seo-wordpress\/ -->\n<title>ESG e RSC em Mercados Emergentes | ISI Markets<\/title>\n<meta name=\"description\" content=\"Conhe\u00e7a as iniciativas de ESG e RSC da ISI Markets, com foco em sustentabilidade, pr\u00e1ticas respons\u00e1veis de dados e impacto nos mercados emergentes.\" \/>\n<meta name=\"robots\" content=\"index, follow, max-snippet:-1, max-image-preview:large, max-video-preview:-1\" \/>\n<link rel=\"canonical\" href=\"https:\/\/isimarkets.com\/pt-br\/empresa-pt-br\/esg-e-rsc-pt-br\/\" \/>\n<meta property=\"og:locale\" content=\"pt_BR\" \/>\n<meta property=\"og:type\" content=\"article\" \/>\n<meta property=\"og:title\" content=\"ESG e RSC em Mercados Emergentes | ISI Markets\" \/>\n<meta property=\"og:description\" content=\"Conhe\u00e7a as iniciativas de ESG e RSC da ISI Markets, com foco em sustentabilidade, pr\u00e1ticas respons\u00e1veis de dados e impacto nos mercados emergentes.\" \/>\n<meta property=\"og:url\" content=\"https:\/\/isimarkets.com\/pt-br\/empresa-pt-br\/esg-e-rsc-pt-br\/\" \/>\n<meta property=\"og:site_name\" content=\"ISI\" \/>\n<meta property=\"article:modified_time\" content=\"2026-04-02T15:03:18+00:00\" \/>\n<meta property=\"og:image\" content=\"https:\/\/isimarkets.com\/wp-content\/uploads\/01-Hero-istockphoto-2184992678-1024x1024_watermark.jpg\" \/>\n<meta name=\"twitter:card\" content=\"summary_large_image\" \/>\n<meta name=\"twitter:label1\" content=\"Est. tempo de leitura\" \/>\n\t<meta name=\"twitter:data1\" content=\"3 minutos\" \/>\n<script type=\"application\/ld+json\" class=\"yoast-schema-graph\">{\"@context\":\"https:\\\/\\\/schema.org\",\"@graph\":[{\"@type\":\"WebPage\",\"@id\":\"https:\\\/\\\/isimarkets.com\\\/pt-br\\\/empresa-pt-br\\\/esg-e-rsc-pt-br\\\/\",\"url\":\"https:\\\/\\\/isimarkets.com\\\/pt-br\\\/empresa-pt-br\\\/esg-e-rsc-pt-br\\\/\",\"name\":\"ESG e RSC em Mercados Emergentes | ISI Markets\",\"isPartOf\":{\"@id\":\"https:\\\/\\\/isimarkets.com\\\/pt-br\\\/#website\"},\"primaryImageOfPage\":{\"@id\":\"https:\\\/\\\/isimarkets.com\\\/pt-br\\\/empresa-pt-br\\\/esg-e-rsc-pt-br\\\/#primaryimage\"},\"image\":{\"@id\":\"https:\\\/\\\/isimarkets.com\\\/pt-br\\\/empresa-pt-br\\\/esg-e-rsc-pt-br\\\/#primaryimage\"},\"thumbnailUrl\":\"https:\\\/\\\/isimarkets.com\\\/wp-content\\\/uploads\\\/01-Hero-istockphoto-2184992678-1024x1024_watermark.jpg\",\"datePublished\":\"2026-01-19T15:39:16+00:00\",\"dateModified\":\"2026-04-02T15:03:18+00:00\",\"description\":\"Conhe\u00e7a as iniciativas de ESG e RSC da ISI Markets, com foco em sustentabilidade, pr\u00e1ticas respons\u00e1veis de dados e impacto nos mercados emergentes.\",\"breadcrumb\":{\"@id\":\"https:\\\/\\\/isimarkets.com\\\/pt-br\\\/empresa-pt-br\\\/esg-e-rsc-pt-br\\\/#breadcrumb\"},\"inLanguage\":\"pt-BR\",\"potentialAction\":[{\"@type\":\"ReadAction\",\"target\":[\"https:\\\/\\\/isimarkets.com\\\/pt-br\\\/empresa-pt-br\\\/esg-e-rsc-pt-br\\\/\"]}]},{\"@type\":\"ImageObject\",\"inLanguage\":\"pt-BR\",\"@id\":\"https:\\\/\\\/isimarkets.com\\\/pt-br\\\/empresa-pt-br\\\/esg-e-rsc-pt-br\\\/#primaryimage\",\"url\":\"https:\\\/\\\/isimarkets.com\\\/wp-content\\\/uploads\\\/01-Hero-istockphoto-2184992678-1024x1024_watermark.jpg\",\"contentUrl\":\"https:\\\/\\\/isimarkets.com\\\/wp-content\\\/uploads\\\/01-Hero-istockphoto-2184992678-1024x1024_watermark.jpg\"},{\"@type\":\"BreadcrumbList\",\"@id\":\"https:\\\/\\\/isimarkets.com\\\/pt-br\\\/empresa-pt-br\\\/esg-e-rsc-pt-br\\\/#breadcrumb\",\"itemListElement\":[{\"@type\":\"ListItem\",\"position\":1,\"name\":\"Home\",\"item\":\"https:\\\/\\\/isimarkets.com\\\/pt-br\\\/\"},{\"@type\":\"ListItem\",\"position\":2,\"name\":\"Empresa\",\"item\":\"https:\\\/\\\/isimarkets.com\\\/pt-br\\\/empresa-pt-br\\\/\"},{\"@type\":\"ListItem\",\"position\":3,\"name\":\"ESG &amp; RSC\"}]},{\"@type\":\"WebSite\",\"@id\":\"https:\\\/\\\/isimarkets.com\\\/pt-br\\\/#website\",\"url\":\"https:\\\/\\\/isimarkets.com\\\/pt-br\\\/\",\"name\":\"ISI\",\"description\":\"Global Market Intelligence Platform\",\"potentialAction\":[{\"@type\":\"SearchAction\",\"target\":{\"@type\":\"EntryPoint\",\"urlTemplate\":\"https:\\\/\\\/isimarkets.com\\\/pt-br\\\/?s={search_term_string}\"},\"query-input\":{\"@type\":\"PropertyValueSpecification\",\"valueRequired\":true,\"valueName\":\"search_term_string\"}}],\"inLanguage\":\"pt-BR\"}]}<\/script>\n<!-- \/ Yoast SEO plugin. -->","yoast_head_json":{"title":"ESG e RSC em Mercados Emergentes | ISI Markets","description":"Conhe\u00e7a as iniciativas de ESG e RSC da ISI Markets, com foco em sustentabilidade, pr\u00e1ticas respons\u00e1veis de dados e impacto nos mercados emergentes.","robots":{"index":"index","follow":"follow","max-snippet":"max-snippet:-1","max-image-preview":"max-image-preview:large","max-video-preview":"max-video-preview:-1"},"canonical":"https:\/\/isimarkets.com\/pt-br\/empresa-pt-br\/esg-e-rsc-pt-br\/","og_locale":"pt_BR","og_type":"article","og_title":"ESG e RSC em Mercados Emergentes | ISI Markets","og_description":"Conhe\u00e7a as iniciativas de ESG e RSC da ISI Markets, com foco em sustentabilidade, pr\u00e1ticas respons\u00e1veis de dados e impacto nos mercados emergentes.","og_url":"https:\/\/isimarkets.com\/pt-br\/empresa-pt-br\/esg-e-rsc-pt-br\/","og_site_name":"ISI","article_modified_time":"2026-04-02T15:03:18+00:00","og_image":[{"url":"https:\/\/isimarkets.com\/wp-content\/uploads\/01-Hero-istockphoto-2184992678-1024x1024_watermark.jpg","type":"","width":"","height":""}],"twitter_card":"summary_large_image","twitter_misc":{"Est. tempo de leitura":"3 minutos"},"schema":{"@context":"https:\/\/schema.org","@graph":[{"@type":"WebPage","@id":"https:\/\/isimarkets.com\/pt-br\/empresa-pt-br\/esg-e-rsc-pt-br\/","url":"https:\/\/isimarkets.com\/pt-br\/empresa-pt-br\/esg-e-rsc-pt-br\/","name":"ESG e RSC em Mercados Emergentes | ISI Markets","isPartOf":{"@id":"https:\/\/isimarkets.com\/pt-br\/#website"},"primaryImageOfPage":{"@id":"https:\/\/isimarkets.com\/pt-br\/empresa-pt-br\/esg-e-rsc-pt-br\/#primaryimage"},"image":{"@id":"https:\/\/isimarkets.com\/pt-br\/empresa-pt-br\/esg-e-rsc-pt-br\/#primaryimage"},"thumbnailUrl":"https:\/\/isimarkets.com\/wp-content\/uploads\/01-Hero-istockphoto-2184992678-1024x1024_watermark.jpg","datePublished":"2026-01-19T15:39:16+00:00","dateModified":"2026-04-02T15:03:18+00:00","description":"Conhe\u00e7a as iniciativas de ESG e RSC da ISI Markets, com foco em sustentabilidade, pr\u00e1ticas respons\u00e1veis de dados e impacto nos mercados emergentes.","breadcrumb":{"@id":"https:\/\/isimarkets.com\/pt-br\/empresa-pt-br\/esg-e-rsc-pt-br\/#breadcrumb"},"inLanguage":"pt-BR","potentialAction":[{"@type":"ReadAction","target":["https:\/\/isimarkets.com\/pt-br\/empresa-pt-br\/esg-e-rsc-pt-br\/"]}]},{"@type":"ImageObject","inLanguage":"pt-BR","@id":"https:\/\/isimarkets.com\/pt-br\/empresa-pt-br\/esg-e-rsc-pt-br\/#primaryimage","url":"https:\/\/isimarkets.com\/wp-content\/uploads\/01-Hero-istockphoto-2184992678-1024x1024_watermark.jpg","contentUrl":"https:\/\/isimarkets.com\/wp-content\/uploads\/01-Hero-istockphoto-2184992678-1024x1024_watermark.jpg"},{"@type":"BreadcrumbList","@id":"https:\/\/isimarkets.com\/pt-br\/empresa-pt-br\/esg-e-rsc-pt-br\/#breadcrumb","itemListElement":[{"@type":"ListItem","position":1,"name":"Home","item":"https:\/\/isimarkets.com\/pt-br\/"},{"@type":"ListItem","position":2,"name":"Empresa","item":"https:\/\/isimarkets.com\/pt-br\/empresa-pt-br\/"},{"@type":"ListItem","position":3,"name":"ESG &amp; RSC"}]},{"@type":"WebSite","@id":"https:\/\/isimarkets.com\/pt-br\/#website","url":"https:\/\/isimarkets.com\/pt-br\/","name":"ISI","description":"Global Market Intelligence Platform","potentialAction":[{"@type":"SearchAction","target":{"@type":"EntryPoint","urlTemplate":"https:\/\/isimarkets.com\/pt-br\/?s={search_term_string}"},"query-input":{"@type":"PropertyValueSpecification","valueRequired":true,"valueName":"search_term_string"}}],"inLanguage":"pt-BR"}]}},"_links":{"self":[{"href":"https:\/\/isimarkets.com\/pt-br\/wp-json\/wp\/v2\/pages\/5124","targetHints":{"allow":["GET"]}}],"collection":[{"href":"https:\/\/isimarkets.com\/pt-br\/wp-json\/wp\/v2\/pages"}],"about":[{"href":"https:\/\/isimarkets.com\/pt-br\/wp-json\/wp\/v2\/types\/page"}],"author":[{"embeddable":true,"href":"https:\/\/isimarkets.com\/pt-br\/wp-json\/wp\/v2\/users\/1"}],"replies":[{"embeddable":true,"href":"https:\/\/isimarkets.com\/pt-br\/wp-json\/wp\/v2\/comments?post=5124"}],"version-history":[{"count":1,"href":"https:\/\/isimarkets.com\/pt-br\/wp-json\/wp\/v2\/pages\/5124\/revisions"}],"predecessor-version":[{"id":6207,"href":"https:\/\/isimarkets.com\/pt-br\/wp-json\/wp\/v2\/pages\/5124\/revisions\/6207"}],"up":[{"embeddable":true,"href":"https:\/\/isimarkets.com\/pt-br\/wp-json\/wp\/v2\/pages\/5106"}],"wp:attachment":[{"href":"https:\/\/isimarkets.com\/pt-br\/wp-json\/wp\/v2\/media?parent=5124"}],"curies":[{"name":"wp","href":"https:\/\/api.w.org\/{rel}","templated":true}]}}