{"id":5130,"date":"2026-01-19T15:39:45","date_gmt":"2026-01-19T15:39:45","guid":{"rendered":"https:\/\/isimarkets.com\/?p=5130"},"modified":"2026-04-02T17:36:30","modified_gmt":"2026-04-02T16:36:30","slug":"carreiras-pt-br","status":"publish","type":"page","link":"https:\/\/isimarkets.com\/pt-br\/empresa-pt-br\/carreiras-pt-br\/","title":{"rendered":"Carreiras"},"content":{"rendered":"<div id=\"cs-content\" class=\"cs-content\"><div class=\"cs-content x-global-block x-global-block-4950 e5130-e1\"><div class=\"x-section e4950-e2 m3ti-0 breadcrumbs\" id=\"breadcrumbs\"><div class=\"x-row x-container max width e4950-e3 m3ti-1 m3ti-2\"><div class=\"x-row-inner\"><div class=\"x-col e4950-e4 m3ti-3\"><nav class=\"x-crumbs e4950-e5 m3ti-4\" role=\"navigation\"><ol class=\"x-crumbs-list\" itemscope=\"\" itemtype=\"http:\/\/schema.org\/BreadcrumbList\" aria-label=\"Breadcrumb Navigation\"><li class=\"x-crumbs-list-item\" itemprop=\"itemListElement\" itemscope itemtype=\"http:\/\/schema.org\/ListItem\"><a class=\"x-crumbs-current x-crumbs-link\" itemtype=\"http:\/\/schema.org\/Thing\" itemprop=\"item\" href=\"https:\/\/isimarkets.com\/pt-br\/\" title=\"You Are Here\"><span itemprop=\"name\">Home<\/span><\/a><meta itemprop=\"position\" content=\"1\"><\/li><\/ol><\/nav><\/div><\/div><\/div><\/div><\/div><div class=\"x-section e5130-e2 m3yi-0 m3yi-1 hero title\" id=\"title\"><div class=\"x-row x-container max width e5130-e3 m3yi-3 m3yi-4 m3yi-5 m3yi-a m3yi-b\"><div class=\"x-row-inner\"><div class=\"x-col e5130-e4 m3yi-j\"><span class=\"x-image e5130-e5 m3yi-k m3yi-l\"><img decoding=\"async\" src=\"https:\/\/isimarkets.com\/wp-content\/uploads\/Careers-Banner-scaled.webp\" width=\"1280\" height=\"519\" alt=\"Homem sorridente com cabelos e barba grisalhos usando um su\u00e9ter bege sobre uma camisa azul, sentado \u00e0 mesa, transmitindo uma atmosfera amig\u00e1vel e descontra\u00edda.\" loading=\"lazy\"><\/span><\/div><\/div><\/div><div class=\"x-row x-container max width e5130-e6 m3yi-3 m3yi-4 m3yi-5 m3yi-a m3yi-c\"><div class=\"x-row-inner\"><div class=\"x-col e5130-e7 m3yi-j\"><div class=\"x-text x-content e5130-e8 m3yi-m\"><h1>Carreiras<\/h1>\n<h2><mark>Construa uma carreira com impacto global<\/mark><\/h2><\/div><\/div><\/div><\/div><div class=\"x-row x-container max width e5130-e9 m3yi-3 m3yi-4 m3yi-5 m3yi-a m3yi-d\"><div class=\"x-row-inner\"><div class=\"x-col e5130-e10 m3yi-j\"><div class=\"x-text x-content e5130-e11 m3yi-m\"><p>Na ISI, estamos moldando o futuro da intelig\u00eancia econ\u00f4mica e financeira em mercados em crescimento. Se voc\u00ea tem curiosidade sobre o mundo, \u00e9 motivado por prop\u00f3sitos e quer realizar um trabalho que realmente importa, aqui voc\u00ea se sentir\u00e1 em casa.<\/p>\n<p><a href=\"https:\/\/isimarkets.bamboohr.com\/careers\" class=\"button\" target=\"_blank\" rel=\"noopener\">Pesquise nossas vagas abertas<\/a><\/p><\/div><\/div><\/div><\/div><\/div><section class=\"x-section e5130-e12 m3yi-0 m3yi-2 features beige\" id=\"features\"><div class=\"x-row x-container max width e5130-e13 m3yi-3 m3yi-4 m3yi-6 m3yi-7 m3yi-e m3yi-f\"><div class=\"x-row-inner\"><div class=\"x-col e5130-e14 m3yi-j\"><div class=\"x-text x-content e5130-e15 m3yi-m\"><h2>Por que se juntar a n\u00f3s?<\/h2>\n<p>Se voc\u00ea tem mentalidade global, \u00e9 intelectualmente curioso e se entusiasma com crescimento e mudan\u00e7a, a ISI \u00e9 um lugar onde voc\u00ea pode deixar sua marca.<\/p><\/div><\/div><div class=\"x-col e5130-e16 m3yi-j\"><div class=\"x-text x-content e5130-e17 m3yi-m\"><ul>\n \t<li>\n<h3>Fa\u00e7a parte de algo significativo<\/h3>\n<p>H\u00e1 mais de 30 anos, ajudamos a lan\u00e7ar luz sobre mercados emergentes. Hoje, cerca de 800 colegas em todo o mundo contribuem para essa miss\u00e3o. <\/p>\n<\/li>\n \t<li>\n<h3>Desenvolva sua carreira, n\u00e3o apenas sua fun\u00e7\u00e3o<\/h3>\n<p>Criamos espa\u00e7o para que pessoas talentosas realizem seu melhor trabalho. Isso significa autonomia real, oportunidades para se desafiar e o apoio necess\u00e1rio para transformar ambi\u00e7\u00e3o em conquista. Muitos de nossos colegas descrevem seu tempo na ISI como um cap\u00edtulo decisivo em suas carreiras.  <\/p>\n<\/li>\n \t<li>\n<h3>Trabalhe com o mundo, n\u00e3o apenas nele<\/h3>\n<p>Nossas equipes abrangem Am\u00e9rica Latina, EUA, Reino Unido, Europa Central e Oriental, ASEAN, \u00cdndia, China e Norte da \u00c1sia. A colabora\u00e7\u00e3o al\u00e9m-fronteiras faz parte do cotidiano na ISI\u2014reunindo perspectivas diversas para oferecer melhores resultados aos nossos clientes e experi\u00eancias mais ricas para nossos colaboradores. <\/p>\n<\/li>\n<\/ul><\/div><\/div><\/div><\/div><\/section><span class=\"x-image e5130-e18 m3yi-k m3yi-l\"><img decoding=\"async\" src=\"https:\/\/isimarkets.com\/wp-content\/uploads\/Careers-Full-Width-Image-scaled.webp\" width=\"1280\" height=\"480\" alt=\"Edif\u00edcio de escrit\u00f3rios moderno com grandes janelas de vidro mostrando pessoas conversando no interior. Plantas internas e ilumina\u00e7\u00e3o acolhedora criam uma atmosfera convidativa.\" loading=\"lazy\"><\/span><section class=\"x-section e5130-e19 m3yi-0 m3yi-2 features beige\"><div class=\"x-row x-container max width e5130-e20 m3yi-3 m3yi-4 m3yi-6 m3yi-7 m3yi-e m3yi-g\"><div class=\"x-row-inner\"><div class=\"x-col e5130-e21 m3yi-j\"><div class=\"x-text x-content e5130-e22 m3yi-m\"><h2>Nossos valores<\/h2>\n<p>Nossos valores orientam como trabalhamos juntos e como crescemos\u2014individualmente e como empresa.<\/p><\/div><\/div><div class=\"x-col e5130-e23 m3yi-j\"><div class=\"x-text x-content e5130-e24 m3yi-m\"><ul>\n \t<li>\n  \t<h3>Mais fortes juntos<\/h3>\n  \t<p>Acreditamos que os melhores resultados v\u00eam da colabora\u00e7\u00e3o. Combinamos ambi\u00e7\u00e3o com humildade, sabendo que nossas for\u00e7as coletivas nos levam mais longe do que o esfor\u00e7o individual isolado. <\/p>\n  <\/li>\n  <li>\n  \t<h3>Encantar nossos clientes<\/h3>\n  \t<p>Nossos clientes est\u00e3o no centro de tudo o que fazemos. Temos orgulho de ser responsivos, atenciosos e incans\u00e1veis na entrega de um servi\u00e7o excepcional\u2014apoiando uns aos outros para ir al\u00e9m. <\/p>\n  <\/li>\n \t<li>\n  \t<h3>Inova\u00e7\u00e3o destemida<\/h3>\n  \t<p>Somos curiosos, questionadores e sempre buscamos maneiras melhores de fazer as coisas. Incentivamos as pessoas a se manifestarem, desafiarem suposi\u00e7\u00f5es e ajudarem a impulsionar o neg\u00f3cio. <\/p>\n  <\/li>\n  <li>\n  \t<h3>Fazer a coisa certa<\/h3>\n  \t<p>A integridade sustenta nossa cultura. Agimos com justi\u00e7a, respeito e responsabilidade\u2014criando um ambiente inclusivo onde todos se sentem valorizados e capazes de contribuir com o seu melhor. <\/p>\n  <\/li>\n  <li>\n  \t<h3>Vozes diversas s\u00e3o bem-vindas<\/h3>\n  \t<p>Recebemos candidaturas de todos os candidatos qualificados, independentemente de g\u00eanero, ra\u00e7a ou etnia, religi\u00e3o ou cren\u00e7a, orienta\u00e7\u00e3o sexual, defici\u00eancia ou idade. Com colegas representando mais de 30 nacionalidades e uma distribui\u00e7\u00e3o equilibrada de g\u00eanero, estamos comprometidos com pr\u00e1ticas de contrata\u00e7\u00e3o justas, inclusivas e imparciais. <\/p>\n  <\/li>\n<\/ul><\/div><\/div><\/div><\/div><\/section><section class=\"x-section e5130-e25 m3yi-0 m3yi-2 text-image\"><div class=\"x-row x-container max width e5130-e26 m3yi-3 m3yi-6 m3yi-7 m3yi-8 m3yi-e m3yi-h\" id=\"timelines\"><div class=\"x-row-inner\"><div class=\"x-col e5130-e27 m3yi-j\"><div class=\"x-text x-content e5130-e28 m3yi-m\"><h2>Um ambiente de trabalho projetado para o futuro<\/h2>\n<p>Nossa abordagem ao trabalho \u00e9 constru\u00edda em torno de flexibilidade e colabora\u00e7\u00e3o. Sabemos que nossos colaboradores valorizam autonomia\u2014mas tamb\u00e9m a energia que vem de passar tempo juntos. <\/p>\n\n<ul>\n \t<li>Trabalhe de qualquer lugar dois dias por semana<\/li>\n \t<li>Trabalhe de outro local (casa ou exterior) por at\u00e9 quatro semanas por ano<\/li>\n  <li>Uma cultura que confia em voc\u00ea para fazer as escolhas certas para si mesmo, sua equipe e seu trabalho<\/li>\n<\/ul>\n\n<p>Esse equil\u00edbrio tem sido especialmente significativo para pais e m\u00e3es que trabalham e para nossas equipes distribu\u00eddas globalmente, ajudando todos a prosperarem sem comprometer impacto ou conex\u00e3o.<\/p><\/div><\/div><div class=\"x-col e5130-e29 m3yi-j\"><span class=\"x-image e5130-e30 m3yi-k\"><img decoding=\"async\" src=\"https:\/\/isimarkets.com\/wp-content\/uploads\/A-Workplace-Designed-for-the-Future.webp\" width=\"1300\" height=\"1300\" alt=\"Duas mulheres envolvidas em uma discuss\u00e3o \u00e0 mesa, uma gesticulando com as m\u00e3os. O ambiente \u00e9 informal, com foco em colabora\u00e7\u00e3o e comunica\u00e7\u00e3o.\" loading=\"lazy\"><\/span><\/div><\/div><\/div><\/section><div class=\"cs-content x-global-block x-global-block-5016 e5130-e31\"><section class=\"x-section e5016-e2 m3vc-0 testimonials testimonials-product\" id=\"testimonials\"><div class=\"x-row x-container max width e5016-e3 m3vc-1 m3vc-2\"><div class=\"x-row-inner\"><div class=\"x-col e5016-e4 m3vc-3\"><div class=\"x-text x-content e5016-e5 m3vc-4\"><h2>What Our Colleagues Say<\/h2>\n<div class=\"testimonial-enclosure\"><!-- No post context for testimonials --><\/div><\/div><\/div><\/div><\/div><\/section><\/div><section class=\"x-section e5130-e32 m3yi-0 m3yi-2 text-image\"><div class=\"x-row x-container max width e5130-e33 m3yi-3 m3yi-7 m3yi-8 m3yi-9 m3yi-e m3yi-i\" id=\"unique-coverage\"><div class=\"x-row-inner\"><div class=\"x-col e5130-e34 m3yi-j\"><span class=\"x-image e5130-e35 m3yi-k\"><img decoding=\"async\" src=\"https:\/\/isimarkets.com\/wp-content\/uploads\/Ready-To-Explore-Your-Next-Move.webp\" width=\"1300\" height=\"1300\" alt=\"Uma mulher com cabelos loiros longos est\u00e1 sorrindo pensativamente, apoiando o queixo na m\u00e3o. Duas figuras desfocadas ao fundo criam uma atmosfera serena e reflexiva.\" loading=\"lazy\"><\/span><\/div><div class=\"x-col e5130-e36 m3yi-j\"><div class=\"x-text x-content e5130-e37 m3yi-m\"><h2>Pronto para explorar seu pr\u00f3ximo passo?<\/h2>\n<p>Insights profundos sobre emissores e instrumentos que voc\u00ea n\u00e3o encontrar\u00e1 em nenhum outro lugar.<\/p>\n<p>Se voc\u00ea n\u00e3o encontrar a fun\u00e7\u00e3o certa hoje, continue verificando\u2014estamos crescendo e novas oportunidades surgem regularmente.<\/p>\n<p><a href=\"https:\/\/isimarkets.bamboohr.com\/careers\" class=\"button\" target=\"_blank\" rel=\"noopener\">Pesquise nossas vagas atuais<\/a><\/p><\/div><\/div><\/div><\/div><\/section><\/div>","protected":false},"excerpt":{"rendered":"<p>HomeCarreiras Construa uma carreira com impacto globalNa ISI, estamos moldando o futuro da intelig\u00eancia econ\u00f4mica e financeira em mercados em crescimento. Se voc\u00ea tem curiosidade sobre o mundo, \u00e9 motivado por prop\u00f3sitos e quer realizar um trabalho que realmente importa, aqui voc\u00ea se sentir\u00e1 em casa. Pesquise nossas vagas abertasPor que se juntar a n\u00f3s? Se voc\u00ea tem mentalidade global,&hellip;<\/p>\n","protected":false},"author":1,"featured_media":0,"parent":5106,"menu_order":4,"comment_status":"closed","ping_status":"closed","template":"template-blank-4.php","meta":{"content-type":"","cpa_authors":[],"cpa_override_default":false,"footnotes":""},"class_list":["post-5130","page","type-page","status-publish","hentry","no-post-thumbnail"],"yoast_head":"<!-- This site is optimized with the Yoast SEO plugin v27.4 - https:\/\/yoast.com\/product\/yoast-seo-wordpress\/ -->\n<title>Carreiras na ISI Markets | Junte-se \u00e0 Nossa Equipe de Intelig\u00eancia de Mercado Global<\/title>\n<meta name=\"description\" content=\"Construa sua carreira na ISI Markets e trabalhe em solu\u00e7\u00f5es de intelig\u00eancia de mercado global. Explore oportunidades, desenvolva suas habilidades e gere impacto mundial.\" \/>\n<meta name=\"robots\" content=\"index, follow, max-snippet:-1, max-image-preview:large, max-video-preview:-1\" \/>\n<link rel=\"canonical\" href=\"https:\/\/isimarkets.com\/pt-br\/empresa-pt-br\/carreiras-pt-br\/\" \/>\n<meta property=\"og:locale\" content=\"pt_BR\" \/>\n<meta property=\"og:type\" content=\"article\" \/>\n<meta property=\"og:title\" content=\"Carreiras na ISI Markets | Junte-se \u00e0 Nossa Equipe de Intelig\u00eancia de Mercado Global\" \/>\n<meta property=\"og:description\" content=\"Construa sua carreira na ISI Markets e trabalhe em solu\u00e7\u00f5es de intelig\u00eancia de mercado global. Explore oportunidades, desenvolva suas habilidades e gere impacto mundial.\" \/>\n<meta property=\"og:url\" content=\"https:\/\/isimarkets.com\/pt-br\/empresa-pt-br\/carreiras-pt-br\/\" \/>\n<meta property=\"og:site_name\" content=\"ISI\" \/>\n<meta property=\"article:modified_time\" content=\"2026-04-02T16:36:30+00:00\" \/>\n<meta property=\"og:image\" content=\"https:\/\/isimarkets.com\/wp-content\/uploads\/Careers-Banner-scaled.webp\" \/>\n<meta name=\"twitter:card\" content=\"summary_large_image\" \/>\n<meta name=\"twitter:label1\" content=\"Est. tempo de leitura\" \/>\n\t<meta name=\"twitter:data1\" content=\"3 minutos\" \/>\n<script type=\"application\/ld+json\" class=\"yoast-schema-graph\">{\"@context\":\"https:\\\/\\\/schema.org\",\"@graph\":[{\"@type\":\"WebPage\",\"@id\":\"https:\\\/\\\/isimarkets.com\\\/pt-br\\\/empresa-pt-br\\\/carreiras-pt-br\\\/\",\"url\":\"https:\\\/\\\/isimarkets.com\\\/pt-br\\\/empresa-pt-br\\\/carreiras-pt-br\\\/\",\"name\":\"Carreiras na ISI Markets | Junte-se \u00e0 Nossa Equipe de Intelig\u00eancia de Mercado Global\",\"isPartOf\":{\"@id\":\"https:\\\/\\\/isimarkets.com\\\/pt-br\\\/#website\"},\"primaryImageOfPage\":{\"@id\":\"https:\\\/\\\/isimarkets.com\\\/pt-br\\\/empresa-pt-br\\\/carreiras-pt-br\\\/#primaryimage\"},\"image\":{\"@id\":\"https:\\\/\\\/isimarkets.com\\\/pt-br\\\/empresa-pt-br\\\/carreiras-pt-br\\\/#primaryimage\"},\"thumbnailUrl\":\"https:\\\/\\\/isimarkets.com\\\/wp-content\\\/uploads\\\/Careers-Banner-scaled.webp\",\"datePublished\":\"2026-01-19T15:39:45+00:00\",\"dateModified\":\"2026-04-02T16:36:30+00:00\",\"description\":\"Construa sua carreira na ISI Markets e trabalhe em solu\u00e7\u00f5es de intelig\u00eancia de mercado global. Explore oportunidades, desenvolva suas habilidades e gere impacto mundial.\",\"breadcrumb\":{\"@id\":\"https:\\\/\\\/isimarkets.com\\\/pt-br\\\/empresa-pt-br\\\/carreiras-pt-br\\\/#breadcrumb\"},\"inLanguage\":\"pt-BR\",\"potentialAction\":[{\"@type\":\"ReadAction\",\"target\":[\"https:\\\/\\\/isimarkets.com\\\/pt-br\\\/empresa-pt-br\\\/carreiras-pt-br\\\/\"]}]},{\"@type\":\"ImageObject\",\"inLanguage\":\"pt-BR\",\"@id\":\"https:\\\/\\\/isimarkets.com\\\/pt-br\\\/empresa-pt-br\\\/carreiras-pt-br\\\/#primaryimage\",\"url\":\"https:\\\/\\\/isimarkets.com\\\/wp-content\\\/uploads\\\/Careers-Banner-scaled.webp\",\"contentUrl\":\"https:\\\/\\\/isimarkets.com\\\/wp-content\\\/uploads\\\/Careers-Banner-scaled.webp\"},{\"@type\":\"BreadcrumbList\",\"@id\":\"https:\\\/\\\/isimarkets.com\\\/pt-br\\\/empresa-pt-br\\\/carreiras-pt-br\\\/#breadcrumb\",\"itemListElement\":[{\"@type\":\"ListItem\",\"position\":1,\"name\":\"Home\",\"item\":\"https:\\\/\\\/isimarkets.com\\\/pt-br\\\/\"},{\"@type\":\"ListItem\",\"position\":2,\"name\":\"Empresa\",\"item\":\"https:\\\/\\\/isimarkets.com\\\/pt-br\\\/empresa-pt-br\\\/\"},{\"@type\":\"ListItem\",\"position\":3,\"name\":\"Carreiras\"}]},{\"@type\":\"WebSite\",\"@id\":\"https:\\\/\\\/isimarkets.com\\\/pt-br\\\/#website\",\"url\":\"https:\\\/\\\/isimarkets.com\\\/pt-br\\\/\",\"name\":\"ISI\",\"description\":\"Global Market Intelligence Platform\",\"potentialAction\":[{\"@type\":\"SearchAction\",\"target\":{\"@type\":\"EntryPoint\",\"urlTemplate\":\"https:\\\/\\\/isimarkets.com\\\/pt-br\\\/?s={search_term_string}\"},\"query-input\":{\"@type\":\"PropertyValueSpecification\",\"valueRequired\":true,\"valueName\":\"search_term_string\"}}],\"inLanguage\":\"pt-BR\"}]}<\/script>\n<!-- \/ Yoast SEO plugin. -->","yoast_head_json":{"title":"Carreiras na ISI Markets | Junte-se \u00e0 Nossa Equipe de Intelig\u00eancia de Mercado Global","description":"Construa sua carreira na ISI Markets e trabalhe em solu\u00e7\u00f5es de intelig\u00eancia de mercado global. Explore oportunidades, desenvolva suas habilidades e gere impacto mundial.","robots":{"index":"index","follow":"follow","max-snippet":"max-snippet:-1","max-image-preview":"max-image-preview:large","max-video-preview":"max-video-preview:-1"},"canonical":"https:\/\/isimarkets.com\/pt-br\/empresa-pt-br\/carreiras-pt-br\/","og_locale":"pt_BR","og_type":"article","og_title":"Carreiras na ISI Markets | Junte-se \u00e0 Nossa Equipe de Intelig\u00eancia de Mercado Global","og_description":"Construa sua carreira na ISI Markets e trabalhe em solu\u00e7\u00f5es de intelig\u00eancia de mercado global. Explore oportunidades, desenvolva suas habilidades e gere impacto mundial.","og_url":"https:\/\/isimarkets.com\/pt-br\/empresa-pt-br\/carreiras-pt-br\/","og_site_name":"ISI","article_modified_time":"2026-04-02T16:36:30+00:00","og_image":[{"url":"https:\/\/isimarkets.com\/wp-content\/uploads\/Careers-Banner-scaled.webp","type":"","width":"","height":""}],"twitter_card":"summary_large_image","twitter_misc":{"Est. tempo de leitura":"3 minutos"},"schema":{"@context":"https:\/\/schema.org","@graph":[{"@type":"WebPage","@id":"https:\/\/isimarkets.com\/pt-br\/empresa-pt-br\/carreiras-pt-br\/","url":"https:\/\/isimarkets.com\/pt-br\/empresa-pt-br\/carreiras-pt-br\/","name":"Carreiras na ISI Markets | Junte-se \u00e0 Nossa Equipe de Intelig\u00eancia de Mercado Global","isPartOf":{"@id":"https:\/\/isimarkets.com\/pt-br\/#website"},"primaryImageOfPage":{"@id":"https:\/\/isimarkets.com\/pt-br\/empresa-pt-br\/carreiras-pt-br\/#primaryimage"},"image":{"@id":"https:\/\/isimarkets.com\/pt-br\/empresa-pt-br\/carreiras-pt-br\/#primaryimage"},"thumbnailUrl":"https:\/\/isimarkets.com\/wp-content\/uploads\/Careers-Banner-scaled.webp","datePublished":"2026-01-19T15:39:45+00:00","dateModified":"2026-04-02T16:36:30+00:00","description":"Construa sua carreira na ISI Markets e trabalhe em solu\u00e7\u00f5es de intelig\u00eancia de mercado global. Explore oportunidades, desenvolva suas habilidades e gere impacto mundial.","breadcrumb":{"@id":"https:\/\/isimarkets.com\/pt-br\/empresa-pt-br\/carreiras-pt-br\/#breadcrumb"},"inLanguage":"pt-BR","potentialAction":[{"@type":"ReadAction","target":["https:\/\/isimarkets.com\/pt-br\/empresa-pt-br\/carreiras-pt-br\/"]}]},{"@type":"ImageObject","inLanguage":"pt-BR","@id":"https:\/\/isimarkets.com\/pt-br\/empresa-pt-br\/carreiras-pt-br\/#primaryimage","url":"https:\/\/isimarkets.com\/wp-content\/uploads\/Careers-Banner-scaled.webp","contentUrl":"https:\/\/isimarkets.com\/wp-content\/uploads\/Careers-Banner-scaled.webp"},{"@type":"BreadcrumbList","@id":"https:\/\/isimarkets.com\/pt-br\/empresa-pt-br\/carreiras-pt-br\/#breadcrumb","itemListElement":[{"@type":"ListItem","position":1,"name":"Home","item":"https:\/\/isimarkets.com\/pt-br\/"},{"@type":"ListItem","position":2,"name":"Empresa","item":"https:\/\/isimarkets.com\/pt-br\/empresa-pt-br\/"},{"@type":"ListItem","position":3,"name":"Carreiras"}]},{"@type":"WebSite","@id":"https:\/\/isimarkets.com\/pt-br\/#website","url":"https:\/\/isimarkets.com\/pt-br\/","name":"ISI","description":"Global Market Intelligence Platform","potentialAction":[{"@type":"SearchAction","target":{"@type":"EntryPoint","urlTemplate":"https:\/\/isimarkets.com\/pt-br\/?s={search_term_string}"},"query-input":{"@type":"PropertyValueSpecification","valueRequired":true,"valueName":"search_term_string"}}],"inLanguage":"pt-BR"}]}},"_links":{"self":[{"href":"https:\/\/isimarkets.com\/pt-br\/wp-json\/wp\/v2\/pages\/5130","targetHints":{"allow":["GET"]}}],"collection":[{"href":"https:\/\/isimarkets.com\/pt-br\/wp-json\/wp\/v2\/pages"}],"about":[{"href":"https:\/\/isimarkets.com\/pt-br\/wp-json\/wp\/v2\/types\/page"}],"author":[{"embeddable":true,"href":"https:\/\/isimarkets.com\/pt-br\/wp-json\/wp\/v2\/users\/1"}],"replies":[{"embeddable":true,"href":"https:\/\/isimarkets.com\/pt-br\/wp-json\/wp\/v2\/comments?post=5130"}],"version-history":[{"count":1,"href":"https:\/\/isimarkets.com\/pt-br\/wp-json\/wp\/v2\/pages\/5130\/revisions"}],"predecessor-version":[{"id":6221,"href":"https:\/\/isimarkets.com\/pt-br\/wp-json\/wp\/v2\/pages\/5130\/revisions\/6221"}],"up":[{"embeddable":true,"href":"https:\/\/isimarkets.com\/pt-br\/wp-json\/wp\/v2\/pages\/5106"}],"wp:attachment":[{"href":"https:\/\/isimarkets.com\/pt-br\/wp-json\/wp\/v2\/media?parent=5130"}],"curies":[{"name":"wp","href":"https:\/\/api.w.org\/{rel}","templated":true}]}}