{"id":5136,"date":"2026-01-19T15:40:13","date_gmt":"2026-01-19T15:40:13","guid":{"rendered":"https:\/\/isimarkets.com\/?p=5136"},"modified":"2026-04-14T15:40:56","modified_gmt":"2026-04-14T14:40:56","slug":"contato-pt-br","status":"publish","type":"page","link":"https:\/\/isimarkets.com\/pt-br\/empresa\/contato\/","title":{"rendered":"Contato"},"content":{"rendered":"<div id=\"cs-content\" class=\"cs-content\"><div class=\"x-section e5136-e1 m3yo-0 m3yo-1 breadcrumbs\" id=\"breadcrumbs\"><div class=\"x-row x-container max width e5136-e2 m3yo-4 m3yo-5 m3yo-8\"><div class=\"x-row-inner\"><div class=\"x-col e5136-e3 m3yo-e\"><nav class=\"x-crumbs e5136-e4 m3yo-f\" role=\"navigation\"><ol class=\"x-crumbs-list\" itemscope=\"\" itemtype=\"http:\/\/schema.org\/BreadcrumbList\" aria-label=\"Breadcrumb Navigation\"><li class=\"x-crumbs-list-item\" itemprop=\"itemListElement\" itemscope itemtype=\"http:\/\/schema.org\/ListItem\"><a class=\"x-crumbs-current x-crumbs-link\" itemtype=\"http:\/\/schema.org\/Thing\" itemprop=\"item\" href=\"https:\/\/isimarkets.com\/pt-br\/\" title=\"You Are Here\"><span itemprop=\"name\">Home<\/span><\/a><meta itemprop=\"position\" content=\"1\"><\/li><\/ol><\/nav><\/div><\/div><\/div><\/div><section class=\"x-section e5136-e5 m3yo-0 m3yo-2 title simple\" id=\"title\"><div class=\"x-row x-container max width e5136-e6 m3yo-4 m3yo-6 m3yo-9 m3yo-a\"><div class=\"x-row-inner\"><div class=\"x-col e5136-e7 m3yo-e\"><div class=\"x-text x-content e5136-e8 m3yo-g\"><h1>Entre em contato<\/h1><\/div><\/div><\/div><\/div><div class=\"x-row x-container max width e5136-e9 m3yo-4 m3yo-6 m3yo-9 m3yo-b\"><div class=\"x-row-inner\"><div class=\"x-col e5136-e10 m3yo-e\"><div class=\"x-text x-content e5136-e11 m3yo-g\">Nos conte seus requisitos espec\u00edficos de pesquisa em mercados em crescimento e entraremos em contato.<\/div><\/div><\/div><\/div><\/section><section class=\"x-section e5136-e12 m3yo-0 m3yo-3 form\" id=\"form\"><div class=\"x-row x-container max width e5136-e13 m3yo-4 m3yo-6 m3yo-9 m3yo-c\"><div class=\"x-row-inner\"><div class=\"x-col e5136-e14 m3yo-e\"><div class=\"form-area\"><div id=\"hubspot-form-69e94328e597b\" class=\"hubspot-form-auto\" data-region=\"na1\" data-portal-id=\"145094632\" data-form-id=\"483e19c9-0bcd-4bdf-9ffa-11d0bd05986a\"><\/div><\/div><\/div><\/div><\/div><\/section><section class=\"x-section e5136-e16 m3yo-0 m3yo-1 features beige\" id=\"features\"><div class=\"x-row x-container max width e5136-e17 m3yo-4 m3yo-7 m3yo-d\"><div class=\"x-row-inner\"><div class=\"x-col e5136-e18 m3yo-e\"><div class=\"x-text x-content e5136-e19 m3yo-g\"><h2>Localiza\u00e7\u00f5es<\/h2><\/div><\/div><div class=\"x-col e5136-e20 m3yo-e\"><div class=\"x-text x-content e5136-e21 m3yo-g\"><ul>\n \t<li>\n<h3>Europa<\/h3>\n<p>BlueFin Building Level 1<br>110 Southwark Street<br>London, SE1 0SU<br>United Kingdom<\/p>\n<p>General enquiries:\u2028 <a href=\"tel:+442081429141\">+44 20 8142 9141<\/a><br>Sales enquiries:\u2028 <a href=\"tel:+442081424389\">+44 20 8142 4389<\/a><\/li>\n \t<li>\n<h3>\u00c1sia<\/h3>\n<p>48-101, 46\/F,<br>Lee Garden One<br>33 Hysan Avenue<br>Causeway Bay,<br>Hong Kong SAR da China<\/p>\n<p><a href=\"tel:+85225913379\">+852 2591 3379<\/a><\/p>\n<\/li>\n \t<li>\n<h3>Am\u00e9ricas<\/h3>\n<p>575 Lexington Avenue<br>17th Floor<br>New York City,<br>Nova York 10022<br>Estados Unidos<\/p>\n<p><a href=\"tel:+12126102900\">+1 212 610 2900<\/a><\/p>\n<\/li>\n<\/ul><\/div><\/div><\/div><\/div><\/section><div class=\"cs-content x-global-block x-global-block-4962 e5136-e22\"><section class=\"x-section e4962-e2 m3tu-0 cta solution-cta accent\" id=\"cta\"><div class=\"x-row x-container max width e4962-e3 m3tu-1 m3tu-2\"><div class=\"x-row-inner\"><div class=\"x-col e4962-e4 m3tu-3\"><div class=\"x-text x-content e4962-e5 m3tu-4\"><h2>Request Demo<\/h2>\n<p class=\"highlight\"><mark>Turn complexity into clarity<\/mark><\/p>\n<p class=\"cta\"><a class=\"button request-demo\" href=\"\/demo\/\">Request Demo<\/a><\/p><\/div><\/div><div class=\"x-col e4962-e6 m3tu-3\"><div class=\"x-text x-content e4962-e7 m3tu-4\"><div class=\"x-image\"><img loading=\"lazy\" decoding=\"async\" src=\"https:\/\/isimarkets.com\/wp-content\/uploads\/Demo-05.webp\" alt=\"\" width=\"2000\" height=\"2000\" class=\"alignnone size-full wp-image-4823\" srcset=\"https:\/\/isimarkets.com\/wp-content\/uploads\/Demo-05.webp 2000w, https:\/\/isimarkets.com\/wp-content\/uploads\/Demo-05-300x300.webp 300w, https:\/\/isimarkets.com\/wp-content\/uploads\/Demo-05-1024x1024.webp 1024w, https:\/\/isimarkets.com\/wp-content\/uploads\/Demo-05-150x150.webp 150w, https:\/\/isimarkets.com\/wp-content\/uploads\/Demo-05-768x768.webp 768w, https:\/\/isimarkets.com\/wp-content\/uploads\/Demo-05-1536x1536.webp 1536w\" sizes=\"auto, (max-width: 2000px) 100vw, 2000px\" \/><\/div><\/div><\/div><\/div><\/div><\/section><\/div><\/div>","protected":false},"excerpt":{"rendered":"<p>HomeEntre em contatoNos conte seus requisitos espec\u00edficos de pesquisa em mercados em crescimento e entraremos em contato.Localiza\u00e7\u00f5es Europa BlueFin Building Level 1110 Southwark StreetLondon, SE1 0SUUnited Kingdom General enquiries:\u2028 +44 20 8142 9141Sales enquiries:\u2028 +44 20 8142 4389 \u00c1sia 48-101, 46\/F,Lee Garden One33 Hysan AvenueCauseway Bay,Hong Kong SAR da China +852 2591 3379 Am\u00e9ricas 575 Lexington Avenue17th FloorNew York City,Nova&hellip;<\/p>\n","protected":false},"author":1,"featured_media":0,"parent":5106,"menu_order":5,"comment_status":"closed","ping_status":"closed","template":"template-blank-4.php","meta":{"content-type":"","cpa_authors":[],"cpa_override_default":false,"footnotes":""},"class_list":["post-5136","page","type-page","status-publish","hentry","no-post-thumbnail"],"yoast_head":"<!-- This site is optimized with the Yoast SEO plugin v27.4 - https:\/\/yoast.com\/product\/yoast-seo-wordpress\/ -->\n<title>Contate a ISI Markets | Consultas e Suporte<\/title>\n<meta name=\"description\" content=\"Entre em contato com a ISI Markets para consultas sobre dados financeiros, plataformas de intelig\u00eancia de mercado e insights sobre mercados emergentes. Envie sua solicita\u00e7\u00e3o e obtenha suporte especializado.\" \/>\n<meta name=\"robots\" content=\"index, follow, max-snippet:-1, max-image-preview:large, max-video-preview:-1\" \/>\n<link rel=\"canonical\" href=\"https:\/\/isimarkets.com\/pt-br\/empresa\/contato\/\" \/>\n<meta property=\"og:locale\" content=\"pt_BR\" \/>\n<meta property=\"og:type\" content=\"article\" \/>\n<meta property=\"og:title\" content=\"Contate a ISI Markets | Consultas e Suporte\" \/>\n<meta property=\"og:description\" content=\"Entre em contato com a ISI Markets para consultas sobre dados financeiros, plataformas de intelig\u00eancia de mercado e insights sobre mercados emergentes. Envie sua solicita\u00e7\u00e3o e obtenha suporte especializado.\" \/>\n<meta property=\"og:url\" content=\"https:\/\/isimarkets.com\/pt-br\/empresa\/contato\/\" \/>\n<meta property=\"og:site_name\" content=\"ISI\" \/>\n<meta property=\"article:modified_time\" content=\"2026-04-14T14:40:56+00:00\" \/>\n<meta property=\"og:image\" content=\"https:\/\/isimarkets.com\/wp-content\/uploads\/Demo-08.webp\" \/>\n<meta name=\"twitter:card\" content=\"summary_large_image\" \/>\n<meta name=\"twitter:label1\" content=\"Est. tempo de leitura\" \/>\n\t<meta name=\"twitter:data1\" content=\"2 minutos\" \/>\n<script type=\"application\/ld+json\" class=\"yoast-schema-graph\">{\"@context\":\"https:\\\/\\\/schema.org\",\"@graph\":[{\"@type\":\"WebPage\",\"@id\":\"https:\\\/\\\/isimarkets.com\\\/pt-br\\\/empresa\\\/contato\\\/\",\"url\":\"https:\\\/\\\/isimarkets.com\\\/pt-br\\\/empresa\\\/contato\\\/\",\"name\":\"Contate a ISI Markets | Consultas e Suporte\",\"isPartOf\":{\"@id\":\"https:\\\/\\\/isimarkets.com\\\/pt-br\\\/#website\"},\"primaryImageOfPage\":{\"@id\":\"https:\\\/\\\/isimarkets.com\\\/pt-br\\\/empresa\\\/contato\\\/#primaryimage\"},\"image\":{\"@id\":\"https:\\\/\\\/isimarkets.com\\\/pt-br\\\/empresa\\\/contato\\\/#primaryimage\"},\"thumbnailUrl\":\"https:\\\/\\\/isimarkets.com\\\/wp-content\\\/uploads\\\/Demo-08.webp\",\"datePublished\":\"2026-01-19T15:40:13+00:00\",\"dateModified\":\"2026-04-14T14:40:56+00:00\",\"description\":\"Entre em contato com a ISI Markets para consultas sobre dados financeiros, plataformas de intelig\u00eancia de mercado e insights sobre mercados emergentes. Envie sua solicita\u00e7\u00e3o e obtenha suporte especializado.\",\"breadcrumb\":{\"@id\":\"https:\\\/\\\/isimarkets.com\\\/pt-br\\\/empresa\\\/contato\\\/#breadcrumb\"},\"inLanguage\":\"pt-BR\",\"potentialAction\":[{\"@type\":\"ReadAction\",\"target\":[\"https:\\\/\\\/isimarkets.com\\\/pt-br\\\/empresa\\\/contato\\\/\"]}]},{\"@type\":\"ImageObject\",\"inLanguage\":\"pt-BR\",\"@id\":\"https:\\\/\\\/isimarkets.com\\\/pt-br\\\/empresa\\\/contato\\\/#primaryimage\",\"url\":\"https:\\\/\\\/isimarkets.com\\\/wp-content\\\/uploads\\\/Demo-08.webp\",\"contentUrl\":\"https:\\\/\\\/isimarkets.com\\\/wp-content\\\/uploads\\\/Demo-08.webp\"},{\"@type\":\"BreadcrumbList\",\"@id\":\"https:\\\/\\\/isimarkets.com\\\/pt-br\\\/empresa\\\/contato\\\/#breadcrumb\",\"itemListElement\":[{\"@type\":\"ListItem\",\"position\":1,\"name\":\"Home\",\"item\":\"https:\\\/\\\/isimarkets.com\\\/pt-br\\\/\"},{\"@type\":\"ListItem\",\"position\":2,\"name\":\"Empresa\",\"item\":\"https:\\\/\\\/isimarkets.com\\\/pt-br\\\/empresa-pt-br\\\/\"},{\"@type\":\"ListItem\",\"position\":3,\"name\":\"Contato\"}]},{\"@type\":\"WebSite\",\"@id\":\"https:\\\/\\\/isimarkets.com\\\/pt-br\\\/#website\",\"url\":\"https:\\\/\\\/isimarkets.com\\\/pt-br\\\/\",\"name\":\"ISI\",\"description\":\"Global Market Intelligence Platform\",\"potentialAction\":[{\"@type\":\"SearchAction\",\"target\":{\"@type\":\"EntryPoint\",\"urlTemplate\":\"https:\\\/\\\/isimarkets.com\\\/pt-br\\\/?s={search_term_string}\"},\"query-input\":{\"@type\":\"PropertyValueSpecification\",\"valueRequired\":true,\"valueName\":\"search_term_string\"}}],\"inLanguage\":\"pt-BR\"}]}<\/script>\n<!-- \/ Yoast SEO plugin. -->","yoast_head_json":{"title":"Contate a ISI Markets | Consultas e Suporte","description":"Entre em contato com a ISI Markets para consultas sobre dados financeiros, plataformas de intelig\u00eancia de mercado e insights sobre mercados emergentes. Envie sua solicita\u00e7\u00e3o e obtenha suporte especializado.","robots":{"index":"index","follow":"follow","max-snippet":"max-snippet:-1","max-image-preview":"max-image-preview:large","max-video-preview":"max-video-preview:-1"},"canonical":"https:\/\/isimarkets.com\/pt-br\/empresa\/contato\/","og_locale":"pt_BR","og_type":"article","og_title":"Contate a ISI Markets | Consultas e Suporte","og_description":"Entre em contato com a ISI Markets para consultas sobre dados financeiros, plataformas de intelig\u00eancia de mercado e insights sobre mercados emergentes. Envie sua solicita\u00e7\u00e3o e obtenha suporte especializado.","og_url":"https:\/\/isimarkets.com\/pt-br\/empresa\/contato\/","og_site_name":"ISI","article_modified_time":"2026-04-14T14:40:56+00:00","og_image":[{"url":"https:\/\/isimarkets.com\/wp-content\/uploads\/Demo-08.webp","type":"","width":"","height":""}],"twitter_card":"summary_large_image","twitter_misc":{"Est. tempo de leitura":"2 minutos"},"schema":{"@context":"https:\/\/schema.org","@graph":[{"@type":"WebPage","@id":"https:\/\/isimarkets.com\/pt-br\/empresa\/contato\/","url":"https:\/\/isimarkets.com\/pt-br\/empresa\/contato\/","name":"Contate a ISI Markets | Consultas e Suporte","isPartOf":{"@id":"https:\/\/isimarkets.com\/pt-br\/#website"},"primaryImageOfPage":{"@id":"https:\/\/isimarkets.com\/pt-br\/empresa\/contato\/#primaryimage"},"image":{"@id":"https:\/\/isimarkets.com\/pt-br\/empresa\/contato\/#primaryimage"},"thumbnailUrl":"https:\/\/isimarkets.com\/wp-content\/uploads\/Demo-08.webp","datePublished":"2026-01-19T15:40:13+00:00","dateModified":"2026-04-14T14:40:56+00:00","description":"Entre em contato com a ISI Markets para consultas sobre dados financeiros, plataformas de intelig\u00eancia de mercado e insights sobre mercados emergentes. Envie sua solicita\u00e7\u00e3o e obtenha suporte especializado.","breadcrumb":{"@id":"https:\/\/isimarkets.com\/pt-br\/empresa\/contato\/#breadcrumb"},"inLanguage":"pt-BR","potentialAction":[{"@type":"ReadAction","target":["https:\/\/isimarkets.com\/pt-br\/empresa\/contato\/"]}]},{"@type":"ImageObject","inLanguage":"pt-BR","@id":"https:\/\/isimarkets.com\/pt-br\/empresa\/contato\/#primaryimage","url":"https:\/\/isimarkets.com\/wp-content\/uploads\/Demo-08.webp","contentUrl":"https:\/\/isimarkets.com\/wp-content\/uploads\/Demo-08.webp"},{"@type":"BreadcrumbList","@id":"https:\/\/isimarkets.com\/pt-br\/empresa\/contato\/#breadcrumb","itemListElement":[{"@type":"ListItem","position":1,"name":"Home","item":"https:\/\/isimarkets.com\/pt-br\/"},{"@type":"ListItem","position":2,"name":"Empresa","item":"https:\/\/isimarkets.com\/pt-br\/empresa-pt-br\/"},{"@type":"ListItem","position":3,"name":"Contato"}]},{"@type":"WebSite","@id":"https:\/\/isimarkets.com\/pt-br\/#website","url":"https:\/\/isimarkets.com\/pt-br\/","name":"ISI","description":"Global Market Intelligence Platform","potentialAction":[{"@type":"SearchAction","target":{"@type":"EntryPoint","urlTemplate":"https:\/\/isimarkets.com\/pt-br\/?s={search_term_string}"},"query-input":{"@type":"PropertyValueSpecification","valueRequired":true,"valueName":"search_term_string"}}],"inLanguage":"pt-BR"}]}},"_links":{"self":[{"href":"https:\/\/isimarkets.com\/pt-br\/wp-json\/wp\/v2\/pages\/5136","targetHints":{"allow":["GET"]}}],"collection":[{"href":"https:\/\/isimarkets.com\/pt-br\/wp-json\/wp\/v2\/pages"}],"about":[{"href":"https:\/\/isimarkets.com\/pt-br\/wp-json\/wp\/v2\/types\/page"}],"author":[{"embeddable":true,"href":"https:\/\/isimarkets.com\/pt-br\/wp-json\/wp\/v2\/users\/1"}],"replies":[{"embeddable":true,"href":"https:\/\/isimarkets.com\/pt-br\/wp-json\/wp\/v2\/comments?post=5136"}],"version-history":[{"count":4,"href":"https:\/\/isimarkets.com\/pt-br\/wp-json\/wp\/v2\/pages\/5136\/revisions"}],"predecessor-version":[{"id":6264,"href":"https:\/\/isimarkets.com\/pt-br\/wp-json\/wp\/v2\/pages\/5136\/revisions\/6264"}],"up":[{"embeddable":true,"href":"https:\/\/isimarkets.com\/pt-br\/wp-json\/wp\/v2\/pages\/5106"}],"wp:attachment":[{"href":"https:\/\/isimarkets.com\/pt-br\/wp-json\/wp\/v2\/media?parent=5136"}],"curies":[{"name":"wp","href":"https:\/\/api.w.org\/{rel}","templated":true}]}}