{"id":5148,"date":"2026-01-19T15:42:13","date_gmt":"2026-01-19T15:42:13","guid":{"rendered":"https:\/\/isimarkets.com\/?p=5148"},"modified":"2026-04-02T16:03:18","modified_gmt":"2026-04-02T15:03:18","slug":"entrega-de-dados-pt-br","status":"publish","type":"page","link":"https:\/\/isimarkets.com\/pt-br\/abordagem-pt-br\/entrega-de-dados-pt-br\/","title":{"rendered":"Entrega de dados"},"content":{"rendered":"<div id=\"cs-content\" class=\"cs-content\"><div class=\"x-section e5148-e1 m3z0-0 breadcrumbs\" id=\"breadcrumbs\"><div class=\"x-row x-container max width e5148-e2 m3z0-1 m3z0-2 m3z0-3 m3z0-4 m3z0-9\"><div class=\"x-row-inner\"><div class=\"x-col e5148-e3 m3z0-k\"><nav class=\"x-crumbs e5148-e4 m3z0-l\" role=\"navigation\"><ol class=\"x-crumbs-list\" itemscope=\"\" itemtype=\"http:\/\/schema.org\/BreadcrumbList\" aria-label=\"Breadcrumb Navigation\"><li class=\"x-crumbs-list-item\" itemprop=\"itemListElement\" itemscope itemtype=\"http:\/\/schema.org\/ListItem\"><a class=\"x-crumbs-current x-crumbs-link\" itemtype=\"http:\/\/schema.org\/Thing\" itemprop=\"item\" href=\"https:\/\/isimarkets.com\/pt-br\/\" title=\"You Are Here\"><span itemprop=\"name\">Home<\/span><\/a><meta itemprop=\"position\" content=\"1\"><\/li><\/ol><\/nav><\/div><\/div><\/div><\/div><div class=\"x-section e5148-e5 m3z0-0 hero title\" id=\"title\"><div class=\"x-row x-container max width e5148-e6 m3z0-1 m3z0-2 m3z0-5 m3z0-a m3z0-b\"><div class=\"x-row-inner\"><div class=\"x-col e5148-e7 m3z0-k\"><span class=\"x-image e5148-e8 m3z0-m m3z0-n\"><img decoding=\"async\" src=\"https:\/\/isimarkets.com\/wp-content\/uploads\/Data-Delivery-Banner-scaled.webp\" width=\"1280\" height=\"519\" alt=\"Vista a\u00e9rea de um p\u00e1tio de embarque com cont\u00eaineres coloridos e caminh\u00f5es vermelhos sobre uma superf\u00edcie de concreto cinza, transmitindo uma atmosfera organizada e industrial.\" loading=\"lazy\"><\/span><\/div><\/div><\/div><div class=\"x-row x-container max width e5148-e9 m3z0-1 m3z0-2 m3z0-5 m3z0-a m3z0-c\"><div class=\"x-row-inner\"><div class=\"x-col e5148-e10 m3z0-k\"><div class=\"x-text x-content e5148-e11 m3z0-o\"><h1>Entrega de dados<\/h1>\n<h2><mark>Op\u00e7\u00f5es de entrega flex\u00edveis<\/mark><\/h2><\/div><\/div><\/div><\/div><div class=\"x-row x-container max width e5148-e12 m3z0-1 m3z0-2 m3z0-5 m3z0-a m3z0-d\"><div class=\"x-row-inner\"><div class=\"x-col e5148-e13 m3z0-k\"><div class=\"x-text x-content e5148-e14 m3z0-o\">A ISI entrega intelig\u00eancia global por meio de plataformas de entrega propriet\u00e1rias: interfaces de usu\u00e1rio web, API e feeds de dados e marketplaces.<\/div><\/div><\/div><\/div><\/div><section class=\"x-section e5148-e15 m3z0-0 text-image\"><div class=\"x-row x-container max width e5148-e16 m3z0-1 m3z0-6 m3z0-7 m3z0-8 m3z0-e m3z0-f\" id=\"timelines\"><div class=\"x-row-inner\"><div class=\"x-col e5148-e17 m3z0-k\"><div class=\"x-text x-content e5148-e18 m3z0-o\"><h2>Plataformas baseadas na web<\/h2>\n<p>Acesse nossos dados, conte\u00fado e pesquisas por meio de plataformas digitais. Os clientes podem fazer login de qualquer navegador, computador e local, desde que tenham uma conex\u00e3o com a internet. <\/p>\n<p>Nossas plataformas incorporam recursos de busca e triagem que economizam tempo, bem como facilidade de download e exporta\u00e7\u00e3o para os fluxos de trabalho de nossos clientes.<\/p><\/div><\/div><div class=\"x-col e5148-e19 m3z0-k\"><span class=\"x-image e5148-e20 m3z0-m\"><img decoding=\"async\" src=\"https:\/\/isimarkets.com\/wp-content\/uploads\/Web-based-platforms.webp\" width=\"1300\" height=\"1300\" alt=\"Uma mulher e um homem sentados \u00e0 mesa concentrados em um documento. A mulher veste uma blusa cinza; o homem, desfocado, usa \u00f3culos e um blazer bege, criando um tom profissional.\" loading=\"lazy\"><\/span><\/div><\/div><\/div><div class=\"x-row x-container max width e5148-e21 m3z0-1 m3z0-3 m3z0-6 m3z0-8 m3z0-e m3z0-g\" id=\"unique-coverage\"><div class=\"x-row-inner\"><div class=\"x-col e5148-e22 m3z0-k\"><span class=\"x-image e5148-e23 m3z0-m\"><img decoding=\"async\" src=\"https:\/\/isimarkets.com\/wp-content\/uploads\/API-data-feeds.webp\" width=\"1300\" height=\"1300\" alt=\"Cabos de fibra \u00f3ptica conectados em um rack de servidor.\" loading=\"lazy\"><\/span><\/div><div class=\"x-col e5148-e24 m3z0-k\"><div class=\"x-text x-content e5148-e25 m3z0-o\"><h2>API &amp; feeds de dados<\/h2>\n<p>Reconhecemos como \u00e9 importante para nossos clientes extrair o conte\u00fado certo no momento certo diretamente para os sistemas internos; portanto, fornecemos nosso conte\u00fado por meio de nossas solu\u00e7\u00f5es de API e Data Feeds testadas e comprovadas.<\/p>\n<p>Apoiadas por nossas equipes de especialistas em API, nossas solu\u00e7\u00f5es de API e Data Feeds permitem a busca e recupera\u00e7\u00e3o din\u00e2mica de nossos bancos de dados, bem como feeds seguros e personalizados de conjuntos de dados definidos pelo cliente.<\/p><\/div><\/div><\/div><\/div><div class=\"x-row x-container max width e5148-e26 m3z0-1 m3z0-6 m3z0-7 m3z0-8 m3z0-e m3z0-h\"><div class=\"x-row-inner\"><div class=\"x-col e5148-e27 m3z0-k\"><div class=\"x-text x-content e5148-e28 m3z0-o\"><h2>Snowflake<\/h2>\n<p>Os extensos conjuntos de dados globais da CEIC s\u00e3o atualizados automaticamente e disponibilizados via Snowflake, eliminando a necessidade de downloads separados ou atualiza\u00e7\u00f5es manuais.<\/p>\n<p>Aproveitando o compartilhamento seguro de dados do Snowflake, as equipes quantitativas podem consultar os dados da CEIC diretamente, sem manter m\u00faltiplas c\u00f3pias em sistemas isolados. Esta integra\u00e7\u00e3o permite uma recalibra\u00e7\u00e3o de modelos mais r\u00e1pida e precisa, e que o modelo seja republicado em um ambiente centralizado. Modelos de execu\u00e7\u00e3o que impulsionam o rebalanceamento e a gera\u00e7\u00e3o de negocia\u00e7\u00f5es podem acessar o mesmo ambiente, reduzindo erros e otimizando o processo de investimento, o que, por sua vez, aumenta os retornos sobre o investimento.  <\/p>\n<p>O ambiente de dados unificado e baseado em nuvem fornecido pelo Snowflake reduz o tempo gasto na prepara\u00e7\u00e3o de dados, evita erros dispendiosos e possibilita a efici\u00eancia operacional, permitindo que as equipes de investimento se concentrem em melhorar o desempenho dos investimentos.<\/p>\n<p><a class=\"button\" href=\"https:\/\/info.isimarkets.com\/ceic\/snowflake-request-a-demo\">Saiba mais<\/a><\/p><\/div><\/div><div class=\"x-col e5148-e29 m3z0-k\"><span class=\"x-image e5148-e30 m3z0-m\"><img decoding=\"async\" src=\"https:\/\/isimarkets.com\/wp-content\/uploads\/Snowflake.webp\" width=\"1300\" height=\"1300\" alt=\"Um grupo diversificado de profissionais engajados em uma reuni\u00e3o. Uma mulher de blusa rosa fala expressivamente, enquanto um homem ouve atentamente. Atmosfera colaborativa.\" loading=\"lazy\"><\/span><\/div><\/div><\/div><\/section><section class=\"x-section e5148-e31 m3z0-0 features beige\" id=\"features\"><div class=\"x-row x-container max width e5148-e32 m3z0-1 m3z0-2 m3z0-7 m3z0-8 m3z0-e m3z0-i\"><div class=\"x-row-inner\"><div class=\"x-col e5148-e33 m3z0-k\"><div class=\"x-text x-content e5148-e34 m3z0-o\"><h2>Principais recursos e integra\u00e7\u00e3o do Snowflake<\/h2><\/div><\/div><div class=\"x-col e5148-e35 m3z0-k\"><div class=\"x-text x-content e5148-e36 m3z0-o\"><ul>\n \t<li>\n<h3>Arquitetura de dados nativa da nuvem<\/h3>\n<p>O modelo de computa\u00e7\u00e3o e armazenamento dissociado do Snowflake permite escalabilidade sob demanda e processamento de dados com boa rela\u00e7\u00e3o custo-benef\u00edcio, perfeitamente adequado para gerenciar os extensos conjuntos de dados da CEIC.<\/p>\n<\/li>\n \t<li>\n<h3>Dados em tempo real, prontos para consulta<\/h3>\n<p>Elimine os atrasos dos pipelines de ETL tradicionais. Os dados da CEIC s\u00e3o entregues em tempo real no Snowflake, garantindo que seus modelos de investimento sejam sempre baseados nas informa\u00e7\u00f5es de mercado mais atuais. <\/p>\n<\/li>\n \t<li>\n<h3>Ambiente de dados unificado<\/h3>\n<p>Consolide fontes de dados d\u00edspares em uma \u00fanica plataforma segura. Com os dados da CEIC no Snowflake, desfrute de uma vis\u00e3o unificada que suporta tanto a an\u00e1lise de tend\u00eancias hist\u00f3ricas quanto a tomada de decis\u00f5es em tempo real. <\/p>\n<\/li>\n \t<li>\n<h3>Integra\u00e7\u00e3o perfeita<\/h3>\n<p>Utilize o extenso ecossistema de conectores e APIs do Snowflake para integrar os dados da CEIC em suas ferramentas e plataformas existentes \u2014 aprimorando a an\u00e1lise, a gest\u00e3o de riscos e a otimiza\u00e7\u00e3o de portf\u00f3lio.<\/p>\n<\/li>\n<\/ul><\/div><\/div><\/div><\/div><\/section><div class=\"cs-content x-global-block x-global-block-4998 e5148-e43\"><section class=\"x-section e4998-e2 m3uu-0 cta accent\" id=\"cta\"><div class=\"x-row x-container max width e4998-e3 m3uu-1 m3uu-2\"><div class=\"x-row-inner\"><div class=\"x-col e4998-e4 m3uu-3\"><div class=\"x-text x-content e4998-e5 m3uu-4\"><h2>Request Demo<\/h2>\n<p class=\"highlight\"><mark>Turn complexity into clarity<\/mark><\/p>\n<p class=\"cta\"><a class=\"button request-demo\" href=\"\/demo\/\">Request Demo<\/a><\/p><\/div><\/div><div class=\"x-col e4998-e6 m3uu-3\"><div class=\"x-text x-content e4998-e7 m3uu-4\"><div class=\"x-image\"><img loading=\"lazy\" decoding=\"async\" src=\"https:\/\/isimarkets.com\/wp-content\/uploads\/Demo-06.webp\" alt=\"\" width=\"2000\" height=\"2000\" class=\"alignnone size-full wp-image-4824\" srcset=\"https:\/\/isimarkets.com\/wp-content\/uploads\/Demo-06.webp 2000w, https:\/\/isimarkets.com\/wp-content\/uploads\/Demo-06-300x300.webp 300w, https:\/\/isimarkets.com\/wp-content\/uploads\/Demo-06-1024x1024.webp 1024w, https:\/\/isimarkets.com\/wp-content\/uploads\/Demo-06-150x150.webp 150w, https:\/\/isimarkets.com\/wp-content\/uploads\/Demo-06-768x768.webp 768w, https:\/\/isimarkets.com\/wp-content\/uploads\/Demo-06-1536x1536.webp 1536w\" sizes=\"auto, (max-width: 2000px) 100vw, 2000px\" \/><\/div><\/div><\/div><\/div><\/div><\/section><\/div><\/div>","protected":false},"excerpt":{"rendered":"<p>HomeEntrega de dados Op\u00e7\u00f5es de entrega flex\u00edveisA ISI entrega intelig\u00eancia global por meio de plataformas de entrega propriet\u00e1rias: interfaces de usu\u00e1rio web, API e feeds de dados e marketplaces.Plataformas baseadas na web Acesse nossos dados, conte\u00fado e pesquisas por meio de plataformas digitais. Os clientes podem fazer login de qualquer navegador, computador e local, desde que tenham uma conex\u00e3o com&hellip;<\/p>\n","protected":false},"author":1,"featured_media":0,"parent":5142,"menu_order":1,"comment_status":"closed","ping_status":"closed","template":"template-blank-4.php","meta":{"content-type":"","cpa_authors":[],"cpa_override_default":false,"footnotes":""},"class_list":["post-5148","page","type-page","status-publish","hentry","no-post-thumbnail"],"yoast_head":"<!-- This site is optimized with the Yoast SEO plugin v27.4 - https:\/\/yoast.com\/product\/yoast-seo-wordpress\/ -->\n<title>Entrega flex\u00edvel de dados: API, Feeds &amp; Web UI | ISI Markets<\/title>\n<meta name=\"description\" content=\"Acesse a intelig\u00eancia da ISI Markets via plataformas web, API e feeds de dados ou integra\u00e7\u00f5es de marketplace. Entrega de dados flex\u00edvel criada para seus fluxos de trabalho.\" \/>\n<meta name=\"robots\" content=\"index, follow, max-snippet:-1, max-image-preview:large, max-video-preview:-1\" \/>\n<link rel=\"canonical\" href=\"https:\/\/isimarkets.com\/pt-br\/abordagem-pt-br\/entrega-de-dados-pt-br\/\" \/>\n<meta property=\"og:locale\" content=\"pt_BR\" \/>\n<meta property=\"og:type\" content=\"article\" \/>\n<meta property=\"og:title\" content=\"Entrega flex\u00edvel de dados: API, Feeds &amp; Web UI | ISI Markets\" \/>\n<meta property=\"og:description\" content=\"Acesse a intelig\u00eancia da ISI Markets via plataformas web, API e feeds de dados ou integra\u00e7\u00f5es de marketplace. Entrega de dados flex\u00edvel criada para seus fluxos de trabalho.\" \/>\n<meta property=\"og:url\" content=\"https:\/\/isimarkets.com\/pt-br\/abordagem-pt-br\/entrega-de-dados-pt-br\/\" \/>\n<meta property=\"og:site_name\" content=\"ISI\" \/>\n<meta property=\"article:modified_time\" content=\"2026-04-02T15:03:18+00:00\" \/>\n<meta property=\"og:image\" content=\"https:\/\/isimarkets.com\/wp-content\/uploads\/Data-Delivery-Banner-scaled.webp\" \/>\n<meta name=\"twitter:card\" content=\"summary_large_image\" \/>\n<meta name=\"twitter:label1\" content=\"Est. tempo de leitura\" \/>\n\t<meta name=\"twitter:data1\" content=\"2 minutos\" \/>\n<script type=\"application\/ld+json\" class=\"yoast-schema-graph\">{\"@context\":\"https:\\\/\\\/schema.org\",\"@graph\":[{\"@type\":\"WebPage\",\"@id\":\"https:\\\/\\\/isimarkets.com\\\/pt-br\\\/abordagem-pt-br\\\/entrega-de-dados-pt-br\\\/\",\"url\":\"https:\\\/\\\/isimarkets.com\\\/pt-br\\\/abordagem-pt-br\\\/entrega-de-dados-pt-br\\\/\",\"name\":\"Entrega flex\u00edvel de dados: API, Feeds & Web UI | ISI Markets\",\"isPartOf\":{\"@id\":\"https:\\\/\\\/isimarkets.com\\\/pt-br\\\/#website\"},\"primaryImageOfPage\":{\"@id\":\"https:\\\/\\\/isimarkets.com\\\/pt-br\\\/abordagem-pt-br\\\/entrega-de-dados-pt-br\\\/#primaryimage\"},\"image\":{\"@id\":\"https:\\\/\\\/isimarkets.com\\\/pt-br\\\/abordagem-pt-br\\\/entrega-de-dados-pt-br\\\/#primaryimage\"},\"thumbnailUrl\":\"https:\\\/\\\/isimarkets.com\\\/wp-content\\\/uploads\\\/Data-Delivery-Banner-scaled.webp\",\"datePublished\":\"2026-01-19T15:42:13+00:00\",\"dateModified\":\"2026-04-02T15:03:18+00:00\",\"description\":\"Acesse a intelig\u00eancia da ISI Markets via plataformas web, API e feeds de dados ou integra\u00e7\u00f5es de marketplace. Entrega de dados flex\u00edvel criada para seus fluxos de trabalho.\",\"breadcrumb\":{\"@id\":\"https:\\\/\\\/isimarkets.com\\\/pt-br\\\/abordagem-pt-br\\\/entrega-de-dados-pt-br\\\/#breadcrumb\"},\"inLanguage\":\"pt-BR\",\"potentialAction\":[{\"@type\":\"ReadAction\",\"target\":[\"https:\\\/\\\/isimarkets.com\\\/pt-br\\\/abordagem-pt-br\\\/entrega-de-dados-pt-br\\\/\"]}]},{\"@type\":\"ImageObject\",\"inLanguage\":\"pt-BR\",\"@id\":\"https:\\\/\\\/isimarkets.com\\\/pt-br\\\/abordagem-pt-br\\\/entrega-de-dados-pt-br\\\/#primaryimage\",\"url\":\"https:\\\/\\\/isimarkets.com\\\/wp-content\\\/uploads\\\/Data-Delivery-Banner-scaled.webp\",\"contentUrl\":\"https:\\\/\\\/isimarkets.com\\\/wp-content\\\/uploads\\\/Data-Delivery-Banner-scaled.webp\"},{\"@type\":\"BreadcrumbList\",\"@id\":\"https:\\\/\\\/isimarkets.com\\\/pt-br\\\/abordagem-pt-br\\\/entrega-de-dados-pt-br\\\/#breadcrumb\",\"itemListElement\":[{\"@type\":\"ListItem\",\"position\":1,\"name\":\"Home\",\"item\":\"https:\\\/\\\/isimarkets.com\\\/pt-br\\\/\"},{\"@type\":\"ListItem\",\"position\":2,\"name\":\"Abordagem\",\"item\":\"https:\\\/\\\/isimarkets.com\\\/pt-br\\\/abordagem-pt-br\\\/\"},{\"@type\":\"ListItem\",\"position\":3,\"name\":\"Entrega de dados\"}]},{\"@type\":\"WebSite\",\"@id\":\"https:\\\/\\\/isimarkets.com\\\/pt-br\\\/#website\",\"url\":\"https:\\\/\\\/isimarkets.com\\\/pt-br\\\/\",\"name\":\"ISI\",\"description\":\"Global Market Intelligence Platform\",\"potentialAction\":[{\"@type\":\"SearchAction\",\"target\":{\"@type\":\"EntryPoint\",\"urlTemplate\":\"https:\\\/\\\/isimarkets.com\\\/pt-br\\\/?s={search_term_string}\"},\"query-input\":{\"@type\":\"PropertyValueSpecification\",\"valueRequired\":true,\"valueName\":\"search_term_string\"}}],\"inLanguage\":\"pt-BR\"}]}<\/script>\n<!-- \/ Yoast SEO plugin. -->","yoast_head_json":{"title":"Entrega flex\u00edvel de dados: API, Feeds & Web UI | ISI Markets","description":"Acesse a intelig\u00eancia da ISI Markets via plataformas web, API e feeds de dados ou integra\u00e7\u00f5es de marketplace. Entrega de dados flex\u00edvel criada para seus fluxos de trabalho.","robots":{"index":"index","follow":"follow","max-snippet":"max-snippet:-1","max-image-preview":"max-image-preview:large","max-video-preview":"max-video-preview:-1"},"canonical":"https:\/\/isimarkets.com\/pt-br\/abordagem-pt-br\/entrega-de-dados-pt-br\/","og_locale":"pt_BR","og_type":"article","og_title":"Entrega flex\u00edvel de dados: API, Feeds & Web UI | ISI Markets","og_description":"Acesse a intelig\u00eancia da ISI Markets via plataformas web, API e feeds de dados ou integra\u00e7\u00f5es de marketplace. Entrega de dados flex\u00edvel criada para seus fluxos de trabalho.","og_url":"https:\/\/isimarkets.com\/pt-br\/abordagem-pt-br\/entrega-de-dados-pt-br\/","og_site_name":"ISI","article_modified_time":"2026-04-02T15:03:18+00:00","og_image":[{"url":"https:\/\/isimarkets.com\/wp-content\/uploads\/Data-Delivery-Banner-scaled.webp","type":"","width":"","height":""}],"twitter_card":"summary_large_image","twitter_misc":{"Est. tempo de leitura":"2 minutos"},"schema":{"@context":"https:\/\/schema.org","@graph":[{"@type":"WebPage","@id":"https:\/\/isimarkets.com\/pt-br\/abordagem-pt-br\/entrega-de-dados-pt-br\/","url":"https:\/\/isimarkets.com\/pt-br\/abordagem-pt-br\/entrega-de-dados-pt-br\/","name":"Entrega flex\u00edvel de dados: API, Feeds & Web UI | ISI Markets","isPartOf":{"@id":"https:\/\/isimarkets.com\/pt-br\/#website"},"primaryImageOfPage":{"@id":"https:\/\/isimarkets.com\/pt-br\/abordagem-pt-br\/entrega-de-dados-pt-br\/#primaryimage"},"image":{"@id":"https:\/\/isimarkets.com\/pt-br\/abordagem-pt-br\/entrega-de-dados-pt-br\/#primaryimage"},"thumbnailUrl":"https:\/\/isimarkets.com\/wp-content\/uploads\/Data-Delivery-Banner-scaled.webp","datePublished":"2026-01-19T15:42:13+00:00","dateModified":"2026-04-02T15:03:18+00:00","description":"Acesse a intelig\u00eancia da ISI Markets via plataformas web, API e feeds de dados ou integra\u00e7\u00f5es de marketplace. Entrega de dados flex\u00edvel criada para seus fluxos de trabalho.","breadcrumb":{"@id":"https:\/\/isimarkets.com\/pt-br\/abordagem-pt-br\/entrega-de-dados-pt-br\/#breadcrumb"},"inLanguage":"pt-BR","potentialAction":[{"@type":"ReadAction","target":["https:\/\/isimarkets.com\/pt-br\/abordagem-pt-br\/entrega-de-dados-pt-br\/"]}]},{"@type":"ImageObject","inLanguage":"pt-BR","@id":"https:\/\/isimarkets.com\/pt-br\/abordagem-pt-br\/entrega-de-dados-pt-br\/#primaryimage","url":"https:\/\/isimarkets.com\/wp-content\/uploads\/Data-Delivery-Banner-scaled.webp","contentUrl":"https:\/\/isimarkets.com\/wp-content\/uploads\/Data-Delivery-Banner-scaled.webp"},{"@type":"BreadcrumbList","@id":"https:\/\/isimarkets.com\/pt-br\/abordagem-pt-br\/entrega-de-dados-pt-br\/#breadcrumb","itemListElement":[{"@type":"ListItem","position":1,"name":"Home","item":"https:\/\/isimarkets.com\/pt-br\/"},{"@type":"ListItem","position":2,"name":"Abordagem","item":"https:\/\/isimarkets.com\/pt-br\/abordagem-pt-br\/"},{"@type":"ListItem","position":3,"name":"Entrega de dados"}]},{"@type":"WebSite","@id":"https:\/\/isimarkets.com\/pt-br\/#website","url":"https:\/\/isimarkets.com\/pt-br\/","name":"ISI","description":"Global Market Intelligence Platform","potentialAction":[{"@type":"SearchAction","target":{"@type":"EntryPoint","urlTemplate":"https:\/\/isimarkets.com\/pt-br\/?s={search_term_string}"},"query-input":{"@type":"PropertyValueSpecification","valueRequired":true,"valueName":"search_term_string"}}],"inLanguage":"pt-BR"}]}},"_links":{"self":[{"href":"https:\/\/isimarkets.com\/pt-br\/wp-json\/wp\/v2\/pages\/5148","targetHints":{"allow":["GET"]}}],"collection":[{"href":"https:\/\/isimarkets.com\/pt-br\/wp-json\/wp\/v2\/pages"}],"about":[{"href":"https:\/\/isimarkets.com\/pt-br\/wp-json\/wp\/v2\/types\/page"}],"author":[{"embeddable":true,"href":"https:\/\/isimarkets.com\/pt-br\/wp-json\/wp\/v2\/users\/1"}],"replies":[{"embeddable":true,"href":"https:\/\/isimarkets.com\/pt-br\/wp-json\/wp\/v2\/comments?post=5148"}],"version-history":[{"count":4,"href":"https:\/\/isimarkets.com\/pt-br\/wp-json\/wp\/v2\/pages\/5148\/revisions"}],"predecessor-version":[{"id":6244,"href":"https:\/\/isimarkets.com\/pt-br\/wp-json\/wp\/v2\/pages\/5148\/revisions\/6244"}],"up":[{"embeddable":true,"href":"https:\/\/isimarkets.com\/pt-br\/wp-json\/wp\/v2\/pages\/5142"}],"wp:attachment":[{"href":"https:\/\/isimarkets.com\/pt-br\/wp-json\/wp\/v2\/media?parent=5148"}],"curies":[{"name":"wp","href":"https:\/\/api.w.org\/{rel}","templated":true}]}}