{"id":5154,"date":"2026-01-19T15:42:41","date_gmt":"2026-01-19T15:42:41","guid":{"rendered":"https:\/\/isimarkets.com\/?p=5154"},"modified":"2026-04-02T19:26:08","modified_gmt":"2026-04-02T18:26:08","slug":"como-aplicamos-a-ia-pt-br","status":"publish","type":"page","link":"https:\/\/isimarkets.com\/pt-br\/abordagem-pt-br\/como-aplicamos-a-ia-pt-br\/","title":{"rendered":"Como Aplicamos IA"},"content":{"rendered":"<div id=\"cs-content\" class=\"cs-content\"><div class=\"x-section e5154-e1 m3z6-0 breadcrumbs\" id=\"breadcrumbs\"><div class=\"x-row x-container max width e5154-e2 m3z6-1 m3z6-2 m3z6-3 m3z6-4 m3z6-5 m3z6-b\"><div class=\"x-row-inner\"><div class=\"x-col e5154-e3 m3z6-t\"><nav class=\"x-crumbs e5154-e4 m3z6-v\" role=\"navigation\"><ol class=\"x-crumbs-list\" itemscope=\"\" itemtype=\"http:\/\/schema.org\/BreadcrumbList\" aria-label=\"Breadcrumb Navigation\"><li class=\"x-crumbs-list-item\" itemprop=\"itemListElement\" itemscope itemtype=\"http:\/\/schema.org\/ListItem\"><a class=\"x-crumbs-current x-crumbs-link\" itemtype=\"http:\/\/schema.org\/Thing\" itemprop=\"item\" href=\"https:\/\/isimarkets.com\/pt-br\/\" title=\"You Are Here\"><span itemprop=\"name\">Home<\/span><\/a><meta itemprop=\"position\" content=\"1\"><\/li><\/ol><\/nav><\/div><\/div><\/div><\/div><div class=\"x-section e5154-e5 m3z6-0 hero title\" id=\"title\"><div class=\"x-row x-container max width e5154-e6 m3z6-1 m3z6-2 m3z6-3 m3z6-6 m3z6-c m3z6-d\"><div class=\"x-row-inner\"><div class=\"x-col e5154-e7 m3z6-t\"><span class=\"x-image e5154-e8 m3z6-w m3z6-x\"><img decoding=\"async\" src=\"https:\/\/isimarkets.com\/wp-content\/uploads\/How-We-Apply-AI-Banner-scaled.webp\" width=\"1280\" height=\"519\" alt=\"Sala de servidores futurista com paredes de vidro elegantes, pain\u00e9is de luz verticais laranja brilhantes e fileiras de servidores de alta tecnologia emitindo uma luz azul fria.\" loading=\"lazy\"><\/span><\/div><\/div><\/div><div class=\"x-row x-container max width e5154-e9 m3z6-1 m3z6-2 m3z6-3 m3z6-6 m3z6-c m3z6-e\"><div class=\"x-row-inner\"><div class=\"x-col e5154-e10 m3z6-t\"><div class=\"x-text x-content e5154-e11 m3z6-y m3z6-z\"><h1>Como Aplicamos IA<\/h1>\n<h2><mark>Utilizamos IA para transformar conte\u00fado e dados em insights<\/mark><\/h2><\/div><\/div><\/div><\/div><div class=\"x-row x-container max width e5154-e12 m3z6-1 m3z6-2 m3z6-3 m3z6-6 m3z6-c m3z6-f\"><div class=\"x-row-inner\"><div class=\"x-col e5154-e13 m3z6-t\"><div class=\"x-text x-content e5154-e14 m3z6-y m3z6-z\">Na ISI, ajudamos os clientes a superar desafios cr\u00edticos, como reduzir o risco de perder dados cruciais, descobrir insights fundamentais em grandes volumes de dados e acelerar a identifica\u00e7\u00e3o, o processamento e o compartilhamento de conte\u00fado.<\/div><\/div><\/div><\/div><\/div><section class=\"x-section e5154-e15 m3z6-0\"><div class=\"x-row x-container max width e5154-e16 m3z6-1 m3z6-3 m3z6-6 m3z6-7 m3z6-c m3z6-g\"><div class=\"x-row-inner\"><div class=\"x-col e5154-e17 m3z6-t m3z6-u\"><div class=\"x-text x-content e5154-e18 m3z6-y m3z6-10\"><p>Capacitamos nossos clientes com intelig\u00eancia acion\u00e1vel facilitada por recursos de intelig\u00eancia artificial e machine learning.<\/p>\n<p>Nossa tecnologia trabalha para descobrir tend\u00eancias e problemas que, de outra forma, poderiam permanecer ocultos em um reposit\u00f3rio t\u00e3o vasto de conte\u00fado multil\u00edngue e de m\u00faltiplas fontes, e para transformar grandes volumes de dados alternativos e de alta frequ\u00eancia em insights macro oportunos e acion\u00e1veis.<\/p><\/div><\/div><\/div><\/div><\/section><section class=\"x-section e5154-e19 m3z6-0 text-image\"><div class=\"x-row x-container max width e5154-e20 m3z6-1 m3z6-2 m3z6-8 m3z6-9 m3z6-a m3z6-h m3z6-i\" id=\"timelines\"><div class=\"x-row-inner\"><div class=\"x-col e5154-e21 m3z6-t\"><div class=\"x-text x-content e5154-e22 m3z6-y m3z6-z\"><h2>Descoberta de dados melhor e mais r\u00e1pida<\/h2>\n<p>A solu\u00e7\u00e3o de busca da ISI, impulsionada por aprendizado de m\u00e1quina, facilita a descoberta de dados ao fornecer aos usu\u00e1rios resultados de pesquisa abrangentes e precisos. Nossa busca compreende as consultas dos usu\u00e1rios, analisa sua inten\u00e7\u00e3o e oferece sugest\u00f5es de pesquisa relevantes, garantindo que os usu\u00e1rios encontrem as informa\u00e7\u00f5es de que precisam, mesmo ao lidar com conjuntos de dados vastos e complexos. <\/p><\/div><\/div><div class=\"x-col e5154-e23 m3z6-t\"><span class=\"x-image e5154-e24 m3z6-w\"><img decoding=\"async\" src=\"https:\/\/isimarkets.com\/wp-content\/uploads\/Faster-and-better-data-discovery.webp\" width=\"1300\" height=\"1300\" alt=\"Fileiras de servidores dentro de um data center.\" loading=\"lazy\"><\/span><\/div><\/div><\/div><div class=\"x-row x-container max width e5154-e25 m3z6-1 m3z6-2 m3z6-4 m3z6-8 m3z6-a m3z6-h m3z6-j\" id=\"unique-coverage\"><div class=\"x-row-inner\"><div class=\"x-col e5154-e26 m3z6-t\"><span class=\"x-image e5154-e27 m3z6-w\"><img decoding=\"async\" src=\"https:\/\/isimarkets.com\/wp-content\/uploads\/Transforming-market-intelligence-into-user-advantage.webp\" width=\"1300\" height=\"1300\" alt=\"Duas pessoas sentadas pr\u00f3ximas, focadas e discutindo algo em uma tela de computador. A atmosfera \u00e9 colaborativa e profissional.\" loading=\"lazy\"><\/span><\/div><div class=\"x-col e5154-e28 m3z6-t\"><div class=\"x-text x-content e5154-e29 m3z6-y m3z6-z\"><h2>Transformando a intelig\u00eancia de mercado em vantagem para o usu\u00e1rio<\/h2>\n<p>Com nossos parceiros de pesquisa digital em nossos produtos EMIS e REDD, estamos aproveitando a intelig\u00eancia artificial para imitar a capacidade de racioc\u00ednio e s\u00edntese de analistas humanos, aumentando a produtividade e otimizando os processos de pesquisa. O AskEMIS e o AskREDD ajudam os usu\u00e1rios a descobrir conte\u00fado rapidamente, analisar dados e gerar insights dentro de nossos produtos. <\/p><\/div><\/div><\/div><\/div><div class=\"x-row x-container max width e5154-e30 m3z6-1 m3z6-2 m3z6-8 m3z6-9 m3z6-a m3z6-h m3z6-k\"><div class=\"x-row-inner\"><div class=\"x-col e5154-e31 m3z6-t\"><div class=\"x-text x-content e5154-e32 m3z6-y m3z6-z\"><h2>Descubra sinais de fontes de not\u00edcias n\u00e3o tradicionais<\/h2>\n<p>Para garantir que os usu\u00e1rios n\u00e3o percam nenhum sinal importante, nosso produto EMIS monitora e faz a curadoria meticulosa de centenas de milhares de fontes de conte\u00fado p\u00fablico n\u00e3o tradicionais, como blogs, not\u00edcias de neg\u00f3cios on-line e sites da rede aberta em 197 mercados, e fornece artigos de neg\u00f3cios confi\u00e1veis e concisos gerados por IA em ingl\u00eas, incluindo o link para a fonte local original.<\/p><\/div><\/div><div class=\"x-col e5154-e33 m3z6-t\"><span class=\"x-image e5154-e34 m3z6-w\"><img decoding=\"async\" src=\"https:\/\/isimarkets.com\/wp-content\/uploads\/Uncover-signals-from-non-traditional-news-outlets.webp\" width=\"1300\" height=\"1300\" alt=\"Uma fileira de racks de servidores iluminados em um data center, brilhando com luzes azuis e brancas, criando uma atmosfera de alta tecnologia e efici\u00eancia.\" loading=\"lazy\"><\/span><\/div><\/div><\/div><div class=\"x-row x-container max width e5154-e35 m3z6-1 m3z6-2 m3z6-4 m3z6-8 m3z6-a m3z6-h m3z6-l\"><div class=\"x-row-inner\"><div class=\"x-col e5154-e36 m3z6-t\"><span class=\"x-image e5154-e37 m3z6-w\"><img decoding=\"async\" src=\"https:\/\/isimarkets.com\/wp-content\/uploads\/Identify-trending-topics.webp\" width=\"1300\" height=\"1300\" alt=\"Homem trabalhando em um laptop em um escrit\u00f3rio.\" loading=\"lazy\"><\/span><\/div><div class=\"x-col e5154-e38 m3z6-t\"><div class=\"x-text x-content e5154-e39 m3z6-y m3z6-z\"><h2>Identifique t\u00f3picos em alta<\/h2>\n<p>Para economizar tempo e evitar a sobrecarga de informa\u00e7\u00f5es para nossos clientes, implementamos nossas Solu\u00e7\u00f5es de An\u00e1lise de Texto para realizar a varredura em tempo quase real das fontes de not\u00edcias do EMIS, a fim de identificar sinais importantes e tend\u00eancias ocultas em setores ou mercados que est\u00e3o ocorrendo em todo o mundo.<\/p><\/div><\/div><\/div><\/div><div class=\"x-row x-container max width e5154-e40 m3z6-1 m3z6-2 m3z6-8 m3z6-9 m3z6-a m3z6-h m3z6-m\"><div class=\"x-row-inner\"><div class=\"x-col e5154-e41 m3z6-t\"><div class=\"x-text x-content e5154-e42 m3z6-y m3z6-z\"><h2>Relev\u00e2ncia aprimorada a partir da classifica\u00e7\u00e3o avan\u00e7ada de dados<\/h2>\n<p>No EMIS, agregamos e enriquecemos milh\u00f5es de documentos todos os anos usando centenas de modelos de aprendizado de m\u00e1quina para anota\u00e7\u00e3o de dados. Essa abordagem de classifica\u00e7\u00e3o de conte\u00fado garante que os usu\u00e1rios recebam conte\u00fado relevante e atualizado, economizando tempo e esfor\u00e7o valiosos na obten\u00e7\u00e3o e an\u00e1lise manual de dados de v\u00e1rias fontes. Por exemplo, os usu\u00e1rios agora t\u00eam acesso a conte\u00fado ESG especificamente agrupado.  <\/p><\/div><\/div><div class=\"x-col e5154-e43 m3z6-t\"><span class=\"x-image e5154-e44 m3z6-w\"><img decoding=\"async\" src=\"https:\/\/isimarkets.com\/wp-content\/uploads\/Improved-relevance-from-advanced-data-classification.webp\" width=\"1300\" height=\"1300\" alt=\"Grandes racks de servidores dentro de um data center moderno.\" loading=\"lazy\"><\/span><\/div><\/div><\/div><div class=\"x-row x-container max width e5154-e45 m3z6-1 m3z6-2 m3z6-4 m3z6-8 m3z6-a m3z6-h m3z6-n\"><div class=\"x-row-inner\"><div class=\"x-col e5154-e46 m3z6-t\"><span class=\"x-image e5154-e47 m3z6-w\"><img decoding=\"async\" src=\"https:\/\/isimarkets.com\/wp-content\/uploads\/Content-personalised-to-your-interests.webp\" width=\"1300\" height=\"1300\" alt=\"Tr\u00eas colegas de trabalho discutindo ideias em uma reuni\u00e3o.\" loading=\"lazy\"><\/span><\/div><div class=\"x-col e5154-e48 m3z6-t\"><div class=\"x-text x-content e5154-e49 m3z6-y m3z6-z\"><h2>Conte\u00fado personalizado para seus interesses<\/h2>\n<p>Em nosso produto EMIS, fornecemos aos usu\u00e1rios recomenda\u00e7\u00f5es de conte\u00fado personalizadas com base em suas pesquisas anteriores na plataforma. Ao compreender os padr\u00f5es de comportamento do usu\u00e1rio, o sistema de recomenda\u00e7\u00e3o pode sugerir conte\u00fado relevante que se alinhe aos interesses e necessidades espec\u00edficos de cada usu\u00e1rio. <\/p><\/div><\/div><\/div><\/div><div class=\"x-row x-container max width e5154-e50 m3z6-1 m3z6-2 m3z6-8 m3z6-9 m3z6-a m3z6-h m3z6-o\"><div class=\"x-row-inner\"><div class=\"x-col e5154-e51 m3z6-t\"><div class=\"x-text x-content e5154-e52 m3z6-y m3z6-z\"><h2>Informa\u00e7\u00f5es aprimoradas de empresas<\/h2>\n<p>Empregamos algoritmos de IA generativa em nosso produto EMIS para extrair, limpar e estruturar informa\u00e7\u00f5es de empresas de diversas fontes, eliminando esfor\u00e7os manuais e reduzindo erros. Essa automa\u00e7\u00e3o otimiza o processo de recupera\u00e7\u00e3o de informa\u00e7\u00f5es e capacita os usu\u00e1rios com insights de empresas prontos para uso, permitindo a tomada de decis\u00f5es informadas em mercados em crescimento. <\/p><\/div><\/div><div class=\"x-col e5154-e53 m3z6-t\"><span class=\"x-image e5154-e54 m3z6-w\"><img decoding=\"async\" src=\"https:\/\/isimarkets.com\/wp-content\/uploads\/Enhanced-company-information.webp\" width=\"1300\" height=\"1300\" alt=\"Fileiras de servidores dentro de um data center moderno.\" loading=\"lazy\"><\/span><\/div><\/div><\/div><div class=\"x-row x-container max width e5154-e55 m3z6-1 m3z6-2 m3z6-4 m3z6-8 m3z6-a m3z6-h m3z6-p\"><div class=\"x-row-inner\"><div class=\"x-col e5154-e56 m3z6-t\"><span class=\"x-image e5154-e57 m3z6-w\"><img decoding=\"async\" src=\"https:\/\/isimarkets.com\/wp-content\/uploads\/Insights-generation.webp\" width=\"1300\" height=\"1300\" alt=\"Dois colegas de trabalho colaborando e discutindo um projeto enquanto trabalham em um laptop em um escrit\u00f3rio moderno.\" loading=\"lazy\"><\/span><\/div><div class=\"x-col e5154-e58 m3z6-t\"><div class=\"x-text x-content e5154-e59 m3z6-y m3z6-z\"><h2>Gera\u00e7\u00e3o de insights<\/h2>\n<p>Em nosso produto CEIC, usamos modelos avan\u00e7ados de aprendizado de m\u00e1quina para gerar previs\u00f5es imediatas (nowcasts) semanais para os principais indicadores econ\u00f4micos \u2014 incluindo crescimento do PIB, infla\u00e7\u00e3o e condi\u00e7\u00f5es do mercado de trabalho. Ao combinar estat\u00edsticas oficiais com dados ricos de alta frequ\u00eancia, nossos modelos identificam mudan\u00e7as econ\u00f4micas e pontos de inflex\u00e3o muito antes das divulga\u00e7\u00f5es tradicionais. <\/p><\/div><\/div><\/div><\/div><\/section><section class=\"x-section e5154-e60 m3z6-0 features beige\" id=\"features\"><div class=\"x-row x-container max width e5154-e61 m3z6-1 m3z6-2 m3z6-3 m3z6-9 m3z6-a m3z6-h m3z6-q\"><div class=\"x-row-inner\"><div class=\"x-col e5154-e62 m3z6-t\"><div class=\"x-text x-content e5154-e63 m3z6-y m3z6-z\"><h2>Por que as equipes usam a ISI<\/h2><\/div><\/div><div class=\"x-col e5154-e64 m3z6-t\"><div class=\"x-text x-content e5154-e65 m3z6-y m3z6-z\"><ul>\n \t<li>\n<h3>Cobertura abrangente<\/h3>\n<p>Projetado em torno das necessidades de pesquisa dos mercados que mais crescem no mundo<\/p>\n<\/li>\n \t<li>\n<h3>Insights mais r\u00e1pidos<\/h3>\n<p>Com ferramentas que reduzem a busca e a compila\u00e7\u00e3o manual<\/p>\n<\/li>\n \t<li>\n<h3>Decis\u00f5es mais seguras<\/h3>\n<p>Apoiadas por intelig\u00eancia confi\u00e1vel e fluxos de trabalho estruturados<\/p>\n<\/li>\n \t<li>\n<h3>Uma \u00fanica plataforma<\/h3>\n<p>Para apoiar a descoberta, a an\u00e1lise e o monitoramento cont\u00ednuo<\/p>\n<\/li>\n<\/ul><\/div><\/div><\/div><\/div><\/section><section class=\"x-section e5154-e66 m3z6-0 text-image\"><div class=\"x-row x-container max width e5154-e67 m3z6-1 m3z6-2 m3z6-8 m3z6-9 m3z6-a m3z6-h m3z6-r\"><div class=\"x-row-inner\"><div class=\"x-col e5154-e68 m3z6-t\"><div class=\"x-text x-content e5154-e69 m3z6-y m3z6-z\"><h2>Come\u00e7ar<\/h2>\n<p>Explore a ISI para apoiar seu fluxo de trabalho de pesquisa de mercados \u2014 ou entre em contato para saber mais sobre acesso e recursos.<\/p><\/div><\/div><div class=\"x-col e5154-e70 m3z6-t\"><span class=\"x-image e5154-e71 m3z6-w\"><img decoding=\"async\" src=\"https:\/\/isimarkets.com\/wp-content\/uploads\/Get-started.webp\" width=\"1300\" height=\"1300\" alt=\"Mulher sorrindo durante uma reuni\u00e3o com um laptop.\" loading=\"lazy\"><\/span><\/div><\/div><\/div><\/section><section class=\"x-section e5154-e72 m3z6-0 cta accent\" id=\"cta\"><div class=\"x-row x-container max width e5154-e73 m3z6-1 m3z6-2 m3z6-3 m3z6-6 m3z6-c m3z6-s\"><div class=\"x-row-inner\"><div class=\"x-col e5154-e74 m3z6-t\"><div class=\"x-text x-content e5154-e75 m3z6-y m3z6-z\"><h2>Solicitar demonstra\u00e7\u00e3o<\/h2>\n<p class=\"highlight\"><mark>Transforme complexidade em clareza.<\/mark><\/p>\n<p class=\"cta\"><a class=\"button request-demo\" href=\"https:\/\/isimarkets.com\/pt-br\/solicitar-demonstracao-pt-br\/\">Solicitar demonstra\u00e7\u00e3o<\/a><\/p><\/div><\/div><div class=\"x-col e5154-e76 m3z6-t\"><span class=\"x-image e5154-e77 m3z6-w\"><img decoding=\"async\" src=\"https:\/\/isimarkets.com\/wp-content\/uploads\/Business-Woman-Wearing-Glasses-And-Black-Dress-Square.png\" width=\"600\" height=\"600\" alt=\"Foto de marca\u00e7\u00e3o de posi\u00e7\u00e3o\" loading=\"lazy\"><\/span><\/div><\/div><\/div><\/section><\/div>","protected":false},"excerpt":{"rendered":"<p>HomeComo Aplicamos IA Utilizamos IA para transformar conte\u00fado e dados em insightsNa ISI, ajudamos os clientes a superar desafios cr\u00edticos, como reduzir o risco de perder dados cruciais, descobrir insights fundamentais em grandes volumes de dados e acelerar a identifica\u00e7\u00e3o, o processamento e o compartilhamento de conte\u00fado.Capacitamos nossos clientes com intelig\u00eancia acion\u00e1vel facilitada por recursos de intelig\u00eancia artificial e machine&hellip;<\/p>\n","protected":false},"author":1,"featured_media":0,"parent":5142,"menu_order":2,"comment_status":"closed","ping_status":"closed","template":"template-blank-4.php","meta":{"content-type":"","cpa_authors":[],"cpa_override_default":false,"footnotes":""},"class_list":["post-5154","page","type-page","status-publish","hentry","no-post-thumbnail"],"yoast_head":"<!-- This site is optimized with the Yoast SEO plugin v27.4 - https:\/\/yoast.com\/product\/yoast-seo-wordpress\/ -->\n<title>Intelig\u00eancia de Mercado com IA \u2013 Como a ISI Aplica IA a Dados e Insights<\/title>\n<meta name=\"description\" content=\"A ISI Markets aplica intelig\u00eancia de mercado com IA por meio de aprendizado de m\u00e1quina e IA generativa, permitindo uma descoberta de dados mais r\u00e1pida, previs\u00f5es econ\u00f4micas imediatas (nowcasts) e insights automatizados no CEIC, EMIS e REDD.\" \/>\n<meta name=\"robots\" content=\"index, follow, max-snippet:-1, max-image-preview:large, max-video-preview:-1\" \/>\n<link rel=\"canonical\" href=\"https:\/\/isimarkets.com\/pt-br\/abordagem-pt-br\/como-aplicamos-a-ia-pt-br\/\" \/>\n<meta property=\"og:locale\" content=\"pt_BR\" \/>\n<meta property=\"og:type\" content=\"article\" \/>\n<meta property=\"og:title\" content=\"Intelig\u00eancia de Mercado com IA \u2013 Como a ISI Aplica IA a Dados e Insights\" \/>\n<meta property=\"og:description\" content=\"A ISI Markets aplica intelig\u00eancia de mercado com IA por meio de aprendizado de m\u00e1quina e IA generativa, permitindo uma descoberta de dados mais r\u00e1pida, previs\u00f5es econ\u00f4micas imediatas (nowcasts) e insights automatizados no CEIC, EMIS e REDD.\" \/>\n<meta property=\"og:url\" content=\"https:\/\/isimarkets.com\/pt-br\/abordagem-pt-br\/como-aplicamos-a-ia-pt-br\/\" \/>\n<meta property=\"og:site_name\" content=\"ISI\" \/>\n<meta property=\"article:modified_time\" content=\"2026-04-02T18:26:08+00:00\" \/>\n<meta property=\"og:image\" content=\"https:\/\/isimarkets.com\/wp-content\/uploads\/How-We-Apply-AI-Banner-scaled.webp\" \/>\n<meta name=\"twitter:card\" content=\"summary_large_image\" \/>\n<meta name=\"twitter:label1\" content=\"Est. tempo de leitura\" \/>\n\t<meta name=\"twitter:data1\" content=\"3 minutos\" \/>\n<script type=\"application\/ld+json\" class=\"yoast-schema-graph\">{\"@context\":\"https:\\\/\\\/schema.org\",\"@graph\":[{\"@type\":\"WebPage\",\"@id\":\"https:\\\/\\\/isimarkets.com\\\/pt-br\\\/abordagem-pt-br\\\/como-aplicamos-a-ia-pt-br\\\/\",\"url\":\"https:\\\/\\\/isimarkets.com\\\/pt-br\\\/abordagem-pt-br\\\/como-aplicamos-a-ia-pt-br\\\/\",\"name\":\"Intelig\u00eancia de Mercado com IA \u2013 Como a ISI Aplica IA a Dados e Insights\",\"isPartOf\":{\"@id\":\"https:\\\/\\\/isimarkets.com\\\/pt-br\\\/#website\"},\"primaryImageOfPage\":{\"@id\":\"https:\\\/\\\/isimarkets.com\\\/pt-br\\\/abordagem-pt-br\\\/como-aplicamos-a-ia-pt-br\\\/#primaryimage\"},\"image\":{\"@id\":\"https:\\\/\\\/isimarkets.com\\\/pt-br\\\/abordagem-pt-br\\\/como-aplicamos-a-ia-pt-br\\\/#primaryimage\"},\"thumbnailUrl\":\"https:\\\/\\\/isimarkets.com\\\/wp-content\\\/uploads\\\/How-We-Apply-AI-Banner-scaled.webp\",\"datePublished\":\"2026-01-19T15:42:41+00:00\",\"dateModified\":\"2026-04-02T18:26:08+00:00\",\"description\":\"A ISI Markets aplica intelig\u00eancia de mercado com IA por meio de aprendizado de m\u00e1quina e IA generativa, permitindo uma descoberta de dados mais r\u00e1pida, previs\u00f5es econ\u00f4micas imediatas (nowcasts) e insights automatizados no CEIC, EMIS e REDD.\",\"breadcrumb\":{\"@id\":\"https:\\\/\\\/isimarkets.com\\\/pt-br\\\/abordagem-pt-br\\\/como-aplicamos-a-ia-pt-br\\\/#breadcrumb\"},\"inLanguage\":\"pt-BR\",\"potentialAction\":[{\"@type\":\"ReadAction\",\"target\":[\"https:\\\/\\\/isimarkets.com\\\/pt-br\\\/abordagem-pt-br\\\/como-aplicamos-a-ia-pt-br\\\/\"]}]},{\"@type\":\"ImageObject\",\"inLanguage\":\"pt-BR\",\"@id\":\"https:\\\/\\\/isimarkets.com\\\/pt-br\\\/abordagem-pt-br\\\/como-aplicamos-a-ia-pt-br\\\/#primaryimage\",\"url\":\"https:\\\/\\\/isimarkets.com\\\/wp-content\\\/uploads\\\/How-We-Apply-AI-Banner-scaled.webp\",\"contentUrl\":\"https:\\\/\\\/isimarkets.com\\\/wp-content\\\/uploads\\\/How-We-Apply-AI-Banner-scaled.webp\"},{\"@type\":\"BreadcrumbList\",\"@id\":\"https:\\\/\\\/isimarkets.com\\\/pt-br\\\/abordagem-pt-br\\\/como-aplicamos-a-ia-pt-br\\\/#breadcrumb\",\"itemListElement\":[{\"@type\":\"ListItem\",\"position\":1,\"name\":\"Home\",\"item\":\"https:\\\/\\\/isimarkets.com\\\/pt-br\\\/\"},{\"@type\":\"ListItem\",\"position\":2,\"name\":\"Abordagem\",\"item\":\"https:\\\/\\\/isimarkets.com\\\/pt-br\\\/abordagem-pt-br\\\/\"},{\"@type\":\"ListItem\",\"position\":3,\"name\":\"Como Aplicamos IA\"}]},{\"@type\":\"WebSite\",\"@id\":\"https:\\\/\\\/isimarkets.com\\\/pt-br\\\/#website\",\"url\":\"https:\\\/\\\/isimarkets.com\\\/pt-br\\\/\",\"name\":\"ISI\",\"description\":\"Global Market Intelligence Platform\",\"potentialAction\":[{\"@type\":\"SearchAction\",\"target\":{\"@type\":\"EntryPoint\",\"urlTemplate\":\"https:\\\/\\\/isimarkets.com\\\/pt-br\\\/?s={search_term_string}\"},\"query-input\":{\"@type\":\"PropertyValueSpecification\",\"valueRequired\":true,\"valueName\":\"search_term_string\"}}],\"inLanguage\":\"pt-BR\"}]}<\/script>\n<!-- \/ Yoast SEO plugin. -->","yoast_head_json":{"title":"Intelig\u00eancia de Mercado com IA \u2013 Como a ISI Aplica IA a Dados e Insights","description":"A ISI Markets aplica intelig\u00eancia de mercado com IA por meio de aprendizado de m\u00e1quina e IA generativa, permitindo uma descoberta de dados mais r\u00e1pida, previs\u00f5es econ\u00f4micas imediatas (nowcasts) e insights automatizados no CEIC, EMIS e REDD.","robots":{"index":"index","follow":"follow","max-snippet":"max-snippet:-1","max-image-preview":"max-image-preview:large","max-video-preview":"max-video-preview:-1"},"canonical":"https:\/\/isimarkets.com\/pt-br\/abordagem-pt-br\/como-aplicamos-a-ia-pt-br\/","og_locale":"pt_BR","og_type":"article","og_title":"Intelig\u00eancia de Mercado com IA \u2013 Como a ISI Aplica IA a Dados e Insights","og_description":"A ISI Markets aplica intelig\u00eancia de mercado com IA por meio de aprendizado de m\u00e1quina e IA generativa, permitindo uma descoberta de dados mais r\u00e1pida, previs\u00f5es econ\u00f4micas imediatas (nowcasts) e insights automatizados no CEIC, EMIS e REDD.","og_url":"https:\/\/isimarkets.com\/pt-br\/abordagem-pt-br\/como-aplicamos-a-ia-pt-br\/","og_site_name":"ISI","article_modified_time":"2026-04-02T18:26:08+00:00","og_image":[{"url":"https:\/\/isimarkets.com\/wp-content\/uploads\/How-We-Apply-AI-Banner-scaled.webp","type":"","width":"","height":""}],"twitter_card":"summary_large_image","twitter_misc":{"Est. tempo de leitura":"3 minutos"},"schema":{"@context":"https:\/\/schema.org","@graph":[{"@type":"WebPage","@id":"https:\/\/isimarkets.com\/pt-br\/abordagem-pt-br\/como-aplicamos-a-ia-pt-br\/","url":"https:\/\/isimarkets.com\/pt-br\/abordagem-pt-br\/como-aplicamos-a-ia-pt-br\/","name":"Intelig\u00eancia de Mercado com IA \u2013 Como a ISI Aplica IA a Dados e Insights","isPartOf":{"@id":"https:\/\/isimarkets.com\/pt-br\/#website"},"primaryImageOfPage":{"@id":"https:\/\/isimarkets.com\/pt-br\/abordagem-pt-br\/como-aplicamos-a-ia-pt-br\/#primaryimage"},"image":{"@id":"https:\/\/isimarkets.com\/pt-br\/abordagem-pt-br\/como-aplicamos-a-ia-pt-br\/#primaryimage"},"thumbnailUrl":"https:\/\/isimarkets.com\/wp-content\/uploads\/How-We-Apply-AI-Banner-scaled.webp","datePublished":"2026-01-19T15:42:41+00:00","dateModified":"2026-04-02T18:26:08+00:00","description":"A ISI Markets aplica intelig\u00eancia de mercado com IA por meio de aprendizado de m\u00e1quina e IA generativa, permitindo uma descoberta de dados mais r\u00e1pida, previs\u00f5es econ\u00f4micas imediatas (nowcasts) e insights automatizados no CEIC, EMIS e REDD.","breadcrumb":{"@id":"https:\/\/isimarkets.com\/pt-br\/abordagem-pt-br\/como-aplicamos-a-ia-pt-br\/#breadcrumb"},"inLanguage":"pt-BR","potentialAction":[{"@type":"ReadAction","target":["https:\/\/isimarkets.com\/pt-br\/abordagem-pt-br\/como-aplicamos-a-ia-pt-br\/"]}]},{"@type":"ImageObject","inLanguage":"pt-BR","@id":"https:\/\/isimarkets.com\/pt-br\/abordagem-pt-br\/como-aplicamos-a-ia-pt-br\/#primaryimage","url":"https:\/\/isimarkets.com\/wp-content\/uploads\/How-We-Apply-AI-Banner-scaled.webp","contentUrl":"https:\/\/isimarkets.com\/wp-content\/uploads\/How-We-Apply-AI-Banner-scaled.webp"},{"@type":"BreadcrumbList","@id":"https:\/\/isimarkets.com\/pt-br\/abordagem-pt-br\/como-aplicamos-a-ia-pt-br\/#breadcrumb","itemListElement":[{"@type":"ListItem","position":1,"name":"Home","item":"https:\/\/isimarkets.com\/pt-br\/"},{"@type":"ListItem","position":2,"name":"Abordagem","item":"https:\/\/isimarkets.com\/pt-br\/abordagem-pt-br\/"},{"@type":"ListItem","position":3,"name":"Como Aplicamos IA"}]},{"@type":"WebSite","@id":"https:\/\/isimarkets.com\/pt-br\/#website","url":"https:\/\/isimarkets.com\/pt-br\/","name":"ISI","description":"Global Market Intelligence Platform","potentialAction":[{"@type":"SearchAction","target":{"@type":"EntryPoint","urlTemplate":"https:\/\/isimarkets.com\/pt-br\/?s={search_term_string}"},"query-input":{"@type":"PropertyValueSpecification","valueRequired":true,"valueName":"search_term_string"}}],"inLanguage":"pt-BR"}]}},"_links":{"self":[{"href":"https:\/\/isimarkets.com\/pt-br\/wp-json\/wp\/v2\/pages\/5154","targetHints":{"allow":["GET"]}}],"collection":[{"href":"https:\/\/isimarkets.com\/pt-br\/wp-json\/wp\/v2\/pages"}],"about":[{"href":"https:\/\/isimarkets.com\/pt-br\/wp-json\/wp\/v2\/types\/page"}],"author":[{"embeddable":true,"href":"https:\/\/isimarkets.com\/pt-br\/wp-json\/wp\/v2\/users\/1"}],"replies":[{"embeddable":true,"href":"https:\/\/isimarkets.com\/pt-br\/wp-json\/wp\/v2\/comments?post=5154"}],"version-history":[{"count":1,"href":"https:\/\/isimarkets.com\/pt-br\/wp-json\/wp\/v2\/pages\/5154\/revisions"}],"predecessor-version":[{"id":6245,"href":"https:\/\/isimarkets.com\/pt-br\/wp-json\/wp\/v2\/pages\/5154\/revisions\/6245"}],"up":[{"embeddable":true,"href":"https:\/\/isimarkets.com\/pt-br\/wp-json\/wp\/v2\/pages\/5142"}],"wp:attachment":[{"href":"https:\/\/isimarkets.com\/pt-br\/wp-json\/wp\/v2\/media?parent=5154"}],"curies":[{"name":"wp","href":"https:\/\/api.w.org\/{rel}","templated":true}]}}