{"id":5172,"date":"2026-01-23T14:26:19","date_gmt":"2026-01-23T14:26:19","guid":{"rendered":"https:\/\/isimarkets.com\/?p=5172"},"modified":"2026-04-02T16:01:46","modified_gmt":"2026-04-02T15:01:46","slug":"politica-de-cookies-pt-br","status":"publish","type":"page","link":"https:\/\/isimarkets.com\/pt-br\/politica-de-cookies-pt-br\/","title":{"rendered":"Pol\u00edtica de Cookies"},"content":{"rendered":"<div id=\"cs-content\" class=\"cs-content\"><div class=\"x-section e5172-e1 m3zo-0 m3zo-1 breadcrumbs\" id=\"breadcrumbs\"><div class=\"x-row x-container max width e5172-e2 m3zo-3 m3zo-4 m3zo-6\"><div class=\"x-row-inner\"><div class=\"x-col e5172-e3 m3zo-a\"><nav class=\"x-crumbs e5172-e4 m3zo-b\" role=\"navigation\"><ol class=\"x-crumbs-list\" itemscope=\"\" itemtype=\"http:\/\/schema.org\/BreadcrumbList\" aria-label=\"Breadcrumb Navigation\"><li class=\"x-crumbs-list-item\" itemprop=\"itemListElement\" itemscope itemtype=\"http:\/\/schema.org\/ListItem\"><a class=\"x-crumbs-current x-crumbs-link\" itemtype=\"http:\/\/schema.org\/Thing\" itemprop=\"item\" href=\"https:\/\/isimarkets.com\/pt-br\/\" title=\"You Are Here\"><span itemprop=\"name\">Home<\/span><\/a><meta itemprop=\"position\" content=\"1\"><\/li><\/ol><\/nav><\/div><\/div><\/div><\/div><div class=\"x-section e5172-e5 m3zo-0 m3zo-1 title simple\" id=\"title\"><div class=\"x-row x-container max width e5172-e6 m3zo-3 m3zo-5 m3zo-7 m3zo-8\"><div class=\"x-row-inner\"><div class=\"x-col e5172-e7 m3zo-a\"><div class=\"x-text x-content e5172-e8 m3zo-c\"><h1>Pol\u00edtica de Cookies<\/h1><\/div><\/div><\/div><\/div><\/div><section class=\"x-section e5172-e9 m3zo-1 m3zo-2 documentation\"><div class=\"x-row x-container max width e5172-e10 m3zo-3 m3zo-5 m3zo-7 m3zo-9\"><div class=\"x-row-inner\"><div class=\"x-col e5172-e11 m3zo-a\"><div class=\"x-text x-content e5172-e12 m3zo-c\"><h2>1. Finalidade<\/h2>\n<p>Esta Pol\u00edtica \u00e9 a Pol\u00edtica de Cookies da ISI Markets (\"a Empresa\").<\/p>\n<p>A finalidade desta Pol\u00edtica \u00e9 definir o que s\u00e3o cookies e como a Empresa utiliza cookies em seus sites, bem como suas op\u00e7\u00f5es para control\u00e1-los.<\/p>\n<p>Os cookies permitem que a Empresa aprimore a funcionalidade do site e a experi\u00eancia do usu\u00e1rio quando voc\u00ea navega em nossos sites.<\/p>\n\n<h2>2. O que s\u00e3o cookies?<\/h2>\n<p>Um cookie \u00e9 um pequeno arquivo de texto composto por letras e n\u00fameros que armazenamos em seu navegador ou no disco r\u00edgido de seu computador, caso voc\u00ea concorde. Os cookies s\u00e3o aplicados quando voc\u00ea visita nossos sites. Os cookies cont\u00eam informa\u00e7\u00f5es que s\u00e3o transferidas para o disco r\u00edgido de seu computador.  <\/p>\n\n<h3>Utilizamos os seguintes cookies:<\/h3>\n<ul>\n \t<li>\n<h4>Cookies estritamente necess\u00e1rios.<\/h4>\n<p>S\u00e3o cookies necess\u00e1rios para o funcionamento de nosso site. Esses cookies essenciais est\u00e3o sempre ativados porque nosso site n\u00e3o funcionar\u00e1 adequadamente sem eles. Incluem, por exemplo, cookies que permitem que voc\u00ea acesse \u00e1reas seguras de nosso site, utilize um carrinho de compras ou fa\u00e7a uso de servi\u00e7os de faturamento eletr\u00f4nico. Voc\u00ea pode desativar esses cookies nas configura\u00e7\u00f5es de seu navegador, mas talvez n\u00e3o consiga acessar todo o nosso site ou partes dele.   <\/p>\n<\/li>\n \t<li>\n<h4>Cookies de sess\u00e3o.<\/h4>\n<p>Esses cookies s\u00e3o tempor\u00e1rios e s\u00e3o apagados quando voc\u00ea fecha seu navegador. Os cookies de sess\u00e3o s\u00e3o utilizados para gerenciamento de sess\u00e3o, como lembrar itens em um carrinho de compras durante uma transa\u00e7\u00e3o online. <\/p>\n<\/li>\n \t<li>\n<h4>Cookies anal\u00edticos ou de desempenho.<\/h4>\n<p>Esses cookies nos permitem reconhecer e contar o n\u00famero de visitantes e observar como os visitantes navegam em nosso site quando o utilizam. Isso nos ajuda a melhorar o funcionamento de nosso site, por exemplo, garantindo que os usu\u00e1rios encontrem facilmente o que procuram. <\/p>\n<\/li>\n \t<li>\n<h4>Cookies de funcionalidade.<\/h4>\n<p>S\u00e3o utilizados para reconhec\u00ea-lo quando voc\u00ea retorna ao nosso site. Isso nos permite personalizar nosso conte\u00fado para voc\u00ea, cumpriment\u00e1-lo pelo nome e lembrar suas prefer\u00eancias (por exemplo, sua escolha de idioma ou regi\u00e3o). <\/p>\n<\/li>\n \t<li>\n<h4>Cookies persistentes.<\/h4>\n<p>Esses cookies permanecem em seu dispositivo mesmo ap\u00f3s o navegador ser fechado. S\u00e3o utilizados para lembrar suas prefer\u00eancias de usu\u00e1rio, armazenar credenciais de login e rastrear seu comportamento de usu\u00e1rio ao longo do tempo. <\/p>\n<\/li>\n<\/ul>\n<p>Alguns dos cookies utilizados por nossos sites s\u00e3o definidos por n\u00f3s, e alguns s\u00e3o definidos por terceiros que prestam servi\u00e7os (como an\u00e1lise web) em nosso nome.<\/p>\n<p>Voc\u00ea tamb\u00e9m pode obter mais informa\u00e7\u00f5es sobre cookies em geral visitando www.allaboutcookies.org, que inclui informa\u00e7\u00f5es \u00fateis adicionais sobre cookies e como bloquear cookies usando diferentes tipos de navegador.<\/p>\n\n<h2>3. Cookies de terceiros<\/h2>\n<table>\n<thead>\n<tr>\n<th>Terceiro<\/th>\n<th>Finalidade<\/th>\n<th>Onde obter mais informa\u00e7\u00f5es<\/th>\n<\/tr>\n<\/thead>\n<tbody>\n<tr>\n<th>HubSpot<\/th>\n<td>\n<p>A HubSpot utiliza cookies ou tecnologias semelhantes (como web beacons) para analisar tend\u00eancias, administrar o site, rastrear os movimentos dos usu\u00e1rios pelo site e coletar informa\u00e7\u00f5es demogr\u00e1ficas sobre nossa base de usu\u00e1rios como um todo.<\/p>\n<\/td>\n<td>\n<p><a class=\"button small\" href=\"https:\/\/legal.hubspot.com\/privacy-policy\" target=\"_blank\" rel=\"noopener\">Pol\u00edtica de Privacidade<\/a> <a class=\"button small\" href=\"https:\/\/legal.hubspot.com\/cookie-policy\" target=\"_blank\" rel=\"noopener\">Pol\u00edtica de Cookies<\/a><\/p>\n<\/td>\n<\/tr>\n<tr>\n<th>Google Analytics<\/th>\n<td>\n<p>O Google Analytics \u00e9 uma ferramenta de an\u00e1lise web que nos ajuda a entender como nossos usu\u00e1rios interagem com nossos sites e, assim, nos permite adaptar melhor nosso site \u00e0s necessidades de nossos usu\u00e1rios. A ferramenta utiliza um cookie para avaliar o uso do conte\u00fado e compilar relat\u00f3rios para n\u00f3s sobre a atividade em nossos sites e aplicativos. <\/p>\n<\/td>\n<td>\n<p><a class=\"button small\" href=\"https:\/\/www.google.com\/analytics\/learn\/privacy.html\" target=\"_blank\" rel=\"noopener\">Privacidade<\/a><\/p>\n<\/td>\n<\/tr>\n<tr>\n<th>Google Tag Manager<\/th>\n<td>\n<p>Para gerenciar scripts externos<\/p>\n<\/td>\n<td><\/td>\n<\/tr>\n<tr>\n<th>LinkedIn<\/th>\n<td>\n<p>Social<\/p>\n<\/td>\n<td><\/td>\n<\/tr>\n<tr>\n<th>WPML<\/th>\n<td>\n<p>O plugin multil\u00edngue do WordPress define este cookie para armazenar o idioma atual\/configura\u00e7\u00f5es de idioma.<\/p>\n<\/td>\n<td><\/td>\n<\/tr>\n<tr>\n<th>Google Recaptcha<\/th>\n<td>\n<p>O servi\u00e7o Google Recaptcha define este cookie para identificar bots e proteger o site contra ataques de spam maliciosos.<\/p>\n<\/td>\n<td><\/td>\n<\/tr>\n<tr>\n<th>Wistia<\/th>\n<td>\n<p>Reprodu\u00e7\u00e3o de v\u00eddeo, rastreamento e an\u00e1lise.<\/p>\n<\/td>\n<td><\/td>\n<\/tr>\n<\/tbody>\n<\/table>\n<p>Se desejar obter mais informa\u00e7\u00f5es ou orienta\u00e7\u00f5es sobre cookies, <a href=\"https:\/\/isi.designhouse.co.ukcontact\/\">entre em contato conosco<\/a>.<\/p>\n\n<h2>4. Atualiza\u00e7\u00e3o<\/h2>\n<p>Esta Pol\u00edtica de Cookies foi atualizada pela \u00faltima vez em mar\u00e7o de 2026.<\/p><\/div><\/div><\/div><\/div><\/section><\/div>","protected":false},"excerpt":{"rendered":"<p>HomePol\u00edtica de Cookies1. Finalidade Esta Pol\u00edtica \u00e9 a Pol\u00edtica de Cookies da ISI Markets (&#8220;a Empresa&#8221;). A finalidade desta Pol\u00edtica \u00e9 definir o que s\u00e3o cookies e como a Empresa utiliza cookies em seus sites, bem como suas op\u00e7\u00f5es para control\u00e1-los. Os cookies permitem que a Empresa aprimore a funcionalidade do site e a experi\u00eancia do usu\u00e1rio quando voc\u00ea navega&hellip;<\/p>\n","protected":false},"author":1,"featured_media":0,"parent":0,"menu_order":92,"comment_status":"closed","ping_status":"closed","template":"template-blank-4.php","meta":{"content-type":"","cpa_authors":[],"cpa_override_default":false,"footnotes":""},"class_list":["post-5172","page","type-page","status-publish","hentry","no-post-thumbnail"],"yoast_head":"<!-- This site is optimized with the Yoast SEO plugin v27.4 - https:\/\/yoast.com\/product\/yoast-seo-wordpress\/ -->\n<title>Pol\u00edtica de Cookies | ISI Markets<\/title>\n<meta name=\"description\" content=\"Entenda como a ISI Markets utiliza cookies para aprimorar sua experi\u00eancia, analisar o uso e melhorar o desempenho da plataforma.\" \/>\n<meta name=\"robots\" content=\"index, follow, max-snippet:-1, max-image-preview:large, max-video-preview:-1\" \/>\n<link rel=\"canonical\" href=\"https:\/\/isimarkets.com\/pt-br\/politica-de-cookies-pt-br\/\" \/>\n<meta property=\"og:locale\" content=\"pt_BR\" \/>\n<meta property=\"og:type\" content=\"article\" \/>\n<meta property=\"og:title\" content=\"Pol\u00edtica de Cookies | ISI Markets\" \/>\n<meta property=\"og:description\" content=\"Entenda como a ISI Markets utiliza cookies para aprimorar sua experi\u00eancia, analisar o uso e melhorar o desempenho da plataforma.\" \/>\n<meta property=\"og:url\" content=\"https:\/\/isimarkets.com\/pt-br\/politica-de-cookies-pt-br\/\" \/>\n<meta property=\"og:site_name\" content=\"ISI\" \/>\n<meta property=\"article:modified_time\" content=\"2026-04-02T15:01:46+00:00\" \/>\n<meta name=\"twitter:card\" content=\"summary_large_image\" \/>\n<meta name=\"twitter:label1\" content=\"Est. tempo de leitura\" \/>\n\t<meta name=\"twitter:data1\" content=\"3 minutos\" \/>\n<script type=\"application\/ld+json\" class=\"yoast-schema-graph\">{\"@context\":\"https:\\\/\\\/schema.org\",\"@graph\":[{\"@type\":\"WebPage\",\"@id\":\"https:\\\/\\\/isimarkets.com\\\/pt-br\\\/politica-de-cookies-pt-br\\\/\",\"url\":\"https:\\\/\\\/isimarkets.com\\\/pt-br\\\/politica-de-cookies-pt-br\\\/\",\"name\":\"Pol\u00edtica de Cookies | ISI Markets\",\"isPartOf\":{\"@id\":\"https:\\\/\\\/isimarkets.com\\\/pt-br\\\/#website\"},\"datePublished\":\"2026-01-23T14:26:19+00:00\",\"dateModified\":\"2026-04-02T15:01:46+00:00\",\"description\":\"Entenda como a ISI Markets utiliza cookies para aprimorar sua experi\u00eancia, analisar o uso e melhorar o desempenho da plataforma.\",\"breadcrumb\":{\"@id\":\"https:\\\/\\\/isimarkets.com\\\/pt-br\\\/politica-de-cookies-pt-br\\\/#breadcrumb\"},\"inLanguage\":\"pt-BR\",\"potentialAction\":[{\"@type\":\"ReadAction\",\"target\":[\"https:\\\/\\\/isimarkets.com\\\/pt-br\\\/politica-de-cookies-pt-br\\\/\"]}]},{\"@type\":\"BreadcrumbList\",\"@id\":\"https:\\\/\\\/isimarkets.com\\\/pt-br\\\/politica-de-cookies-pt-br\\\/#breadcrumb\",\"itemListElement\":[{\"@type\":\"ListItem\",\"position\":1,\"name\":\"Home\",\"item\":\"https:\\\/\\\/isimarkets.com\\\/pt-br\\\/\"},{\"@type\":\"ListItem\",\"position\":2,\"name\":\"Pol\u00edtica de Cookies\"}]},{\"@type\":\"WebSite\",\"@id\":\"https:\\\/\\\/isimarkets.com\\\/pt-br\\\/#website\",\"url\":\"https:\\\/\\\/isimarkets.com\\\/pt-br\\\/\",\"name\":\"ISI\",\"description\":\"Global Market Intelligence Platform\",\"potentialAction\":[{\"@type\":\"SearchAction\",\"target\":{\"@type\":\"EntryPoint\",\"urlTemplate\":\"https:\\\/\\\/isimarkets.com\\\/pt-br\\\/?s={search_term_string}\"},\"query-input\":{\"@type\":\"PropertyValueSpecification\",\"valueRequired\":true,\"valueName\":\"search_term_string\"}}],\"inLanguage\":\"pt-BR\"}]}<\/script>\n<!-- \/ Yoast SEO plugin. -->","yoast_head_json":{"title":"Pol\u00edtica de Cookies | ISI Markets","description":"Entenda como a ISI Markets utiliza cookies para aprimorar sua experi\u00eancia, analisar o uso e melhorar o desempenho da plataforma.","robots":{"index":"index","follow":"follow","max-snippet":"max-snippet:-1","max-image-preview":"max-image-preview:large","max-video-preview":"max-video-preview:-1"},"canonical":"https:\/\/isimarkets.com\/pt-br\/politica-de-cookies-pt-br\/","og_locale":"pt_BR","og_type":"article","og_title":"Pol\u00edtica de Cookies | ISI Markets","og_description":"Entenda como a ISI Markets utiliza cookies para aprimorar sua experi\u00eancia, analisar o uso e melhorar o desempenho da plataforma.","og_url":"https:\/\/isimarkets.com\/pt-br\/politica-de-cookies-pt-br\/","og_site_name":"ISI","article_modified_time":"2026-04-02T15:01:46+00:00","twitter_card":"summary_large_image","twitter_misc":{"Est. tempo de leitura":"3 minutos"},"schema":{"@context":"https:\/\/schema.org","@graph":[{"@type":"WebPage","@id":"https:\/\/isimarkets.com\/pt-br\/politica-de-cookies-pt-br\/","url":"https:\/\/isimarkets.com\/pt-br\/politica-de-cookies-pt-br\/","name":"Pol\u00edtica de Cookies | ISI Markets","isPartOf":{"@id":"https:\/\/isimarkets.com\/pt-br\/#website"},"datePublished":"2026-01-23T14:26:19+00:00","dateModified":"2026-04-02T15:01:46+00:00","description":"Entenda como a ISI Markets utiliza cookies para aprimorar sua experi\u00eancia, analisar o uso e melhorar o desempenho da plataforma.","breadcrumb":{"@id":"https:\/\/isimarkets.com\/pt-br\/politica-de-cookies-pt-br\/#breadcrumb"},"inLanguage":"pt-BR","potentialAction":[{"@type":"ReadAction","target":["https:\/\/isimarkets.com\/pt-br\/politica-de-cookies-pt-br\/"]}]},{"@type":"BreadcrumbList","@id":"https:\/\/isimarkets.com\/pt-br\/politica-de-cookies-pt-br\/#breadcrumb","itemListElement":[{"@type":"ListItem","position":1,"name":"Home","item":"https:\/\/isimarkets.com\/pt-br\/"},{"@type":"ListItem","position":2,"name":"Pol\u00edtica de Cookies"}]},{"@type":"WebSite","@id":"https:\/\/isimarkets.com\/pt-br\/#website","url":"https:\/\/isimarkets.com\/pt-br\/","name":"ISI","description":"Global Market Intelligence Platform","potentialAction":[{"@type":"SearchAction","target":{"@type":"EntryPoint","urlTemplate":"https:\/\/isimarkets.com\/pt-br\/?s={search_term_string}"},"query-input":{"@type":"PropertyValueSpecification","valueRequired":true,"valueName":"search_term_string"}}],"inLanguage":"pt-BR"}]}},"_links":{"self":[{"href":"https:\/\/isimarkets.com\/pt-br\/wp-json\/wp\/v2\/pages\/5172","targetHints":{"allow":["GET"]}}],"collection":[{"href":"https:\/\/isimarkets.com\/pt-br\/wp-json\/wp\/v2\/pages"}],"about":[{"href":"https:\/\/isimarkets.com\/pt-br\/wp-json\/wp\/v2\/types\/page"}],"author":[{"embeddable":true,"href":"https:\/\/isimarkets.com\/pt-br\/wp-json\/wp\/v2\/users\/1"}],"replies":[{"embeddable":true,"href":"https:\/\/isimarkets.com\/pt-br\/wp-json\/wp\/v2\/comments?post=5172"}],"version-history":[{"count":1,"href":"https:\/\/isimarkets.com\/pt-br\/wp-json\/wp\/v2\/pages\/5172\/revisions"}],"predecessor-version":[{"id":6198,"href":"https:\/\/isimarkets.com\/pt-br\/wp-json\/wp\/v2\/pages\/5172\/revisions\/6198"}],"wp:attachment":[{"href":"https:\/\/isimarkets.com\/pt-br\/wp-json\/wp\/v2\/media?parent=5172"}],"curies":[{"name":"wp","href":"https:\/\/api.w.org\/{rel}","templated":true}]}}