{"id":5178,"date":"2026-01-23T14:31:23","date_gmt":"2026-01-23T14:31:23","guid":{"rendered":"https:\/\/isimarkets.com\/?p=5178"},"modified":"2026-04-02T15:55:13","modified_gmt":"2026-04-02T14:55:13","slug":"mapa-do-site-pt-br","status":"publish","type":"page","link":"https:\/\/isimarkets.com\/pt-br\/mapa-do-site-pt-br\/","title":{"rendered":"Mapa do site"},"content":{"rendered":"<div id=\"cs-content\" class=\"cs-content\"><div class=\"cs-content x-global-block x-global-block-4950 e5178-e1\"><div class=\"x-section e4950-e2 m3ti-0 breadcrumbs\" id=\"breadcrumbs\"><div class=\"x-row x-container max width e4950-e3 m3ti-1 m3ti-2\"><div class=\"x-row-inner\"><div class=\"x-col e4950-e4 m3ti-3\"><nav class=\"x-crumbs e4950-e5 m3ti-4\" role=\"navigation\"><ol class=\"x-crumbs-list\" itemscope=\"\" itemtype=\"http:\/\/schema.org\/BreadcrumbList\" aria-label=\"Breadcrumb Navigation\"><li class=\"x-crumbs-list-item\" itemprop=\"itemListElement\" itemscope itemtype=\"http:\/\/schema.org\/ListItem\"><a class=\"x-crumbs-current x-crumbs-link\" itemtype=\"http:\/\/schema.org\/Thing\" itemprop=\"item\" href=\"https:\/\/isimarkets.com\/pt-br\/\" title=\"You Are Here\"><span itemprop=\"name\">Home<\/span><\/a><meta itemprop=\"position\" content=\"1\"><\/li><\/ol><\/nav><\/div><\/div><\/div><\/div><\/div><div class=\"x-section e5178-e2 m3zu-0 m3zu-1 title simple\" id=\"title\"><div class=\"x-row x-container max width e5178-e3 m3zu-3 m3zu-4 m3zu-5\"><div class=\"x-row-inner\"><div class=\"x-col e5178-e4 m3zu-7\"><div class=\"x-text x-content e5178-e5 m3zu-8\"><h1>Mapa do site<\/h1><\/div><\/div><\/div><\/div><\/div><section class=\"x-section e5178-e6 m3zu-1 m3zu-2\"><div class=\"x-row x-container max width e5178-e7 m3zu-3 m3zu-4 m3zu-6\"><div class=\"x-row-inner\"><div class=\"x-col e5178-e8 m3zu-7\"><ul class=\"sitemap\"><li><h2><a href=\"https:\/\/isimarkets.com\/pt-br\/\">In\u00edcio<\/a><\/h2><\/li><li><a href=\"https:\/\/isimarkets.com\/pt-br\/termos-e-condicoes-adicionais-de-provedores-terceiros\/\">Termos e Condi\u00e7\u00f5es Adicionais de Provedores Terceiros<\/a><\/li><li><a href=\"https:\/\/isimarkets.com\/pt-br\/solicitar-demonstracao-emis\/\">Solicitar demonstra\u00e7\u00e3o - EMIS<\/a><\/li><li><a href=\"https:\/\/isimarkets.com\/pt-br\/solicitar-demonstracao-ceic\/\">Solicitar demonstra\u00e7\u00e3o - CEIC<\/a><\/li><li><a href=\"https:\/\/isimarkets.com\/pt-br\/solicitar-demonstracao-redd\/\">Solicitar demonstra\u00e7\u00e3o - REDD<\/a><\/li><li><a href=\"https:\/\/isimarkets.com\/pt-br\/solicitar-demonstracao-epfr\/\">Solicitar demonstra\u00e7\u00e3o - EPFR<\/a><\/li><li><a href=\"https:\/\/isimarkets.com\/pt-br\/solicitar-demonstracao-imoneynet\/\">Solicitar demonstra\u00e7\u00e3o - iMoneyNet<\/a><\/li><li><h2><a href=\"https:\/\/isimarkets.com\/pt-br\/empresa-pt-br\/\">Empresa<\/a><\/h2><ul><li><a href=\"https:\/\/isimarkets.com\/pt-br\/empresa-pt-br\/sobre-pt-br\/\">Sobre<\/a><\/li><li><a href=\"https:\/\/isimarkets.com\/pt-br\/people-2\/\">Nossa Equipe Executiva<\/a><\/li><li><a href=\"https:\/\/isimarkets.com\/pt-br\/empresa-pt-br\/esg-e-rsc-pt-br\/\">ESG &amp; RSC<\/a><\/li><li><a href=\"https:\/\/isimarkets.com\/pt-br\/empresa-pt-br\/carreiras-pt-br\/\">Carreiras<\/a><\/li><li><a href=\"https:\/\/isimarkets.com\/pt-br\/empresa\/contato\/\">Contato<\/a><\/li><li><a href=\"https:\/\/isimarkets.com\/pt-br\/empresa-pt-br\/consultas-da-imprensa-pt-br\/\">Consultas de Imprensa<\/a><\/li><\/ul><\/li><li class=\"solutions\"><h2><span>Solutions<\/span><\/h2><ul><li><h3><span>Setor<\/span><\/h3><ul><li><a href=\"https:\/\/isimarkets.com\/pt-br\/solution\/instituicoes-academicas-pt-br\/\">Institui\u00e7\u00f5es acad\u00eamicas<\/a><\/li><\/ul><\/li><li><h3><span>Desafio<\/span><\/h3><\/li><\/ul><\/li><li class=\"products\"><h2><span>Products<\/span><\/h2><ul><li><h3><a href=\"https:\/\/isimarkets.com\/pt-br\/product\/isi-pt-br\/\">ISI<\/a><\/h3><\/li><li><h3><a href=\"https:\/\/isimarkets.com\/pt-br\/product\/ceic-pt-br\/\">CEIC<\/a><\/h3><ul><li><a href=\"https:\/\/isimarkets.com\/pt-br\/product\/ceic-pt-br\/global-macro-pt-br\/\">Macro Global<\/a><\/li><li><a href=\"https:\/\/isimarkets.com\/pt-br\/product\/ceic-pt-br\/world-trend-plus-pt-br\/\">World Trend Plus<\/a><\/li><li><a href=\"https:\/\/isimarkets.com\/pt-br\/product\/ceic-pt-br\/asean-pt-br\/\">ASEAN<\/a><\/li><li><a href=\"https:\/\/isimarkets.com\/pt-br\/product\/ceic-pt-br\/brasil-pt-br\/\">Brasil<\/a><\/li><li><a href=\"https:\/\/isimarkets.com\/pt-br\/product\/ceic-pt-br\/china-pt-br\/\">China<\/a><\/li><li><a href=\"https:\/\/isimarkets.com\/pt-br\/product\/ceic-pt-br\/india-pt-br\/\">\u00cdndia<\/a><\/li><li><a href=\"https:\/\/isimarkets.com\/pt-br\/product\/ceic-pt-br\/russia-pt-br\/\">R\u00fassia<\/a><\/li><li><a href=\"https:\/\/isimarkets.com\/pt-br\/product\/ceic-pt-br\/alta-frequencia-pt-br\/\">Alta Frequ\u00eancia<\/a><\/li><li><a href=\"https:\/\/isimarkets.com\/pt-br\/product\/ceic-pt-br\/\">Point in Time<\/a><\/li><\/ul><\/li><li><h3><a href=\"https:\/\/isimarkets.com\/pt-br\/product\/emis-pt-br\/\">EMIS<\/a><\/h3><ul><li><a href=\"https:\/\/isimarkets.com\/pt-br\/product\/emis-pt-br\/inteligencia-de-mercado-e-planejamento-estrategico-pt-br\/\">Intelig\u00eancia de Mercado e Planejamento Estrat\u00e9gico<\/a><\/li><li><a href=\"https:\/\/isimarkets.com\/pt-br\/product\/emis-pt-br\/\">Institui\u00e7\u00f5es acad\u00eamicas<\/a><\/li><li><a href=\"https:\/\/isimarkets.com\/pt-br\/product\/emis-pt-br\/pesquisa-de-mercado-pt-br\/\">Pesquisa de Neg\u00f3cios<\/a><\/li><li><a href=\"https:\/\/isimarkets.com\/pt-br\/product\/emis-pt-br\/ma-investment-pt-br\/\">Investimento em M&amp;A<\/a><\/li><li><a href=\"https:\/\/isimarkets.com\/pt-br\/product\/emis-pt-br\/credit-risk-pt-br\/\">Cr\u00e9dito &amp; Risco<\/a><\/li><li><a href=\"https:\/\/isimarkets.com\/pt-br\/product\/emis-pt-br\/vendas-e-marketing-pt-br\/\">Vendas &amp; Marketing<\/a><\/li><li><a href=\"https:\/\/isimarkets.com\/pt-br\/product\/emis-pt-br\/pesquisa-academica-pt-br\/\">Pesquisa Acad\u00eamica<\/a><\/li><\/ul><\/li><li><h3><a href=\"https:\/\/isimarkets.com\/pt-br\/product\/epfr-pt-br\/\">EPFR<\/a><\/h3><ul><li><a href=\"https:\/\/isimarkets.com\/pt-br\/product\/epfr-pt-br\/fluxos-e-alocacoes-de-fundos-pt-br\/\">Fluxos e Aloca\u00e7\u00f5es de Fundos<\/a><\/li><li><a href=\"https:\/\/isimarkets.com\/pt-br\/product\/epfr-pt-br\/api-epfr-solicite-uma-demonstracao\/\">API EPFR | Solicite uma demonstra\u00e7\u00e3o<\/a><\/li><li><a href=\"https:\/\/isimarkets.com\/pt-br\/product\/epfr-pt-br\/nivel-de-seguranca-pt-br\/\">N\u00edvel de Ativo<\/a><\/li><li><a href=\"https:\/\/isimarkets.com\/pt-br\/product\/epfr-pt-br\/solucoes-especializadas-pt-br\/\">Solu\u00e7\u00f5es Especializadas<\/a><\/li><\/ul><\/li><li><h3><a href=\"https:\/\/isimarkets.com\/pt-br\/product\/redd-pt-br\/\">REDD<\/a><\/h3><ul><li><a href=\"https:\/\/isimarkets.com\/pt-br\/product\/redd-pt-br\/divida-soberana-pt-br\/\">D\u00edvida soberana<\/a><\/li><li><a href=\"https:\/\/isimarkets.com\/pt-br\/product\/redd-pt-br\/divida-corporativa-pt-br\/\">D\u00edvida Corporativa<\/a><\/li><\/ul><\/li><li><h3><a href=\"https:\/\/isimarkets.com\/pt-br\/product\/imoneynet-pt-br\/\">iMoneyNet<\/a><\/h3><\/li><\/ul><\/li><li class=\"posts\"><h2><a href=\"https:\/\/isimarkets.com\/pt-br\/noticias-e-analises-pt-br\/\">Not\u00edcias e Insights<\/a><\/h2><ul><li><h3>Categories<\/h3><ul><li><a href=\"\/news\/press-releases\/\">Press Releases<\/a><\/li><li><a href=\"\/news\/publications\/\">Publications<\/a><\/li><li><a href=\"\/news\/quants-corner\/\">Quants Corner<\/a><\/li><li><a href=\"\/news\/sem-categoria\/\">Sem categoria<\/a><\/li><\/ul><\/li><li><h3>Topics<\/h3><ul><li><a href=\"\/news\/tag\/academic-research\/\">Academic Research<\/a><\/li><li><a href=\"\/news\/tag\/africa\/\">Africa<\/a><\/li><li><a href=\"\/news\/tag\/ai\/\">AI<\/a><\/li><li><a href=\"\/news\/tag\/aluminum\/\">Aluminum<\/a><\/li><li><a href=\"\/news\/tag\/asean\/\">ASEAN<\/a><\/li><li><a href=\"\/news\/tag\/asset-allocations\/\">Asset Allocations<\/a><\/li><li><a href=\"\/news\/tag\/awards\/\">Awards<\/a><\/li><li><a href=\"\/news\/tag\/banking\/\">Banking<\/a><\/li><li><a href=\"\/news\/tag\/bond-flows\/\">Bond Flows<\/a><\/li><li><a href=\"\/news\/tag\/bond-funds\/\">Bond Funds<\/a><\/li><li><a href=\"\/news\/tag\/brazil\/\">Brazil<\/a><\/li><li><a href=\"\/news\/tag\/business-research\/\">Business Research<\/a><\/li><li><a href=\"\/news\/tag\/central-banks\/\">Central Banks<\/a><\/li><li><a href=\"\/news\/tag\/china\/\">China<\/a><\/li><li><a href=\"\/news\/tag\/china-a-shares\/\">China A Shares<\/a><\/li><li><a href=\"\/news\/tag\/commodities\/\">Commodities<\/a><\/li><li><a href=\"\/news\/tag\/company-intelligence\/\">Company Intelligence<\/a><\/li><li><a href=\"\/news\/tag\/consumer\/\">Consumer<\/a><\/li><li><a href=\"\/news\/tag\/copper\/\">Copper<\/a><\/li><li><a href=\"\/news\/tag\/currency\/\">currency<\/a><\/li><li><a href=\"\/news\/tag\/daily-fund-flows\/\">Daily Fund Flows<\/a><\/li><li><a href=\"\/news\/tag\/defense\/\">defense<\/a><\/li><li><a href=\"\/news\/tag\/developed-markets\/\">Developed Markets<\/a><\/li><li><a href=\"\/news\/tag\/emerging-markets\/\">Emerging Markets<\/a><\/li><li><a href=\"\/news\/tag\/energy\/\">Energy<\/a><\/li><li><a href=\"\/news\/tag\/equity-fund-flows\/\">Equity Fund Flows<\/a><\/li><li><a href=\"\/news\/tag\/equity-funds\/\">Equity Funds<\/a><\/li><li><a href=\"\/news\/tag\/esg-fund-flows\/\">ESG Fund Flows<\/a><\/li><li><a href=\"\/news\/tag\/etf-fund-flows\/\">ETF Fund Flows<\/a><\/li><li><a href=\"\/news\/tag\/europe\/\">europe<\/a><\/li><li><a href=\"\/news\/tag\/financial-markets\/\">Financial Markets Data<\/a><\/li><li><a href=\"\/news\/tag\/fund-flows\/\">Fund Flows<\/a><\/li><li><a href=\"\/news\/tag\/gold\/\">Gold<\/a><\/li><li><a href=\"\/news\/tag\/health-pharma\/\">Health &amp; Pharma<\/a><\/li><li><a href=\"\/news\/tag\/india\/\">india<\/a><\/li><li><a href=\"\/news\/tag\/industry-research\/\">Industry Research<\/a><\/li><li><a href=\"\/news\/tag\/inflation\/\">Inflation<\/a><\/li><li><a href=\"\/news\/tag\/investor-sentiment\/\">Investor Sentiment<\/a><\/li><li><a href=\"\/news\/tag\/lng\/\">LNG<\/a><\/li><li><a href=\"\/news\/tag\/london\/\">London<\/a><\/li><li><a href=\"\/news\/tag\/m-and-a\/\">M&amp;A &amp; Investment<\/a><\/li><li><a href=\"\/news\/tag\/manufacturing\/\">Manufacturing<\/a><\/li><li><a href=\"\/news\/tag\/market-analysis\/\">Market Analysis<\/a><\/li><li><a href=\"\/news\/tag\/market-intelligence\/\">Market Intelligence<\/a><\/li><li><a href=\"\/news\/tag\/mergers-and-acquisitions\/\">Mergers and Acquisitions<\/a><\/li><li><a href=\"\/news\/tag\/money-market-fund-flows\/\">Money Market Fund Flows<\/a><\/li><li><a href=\"\/news\/tag\/mortgages\/\">mortgages<\/a><\/li><li><a href=\"\/news\/tag\/multimedia\/\">Multimedia<\/a><\/li><li><a href=\"\/news\/tag\/mutual-fund-flows\/\">Mutual Fund Flows<\/a><\/li><li><a href=\"\/news\/tag\/natural-gas\/\">natural gas<\/a><\/li><li><a href=\"\/news\/tag\/oil\/\">Oil<\/a><\/li><li><a href=\"\/news\/tag\/press-releases\/\">Press Releases<\/a><\/li><li><a href=\"\/news\/tag\/quantamental\/\">Quantamental<\/a><\/li><li><a href=\"\/news\/tag\/rare-earths\/\">Rare Earths<\/a><\/li><li><a href=\"\/news\/tag\/real-estate\/\">real estate<\/a><\/li><li><a href=\"\/news\/tag\/renewables\/\">renewables<\/a><\/li><li><a href=\"\/news\/tag\/retail-flows\/\">Retail Flows<\/a><\/li><li><a href=\"\/news\/tag\/sector-research\/\">Sector Research<\/a><\/li><li><a href=\"\/news\/tag\/sovereign-debt\/\">Sovereign Debt<\/a><\/li><li><a href=\"\/news\/tag\/sri\/\">SRI<\/a><\/li><li><a href=\"\/news\/tag\/technology\/\">Technology<\/a><\/li><li><a href=\"\/news\/tag\/technology-funds\/\">Technology Funds<\/a><\/li><li><a href=\"\/news\/tag\/top-deals\/\">Top Deals<\/a><\/li><li><a href=\"\/news\/tag\/transportation\/\">Transportation<\/a><\/li><\/ul><\/li><li><h3>Regions<\/h3><ul><li><a href=\"\/region\/africa\/\">Africa<\/a><\/li><li><a href=\"\/region\/asean\/\">ASEAN<\/a><\/li><li><a href=\"\/region\/brazil\/\">Brazil<\/a><\/li><li><a href=\"\/region\/cee\/\">CEE<\/a><\/li><li><a href=\"\/region\/ceemea\/\">CEEMEA<\/a><\/li><li><a href=\"\/region\/china-2\/\">China<\/a><\/li><li><a href=\"\/region\/china\/\">Chinese Mainland<\/a><\/li><li><a href=\"\/region\/colombia\/\">Colombia<\/a><\/li><li><a href=\"\/region\/emea\/\">EMEA<\/a><\/li><li><a href=\"\/region\/europe\/\">Europe<\/a><\/li><li><a href=\"\/region\/india\/\">India<\/a><\/li><li><a href=\"\/region\/japan\/\">Japan<\/a><\/li><li><a href=\"\/region\/latam\/\">LATAM<\/a><\/li><li><a href=\"\/region\/middle-east\/\">Middle East<\/a><\/li><li><a href=\"\/region\/poland\/\">Poland<\/a><\/li><li><a href=\"\/region\/us\/\">United States<\/a><\/li><\/ul><\/li><\/ul><\/li><li class=\"events\"><h2><a href=\"https:\/\/isimarkets.com\/pt-br\/events\/\">Events<\/a><\/h2><ul><li><h3>Future Events<\/h3><\/li><li><h3>Past Events<\/h3><\/li><li><h3>Topics<\/h3><ul><li><a href=\"\/events\/tag\/asean\/\">ASEAN<\/a><\/li><li><a href=\"\/events\/tag\/developed-markets\/\">Developed Markets<\/a><\/li><li><a href=\"\/events\/tag\/emerging-markets\/\">Emerging Markets<\/a><\/li><li><a href=\"\/events\/tag\/energy\/\">Energy<\/a><\/li><li><a href=\"\/events\/tag\/equity-fund-flows\/\">Equity Fund Flows<\/a><\/li><li><a href=\"\/events\/tag\/fintech\/\">Fintech<\/a><\/li><li><a href=\"\/events\/tag\/fund-flows\/\">Fund Flows<\/a><\/li><li><a href=\"\/events\/tag\/industry-trends\/\">Industry Trends<\/a><\/li><li><a href=\"\/events\/tag\/investor-sentiment\/\">Investor Sentiment<\/a><\/li><li><a href=\"\/events\/tag\/liquidity\/\">liquidity<\/a><\/li><li><a href=\"\/events\/tag\/municipals\/\">Municipals<\/a><\/li><\/ul><\/li><li><h3>Regions<\/h3><ul><li><a href=\"\/events\/region\/asean\/\">ASEAN<\/a><\/li><li><a href=\"\/events\/region\/brazil\/\">Brazil<\/a><\/li><li><a href=\"\/events\/region\/cee\/\">CEE<\/a><\/li><li><a href=\"\/events\/region\/europe\/\">Europe<\/a><\/li><li><a href=\"\/events\/region\/india\/\">India<\/a><\/li><li><a href=\"\/events\/region\/latam\/\">LATAM<\/a><\/li><li><a href=\"\/events\/region\/us\/\">United States<\/a><\/li><\/ul><\/li><\/ul><\/li><li><h2><a href=\"https:\/\/isimarkets.com\/pt-br\/abordagem-pt-br\/\">Abordagem<\/a><\/h2><ul><li><a href=\"https:\/\/isimarkets.com\/pt-br\/abordagem-pt-br\/entrega-de-dados-pt-br\/\">Entrega de dados<\/a><\/li><li><a href=\"https:\/\/isimarkets.com\/pt-br\/abordagem-pt-br\/como-aplicamos-a-ia-pt-br\/\">Como Aplicamos IA<\/a><\/li><li><a href=\"https:\/\/isimarkets.com\/pt-br\/abordagem-pt-br\/sucesso-do-cliente-pt-br\/\">Sucesso do Cliente<\/a><\/li><\/ul><\/li><li><a href=\"https:\/\/isimarkets.com\/pt-br\/solicitar-demonstracao-pt-br\/\">Solicitar Demonstra\u00e7\u00e3o<\/a><\/li><li><h2><a href=\"https:\/\/isimarkets.com\/pt-br\/boletim-informativo-pt-br\/\">Newsletter<\/a><\/h2><ul><li><a href=\"https:\/\/isimarkets.com\/pt-br\/boletim-informativo-pt-br\/inscreva-se-na-newsletter-da-ceic-pt-br\/\">Inscri\u00e7\u00e3o na Newsletter da CEIC<\/a><\/li><li><a href=\"https:\/\/isimarkets.com\/pt-br\/boletim-informativo-pt-br\/inscreva-se-na-newsletter-da-emis-pt-br\/\">Inscreva-se na newsletter da EMIS<\/a><\/li><li><a href=\"https:\/\/isimarkets.com\/pt-br\/boletim-informativo-pt-br\/inscreva-se-na-newsletter-da-epfr-pt-br\/\">Inscreva-se na newsletter da EPFR<\/a><\/li><\/ul><\/li><li><a href=\"https:\/\/isimarkets.com\/pt-br\/termos-e-condicoes-pt-br\/\">Termos e Condi\u00e7\u00f5es<\/a><\/li><li><a href=\"https:\/\/isimarkets.com\/pt-br\/politica-de-privacidade-pt-br\/\">pol\u00edtica de Privacidade<\/a><\/li><li><a href=\"https:\/\/isimarkets.com\/pt-br\/politica-de-cookies-pt-br\/\">Pol\u00edtica de Cookies<\/a><\/li><li><a href=\"https:\/\/isimarkets.com\/pt-br\/mapa-do-site-pt-br\/\">Mapa do site<\/a><\/li><li><a href=\"https:\/\/isimarkets.com\/pt-br\/login-redd-pt-br\/\">Login do REDD<\/a><\/li><li><a href=\"https:\/\/isimarkets.com\/pt-br\/login-do-imoneynet-pt-br\/\">Login iMoneyNet<\/a><\/li><li><a href=\"https:\/\/isimarkets.com\/pt-br\/pagina-nao-encontrada-pt-br\/\">P\u00e1gina n\u00e3o encontrada<\/a><\/li><\/ul><\/div><\/div><\/div><\/section><\/div>","protected":false},"excerpt":{"rendered":"<p>HomeMapa do siteIn\u00edcioTermos e Condi\u00e7\u00f5es Adicionais de Provedores TerceirosSolicitar demonstra\u00e7\u00e3o &#8211; EMISSolicitar demonstra\u00e7\u00e3o &#8211; CEICSolicitar demonstra\u00e7\u00e3o &#8211; REDDSolicitar demonstra\u00e7\u00e3o &#8211; EPFRSolicitar demonstra\u00e7\u00e3o &#8211; iMoneyNetEmpresaSobreNossa Equipe ExecutivaESG &amp; RSCCarreirasContatoConsultas de ImprensaSolutionsSetorInstitui\u00e7\u00f5es acad\u00eamicasDesafioProductsISICEICMacro GlobalWorld Trend PlusASEANBrasilChina\u00cdndiaR\u00fassiaAlta Frequ\u00eanciaPoint in TimeEMISIntelig\u00eancia de Mercado e Planejamento Estrat\u00e9gicoInstitui\u00e7\u00f5es acad\u00eamicasPesquisa de Neg\u00f3ciosInvestimento em M&amp;ACr\u00e9dito &amp; RiscoVendas &amp; MarketingPesquisa Acad\u00eamicaEPFRFluxos e Aloca\u00e7\u00f5es de FundosAPI EPFR | Solicite uma&hellip;<\/p>\n","protected":false},"author":1,"featured_media":0,"parent":0,"menu_order":95,"comment_status":"closed","ping_status":"closed","template":"template-blank-4.php","meta":{"content-type":"","cpa_authors":[],"cpa_override_default":false,"footnotes":""},"class_list":["post-5178","page","type-page","status-publish","hentry","no-post-thumbnail"],"yoast_head":"<!-- This site is optimized with the Yoast SEO plugin v27.4 - https:\/\/yoast.com\/product\/yoast-seo-wordpress\/ -->\n<title>Mapa do site | ISI Markets<\/title>\n<meta name=\"description\" content=\"Explore o mapa do site da ISI Markets para navegar por todos os produtos, solu\u00e7\u00f5es, p\u00e1ginas da empresa e recursos em uma vis\u00e3o estruturada.\" \/>\n<meta name=\"robots\" content=\"index, follow, max-snippet:-1, max-image-preview:large, max-video-preview:-1\" \/>\n<link rel=\"canonical\" href=\"https:\/\/isimarkets.com\/pt-br\/mapa-do-site-pt-br\/\" \/>\n<meta property=\"og:locale\" content=\"pt_BR\" \/>\n<meta property=\"og:type\" content=\"article\" \/>\n<meta property=\"og:title\" content=\"Mapa do site | ISI Markets\" \/>\n<meta property=\"og:description\" content=\"Explore o mapa do site da ISI Markets para navegar por todos os produtos, solu\u00e7\u00f5es, p\u00e1ginas da empresa e recursos em uma vis\u00e3o estruturada.\" \/>\n<meta property=\"og:url\" content=\"https:\/\/isimarkets.com\/pt-br\/mapa-do-site-pt-br\/\" \/>\n<meta property=\"og:site_name\" content=\"ISI\" \/>\n<meta property=\"article:modified_time\" content=\"2026-04-02T14:55:13+00:00\" \/>\n<meta name=\"twitter:card\" content=\"summary_large_image\" \/>\n<script type=\"application\/ld+json\" class=\"yoast-schema-graph\">{\"@context\":\"https:\\\/\\\/schema.org\",\"@graph\":[{\"@type\":\"WebPage\",\"@id\":\"https:\\\/\\\/isimarkets.com\\\/pt-br\\\/mapa-do-site-pt-br\\\/\",\"url\":\"https:\\\/\\\/isimarkets.com\\\/pt-br\\\/mapa-do-site-pt-br\\\/\",\"name\":\"Mapa do site | ISI Markets\",\"isPartOf\":{\"@id\":\"https:\\\/\\\/isimarkets.com\\\/pt-br\\\/#website\"},\"datePublished\":\"2026-01-23T14:31:23+00:00\",\"dateModified\":\"2026-04-02T14:55:13+00:00\",\"description\":\"Explore o mapa do site da ISI Markets para navegar por todos os produtos, solu\u00e7\u00f5es, p\u00e1ginas da empresa e recursos em uma vis\u00e3o estruturada.\",\"breadcrumb\":{\"@id\":\"https:\\\/\\\/isimarkets.com\\\/pt-br\\\/mapa-do-site-pt-br\\\/#breadcrumb\"},\"inLanguage\":\"pt-BR\",\"potentialAction\":[{\"@type\":\"ReadAction\",\"target\":[\"https:\\\/\\\/isimarkets.com\\\/pt-br\\\/mapa-do-site-pt-br\\\/\"]}]},{\"@type\":\"BreadcrumbList\",\"@id\":\"https:\\\/\\\/isimarkets.com\\\/pt-br\\\/mapa-do-site-pt-br\\\/#breadcrumb\",\"itemListElement\":[{\"@type\":\"ListItem\",\"position\":1,\"name\":\"Home\",\"item\":\"https:\\\/\\\/isimarkets.com\\\/pt-br\\\/\"},{\"@type\":\"ListItem\",\"position\":2,\"name\":\"Mapa do site\"}]},{\"@type\":\"WebSite\",\"@id\":\"https:\\\/\\\/isimarkets.com\\\/pt-br\\\/#website\",\"url\":\"https:\\\/\\\/isimarkets.com\\\/pt-br\\\/\",\"name\":\"ISI\",\"description\":\"Global Market Intelligence Platform\",\"potentialAction\":[{\"@type\":\"SearchAction\",\"target\":{\"@type\":\"EntryPoint\",\"urlTemplate\":\"https:\\\/\\\/isimarkets.com\\\/pt-br\\\/?s={search_term_string}\"},\"query-input\":{\"@type\":\"PropertyValueSpecification\",\"valueRequired\":true,\"valueName\":\"search_term_string\"}}],\"inLanguage\":\"pt-BR\"}]}<\/script>\n<!-- \/ Yoast SEO plugin. -->","yoast_head_json":{"title":"Mapa do site | ISI Markets","description":"Explore o mapa do site da ISI Markets para navegar por todos os produtos, solu\u00e7\u00f5es, p\u00e1ginas da empresa e recursos em uma vis\u00e3o estruturada.","robots":{"index":"index","follow":"follow","max-snippet":"max-snippet:-1","max-image-preview":"max-image-preview:large","max-video-preview":"max-video-preview:-1"},"canonical":"https:\/\/isimarkets.com\/pt-br\/mapa-do-site-pt-br\/","og_locale":"pt_BR","og_type":"article","og_title":"Mapa do site | ISI Markets","og_description":"Explore o mapa do site da ISI Markets para navegar por todos os produtos, solu\u00e7\u00f5es, p\u00e1ginas da empresa e recursos em uma vis\u00e3o estruturada.","og_url":"https:\/\/isimarkets.com\/pt-br\/mapa-do-site-pt-br\/","og_site_name":"ISI","article_modified_time":"2026-04-02T14:55:13+00:00","twitter_card":"summary_large_image","schema":{"@context":"https:\/\/schema.org","@graph":[{"@type":"WebPage","@id":"https:\/\/isimarkets.com\/pt-br\/mapa-do-site-pt-br\/","url":"https:\/\/isimarkets.com\/pt-br\/mapa-do-site-pt-br\/","name":"Mapa do site | ISI Markets","isPartOf":{"@id":"https:\/\/isimarkets.com\/pt-br\/#website"},"datePublished":"2026-01-23T14:31:23+00:00","dateModified":"2026-04-02T14:55:13+00:00","description":"Explore o mapa do site da ISI Markets para navegar por todos os produtos, solu\u00e7\u00f5es, p\u00e1ginas da empresa e recursos em uma vis\u00e3o estruturada.","breadcrumb":{"@id":"https:\/\/isimarkets.com\/pt-br\/mapa-do-site-pt-br\/#breadcrumb"},"inLanguage":"pt-BR","potentialAction":[{"@type":"ReadAction","target":["https:\/\/isimarkets.com\/pt-br\/mapa-do-site-pt-br\/"]}]},{"@type":"BreadcrumbList","@id":"https:\/\/isimarkets.com\/pt-br\/mapa-do-site-pt-br\/#breadcrumb","itemListElement":[{"@type":"ListItem","position":1,"name":"Home","item":"https:\/\/isimarkets.com\/pt-br\/"},{"@type":"ListItem","position":2,"name":"Mapa do site"}]},{"@type":"WebSite","@id":"https:\/\/isimarkets.com\/pt-br\/#website","url":"https:\/\/isimarkets.com\/pt-br\/","name":"ISI","description":"Global Market Intelligence Platform","potentialAction":[{"@type":"SearchAction","target":{"@type":"EntryPoint","urlTemplate":"https:\/\/isimarkets.com\/pt-br\/?s={search_term_string}"},"query-input":{"@type":"PropertyValueSpecification","valueRequired":true,"valueName":"search_term_string"}}],"inLanguage":"pt-BR"}]}},"_links":{"self":[{"href":"https:\/\/isimarkets.com\/pt-br\/wp-json\/wp\/v2\/pages\/5178","targetHints":{"allow":["GET"]}}],"collection":[{"href":"https:\/\/isimarkets.com\/pt-br\/wp-json\/wp\/v2\/pages"}],"about":[{"href":"https:\/\/isimarkets.com\/pt-br\/wp-json\/wp\/v2\/types\/page"}],"author":[{"embeddable":true,"href":"https:\/\/isimarkets.com\/pt-br\/wp-json\/wp\/v2\/users\/1"}],"replies":[{"embeddable":true,"href":"https:\/\/isimarkets.com\/pt-br\/wp-json\/wp\/v2\/comments?post=5178"}],"version-history":[{"count":1,"href":"https:\/\/isimarkets.com\/pt-br\/wp-json\/wp\/v2\/pages\/5178\/revisions"}],"predecessor-version":[{"id":6179,"href":"https:\/\/isimarkets.com\/pt-br\/wp-json\/wp\/v2\/pages\/5178\/revisions\/6179"}],"wp:attachment":[{"href":"https:\/\/isimarkets.com\/pt-br\/wp-json\/wp\/v2\/media?parent=5178"}],"curies":[{"name":"wp","href":"https:\/\/api.w.org\/{rel}","templated":true}]}}