{"id":5184,"date":"2026-02-23T13:46:01","date_gmt":"2026-02-23T13:46:01","guid":{"rendered":"https:\/\/isimarkets.com\/?p=5184"},"modified":"2026-04-02T16:00:24","modified_gmt":"2026-04-02T15:00:24","slug":"solicitar-demonstracao-pt-br","status":"publish","type":"page","link":"https:\/\/isimarkets.com\/pt-br\/solicitar-demonstracao-pt-br\/","title":{"rendered":"Solicitar Demonstra\u00e7\u00e3o"},"content":{"rendered":"<div id=\"cs-content\" class=\"cs-content\"><section class=\"x-section e5184-e1 m400-0 title-content\" id=\"title-content\"><div class=\"x-row e5184-e2 m400-1 m400-2\"><div class=\"x-row-inner\"><div class=\"x-col e5184-e3 m400-3 accent\"><div class=\"x-text x-content e5184-e4 m400-4\"><h1>Solicitar Demonstra\u00e7\u00e3o<\/h1>\n<h2><mark>Intelig\u00eancia de mercado<br>global que<br>apoia decis\u00f5es<br>mais s\u00f3lidas<\/mark><\/h2>\n<p>Transforme complexidade em clareza, fortale\u00e7a seu desempenho e descubra oportunidades de investimento.<\/p><\/div><\/div><div class=\"x-col e5184-e5 m400-3 content\"><div class=\"x-text x-content e5184-e6 m400-4\"><p class=\"introduction\">Por favor, preencha o formul\u00e1rio e entraremos em contato o mais breve poss\u00edvel.<\/p><\/div><div class=\"form-area\"><div id=\"hubspot-form-69e92f5ca31c0\" class=\"hubspot-form-auto\" data-region=\"eu1\" data-portal-id=\"145094632\" data-form-id=\"a7fdf06f-9e57-46a2-bca2-5bcd06a6f3c0\"><\/div><\/div><\/div><\/div><\/div><\/section><\/div>","protected":false},"excerpt":{"rendered":"<p>Solicitar Demonstra\u00e7\u00e3o Intelig\u00eancia de mercadoglobal queapoia decis\u00f5esmais s\u00f3lidas Transforme complexidade em clareza, fortale\u00e7a seu desempenho e descubra oportunidades de investimento.Por favor, preencha o formul\u00e1rio e entraremos em contato o mais breve poss\u00edvel.<\/p>\n","protected":false},"author":1,"featured_media":0,"parent":0,"menu_order":40,"comment_status":"closed","ping_status":"closed","template":"template-blank-4.php","meta":{"content-type":"","cpa_authors":[],"cpa_override_default":false,"footnotes":""},"class_list":["post-5184","page","type-page","status-publish","hentry","no-post-thumbnail"],"yoast_head":"<!-- This site is optimized with the Yoast SEO plugin v27.4 - https:\/\/yoast.com\/product\/yoast-seo-wordpress\/ -->\n<title>Solicitar uma Demonstra\u00e7\u00e3o | Plataforma de Intelig\u00eancia ISI Markets<\/title>\n<meta name=\"description\" content=\"Veja o ISI Markets em a\u00e7\u00e3o. Solicite uma demonstra\u00e7\u00e3o personalizada do CEIC, EMIS, EPFR, REDD ou iMoneyNet e desbloqueie intelig\u00eancia de mercados emergentes hoje.\" \/>\n<meta name=\"robots\" content=\"index, follow, max-snippet:-1, max-image-preview:large, max-video-preview:-1\" \/>\n<link rel=\"canonical\" href=\"https:\/\/isimarkets.com\/pt-br\/solicitar-demonstracao-pt-br\/\" \/>\n<meta property=\"og:locale\" content=\"pt_BR\" \/>\n<meta property=\"og:type\" content=\"article\" \/>\n<meta property=\"og:title\" content=\"Solicitar uma Demonstra\u00e7\u00e3o | Plataforma de Intelig\u00eancia ISI Markets\" \/>\n<meta property=\"og:description\" content=\"Veja o ISI Markets em a\u00e7\u00e3o. Solicite uma demonstra\u00e7\u00e3o personalizada do CEIC, EMIS, EPFR, REDD ou iMoneyNet e desbloqueie intelig\u00eancia de mercados emergentes hoje.\" \/>\n<meta property=\"og:url\" content=\"https:\/\/isimarkets.com\/pt-br\/solicitar-demonstracao-pt-br\/\" \/>\n<meta property=\"og:site_name\" content=\"ISI\" \/>\n<meta property=\"article:modified_time\" content=\"2026-04-02T15:00:24+00:00\" \/>\n<meta name=\"twitter:card\" content=\"summary_large_image\" \/>\n<script type=\"application\/ld+json\" class=\"yoast-schema-graph\">{\"@context\":\"https:\\\/\\\/schema.org\",\"@graph\":[{\"@type\":\"WebPage\",\"@id\":\"https:\\\/\\\/isimarkets.com\\\/pt-br\\\/solicitar-demonstracao-pt-br\\\/\",\"url\":\"https:\\\/\\\/isimarkets.com\\\/pt-br\\\/solicitar-demonstracao-pt-br\\\/\",\"name\":\"Solicitar uma Demonstra\u00e7\u00e3o | Plataforma de Intelig\u00eancia ISI Markets\",\"isPartOf\":{\"@id\":\"https:\\\/\\\/isimarkets.com\\\/pt-br\\\/#website\"},\"datePublished\":\"2026-02-23T13:46:01+00:00\",\"dateModified\":\"2026-04-02T15:00:24+00:00\",\"description\":\"Veja o ISI Markets em a\u00e7\u00e3o. Solicite uma demonstra\u00e7\u00e3o personalizada do CEIC, EMIS, EPFR, REDD ou iMoneyNet e desbloqueie intelig\u00eancia de mercados emergentes hoje.\",\"breadcrumb\":{\"@id\":\"https:\\\/\\\/isimarkets.com\\\/pt-br\\\/solicitar-demonstracao-pt-br\\\/#breadcrumb\"},\"inLanguage\":\"pt-BR\",\"potentialAction\":[{\"@type\":\"ReadAction\",\"target\":[\"https:\\\/\\\/isimarkets.com\\\/pt-br\\\/solicitar-demonstracao-pt-br\\\/\"]}]},{\"@type\":\"BreadcrumbList\",\"@id\":\"https:\\\/\\\/isimarkets.com\\\/pt-br\\\/solicitar-demonstracao-pt-br\\\/#breadcrumb\",\"itemListElement\":[{\"@type\":\"ListItem\",\"position\":1,\"name\":\"Home\",\"item\":\"https:\\\/\\\/isimarkets.com\\\/pt-br\\\/\"},{\"@type\":\"ListItem\",\"position\":2,\"name\":\"Solicitar Demonstra\u00e7\u00e3o\"}]},{\"@type\":\"WebSite\",\"@id\":\"https:\\\/\\\/isimarkets.com\\\/pt-br\\\/#website\",\"url\":\"https:\\\/\\\/isimarkets.com\\\/pt-br\\\/\",\"name\":\"ISI\",\"description\":\"Global Market Intelligence Platform\",\"potentialAction\":[{\"@type\":\"SearchAction\",\"target\":{\"@type\":\"EntryPoint\",\"urlTemplate\":\"https:\\\/\\\/isimarkets.com\\\/pt-br\\\/?s={search_term_string}\"},\"query-input\":{\"@type\":\"PropertyValueSpecification\",\"valueRequired\":true,\"valueName\":\"search_term_string\"}}],\"inLanguage\":\"pt-BR\"}]}<\/script>\n<!-- \/ Yoast SEO plugin. -->","yoast_head_json":{"title":"Solicitar uma Demonstra\u00e7\u00e3o | Plataforma de Intelig\u00eancia ISI Markets","description":"Veja o ISI Markets em a\u00e7\u00e3o. Solicite uma demonstra\u00e7\u00e3o personalizada do CEIC, EMIS, EPFR, REDD ou iMoneyNet e desbloqueie intelig\u00eancia de mercados emergentes hoje.","robots":{"index":"index","follow":"follow","max-snippet":"max-snippet:-1","max-image-preview":"max-image-preview:large","max-video-preview":"max-video-preview:-1"},"canonical":"https:\/\/isimarkets.com\/pt-br\/solicitar-demonstracao-pt-br\/","og_locale":"pt_BR","og_type":"article","og_title":"Solicitar uma Demonstra\u00e7\u00e3o | Plataforma de Intelig\u00eancia ISI Markets","og_description":"Veja o ISI Markets em a\u00e7\u00e3o. Solicite uma demonstra\u00e7\u00e3o personalizada do CEIC, EMIS, EPFR, REDD ou iMoneyNet e desbloqueie intelig\u00eancia de mercados emergentes hoje.","og_url":"https:\/\/isimarkets.com\/pt-br\/solicitar-demonstracao-pt-br\/","og_site_name":"ISI","article_modified_time":"2026-04-02T15:00:24+00:00","twitter_card":"summary_large_image","schema":{"@context":"https:\/\/schema.org","@graph":[{"@type":"WebPage","@id":"https:\/\/isimarkets.com\/pt-br\/solicitar-demonstracao-pt-br\/","url":"https:\/\/isimarkets.com\/pt-br\/solicitar-demonstracao-pt-br\/","name":"Solicitar uma Demonstra\u00e7\u00e3o | Plataforma de Intelig\u00eancia ISI Markets","isPartOf":{"@id":"https:\/\/isimarkets.com\/pt-br\/#website"},"datePublished":"2026-02-23T13:46:01+00:00","dateModified":"2026-04-02T15:00:24+00:00","description":"Veja o ISI Markets em a\u00e7\u00e3o. Solicite uma demonstra\u00e7\u00e3o personalizada do CEIC, EMIS, EPFR, REDD ou iMoneyNet e desbloqueie intelig\u00eancia de mercados emergentes hoje.","breadcrumb":{"@id":"https:\/\/isimarkets.com\/pt-br\/solicitar-demonstracao-pt-br\/#breadcrumb"},"inLanguage":"pt-BR","potentialAction":[{"@type":"ReadAction","target":["https:\/\/isimarkets.com\/pt-br\/solicitar-demonstracao-pt-br\/"]}]},{"@type":"BreadcrumbList","@id":"https:\/\/isimarkets.com\/pt-br\/solicitar-demonstracao-pt-br\/#breadcrumb","itemListElement":[{"@type":"ListItem","position":1,"name":"Home","item":"https:\/\/isimarkets.com\/pt-br\/"},{"@type":"ListItem","position":2,"name":"Solicitar Demonstra\u00e7\u00e3o"}]},{"@type":"WebSite","@id":"https:\/\/isimarkets.com\/pt-br\/#website","url":"https:\/\/isimarkets.com\/pt-br\/","name":"ISI","description":"Global Market Intelligence Platform","potentialAction":[{"@type":"SearchAction","target":{"@type":"EntryPoint","urlTemplate":"https:\/\/isimarkets.com\/pt-br\/?s={search_term_string}"},"query-input":{"@type":"PropertyValueSpecification","valueRequired":true,"valueName":"search_term_string"}}],"inLanguage":"pt-BR"}]}},"_links":{"self":[{"href":"https:\/\/isimarkets.com\/pt-br\/wp-json\/wp\/v2\/pages\/5184","targetHints":{"allow":["GET"]}}],"collection":[{"href":"https:\/\/isimarkets.com\/pt-br\/wp-json\/wp\/v2\/pages"}],"about":[{"href":"https:\/\/isimarkets.com\/pt-br\/wp-json\/wp\/v2\/types\/page"}],"author":[{"embeddable":true,"href":"https:\/\/isimarkets.com\/pt-br\/wp-json\/wp\/v2\/users\/1"}],"replies":[{"embeddable":true,"href":"https:\/\/isimarkets.com\/pt-br\/wp-json\/wp\/v2\/comments?post=5184"}],"version-history":[{"count":4,"href":"https:\/\/isimarkets.com\/pt-br\/wp-json\/wp\/v2\/pages\/5184\/revisions"}],"predecessor-version":[{"id":6226,"href":"https:\/\/isimarkets.com\/pt-br\/wp-json\/wp\/v2\/pages\/5184\/revisions\/6226"}],"wp:attachment":[{"href":"https:\/\/isimarkets.com\/pt-br\/wp-json\/wp\/v2\/media?parent=5184"}],"curies":[{"name":"wp","href":"https:\/\/api.w.org\/{rel}","templated":true}]}}