{"id":5190,"date":"2026-02-19T15:31:59","date_gmt":"2026-02-19T15:31:59","guid":{"rendered":"https:\/\/isimarkets.com\/?p=5190"},"modified":"2026-04-02T16:01:46","modified_gmt":"2026-04-02T15:01:46","slug":"consultas-da-imprensa-pt-br","status":"publish","type":"page","link":"https:\/\/isimarkets.com\/pt-br\/empresa-pt-br\/consultas-da-imprensa-pt-br\/","title":{"rendered":"Consultas de Imprensa"},"content":{"rendered":"<div id=\"cs-content\" class=\"cs-content\"><div class=\"x-section e5190-e1 m406-0 breadcrumbs\" id=\"breadcrumbs\"><div class=\"x-row x-container max width e5190-e2 m406-1 m406-2 m406-3 m406-4 m406-5 m406-a\"><div class=\"x-row-inner\"><div class=\"x-col e5190-e3 m406-m\"><nav class=\"x-crumbs e5190-e4 m406-o\" role=\"navigation\"><ol class=\"x-crumbs-list\" itemscope=\"\" itemtype=\"http:\/\/schema.org\/BreadcrumbList\" aria-label=\"Breadcrumb Navigation\"><li class=\"x-crumbs-list-item\" itemprop=\"itemListElement\" itemscope itemtype=\"http:\/\/schema.org\/ListItem\"><a class=\"x-crumbs-current x-crumbs-link\" itemtype=\"http:\/\/schema.org\/Thing\" itemprop=\"item\" href=\"https:\/\/isimarkets.com\/pt-br\/\" title=\"You Are Here\"><span itemprop=\"name\">Home<\/span><\/a><meta itemprop=\"position\" content=\"1\"><\/li><\/ol><\/nav><\/div><\/div><\/div><\/div><div class=\"x-section e5190-e5 m406-0 hero title\" id=\"title\"><div class=\"x-row x-container max width e5190-e6 m406-1 m406-2 m406-3 m406-6 m406-b m406-c\"><div class=\"x-row-inner\"><div class=\"x-col e5190-e7 m406-m\"><span class=\"x-image e5190-e8 m406-p m406-q\"><img decoding=\"async\" src=\"https:\/\/isimarkets.com\/wp-content\/uploads\/Press-Enquiries-Banner-scaled.webp\" width=\"1280\" height=\"519\" alt=\"Dois colegas conversando em um escrit\u00f3rio.\" loading=\"lazy\"><\/span><\/div><\/div><\/div><div class=\"x-row x-container max width e5190-e9 m406-1 m406-2 m406-3 m406-6 m406-b m406-d\"><div class=\"x-row-inner\"><div class=\"x-col e5190-e10 m406-m\"><div class=\"x-text x-content e5190-e11 m406-r m406-s\"><h1>Consultas de Imprensa<\/h1>\n<h2><mark>Consultas de imprensa<\/mark><\/h2><\/div><\/div><\/div><\/div><div class=\"x-row x-container max width e5190-e12 m406-1 m406-2 m406-3 m406-6 m406-b m406-e\"><div class=\"x-row-inner\"><div class=\"x-col e5190-e13 m406-m\"><div class=\"x-text x-content e5190-e14 m406-r m406-s\"><p>Voc\u00ea \u00e9 um jornalista em busca de informa\u00e7\u00f5es confi\u00e1veis e insights de especialistas sobre mercados emergentes e desenvolvidos?<\/p><\/div><\/div><\/div><\/div><\/div><section class=\"x-section e5190-e15 m406-0\"><div class=\"x-row x-container max width e5190-e16 m406-1 m406-3 m406-6 m406-7 m406-b m406-f\"><div class=\"x-row-inner\"><div class=\"x-col e5190-e17 m406-m m406-n\"><div class=\"x-text x-content e5190-e18 m406-r m406-t\">A ISI fornece dados confi\u00e1veis, pesquisas e intelig\u00eancia local para ajud\u00e1-lo a reportar com precis\u00e3o, contexto e confian\u00e7a.<\/div><\/div><\/div><\/div><\/section><section class=\"x-section e5190-e19 m406-0 text-image\"><div class=\"x-row x-container max width e5190-e20 m406-1 m406-2 m406-8 m406-9 m406-g m406-h\" id=\"timelines\"><div class=\"x-row-inner\"><div class=\"x-col e5190-e21 m406-m\"><div class=\"x-text x-content e5190-e22 m406-r m406-s\"><h2>ISI CEIC<\/h2>\n<p>Dados macroecon\u00f4micos abrangentes com profundidade excepcional em mercados emergentes, onde informa\u00e7\u00f5es confi\u00e1veis s\u00e3o frequentemente dif\u00edceis de acessar.<\/p>\n\n<ul>\n \t<li>Indicadores de alta frequ\u00eancia e alternativos que rastreiam consumo, com\u00e9rcio, mobilidade, cadeias de suprimentos, infla\u00e7\u00e3o e mais.<\/li>\n \t<li>Dados padronizados em n\u00edvel de pa\u00eds para compara\u00e7\u00f5es entre mercados<\/li>\n  <li>Ampla cobertura hist\u00f3rica e hist\u00f3ricos de revis\u00e3o para an\u00e1lise de tend\u00eancias e constru\u00e7\u00e3o de contexto<\/li>\n  <li>Dados de Ponto no Tempo (Point in Time) mostrando o que era conhecido e quando \u2014 fundamental para o jornalismo investigativo<\/li>\n<\/ul>\n<p>Utilizado por reda\u00e7\u00f5es globais para adicionar contexto autoritativo e trazer clareza a mercados onde os dados p\u00fablicos s\u00e3o atrasados, incompletos ou dif\u00edceis de interpretar.<\/p>\n<\/div><\/div><div class=\"x-col e5190-e23 m406-m\"><span class=\"x-image e5190-e24 m406-p screenshot cropped\"><img decoding=\"async\" src=\"\" alt=\"Image\"><\/span><\/div><\/div><\/div><div class=\"x-row x-container max width e5190-e25 m406-1 m406-2 m406-4 m406-8 m406-g m406-i\" id=\"unique-coverage\"><div class=\"x-row-inner\"><div class=\"x-col e5190-e26 m406-m\"><span class=\"x-image e5190-e27 m406-p screenshot cropped\"><img decoding=\"async\" src=\"\" alt=\"Image\"><\/span><\/div><div class=\"x-col e5190-e28 m406-m\"><div class=\"x-text x-content e5190-e29 m406-r m406-s\"><h2>ISI EPFR<\/h2>\n<p>Intelig\u00eancia global de fluxo de fundos e aloca\u00e7\u00e3o de investidores, oferecendo uma vis\u00e3o clara de para onde o capital est\u00e1 se movendo entre classes de ativos, regi\u00f5es e setores.<\/p>\n\n<ul>\n \t<li>Informa\u00e7\u00f5es sobre fundos m\u00fatuos e ETFs, representando mais de 70 trilh\u00f5es de d\u00f3lares em ativos<\/li>\n \t<li>Dados de fluxo e aloca\u00e7\u00e3o conforme relatados em 75 mercados desenvolvidos e emergentes<\/li>\n \t<li>Conjuntos de dados de visibilidade de alta frequ\u00eancia<\/li>\n \t<li>Insights detalhados entre pa\u00edses, setores, ind\u00fastrias, c\u00e2mbio e t\u00edtulos<\/li>\n  <li>Mais de 30 anos de dados hist\u00f3ricos para contextualizar rota\u00e7\u00e3o, estresse e mudan\u00e7as de aloca\u00e7\u00e3o<\/li>\n<\/ul>\n\n<p>Utilizado por reda\u00e7\u00f5es para identificar rota\u00e7\u00f5es e sinais de inflex\u00e3o que movimentam o mercado.<\/p><\/div><\/div><\/div><\/div><div class=\"x-row x-container max width e5190-e30 m406-1 m406-2 m406-8 m406-9 m406-g m406-j\"><div class=\"x-row-inner\"><div class=\"x-col e5190-e31 m406-m\"><div class=\"x-text x-content e5190-e32 m406-r m406-s\"><h2>ISI EMIS<\/h2>\n<p>Intelig\u00eancia de empresas e setores em mercados emergentes, oferecendo \u00e0s reda\u00e7\u00f5es insights estruturados obtidos diretamente de analistas locais e especialistas de mercado.<\/p>\n\n<ul>\n \t<li>Pesquisa setorial nos principais mercados emergentes, incluindo vis\u00f5es gerais de mercado, an\u00e1lise de tend\u00eancias, legisla\u00e7\u00e3o e perfis das principais empresas do setor.<\/li>\n \t<li>Pesquisa de M&amp;A e ECM, not\u00edcias, avalia\u00e7\u00f5es de neg\u00f3cios e rankings (league tables) com ferramentas de triagem avan\u00e7adas para fornecer cobertura abrangente da atividade de neg\u00f3cios em mercados emergentes.<\/li>\n<\/ul>\n<p>Utilizado por reda\u00e7\u00f5es globais para adicionar profundidade, contexto local e insights autoritativos sobre setores e M&amp;A.<\/p><\/div><\/div><div class=\"x-col e5190-e33 m406-m\"><span class=\"x-image e5190-e34 m406-p screenshot cropped\"><img decoding=\"async\" src=\"\" alt=\"Image\"><\/span><\/div><\/div><\/div><div class=\"x-row x-container max width e5190-e35 m406-1 m406-2 m406-4 m406-8 m406-g m406-k\"><div class=\"x-row-inner\"><div class=\"x-col e5190-e36 m406-m\"><span class=\"x-image e5190-e37 m406-p screenshot cropped\"><img decoding=\"async\" src=\"\" alt=\"Image\"><\/span><\/div><div class=\"x-col e5190-e38 m406-m\"><div class=\"x-text x-content e5190-e39 m406-r m406-s\"><h2>ISI REDD<\/h2>\n<p>Intelig\u00eancia oportuna e orientada por eventos sobre empresas e soberanos de mercados emergentes, oferecendo \u00e0s reda\u00e7\u00f5es visibilidade sobre desenvolvimentos que costumam ser opacos ou de r\u00e1pida evolu\u00e7\u00e3o.<\/p>\n\n<ul>\n \t<li>Reportagens exclusivas e independentes de equipes locais especializadas, cobrindo reestrutura\u00e7\u00f5es, mudan\u00e7as de pol\u00edtica, situa\u00e7\u00f5es especiais e catalisadores relevantes para o cr\u00e9dito.<\/li>\n \t<li>Insights de cr\u00e9dito e de pa\u00eds ricos em contexto que ajudam a interpretar a a\u00e7\u00e3o dos pre\u00e7os, o estresse do mercado e as condi\u00e7\u00f5es de risco em evolu\u00e7\u00e3o.<\/li>\n \t<li>Sinais de situa\u00e7\u00f5es especiais e eventos corporativos que apoiam reportagens em est\u00e1gio inicial.<\/li>\n<\/ul>\n<p>Utilizado por reda\u00e7\u00f5es globais para identificar catalisadores de cr\u00e9dito e descobrir sinais de situa\u00e7\u00f5es especiais.<\/p><\/div><\/div><\/div><\/div><div class=\"x-row x-container max width e5190-e40 m406-1 m406-2 m406-8 m406-9 m406-g m406-l\"><div class=\"x-row-inner\"><div class=\"x-col e5190-e41 m406-m\"><div class=\"x-text x-content e5190-e42 m406-r m406-s\"><h2>Contato ISI<\/h2>\n<p>Se voc\u00ea precisar de informa\u00e7\u00f5es ou coment\u00e1rios de especialistas, nossa equipe est\u00e1 dispon\u00edvel para apoiar com dados e insights precisos e oportunos. <\/p>\n<p>Dados e Insights para Not\u00edcias e Artigos<br>  <a href=\"mailto:media@isimarkets.com\">media@isimarkets.com<\/a><\/p>\n<p>Entreviste um especialista da ISI<br>  <a href=\"mailto:press@isimarkets.com\">press@isimarkets.com<\/a><\/p><\/div><\/div><div class=\"x-col e5190-e43 m406-m\"><span class=\"x-image e5190-e44 m406-p\"><img decoding=\"async\" src=\"https:\/\/isimarkets.com\/wp-content\/uploads\/Contact-ISI.webp\" width=\"1300\" height=\"1300\" alt=\"Uma mulher com longos cabelos escuros escuta atentamente em um ambiente de escrit\u00f3rio iluminado. Ela segura uma caneta e um laptop \u00e9 vis\u00edvel no fundo desfocado, sugerindo uma reuni\u00e3o.\" loading=\"lazy\"><\/span><\/div><\/div><\/div><\/section><div class=\"cs-content x-global-block x-global-block-4998 e5190-e45\"><section class=\"x-section e4998-e2 m3uu-0 cta accent\" id=\"cta\"><div class=\"x-row x-container max width e4998-e3 m3uu-1 m3uu-2\"><div class=\"x-row-inner\"><div class=\"x-col e4998-e4 m3uu-3\"><div class=\"x-text x-content e4998-e5 m3uu-4\"><h2>Request Demo<\/h2>\n<p class=\"highlight\"><mark>Turn complexity into clarity<\/mark><\/p>\n<p class=\"cta\"><a class=\"button request-demo\" href=\"\/demo\/\">Request Demo<\/a><\/p><\/div><\/div><div class=\"x-col e4998-e6 m3uu-3\"><div class=\"x-text x-content e4998-e7 m3uu-4\"><div class=\"x-image\"><img loading=\"lazy\" decoding=\"async\" src=\"https:\/\/isimarkets.com\/wp-content\/uploads\/Demo-05.webp\" alt=\"\" width=\"2000\" height=\"2000\" class=\"alignnone size-full wp-image-4823\" srcset=\"https:\/\/isimarkets.com\/wp-content\/uploads\/Demo-05.webp 2000w, https:\/\/isimarkets.com\/wp-content\/uploads\/Demo-05-300x300.webp 300w, https:\/\/isimarkets.com\/wp-content\/uploads\/Demo-05-1024x1024.webp 1024w, https:\/\/isimarkets.com\/wp-content\/uploads\/Demo-05-150x150.webp 150w, https:\/\/isimarkets.com\/wp-content\/uploads\/Demo-05-768x768.webp 768w, https:\/\/isimarkets.com\/wp-content\/uploads\/Demo-05-1536x1536.webp 1536w\" sizes=\"auto, (max-width: 2000px) 100vw, 2000px\" \/><\/div><\/div><\/div><\/div><\/div><\/section><\/div><\/div>","protected":false},"excerpt":{"rendered":"<p>HomeConsultas de Imprensa Consultas de imprensaVoc\u00ea \u00e9 um jornalista em busca de informa\u00e7\u00f5es confi\u00e1veis e insights de especialistas sobre mercados emergentes e desenvolvidos?A ISI fornece dados confi\u00e1veis, pesquisas e intelig\u00eancia local para ajud\u00e1-lo a reportar com precis\u00e3o, contexto e confian\u00e7a.ISI CEIC Dados macroecon\u00f4micos abrangentes com profundidade excepcional em mercados emergentes, onde informa\u00e7\u00f5es confi\u00e1veis s\u00e3o frequentemente dif\u00edceis de acessar. Indicadores de&hellip;<\/p>\n","protected":false},"author":2,"featured_media":0,"parent":5106,"menu_order":12,"comment_status":"closed","ping_status":"closed","template":"","meta":{"content-type":"","cpa_authors":[],"cpa_override_default":false,"footnotes":""},"class_list":["post-5190","page","type-page","status-publish","hentry","no-post-thumbnail"],"yoast_head":"<!-- This site is optimized with the Yoast SEO plugin v27.4 - https:\/\/yoast.com\/product\/yoast-seo-wordpress\/ -->\n<title>Consultas de Imprensa e M\u00eddia | ISI Markets<\/title>\n<meta name=\"description\" content=\"Entre em contato com a ISI Markets para consultas de m\u00eddia, entrevistas e coment\u00e1rios de especialistas sobre intelig\u00eancia de mercados emergentes e dados financeiros.\" \/>\n<meta name=\"robots\" content=\"index, follow, max-snippet:-1, max-image-preview:large, max-video-preview:-1\" \/>\n<link rel=\"canonical\" href=\"https:\/\/isimarkets.com\/pt-br\/empresa-pt-br\/consultas-da-imprensa-pt-br\/\" \/>\n<meta property=\"og:locale\" content=\"pt_BR\" \/>\n<meta property=\"og:type\" content=\"article\" \/>\n<meta property=\"og:title\" content=\"Consultas de Imprensa e M\u00eddia | ISI Markets\" \/>\n<meta property=\"og:description\" content=\"Entre em contato com a ISI Markets para consultas de m\u00eddia, entrevistas e coment\u00e1rios de especialistas sobre intelig\u00eancia de mercados emergentes e dados financeiros.\" \/>\n<meta property=\"og:url\" content=\"https:\/\/isimarkets.com\/pt-br\/empresa-pt-br\/consultas-da-imprensa-pt-br\/\" \/>\n<meta property=\"og:site_name\" content=\"ISI\" \/>\n<meta property=\"article:modified_time\" content=\"2026-04-02T15:01:46+00:00\" \/>\n<meta property=\"og:image\" content=\"https:\/\/isimarkets.com\/wp-content\/uploads\/istockphoto-2243757881-1024x1024_watermark.jpg\" \/>\n<meta name=\"twitter:card\" content=\"summary_large_image\" \/>\n<meta name=\"twitter:label1\" content=\"Est. tempo de leitura\" \/>\n\t<meta name=\"twitter:data1\" content=\"2 minutos\" \/>\n<script type=\"application\/ld+json\" class=\"yoast-schema-graph\">{\"@context\":\"https:\\\/\\\/schema.org\",\"@graph\":[{\"@type\":\"WebPage\",\"@id\":\"https:\\\/\\\/isimarkets.com\\\/pt-br\\\/empresa-pt-br\\\/consultas-da-imprensa-pt-br\\\/\",\"url\":\"https:\\\/\\\/isimarkets.com\\\/pt-br\\\/empresa-pt-br\\\/consultas-da-imprensa-pt-br\\\/\",\"name\":\"Consultas de Imprensa e M\u00eddia | ISI Markets\",\"isPartOf\":{\"@id\":\"https:\\\/\\\/isimarkets.com\\\/pt-br\\\/#website\"},\"primaryImageOfPage\":{\"@id\":\"https:\\\/\\\/isimarkets.com\\\/pt-br\\\/empresa-pt-br\\\/consultas-da-imprensa-pt-br\\\/#primaryimage\"},\"image\":{\"@id\":\"https:\\\/\\\/isimarkets.com\\\/pt-br\\\/empresa-pt-br\\\/consultas-da-imprensa-pt-br\\\/#primaryimage\"},\"thumbnailUrl\":\"https:\\\/\\\/isimarkets.com\\\/wp-content\\\/uploads\\\/istockphoto-2243757881-1024x1024_watermark.jpg\",\"datePublished\":\"2026-02-19T15:31:59+00:00\",\"dateModified\":\"2026-04-02T15:01:46+00:00\",\"description\":\"Entre em contato com a ISI Markets para consultas de m\u00eddia, entrevistas e coment\u00e1rios de especialistas sobre intelig\u00eancia de mercados emergentes e dados financeiros.\",\"breadcrumb\":{\"@id\":\"https:\\\/\\\/isimarkets.com\\\/pt-br\\\/empresa-pt-br\\\/consultas-da-imprensa-pt-br\\\/#breadcrumb\"},\"inLanguage\":\"pt-BR\",\"potentialAction\":[{\"@type\":\"ReadAction\",\"target\":[\"https:\\\/\\\/isimarkets.com\\\/pt-br\\\/empresa-pt-br\\\/consultas-da-imprensa-pt-br\\\/\"]}]},{\"@type\":\"ImageObject\",\"inLanguage\":\"pt-BR\",\"@id\":\"https:\\\/\\\/isimarkets.com\\\/pt-br\\\/empresa-pt-br\\\/consultas-da-imprensa-pt-br\\\/#primaryimage\",\"url\":\"https:\\\/\\\/isimarkets.com\\\/wp-content\\\/uploads\\\/istockphoto-2243757881-1024x1024_watermark.jpg\",\"contentUrl\":\"https:\\\/\\\/isimarkets.com\\\/wp-content\\\/uploads\\\/istockphoto-2243757881-1024x1024_watermark.jpg\"},{\"@type\":\"BreadcrumbList\",\"@id\":\"https:\\\/\\\/isimarkets.com\\\/pt-br\\\/empresa-pt-br\\\/consultas-da-imprensa-pt-br\\\/#breadcrumb\",\"itemListElement\":[{\"@type\":\"ListItem\",\"position\":1,\"name\":\"Home\",\"item\":\"https:\\\/\\\/isimarkets.com\\\/pt-br\\\/\"},{\"@type\":\"ListItem\",\"position\":2,\"name\":\"Empresa\",\"item\":\"https:\\\/\\\/isimarkets.com\\\/pt-br\\\/empresa-pt-br\\\/\"},{\"@type\":\"ListItem\",\"position\":3,\"name\":\"Consultas de Imprensa\"}]},{\"@type\":\"WebSite\",\"@id\":\"https:\\\/\\\/isimarkets.com\\\/pt-br\\\/#website\",\"url\":\"https:\\\/\\\/isimarkets.com\\\/pt-br\\\/\",\"name\":\"ISI\",\"description\":\"Global Market Intelligence Platform\",\"potentialAction\":[{\"@type\":\"SearchAction\",\"target\":{\"@type\":\"EntryPoint\",\"urlTemplate\":\"https:\\\/\\\/isimarkets.com\\\/pt-br\\\/?s={search_term_string}\"},\"query-input\":{\"@type\":\"PropertyValueSpecification\",\"valueRequired\":true,\"valueName\":\"search_term_string\"}}],\"inLanguage\":\"pt-BR\"}]}<\/script>\n<!-- \/ Yoast SEO plugin. -->","yoast_head_json":{"title":"Consultas de Imprensa e M\u00eddia | ISI Markets","description":"Entre em contato com a ISI Markets para consultas de m\u00eddia, entrevistas e coment\u00e1rios de especialistas sobre intelig\u00eancia de mercados emergentes e dados financeiros.","robots":{"index":"index","follow":"follow","max-snippet":"max-snippet:-1","max-image-preview":"max-image-preview:large","max-video-preview":"max-video-preview:-1"},"canonical":"https:\/\/isimarkets.com\/pt-br\/empresa-pt-br\/consultas-da-imprensa-pt-br\/","og_locale":"pt_BR","og_type":"article","og_title":"Consultas de Imprensa e M\u00eddia | ISI Markets","og_description":"Entre em contato com a ISI Markets para consultas de m\u00eddia, entrevistas e coment\u00e1rios de especialistas sobre intelig\u00eancia de mercados emergentes e dados financeiros.","og_url":"https:\/\/isimarkets.com\/pt-br\/empresa-pt-br\/consultas-da-imprensa-pt-br\/","og_site_name":"ISI","article_modified_time":"2026-04-02T15:01:46+00:00","og_image":[{"url":"https:\/\/isimarkets.com\/wp-content\/uploads\/istockphoto-2243757881-1024x1024_watermark.jpg","type":"","width":"","height":""}],"twitter_card":"summary_large_image","twitter_misc":{"Est. tempo de leitura":"2 minutos"},"schema":{"@context":"https:\/\/schema.org","@graph":[{"@type":"WebPage","@id":"https:\/\/isimarkets.com\/pt-br\/empresa-pt-br\/consultas-da-imprensa-pt-br\/","url":"https:\/\/isimarkets.com\/pt-br\/empresa-pt-br\/consultas-da-imprensa-pt-br\/","name":"Consultas de Imprensa e M\u00eddia | ISI Markets","isPartOf":{"@id":"https:\/\/isimarkets.com\/pt-br\/#website"},"primaryImageOfPage":{"@id":"https:\/\/isimarkets.com\/pt-br\/empresa-pt-br\/consultas-da-imprensa-pt-br\/#primaryimage"},"image":{"@id":"https:\/\/isimarkets.com\/pt-br\/empresa-pt-br\/consultas-da-imprensa-pt-br\/#primaryimage"},"thumbnailUrl":"https:\/\/isimarkets.com\/wp-content\/uploads\/istockphoto-2243757881-1024x1024_watermark.jpg","datePublished":"2026-02-19T15:31:59+00:00","dateModified":"2026-04-02T15:01:46+00:00","description":"Entre em contato com a ISI Markets para consultas de m\u00eddia, entrevistas e coment\u00e1rios de especialistas sobre intelig\u00eancia de mercados emergentes e dados financeiros.","breadcrumb":{"@id":"https:\/\/isimarkets.com\/pt-br\/empresa-pt-br\/consultas-da-imprensa-pt-br\/#breadcrumb"},"inLanguage":"pt-BR","potentialAction":[{"@type":"ReadAction","target":["https:\/\/isimarkets.com\/pt-br\/empresa-pt-br\/consultas-da-imprensa-pt-br\/"]}]},{"@type":"ImageObject","inLanguage":"pt-BR","@id":"https:\/\/isimarkets.com\/pt-br\/empresa-pt-br\/consultas-da-imprensa-pt-br\/#primaryimage","url":"https:\/\/isimarkets.com\/wp-content\/uploads\/istockphoto-2243757881-1024x1024_watermark.jpg","contentUrl":"https:\/\/isimarkets.com\/wp-content\/uploads\/istockphoto-2243757881-1024x1024_watermark.jpg"},{"@type":"BreadcrumbList","@id":"https:\/\/isimarkets.com\/pt-br\/empresa-pt-br\/consultas-da-imprensa-pt-br\/#breadcrumb","itemListElement":[{"@type":"ListItem","position":1,"name":"Home","item":"https:\/\/isimarkets.com\/pt-br\/"},{"@type":"ListItem","position":2,"name":"Empresa","item":"https:\/\/isimarkets.com\/pt-br\/empresa-pt-br\/"},{"@type":"ListItem","position":3,"name":"Consultas de Imprensa"}]},{"@type":"WebSite","@id":"https:\/\/isimarkets.com\/pt-br\/#website","url":"https:\/\/isimarkets.com\/pt-br\/","name":"ISI","description":"Global Market Intelligence Platform","potentialAction":[{"@type":"SearchAction","target":{"@type":"EntryPoint","urlTemplate":"https:\/\/isimarkets.com\/pt-br\/?s={search_term_string}"},"query-input":{"@type":"PropertyValueSpecification","valueRequired":true,"valueName":"search_term_string"}}],"inLanguage":"pt-BR"}]}},"_links":{"self":[{"href":"https:\/\/isimarkets.com\/pt-br\/wp-json\/wp\/v2\/pages\/5190","targetHints":{"allow":["GET"]}}],"collection":[{"href":"https:\/\/isimarkets.com\/pt-br\/wp-json\/wp\/v2\/pages"}],"about":[{"href":"https:\/\/isimarkets.com\/pt-br\/wp-json\/wp\/v2\/types\/page"}],"author":[{"embeddable":true,"href":"https:\/\/isimarkets.com\/pt-br\/wp-json\/wp\/v2\/users\/2"}],"replies":[{"embeddable":true,"href":"https:\/\/isimarkets.com\/pt-br\/wp-json\/wp\/v2\/comments?post=5190"}],"version-history":[{"count":1,"href":"https:\/\/isimarkets.com\/pt-br\/wp-json\/wp\/v2\/pages\/5190\/revisions"}],"predecessor-version":[{"id":6200,"href":"https:\/\/isimarkets.com\/pt-br\/wp-json\/wp\/v2\/pages\/5190\/revisions\/6200"}],"up":[{"embeddable":true,"href":"https:\/\/isimarkets.com\/pt-br\/wp-json\/wp\/v2\/pages\/5106"}],"wp:attachment":[{"href":"https:\/\/isimarkets.com\/pt-br\/wp-json\/wp\/v2\/media?parent=5190"}],"curies":[{"name":"wp","href":"https:\/\/api.w.org\/{rel}","templated":true}]}}