{"id":5202,"date":"2026-03-02T15:45:34","date_gmt":"2026-03-02T15:45:34","guid":{"rendered":"https:\/\/isimarkets.com\/?p=5202"},"modified":"2026-04-14T18:28:26","modified_gmt":"2026-04-14T17:28:26","slug":"login-redd-pt-br","status":"publish","type":"page","link":"https:\/\/isimarkets.com\/pt-br\/login-redd-pt-br\/","title":{"rendered":"Login do REDD"},"content":{"rendered":"<div id=\"cs-content\" class=\"cs-content\"><div class=\"cs-content x-global-block x-global-block-4950 e5202-e1\"><div class=\"x-section e4950-e2 m3ti-0 breadcrumbs\" id=\"breadcrumbs\"><div class=\"x-row x-container max width e4950-e3 m3ti-1 m3ti-2\"><div class=\"x-row-inner\"><div class=\"x-col e4950-e4 m3ti-3\"><nav class=\"x-crumbs e4950-e5 m3ti-4\" role=\"navigation\"><ol class=\"x-crumbs-list\" itemscope=\"\" itemtype=\"http:\/\/schema.org\/BreadcrumbList\" aria-label=\"Breadcrumb Navigation\"><li class=\"x-crumbs-list-item\" itemprop=\"itemListElement\" itemscope itemtype=\"http:\/\/schema.org\/ListItem\"><a class=\"x-crumbs-current x-crumbs-link\" itemtype=\"http:\/\/schema.org\/Thing\" itemprop=\"item\" href=\"https:\/\/isimarkets.com\/pt-br\/\" title=\"You Are Here\"><span itemprop=\"name\">Home<\/span><\/a><meta itemprop=\"position\" content=\"1\"><\/li><\/ol><\/nav><\/div><\/div><\/div><\/div><\/div><section class=\"x-section e5202-e2 m40i-0 m40i-1 title simple\" id=\"title\"><div class=\"x-row x-container max width e5202-e3 m40i-3 m40i-4 m40i-5 m40i-9\"><div class=\"x-row-inner\"><div class=\"x-col e5202-e4 m40i-e m40i-f\"><div class=\"x-text x-content e5202-e5 m40i-h m40i-i\"><h1>Saiba primeiro. Aja r\u00e1pido. Ven\u00e7a em mercados emergentes  <\/h1><\/div><\/div><div class=\"x-col e5202-e6 m40i-e m40i-f\"><div class=\"x-text x-content e5202-e7 m40i-h m40i-j\">Intelig\u00eancia oportuna e acion\u00e1vel sobre situa\u00e7\u00f5es especiais \u2014 capacitando investidores e assessores a capitalizar oportunidades de alto impacto.<\/div><\/div><\/div><\/div><\/section><section class=\"x-section e5202-e8 m40i-1 m40i-2 beige\"><div class=\"x-row x-container max width e5202-e9 m40i-3 m40i-6 m40i-7 m40i-a m40i-b\"><div class=\"x-row-inner\"><div class=\"x-col e5202-e10 m40i-e m40i-f\"><div class=\"x-text x-content e5202-e11 m40i-h m40i-j\">SELECIONE UM PRODUTO REDD PARA FAZER LOGIN<\/div><\/div><\/div><\/div><div class=\"x-row x-container max width e5202-e12 m40i-3 m40i-4 m40i-7 m40i-a m40i-c\"><div class=\"x-row-inner\"><div class=\"x-col e5202-e13 m40i-e m40i-g\"><svg xmlns=\"http:\/\/www.w3.org\/2000\/svg\" width=\"150\" height=\"21\" viewbox=\"0 0 150 21\" fill=\"none\">\n<path d=\"M21.1609 9.22405C19.2822 8.29176 17.0645 8.02338 14.9174 7.78324C9.83217 7.18996 9.36602 6.2718 9.36602 4.68973H4.69043C4.69043 7.78324 5.93349 9.78907 8.50436 11.0745C10.3831 12.0068 12.6008 12.2752 14.7479 12.5153C19.8331 13.1086 20.2993 14.0268 20.2993 15.6088H24.9749C24.9749 12.5153 23.7318 10.5095 21.1609 9.22405Z\" fill=\"#FF5215\"><\/path>\n<path d=\"M18.7315 0H9.36621V4.6897H23.4071L18.7315 0Z\" fill=\"#FF5215\"><\/path>\n<path d=\"M4.68972 4.73208L4.67559 0H0V20.2844H4.67559L4.68972 4.73208Z\" fill=\"#FF5215\"><\/path>\n<path d=\"M29.6346 0H24.959V20.2844H29.6346V0Z\" fill=\"#FF5215\"><\/path>\n<path d=\"M6.24414 15.6088L10.9197 20.2844H20.285V15.6088H6.24414Z\" fill=\"#FF5215\"><\/path>\n<path d=\"M42.0809 17.1626H39.0156V3.09351H45.6829C48.2821 3.09351 49.9347 4.90158 49.9347 7.58545C49.9347 9.47828 49.0872 10.9897 47.378 11.6395L50.1466 17.1626H46.7424L44.2845 12.0068H42.0809V17.1626ZM45.3157 9.4359C46.2197 9.4359 46.7847 8.95563 46.7847 8.05159V7.16168C46.7847 6.25764 46.2197 5.77737 45.3157 5.77737H42.095V9.45003H45.3157V9.4359Z\" fill=\"black\"><\/path>\n<path d=\"M52.9287 17.1626V3.09351H62.5059V5.81975H55.994V8.70137H61.5736V11.3994H55.994V14.4505H62.5059V17.1767H52.9287V17.1626Z\" fill=\"black\"><\/path>\n<path d=\"M65.3877 3.09351H70.6848C74.414 3.09351 76.8718 5.45248 76.8718 10.1281C76.8718 14.8036 74.414 17.1626 70.6848 17.1626H65.3877V3.09351ZM70.6989 14.4505C72.507 14.4505 73.6371 13.4617 73.6371 11.2299V9.05451C73.6371 6.82266 72.507 5.83387 70.6989 5.83387H68.4671V14.4646H70.6989V14.4505Z\" fill=\"black\"><\/path>\n<path d=\"M79.4707 3.09351H84.7678C88.497 3.09351 90.9549 5.45248 90.9549 10.1281C90.9549 14.8036 88.497 17.1626 84.7678 17.1626H79.4707V3.09351ZM84.7678 14.4505C86.5759 14.4505 87.706 13.4617 87.706 11.2299V9.05451C87.706 6.82266 86.5759 5.83387 84.7678 5.83387H82.536V14.4646H84.7678V14.4505Z\" fill=\"black\"><\/path>\n<\/svg><div class=\"x-text x-content e5202-e15 m40i-h m40i-i\"><h3>D\u00edvida corporativa<\/h3>\n<p>Relat\u00f3rios sobre situa\u00e7\u00f5es especiais que impulsionam oportunidades de alto retorno em todos os emissores de t\u00edtulos de d\u00edvida corporativa de mercados emergentes, fornecendo a investidores e assessores intelig\u00eancia, pesquisa e dados anal\u00edticos em tempo h\u00e1bil.<\/p>\n<p class=\"cta\"><a class=\"button\" href=\"https:\/\/www.reddintelligence.com\/login\">Login<\/a><\/p><\/div><\/div><div class=\"x-col e5202-e16 m40i-e m40i-g\"><svg xmlns=\"http:\/\/www.w3.org\/2000\/svg\" width=\"150\" height=\"21\" viewbox=\"0 0 150 21\" fill=\"none\">\n<path d=\"M21.1609 9.22405C19.2822 8.29176 17.0645 8.02338 14.9174 7.78324C9.83217 7.18996 9.36602 6.2718 9.36602 4.68973H4.69043C4.69043 7.78324 5.93349 9.78907 8.50436 11.0745C10.3831 12.0068 12.6008 12.2752 14.7479 12.5153C19.8331 13.1086 20.2993 14.0268 20.2993 15.6088H24.9749C24.9749 12.5153 23.7318 10.5095 21.1609 9.22405Z\" fill=\"#FF5215\"><\/path>\n<path d=\"M18.7315 0H9.36621V4.6897H23.4071L18.7315 0Z\" fill=\"#FF5215\"><\/path>\n<path d=\"M4.68972 4.73208L4.67559 0H0V20.2844H4.67559L4.68972 4.73208Z\" fill=\"#FF5215\"><\/path>\n<path d=\"M29.6346 0H24.959V20.2844H29.6346V0Z\" fill=\"#FF5215\"><\/path>\n<path d=\"M6.24414 15.6088L10.9197 20.2844H20.285V15.6088H6.24414Z\" fill=\"#FF5215\"><\/path>\n<path d=\"M42.0809 17.1626H39.0156V3.09351H45.6829C48.2821 3.09351 49.9347 4.90158 49.9347 7.58545C49.9347 9.47828 49.0872 10.9897 47.378 11.6395L50.1466 17.1626H46.7424L44.2845 12.0068H42.0809V17.1626ZM45.3157 9.4359C46.2197 9.4359 46.7847 8.95563 46.7847 8.05159V7.16168C46.7847 6.25764 46.2197 5.77737 45.3157 5.77737H42.095V9.45003H45.3157V9.4359Z\" fill=\"black\"><\/path>\n<path d=\"M52.9287 17.1626V3.09351H62.5059V5.81975H55.994V8.70137H61.5736V11.3994H55.994V14.4505H62.5059V17.1767H52.9287V17.1626Z\" fill=\"black\"><\/path>\n<path d=\"M65.3877 3.09351H70.6848C74.414 3.09351 76.8718 5.45248 76.8718 10.1281C76.8718 14.8036 74.414 17.1626 70.6848 17.1626H65.3877V3.09351ZM70.6989 14.4505C72.507 14.4505 73.6371 13.4617 73.6371 11.2299V9.05451C73.6371 6.82266 72.507 5.83387 70.6989 5.83387H68.4671V14.4646H70.6989V14.4505Z\" fill=\"black\"><\/path>\n<path d=\"M79.4707 3.09351H84.7678C88.497 3.09351 90.9549 5.45248 90.9549 10.1281C90.9549 14.8036 88.497 17.1626 84.7678 17.1626H79.4707V3.09351ZM84.7678 14.4505C86.5759 14.4505 87.706 13.4617 87.706 11.2299V9.05451C87.706 6.82266 86.5759 5.83387 84.7678 5.83387H82.536V14.4646H84.7678V14.4505Z\" fill=\"black\"><\/path>\n<\/svg><div class=\"x-text x-content e5202-e18 m40i-h m40i-i\"><h3>D\u00edvida soberana<\/h3>\n<p>Oferece insights antecipados sobre riscos soberanos e relacionados a governos \u2014 cobrindo situa\u00e7\u00f5es especiais e catalisadores de cr\u00e9dito \u2014 por meio de an\u00e1lise especializada, fontes locais exclusivas e indicadores econ\u00f4micos e financeiros selecionados.<\/p>\n<p class=\"cta\"><a class=\"button\" href=\"https:\/\/cas.reddintelligence.com\/login\">Login<\/a><\/p><\/div><\/div><\/div><\/div><div class=\"x-row x-container max width e5202-e19 m40i-3 m40i-7 m40i-8 m40i-a m40i-d\"><div class=\"x-row-inner\"><div class=\"x-col e5202-e20 m40i-e m40i-f\"><div class=\"x-text x-content e5202-e21 m40i-h m40i-j\">N\u00e3o tem uma conta?  <a href=\"https:\/\/isimarkets.com\/pt-br\/solicitar-demonstracao-pt-br\/\">Solicitar demonstra\u00e7\u00e3o<\/a><\/div><\/div><\/div><\/div><\/section><\/div>","protected":false},"excerpt":{"rendered":"<p>HomeSaiba primeiro. Aja r\u00e1pido. Ven\u00e7a em mercados emergentes Intelig\u00eancia oportuna e acion\u00e1vel sobre situa\u00e7\u00f5es especiais \u2014 capacitando investidores e assessores a capitalizar oportunidades de alto impacto.SELECIONE UM PRODUTO REDD PARA FAZER LOGIN D\u00edvida corporativa Relat\u00f3rios sobre situa\u00e7\u00f5es especiais que impulsionam oportunidades de alto retorno em todos os emissores de t\u00edtulos de d\u00edvida corporativa de mercados emergentes, fornecendo a investidores e&hellip;<\/p>\n","protected":false},"author":2,"featured_media":0,"parent":0,"menu_order":100,"comment_status":"closed","ping_status":"closed","template":"","meta":{"content-type":"","cpa_authors":[],"cpa_override_default":false,"footnotes":""},"class_list":["post-5202","page","type-page","status-publish","hentry","no-post-thumbnail"],"yoast_head":"<!-- This site is optimized with the Yoast SEO plugin v27.4 - https:\/\/yoast.com\/product\/yoast-seo-wordpress\/ -->\n<title>Login do REDD - ISI<\/title>\n<meta name=\"robots\" content=\"index, follow, max-snippet:-1, max-image-preview:large, max-video-preview:-1\" \/>\n<link rel=\"canonical\" href=\"https:\/\/isimarkets.com\/pt-br\/login-redd-pt-br\/\" \/>\n<meta property=\"og:locale\" content=\"pt_BR\" \/>\n<meta property=\"og:type\" content=\"article\" \/>\n<meta property=\"og:title\" content=\"Login do REDD - ISI\" \/>\n<meta property=\"og:description\" content=\"HomeSaiba primeiro. Aja r\u00e1pido. Ven\u00e7a em mercados emergentes Intelig\u00eancia oportuna e acion\u00e1vel sobre situa\u00e7\u00f5es especiais \u2014 capacitando investidores e assessores a capitalizar oportunidades de alto impacto.SELECIONE UM PRODUTO REDD PARA FAZER LOGIN D\u00edvida corporativa Relat\u00f3rios sobre situa\u00e7\u00f5es especiais que impulsionam oportunidades de alto retorno em todos os emissores de t\u00edtulos de d\u00edvida corporativa de mercados emergentes, fornecendo a investidores e&hellip;\" \/>\n<meta property=\"og:url\" content=\"https:\/\/isimarkets.com\/pt-br\/login-redd-pt-br\/\" \/>\n<meta property=\"og:site_name\" content=\"ISI\" \/>\n<meta property=\"article:modified_time\" content=\"2026-04-14T17:28:26+00:00\" \/>\n<meta name=\"twitter:card\" content=\"summary_large_image\" \/>\n<script type=\"application\/ld+json\" class=\"yoast-schema-graph\">{\"@context\":\"https:\\\/\\\/schema.org\",\"@graph\":[{\"@type\":\"WebPage\",\"@id\":\"https:\\\/\\\/isimarkets.com\\\/pt-br\\\/login-redd-pt-br\\\/\",\"url\":\"https:\\\/\\\/isimarkets.com\\\/pt-br\\\/login-redd-pt-br\\\/\",\"name\":\"Login do REDD - ISI\",\"isPartOf\":{\"@id\":\"https:\\\/\\\/isimarkets.com\\\/pt-br\\\/#website\"},\"datePublished\":\"2026-03-02T15:45:34+00:00\",\"dateModified\":\"2026-04-14T17:28:26+00:00\",\"breadcrumb\":{\"@id\":\"https:\\\/\\\/isimarkets.com\\\/pt-br\\\/login-redd-pt-br\\\/#breadcrumb\"},\"inLanguage\":\"pt-BR\",\"potentialAction\":[{\"@type\":\"ReadAction\",\"target\":[\"https:\\\/\\\/isimarkets.com\\\/pt-br\\\/login-redd-pt-br\\\/\"]}]},{\"@type\":\"BreadcrumbList\",\"@id\":\"https:\\\/\\\/isimarkets.com\\\/pt-br\\\/login-redd-pt-br\\\/#breadcrumb\",\"itemListElement\":[{\"@type\":\"ListItem\",\"position\":1,\"name\":\"Home\",\"item\":\"https:\\\/\\\/isimarkets.com\\\/pt-br\\\/\"},{\"@type\":\"ListItem\",\"position\":2,\"name\":\"Login do REDD\"}]},{\"@type\":\"WebSite\",\"@id\":\"https:\\\/\\\/isimarkets.com\\\/pt-br\\\/#website\",\"url\":\"https:\\\/\\\/isimarkets.com\\\/pt-br\\\/\",\"name\":\"ISI\",\"description\":\"Global Market Intelligence Platform\",\"potentialAction\":[{\"@type\":\"SearchAction\",\"target\":{\"@type\":\"EntryPoint\",\"urlTemplate\":\"https:\\\/\\\/isimarkets.com\\\/pt-br\\\/?s={search_term_string}\"},\"query-input\":{\"@type\":\"PropertyValueSpecification\",\"valueRequired\":true,\"valueName\":\"search_term_string\"}}],\"inLanguage\":\"pt-BR\"}]}<\/script>\n<!-- \/ Yoast SEO plugin. -->","yoast_head_json":{"title":"Login do REDD - ISI","robots":{"index":"index","follow":"follow","max-snippet":"max-snippet:-1","max-image-preview":"max-image-preview:large","max-video-preview":"max-video-preview:-1"},"canonical":"https:\/\/isimarkets.com\/pt-br\/login-redd-pt-br\/","og_locale":"pt_BR","og_type":"article","og_title":"Login do REDD - ISI","og_description":"HomeSaiba primeiro. Aja r\u00e1pido. Ven\u00e7a em mercados emergentes Intelig\u00eancia oportuna e acion\u00e1vel sobre situa\u00e7\u00f5es especiais \u2014 capacitando investidores e assessores a capitalizar oportunidades de alto impacto.SELECIONE UM PRODUTO REDD PARA FAZER LOGIN D\u00edvida corporativa Relat\u00f3rios sobre situa\u00e7\u00f5es especiais que impulsionam oportunidades de alto retorno em todos os emissores de t\u00edtulos de d\u00edvida corporativa de mercados emergentes, fornecendo a investidores e&hellip;","og_url":"https:\/\/isimarkets.com\/pt-br\/login-redd-pt-br\/","og_site_name":"ISI","article_modified_time":"2026-04-14T17:28:26+00:00","twitter_card":"summary_large_image","schema":{"@context":"https:\/\/schema.org","@graph":[{"@type":"WebPage","@id":"https:\/\/isimarkets.com\/pt-br\/login-redd-pt-br\/","url":"https:\/\/isimarkets.com\/pt-br\/login-redd-pt-br\/","name":"Login do REDD - ISI","isPartOf":{"@id":"https:\/\/isimarkets.com\/pt-br\/#website"},"datePublished":"2026-03-02T15:45:34+00:00","dateModified":"2026-04-14T17:28:26+00:00","breadcrumb":{"@id":"https:\/\/isimarkets.com\/pt-br\/login-redd-pt-br\/#breadcrumb"},"inLanguage":"pt-BR","potentialAction":[{"@type":"ReadAction","target":["https:\/\/isimarkets.com\/pt-br\/login-redd-pt-br\/"]}]},{"@type":"BreadcrumbList","@id":"https:\/\/isimarkets.com\/pt-br\/login-redd-pt-br\/#breadcrumb","itemListElement":[{"@type":"ListItem","position":1,"name":"Home","item":"https:\/\/isimarkets.com\/pt-br\/"},{"@type":"ListItem","position":2,"name":"Login do REDD"}]},{"@type":"WebSite","@id":"https:\/\/isimarkets.com\/pt-br\/#website","url":"https:\/\/isimarkets.com\/pt-br\/","name":"ISI","description":"Global Market Intelligence Platform","potentialAction":[{"@type":"SearchAction","target":{"@type":"EntryPoint","urlTemplate":"https:\/\/isimarkets.com\/pt-br\/?s={search_term_string}"},"query-input":{"@type":"PropertyValueSpecification","valueRequired":true,"valueName":"search_term_string"}}],"inLanguage":"pt-BR"}]}},"_links":{"self":[{"href":"https:\/\/isimarkets.com\/pt-br\/wp-json\/wp\/v2\/pages\/5202","targetHints":{"allow":["GET"]}}],"collection":[{"href":"https:\/\/isimarkets.com\/pt-br\/wp-json\/wp\/v2\/pages"}],"about":[{"href":"https:\/\/isimarkets.com\/pt-br\/wp-json\/wp\/v2\/types\/page"}],"author":[{"embeddable":true,"href":"https:\/\/isimarkets.com\/pt-br\/wp-json\/wp\/v2\/users\/2"}],"replies":[{"embeddable":true,"href":"https:\/\/isimarkets.com\/pt-br\/wp-json\/wp\/v2\/comments?post=5202"}],"version-history":[{"count":1,"href":"https:\/\/isimarkets.com\/pt-br\/wp-json\/wp\/v2\/pages\/5202\/revisions"}],"predecessor-version":[{"id":7090,"href":"https:\/\/isimarkets.com\/pt-br\/wp-json\/wp\/v2\/pages\/5202\/revisions\/7090"}],"wp:attachment":[{"href":"https:\/\/isimarkets.com\/pt-br\/wp-json\/wp\/v2\/media?parent=5202"}],"curies":[{"name":"wp","href":"https:\/\/api.w.org\/{rel}","templated":true}]}}