{"id":5214,"date":"2026-03-05T15:01:43","date_gmt":"2026-03-05T15:01:43","guid":{"rendered":"https:\/\/isimarkets.com\/?p=5214"},"modified":"2026-04-14T18:28:17","modified_gmt":"2026-04-14T17:28:17","slug":"pagina-nao-encontrada-pt-br","status":"publish","type":"page","link":"https:\/\/isimarkets.com\/pt-br\/pagina-nao-encontrada-pt-br\/","title":{"rendered":"P\u00e1gina n\u00e3o encontrada"},"content":{"rendered":"<div id=\"cs-content\" class=\"cs-content\"><div class=\"x-section e5214-e1 m40u-0 m40u-1 title centred centered\" id=\"title\"><div class=\"x-row x-container max width e5214-e2 m40u-3 m40u-4 m40u-5\"><div class=\"x-row-inner\"><div class=\"x-col e5214-e3 m40u-7\"><div class=\"x-text x-content e5214-e4 m40u-8\"><h1 class=\"highlight\"><mark>P\u00e1gina n\u00e3o encontrada<\/mark><\/h1><\/div><\/div><\/div><\/div><\/div><section class=\"x-section e5214-e5 m40u-1 m40u-2 notice centred centered\"><div class=\"x-row x-container max width e5214-e6 m40u-3 m40u-4 m40u-6\"><div class=\"x-row-inner\"><div class=\"x-col e5214-e7 m40u-7\"><div class=\"x-text x-content e5214-e8 m40u-8\"><p>N\u00e3o foi poss\u00edvel encontrar a p\u00e1gina que voc\u00ea estava procurando.<\/p>\n<p><a href=\"\/\" class=\"button\">Voltar para a p\u00e1gina inicial<\/a><\/p><\/div><\/div><\/div><\/div><\/section><\/div>","protected":false},"excerpt":{"rendered":"<p>P\u00e1gina n\u00e3o encontradaN\u00e3o foi poss\u00edvel encontrar a p\u00e1gina que voc\u00ea estava procurando. Voltar para a p\u00e1gina inicial<\/p>\n","protected":false},"author":1,"featured_media":0,"parent":0,"menu_order":199,"comment_status":"closed","ping_status":"closed","template":"template-blank-4.php","meta":{"content-type":"","cpa_authors":[],"cpa_override_default":false,"footnotes":""},"class_list":["post-5214","page","type-page","status-publish","hentry","no-post-thumbnail"],"yoast_head":"<!-- This site is optimized with the Yoast SEO plugin v27.4 - https:\/\/yoast.com\/product\/yoast-seo-wordpress\/ -->\n<title>P\u00e1gina n\u00e3o encontrada - ISI<\/title>\n<meta name=\"robots\" content=\"index, follow, max-snippet:-1, max-image-preview:large, max-video-preview:-1\" \/>\n<link rel=\"canonical\" href=\"https:\/\/isimarkets.com\/pt-br\/pagina-nao-encontrada-pt-br\/\" \/>\n<meta property=\"og:locale\" content=\"pt_BR\" \/>\n<meta property=\"og:type\" content=\"article\" \/>\n<meta property=\"og:title\" content=\"P\u00e1gina n\u00e3o encontrada - ISI\" \/>\n<meta property=\"og:description\" content=\"P\u00e1gina n\u00e3o encontradaN\u00e3o foi poss\u00edvel encontrar a p\u00e1gina que voc\u00ea estava procurando. Voltar para a p\u00e1gina inicial\" \/>\n<meta property=\"og:url\" content=\"https:\/\/isimarkets.com\/pt-br\/pagina-nao-encontrada-pt-br\/\" \/>\n<meta property=\"og:site_name\" content=\"ISI\" \/>\n<meta property=\"article:modified_time\" content=\"2026-04-14T17:28:17+00:00\" \/>\n<meta name=\"twitter:card\" content=\"summary_large_image\" \/>\n<script type=\"application\/ld+json\" class=\"yoast-schema-graph\">{\"@context\":\"https:\\\/\\\/schema.org\",\"@graph\":[{\"@type\":\"WebPage\",\"@id\":\"https:\\\/\\\/isimarkets.com\\\/pt-br\\\/pagina-nao-encontrada-pt-br\\\/\",\"url\":\"https:\\\/\\\/isimarkets.com\\\/pt-br\\\/pagina-nao-encontrada-pt-br\\\/\",\"name\":\"P\u00e1gina n\u00e3o encontrada - ISI\",\"isPartOf\":{\"@id\":\"https:\\\/\\\/isimarkets.com\\\/pt-br\\\/#website\"},\"datePublished\":\"2026-03-05T15:01:43+00:00\",\"dateModified\":\"2026-04-14T17:28:17+00:00\",\"breadcrumb\":{\"@id\":\"https:\\\/\\\/isimarkets.com\\\/pt-br\\\/pagina-nao-encontrada-pt-br\\\/#breadcrumb\"},\"inLanguage\":\"pt-BR\",\"potentialAction\":[{\"@type\":\"ReadAction\",\"target\":[\"https:\\\/\\\/isimarkets.com\\\/pt-br\\\/pagina-nao-encontrada-pt-br\\\/\"]}]},{\"@type\":\"BreadcrumbList\",\"@id\":\"https:\\\/\\\/isimarkets.com\\\/pt-br\\\/pagina-nao-encontrada-pt-br\\\/#breadcrumb\",\"itemListElement\":[{\"@type\":\"ListItem\",\"position\":1,\"name\":\"Home\",\"item\":\"https:\\\/\\\/isimarkets.com\\\/pt-br\\\/\"},{\"@type\":\"ListItem\",\"position\":2,\"name\":\"P\u00e1gina n\u00e3o encontrada\"}]},{\"@type\":\"WebSite\",\"@id\":\"https:\\\/\\\/isimarkets.com\\\/pt-br\\\/#website\",\"url\":\"https:\\\/\\\/isimarkets.com\\\/pt-br\\\/\",\"name\":\"ISI\",\"description\":\"Global Market Intelligence Platform\",\"potentialAction\":[{\"@type\":\"SearchAction\",\"target\":{\"@type\":\"EntryPoint\",\"urlTemplate\":\"https:\\\/\\\/isimarkets.com\\\/pt-br\\\/?s={search_term_string}\"},\"query-input\":{\"@type\":\"PropertyValueSpecification\",\"valueRequired\":true,\"valueName\":\"search_term_string\"}}],\"inLanguage\":\"pt-BR\"}]}<\/script>\n<!-- \/ Yoast SEO plugin. -->","yoast_head_json":{"title":"P\u00e1gina n\u00e3o encontrada - ISI","robots":{"index":"index","follow":"follow","max-snippet":"max-snippet:-1","max-image-preview":"max-image-preview:large","max-video-preview":"max-video-preview:-1"},"canonical":"https:\/\/isimarkets.com\/pt-br\/pagina-nao-encontrada-pt-br\/","og_locale":"pt_BR","og_type":"article","og_title":"P\u00e1gina n\u00e3o encontrada - ISI","og_description":"P\u00e1gina n\u00e3o encontradaN\u00e3o foi poss\u00edvel encontrar a p\u00e1gina que voc\u00ea estava procurando. Voltar para a p\u00e1gina inicial","og_url":"https:\/\/isimarkets.com\/pt-br\/pagina-nao-encontrada-pt-br\/","og_site_name":"ISI","article_modified_time":"2026-04-14T17:28:17+00:00","twitter_card":"summary_large_image","schema":{"@context":"https:\/\/schema.org","@graph":[{"@type":"WebPage","@id":"https:\/\/isimarkets.com\/pt-br\/pagina-nao-encontrada-pt-br\/","url":"https:\/\/isimarkets.com\/pt-br\/pagina-nao-encontrada-pt-br\/","name":"P\u00e1gina n\u00e3o encontrada - ISI","isPartOf":{"@id":"https:\/\/isimarkets.com\/pt-br\/#website"},"datePublished":"2026-03-05T15:01:43+00:00","dateModified":"2026-04-14T17:28:17+00:00","breadcrumb":{"@id":"https:\/\/isimarkets.com\/pt-br\/pagina-nao-encontrada-pt-br\/#breadcrumb"},"inLanguage":"pt-BR","potentialAction":[{"@type":"ReadAction","target":["https:\/\/isimarkets.com\/pt-br\/pagina-nao-encontrada-pt-br\/"]}]},{"@type":"BreadcrumbList","@id":"https:\/\/isimarkets.com\/pt-br\/pagina-nao-encontrada-pt-br\/#breadcrumb","itemListElement":[{"@type":"ListItem","position":1,"name":"Home","item":"https:\/\/isimarkets.com\/pt-br\/"},{"@type":"ListItem","position":2,"name":"P\u00e1gina n\u00e3o encontrada"}]},{"@type":"WebSite","@id":"https:\/\/isimarkets.com\/pt-br\/#website","url":"https:\/\/isimarkets.com\/pt-br\/","name":"ISI","description":"Global Market Intelligence Platform","potentialAction":[{"@type":"SearchAction","target":{"@type":"EntryPoint","urlTemplate":"https:\/\/isimarkets.com\/pt-br\/?s={search_term_string}"},"query-input":{"@type":"PropertyValueSpecification","valueRequired":true,"valueName":"search_term_string"}}],"inLanguage":"pt-BR"}]}},"_links":{"self":[{"href":"https:\/\/isimarkets.com\/pt-br\/wp-json\/wp\/v2\/pages\/5214","targetHints":{"allow":["GET"]}}],"collection":[{"href":"https:\/\/isimarkets.com\/pt-br\/wp-json\/wp\/v2\/pages"}],"about":[{"href":"https:\/\/isimarkets.com\/pt-br\/wp-json\/wp\/v2\/types\/page"}],"author":[{"embeddable":true,"href":"https:\/\/isimarkets.com\/pt-br\/wp-json\/wp\/v2\/users\/1"}],"replies":[{"embeddable":true,"href":"https:\/\/isimarkets.com\/pt-br\/wp-json\/wp\/v2\/comments?post=5214"}],"version-history":[{"count":1,"href":"https:\/\/isimarkets.com\/pt-br\/wp-json\/wp\/v2\/pages\/5214\/revisions"}],"predecessor-version":[{"id":7089,"href":"https:\/\/isimarkets.com\/pt-br\/wp-json\/wp\/v2\/pages\/5214\/revisions\/7089"}],"wp:attachment":[{"href":"https:\/\/isimarkets.com\/pt-br\/wp-json\/wp\/v2\/media?parent=5214"}],"curies":[{"name":"wp","href":"https:\/\/api.w.org\/{rel}","templated":true}]}}