{"id":5220,"date":"2026-03-05T17:58:37","date_gmt":"2026-03-05T17:58:37","guid":{"rendered":"https:\/\/isimarkets.com\/?p=5220"},"modified":"2026-04-02T21:17:25","modified_gmt":"2026-04-02T20:17:25","slug":"inscreva-se-na-newsletter-da-ceic-pt-br","status":"publish","type":"page","link":"https:\/\/isimarkets.com\/pt-br\/boletim-informativo-pt-br\/inscreva-se-na-newsletter-da-ceic-pt-br\/","title":{"rendered":"Inscri\u00e7\u00e3o na Newsletter da CEIC"},"content":{"rendered":"<div id=\"cs-content\" class=\"cs-content\"><section class=\"x-section e5220-e1 m410-0 title-content\" id=\"title-content\"><div class=\"x-row e5220-e2 m410-1 m410-2\"><div class=\"x-row-inner\"><div class=\"x-col e5220-e3 m410-3 accent\"><div class=\"x-text x-content e5220-e4 m410-4\"><h1><svg xmlns=\"http:\/\/www.w3.org\/2000\/svg\" fill=\"none\" viewBox=\"0 0 198 48\" class=\"isi-logo svg-ceic\">\t<g class=\"isi-motif\" fill=\"#ff5215\">\t\t<path d=\"M49.908 21.756c-4.43-2.199-9.662-2.832-14.726-3.398-11.994-1.4-13.093-3.565-13.093-7.296H11.06c0 7.296 2.932 12.027 8.996 15.059 4.43 2.199 9.661 2.832 14.726 3.398 11.994 1.4 13.093 3.565 13.093 7.296h11.028c0-7.296-2.932-12.027-8.996-15.059M44.178 0H22.09v11.028h33.117z\"\/>\t\t<path d=\"M11.061 11.161 11.028 0H0v47.843h11.028zM69.897 0H58.869v47.843h11.028zM14.726 36.814 25.754 47.84h22.089V36.813z\"\/>\t<\/g>\t<path fill=\"currentColor\" d=\"M91.554 24.154c0-11.161 5.73-17.325 14.626-17.325 6.064 0 9.929 2.466 12.328 7.763l-6.197 3.198c-.867-2.732-2.599-4.597-6.164-4.597-4.198 0-6.996 2.832-6.996 8.029v5.297c0 5.198 2.798 8.03 6.996 8.03 3.532 0 5.597-2.233 6.564-4.931l5.863 3.398c-2.465 4.998-6.397 7.896-12.427 7.896-8.896 0-14.626-5.664-14.626-16.825zm33.452 16.259V7.396h22.456v6.397h-15.293v6.764h13.094v6.33h-13.094v7.13h15.293v6.396zm44.21-16.259c0-11.161 5.731-17.325 14.626-17.325 6.064 0 9.929 2.466 12.327 7.763l-6.197 3.198c-.866-2.732-2.598-4.597-6.163-4.597-4.198 0-6.997 2.832-6.997 8.029v5.297c0 5.198 2.799 8.03 6.997 8.03 3.531 0 5.597-2.233 6.563-4.931l5.864 3.398c-2.465 4.998-6.397 7.896-12.427 7.896-8.896 0-14.626-5.664-14.626-16.825zM155.025 7.396h7.196v33.017h-7.196z\"\/><\/svg>\n<\/h1>\n<h2><mark>Registre-se para receber insights semanais gratuitamente<\/mark><\/h2>\n<p>Inscreva-se em nossa newsletter gratuita para receber as \u00faltimas not\u00edcias e insights do mundo dos mercados em r\u00e1pido crescimento diretamente em seu e-mail<\/p><\/div><\/div><div class=\"x-col e5220-e5 m410-3 content\"><div class=\"form-area\"><div id=\"hubspot-form-69e943286cdbc\" class=\"hubspot-form-auto\" data-region=\"eu1\" data-portal-id=\"145094632\" data-form-id=\"4f771bd4-6c70-4855-98c6-adc9f0facef8\"><\/div><\/div><\/div><\/div><\/div><\/section><\/div>","protected":false},"excerpt":{"rendered":"<p>Registre-se para receber insights semanais gratuitamente Inscreva-se em nossa newsletter gratuita para receber as \u00faltimas not\u00edcias e insights do mundo dos mercados em r\u00e1pido crescimento diretamente em seu e-mail<\/p>\n","protected":false},"author":10,"featured_media":0,"parent":5196,"menu_order":1,"comment_status":"closed","ping_status":"closed","template":"template-blank-4.php","meta":{"content-type":"","cpa_authors":[],"cpa_override_default":false,"footnotes":""},"class_list":["post-5220","page","type-page","status-publish","hentry","no-post-thumbnail"],"yoast_head":"<!-- This site is optimized with the Yoast SEO plugin v27.4 - https:\/\/yoast.com\/product\/yoast-seo-wordpress\/ -->\n<title>Inscri\u00e7\u00e3o na Newsletter da CEIC - ISI<\/title>\n<meta name=\"robots\" content=\"index, follow, max-snippet:-1, max-image-preview:large, max-video-preview:-1\" \/>\n<link rel=\"canonical\" href=\"https:\/\/isimarkets.com\/pt-br\/boletim-informativo-pt-br\/inscreva-se-na-newsletter-da-ceic-pt-br\/\" \/>\n<meta property=\"og:locale\" content=\"pt_BR\" \/>\n<meta property=\"og:type\" content=\"article\" \/>\n<meta property=\"og:title\" content=\"Inscri\u00e7\u00e3o na Newsletter da CEIC - ISI\" \/>\n<meta property=\"og:description\" content=\"Registre-se para receber insights semanais gratuitamente Inscreva-se em nossa newsletter gratuita para receber as \u00faltimas not\u00edcias e insights do mundo dos mercados em r\u00e1pido crescimento diretamente em seu e-mail\" \/>\n<meta property=\"og:url\" content=\"https:\/\/isimarkets.com\/pt-br\/boletim-informativo-pt-br\/inscreva-se-na-newsletter-da-ceic-pt-br\/\" \/>\n<meta property=\"og:site_name\" content=\"ISI\" \/>\n<meta property=\"article:modified_time\" content=\"2026-04-02T20:17:25+00:00\" \/>\n<meta name=\"twitter:card\" content=\"summary_large_image\" \/>\n<script type=\"application\/ld+json\" class=\"yoast-schema-graph\">{\"@context\":\"https:\\\/\\\/schema.org\",\"@graph\":[{\"@type\":\"WebPage\",\"@id\":\"https:\\\/\\\/isimarkets.com\\\/pt-br\\\/boletim-informativo-pt-br\\\/inscreva-se-na-newsletter-da-ceic-pt-br\\\/\",\"url\":\"https:\\\/\\\/isimarkets.com\\\/pt-br\\\/boletim-informativo-pt-br\\\/inscreva-se-na-newsletter-da-ceic-pt-br\\\/\",\"name\":\"Inscri\u00e7\u00e3o na Newsletter da CEIC - ISI\",\"isPartOf\":{\"@id\":\"https:\\\/\\\/isimarkets.com\\\/pt-br\\\/#website\"},\"datePublished\":\"2026-03-05T17:58:37+00:00\",\"dateModified\":\"2026-04-02T20:17:25+00:00\",\"breadcrumb\":{\"@id\":\"https:\\\/\\\/isimarkets.com\\\/pt-br\\\/boletim-informativo-pt-br\\\/inscreva-se-na-newsletter-da-ceic-pt-br\\\/#breadcrumb\"},\"inLanguage\":\"pt-BR\",\"potentialAction\":[{\"@type\":\"ReadAction\",\"target\":[\"https:\\\/\\\/isimarkets.com\\\/pt-br\\\/boletim-informativo-pt-br\\\/inscreva-se-na-newsletter-da-ceic-pt-br\\\/\"]}]},{\"@type\":\"BreadcrumbList\",\"@id\":\"https:\\\/\\\/isimarkets.com\\\/pt-br\\\/boletim-informativo-pt-br\\\/inscreva-se-na-newsletter-da-ceic-pt-br\\\/#breadcrumb\",\"itemListElement\":[{\"@type\":\"ListItem\",\"position\":1,\"name\":\"Home\",\"item\":\"https:\\\/\\\/isimarkets.com\\\/pt-br\\\/\"},{\"@type\":\"ListItem\",\"position\":2,\"name\":\"Newsletter\",\"item\":\"https:\\\/\\\/isimarkets.com\\\/pt-br\\\/boletim-informativo-pt-br\\\/\"},{\"@type\":\"ListItem\",\"position\":3,\"name\":\"Inscri\u00e7\u00e3o na Newsletter da CEIC\"}]},{\"@type\":\"WebSite\",\"@id\":\"https:\\\/\\\/isimarkets.com\\\/pt-br\\\/#website\",\"url\":\"https:\\\/\\\/isimarkets.com\\\/pt-br\\\/\",\"name\":\"ISI\",\"description\":\"Global Market Intelligence Platform\",\"potentialAction\":[{\"@type\":\"SearchAction\",\"target\":{\"@type\":\"EntryPoint\",\"urlTemplate\":\"https:\\\/\\\/isimarkets.com\\\/pt-br\\\/?s={search_term_string}\"},\"query-input\":{\"@type\":\"PropertyValueSpecification\",\"valueRequired\":true,\"valueName\":\"search_term_string\"}}],\"inLanguage\":\"pt-BR\"}]}<\/script>\n<!-- \/ Yoast SEO plugin. -->","yoast_head_json":{"title":"Inscri\u00e7\u00e3o na Newsletter da CEIC - ISI","robots":{"index":"index","follow":"follow","max-snippet":"max-snippet:-1","max-image-preview":"max-image-preview:large","max-video-preview":"max-video-preview:-1"},"canonical":"https:\/\/isimarkets.com\/pt-br\/boletim-informativo-pt-br\/inscreva-se-na-newsletter-da-ceic-pt-br\/","og_locale":"pt_BR","og_type":"article","og_title":"Inscri\u00e7\u00e3o na Newsletter da CEIC - ISI","og_description":"Registre-se para receber insights semanais gratuitamente Inscreva-se em nossa newsletter gratuita para receber as \u00faltimas not\u00edcias e insights do mundo dos mercados em r\u00e1pido crescimento diretamente em seu e-mail","og_url":"https:\/\/isimarkets.com\/pt-br\/boletim-informativo-pt-br\/inscreva-se-na-newsletter-da-ceic-pt-br\/","og_site_name":"ISI","article_modified_time":"2026-04-02T20:17:25+00:00","twitter_card":"summary_large_image","schema":{"@context":"https:\/\/schema.org","@graph":[{"@type":"WebPage","@id":"https:\/\/isimarkets.com\/pt-br\/boletim-informativo-pt-br\/inscreva-se-na-newsletter-da-ceic-pt-br\/","url":"https:\/\/isimarkets.com\/pt-br\/boletim-informativo-pt-br\/inscreva-se-na-newsletter-da-ceic-pt-br\/","name":"Inscri\u00e7\u00e3o na Newsletter da CEIC - ISI","isPartOf":{"@id":"https:\/\/isimarkets.com\/pt-br\/#website"},"datePublished":"2026-03-05T17:58:37+00:00","dateModified":"2026-04-02T20:17:25+00:00","breadcrumb":{"@id":"https:\/\/isimarkets.com\/pt-br\/boletim-informativo-pt-br\/inscreva-se-na-newsletter-da-ceic-pt-br\/#breadcrumb"},"inLanguage":"pt-BR","potentialAction":[{"@type":"ReadAction","target":["https:\/\/isimarkets.com\/pt-br\/boletim-informativo-pt-br\/inscreva-se-na-newsletter-da-ceic-pt-br\/"]}]},{"@type":"BreadcrumbList","@id":"https:\/\/isimarkets.com\/pt-br\/boletim-informativo-pt-br\/inscreva-se-na-newsletter-da-ceic-pt-br\/#breadcrumb","itemListElement":[{"@type":"ListItem","position":1,"name":"Home","item":"https:\/\/isimarkets.com\/pt-br\/"},{"@type":"ListItem","position":2,"name":"Newsletter","item":"https:\/\/isimarkets.com\/pt-br\/boletim-informativo-pt-br\/"},{"@type":"ListItem","position":3,"name":"Inscri\u00e7\u00e3o na Newsletter da CEIC"}]},{"@type":"WebSite","@id":"https:\/\/isimarkets.com\/pt-br\/#website","url":"https:\/\/isimarkets.com\/pt-br\/","name":"ISI","description":"Global Market Intelligence Platform","potentialAction":[{"@type":"SearchAction","target":{"@type":"EntryPoint","urlTemplate":"https:\/\/isimarkets.com\/pt-br\/?s={search_term_string}"},"query-input":{"@type":"PropertyValueSpecification","valueRequired":true,"valueName":"search_term_string"}}],"inLanguage":"pt-BR"}]}},"_links":{"self":[{"href":"https:\/\/isimarkets.com\/pt-br\/wp-json\/wp\/v2\/pages\/5220","targetHints":{"allow":["GET"]}}],"collection":[{"href":"https:\/\/isimarkets.com\/pt-br\/wp-json\/wp\/v2\/pages"}],"about":[{"href":"https:\/\/isimarkets.com\/pt-br\/wp-json\/wp\/v2\/types\/page"}],"author":[{"embeddable":true,"href":"https:\/\/isimarkets.com\/pt-br\/wp-json\/wp\/v2\/users\/10"}],"replies":[{"embeddable":true,"href":"https:\/\/isimarkets.com\/pt-br\/wp-json\/wp\/v2\/comments?post=5220"}],"version-history":[{"count":6,"href":"https:\/\/isimarkets.com\/pt-br\/wp-json\/wp\/v2\/pages\/5220\/revisions"}],"predecessor-version":[{"id":6280,"href":"https:\/\/isimarkets.com\/pt-br\/wp-json\/wp\/v2\/pages\/5220\/revisions\/6280"}],"up":[{"embeddable":true,"href":"https:\/\/isimarkets.com\/pt-br\/wp-json\/wp\/v2\/pages\/5196"}],"wp:attachment":[{"href":"https:\/\/isimarkets.com\/pt-br\/wp-json\/wp\/v2\/media?parent=5220"}],"curies":[{"name":"wp","href":"https:\/\/api.w.org\/{rel}","templated":true}]}}