{"id":5226,"date":"2026-03-05T17:58:39","date_gmt":"2026-03-05T17:58:39","guid":{"rendered":"https:\/\/isimarkets.com\/?p=5226"},"modified":"2026-04-02T15:12:01","modified_gmt":"2026-04-02T14:12:01","slug":"inscreva-se-na-newsletter-da-emis-pt-br","status":"publish","type":"page","link":"https:\/\/isimarkets.com\/pt-br\/boletim-informativo-pt-br\/inscreva-se-na-newsletter-da-emis-pt-br\/","title":{"rendered":"Inscreva-se na newsletter da EMIS"},"content":{"rendered":"<div id=\"cs-content\" class=\"cs-content\"><section class=\"x-section e5226-e1 m416-0 title-content\" id=\"title-content\"><div class=\"x-row e5226-e2 m416-1 m416-2\"><div class=\"x-row-inner\"><div class=\"x-col e5226-e3 m416-3 accent\"><div class=\"x-text x-content e5226-e4 m416-4\"><h1><svg xmlns=\"http:\/\/www.w3.org\/2000\/svg\" fill=\"none\" viewBox=\"0 0 204 48\" class=\"isi-logo svg-emis\">\t<g class=\"isi-motif\" fill=\"#ff5215\">\t\t<path d=\"M49.909 21.72c-4.432-2.198-9.662-2.831-14.727-3.398-11.994-1.399-13.093-3.565-13.093-7.296H11.06c0 7.296 2.932 12.027 8.996 15.06 4.43 2.198 9.662 2.831 14.726 3.397 11.994 1.4 13.093 3.565 13.093 7.297h11.028c0-7.297-2.932-12.028-8.996-15.06\"\/>\t\t<path d=\"M44.178 0H22.09v11.028h33.117zM11.061 11.128 11.028 0H0v47.843h11.028zM69.897 0H58.869v47.843h11.028zM14.726 36.782l11.028 11.06h22.089v-11.06z\"\/>\t<\/g>\t<path fill=\"currentColor\" d=\"M92.052 40.48V7.395h22.523v6.396H99.282v6.764h13.127v6.363H99.282v7.163h15.293v6.397zm55.174-21.69h-.134l-2.432 4.832-6.43 11.694-6.297-11.66-2.499-5.232h-.133v22.023h-6.763V7.363h7.629l8.096 15.493h.1l7.996-15.493h7.663v33.084h-6.763v-21.69zm15.161-11.394h7.196v33.083h-7.196zm13.924 28.286 4.731-4.798c2.232 2.499 5.064 3.798 8.295 3.798 3.499 0 5.231-1.566 5.231-3.965 0-1.799-.766-3.131-3.831-3.564l-3.265-.434c-6.964-.9-10.129-4.297-10.129-9.861 0-5.93 4.631-10.062 12.428-10.062 4.964 0 8.762 1.666 11.461 4.63l-4.798 4.832c-1.566-1.833-3.698-3.132-7.097-3.132-3.231 0-4.797 1.233-4.797 3.232 0 2.265 1.199 3.132 3.931 3.565l3.265.533c6.764 1.1 10.062 4.131 10.062 9.795 0 6.363-4.631 10.761-12.894 10.761-5.797 0-9.728-2.232-12.56-5.364z\"\/><\/svg>\n<\/h1>\n<h2><mark>Antecipe-se com not\u00edcias e tend\u00eancias do setor, cuidadosamente selecionadas<\/mark><\/h2>\n<p>Acesse intelig\u00eancia usada por milhares de profissionais todos os dias para tomar decis\u00f5es bem informadas.<\/p>\n<p>Todos os dias, a EMIS publica mais de 100.000 not\u00edcias. Agora, voc\u00ea pode aproveitar acesso exclusivo ao nosso servi\u00e7o de not\u00edcias setoriais, cuidadosamente selecionadas por especialistas, sem custo. Receba as atualiza\u00e7\u00f5es mais recentes e relevantes do setor, entregues diretamente na sua caixa de entrada pela nossa plataforma EMIS Next.  <\/p>\n<p>Fique bem informado e se antecipe com informa\u00e7\u00f5es que fazem a diferen\u00e7a:<\/p>\n\n<ul>\n \t<li>Escolha seu setor para receber as \u00faltimas not\u00edcias do seu interesse.<\/li>\n \t<li>Selecionado pela nossa equipe editorial para economizar seu tempo e manter voc\u00ea atualizado.<\/li>\n \t<li>Receba newsletters semanais com not\u00edcias selecionadas do EMIS Next com o nosso Resumo Semanal de Not\u00edcias Setoriais.<\/li>\n<\/ul>\n<p>Quer dados mais aprofundados, relat\u00f3rios e intelig\u00eancia de mercado exclusiva? Fa\u00e7a upgrade para o nosso acesso premium <span style=\"text-decoration: underline;\"><a href=\"https:\/\/info.isimarkets.com\/emis-request-demo-industry-newsletter\">aqui<\/a><\/span>. <\/p><\/div><\/div><div class=\"x-col e5226-e5 m416-3 content\"><div class=\"form-area\"><div id=\"hubspot-form-69e943328fea3\" class=\"hubspot-form-auto\" data-region=\"eu1\" data-portal-id=\"145094632\" data-form-id=\"1811989a-78f0-4d8e-a7f2-1711b279e861\"><\/div><\/div><\/div><\/div><\/div><\/section><\/div>","protected":false},"excerpt":{"rendered":"<p>Antecipe-se com not\u00edcias e tend\u00eancias do setor, cuidadosamente selecionadas Acesse intelig\u00eancia usada por milhares de profissionais todos os dias para tomar decis\u00f5es bem informadas. Todos os dias, a EMIS publica mais de 100.000 not\u00edcias. Agora, voc\u00ea pode aproveitar acesso exclusivo ao nosso servi\u00e7o de not\u00edcias setoriais, cuidadosamente selecionadas por especialistas, sem custo. Receba as atualiza\u00e7\u00f5es mais recentes e relevantes do&hellip;<\/p>\n","protected":false},"author":10,"featured_media":0,"parent":5196,"menu_order":2,"comment_status":"closed","ping_status":"closed","template":"template-blank-4.php","meta":{"content-type":"","cpa_authors":[],"cpa_override_default":false,"footnotes":""},"class_list":["post-5226","page","type-page","status-publish","hentry","no-post-thumbnail"],"yoast_head":"<!-- This site is optimized with the Yoast SEO plugin v27.4 - https:\/\/yoast.com\/product\/yoast-seo-wordpress\/ -->\n<title>Inscreva-se na newsletter da EMIS - ISI<\/title>\n<meta name=\"robots\" content=\"index, follow, max-snippet:-1, max-image-preview:large, max-video-preview:-1\" \/>\n<link rel=\"canonical\" href=\"https:\/\/isimarkets.com\/pt-br\/boletim-informativo-pt-br\/inscreva-se-na-newsletter-da-emis-pt-br\/\" \/>\n<meta property=\"og:locale\" content=\"pt_BR\" \/>\n<meta property=\"og:type\" content=\"article\" \/>\n<meta property=\"og:title\" content=\"Inscreva-se na newsletter da EMIS - ISI\" \/>\n<meta property=\"og:description\" content=\"Antecipe-se com not\u00edcias e tend\u00eancias do setor, cuidadosamente selecionadas Acesse intelig\u00eancia usada por milhares de profissionais todos os dias para tomar decis\u00f5es bem informadas. Todos os dias, a EMIS publica mais de 100.000 not\u00edcias. Agora, voc\u00ea pode aproveitar acesso exclusivo ao nosso servi\u00e7o de not\u00edcias setoriais, cuidadosamente selecionadas por especialistas, sem custo. Receba as atualiza\u00e7\u00f5es mais recentes e relevantes do&hellip;\" \/>\n<meta property=\"og:url\" content=\"https:\/\/isimarkets.com\/pt-br\/boletim-informativo-pt-br\/inscreva-se-na-newsletter-da-emis-pt-br\/\" \/>\n<meta property=\"og:site_name\" content=\"ISI\" \/>\n<meta property=\"article:modified_time\" content=\"2026-04-02T14:12:01+00:00\" \/>\n<meta name=\"twitter:card\" content=\"summary_large_image\" \/>\n<meta name=\"twitter:label1\" content=\"Est. tempo de leitura\" \/>\n\t<meta name=\"twitter:data1\" content=\"1 minuto\" \/>\n<script type=\"application\/ld+json\" class=\"yoast-schema-graph\">{\"@context\":\"https:\\\/\\\/schema.org\",\"@graph\":[{\"@type\":\"WebPage\",\"@id\":\"https:\\\/\\\/isimarkets.com\\\/pt-br\\\/boletim-informativo-pt-br\\\/inscreva-se-na-newsletter-da-emis-pt-br\\\/\",\"url\":\"https:\\\/\\\/isimarkets.com\\\/pt-br\\\/boletim-informativo-pt-br\\\/inscreva-se-na-newsletter-da-emis-pt-br\\\/\",\"name\":\"Inscreva-se na newsletter da EMIS - ISI\",\"isPartOf\":{\"@id\":\"https:\\\/\\\/isimarkets.com\\\/pt-br\\\/#website\"},\"datePublished\":\"2026-03-05T17:58:39+00:00\",\"dateModified\":\"2026-04-02T14:12:01+00:00\",\"breadcrumb\":{\"@id\":\"https:\\\/\\\/isimarkets.com\\\/pt-br\\\/boletim-informativo-pt-br\\\/inscreva-se-na-newsletter-da-emis-pt-br\\\/#breadcrumb\"},\"inLanguage\":\"pt-BR\",\"potentialAction\":[{\"@type\":\"ReadAction\",\"target\":[\"https:\\\/\\\/isimarkets.com\\\/pt-br\\\/boletim-informativo-pt-br\\\/inscreva-se-na-newsletter-da-emis-pt-br\\\/\"]}]},{\"@type\":\"BreadcrumbList\",\"@id\":\"https:\\\/\\\/isimarkets.com\\\/pt-br\\\/boletim-informativo-pt-br\\\/inscreva-se-na-newsletter-da-emis-pt-br\\\/#breadcrumb\",\"itemListElement\":[{\"@type\":\"ListItem\",\"position\":1,\"name\":\"Home\",\"item\":\"https:\\\/\\\/isimarkets.com\\\/pt-br\\\/\"},{\"@type\":\"ListItem\",\"position\":2,\"name\":\"Newsletter\",\"item\":\"https:\\\/\\\/isimarkets.com\\\/pt-br\\\/boletim-informativo-pt-br\\\/\"},{\"@type\":\"ListItem\",\"position\":3,\"name\":\"Inscreva-se na newsletter da EMIS\"}]},{\"@type\":\"WebSite\",\"@id\":\"https:\\\/\\\/isimarkets.com\\\/pt-br\\\/#website\",\"url\":\"https:\\\/\\\/isimarkets.com\\\/pt-br\\\/\",\"name\":\"ISI\",\"description\":\"Global Market Intelligence Platform\",\"potentialAction\":[{\"@type\":\"SearchAction\",\"target\":{\"@type\":\"EntryPoint\",\"urlTemplate\":\"https:\\\/\\\/isimarkets.com\\\/pt-br\\\/?s={search_term_string}\"},\"query-input\":{\"@type\":\"PropertyValueSpecification\",\"valueRequired\":true,\"valueName\":\"search_term_string\"}}],\"inLanguage\":\"pt-BR\"}]}<\/script>\n<!-- \/ Yoast SEO plugin. -->","yoast_head_json":{"title":"Inscreva-se na newsletter da EMIS - ISI","robots":{"index":"index","follow":"follow","max-snippet":"max-snippet:-1","max-image-preview":"max-image-preview:large","max-video-preview":"max-video-preview:-1"},"canonical":"https:\/\/isimarkets.com\/pt-br\/boletim-informativo-pt-br\/inscreva-se-na-newsletter-da-emis-pt-br\/","og_locale":"pt_BR","og_type":"article","og_title":"Inscreva-se na newsletter da EMIS - ISI","og_description":"Antecipe-se com not\u00edcias e tend\u00eancias do setor, cuidadosamente selecionadas Acesse intelig\u00eancia usada por milhares de profissionais todos os dias para tomar decis\u00f5es bem informadas. Todos os dias, a EMIS publica mais de 100.000 not\u00edcias. Agora, voc\u00ea pode aproveitar acesso exclusivo ao nosso servi\u00e7o de not\u00edcias setoriais, cuidadosamente selecionadas por especialistas, sem custo. Receba as atualiza\u00e7\u00f5es mais recentes e relevantes do&hellip;","og_url":"https:\/\/isimarkets.com\/pt-br\/boletim-informativo-pt-br\/inscreva-se-na-newsletter-da-emis-pt-br\/","og_site_name":"ISI","article_modified_time":"2026-04-02T14:12:01+00:00","twitter_card":"summary_large_image","twitter_misc":{"Est. tempo de leitura":"1 minuto"},"schema":{"@context":"https:\/\/schema.org","@graph":[{"@type":"WebPage","@id":"https:\/\/isimarkets.com\/pt-br\/boletim-informativo-pt-br\/inscreva-se-na-newsletter-da-emis-pt-br\/","url":"https:\/\/isimarkets.com\/pt-br\/boletim-informativo-pt-br\/inscreva-se-na-newsletter-da-emis-pt-br\/","name":"Inscreva-se na newsletter da EMIS - ISI","isPartOf":{"@id":"https:\/\/isimarkets.com\/pt-br\/#website"},"datePublished":"2026-03-05T17:58:39+00:00","dateModified":"2026-04-02T14:12:01+00:00","breadcrumb":{"@id":"https:\/\/isimarkets.com\/pt-br\/boletim-informativo-pt-br\/inscreva-se-na-newsletter-da-emis-pt-br\/#breadcrumb"},"inLanguage":"pt-BR","potentialAction":[{"@type":"ReadAction","target":["https:\/\/isimarkets.com\/pt-br\/boletim-informativo-pt-br\/inscreva-se-na-newsletter-da-emis-pt-br\/"]}]},{"@type":"BreadcrumbList","@id":"https:\/\/isimarkets.com\/pt-br\/boletim-informativo-pt-br\/inscreva-se-na-newsletter-da-emis-pt-br\/#breadcrumb","itemListElement":[{"@type":"ListItem","position":1,"name":"Home","item":"https:\/\/isimarkets.com\/pt-br\/"},{"@type":"ListItem","position":2,"name":"Newsletter","item":"https:\/\/isimarkets.com\/pt-br\/boletim-informativo-pt-br\/"},{"@type":"ListItem","position":3,"name":"Inscreva-se na newsletter da EMIS"}]},{"@type":"WebSite","@id":"https:\/\/isimarkets.com\/pt-br\/#website","url":"https:\/\/isimarkets.com\/pt-br\/","name":"ISI","description":"Global Market Intelligence Platform","potentialAction":[{"@type":"SearchAction","target":{"@type":"EntryPoint","urlTemplate":"https:\/\/isimarkets.com\/pt-br\/?s={search_term_string}"},"query-input":{"@type":"PropertyValueSpecification","valueRequired":true,"valueName":"search_term_string"}}],"inLanguage":"pt-BR"}]}},"_links":{"self":[{"href":"https:\/\/isimarkets.com\/pt-br\/wp-json\/wp\/v2\/pages\/5226","targetHints":{"allow":["GET"]}}],"collection":[{"href":"https:\/\/isimarkets.com\/pt-br\/wp-json\/wp\/v2\/pages"}],"about":[{"href":"https:\/\/isimarkets.com\/pt-br\/wp-json\/wp\/v2\/types\/page"}],"author":[{"embeddable":true,"href":"https:\/\/isimarkets.com\/pt-br\/wp-json\/wp\/v2\/users\/10"}],"replies":[{"embeddable":true,"href":"https:\/\/isimarkets.com\/pt-br\/wp-json\/wp\/v2\/comments?post=5226"}],"version-history":[{"count":2,"href":"https:\/\/isimarkets.com\/pt-br\/wp-json\/wp\/v2\/pages\/5226\/revisions"}],"predecessor-version":[{"id":5721,"href":"https:\/\/isimarkets.com\/pt-br\/wp-json\/wp\/v2\/pages\/5226\/revisions\/5721"}],"up":[{"embeddable":true,"href":"https:\/\/isimarkets.com\/pt-br\/wp-json\/wp\/v2\/pages\/5196"}],"wp:attachment":[{"href":"https:\/\/isimarkets.com\/pt-br\/wp-json\/wp\/v2\/media?parent=5226"}],"curies":[{"name":"wp","href":"https:\/\/api.w.org\/{rel}","templated":true}]}}