{"id":5232,"date":"2026-03-05T17:58:41","date_gmt":"2026-03-05T17:58:41","guid":{"rendered":"https:\/\/isimarkets.com\/?p=5232"},"modified":"2026-03-25T16:12:36","modified_gmt":"2026-03-25T16:12:36","slug":"inscreva-se-na-newsletter-da-epfr-pt-br","status":"publish","type":"page","link":"https:\/\/isimarkets.com\/pt-br\/boletim-informativo-pt-br\/inscreva-se-na-newsletter-da-epfr-pt-br\/","title":{"rendered":"Inscreva-se na newsletter da EPFR"},"content":{"rendered":"<div id=\"cs-content\" class=\"cs-content\"><section class=\"x-section e5232-e1 m41c-0 title-content\" id=\"title-content\"><div class=\"x-row e5232-e2 m41c-1 m41c-2\"><div class=\"x-row-inner\"><div class=\"x-col e5232-e3 m41c-3 accent\"><div class=\"x-text x-content e5232-e4 m41c-4\"><h1><svg xmlns=\"http:\/\/www.w3.org\/2000\/svg\" fill=\"none\" viewBox=\"0 0 211 48\" class=\"isi-logo svg-epfr\">\t<g class=\"isi-motif\" fill=\"#ff5215\">\t\t<path d=\"M49.908 21.756c-4.43-2.199-9.662-2.832-14.726-3.398-11.994-1.4-13.093-3.565-13.093-7.296H11.06c0 7.296 2.932 12.027 8.996 15.059 4.43 2.199 9.661 2.832 14.726 3.398 11.994 1.4 13.093 3.565 13.093 7.296h11.028c0-7.296-2.932-12.027-8.996-15.059M44.178 0H22.09v11.061h33.117z\"\/>\t\t<path d=\"M11.061 11.161 11.028 0H0v47.843h11.028zM69.898 0H58.87v47.843h11.028zM14.726 36.814 25.754 47.84h22.089V36.813z\"\/>\t<\/g>\t<path fill=\"currentColor\" d=\"M92.053 40.48V7.363h22.555v6.397H99.282v6.797h13.161v6.363h-13.16v7.163h15.325v6.397zm30.186 0V7.363h15.659c6.164 0 10.062 4.331 10.062 10.595s-3.898 10.595-10.062 10.595h-8.462v11.96h-7.197zm7.197-18.224h7.596c2.132 0 3.465-1.133 3.465-3.265v-2.1c0-2.131-1.333-3.264-3.465-3.264h-7.596zm25.055 18.224V7.363h21.989v6.397h-14.759v6.797h12.593v6.363h-12.593v13.56zm36.082 0h-7.23V7.363h15.726c6.13 0 10.028 4.265 10.028 10.595 0 4.465-1.999 8.03-6.03 9.529l6.496 12.993h-8.029l-5.797-12.16h-5.164zm7.596-18.224c2.132 0 3.465-1.133 3.465-3.265v-2.1c0-2.131-1.333-3.264-3.465-3.264h-7.596v8.629z\"\/><\/svg>\n<\/h1>\n<h2><mark>A intelig\u00eancia por tr\u00e1s de decis\u00f5es inteligentes come\u00e7a aqui<\/mark><\/h2>\n<p>Assine o Insights da EPFR e receba gratuitamente intelig\u00eancia de alta qualidade das nossas equipes de pesquisa e quantitativa, entregue na sua caixa de entrada todas as semanas<\/p><\/div><\/div><div class=\"x-col e5232-e5 m41c-3 content\"><div class=\"form-area\"><div id=\"hubspot-form-69e94329a022d\" class=\"hubspot-form-auto\" data-region=\"eu1\" data-portal-id=\"145094632\" data-form-id=\"b7c10e88-0a85-46ab-b752-5cbceccaa293\"><\/div><\/div><\/div><\/div><\/div><\/section><\/div>","protected":false},"excerpt":{"rendered":"<p>A intelig\u00eancia por tr\u00e1s de decis\u00f5es inteligentes come\u00e7a aqui Assine o Insights da EPFR e receba gratuitamente intelig\u00eancia de alta qualidade das nossas equipes de pesquisa e quantitativa, entregue na sua caixa de entrada todas as semanas<\/p>\n","protected":false},"author":10,"featured_media":0,"parent":5196,"menu_order":3,"comment_status":"closed","ping_status":"closed","template":"template-blank-4.php","meta":{"content-type":"","cpa_authors":[],"cpa_override_default":false,"footnotes":""},"class_list":["post-5232","page","type-page","status-publish","hentry","no-post-thumbnail"],"yoast_head":"<!-- This site is optimized with the Yoast SEO plugin v27.4 - https:\/\/yoast.com\/product\/yoast-seo-wordpress\/ -->\n<title>Inscreva-se na newsletter da EPFR - ISI<\/title>\n<meta name=\"robots\" content=\"index, follow, max-snippet:-1, max-image-preview:large, max-video-preview:-1\" \/>\n<link rel=\"canonical\" href=\"https:\/\/isimarkets.com\/pt-br\/boletim-informativo-pt-br\/inscreva-se-na-newsletter-da-epfr-pt-br\/\" \/>\n<meta property=\"og:locale\" content=\"pt_BR\" \/>\n<meta property=\"og:type\" content=\"article\" \/>\n<meta property=\"og:title\" content=\"Inscreva-se na newsletter da EPFR - ISI\" \/>\n<meta property=\"og:description\" content=\"A intelig\u00eancia por tr\u00e1s de decis\u00f5es inteligentes come\u00e7a aqui Assine o Insights da EPFR e receba gratuitamente intelig\u00eancia de alta qualidade das nossas equipes de pesquisa e quantitativa, entregue na sua caixa de entrada todas as semanas\" \/>\n<meta property=\"og:url\" content=\"https:\/\/isimarkets.com\/pt-br\/boletim-informativo-pt-br\/inscreva-se-na-newsletter-da-epfr-pt-br\/\" \/>\n<meta property=\"og:site_name\" content=\"ISI\" \/>\n<meta property=\"article:modified_time\" content=\"2026-03-25T16:12:36+00:00\" \/>\n<meta name=\"twitter:card\" content=\"summary_large_image\" \/>\n<script type=\"application\/ld+json\" class=\"yoast-schema-graph\">{\"@context\":\"https:\\\/\\\/schema.org\",\"@graph\":[{\"@type\":\"WebPage\",\"@id\":\"https:\\\/\\\/isimarkets.com\\\/pt-br\\\/boletim-informativo-pt-br\\\/inscreva-se-na-newsletter-da-epfr-pt-br\\\/\",\"url\":\"https:\\\/\\\/isimarkets.com\\\/pt-br\\\/boletim-informativo-pt-br\\\/inscreva-se-na-newsletter-da-epfr-pt-br\\\/\",\"name\":\"Inscreva-se na newsletter da EPFR - ISI\",\"isPartOf\":{\"@id\":\"https:\\\/\\\/isimarkets.com\\\/pt-br\\\/#website\"},\"datePublished\":\"2026-03-05T17:58:41+00:00\",\"dateModified\":\"2026-03-25T16:12:36+00:00\",\"breadcrumb\":{\"@id\":\"https:\\\/\\\/isimarkets.com\\\/pt-br\\\/boletim-informativo-pt-br\\\/inscreva-se-na-newsletter-da-epfr-pt-br\\\/#breadcrumb\"},\"inLanguage\":\"pt-BR\",\"potentialAction\":[{\"@type\":\"ReadAction\",\"target\":[\"https:\\\/\\\/isimarkets.com\\\/pt-br\\\/boletim-informativo-pt-br\\\/inscreva-se-na-newsletter-da-epfr-pt-br\\\/\"]}]},{\"@type\":\"BreadcrumbList\",\"@id\":\"https:\\\/\\\/isimarkets.com\\\/pt-br\\\/boletim-informativo-pt-br\\\/inscreva-se-na-newsletter-da-epfr-pt-br\\\/#breadcrumb\",\"itemListElement\":[{\"@type\":\"ListItem\",\"position\":1,\"name\":\"Home\",\"item\":\"https:\\\/\\\/isimarkets.com\\\/pt-br\\\/\"},{\"@type\":\"ListItem\",\"position\":2,\"name\":\"Newsletter\",\"item\":\"https:\\\/\\\/isimarkets.com\\\/pt-br\\\/boletim-informativo-pt-br\\\/\"},{\"@type\":\"ListItem\",\"position\":3,\"name\":\"Inscreva-se na newsletter da EPFR\"}]},{\"@type\":\"WebSite\",\"@id\":\"https:\\\/\\\/isimarkets.com\\\/pt-br\\\/#website\",\"url\":\"https:\\\/\\\/isimarkets.com\\\/pt-br\\\/\",\"name\":\"ISI\",\"description\":\"Global Market Intelligence Platform\",\"potentialAction\":[{\"@type\":\"SearchAction\",\"target\":{\"@type\":\"EntryPoint\",\"urlTemplate\":\"https:\\\/\\\/isimarkets.com\\\/pt-br\\\/?s={search_term_string}\"},\"query-input\":{\"@type\":\"PropertyValueSpecification\",\"valueRequired\":true,\"valueName\":\"search_term_string\"}}],\"inLanguage\":\"pt-BR\"}]}<\/script>\n<!-- \/ Yoast SEO plugin. -->","yoast_head_json":{"title":"Inscreva-se na newsletter da EPFR - ISI","robots":{"index":"index","follow":"follow","max-snippet":"max-snippet:-1","max-image-preview":"max-image-preview:large","max-video-preview":"max-video-preview:-1"},"canonical":"https:\/\/isimarkets.com\/pt-br\/boletim-informativo-pt-br\/inscreva-se-na-newsletter-da-epfr-pt-br\/","og_locale":"pt_BR","og_type":"article","og_title":"Inscreva-se na newsletter da EPFR - ISI","og_description":"A intelig\u00eancia por tr\u00e1s de decis\u00f5es inteligentes come\u00e7a aqui Assine o Insights da EPFR e receba gratuitamente intelig\u00eancia de alta qualidade das nossas equipes de pesquisa e quantitativa, entregue na sua caixa de entrada todas as semanas","og_url":"https:\/\/isimarkets.com\/pt-br\/boletim-informativo-pt-br\/inscreva-se-na-newsletter-da-epfr-pt-br\/","og_site_name":"ISI","article_modified_time":"2026-03-25T16:12:36+00:00","twitter_card":"summary_large_image","schema":{"@context":"https:\/\/schema.org","@graph":[{"@type":"WebPage","@id":"https:\/\/isimarkets.com\/pt-br\/boletim-informativo-pt-br\/inscreva-se-na-newsletter-da-epfr-pt-br\/","url":"https:\/\/isimarkets.com\/pt-br\/boletim-informativo-pt-br\/inscreva-se-na-newsletter-da-epfr-pt-br\/","name":"Inscreva-se na newsletter da EPFR - ISI","isPartOf":{"@id":"https:\/\/isimarkets.com\/pt-br\/#website"},"datePublished":"2026-03-05T17:58:41+00:00","dateModified":"2026-03-25T16:12:36+00:00","breadcrumb":{"@id":"https:\/\/isimarkets.com\/pt-br\/boletim-informativo-pt-br\/inscreva-se-na-newsletter-da-epfr-pt-br\/#breadcrumb"},"inLanguage":"pt-BR","potentialAction":[{"@type":"ReadAction","target":["https:\/\/isimarkets.com\/pt-br\/boletim-informativo-pt-br\/inscreva-se-na-newsletter-da-epfr-pt-br\/"]}]},{"@type":"BreadcrumbList","@id":"https:\/\/isimarkets.com\/pt-br\/boletim-informativo-pt-br\/inscreva-se-na-newsletter-da-epfr-pt-br\/#breadcrumb","itemListElement":[{"@type":"ListItem","position":1,"name":"Home","item":"https:\/\/isimarkets.com\/pt-br\/"},{"@type":"ListItem","position":2,"name":"Newsletter","item":"https:\/\/isimarkets.com\/pt-br\/boletim-informativo-pt-br\/"},{"@type":"ListItem","position":3,"name":"Inscreva-se na newsletter da EPFR"}]},{"@type":"WebSite","@id":"https:\/\/isimarkets.com\/pt-br\/#website","url":"https:\/\/isimarkets.com\/pt-br\/","name":"ISI","description":"Global Market Intelligence Platform","potentialAction":[{"@type":"SearchAction","target":{"@type":"EntryPoint","urlTemplate":"https:\/\/isimarkets.com\/pt-br\/?s={search_term_string}"},"query-input":{"@type":"PropertyValueSpecification","valueRequired":true,"valueName":"search_term_string"}}],"inLanguage":"pt-BR"}]}},"_links":{"self":[{"href":"https:\/\/isimarkets.com\/pt-br\/wp-json\/wp\/v2\/pages\/5232","targetHints":{"allow":["GET"]}}],"collection":[{"href":"https:\/\/isimarkets.com\/pt-br\/wp-json\/wp\/v2\/pages"}],"about":[{"href":"https:\/\/isimarkets.com\/pt-br\/wp-json\/wp\/v2\/types\/page"}],"author":[{"embeddable":true,"href":"https:\/\/isimarkets.com\/pt-br\/wp-json\/wp\/v2\/users\/10"}],"replies":[{"embeddable":true,"href":"https:\/\/isimarkets.com\/pt-br\/wp-json\/wp\/v2\/comments?post=5232"}],"version-history":[{"count":2,"href":"https:\/\/isimarkets.com\/pt-br\/wp-json\/wp\/v2\/pages\/5232\/revisions"}],"predecessor-version":[{"id":5726,"href":"https:\/\/isimarkets.com\/pt-br\/wp-json\/wp\/v2\/pages\/5232\/revisions\/5726"}],"up":[{"embeddable":true,"href":"https:\/\/isimarkets.com\/pt-br\/wp-json\/wp\/v2\/pages\/5196"}],"wp:attachment":[{"href":"https:\/\/isimarkets.com\/pt-br\/wp-json\/wp\/v2\/media?parent=5232"}],"curies":[{"name":"wp","href":"https:\/\/api.w.org\/{rel}","templated":true}]}}