{"id":6183,"date":"2026-04-01T10:47:49","date_gmt":"2026-04-01T09:47:49","guid":{"rendered":"https:\/\/isimarkets.com\/termos-e-condicoes-adicionais-de-provedores-terceiros\/"},"modified":"2026-04-02T16:00:24","modified_gmt":"2026-04-02T15:00:24","slug":"termos-e-condicoes-adicionais-de-provedores-terceiros","status":"publish","type":"page","link":"https:\/\/isimarkets.com\/pt-br\/termos-e-condicoes-adicionais-de-provedores-terceiros\/","title":{"rendered":"Termos e Condi\u00e7\u00f5es Adicionais de Provedores Terceiros"},"content":{"rendered":"\n<p>Al\u00e9m do uso permitido e das limita\u00e7\u00f5es estabelecidas no(s) Contrato(s) firmado(s) com a ISI Markets, determinados Provedores Terceiros possuem termos e condi\u00e7\u00f5es adicionais (\u201cOs Termos\u201d) que regem o uso de seus dados contidos no(s) Produto(s) de Assinatura Licenciado(s). Estes Termos prevalecer\u00e3o sobre os termos e condi\u00e7\u00f5es contidos no(s) Contrato(s). <\/p>\n\n<p>As classifica\u00e7\u00f5es foram, na maioria dos casos, influenciadas por informa\u00e7\u00f5es e explica\u00e7\u00f5es adicionais fornecidas pelos Provedores Terceiros. Os Provedores Terceiros com termos e condi\u00e7\u00f5es adicionais est\u00e3o listados abaixo: <\/p>\n\n<ul class=\"wp-block-list\">\n<li><strong>GFI Group<\/strong><\/li>\n\n\n\n<li><strong>MSCI<\/strong><\/li>\n<\/ul>\n\n<p><strong>Termos Completos dos Provedores Terceiros GFI Group<\/strong><\/p>\n\n<p><strong>GFI Group<\/strong><\/p>\n\n<p>Clientes cujo(s) Produto(s) de Assinatura Licenciado(s) inclua(m) os Dados da GFI:<\/p>\n\n<p>(i) podem utilizar os Dados apenas para fins internos, sendo proibida toda e qualquer distribui\u00e7\u00e3o externa dos Dados;<\/p>\n\n<p>(iii) permitem que a ISI Markets cesse a distribui\u00e7\u00e3o dos Dados imediatamente mediante aviso por escrito; e<\/p>\n\n<p>(iv) dever\u00e3o cumprir toda e qualquer restri\u00e7\u00e3o e requisito que possa ser imposto pela GFI periodicamente.<\/p>\n\n<ol class=\"wp-block-list\"><\/ol>\n\n<p><strong>MSCI<\/strong><\/p>\n\n<p>Clientes cujo(s) Produto(s) de Assinatura Licenciado(s) inclua(m) os Dados da MSCI;<\/p>\n\n<p>(i) podem utilizar os Dados exclusivamente para fins internos e n\u00e3o redistribuir\u00e3o os Dados sob qualquer forma ou maneira a terceiros;<\/p>\n\n<p>(ii) declaram que n\u00e3o utilizar\u00e3o nem permitir\u00e3o que outrem utilize os Dados em conex\u00e3o com a cria\u00e7\u00e3o, gest\u00e3o, assessoria, subscri\u00e7\u00e3o, negocia\u00e7\u00e3o, marketing ou promo\u00e7\u00e3o de quaisquer valores mobili\u00e1rios ou instrumentos ou produtos financeiros, incluindo, mas n\u00e3o se limitando a, fundos, valores mobili\u00e1rios sint\u00e9ticos ou derivativos (ex.: op\u00e7\u00f5es, b\u00f4nus de subscri\u00e7\u00e3o, swaps e futuros), sejam eles listados em bolsa ou negociados no mercado de balc\u00e3o ou em regime de coloca\u00e7\u00e3o privada ou de outra forma, ou para criar quaisquer \u00edndices (personalizados ou n\u00e3o);<\/p>\n\n<p>(iii) declaram que n\u00e3o utilizar\u00e3o nem permitir\u00e3o que outrem utilize os Dados para verificar ou corrigir dados que n\u00e3o sejam da MSCI, ou outras informa\u00e7\u00f5es em qualquer \u00edndice ou outra compila\u00e7\u00e3o de dados ou informa\u00e7\u00f5es;<\/p>\n\n<p>(iv) dever\u00e3o tratar os Dados como propriedade da MSCI. Al\u00e9m disso, o Cliente dever\u00e1 reconhecer que a MSCI \u00e9 a \u00fanica e exclusiva propriet\u00e1ria dos Dados e de quaisquer segredos comerciais, direitos autorais, marcas registradas e outros direitos de propriedade intelectual nos ou para os Dados; <\/p>\n\n<p>(v) declaram que n\u00e3o ir\u00e3o (i) copiar qualquer componente dos Dados, (ii) alterar, modificar ou adaptar qualquer componente dos Dados, incluindo, mas n\u00e3o se limitando a, traduzir, decompilar, desmembrar, realizar engenharia reversa ou criar obras derivadas, ou (iii) disponibilizar qualquer componente dos Dados a qualquer outra pessoa ou organiza\u00e7\u00e3o (incluindo, sem limita\u00e7\u00e3o, as controladoras, subsidi\u00e1rias ou afiliadas presentes e futuras do Cliente) direta ou indiretamente, para qualquer um dos fins mencionados ou para qualquer outro uso, incluindo, sem limita\u00e7\u00e3o, por empr\u00e9stimo, aluguel, bureau de servi\u00e7os, compartilhamento de tempo externo ou arranjo similar;   <\/p>\n\n<p>(vi) dever\u00e3o reproduzir em todas as c\u00f3pias permitidas dos Dados todos os direitos autorais, direitos de propriedade e legendas restritivas que apare\u00e7am nos Dados;<\/p>\n\n<p>(vii) reconhecem que assumem todo o risco de utiliza\u00e7\u00e3o dos Dados e concordam em isentar a MSCI de quaisquer reivindica\u00e7\u00f5es que possam surgir em conex\u00e3o com qualquer uso dos Dados pelo Cliente ou suas afiliadas permitidas;<\/p>\n\n<p>(viii) reconhecem que a MSCI pode, a seu crit\u00e9rio exclusivo e absoluto e a qualquer momento, encerrar o direito do Cliente de receber e\/ou utilizar os Dados; e<\/p>\n\n<p>(ix) reconhecem a MSCI como terceira benefici\u00e1ria do Contrato do Cliente, com direito a fazer cumprir todas as disposi\u00e7\u00f5es de tal contrato relativas aos Dados.<\/p>\n\n<p><\/p>\n","protected":false},"excerpt":{"rendered":"<p>Al\u00e9m do uso permitido e das limita\u00e7\u00f5es estabelecidas no(s) Contrato(s) firmado(s) com a ISI Markets, determinados Provedores Terceiros possuem termos e condi\u00e7\u00f5es adicionais (\u201cOs Termos\u201d) que regem o uso de seus dados contidos no(s) Produto(s) de Assinatura Licenciado(s). Estes Termos prevalecer\u00e3o sobre os termos e condi\u00e7\u00f5es contidos no(s) Contrato(s). As classifica\u00e7\u00f5es foram, na maioria dos casos, influenciadas por informa\u00e7\u00f5es e&hellip;<\/p>\n","protected":false},"author":12,"featured_media":0,"parent":0,"menu_order":0,"comment_status":"closed","ping_status":"closed","template":"template-blank-4.php","meta":{"content-type":"","cpa_authors":[],"cpa_override_default":false,"footnotes":""},"class_list":["post-6183","page","type-page","status-publish","hentry","no-post-thumbnail"],"yoast_head":"<!-- This site is optimized with the Yoast SEO plugin v27.4 - https:\/\/yoast.com\/product\/yoast-seo-wordpress\/ -->\n<title>Termos e Condi\u00e7\u00f5es Adicionais de Provedores Terceiros - ISI<\/title>\n<meta name=\"robots\" content=\"index, follow, max-snippet:-1, max-image-preview:large, max-video-preview:-1\" \/>\n<link rel=\"canonical\" href=\"https:\/\/isimarkets.com\/pt-br\/termos-e-condicoes-adicionais-de-provedores-terceiros\/\" \/>\n<meta property=\"og:locale\" content=\"pt_BR\" \/>\n<meta property=\"og:type\" content=\"article\" \/>\n<meta property=\"og:title\" content=\"Termos e Condi\u00e7\u00f5es Adicionais de Provedores Terceiros - ISI\" \/>\n<meta property=\"og:description\" content=\"Al\u00e9m do uso permitido e das limita\u00e7\u00f5es estabelecidas no(s) Contrato(s) firmado(s) com a ISI Markets, determinados Provedores Terceiros possuem termos e condi\u00e7\u00f5es adicionais (\u201cOs Termos\u201d) que regem o uso de seus dados contidos no(s) Produto(s) de Assinatura Licenciado(s). Estes Termos prevalecer\u00e3o sobre os termos e condi\u00e7\u00f5es contidos no(s) Contrato(s). As classifica\u00e7\u00f5es foram, na maioria dos casos, influenciadas por informa\u00e7\u00f5es e&hellip;\" \/>\n<meta property=\"og:url\" content=\"https:\/\/isimarkets.com\/pt-br\/termos-e-condicoes-adicionais-de-provedores-terceiros\/\" \/>\n<meta property=\"og:site_name\" content=\"ISI\" \/>\n<meta property=\"article:modified_time\" content=\"2026-04-02T15:00:24+00:00\" \/>\n<meta name=\"twitter:card\" content=\"summary_large_image\" \/>\n<meta name=\"twitter:label1\" content=\"Est. tempo de leitura\" \/>\n\t<meta name=\"twitter:data1\" content=\"3 minutos\" \/>\n<script type=\"application\/ld+json\" class=\"yoast-schema-graph\">{\"@context\":\"https:\\\/\\\/schema.org\",\"@graph\":[{\"@type\":\"WebPage\",\"@id\":\"https:\\\/\\\/isimarkets.com\\\/pt-br\\\/termos-e-condicoes-adicionais-de-provedores-terceiros\\\/\",\"url\":\"https:\\\/\\\/isimarkets.com\\\/pt-br\\\/termos-e-condicoes-adicionais-de-provedores-terceiros\\\/\",\"name\":\"Termos e Condi\u00e7\u00f5es Adicionais de Provedores Terceiros - ISI\",\"isPartOf\":{\"@id\":\"https:\\\/\\\/isimarkets.com\\\/pt-br\\\/#website\"},\"datePublished\":\"2026-04-01T09:47:49+00:00\",\"dateModified\":\"2026-04-02T15:00:24+00:00\",\"breadcrumb\":{\"@id\":\"https:\\\/\\\/isimarkets.com\\\/pt-br\\\/termos-e-condicoes-adicionais-de-provedores-terceiros\\\/#breadcrumb\"},\"inLanguage\":\"pt-BR\",\"potentialAction\":[{\"@type\":\"ReadAction\",\"target\":[\"https:\\\/\\\/isimarkets.com\\\/pt-br\\\/termos-e-condicoes-adicionais-de-provedores-terceiros\\\/\"]}]},{\"@type\":\"BreadcrumbList\",\"@id\":\"https:\\\/\\\/isimarkets.com\\\/pt-br\\\/termos-e-condicoes-adicionais-de-provedores-terceiros\\\/#breadcrumb\",\"itemListElement\":[{\"@type\":\"ListItem\",\"position\":1,\"name\":\"Home\",\"item\":\"https:\\\/\\\/isimarkets.com\\\/pt-br\\\/\"},{\"@type\":\"ListItem\",\"position\":2,\"name\":\"Termos e Condi\u00e7\u00f5es Adicionais de Provedores Terceiros\"}]},{\"@type\":\"WebSite\",\"@id\":\"https:\\\/\\\/isimarkets.com\\\/pt-br\\\/#website\",\"url\":\"https:\\\/\\\/isimarkets.com\\\/pt-br\\\/\",\"name\":\"ISI\",\"description\":\"Global Market Intelligence Platform\",\"potentialAction\":[{\"@type\":\"SearchAction\",\"target\":{\"@type\":\"EntryPoint\",\"urlTemplate\":\"https:\\\/\\\/isimarkets.com\\\/pt-br\\\/?s={search_term_string}\"},\"query-input\":{\"@type\":\"PropertyValueSpecification\",\"valueRequired\":true,\"valueName\":\"search_term_string\"}}],\"inLanguage\":\"pt-BR\"}]}<\/script>\n<!-- \/ Yoast SEO plugin. -->","yoast_head_json":{"title":"Termos e Condi\u00e7\u00f5es Adicionais de Provedores Terceiros - ISI","robots":{"index":"index","follow":"follow","max-snippet":"max-snippet:-1","max-image-preview":"max-image-preview:large","max-video-preview":"max-video-preview:-1"},"canonical":"https:\/\/isimarkets.com\/pt-br\/termos-e-condicoes-adicionais-de-provedores-terceiros\/","og_locale":"pt_BR","og_type":"article","og_title":"Termos e Condi\u00e7\u00f5es Adicionais de Provedores Terceiros - ISI","og_description":"Al\u00e9m do uso permitido e das limita\u00e7\u00f5es estabelecidas no(s) Contrato(s) firmado(s) com a ISI Markets, determinados Provedores Terceiros possuem termos e condi\u00e7\u00f5es adicionais (\u201cOs Termos\u201d) que regem o uso de seus dados contidos no(s) Produto(s) de Assinatura Licenciado(s). Estes Termos prevalecer\u00e3o sobre os termos e condi\u00e7\u00f5es contidos no(s) Contrato(s). As classifica\u00e7\u00f5es foram, na maioria dos casos, influenciadas por informa\u00e7\u00f5es e&hellip;","og_url":"https:\/\/isimarkets.com\/pt-br\/termos-e-condicoes-adicionais-de-provedores-terceiros\/","og_site_name":"ISI","article_modified_time":"2026-04-02T15:00:24+00:00","twitter_card":"summary_large_image","twitter_misc":{"Est. tempo de leitura":"3 minutos"},"schema":{"@context":"https:\/\/schema.org","@graph":[{"@type":"WebPage","@id":"https:\/\/isimarkets.com\/pt-br\/termos-e-condicoes-adicionais-de-provedores-terceiros\/","url":"https:\/\/isimarkets.com\/pt-br\/termos-e-condicoes-adicionais-de-provedores-terceiros\/","name":"Termos e Condi\u00e7\u00f5es Adicionais de Provedores Terceiros - ISI","isPartOf":{"@id":"https:\/\/isimarkets.com\/pt-br\/#website"},"datePublished":"2026-04-01T09:47:49+00:00","dateModified":"2026-04-02T15:00:24+00:00","breadcrumb":{"@id":"https:\/\/isimarkets.com\/pt-br\/termos-e-condicoes-adicionais-de-provedores-terceiros\/#breadcrumb"},"inLanguage":"pt-BR","potentialAction":[{"@type":"ReadAction","target":["https:\/\/isimarkets.com\/pt-br\/termos-e-condicoes-adicionais-de-provedores-terceiros\/"]}]},{"@type":"BreadcrumbList","@id":"https:\/\/isimarkets.com\/pt-br\/termos-e-condicoes-adicionais-de-provedores-terceiros\/#breadcrumb","itemListElement":[{"@type":"ListItem","position":1,"name":"Home","item":"https:\/\/isimarkets.com\/pt-br\/"},{"@type":"ListItem","position":2,"name":"Termos e Condi\u00e7\u00f5es Adicionais de Provedores Terceiros"}]},{"@type":"WebSite","@id":"https:\/\/isimarkets.com\/pt-br\/#website","url":"https:\/\/isimarkets.com\/pt-br\/","name":"ISI","description":"Global Market Intelligence Platform","potentialAction":[{"@type":"SearchAction","target":{"@type":"EntryPoint","urlTemplate":"https:\/\/isimarkets.com\/pt-br\/?s={search_term_string}"},"query-input":{"@type":"PropertyValueSpecification","valueRequired":true,"valueName":"search_term_string"}}],"inLanguage":"pt-BR"}]}},"_links":{"self":[{"href":"https:\/\/isimarkets.com\/pt-br\/wp-json\/wp\/v2\/pages\/6183","targetHints":{"allow":["GET"]}}],"collection":[{"href":"https:\/\/isimarkets.com\/pt-br\/wp-json\/wp\/v2\/pages"}],"about":[{"href":"https:\/\/isimarkets.com\/pt-br\/wp-json\/wp\/v2\/types\/page"}],"author":[{"embeddable":true,"href":"https:\/\/isimarkets.com\/pt-br\/wp-json\/wp\/v2\/users\/12"}],"replies":[{"embeddable":true,"href":"https:\/\/isimarkets.com\/pt-br\/wp-json\/wp\/v2\/comments?post=6183"}],"version-history":[{"count":2,"href":"https:\/\/isimarkets.com\/pt-br\/wp-json\/wp\/v2\/pages\/6183\/revisions"}],"predecessor-version":[{"id":6185,"href":"https:\/\/isimarkets.com\/pt-br\/wp-json\/wp\/v2\/pages\/6183\/revisions\/6185"}],"wp:attachment":[{"href":"https:\/\/isimarkets.com\/pt-br\/wp-json\/wp\/v2\/media?parent=6183"}],"curies":[{"name":"wp","href":"https:\/\/api.w.org\/{rel}","templated":true}]}}