{"id":6999,"date":"2026-04-14T13:30:36","date_gmt":"2026-04-14T12:30:36","guid":{"rendered":"https:\/\/isimarkets.com\/solicitar-demonstracao-epfr\/"},"modified":"2026-04-14T15:12:07","modified_gmt":"2026-04-14T14:12:07","slug":"solicitar-demonstracao-epfr","status":"publish","type":"page","link":"https:\/\/isimarkets.com\/pt-br\/solicitar-demonstracao-epfr\/","title":{"rendered":"Solicitar demonstra\u00e7\u00e3o &#8211; EPFR"},"content":{"rendered":"<div id=\"cs-content\" class=\"cs-content\"><section class=\"x-section e6999-e1 m5ef-0 title-content\" id=\"title-content\"><div class=\"x-row e6999-e2 m5ef-1 m5ef-2\"><div class=\"x-row-inner\"><div class=\"x-col e6999-e3 m5ef-3 accent\"><div class=\"x-text x-content e6999-e4 m5ef-4\"><h1>Solicitar demonstra\u00e7\u00e3o &#8211; EPFR<\/h1>\n<h2><mark>Intelig\u00eancia global de fluxos de fundos e aloca\u00e7\u00e3o de ativos<\/mark><\/h2>\n<p>Uma vis\u00e3o incompar\u00e1vel do sentimento de investidores e gestores de fundos nos mercados globais<\/p><\/div><\/div><div class=\"x-col e6999-e5 m5ef-3 content\"><div class=\"x-text x-content e6999-e6 m5ef-4\"><p class=\"introduction\">Por favor, preencha o formul\u00e1rio e entraremos em contato o mais breve poss\u00edvel.<\/p><\/div><div class=\"form-area\"><div id=\"hubspot-form-69e94368976a7\" class=\"hubspot-form-auto\" data-region=\"eu1\" data-portal-id=\"145094632\" data-form-id=\"a7fdf06f-9e57-46a2-bca2-5bcd06a6f3c0\"><\/div><\/div><\/div><\/div><\/div><\/section><\/div>","protected":false},"excerpt":{"rendered":"<p>Solicitar demonstra\u00e7\u00e3o &#8211; EPFR Intelig\u00eancia global de fluxos de fundos e aloca\u00e7\u00e3o de ativos Uma vis\u00e3o incompar\u00e1vel do sentimento de investidores e gestores de fundos nos mercados globaisPor favor, preencha o formul\u00e1rio e entraremos em contato o mais breve poss\u00edvel.<\/p>\n","protected":false},"author":12,"featured_media":0,"parent":0,"menu_order":0,"comment_status":"closed","ping_status":"closed","template":"template-blank-4.php","meta":{"content-type":"","cpa_authors":[],"cpa_override_default":false,"footnotes":""},"class_list":["post-6999","page","type-page","status-publish","hentry","no-post-thumbnail"],"yoast_head":"<!-- This site is optimized with the Yoast SEO plugin v27.4 - https:\/\/yoast.com\/product\/yoast-seo-wordpress\/ -->\n<title>Solicitar demonstra\u00e7\u00e3o - EPFR - ISI<\/title>\n<meta name=\"robots\" content=\"index, follow, max-snippet:-1, max-image-preview:large, max-video-preview:-1\" \/>\n<link rel=\"canonical\" href=\"https:\/\/isimarkets.com\/pt-br\/solicitar-demonstracao-epfr\/\" \/>\n<meta property=\"og:locale\" content=\"pt_BR\" \/>\n<meta property=\"og:type\" content=\"article\" \/>\n<meta property=\"og:title\" content=\"Solicitar demonstra\u00e7\u00e3o - EPFR - ISI\" \/>\n<meta property=\"og:description\" content=\"Solicitar demonstra\u00e7\u00e3o &#8211; EPFR Intelig\u00eancia global de fluxos de fundos e aloca\u00e7\u00e3o de ativos Uma vis\u00e3o incompar\u00e1vel do sentimento de investidores e gestores de fundos nos mercados globaisPor favor, preencha o formul\u00e1rio e entraremos em contato o mais breve poss\u00edvel.\" \/>\n<meta property=\"og:url\" content=\"https:\/\/isimarkets.com\/pt-br\/solicitar-demonstracao-epfr\/\" \/>\n<meta property=\"og:site_name\" content=\"ISI\" \/>\n<meta property=\"article:modified_time\" content=\"2026-04-14T14:12:07+00:00\" \/>\n<meta name=\"twitter:card\" content=\"summary_large_image\" \/>\n<script type=\"application\/ld+json\" class=\"yoast-schema-graph\">{\"@context\":\"https:\\\/\\\/schema.org\",\"@graph\":[{\"@type\":\"WebPage\",\"@id\":\"https:\\\/\\\/isimarkets.com\\\/pt-br\\\/solicitar-demonstracao-epfr\\\/\",\"url\":\"https:\\\/\\\/isimarkets.com\\\/pt-br\\\/solicitar-demonstracao-epfr\\\/\",\"name\":\"Solicitar demonstra\u00e7\u00e3o - EPFR - ISI\",\"isPartOf\":{\"@id\":\"https:\\\/\\\/isimarkets.com\\\/pt-br\\\/#website\"},\"datePublished\":\"2026-04-14T12:30:36+00:00\",\"dateModified\":\"2026-04-14T14:12:07+00:00\",\"breadcrumb\":{\"@id\":\"https:\\\/\\\/isimarkets.com\\\/pt-br\\\/solicitar-demonstracao-epfr\\\/#breadcrumb\"},\"inLanguage\":\"pt-BR\",\"potentialAction\":[{\"@type\":\"ReadAction\",\"target\":[\"https:\\\/\\\/isimarkets.com\\\/pt-br\\\/solicitar-demonstracao-epfr\\\/\"]}]},{\"@type\":\"BreadcrumbList\",\"@id\":\"https:\\\/\\\/isimarkets.com\\\/pt-br\\\/solicitar-demonstracao-epfr\\\/#breadcrumb\",\"itemListElement\":[{\"@type\":\"ListItem\",\"position\":1,\"name\":\"Home\",\"item\":\"https:\\\/\\\/isimarkets.com\\\/pt-br\\\/\"},{\"@type\":\"ListItem\",\"position\":2,\"name\":\"Solicitar demonstra\u00e7\u00e3o &#8211; EPFR\"}]},{\"@type\":\"WebSite\",\"@id\":\"https:\\\/\\\/isimarkets.com\\\/pt-br\\\/#website\",\"url\":\"https:\\\/\\\/isimarkets.com\\\/pt-br\\\/\",\"name\":\"ISI\",\"description\":\"Global Market Intelligence Platform\",\"potentialAction\":[{\"@type\":\"SearchAction\",\"target\":{\"@type\":\"EntryPoint\",\"urlTemplate\":\"https:\\\/\\\/isimarkets.com\\\/pt-br\\\/?s={search_term_string}\"},\"query-input\":{\"@type\":\"PropertyValueSpecification\",\"valueRequired\":true,\"valueName\":\"search_term_string\"}}],\"inLanguage\":\"pt-BR\"}]}<\/script>\n<!-- \/ Yoast SEO plugin. -->","yoast_head_json":{"title":"Solicitar demonstra\u00e7\u00e3o - EPFR - ISI","robots":{"index":"index","follow":"follow","max-snippet":"max-snippet:-1","max-image-preview":"max-image-preview:large","max-video-preview":"max-video-preview:-1"},"canonical":"https:\/\/isimarkets.com\/pt-br\/solicitar-demonstracao-epfr\/","og_locale":"pt_BR","og_type":"article","og_title":"Solicitar demonstra\u00e7\u00e3o - EPFR - ISI","og_description":"Solicitar demonstra\u00e7\u00e3o &#8211; EPFR Intelig\u00eancia global de fluxos de fundos e aloca\u00e7\u00e3o de ativos Uma vis\u00e3o incompar\u00e1vel do sentimento de investidores e gestores de fundos nos mercados globaisPor favor, preencha o formul\u00e1rio e entraremos em contato o mais breve poss\u00edvel.","og_url":"https:\/\/isimarkets.com\/pt-br\/solicitar-demonstracao-epfr\/","og_site_name":"ISI","article_modified_time":"2026-04-14T14:12:07+00:00","twitter_card":"summary_large_image","schema":{"@context":"https:\/\/schema.org","@graph":[{"@type":"WebPage","@id":"https:\/\/isimarkets.com\/pt-br\/solicitar-demonstracao-epfr\/","url":"https:\/\/isimarkets.com\/pt-br\/solicitar-demonstracao-epfr\/","name":"Solicitar demonstra\u00e7\u00e3o - EPFR - ISI","isPartOf":{"@id":"https:\/\/isimarkets.com\/pt-br\/#website"},"datePublished":"2026-04-14T12:30:36+00:00","dateModified":"2026-04-14T14:12:07+00:00","breadcrumb":{"@id":"https:\/\/isimarkets.com\/pt-br\/solicitar-demonstracao-epfr\/#breadcrumb"},"inLanguage":"pt-BR","potentialAction":[{"@type":"ReadAction","target":["https:\/\/isimarkets.com\/pt-br\/solicitar-demonstracao-epfr\/"]}]},{"@type":"BreadcrumbList","@id":"https:\/\/isimarkets.com\/pt-br\/solicitar-demonstracao-epfr\/#breadcrumb","itemListElement":[{"@type":"ListItem","position":1,"name":"Home","item":"https:\/\/isimarkets.com\/pt-br\/"},{"@type":"ListItem","position":2,"name":"Solicitar demonstra\u00e7\u00e3o &#8211; EPFR"}]},{"@type":"WebSite","@id":"https:\/\/isimarkets.com\/pt-br\/#website","url":"https:\/\/isimarkets.com\/pt-br\/","name":"ISI","description":"Global Market Intelligence Platform","potentialAction":[{"@type":"SearchAction","target":{"@type":"EntryPoint","urlTemplate":"https:\/\/isimarkets.com\/pt-br\/?s={search_term_string}"},"query-input":{"@type":"PropertyValueSpecification","valueRequired":true,"valueName":"search_term_string"}}],"inLanguage":"pt-BR"}]}},"_links":{"self":[{"href":"https:\/\/isimarkets.com\/pt-br\/wp-json\/wp\/v2\/pages\/6999","targetHints":{"allow":["GET"]}}],"collection":[{"href":"https:\/\/isimarkets.com\/pt-br\/wp-json\/wp\/v2\/pages"}],"about":[{"href":"https:\/\/isimarkets.com\/pt-br\/wp-json\/wp\/v2\/types\/page"}],"author":[{"embeddable":true,"href":"https:\/\/isimarkets.com\/pt-br\/wp-json\/wp\/v2\/users\/12"}],"replies":[{"embeddable":true,"href":"https:\/\/isimarkets.com\/pt-br\/wp-json\/wp\/v2\/comments?post=6999"}],"version-history":[{"count":1,"href":"https:\/\/isimarkets.com\/pt-br\/wp-json\/wp\/v2\/pages\/6999\/revisions"}],"predecessor-version":[{"id":7001,"href":"https:\/\/isimarkets.com\/pt-br\/wp-json\/wp\/v2\/pages\/6999\/revisions\/7001"}],"wp:attachment":[{"href":"https:\/\/isimarkets.com\/pt-br\/wp-json\/wp\/v2\/media?parent=6999"}],"curies":[{"name":"wp","href":"https:\/\/api.w.org\/{rel}","templated":true}]}}