{"id":7674,"date":"2026-04-22T13:09:42","date_gmt":"2026-04-22T12:09:42","guid":{"rendered":"https:\/\/isimarkets.com\/api-da-epfr\/"},"modified":"2026-04-30T16:19:02","modified_gmt":"2026-04-30T15:19:02","slug":"api-da-epfr","status":"publish","type":"page","link":"https:\/\/isimarkets.com\/pt-br\/api-da-epfr\/","title":{"rendered":"API da EPFR"},"content":{"rendered":"<div id=\"cs-content\" class=\"cs-content\"><div class=\"x-section e7674-e1 m5x6-0 m5x6-1\"><div class=\"x-row x-container max width e7674-e2 m5x6-3 m5x6-4 m5x6-6 m5x6-7\"><div class=\"x-row-inner\"><div class=\"x-col e7674-e3 m5x6-c\"><section class=\"x-section e7674-e4 m5x6-0 m5x6-2 hero title accent\" id=\"title\"><div class=\"x-row x-container max width e7674-e5 m5x6-3 m5x6-5 m5x6-8 m5x6-9\"><div class=\"x-row-inner\"><div class=\"x-col e7674-e6 m5x6-c\"><div class=\"x-text x-content e7674-e7 m5x6-d m5x6-e\"><h1><\/h1>\n<h2><mark>API da EPFR  <\/mark><\/h2><\/div><\/div><\/div><\/div><div class=\"x-row x-container max width e7674-e8 m5x6-3 m5x6-5 m5x6-8 m5x6-a\"><div class=\"x-row-inner\"><div class=\"x-col e7674-e9 m5x6-c\"><div class=\"x-text x-content e7674-e10 m5x6-d m5x6-e\"><p>A API EPFR oferece acesso incompar\u00e1vel a fluxos e aloca\u00e7\u00f5es de fundos globais, proporcionando vis\u00e3o clara do sentimento de investidores e gestores de fundos que revelam tend\u00eancias de mercado, pontos de inflex\u00e3o e padr\u00f5es comportamentais.<\/p>\n\n<ul>\n \t<li><a class=\"button request-demo\" href=\"https:\/\/isimarkets.com\/pt-br\/solicitar-demonstracao-pt-br\/\">Solicitar uma demonstra\u00e7\u00e3o<\/a><\/li>\n \t<li><a  class=\"x-btn secondary button\"  href=\"\/login\/\"     data-options=\"thumbnail: ''\">Entrar<\/a><\/li>\n<\/ul><\/div><\/div><\/div><\/div><\/section><div class=\"x-text x-content e7674-e11 m5x6-d m5x6-f\"><p>Constru\u00edda sobre uma base de arquitetura REST segura e de alto desempenho, nossa API permite que seus sistemas acessem mais de 25 anos de dados de alta qualidade conforme reportados\u2014rastreando mais de US$ 60+ trilh\u00f5es em ativos em 151.000 classes de cotas de fundos de Fundos M\u00fatuos e ETFs.<\/p>\n<p><span lang=\"en-GB\">Principais Benef\u00edcios:<\/span><\/p>\n\n<ul>\n \t<li>Otimize fluxos de trabalho com integra\u00e7\u00e3o via API eliminando interven\u00e7\u00e3o manual<\/li>\n \t<li><span lang=\"en-GB\">Conecte-se perfeitamente com dashboards, plataformas de an\u00e1lise e modelos<\/span><\/li>\n \t<li><span lang=\"en-GB\">Filtragem e recupera\u00e7\u00e3o suaves de pontos de dados relevantes<\/span><\/li>\n \t<li><span lang=\"en-GB\">Sa\u00eddas bem estruturadas para f\u00e1cil ingest\u00e3o.<\/span><\/li>\n<\/ul>\n<p><span lang=\"en-GB\">Para saber mais, solicite uma demonstra\u00e7\u00e3o ou baixe o folheto da API EPFR com os formul\u00e1rios necess\u00e1rios abaixo. <\/span><\/p><\/div><\/div><\/div><\/div><\/div><div class=\"x-section e7674-e12 m5x6-0 m5x6-1\"><div class=\"x-row x-container max width e7674-e13 m5x6-3 m5x6-4 m5x6-6 m5x6-b\"><div class=\"x-row-inner\"><div class=\"x-col e7674-e14 m5x6-c\"><div class=\"form-area\"><div id=\"hubspot-form-6a08ff3035270\" class=\"hubspot-form-auto\" data-region=\"eu1\" data-portal-id=\"145094632\" data-form-id=\"a7fdf06f-9e57-46a2-bca2-5bcd06a6f3c0\"><\/div><\/div><\/div><\/div><\/div><\/div><\/div>","protected":false},"excerpt":{"rendered":"<p>API da EPFR A API EPFR oferece acesso incompar\u00e1vel a fluxos e aloca\u00e7\u00f5es de fundos globais, proporcionando vis\u00e3o clara do sentimento de investidores e gestores de fundos que revelam tend\u00eancias de mercado, pontos de inflex\u00e3o e padr\u00f5es comportamentais. Solicitar uma demonstra\u00e7\u00e3o Entrar Constru\u00edda sobre uma base de arquitetura REST segura e de alto desempenho, nossa API permite que seus sistemas&hellip;<\/p>\n","protected":false},"author":12,"featured_media":0,"parent":0,"menu_order":0,"comment_status":"closed","ping_status":"closed","template":"","meta":{"content-type":"","cpa_authors":[],"cpa_override_default":false,"footnotes":""},"class_list":["post-7674","page","type-page","status-publish","hentry","no-post-thumbnail"],"yoast_head":"<!-- This site is optimized with the Yoast SEO Premium plugin  - https:\/\/yoast.com\/product\/yoast-seo-premium-wordpress\/ -->\n<title>ISI API da EPFR  | Acesso incompar\u00e1vel a fluxos e aloca\u00e7\u00f5es de fundos globais<\/title>\n<meta name=\"description\" content=\"A API EPFR oferece acesso incompar\u00e1vel a fluxos e aloca\u00e7\u00f5es de fundos globais, proporcionando vis\u00e3o clara do sentimento de investidores e gestores de fundos que revelam tend\u00eancias de mercado, pontos de inflex\u00e3o e padr\u00f5es comportamentais.\" \/>\n<meta name=\"robots\" content=\"index, follow, max-snippet:-1, max-image-preview:large, max-video-preview:-1\" \/>\n<link rel=\"canonical\" href=\"https:\/\/isimarkets.com\/pt-br\/api-da-epfr\/\" \/>\n<meta property=\"og:locale\" content=\"pt_BR\" \/>\n<meta property=\"og:type\" content=\"article\" \/>\n<meta property=\"og:title\" content=\"API da EPFR\" \/>\n<meta property=\"og:description\" content=\"A API EPFR oferece acesso incompar\u00e1vel a fluxos e aloca\u00e7\u00f5es de fundos globais, proporcionando vis\u00e3o clara do sentimento de investidores e gestores de fundos que revelam tend\u00eancias de mercado, pontos de inflex\u00e3o e padr\u00f5es comportamentais.\" \/>\n<meta property=\"og:url\" content=\"https:\/\/isimarkets.com\/pt-br\/api-da-epfr\/\" \/>\n<meta property=\"og:site_name\" content=\"ISI\" \/>\n<meta property=\"article:modified_time\" content=\"2026-04-30T15:19:02+00:00\" \/>\n<meta name=\"twitter:card\" content=\"summary_large_image\" \/>\n<meta name=\"twitter:label1\" content=\"Est. tempo de leitura\" \/>\n\t<meta name=\"twitter:data1\" content=\"1 minuto\" \/>\n<script type=\"application\/ld+json\" class=\"yoast-schema-graph\">{\"@context\":\"https:\\\/\\\/schema.org\",\"@graph\":[{\"@type\":\"WebPage\",\"@id\":\"https:\\\/\\\/isimarkets.com\\\/pt-br\\\/api-da-epfr\\\/\",\"url\":\"https:\\\/\\\/isimarkets.com\\\/pt-br\\\/api-da-epfr\\\/\",\"name\":\"ISI API da EPFR | Acesso incompar\u00e1vel a fluxos e aloca\u00e7\u00f5es de fundos globais\",\"isPartOf\":{\"@id\":\"https:\\\/\\\/isimarkets.com\\\/pt-br\\\/#website\"},\"datePublished\":\"2026-04-22T12:09:42+00:00\",\"dateModified\":\"2026-04-30T15:19:02+00:00\",\"description\":\"A API EPFR oferece acesso incompar\u00e1vel a fluxos e aloca\u00e7\u00f5es de fundos globais, proporcionando vis\u00e3o clara do sentimento de investidores e gestores de fundos que revelam tend\u00eancias de mercado, pontos de inflex\u00e3o e padr\u00f5es comportamentais.\",\"breadcrumb\":{\"@id\":\"https:\\\/\\\/isimarkets.com\\\/pt-br\\\/api-da-epfr\\\/#breadcrumb\"},\"inLanguage\":\"pt-BR\",\"potentialAction\":[{\"@type\":\"ReadAction\",\"target\":[\"https:\\\/\\\/isimarkets.com\\\/pt-br\\\/api-da-epfr\\\/\"]}]},{\"@type\":\"BreadcrumbList\",\"@id\":\"https:\\\/\\\/isimarkets.com\\\/pt-br\\\/api-da-epfr\\\/#breadcrumb\",\"itemListElement\":[{\"@type\":\"ListItem\",\"position\":1,\"name\":\"Home\",\"item\":\"https:\\\/\\\/isimarkets.com\\\/pt-br\\\/lar-pt-br\\\/\"},{\"@type\":\"ListItem\",\"position\":2,\"name\":\"API da EPFR\"}]},{\"@type\":\"WebSite\",\"@id\":\"https:\\\/\\\/isimarkets.com\\\/pt-br\\\/#website\",\"url\":\"https:\\\/\\\/isimarkets.com\\\/pt-br\\\/\",\"name\":\"ISI\",\"description\":\"Global Market Intelligence Platform\",\"publisher\":{\"@id\":\"https:\\\/\\\/isimarkets.com\\\/pt-br\\\/#organization\"},\"potentialAction\":[{\"@type\":\"SearchAction\",\"target\":{\"@type\":\"EntryPoint\",\"urlTemplate\":\"https:\\\/\\\/isimarkets.com\\\/pt-br\\\/?s={search_term_string}\"},\"query-input\":{\"@type\":\"PropertyValueSpecification\",\"valueRequired\":true,\"valueName\":\"search_term_string\"}}],\"inLanguage\":\"pt-BR\"},{\"@type\":\"Organization\",\"@id\":\"https:\\\/\\\/isimarkets.com\\\/pt-br\\\/#organization\",\"name\":\"ISI\",\"url\":\"https:\\\/\\\/isimarkets.com\\\/pt-br\\\/\",\"logo\":{\"@type\":\"ImageObject\",\"inLanguage\":\"pt-BR\",\"@id\":\"https:\\\/\\\/isimarkets.com\\\/pt-br\\\/#\\\/schema\\\/logo\\\/image\\\/\",\"url\":\"https:\\\/\\\/isimarkets.com\\\/wp-content\\\/uploads\\\/2026\\\/03\\\/ISI-Favicon-Logo-512px.webp\",\"contentUrl\":\"https:\\\/\\\/isimarkets.com\\\/wp-content\\\/uploads\\\/2026\\\/03\\\/ISI-Favicon-Logo-512px.webp\",\"width\":512,\"height\":512,\"caption\":\"ISI\"},\"image\":{\"@id\":\"https:\\\/\\\/isimarkets.com\\\/pt-br\\\/#\\\/schema\\\/logo\\\/image\\\/\"},\"sameAs\":[\"https:\\\/\\\/www.linkedin.com\\\/company\\\/isi-markets\\\/?viewAsMember=true\"]}]}<\/script>\n<!-- \/ Yoast SEO Premium plugin. -->","yoast_head_json":{"title":"ISI API da EPFR  | Acesso incompar\u00e1vel a fluxos e aloca\u00e7\u00f5es de fundos globais","description":"A API EPFR oferece acesso incompar\u00e1vel a fluxos e aloca\u00e7\u00f5es de fundos globais, proporcionando vis\u00e3o clara do sentimento de investidores e gestores de fundos que revelam tend\u00eancias de mercado, pontos de inflex\u00e3o e padr\u00f5es comportamentais.","robots":{"index":"index","follow":"follow","max-snippet":"max-snippet:-1","max-image-preview":"max-image-preview:large","max-video-preview":"max-video-preview:-1"},"canonical":"https:\/\/isimarkets.com\/pt-br\/api-da-epfr\/","og_locale":"pt_BR","og_type":"article","og_title":"API da EPFR","og_description":"A API EPFR oferece acesso incompar\u00e1vel a fluxos e aloca\u00e7\u00f5es de fundos globais, proporcionando vis\u00e3o clara do sentimento de investidores e gestores de fundos que revelam tend\u00eancias de mercado, pontos de inflex\u00e3o e padr\u00f5es comportamentais.","og_url":"https:\/\/isimarkets.com\/pt-br\/api-da-epfr\/","og_site_name":"ISI","article_modified_time":"2026-04-30T15:19:02+00:00","twitter_card":"summary_large_image","twitter_misc":{"Est. tempo de leitura":"1 minuto"},"schema":{"@context":"https:\/\/schema.org","@graph":[{"@type":"WebPage","@id":"https:\/\/isimarkets.com\/pt-br\/api-da-epfr\/","url":"https:\/\/isimarkets.com\/pt-br\/api-da-epfr\/","name":"ISI API da EPFR | Acesso incompar\u00e1vel a fluxos e aloca\u00e7\u00f5es de fundos globais","isPartOf":{"@id":"https:\/\/isimarkets.com\/pt-br\/#website"},"datePublished":"2026-04-22T12:09:42+00:00","dateModified":"2026-04-30T15:19:02+00:00","description":"A API EPFR oferece acesso incompar\u00e1vel a fluxos e aloca\u00e7\u00f5es de fundos globais, proporcionando vis\u00e3o clara do sentimento de investidores e gestores de fundos que revelam tend\u00eancias de mercado, pontos de inflex\u00e3o e padr\u00f5es comportamentais.","breadcrumb":{"@id":"https:\/\/isimarkets.com\/pt-br\/api-da-epfr\/#breadcrumb"},"inLanguage":"pt-BR","potentialAction":[{"@type":"ReadAction","target":["https:\/\/isimarkets.com\/pt-br\/api-da-epfr\/"]}]},{"@type":"BreadcrumbList","@id":"https:\/\/isimarkets.com\/pt-br\/api-da-epfr\/#breadcrumb","itemListElement":[{"@type":"ListItem","position":1,"name":"Home","item":"https:\/\/isimarkets.com\/pt-br\/lar-pt-br\/"},{"@type":"ListItem","position":2,"name":"API da EPFR"}]},{"@type":"WebSite","@id":"https:\/\/isimarkets.com\/pt-br\/#website","url":"https:\/\/isimarkets.com\/pt-br\/","name":"ISI","description":"Global Market Intelligence Platform","publisher":{"@id":"https:\/\/isimarkets.com\/pt-br\/#organization"},"potentialAction":[{"@type":"SearchAction","target":{"@type":"EntryPoint","urlTemplate":"https:\/\/isimarkets.com\/pt-br\/?s={search_term_string}"},"query-input":{"@type":"PropertyValueSpecification","valueRequired":true,"valueName":"search_term_string"}}],"inLanguage":"pt-BR"},{"@type":"Organization","@id":"https:\/\/isimarkets.com\/pt-br\/#organization","name":"ISI","url":"https:\/\/isimarkets.com\/pt-br\/","logo":{"@type":"ImageObject","inLanguage":"pt-BR","@id":"https:\/\/isimarkets.com\/pt-br\/#\/schema\/logo\/image\/","url":"https:\/\/isimarkets.com\/wp-content\/uploads\/2026\/03\/ISI-Favicon-Logo-512px.webp","contentUrl":"https:\/\/isimarkets.com\/wp-content\/uploads\/2026\/03\/ISI-Favicon-Logo-512px.webp","width":512,"height":512,"caption":"ISI"},"image":{"@id":"https:\/\/isimarkets.com\/pt-br\/#\/schema\/logo\/image\/"},"sameAs":["https:\/\/www.linkedin.com\/company\/isi-markets\/?viewAsMember=true"]}]}},"_links":{"self":[{"href":"https:\/\/isimarkets.com\/pt-br\/wp-json\/wp\/v2\/pages\/7674","targetHints":{"allow":["GET"]}}],"collection":[{"href":"https:\/\/isimarkets.com\/pt-br\/wp-json\/wp\/v2\/pages"}],"about":[{"href":"https:\/\/isimarkets.com\/pt-br\/wp-json\/wp\/v2\/types\/page"}],"author":[{"embeddable":true,"href":"https:\/\/isimarkets.com\/pt-br\/wp-json\/wp\/v2\/users\/12"}],"replies":[{"embeddable":true,"href":"https:\/\/isimarkets.com\/pt-br\/wp-json\/wp\/v2\/comments?post=7674"}],"version-history":[{"count":3,"href":"https:\/\/isimarkets.com\/pt-br\/wp-json\/wp\/v2\/pages\/7674\/revisions"}],"predecessor-version":[{"id":7688,"href":"https:\/\/isimarkets.com\/pt-br\/wp-json\/wp\/v2\/pages\/7674\/revisions\/7688"}],"wp:attachment":[{"href":"https:\/\/isimarkets.com\/pt-br\/wp-json\/wp\/v2\/media?parent=7674"}],"curies":[{"name":"wp","href":"https:\/\/api.w.org\/{rel}","templated":true}]}}